{"id":7721,"date":"2021-12-17T17:52:52","date_gmt":"2021-12-17T17:52:52","guid":{"rendered":"https:\/\/advancetapes.com\/?post_type=product&#038;p=7721"},"modified":"2022-02-17T14:28:50","modified_gmt":"2022-02-17T14:28:50","slug":"at324-ruban-double-face-pvc-adhesion-differentielle-copy","status":"publish","type":"product","link":"https:\/\/advancetapes.com\/fr\/products\/at324-ruban-double-face-pvc-adhesion-differentielle-copy\/","title":{"rendered":"AT326 Ruban Adh\u00e9sif Pour Rev\u00eatement de Sol Double Face"},"content":{"rendered":"<div  class='tabcontainer av-kjftr0sh-5cbeaf8b0626cf654d5dd98b301fff40 top_tab  avia-builder-el-0  avia-builder-el-no-sibling '>\n<section class='av_tab_section av_tab_section av-124g47-af3eafc8c8a203ab355d4579b5085215'  itemscope=\"itemscope\" itemtype=\"https:\/\/schema.org\/CreativeWork\" ><div id='tab-id-1-tab' class='tab active_tab' role='tab' aria-selected=\"true\" tabindex=\"0\" data-fake-id='#tab-id-1' aria-controls='tab-id-1-content'  itemprop=\"headline\" >Fonctionnalit\u00e9s<\/div><div id='tab-id-1-content' class='tab_content active_tab_content' role='tabpanel' aria-labelledby='tab-id-1-tab' aria-hidden=\"false\"><div class='tab_inner_content invers-color'  itemprop=\"text\" ><ul>\n<li>D\u00e9collement sans r\u00e9sidu de la plupart des surfaces<\/li>\n<li>Plus grande adh\u00e9sion sur la face prot\u00e9g\u00e9e<\/li>\n<li>R\u00e9sistant aux U.V.<\/li>\n<\/ul>\n<\/div><\/div><\/section>\n<section class='av_tab_section av_tab_section av-xmqcv-cedc20fa422fc5298cc8d64afcead575'  itemscope=\"itemscope\" itemtype=\"https:\/\/schema.org\/CreativeWork\" ><div id='tab-id-2-tab' class='tab' role='tab' aria-selected=\"false\" tabindex=\"0\" data-fake-id='#tab-id-2' aria-controls='tab-id-2-content'  itemprop=\"headline\" >Applications<\/div><div id='tab-id-2-content' class='tab_content' role='tabpanel' aria-labelledby='tab-id-2-tab' aria-hidden=\"true\"><div class='tab_inner_content invers-color'  itemprop=\"text\" ><p>Fixation de tapis \u00e0 court terme pour les expositions &#8211; la face d&#8217;adh\u00e9rence inf\u00e9rieure (c\u00f4t\u00e9 non fix\u00e9) au sol permet un enl\u00e8vement facile sans endommager la surface du sol<\/p>\n<\/div><\/div><\/section>\n<section class='av_tab_section av_tab_section av-okopb-d669ceccfed33cbd1128d32cddf77a07'  itemscope=\"itemscope\" itemtype=\"https:\/\/schema.org\/CreativeWork\" ><div id='tab-id-3-tab' class='tab' role='tab' aria-selected=\"false\" tabindex=\"0\" data-fake-id='#tab-id-3' aria-controls='tab-id-3-content'  itemprop=\"headline\" >Technical<\/div><div id='tab-id-3-content' class='tab_content' role='tabpanel' aria-labelledby='tab-id-3-tab' aria-hidden=\"true\"><div class='tab_inner_content invers-color'  itemprop=\"text\" ><div class=\"col-xs-24 col-sm-12\">\n<table cellspacing=\"0\" cellpadding=\"0\">\n<tbody>\n<tr>\n<td><strong>Type de Produit<\/strong><\/td>\n<td>Double Face<\/td>\n<\/tr>\n<tr>\n<td><strong>Type d&#8217;Adh\u00e9sif<\/strong><\/td>\n<td>Masse adh\u00e9sive \u00e0 \u00e9mulsion acrylique<\/td>\n<\/tr>\n<tr>\n<td><strong>\u00c9paisseur<\/strong><\/td>\n<td>0.15 mm<\/td>\n<\/tr>\n<tr>\n<td><strong>R\u00e9sistance \u00e0 la rupture<\/strong><\/td>\n<td>23 N\/cm<\/td>\n<\/tr>\n<tr>\n<td><strong>Allongement<\/strong><\/td>\n<td>160%<\/td>\n<\/tr>\n<tr>\n<td><strong>Adh\u00e9sion sur acier : sur endroit<\/strong><\/td>\n<td>6.0 N\/cm<\/td>\n<\/tr>\n<tr>\n<td><strong>Adh\u00e9sion sur acier : sur envers<\/strong><\/td>\n<td>2.0 N\/cm<\/td>\n<\/tr>\n<tr>\n<td><strong>Tenue en temp\u00e9rature<\/strong><\/td>\n<td>-5\u00b0C \u00e0 +60\u00b0C<\/td>\n<\/tr>\n<tr>\n<td><strong>Conformit\u00e9 RoHS<\/strong><\/td>\n<td>Oui<\/td>\n<\/tr>\n<tr>\n<td><strong>Specification<\/strong><\/td>\n<td>Approuv\u00e9 par le National Exhibition Centre (N.E.C. BIRMINGHAM, Angleterre)<\/td>\n<\/tr>\n<\/tbody>\n<\/table>\n<\/div>\n<\/div><\/div><\/section>\n<section class='av_tab_section av_tab_section av-piqt-c78631c4603ff59fef417d06594d5e20'  itemscope=\"itemscope\" itemtype=\"https:\/\/schema.org\/CreativeWork\" ><div id='tab-id-4-tab' class='tab' role='tab' aria-selected=\"false\" tabindex=\"0\" data-fake-id='#tab-id-4' aria-controls='tab-id-4-content'  itemprop=\"headline\" >Colours<\/div><div id='tab-id-4-content' class='tab_content' role='tabpanel' aria-labelledby='tab-id-4-tab' aria-hidden=\"true\"><div class='tab_inner_content invers-color'  itemprop=\"text\" ><\/div><\/div><\/section>\n<\/div>\n","protected":false},"excerpt":{"rendered":"<p>AT326 est un film vert en poly\u00e9thyl\u00e8ne LDPE avec la face rev\u00eatue d&#8217;un adh\u00e9sif permanent en r\u00e9sine de caoutchouc synth\u00e9tique sans solvant et la face non rev\u00eatue d&#8217;un adh\u00e9sif acrylique amovible, intercal\u00e9 avec une doublure anti-adh\u00e9sive en papier silicon\u00e9. Tandis que le ruban offre une excellente adh\u00e9rence initiale \u00e9lev\u00e9e qui permet de tr\u00e8s bien maintenir ensemble deux mat\u00e9riaux sous contrainte.<\/p>\n<p>&nbsp;<\/p>\n<p>Le ruban s&#8217;adapte aux surfaces irr\u00e9guli\u00e8res, ce qui minimise le temps d&#8217;assemblage. Pas de frottement pendant la dur\u00e9e et si n\u00e9cessaire, facile \u00e0 enlever.<\/p>\n","protected":false},"featured_media":7726,"template":"","meta":{"_acf_changed":false},"product_brand":[],"product_cat":[373,338],"product_tag":[329,330,331],"class_list":{"0":"post-7721","1":"product","2":"type-product","3":"status-publish","4":"has-post-thumbnail","6":"product_cat-entertainment-fr","7":"product_cat-heavy-duty-double-sided-sticky-tape","8":"product_tag-building-fr","9":"product_tag-entertainment-fr","10":"product_tag-industrial-consumables-fr","12":"first","13":"instock","14":"shipping-taxable","15":"product-type-simple"},"acf":[],"yoast_head":"<!-- This site is optimized with the Yoast SEO plugin v27.4 - https:\/\/yoast.com\/product\/yoast-seo-wordpress\/ -->\n<title>AT326 Ruban Adh\u00e9sif Pour Rev\u00eatement de Sol Double Face - Advance Tapes<\/title>\n<meta name=\"robots\" content=\"index, follow, max-snippet:-1, max-image-preview:large, max-video-preview:-1\" \/>\n<link rel=\"canonical\" href=\"https:\/\/advancetapes.com\/fr\/products\/at324-ruban-double-face-pvc-adhesion-differentielle-copy\/\" \/>\n<meta property=\"og:locale\" content=\"fr_FR\" \/>\n<meta property=\"og:type\" content=\"article\" \/>\n<meta property=\"og:title\" content=\"AT326 Ruban Adh\u00e9sif Pour Rev\u00eatement de Sol Double Face - Advance Tapes\" \/>\n<meta property=\"og:description\" content=\"AT326 est un film vert en poly\u00e9thyl\u00e8ne LDPE avec la face rev\u00eatue d&#039;un adh\u00e9sif permanent en r\u00e9sine de caoutchouc synth\u00e9tique sans solvant et la face non rev\u00eatue d&#039;un adh\u00e9sif acrylique amovible, intercal\u00e9 avec une doublure anti-adh\u00e9sive en papier silicon\u00e9. Tandis que le ruban offre une excellente adh\u00e9rence initiale \u00e9lev\u00e9e qui permet de tr\u00e8s bien maintenir ensemble deux mat\u00e9riaux sous contrainte.  &nbsp;  Le ruban s&#039;adapte aux surfaces irr\u00e9guli\u00e8res, ce qui minimise le temps d&#039;assemblage. Pas de frottement pendant la dur\u00e9e et si n\u00e9cessaire, facile \u00e0 enlever.\" \/>\n<meta property=\"og:url\" content=\"https:\/\/advancetapes.com\/fr\/products\/at324-ruban-double-face-pvc-adhesion-differentielle-copy\/\" \/>\n<meta property=\"og:site_name\" content=\"Advance Tapes\" \/>\n<meta property=\"article:modified_time\" content=\"2022-02-17T14:28:50+00:00\" \/>\n<meta property=\"og:image\" content=\"https:\/\/advancetapes.com\/wp-content\/uploads\/2021\/12\/AT326.png\" \/>\n\t<meta property=\"og:image:width\" content=\"500\" \/>\n\t<meta property=\"og:image:height\" content=\"500\" \/>\n\t<meta property=\"og:image:type\" content=\"image\/png\" \/>\n<meta name=\"twitter:card\" content=\"summary_large_image\" \/>\n<meta name=\"twitter:label1\" content=\"Est. reading time\" \/>\n\t<meta name=\"twitter:data1\" content=\"1 minute\" \/>\n<!-- \/ Yoast SEO plugin. -->","yoast_head_json":{"title":"AT326 Ruban Adh\u00e9sif Pour Rev\u00eatement de Sol Double Face - Advance Tapes","robots":{"index":"index","follow":"follow","max-snippet":"max-snippet:-1","max-image-preview":"max-image-preview:large","max-video-preview":"max-video-preview:-1"},"canonical":"https:\/\/advancetapes.com\/fr\/products\/at324-ruban-double-face-pvc-adhesion-differentielle-copy\/","og_locale":"fr_FR","og_type":"article","og_title":"AT326 Ruban Adh\u00e9sif Pour Rev\u00eatement de Sol Double Face - Advance Tapes","og_description":"AT326 est un film vert en poly\u00e9thyl\u00e8ne LDPE avec la face rev\u00eatue d'un adh\u00e9sif permanent en r\u00e9sine de caoutchouc synth\u00e9tique sans solvant et la face non rev\u00eatue d'un adh\u00e9sif acrylique amovible, intercal\u00e9 avec une doublure anti-adh\u00e9sive en papier silicon\u00e9. Tandis que le ruban offre une excellente adh\u00e9rence initiale \u00e9lev\u00e9e qui permet de tr\u00e8s bien maintenir ensemble deux mat\u00e9riaux sous contrainte.  &nbsp;  Le ruban s'adapte aux surfaces irr\u00e9guli\u00e8res, ce qui minimise le temps d'assemblage. Pas de frottement pendant la dur\u00e9e et si n\u00e9cessaire, facile \u00e0 enlever.","og_url":"https:\/\/advancetapes.com\/fr\/products\/at324-ruban-double-face-pvc-adhesion-differentielle-copy\/","og_site_name":"Advance Tapes","article_modified_time":"2022-02-17T14:28:50+00:00","og_image":[{"width":500,"height":500,"url":"https:\/\/advancetapes.com\/wp-content\/uploads\/2021\/12\/AT326.png","type":"image\/png"}],"twitter_card":"summary_large_image","twitter_misc":{"Est. reading time":"1 minute"},"schema":{"@context":"https:\/\/schema.org","@graph":[{"@type":"WebPage","@id":"https:\/\/advancetapes.com\/fr\/products\/at324-ruban-double-face-pvc-adhesion-differentielle-copy\/","url":"https:\/\/advancetapes.com\/fr\/products\/at324-ruban-double-face-pvc-adhesion-differentielle-copy\/","name":"AT326 Ruban Adh\u00e9sif Pour Rev\u00eatement de Sol Double Face - Advance Tapes","isPartOf":{"@id":"https:\/\/advancetapes.com\/fr\/#website"},"primaryImageOfPage":{"@id":"https:\/\/advancetapes.com\/fr\/products\/at324-ruban-double-face-pvc-adhesion-differentielle-copy\/#primaryimage"},"image":{"@id":"https:\/\/advancetapes.com\/fr\/products\/at324-ruban-double-face-pvc-adhesion-differentielle-copy\/#primaryimage"},"thumbnailUrl":"https:\/\/advancetapes.com\/wp-content\/uploads\/2021\/12\/AT326.png","datePublished":"2021-12-17T17:52:52+00:00","dateModified":"2022-02-17T14:28:50+00:00","breadcrumb":{"@id":"https:\/\/advancetapes.com\/fr\/products\/at324-ruban-double-face-pvc-adhesion-differentielle-copy\/#breadcrumb"},"inLanguage":"fr-FR","potentialAction":[{"@type":"ReadAction","target":["https:\/\/advancetapes.com\/fr\/products\/at324-ruban-double-face-pvc-adhesion-differentielle-copy\/"]}]},{"@type":"ImageObject","inLanguage":"fr-FR","@id":"https:\/\/advancetapes.com\/fr\/products\/at324-ruban-double-face-pvc-adhesion-differentielle-copy\/#primaryimage","url":"https:\/\/advancetapes.com\/wp-content\/uploads\/2021\/12\/AT326.png","contentUrl":"https:\/\/advancetapes.com\/wp-content\/uploads\/2021\/12\/AT326.png","width":500,"height":500},{"@type":"BreadcrumbList","@id":"https:\/\/advancetapes.com\/fr\/products\/at324-ruban-double-face-pvc-adhesion-differentielle-copy\/#breadcrumb","itemListElement":[{"@type":"ListItem","position":1,"name":"Home","item":"https:\/\/advancetapes.com\/fr\/"},{"@type":"ListItem","position":2,"name":"Products","item":"https:\/\/advancetapes.com\/fr\/products\/"},{"@type":"ListItem","position":3,"name":"AT326 Ruban Adh\u00e9sif Pour Rev\u00eatement de Sol Double Face"}]},{"@type":"WebSite","@id":"https:\/\/advancetapes.com\/fr\/#website","url":"https:\/\/advancetapes.com\/fr\/","name":"Advance Tapes","description":"Adding more to adhesive tape","potentialAction":[{"@type":"SearchAction","target":{"@type":"EntryPoint","urlTemplate":"https:\/\/advancetapes.com\/fr\/?s={search_term_string}"},"query-input":{"@type":"PropertyValueSpecification","valueRequired":true,"valueName":"search_term_string"}}],"inLanguage":"fr-FR"}]}},"_links":{"self":[{"href":"https:\/\/advancetapes.com\/fr\/wp-json\/wp\/v2\/product\/7721","targetHints":{"allow":["GET"]}}],"collection":[{"href":"https:\/\/advancetapes.com\/fr\/wp-json\/wp\/v2\/product"}],"about":[{"href":"https:\/\/advancetapes.com\/fr\/wp-json\/wp\/v2\/types\/product"}],"wp:featuredmedia":[{"embeddable":true,"href":"https:\/\/advancetapes.com\/fr\/wp-json\/wp\/v2\/media\/7726"}],"wp:attachment":[{"href":"https:\/\/advancetapes.com\/fr\/wp-json\/wp\/v2\/media?parent=7721"}],"wp:term":[{"taxonomy":"product_brand","embeddable":true,"href":"https:\/\/advancetapes.com\/fr\/wp-json\/wp\/v2\/product_brand?post=7721"},{"taxonomy":"product_cat","embeddable":true,"href":"https:\/\/advancetapes.com\/fr\/wp-json\/wp\/v2\/product_cat?post=7721"},{"taxonomy":"product_tag","embeddable":true,"href":"https:\/\/advancetapes.com\/fr\/wp-json\/wp\/v2\/product_tag?post=7721"}],"curies":[{"name":"wp","href":"https:\/\/api.w.org\/{rel}","templated":true}]}}