{"id":6310,"date":"2021-04-12T07:55:41","date_gmt":"2021-04-12T07:55:41","guid":{"rendered":"https:\/\/advancetapes.com\/products\/at215-advance-gaffa-fluorescent-cloth-tape-with-uv-glow\/"},"modified":"2025-09-25T10:35:57","modified_gmt":"2025-09-25T10:35:57","slug":"ruban-toile-fluorescent","status":"publish","type":"product","link":"https:\/\/advancetapes.com\/fr\/products\/ruban-toile-fluorescent\/","title":{"rendered":"AT0215 Advance Gaffa\u00ae Ruban Toile Fluorescent"},"content":{"rendered":"<div  class='tabcontainer av-kjftr0sh-5cbeaf8b0626cf654d5dd98b301fff40 top_tab  avia-builder-el-0  avia-builder-el-no-sibling '>\n<section class='av_tab_section av_tab_section av-b3760q-41c73ef3335fee08a17f2d668408136f'  itemscope=\"itemscope\" itemtype=\"https:\/\/schema.org\/CreativeWork\" ><div id='tab-id-1-tab' class='tab active_tab' role='tab' aria-selected=\"true\" tabindex=\"0\" data-fake-id='#tab-id-1' aria-controls='tab-id-1-content'  itemprop=\"headline\" >Fonctionnalit\u00e9s<\/div><div id='tab-id-1-content' class='tab_content active_tab_content' role='tabpanel' aria-labelledby='tab-id-1-tab' aria-hidden=\"false\"><div class='tab_inner_content invers-color'  itemprop=\"text\" ><ul>\n<li>Haute visibilit\u00e9 et r\u00e9sistant aux UV<\/li>\n<li>Finition mate<\/li>\n<li>Sans transfert de colle<\/li>\n<li>Facile \u00e0 d\u00e9rouler et \u00e0 d\u00e9couper<\/li>\n<li>Ecriture possible<\/li>\n<li>Imperm\u00e9able in situ<\/li>\n<li>Bonne r\u00e9sistance \u00e0 l\u2019abrasion<\/li>\n<li>Conformable<\/li>\n<\/ul>\n<\/div><\/div><\/section>\n<section class='av_tab_section av_tab_section av-8v881m-734105cd66f3cfda05f36d6126dc1b77'  itemscope=\"itemscope\" itemtype=\"https:\/\/schema.org\/CreativeWork\" ><div id='tab-id-2-tab' class='tab' role='tab' aria-selected=\"false\" tabindex=\"0\" data-fake-id='#tab-id-2' aria-controls='tab-id-2-content'  itemprop=\"headline\" >Applications<\/div><div id='tab-id-2-content' class='tab_content' role='tabpanel' aria-labelledby='tab-id-2-tab' aria-hidden=\"true\"><div class='tab_inner_content invers-color'  itemprop=\"text\" ><ul>\n<li>Codage couleur sur sc\u00e8ne ou dans les coulisses<\/li>\n<li>Enroulement des c\u00e2bles l\u00e0 o\u00f9 un adh\u00e9sif sans danger pour les c\u00e2bles est requis<\/li>\n<li>Marquage et \u00e9tiquetage des \u00e9quipements tels que l&#8217;\u00e9clairage ou les tables de mixage<\/li>\n<li>Marquage au sol de sc\u00e8ne<\/li>\n<li>Marquage des zones dangereuses telles que l&#8217;acc\u00e8s ou la sortie et identification de l&#8217;itin\u00e9raire<\/li>\n<\/ul>\n<\/div><\/div><\/section>\n<section class='av_tab_section av_tab_section av-6yty2i-765b1636e57bbfff35e1db55c297bb0a'  itemscope=\"itemscope\" itemtype=\"https:\/\/schema.org\/CreativeWork\" ><div id='tab-id-3-tab' class='tab' role='tab' aria-selected=\"false\" tabindex=\"0\" data-fake-id='#tab-id-3' aria-controls='tab-id-3-content'  itemprop=\"headline\" >Technique<\/div><div id='tab-id-3-content' class='tab_content' role='tabpanel' aria-labelledby='tab-id-3-tab' aria-hidden=\"true\"><div class='tab_inner_content invers-color'  itemprop=\"text\" ><table cellspacing=\"0\" cellpadding=\"0\">\n<tbody>\n<tr>\n<td><strong>Product Type<\/strong><\/td>\n<td>Toile<\/td>\n<\/tr>\n<tr>\n<td><strong>Adhesive Type<\/strong><\/td>\n<td>Masse adh\u00e9sive en r\u00e9sine de caoutchouc<\/td>\n<\/tr>\n<tr>\n<td><strong>Thickness<\/strong><\/td>\n<td>0.3mm<\/td>\n<\/tr>\n<tr>\n<td><strong>Breaking Load<\/strong><\/td>\n<td>55 N\/cm<\/td>\n<\/tr>\n<tr>\n<td><strong>Elongation<\/strong><\/td>\n<td>20%<\/td>\n<\/tr>\n<tr>\n<td><strong>Adhesion to Steel<\/strong><\/td>\n<td>3.1 N\/cm<\/td>\n<\/tr>\n<tr>\n<td><\/td>\n<td><\/td>\n<\/tr>\n<tr>\n<td><strong>Service Temperature<\/strong><\/td>\n<td>-5\u00b0C \u00e0 +80\u00b0C<\/td>\n<\/tr>\n<tr>\n<td><\/td>\n<td><\/td>\n<\/tr>\n<tr>\n<td><strong>RoHS Compliant<\/strong><\/td>\n<td>Oui<\/td>\n<\/tr>\n<\/tbody>\n<\/table>\n<\/div><\/div><\/section>\n<section class='av_tab_section av_tab_section av-piqt-2ba06a586d6100d2b0a3c72b13ae9d24'  itemscope=\"itemscope\" itemtype=\"https:\/\/schema.org\/CreativeWork\" ><div id='tab-id-4-tab' class='tab' role='tab' aria-selected=\"false\" tabindex=\"0\" data-fake-id='#tab-id-4' aria-controls='tab-id-4-content'  itemprop=\"headline\" >Couleurs<\/div><div id='tab-id-4-content' class='tab_content' role='tabpanel' aria-labelledby='tab-id-4-tab' aria-hidden=\"true\"><div class='tab_inner_content invers-color'  itemprop=\"text\" ><p><span id=\"uxm_tab_pro_color\" class=\"uxm_tab_pro_color\"><\/span><span id=\"uxm_tab_pro_color_2\" class=\"uxm_tab_pro_color\"><\/span><span id=\"uxm_tab_pro_color_3\" class=\"uxm_tab_pro_color\"><\/span><span id=\"uxm_tab_pro_color_4\" class=\"uxm_tab_pro_color\"><\/span><span id=\"uxm_tab_pro_color_5\" class=\"uxm_tab_pro_color\"><\/span><span id=\"uxm_tab_pro_color_6\" class=\"uxm_tab_pro_color\"><\/span><span id=\"uxm_tab_pro_color_7\" class=\"uxm_tab_pro_color\"><\/span><\/p>\n<\/div><\/div><\/section>\n<\/div>\n","protected":false},"excerpt":{"rendered":"<p><strong>Outil essentiel pour chaque spectacle<\/strong><\/p>\n<p>&nbsp;<\/p>\n<p>AT215 est un tout nouvel ajout \u00e0 notre gamme embl\u00e9matique : Advance Gaffa\u00ae d\u00e9velopp\u00e9e pour les professionnels travaillant dans l&#8217;industrie du divertissement.<\/p>\n<p>Le ruban en tissu fluorescent AT215 Advance Gaffa\u00ae avec une r\u00e9sistance aux UV, est enduit d&#8217;un adh\u00e9sif en r\u00e9sine de caoutchouc sp\u00e9cialement formul\u00e9, sans danger pour les c\u00e2bles. Gr\u00e2ce \u00e0 cette formulation, le ruban offre d&#8217;excellentes propri\u00e9t\u00e9s notammment lorsque l&#8217;on retire le ruban une fois appliqu\u00e9. Il ne laisse aucun d\u00e9pot sur de nombreuses surfaces g\u00e9n\u00e9ralement utilis\u00e9es dans les divertissements tels que les c\u00e2bles, le bois verni, les sols de sc\u00e8ne ou les malettes .<\/p>\n<p>En raison de ses couleurs vives, le ruban offre une grande visibilit\u00e9 de jour comme de nuit et maintient la coh\u00e9rence des couleurs \u00e0 la fois dans la lumi\u00e8re naturelle et UV.<\/p>\n<p>Les utilisateurs finaux qui ont test\u00e9 AT215 ont soulign\u00e9 que contrairement aux autres bandes fluorescentes, il est tr\u00e8s facile de diff\u00e9rencier la couleur jaune et verte de la lumi\u00e8re UV, ce qui est crucial lors d&#8217;\u00e9v\u00e9nements en direct.<\/p>\n<p>De plus, nos tests ont montr\u00e9 que le ruban conserve sa couleur m\u00eame apr\u00e8s une longue exposition \u00e0 la lumi\u00e8re du soleil ou aux rayons ultraviolets.<\/p>\n<p>AT215 a une surface mate et inscriptible qui le rend appropri\u00e9 pour l&#8217;\u00e9tiquetage et le marquage. Il est \u00e9galement facile \u00e0 d\u00e9chirer et \u00e0 d\u00e9rouler &#8211; pas besoin de perdre de temps!<\/p>\n<p>Le ruban est r\u00e9sistant \u00e0 l&#8217;abrasion et \u00e0 l&#8217;eau, ce qui en fait un outil parfait pour chaque \u00e9v\u00e9nement ext\u00e9rieur.<\/p>\n","protected":false},"featured_media":6275,"template":"","meta":{"_acf_changed":false},"product_brand":[],"product_cat":[372,373,503],"product_tag":[336,330],"class_list":{"0":"post-6310","1":"product","2":"type-product","3":"status-publish","4":"has-post-thumbnail","6":"product_cat-building-fr","7":"product_cat-entertainment-fr","8":"product_cat-stock-disponsible","9":"product_tag-advance-gaffa-fr","10":"product_tag-entertainment-fr","12":"first","13":"instock","14":"shipping-taxable","15":"product-type-simple"},"acf":[],"yoast_head":"<!-- This site is optimized with the Yoast SEO plugin v27.3 - https:\/\/yoast.com\/product\/yoast-seo-wordpress\/ -->\n<title>AT0215 Advance Gaffa\u00ae Ruban Toile Fluorescent - Advance Tapes<\/title>\n<meta name=\"robots\" content=\"index, follow, max-snippet:-1, max-image-preview:large, max-video-preview:-1\" \/>\n<link rel=\"canonical\" href=\"https:\/\/advancetapes.com\/fr\/products\/ruban-toile-fluorescent\/\" \/>\n<meta property=\"og:locale\" content=\"fr_FR\" \/>\n<meta property=\"og:type\" content=\"article\" \/>\n<meta property=\"og:title\" content=\"AT0215 Advance Gaffa\u00ae Ruban Toile Fluorescent - Advance Tapes\" \/>\n<meta property=\"og:description\" content=\"Outil essentiel pour chaque spectacle  &nbsp;  AT215 est un tout nouvel ajout \u00e0 notre gamme embl\u00e9matique : Advance Gaffa\u00ae d\u00e9velopp\u00e9e pour les professionnels travaillant dans l&#039;industrie du divertissement.  Le ruban en tissu fluorescent AT215 Advance Gaffa\u00ae avec une r\u00e9sistance aux UV, est enduit d&#039;un adh\u00e9sif en r\u00e9sine de caoutchouc sp\u00e9cialement formul\u00e9, sans danger pour les c\u00e2bles. Gr\u00e2ce \u00e0 cette formulation, le ruban offre d&#039;excellentes propri\u00e9t\u00e9s notammment lorsque l&#039;on retire le ruban une fois appliqu\u00e9. Il ne laisse aucun d\u00e9pot sur de nombreuses surfaces g\u00e9n\u00e9ralement utilis\u00e9es dans les divertissements tels que les c\u00e2bles, le bois verni, les sols de sc\u00e8ne ou les malettes .  En raison de ses couleurs vives, le ruban offre une grande visibilit\u00e9 de jour comme de nuit et maintient la coh\u00e9rence des couleurs \u00e0 la fois dans la lumi\u00e8re naturelle et UV.  Les utilisateurs finaux qui ont test\u00e9 AT215 ont soulign\u00e9 que contrairement aux autres bandes fluorescentes, il est tr\u00e8s facile de diff\u00e9rencier la couleur jaune et verte de la lumi\u00e8re UV, ce qui est crucial lors d&#039;\u00e9v\u00e9nements en direct.  De plus, nos tests ont montr\u00e9 que le ruban conserve sa couleur m\u00eame apr\u00e8s une longue exposition \u00e0 la lumi\u00e8re du soleil ou aux rayons ultraviolets.  AT215 a une surface mate et inscriptible qui le rend appropri\u00e9 pour l&#039;\u00e9tiquetage et le marquage. Il est \u00e9galement facile \u00e0 d\u00e9chirer et \u00e0 d\u00e9rouler - pas besoin de perdre de temps!  Le ruban est r\u00e9sistant \u00e0 l&#039;abrasion et \u00e0 l&#039;eau, ce qui en fait un outil parfait pour chaque \u00e9v\u00e9nement ext\u00e9rieur.\" \/>\n<meta property=\"og:url\" content=\"https:\/\/advancetapes.com\/fr\/products\/ruban-toile-fluorescent\/\" \/>\n<meta property=\"og:site_name\" content=\"Advance Tapes\" \/>\n<meta property=\"article:modified_time\" content=\"2025-09-25T10:35:57+00:00\" \/>\n<meta property=\"og:image\" content=\"https:\/\/advancetapes.com\/wp-content\/uploads\/2021\/04\/All-tapes-with-labels.png\" \/>\n\t<meta property=\"og:image:width\" content=\"600\" \/>\n\t<meta property=\"og:image:height\" content=\"600\" \/>\n\t<meta property=\"og:image:type\" content=\"image\/png\" \/>\n<meta name=\"twitter:card\" content=\"summary_large_image\" \/>\n<meta name=\"twitter:label1\" content=\"Est. reading time\" \/>\n\t<meta name=\"twitter:data1\" content=\"1 minute\" \/>\n<!-- \/ Yoast SEO plugin. -->","yoast_head_json":{"title":"AT0215 Advance Gaffa\u00ae Ruban Toile Fluorescent - Advance Tapes","robots":{"index":"index","follow":"follow","max-snippet":"max-snippet:-1","max-image-preview":"max-image-preview:large","max-video-preview":"max-video-preview:-1"},"canonical":"https:\/\/advancetapes.com\/fr\/products\/ruban-toile-fluorescent\/","og_locale":"fr_FR","og_type":"article","og_title":"AT0215 Advance Gaffa\u00ae Ruban Toile Fluorescent - Advance Tapes","og_description":"Outil essentiel pour chaque spectacle  &nbsp;  AT215 est un tout nouvel ajout \u00e0 notre gamme embl\u00e9matique : Advance Gaffa\u00ae d\u00e9velopp\u00e9e pour les professionnels travaillant dans l'industrie du divertissement.  Le ruban en tissu fluorescent AT215 Advance Gaffa\u00ae avec une r\u00e9sistance aux UV, est enduit d'un adh\u00e9sif en r\u00e9sine de caoutchouc sp\u00e9cialement formul\u00e9, sans danger pour les c\u00e2bles. Gr\u00e2ce \u00e0 cette formulation, le ruban offre d'excellentes propri\u00e9t\u00e9s notammment lorsque l'on retire le ruban une fois appliqu\u00e9. Il ne laisse aucun d\u00e9pot sur de nombreuses surfaces g\u00e9n\u00e9ralement utilis\u00e9es dans les divertissements tels que les c\u00e2bles, le bois verni, les sols de sc\u00e8ne ou les malettes .  En raison de ses couleurs vives, le ruban offre une grande visibilit\u00e9 de jour comme de nuit et maintient la coh\u00e9rence des couleurs \u00e0 la fois dans la lumi\u00e8re naturelle et UV.  Les utilisateurs finaux qui ont test\u00e9 AT215 ont soulign\u00e9 que contrairement aux autres bandes fluorescentes, il est tr\u00e8s facile de diff\u00e9rencier la couleur jaune et verte de la lumi\u00e8re UV, ce qui est crucial lors d'\u00e9v\u00e9nements en direct.  De plus, nos tests ont montr\u00e9 que le ruban conserve sa couleur m\u00eame apr\u00e8s une longue exposition \u00e0 la lumi\u00e8re du soleil ou aux rayons ultraviolets.  AT215 a une surface mate et inscriptible qui le rend appropri\u00e9 pour l'\u00e9tiquetage et le marquage. Il est \u00e9galement facile \u00e0 d\u00e9chirer et \u00e0 d\u00e9rouler - pas besoin de perdre de temps!  Le ruban est r\u00e9sistant \u00e0 l'abrasion et \u00e0 l'eau, ce qui en fait un outil parfait pour chaque \u00e9v\u00e9nement ext\u00e9rieur.","og_url":"https:\/\/advancetapes.com\/fr\/products\/ruban-toile-fluorescent\/","og_site_name":"Advance Tapes","article_modified_time":"2025-09-25T10:35:57+00:00","og_image":[{"width":600,"height":600,"url":"https:\/\/advancetapes.com\/wp-content\/uploads\/2021\/04\/All-tapes-with-labels.png","type":"image\/png"}],"twitter_card":"summary_large_image","twitter_misc":{"Est. reading time":"1 minute"},"schema":{"@context":"https:\/\/schema.org","@graph":[{"@type":"WebPage","@id":"https:\/\/advancetapes.com\/fr\/products\/ruban-toile-fluorescent\/","url":"https:\/\/advancetapes.com\/fr\/products\/ruban-toile-fluorescent\/","name":"AT0215 Advance Gaffa\u00ae Ruban Toile Fluorescent - Advance Tapes","isPartOf":{"@id":"https:\/\/advancetapes.com\/fr\/#website"},"primaryImageOfPage":{"@id":"https:\/\/advancetapes.com\/fr\/products\/ruban-toile-fluorescent\/#primaryimage"},"image":{"@id":"https:\/\/advancetapes.com\/fr\/products\/ruban-toile-fluorescent\/#primaryimage"},"thumbnailUrl":"https:\/\/advancetapes.com\/wp-content\/uploads\/2021\/04\/All-tapes-with-labels.png","datePublished":"2021-04-12T07:55:41+00:00","dateModified":"2025-09-25T10:35:57+00:00","breadcrumb":{"@id":"https:\/\/advancetapes.com\/fr\/products\/ruban-toile-fluorescent\/#breadcrumb"},"inLanguage":"fr-FR","potentialAction":[{"@type":"ReadAction","target":["https:\/\/advancetapes.com\/fr\/products\/ruban-toile-fluorescent\/"]}]},{"@type":"ImageObject","inLanguage":"fr-FR","@id":"https:\/\/advancetapes.com\/fr\/products\/ruban-toile-fluorescent\/#primaryimage","url":"https:\/\/advancetapes.com\/wp-content\/uploads\/2021\/04\/All-tapes-with-labels.png","contentUrl":"https:\/\/advancetapes.com\/wp-content\/uploads\/2021\/04\/All-tapes-with-labels.png","width":600,"height":600,"caption":"fluorescent_cloth_tape"},{"@type":"BreadcrumbList","@id":"https:\/\/advancetapes.com\/fr\/products\/ruban-toile-fluorescent\/#breadcrumb","itemListElement":[{"@type":"ListItem","position":1,"name":"Home","item":"https:\/\/advancetapes.com\/fr\/"},{"@type":"ListItem","position":2,"name":"Products","item":"https:\/\/advancetapes.com\/fr\/products\/"},{"@type":"ListItem","position":3,"name":"AT0215 Advance Gaffa\u00ae Ruban Toile Fluorescent"}]},{"@type":"WebSite","@id":"https:\/\/advancetapes.com\/fr\/#website","url":"https:\/\/advancetapes.com\/fr\/","name":"Advance Tapes","description":"Adding more to adhesive tape","potentialAction":[{"@type":"SearchAction","target":{"@type":"EntryPoint","urlTemplate":"https:\/\/advancetapes.com\/fr\/?s={search_term_string}"},"query-input":{"@type":"PropertyValueSpecification","valueRequired":true,"valueName":"search_term_string"}}],"inLanguage":"fr-FR"}]}},"_links":{"self":[{"href":"https:\/\/advancetapes.com\/fr\/wp-json\/wp\/v2\/product\/6310","targetHints":{"allow":["GET"]}}],"collection":[{"href":"https:\/\/advancetapes.com\/fr\/wp-json\/wp\/v2\/product"}],"about":[{"href":"https:\/\/advancetapes.com\/fr\/wp-json\/wp\/v2\/types\/product"}],"wp:featuredmedia":[{"embeddable":true,"href":"https:\/\/advancetapes.com\/fr\/wp-json\/wp\/v2\/media\/6275"}],"wp:attachment":[{"href":"https:\/\/advancetapes.com\/fr\/wp-json\/wp\/v2\/media?parent=6310"}],"wp:term":[{"taxonomy":"product_brand","embeddable":true,"href":"https:\/\/advancetapes.com\/fr\/wp-json\/wp\/v2\/product_brand?post=6310"},{"taxonomy":"product_cat","embeddable":true,"href":"https:\/\/advancetapes.com\/fr\/wp-json\/wp\/v2\/product_cat?post=6310"},{"taxonomy":"product_tag","embeddable":true,"href":"https:\/\/advancetapes.com\/fr\/wp-json\/wp\/v2\/product_tag?post=6310"}],"curies":[{"name":"wp","href":"https:\/\/api.w.org\/{rel}","templated":true}]}}