{"id":5856,"date":"2021-01-03T18:45:27","date_gmt":"2021-01-03T18:45:27","guid":{"rendered":"https:\/\/advancetapes.com\/products\/at34-high-performance-pvc-electrical-insulation-tape\/"},"modified":"2021-01-29T21:57:43","modified_gmt":"2021-01-29T21:57:43","slug":"at34-high-performance-pvc-electrical-insulation-tape","status":"publish","type":"product","link":"https:\/\/advancetapes.com\/fr\/products\/at34-high-performance-pvc-electrical-insulation-tape\/","title":{"rendered":"AT34 High Performance PVC Electrical Insulation Tape"},"content":{"rendered":"<div  class='tabcontainer av-kjftr0sh-5cbeaf8b0626cf654d5dd98b301fff40 top_tab  avia-builder-el-0  avia-builder-el-no-sibling '>\n<section class='av_tab_section av_tab_section av-ag8h5w-34b46ce458e05b0e15016fd4ec0ff060'  itemscope=\"itemscope\" itemtype=\"https:\/\/schema.org\/CreativeWork\" ><div id='tab-id-1-tab' class='tab active_tab' role='tab' aria-selected=\"true\" tabindex=\"0\" data-fake-id='#tab-id-1' aria-controls='tab-id-1-content'  itemprop=\"headline\" >Fonctionnalit\u00e9s<\/div><div id='tab-id-1-content' class='tab_content active_tab_content' role='tabpanel' aria-labelledby='tab-id-1-tab' aria-hidden=\"false\"><div class='tab_inner_content invers-color'  itemprop=\"text\" ><ul>\n<li>Flame retardant<\/li>\n<li>Self-extinguishing<\/li>\n<li>Extreme Temperature Resistant<\/li>\n<li>Conformable<\/li>\n<li>Water and UV Resistant<\/li>\n<li>Abrasion Resistant<\/li>\n<\/ul>\n<\/div><\/div><\/section>\n<section class='av_tab_section av_tab_section av-8p13l0-34ed3445e10b298cb8ea95ef261ade3e'  itemscope=\"itemscope\" itemtype=\"https:\/\/schema.org\/CreativeWork\" ><div id='tab-id-2-tab' class='tab' role='tab' aria-selected=\"false\" tabindex=\"0\" data-fake-id='#tab-id-2' aria-controls='tab-id-2-content'  itemprop=\"headline\" >Applications<\/div><div id='tab-id-2-content' class='tab_content' role='tabpanel' aria-labelledby='tab-id-2-tab' aria-hidden=\"true\"><div class='tab_inner_content invers-color'  itemprop=\"text\" ><ul>\n<li>Pour l&#8217;isolation dans des conditions m\u00e9t\u00e9orologiques extr\u00eames et les climats froids ou chauds<\/li>\n<li>Travaux d&#8217;isolation dans les chambres frigorifiques<\/li>\n<li>Travaux d&#8217;isolation dans les espaces expos\u00e9s \u00e0 la chaleur<\/li>\n<\/ul>\n<\/div><\/div><\/section>\n<section class='av_tab_section av_tab_section av-83ycro-416e0c537b33323739dbf17ec5f40b3e'  itemscope=\"itemscope\" itemtype=\"https:\/\/schema.org\/CreativeWork\" ><div id='tab-id-3-tab' class='tab' role='tab' aria-selected=\"false\" tabindex=\"0\" data-fake-id='#tab-id-3' aria-controls='tab-id-3-content'  itemprop=\"headline\" >Technical<\/div><div id='tab-id-3-content' class='tab_content' role='tabpanel' aria-labelledby='tab-id-3-tab' aria-hidden=\"true\"><div class='tab_inner_content invers-color'  itemprop=\"text\" ><div class=\"col-xs-24 col-sm-12\">\n<table cellspacing=\"0\" cellpadding=\"0\">\n<tbody>\n<tr>\n<td><strong>Type de Produit<\/strong><\/td>\n<td>PVC<\/td>\n<\/tr>\n<tr>\n<td><strong>Type d&#8217;Adh\u00e9sif<\/strong><\/td>\n<td>Cross-linked solvent based rubber-resin<\/td>\n<\/tr>\n<tr>\n<td><strong>\u00c9paisseur<\/strong><\/td>\n<td>0.19mm<\/td>\n<\/tr>\n<tr>\n<td><strong>R\u00e9sistance \u00e0 la rupture<\/strong><\/td>\n<td>30 N\/cm<\/td>\n<\/tr>\n<tr>\n<td><strong>Allongement<\/strong><\/td>\n<td>200%<\/td>\n<\/tr>\n<tr>\n<td><strong>Adh\u00e9sion sur acier<\/strong><\/td>\n<td>2.2 N\/cm<\/td>\n<\/tr>\n<tr>\n<td><strong>Adh\u00e9sion sur endos<\/strong><\/td>\n<td>2.0 N\/cm<\/td>\n<\/tr>\n<tr>\n<td><strong>Tenue en temp\u00e9rature<\/strong><\/td>\n<td>-20\u00b0C to +105\u00b0C<\/td>\n<\/tr>\n<tr>\n<td><strong>Breakdown Voltage<\/strong><\/td>\n<td>10 kV<\/td>\n<\/tr>\n<tr>\n<td><strong>Conformit\u00e9 RoHS<\/strong><\/td>\n<td>Yes<\/td>\n<\/tr>\n<tr>\n<td><strong>Specification<\/strong><\/td>\n<td>BS EN 60454 TYPE 11<\/td>\n<\/tr>\n<\/tbody>\n<\/table>\n<\/div>\n<\/div><\/div><\/section>\n<section class='av_tab_section av_tab_section av-piqt-c78631c4603ff59fef417d06594d5e20'  itemscope=\"itemscope\" itemtype=\"https:\/\/schema.org\/CreativeWork\" ><div id='tab-id-4-tab' class='tab' role='tab' aria-selected=\"false\" tabindex=\"0\" data-fake-id='#tab-id-4' aria-controls='tab-id-4-content'  itemprop=\"headline\" >Colours<\/div><div id='tab-id-4-content' class='tab_content' role='tabpanel' aria-labelledby='tab-id-4-tab' aria-hidden=\"true\"><div class='tab_inner_content invers-color'  itemprop=\"text\" ><p><span id=\"uxm_tab_pro_color\" class=\"uxm_tab_pro_color\"><\/span><span id=\"uxm_tab_pro_color_2\" class=\"uxm_tab_pro_color\"><\/span><span id=\"uxm_tab_pro_color_3\" class=\"uxm_tab_pro_color\"><\/span><span id=\"uxm_tab_pro_color_4\" class=\"uxm_tab_pro_color\"><\/span><span id=\"uxm_tab_pro_color_5\" class=\"uxm_tab_pro_color\"><\/span><span id=\"uxm_tab_pro_color_6\" class=\"uxm_tab_pro_color\"><\/span><span id=\"uxm_tab_pro_color_7\" class=\"uxm_tab_pro_color\"><\/span><\/p>\n<\/div><\/div><\/section>\n<\/div>\n","protected":false},"excerpt":{"rendered":"<p><strong>AT34 &#8211; the widest temperature range in our Electical PVC tapes range<\/strong><\/p>\n<p>&nbsp;<\/p>\n<div class=\"first_para_desc\">\n<p>AT34 is a PVC film coated with a cross-linked solvent based rubber-resin adhesive providing electrical and mechanical protection up to 10kV.<\/p>\n<\/div>\n<div class=\"rest_of_desc\">\n<p>The tape offers excellent performance and durability over a wide temperature range from -20\u00b0C to +105\u00b0C. It not only guarantees superior adhesion in extremes of cold and hot temperatures for very long periods. It is also resistant to rapid temperature change.<\/p>\n<p>AT34 offers excellent flame retardant properties when in position which makes it safe to use where risk of fire is an issue. It conforms to BS EN 60454 Type 11 (Formerly BS 3924).<\/p>\n<p>For hassle-free installation, the tape is highly conformable to smooth and uneven surfaces. Ideally suited for electrical installation and repair work; soldered joints and seams; insulation of soldered joints, terminals, cable sockets and conduction rails in refrigerated rooms or spaces exposed to heat as well as many other general applications.<\/p>\n<\/div>\n","protected":false},"featured_media":4405,"template":"","meta":{"_acf_changed":false},"product_brand":[],"product_cat":[345],"product_tag":[329,330,331],"class_list":{"0":"post-5856","1":"product","2":"type-product","3":"status-publish","4":"has-post-thumbnail","6":"product_cat-pvc-adhesive-tape","7":"product_tag-building-fr","8":"product_tag-entertainment-fr","9":"product_tag-industrial-consumables-fr","11":"first","12":"instock","13":"shipping-taxable","14":"product-type-simple"},"acf":[],"yoast_head":"<!-- This site is optimized with the Yoast SEO plugin v27.6 - https:\/\/yoast.com\/product\/yoast-seo-wordpress\/ -->\n<title>AT34 High Performance PVC Electrical Insulation Tape - Advance Tapes<\/title>\n<meta name=\"robots\" content=\"index, follow, max-snippet:-1, max-image-preview:large, max-video-preview:-1\" \/>\n<link rel=\"canonical\" href=\"https:\/\/advancetapes.com\/fr\/products\/at34-high-performance-pvc-electrical-insulation-tape\/\" \/>\n<meta property=\"og:locale\" content=\"fr_FR\" \/>\n<meta property=\"og:type\" content=\"article\" \/>\n<meta property=\"og:title\" content=\"AT34 High Performance PVC Electrical Insulation Tape - Advance Tapes\" \/>\n<meta property=\"og:description\" content=\"AT34 - the widest temperature range in our Electical PVC tapes range  &nbsp;   AT34 is a PVC film coated with a cross-linked solvent based rubber-resin adhesive providing electrical and mechanical protection up to 10kV.     The tape offers excellent performance and durability over a wide temperature range from -20\u00b0C to +105\u00b0C. It not only guarantees superior adhesion in extremes of cold and hot temperatures for very long periods. It is also resistant to rapid temperature change.  AT34 offers excellent flame retardant properties when in position which makes it safe to use where risk of fire is an issue. It conforms to BS EN 60454 Type 11 (Formerly BS 3924).  For hassle-free installation, the tape is highly conformable to smooth and uneven surfaces. Ideally suited for electrical installation and repair work; soldered joints and seams; insulation of soldered joints, terminals, cable sockets and conduction rails in refrigerated rooms or spaces exposed to heat as well as many other general applications.\" \/>\n<meta property=\"og:url\" content=\"https:\/\/advancetapes.com\/fr\/products\/at34-high-performance-pvc-electrical-insulation-tape\/\" \/>\n<meta property=\"og:site_name\" content=\"Advance Tapes\" \/>\n<meta property=\"article:modified_time\" content=\"2021-01-29T21:57:43+00:00\" \/>\n<meta property=\"og:image\" content=\"https:\/\/advancetapes.com\/wp-content\/uploads\/2021\/01\/Advance-Tapes_AT0034_Black.jpg\" \/>\n\t<meta property=\"og:image:width\" content=\"600\" \/>\n\t<meta property=\"og:image:height\" content=\"600\" \/>\n\t<meta property=\"og:image:type\" content=\"image\/jpeg\" \/>\n<meta name=\"twitter:card\" content=\"summary_large_image\" \/>\n<meta name=\"twitter:label1\" content=\"Est. reading time\" \/>\n\t<meta name=\"twitter:data1\" content=\"1 minute\" \/>\n<!-- \/ Yoast SEO plugin. -->","yoast_head_json":{"title":"AT34 High Performance PVC Electrical Insulation Tape - Advance Tapes","robots":{"index":"index","follow":"follow","max-snippet":"max-snippet:-1","max-image-preview":"max-image-preview:large","max-video-preview":"max-video-preview:-1"},"canonical":"https:\/\/advancetapes.com\/fr\/products\/at34-high-performance-pvc-electrical-insulation-tape\/","og_locale":"fr_FR","og_type":"article","og_title":"AT34 High Performance PVC Electrical Insulation Tape - Advance Tapes","og_description":"AT34 - the widest temperature range in our Electical PVC tapes range  &nbsp;   AT34 is a PVC film coated with a cross-linked solvent based rubber-resin adhesive providing electrical and mechanical protection up to 10kV.     The tape offers excellent performance and durability over a wide temperature range from -20\u00b0C to +105\u00b0C. It not only guarantees superior adhesion in extremes of cold and hot temperatures for very long periods. It is also resistant to rapid temperature change.  AT34 offers excellent flame retardant properties when in position which makes it safe to use where risk of fire is an issue. It conforms to BS EN 60454 Type 11 (Formerly BS 3924).  For hassle-free installation, the tape is highly conformable to smooth and uneven surfaces. Ideally suited for electrical installation and repair work; soldered joints and seams; insulation of soldered joints, terminals, cable sockets and conduction rails in refrigerated rooms or spaces exposed to heat as well as many other general applications.","og_url":"https:\/\/advancetapes.com\/fr\/products\/at34-high-performance-pvc-electrical-insulation-tape\/","og_site_name":"Advance Tapes","article_modified_time":"2021-01-29T21:57:43+00:00","og_image":[{"width":600,"height":600,"url":"https:\/\/advancetapes.com\/wp-content\/uploads\/2021\/01\/Advance-Tapes_AT0034_Black.jpg","type":"image\/jpeg"}],"twitter_card":"summary_large_image","twitter_misc":{"Est. reading time":"1 minute"},"schema":{"@context":"https:\/\/schema.org","@graph":[{"@type":"WebPage","@id":"https:\/\/advancetapes.com\/fr\/products\/at34-high-performance-pvc-electrical-insulation-tape\/","url":"https:\/\/advancetapes.com\/fr\/products\/at34-high-performance-pvc-electrical-insulation-tape\/","name":"AT34 High Performance PVC Electrical Insulation Tape - Advance Tapes","isPartOf":{"@id":"https:\/\/advancetapes.com\/fr\/#website"},"primaryImageOfPage":{"@id":"https:\/\/advancetapes.com\/fr\/products\/at34-high-performance-pvc-electrical-insulation-tape\/#primaryimage"},"image":{"@id":"https:\/\/advancetapes.com\/fr\/products\/at34-high-performance-pvc-electrical-insulation-tape\/#primaryimage"},"thumbnailUrl":"https:\/\/advancetapes.com\/wp-content\/uploads\/2021\/01\/Advance-Tapes_AT0034_Black.jpg","datePublished":"2021-01-03T18:45:27+00:00","dateModified":"2021-01-29T21:57:43+00:00","breadcrumb":{"@id":"https:\/\/advancetapes.com\/fr\/products\/at34-high-performance-pvc-electrical-insulation-tape\/#breadcrumb"},"inLanguage":"fr-FR","potentialAction":[{"@type":"ReadAction","target":["https:\/\/advancetapes.com\/fr\/products\/at34-high-performance-pvc-electrical-insulation-tape\/"]}]},{"@type":"ImageObject","inLanguage":"fr-FR","@id":"https:\/\/advancetapes.com\/fr\/products\/at34-high-performance-pvc-electrical-insulation-tape\/#primaryimage","url":"https:\/\/advancetapes.com\/wp-content\/uploads\/2021\/01\/Advance-Tapes_AT0034_Black.jpg","contentUrl":"https:\/\/advancetapes.com\/wp-content\/uploads\/2021\/01\/Advance-Tapes_AT0034_Black.jpg","width":600,"height":600},{"@type":"BreadcrumbList","@id":"https:\/\/advancetapes.com\/fr\/products\/at34-high-performance-pvc-electrical-insulation-tape\/#breadcrumb","itemListElement":[{"@type":"ListItem","position":1,"name":"Home","item":"https:\/\/advancetapes.com\/fr\/"},{"@type":"ListItem","position":2,"name":"Products","item":"https:\/\/advancetapes.com\/fr\/products\/"},{"@type":"ListItem","position":3,"name":"AT34 High Performance PVC Electrical Insulation Tape"}]},{"@type":"WebSite","@id":"https:\/\/advancetapes.com\/fr\/#website","url":"https:\/\/advancetapes.com\/fr\/","name":"Advance Tapes","description":"Adding more to adhesive tape","potentialAction":[{"@type":"SearchAction","target":{"@type":"EntryPoint","urlTemplate":"https:\/\/advancetapes.com\/fr\/?s={search_term_string}"},"query-input":{"@type":"PropertyValueSpecification","valueRequired":true,"valueName":"search_term_string"}}],"inLanguage":"fr-FR"}]}},"_links":{"self":[{"href":"https:\/\/advancetapes.com\/fr\/wp-json\/wp\/v2\/product\/5856","targetHints":{"allow":["GET"]}}],"collection":[{"href":"https:\/\/advancetapes.com\/fr\/wp-json\/wp\/v2\/product"}],"about":[{"href":"https:\/\/advancetapes.com\/fr\/wp-json\/wp\/v2\/types\/product"}],"wp:featuredmedia":[{"embeddable":true,"href":"https:\/\/advancetapes.com\/fr\/wp-json\/wp\/v2\/media\/4405"}],"wp:attachment":[{"href":"https:\/\/advancetapes.com\/fr\/wp-json\/wp\/v2\/media?parent=5856"}],"wp:term":[{"taxonomy":"product_brand","embeddable":true,"href":"https:\/\/advancetapes.com\/fr\/wp-json\/wp\/v2\/product_brand?post=5856"},{"taxonomy":"product_cat","embeddable":true,"href":"https:\/\/advancetapes.com\/fr\/wp-json\/wp\/v2\/product_cat?post=5856"},{"taxonomy":"product_tag","embeddable":true,"href":"https:\/\/advancetapes.com\/fr\/wp-json\/wp\/v2\/product_tag?post=5856"}],"curies":[{"name":"wp","href":"https:\/\/api.w.org\/{rel}","templated":true}]}}