{"id":5700,"date":"2021-01-03T19:54:04","date_gmt":"2021-01-03T19:54:04","guid":{"rendered":"https:\/\/advancetapes.com\/products\/at6000-ruban-pvc-protection-batiment\/"},"modified":"2025-04-02T09:07:06","modified_gmt":"2025-04-02T09:07:06","slug":"at6000-ruban-pvc-protection-batiment","status":"publish","type":"product","link":"https:\/\/advancetapes.com\/fr\/products\/at6000-ruban-pvc-protection-batiment\/","title":{"rendered":"AT6000 Ruban PVC Protection B\u00e2timent"},"content":{"rendered":"<p><span data-mce-type=\"bookmark\" style=\"display: inline-block; width: 0px; overflow: hidden; line-height: 0;\" class=\"mce_SELRES_start\">\ufeff<\/span><div  class='tabcontainer av-kjftr0sh-5cbeaf8b0626cf654d5dd98b301fff40 top_tab  avia-builder-el-0  avia-builder-el-no-sibling '>\n<section class='av_tab_section av_tab_section av-am4vtu-2ac298dcc9567648aec1d5d7c4fb604f'  itemscope=\"itemscope\" itemtype=\"https:\/\/schema.org\/CreativeWork\" ><div id='tab-id-1-tab' class='tab active_tab' role='tab' aria-selected=\"true\" tabindex=\"0\" data-fake-id='#tab-id-1' aria-controls='tab-id-1-content'  itemprop=\"headline\" >Fonctionnalit\u00e9s<\/div><div id='tab-id-1-content' class='tab_content active_tab_content' role='tabpanel' aria-labelledby='tab-id-1-tab' aria-hidden=\"false\"><div class='tab_inner_content invers-color'  itemprop=\"text\" ><ul>\n<li>Bonne adh\u00e9sion sur diverses surfaces (verre, m\u00e9tal, polyth\u00e8ne, PVC et bois)<\/li>\n<li>D\u00e9roulement et d\u00e9coupe tr\u00e8s facile<\/li>\n<li>Peut \u00eatre d\u00e9roul\u00e9 sans allongement du ruban<\/li>\n<li>Conformable<\/li>\n<li>Water and UV Resistant<\/li>\n<li>Bonnes performances dans des conditions m\u00e9t\u00e9orologiques d\u00e9favorables<\/li>\n<li>D\u00e9collement sans transfert de la plupart des surfaces<\/li>\n<\/ul>\n<\/div><\/div><\/section>\n<section class='av_tab_section av_tab_section av-90k9mq-02d0214b1a14ed7e8e5bc9d183ead9a6'  itemscope=\"itemscope\" itemtype=\"https:\/\/schema.org\/CreativeWork\" ><div id='tab-id-2-tab' class='tab' role='tab' aria-selected=\"false\" tabindex=\"0\" data-fake-id='#tab-id-2' aria-controls='tab-id-2-content'  itemprop=\"headline\" >Applications<\/div><div id='tab-id-2-content' class='tab_content' role='tabpanel' aria-labelledby='tab-id-2-tab' aria-hidden=\"true\"><div class='tab_inner_content invers-color'  itemprop=\"text\" ><ul>\n<li>Regrouper le bois et d&#8217;autres mat\u00e9riaux pour une manipulation plus s\u00fbre<\/li>\n<li>Joindre des feuilles de protection<\/li>\n<li>Masquage pendant les travaux de construction<\/li>\n<li>Sacs de scellage et emballage de palettes pour prot\u00e9ger des intemp\u00e9ries<\/li>\n<\/ul>\n<\/div><\/div><\/section>\n<section class='av_tab_section av_tab_section av-6zlt5u-013e31c82f4949e48b8f26f633b38b8c'  itemscope=\"itemscope\" itemtype=\"https:\/\/schema.org\/CreativeWork\" ><div id='tab-id-3-tab' class='tab' role='tab' aria-selected=\"false\" tabindex=\"0\" data-fake-id='#tab-id-3' aria-controls='tab-id-3-content'  itemprop=\"headline\" >Technical<\/div><div id='tab-id-3-content' class='tab_content' role='tabpanel' aria-labelledby='tab-id-3-tab' aria-hidden=\"true\"><div class='tab_inner_content invers-color'  itemprop=\"text\" ><div class=\"col-xs-24 col-sm-12\">\n<table cellspacing=\"0\" cellpadding=\"0\">\n<tbody>\n<tr>\n<td><strong>Type de Produit<\/strong><\/td>\n<td>PVC<\/td>\n<\/tr>\n<tr>\n<td><strong>Type d&#8217;Adh\u00e9sif<\/strong><\/td>\n<td>Masse adh\u00e9sive en r\u00e9sine de caoutchouc \u00e0 base de solvant (r\u00e9ticul\u00e9)<\/td>\n<\/tr>\n<tr>\n<td><strong>\u00c9paisseur<\/strong><\/td>\n<td>0.11mm<\/td>\n<\/tr>\n<tr>\n<td><strong>R\u00e9sistance \u00e0 la rupture<\/strong><\/td>\n<td>20 N\/cm<\/td>\n<\/tr>\n<tr>\n<td><strong>Allongement<\/strong><\/td>\n<td>120%<\/td>\n<\/tr>\n<tr>\n<td><strong>Adh\u00e9sion sur acier<\/strong><\/td>\n<td>2.0 N\/cm<\/td>\n<\/tr>\n<tr>\n<td><strong>Adh\u00e9sion sur endos<\/strong><\/td>\n<td>0.6 N\/cm<\/td>\n<\/tr>\n<tr>\n<td><strong>Tenue en temp\u00e9rature<\/strong><\/td>\n<td>-5\u00b0C to +60\u00b0C<\/td>\n<\/tr>\n<tr>\n<td><strong>Conformit\u00e9 RoHS<\/strong><\/td>\n<td>Oui<\/td>\n<\/tr>\n<\/tbody>\n<\/table>\n<\/div>\n<\/div><\/div><\/section>\n<section class='av_tab_section av_tab_section av-piqt-48b82d9099e36577dd2c08fe8a3b94f7'  itemscope=\"itemscope\" itemtype=\"https:\/\/schema.org\/CreativeWork\" ><div id='tab-id-4-tab' class='tab' role='tab' aria-selected=\"false\" tabindex=\"0\" data-fake-id='#tab-id-4' aria-controls='tab-id-4-content'  itemprop=\"headline\" >Colours and Sizes<\/div><div id='tab-id-4-content' class='tab_content' role='tabpanel' aria-labelledby='tab-id-4-tab' aria-hidden=\"true\"><div class='tab_inner_content invers-color'  itemprop=\"text\" ><p><span id=\"uxm_tab_pro_color\" class=\"uxm_tab_pro_color\"><\/span><span id=\"uxm_tab_pro_color_2\" class=\"uxm_tab_pro_color\"><\/span><span id=\"uxm_tab_pro_color_3\" class=\"uxm_tab_pro_color\"><\/span><span id=\"uxm_tab_pro_color_4\" class=\"uxm_tab_pro_color\"><\/span><span id=\"uxm_tab_pro_color_5\" class=\"uxm_tab_pro_color\"><\/span><span id=\"uxm_tab_pro_color_6\" class=\"uxm_tab_pro_color\"><\/span><span id=\"uxm_tab_pro_color_7\" class=\"uxm_tab_pro_color\"><\/span><\/p>\n<table style=\"height: 50px;\" width=\"1356\" cellspacing=\"0\" cellpadding=\"0\">\n<tbody>\n<tr>\n<td><strong>Standard Stock Sizes<\/strong><\/td>\n<td>50mmx33m<\/td>\n<\/tr>\n<tr>\n<\/tr>\n<\/tbody>\n<\/table>\n<\/div><\/div><\/section>\n<\/div><span data-mce-type=\"bookmark\" style=\"display: inline-block; width: 0px; overflow: hidden; line-height: 0;\" class=\"mce_SELRES_end\">\ufeff<\/span><\/p>\n","protected":false},"excerpt":{"rendered":"<p>AT6000 est un ruban PVC enduit d&#8217;un adh\u00e9sif caoutchouc-r\u00e9sine transparent \u00e0 base de solvant r\u00e9ticul\u00e9.<\/p>\n<p>Ce ruban PVC offre de hautes performances, durabilit\u00e9 et r\u00e9sistance aux temp\u00e9ratures extr\u00eames (de -5\u00b0C \u00e0 +60\u00b0C) et se d\u00e9roule facilement m\u00eame par temps froid. De plus, l&#8217;AT6000 peut \u00eatre utilis\u00e9 l\u00e0 o\u00f9 l&#8217;on peut s&#8217;attendre \u00e0 une exposition au soleil et \u00e0 l&#8217;eau, ce qui le rend id\u00e9al pour une utilisation en int\u00e9rieur ou en ext\u00e9rieur.<\/p>\n<p>AT6000 est tr\u00e8s facile \u00e0 d\u00e9chirer et s&#8217;adapte aux irr\u00e9gularit\u00e9s des substrats rigides, ce qui minimise le temps d&#8217;application. Il peut \u00eatre utilis\u00e9 sur une vari\u00e9t\u00e9 de surfaces, y compris le m\u00e9tal, le verre, le poly\u00e9thyl\u00e8ne, le PVCu et le bois et il ne tachera pas ou ne corrodera pas la surface sur laquelle il est appliqu\u00e9.<\/p>\n<p>AT6000 est parfait pour sceller les sacs et les emballages de palettes pour les prot\u00e9ger des intemp\u00e9ries, prot\u00e9ger les cadres de portes et de fen\u00eatres pendant le pl\u00e2trage et la peinture, etc.<\/p>\n","protected":false},"featured_media":5702,"template":"","meta":{"_acf_changed":false},"product_brand":[],"product_cat":[372,345,503],"product_tag":[329,330,333,331],"class_list":{"0":"post-5700","1":"product","2":"type-product","3":"status-publish","4":"has-post-thumbnail","6":"product_cat-building-fr","7":"product_cat-pvc-adhesive-tape","8":"product_cat-stock-disponsible","9":"product_tag-building-fr","10":"product_tag-entertainment-fr","11":"product_tag-hevac-fr","12":"product_tag-industrial-consumables-fr","14":"first","15":"onbackorder","16":"shipping-taxable","17":"product-type-simple"},"acf":[],"yoast_head":"<!-- This site is optimized with the Yoast SEO plugin v27.3 - https:\/\/yoast.com\/product\/yoast-seo-wordpress\/ -->\n<title>AT6000 Ruban PVC Protection B\u00e2timent - Advance Tapes<\/title>\n<meta name=\"robots\" content=\"index, follow, max-snippet:-1, max-image-preview:large, max-video-preview:-1\" \/>\n<link rel=\"canonical\" href=\"https:\/\/advancetapes.com\/fr\/products\/at6000-ruban-pvc-protection-batiment\/\" \/>\n<meta property=\"og:locale\" content=\"fr_FR\" \/>\n<meta property=\"og:type\" content=\"article\" \/>\n<meta property=\"og:title\" content=\"AT6000 Ruban PVC Protection B\u00e2timent - Advance Tapes\" \/>\n<meta property=\"og:description\" content=\"AT6000 est un ruban PVC enduit d&#039;un adh\u00e9sif caoutchouc-r\u00e9sine transparent \u00e0 base de solvant r\u00e9ticul\u00e9.  Ce ruban PVC offre de hautes performances, durabilit\u00e9 et r\u00e9sistance aux temp\u00e9ratures extr\u00eames (de -5\u00b0C \u00e0 +60\u00b0C) et se d\u00e9roule facilement m\u00eame par temps froid. De plus, l&#039;AT6000 peut \u00eatre utilis\u00e9 l\u00e0 o\u00f9 l&#039;on peut s&#039;attendre \u00e0 une exposition au soleil et \u00e0 l&#039;eau, ce qui le rend id\u00e9al pour une utilisation en int\u00e9rieur ou en ext\u00e9rieur.  AT6000 est tr\u00e8s facile \u00e0 d\u00e9chirer et s&#039;adapte aux irr\u00e9gularit\u00e9s des substrats rigides, ce qui minimise le temps d&#039;application. Il peut \u00eatre utilis\u00e9 sur une vari\u00e9t\u00e9 de surfaces, y compris le m\u00e9tal, le verre, le poly\u00e9thyl\u00e8ne, le PVCu et le bois et il ne tachera pas ou ne corrodera pas la surface sur laquelle il est appliqu\u00e9.  AT6000 est parfait pour sceller les sacs et les emballages de palettes pour les prot\u00e9ger des intemp\u00e9ries, prot\u00e9ger les cadres de portes et de fen\u00eatres pendant le pl\u00e2trage et la peinture, etc.\" \/>\n<meta property=\"og:url\" content=\"https:\/\/advancetapes.com\/fr\/products\/at6000-ruban-pvc-protection-batiment\/\" \/>\n<meta property=\"og:site_name\" content=\"Advance Tapes\" \/>\n<meta property=\"article:modified_time\" content=\"2025-04-02T09:07:06+00:00\" \/>\n<meta property=\"og:image\" content=\"https:\/\/advancetapes.com\/wp-content\/uploads\/2021\/01\/Advance-Tapes_AT6000_Orange.jpg\" \/>\n\t<meta property=\"og:image:width\" content=\"600\" \/>\n\t<meta property=\"og:image:height\" content=\"600\" \/>\n\t<meta property=\"og:image:type\" content=\"image\/jpeg\" \/>\n<meta name=\"twitter:card\" content=\"summary_large_image\" \/>\n<meta name=\"twitter:label1\" content=\"Est. reading time\" \/>\n\t<meta name=\"twitter:data1\" content=\"1 minute\" \/>\n<!-- \/ Yoast SEO plugin. -->","yoast_head_json":{"title":"AT6000 Ruban PVC Protection B\u00e2timent - Advance Tapes","robots":{"index":"index","follow":"follow","max-snippet":"max-snippet:-1","max-image-preview":"max-image-preview:large","max-video-preview":"max-video-preview:-1"},"canonical":"https:\/\/advancetapes.com\/fr\/products\/at6000-ruban-pvc-protection-batiment\/","og_locale":"fr_FR","og_type":"article","og_title":"AT6000 Ruban PVC Protection B\u00e2timent - Advance Tapes","og_description":"AT6000 est un ruban PVC enduit d'un adh\u00e9sif caoutchouc-r\u00e9sine transparent \u00e0 base de solvant r\u00e9ticul\u00e9.  Ce ruban PVC offre de hautes performances, durabilit\u00e9 et r\u00e9sistance aux temp\u00e9ratures extr\u00eames (de -5\u00b0C \u00e0 +60\u00b0C) et se d\u00e9roule facilement m\u00eame par temps froid. De plus, l'AT6000 peut \u00eatre utilis\u00e9 l\u00e0 o\u00f9 l'on peut s'attendre \u00e0 une exposition au soleil et \u00e0 l'eau, ce qui le rend id\u00e9al pour une utilisation en int\u00e9rieur ou en ext\u00e9rieur.  AT6000 est tr\u00e8s facile \u00e0 d\u00e9chirer et s'adapte aux irr\u00e9gularit\u00e9s des substrats rigides, ce qui minimise le temps d'application. Il peut \u00eatre utilis\u00e9 sur une vari\u00e9t\u00e9 de surfaces, y compris le m\u00e9tal, le verre, le poly\u00e9thyl\u00e8ne, le PVCu et le bois et il ne tachera pas ou ne corrodera pas la surface sur laquelle il est appliqu\u00e9.  AT6000 est parfait pour sceller les sacs et les emballages de palettes pour les prot\u00e9ger des intemp\u00e9ries, prot\u00e9ger les cadres de portes et de fen\u00eatres pendant le pl\u00e2trage et la peinture, etc.","og_url":"https:\/\/advancetapes.com\/fr\/products\/at6000-ruban-pvc-protection-batiment\/","og_site_name":"Advance Tapes","article_modified_time":"2025-04-02T09:07:06+00:00","og_image":[{"width":600,"height":600,"url":"https:\/\/advancetapes.com\/wp-content\/uploads\/2021\/01\/Advance-Tapes_AT6000_Orange.jpg","type":"image\/jpeg"}],"twitter_card":"summary_large_image","twitter_misc":{"Est. reading time":"1 minute"},"schema":{"@context":"https:\/\/schema.org","@graph":[{"@type":"WebPage","@id":"https:\/\/advancetapes.com\/fr\/products\/at6000-ruban-pvc-protection-batiment\/","url":"https:\/\/advancetapes.com\/fr\/products\/at6000-ruban-pvc-protection-batiment\/","name":"AT6000 Ruban PVC Protection B\u00e2timent - Advance Tapes","isPartOf":{"@id":"https:\/\/advancetapes.com\/fr\/#website"},"primaryImageOfPage":{"@id":"https:\/\/advancetapes.com\/fr\/products\/at6000-ruban-pvc-protection-batiment\/#primaryimage"},"image":{"@id":"https:\/\/advancetapes.com\/fr\/products\/at6000-ruban-pvc-protection-batiment\/#primaryimage"},"thumbnailUrl":"https:\/\/advancetapes.com\/wp-content\/uploads\/2021\/01\/Advance-Tapes_AT6000_Orange.jpg","datePublished":"2021-01-03T19:54:04+00:00","dateModified":"2025-04-02T09:07:06+00:00","breadcrumb":{"@id":"https:\/\/advancetapes.com\/fr\/products\/at6000-ruban-pvc-protection-batiment\/#breadcrumb"},"inLanguage":"fr-FR","potentialAction":[{"@type":"ReadAction","target":["https:\/\/advancetapes.com\/fr\/products\/at6000-ruban-pvc-protection-batiment\/"]}]},{"@type":"ImageObject","inLanguage":"fr-FR","@id":"https:\/\/advancetapes.com\/fr\/products\/at6000-ruban-pvc-protection-batiment\/#primaryimage","url":"https:\/\/advancetapes.com\/wp-content\/uploads\/2021\/01\/Advance-Tapes_AT6000_Orange.jpg","contentUrl":"https:\/\/advancetapes.com\/wp-content\/uploads\/2021\/01\/Advance-Tapes_AT6000_Orange.jpg","width":600,"height":600,"caption":"Easy Use PVC Building Tape"},{"@type":"BreadcrumbList","@id":"https:\/\/advancetapes.com\/fr\/products\/at6000-ruban-pvc-protection-batiment\/#breadcrumb","itemListElement":[{"@type":"ListItem","position":1,"name":"Home","item":"https:\/\/advancetapes.com\/fr\/"},{"@type":"ListItem","position":2,"name":"Products","item":"https:\/\/advancetapes.com\/fr\/products\/"},{"@type":"ListItem","position":3,"name":"AT6000 Ruban PVC Protection B\u00e2timent"}]},{"@type":"WebSite","@id":"https:\/\/advancetapes.com\/fr\/#website","url":"https:\/\/advancetapes.com\/fr\/","name":"Advance Tapes","description":"Adding more to adhesive tape","potentialAction":[{"@type":"SearchAction","target":{"@type":"EntryPoint","urlTemplate":"https:\/\/advancetapes.com\/fr\/?s={search_term_string}"},"query-input":{"@type":"PropertyValueSpecification","valueRequired":true,"valueName":"search_term_string"}}],"inLanguage":"fr-FR"}]}},"_links":{"self":[{"href":"https:\/\/advancetapes.com\/fr\/wp-json\/wp\/v2\/product\/5700","targetHints":{"allow":["GET"]}}],"collection":[{"href":"https:\/\/advancetapes.com\/fr\/wp-json\/wp\/v2\/product"}],"about":[{"href":"https:\/\/advancetapes.com\/fr\/wp-json\/wp\/v2\/types\/product"}],"wp:featuredmedia":[{"embeddable":true,"href":"https:\/\/advancetapes.com\/fr\/wp-json\/wp\/v2\/media\/5702"}],"wp:attachment":[{"href":"https:\/\/advancetapes.com\/fr\/wp-json\/wp\/v2\/media?parent=5700"}],"wp:term":[{"taxonomy":"product_brand","embeddable":true,"href":"https:\/\/advancetapes.com\/fr\/wp-json\/wp\/v2\/product_brand?post=5700"},{"taxonomy":"product_cat","embeddable":true,"href":"https:\/\/advancetapes.com\/fr\/wp-json\/wp\/v2\/product_cat?post=5700"},{"taxonomy":"product_tag","embeddable":true,"href":"https:\/\/advancetapes.com\/fr\/wp-json\/wp\/v2\/product_tag?post=5700"}],"curies":[{"name":"wp","href":"https:\/\/api.w.org\/{rel}","templated":true}]}}