{"id":5687,"date":"2021-01-03T19:42:26","date_gmt":"2021-01-03T19:42:26","guid":{"rendered":"https:\/\/advancetapes.com\/products\/at2000-ruban-anti-derapant\/"},"modified":"2025-04-02T09:06:08","modified_gmt":"2025-04-02T09:06:08","slug":"at2000-ruban-anti-derapant","status":"publish","type":"product","link":"https:\/\/advancetapes.com\/fr\/products\/at2000-ruban-anti-derapant\/","title":{"rendered":"AT2000 Ruban Anti-D\u00e9rapant"},"content":{"rendered":"<p><span data-mce-type=\"bookmark\" style=\"display: inline-block; width: 0px; overflow: hidden; line-height: 0;\" class=\"mce_SELRES_start\">\ufeff<\/span><div  class='tabcontainer av-kjftr0sh-5cbeaf8b0626cf654d5dd98b301fff40 top_tab  avia-builder-el-0  avia-builder-el-no-sibling '>\n<section class='av_tab_section av_tab_section av-14mn81-533d895fe61abca203a3a47d98342fbd'  itemscope=\"itemscope\" itemtype=\"https:\/\/schema.org\/CreativeWork\" ><div id='tab-id-1-tab' class='tab active_tab' role='tab' aria-selected=\"true\" tabindex=\"0\" data-fake-id='#tab-id-1' aria-controls='tab-id-1-content'  itemprop=\"headline\" >Fonctionnalit\u00e9s<\/div><div id='tab-id-1-content' class='tab_content active_tab_content' role='tabpanel' aria-labelledby='tab-id-1-tab' aria-hidden=\"false\"><div class='tab_inner_content invers-color'  itemprop=\"text\" ><ul>\n<li>Surface anti-d\u00e9rapante<\/li>\n<li>R\u00e9sistant aux UV, \u00e0 l&#8217;eau et \u00e0 l&#8217;huile<\/li>\n<li>Durable<\/li>\n<li>Pour des applications en int\u00e9rieur et en ext\u00e9rieur<\/li>\n<li>R\u00e9pond aux r\u00e8glements statutaires de la sant\u00e9 et la s\u00e9curit\u00e9<\/li>\n<\/ul>\n<\/div><\/div><\/section>\n<section class='av_tab_section av_tab_section av-9shhw1-49a63f92513c2bbae70a7317196387c6'  itemscope=\"itemscope\" itemtype=\"https:\/\/schema.org\/CreativeWork\" ><div id='tab-id-2-tab' class='tab' role='tab' aria-selected=\"false\" tabindex=\"0\" data-fake-id='#tab-id-2' aria-controls='tab-id-2-content'  itemprop=\"headline\" >Applications<\/div><div id='tab-id-2-content' class='tab_content' role='tabpanel' aria-labelledby='tab-id-2-tab' aria-hidden=\"true\"><div class='tab_inner_content invers-color'  itemprop=\"text\" ><ul>\n<li>Bande antid\u00e9rapante sur les marches et les marches d&#8217;\u00e9chelle<\/li>\n<li>Bande antid\u00e9rapante sur les pieds des machines et des v\u00e9hicules<\/li>\n<li>Pour une utilisation sur des surfaces humides ou glissantes<\/li>\n<li>Permet une meilleure adh\u00e9rence sur les rampes et les all\u00e9es<\/li>\n<\/ul>\n<\/div><\/div><\/section>\n<section class='av_tab_section av_tab_section av-77l8dd-682164b0842e85744440c6aeb44c5fe5'  itemscope=\"itemscope\" itemtype=\"https:\/\/schema.org\/CreativeWork\" ><div id='tab-id-3-tab' class='tab' role='tab' aria-selected=\"false\" tabindex=\"0\" data-fake-id='#tab-id-3' aria-controls='tab-id-3-content'  itemprop=\"headline\" >Technical<\/div><div id='tab-id-3-content' class='tab_content' role='tabpanel' aria-labelledby='tab-id-3-tab' aria-hidden=\"true\"><div class='tab_inner_content invers-color'  itemprop=\"text\" ><table cellspacing=\"0\" cellpadding=\"0\">\n<tbody>\n<tr>\n<td><strong>Type de Produit<\/strong><\/td>\n<td>PVC<\/td>\n<\/tr>\n<tr>\n<td><strong>Type d&#8217;Adh\u00e9sif<\/strong><\/td>\n<td>Masse adh\u00e9sive acrylique \u00e0 base de solvant<\/td>\n<\/tr>\n<tr>\n<td><strong>\u00c9paisseur<\/strong><\/td>\n<td>1.0mm<\/td>\n<\/tr>\n<tr>\n<td><strong>R\u00e9sistance \u00e0 la rupture<\/strong><\/td>\n<td>40 N\/cm<\/td>\n<\/tr>\n<tr>\n<td><strong>Allongement<\/strong><\/td>\n<td>100%<\/td>\n<\/tr>\n<tr>\n<td><strong>Adh\u00e9sion sur acier<\/strong><\/td>\n<td>4.0 N\/cm<\/td>\n<\/tr>\n<tr>\n<td><strong>Tenue en temp\u00e9rature<\/strong><\/td>\n<td>-5\u00b0C to +50\u00b0C<\/td>\n<\/tr>\n<tr>\n<td><strong>Conformit\u00e9 RoHS<\/strong><\/td>\n<td>Oui<\/td>\n<\/tr>\n<\/tbody>\n<\/table>\n<\/div><\/div><\/section>\n<section class='av_tab_section av_tab_section av-piqt-48b82d9099e36577dd2c08fe8a3b94f7'  itemscope=\"itemscope\" itemtype=\"https:\/\/schema.org\/CreativeWork\" ><div id='tab-id-4-tab' class='tab' role='tab' aria-selected=\"false\" tabindex=\"0\" data-fake-id='#tab-id-4' aria-controls='tab-id-4-content'  itemprop=\"headline\" >Colours and Sizes<\/div><div id='tab-id-4-content' class='tab_content' role='tabpanel' aria-labelledby='tab-id-4-tab' aria-hidden=\"true\"><div class='tab_inner_content invers-color'  itemprop=\"text\" ><p><span id=\"uxm_tab_pro_color\" class=\"uxm_tab_pro_color\"><\/span><span id=\"uxm_tab_pro_color_2\" class=\"uxm_tab_pro_color\"><\/span><span id=\"uxm_tab_pro_color_3\" class=\"uxm_tab_pro_color\"><\/span><span id=\"uxm_tab_pro_color_4\" class=\"uxm_tab_pro_color\"><\/span><span id=\"uxm_tab_pro_color_5\" class=\"uxm_tab_pro_color\"><\/span><span id=\"uxm_tab_pro_color_6\" class=\"uxm_tab_pro_color\"><\/span><span id=\"uxm_tab_pro_color_7\" class=\"uxm_tab_pro_color\"><\/span><\/p>\n<table style=\"height: 50px;\" width=\"1356\" cellspacing=\"0\" cellpadding=\"0\">\n<tbody>\n<tr>\n<td><strong>Standard Stock Sizes<\/strong><\/td>\n<td>50mmx18m<\/td>\n<\/tr>\n<tr>\n<\/tr>\n<\/tbody>\n<\/table>\n<\/div><\/div><\/section>\n<\/div><span data-mce-type=\"bookmark\" style=\"display: inline-block; width: 0px; overflow: hidden; line-height: 0;\" class=\"mce_SELRES_end\">\ufeff<\/span><\/p>\n","protected":false},"excerpt":{"rendered":"<div class=\"col-xs-24 col-sm-12 product-page__images\">\n<div class=\"sp-wrap sp-non-touch\">\n<div class=\"sp-thumbs sp-tb-active\"><\/div>\n<\/div>\n<\/div>\n<div class=\"col-xs-24 col-sm-12\">\n<p>&nbsp;<\/p>\n<div class=\"first_para_desc\">\n<p>L\u2019AT2000 est un ruban abrasif oxyde d\u2019alumine et carbure de silicium li\u00e9 \u00e0 un support PVC r\u00e9sistant et durable enduit d\u2019une masse adh\u00e9sive acrylique \u00e0 base de solvant et protection film papier.<\/p>\n<\/div>\n<div class=\"rest_of_desc\">\n<p>Con\u00e7u pour r\u00e9pondre aux nombreuses exigences des professionnels de du b\u00e2timent, de l\u2019\u00e9lectricit\u00e9, de la climatisation, du spectacle, de l\u2019industrie, de l\u2019a\u00e9rospatiale, de la construction navale et de l\u2019arm\u00e9e.<\/p>\n<\/div>\n<\/div>\n","protected":false},"featured_media":4473,"template":"","meta":{"_acf_changed":false},"product_brand":[],"product_cat":[372,373,345,503,532],"product_tag":[329,330,333,331],"class_list":{"0":"post-5687","1":"product","2":"type-product","3":"status-publish","4":"has-post-thumbnail","6":"product_cat-building-fr","7":"product_cat-entertainment-fr","8":"product_cat-pvc-adhesive-tape","9":"product_cat-stock-disponsible","10":"product_cat-stockatf-de-fr","11":"product_tag-building-fr","12":"product_tag-entertainment-fr","13":"product_tag-hevac-fr","14":"product_tag-industrial-consumables-fr","16":"first","17":"outofstock","18":"shipping-taxable","19":"product-type-simple"},"acf":[],"yoast_head":"<!-- This site is optimized with the Yoast SEO plugin v27.3 - https:\/\/yoast.com\/product\/yoast-seo-wordpress\/ -->\n<title>AT2000 Ruban Anti-D\u00e9rapant - Advance Tapes<\/title>\n<meta name=\"robots\" content=\"index, follow, max-snippet:-1, max-image-preview:large, max-video-preview:-1\" \/>\n<link rel=\"canonical\" href=\"https:\/\/advancetapes.com\/fr\/products\/at2000-ruban-anti-derapant\/\" \/>\n<meta property=\"og:locale\" content=\"fr_FR\" \/>\n<meta property=\"og:type\" content=\"article\" \/>\n<meta property=\"og:title\" content=\"AT2000 Ruban Anti-D\u00e9rapant - Advance Tapes\" \/>\n<meta property=\"og:description\" content=\"&nbsp;   L\u2019AT2000 est un ruban abrasif oxyde d\u2019alumine et carbure de silicium li\u00e9 \u00e0 un support PVC r\u00e9sistant et durable enduit d\u2019une masse adh\u00e9sive acrylique \u00e0 base de solvant et protection film papier.     Con\u00e7u pour r\u00e9pondre aux nombreuses exigences des professionnels de du b\u00e2timent, de l\u2019\u00e9lectricit\u00e9, de la climatisation, du spectacle, de l\u2019industrie, de l\u2019a\u00e9rospatiale, de la construction navale et de l\u2019arm\u00e9e.\" \/>\n<meta property=\"og:url\" content=\"https:\/\/advancetapes.com\/fr\/products\/at2000-ruban-anti-derapant\/\" \/>\n<meta property=\"og:site_name\" content=\"Advance Tapes\" \/>\n<meta property=\"article:modified_time\" content=\"2025-04-02T09:06:08+00:00\" \/>\n<meta property=\"og:image\" content=\"https:\/\/advancetapes.com\/wp-content\/uploads\/2021\/01\/Advance-Tapes_AT2000_group.jpg\" \/>\n\t<meta property=\"og:image:width\" content=\"600\" \/>\n\t<meta property=\"og:image:height\" content=\"600\" \/>\n\t<meta property=\"og:image:type\" content=\"image\/jpeg\" \/>\n<meta name=\"twitter:card\" content=\"summary_large_image\" \/>\n<meta name=\"twitter:label1\" content=\"Est. reading time\" \/>\n\t<meta name=\"twitter:data1\" content=\"1 minute\" \/>\n<!-- \/ Yoast SEO plugin. -->","yoast_head_json":{"title":"AT2000 Ruban Anti-D\u00e9rapant - Advance Tapes","robots":{"index":"index","follow":"follow","max-snippet":"max-snippet:-1","max-image-preview":"max-image-preview:large","max-video-preview":"max-video-preview:-1"},"canonical":"https:\/\/advancetapes.com\/fr\/products\/at2000-ruban-anti-derapant\/","og_locale":"fr_FR","og_type":"article","og_title":"AT2000 Ruban Anti-D\u00e9rapant - Advance Tapes","og_description":"&nbsp;   L\u2019AT2000 est un ruban abrasif oxyde d\u2019alumine et carbure de silicium li\u00e9 \u00e0 un support PVC r\u00e9sistant et durable enduit d\u2019une masse adh\u00e9sive acrylique \u00e0 base de solvant et protection film papier.     Con\u00e7u pour r\u00e9pondre aux nombreuses exigences des professionnels de du b\u00e2timent, de l\u2019\u00e9lectricit\u00e9, de la climatisation, du spectacle, de l\u2019industrie, de l\u2019a\u00e9rospatiale, de la construction navale et de l\u2019arm\u00e9e.","og_url":"https:\/\/advancetapes.com\/fr\/products\/at2000-ruban-anti-derapant\/","og_site_name":"Advance Tapes","article_modified_time":"2025-04-02T09:06:08+00:00","og_image":[{"width":600,"height":600,"url":"https:\/\/advancetapes.com\/wp-content\/uploads\/2021\/01\/Advance-Tapes_AT2000_group.jpg","type":"image\/jpeg"}],"twitter_card":"summary_large_image","twitter_misc":{"Est. reading time":"1 minute"},"schema":{"@context":"https:\/\/schema.org","@graph":[{"@type":"WebPage","@id":"https:\/\/advancetapes.com\/fr\/products\/at2000-ruban-anti-derapant\/","url":"https:\/\/advancetapes.com\/fr\/products\/at2000-ruban-anti-derapant\/","name":"AT2000 Ruban Anti-D\u00e9rapant - Advance Tapes","isPartOf":{"@id":"https:\/\/advancetapes.com\/fr\/#website"},"primaryImageOfPage":{"@id":"https:\/\/advancetapes.com\/fr\/products\/at2000-ruban-anti-derapant\/#primaryimage"},"image":{"@id":"https:\/\/advancetapes.com\/fr\/products\/at2000-ruban-anti-derapant\/#primaryimage"},"thumbnailUrl":"https:\/\/advancetapes.com\/wp-content\/uploads\/2021\/01\/Advance-Tapes_AT2000_group.jpg","datePublished":"2021-01-03T19:42:26+00:00","dateModified":"2025-04-02T09:06:08+00:00","breadcrumb":{"@id":"https:\/\/advancetapes.com\/fr\/products\/at2000-ruban-anti-derapant\/#breadcrumb"},"inLanguage":"fr-FR","potentialAction":[{"@type":"ReadAction","target":["https:\/\/advancetapes.com\/fr\/products\/at2000-ruban-anti-derapant\/"]}]},{"@type":"ImageObject","inLanguage":"fr-FR","@id":"https:\/\/advancetapes.com\/fr\/products\/at2000-ruban-anti-derapant\/#primaryimage","url":"https:\/\/advancetapes.com\/wp-content\/uploads\/2021\/01\/Advance-Tapes_AT2000_group.jpg","contentUrl":"https:\/\/advancetapes.com\/wp-content\/uploads\/2021\/01\/Advance-Tapes_AT2000_group.jpg","width":600,"height":600},{"@type":"BreadcrumbList","@id":"https:\/\/advancetapes.com\/fr\/products\/at2000-ruban-anti-derapant\/#breadcrumb","itemListElement":[{"@type":"ListItem","position":1,"name":"Home","item":"https:\/\/advancetapes.com\/fr\/"},{"@type":"ListItem","position":2,"name":"Products","item":"https:\/\/advancetapes.com\/fr\/products\/"},{"@type":"ListItem","position":3,"name":"AT2000 Ruban Anti-D\u00e9rapant"}]},{"@type":"WebSite","@id":"https:\/\/advancetapes.com\/fr\/#website","url":"https:\/\/advancetapes.com\/fr\/","name":"Advance Tapes","description":"Adding more to adhesive tape","potentialAction":[{"@type":"SearchAction","target":{"@type":"EntryPoint","urlTemplate":"https:\/\/advancetapes.com\/fr\/?s={search_term_string}"},"query-input":{"@type":"PropertyValueSpecification","valueRequired":true,"valueName":"search_term_string"}}],"inLanguage":"fr-FR"}]}},"_links":{"self":[{"href":"https:\/\/advancetapes.com\/fr\/wp-json\/wp\/v2\/product\/5687","targetHints":{"allow":["GET"]}}],"collection":[{"href":"https:\/\/advancetapes.com\/fr\/wp-json\/wp\/v2\/product"}],"about":[{"href":"https:\/\/advancetapes.com\/fr\/wp-json\/wp\/v2\/types\/product"}],"wp:featuredmedia":[{"embeddable":true,"href":"https:\/\/advancetapes.com\/fr\/wp-json\/wp\/v2\/media\/4473"}],"wp:attachment":[{"href":"https:\/\/advancetapes.com\/fr\/wp-json\/wp\/v2\/media?parent=5687"}],"wp:term":[{"taxonomy":"product_brand","embeddable":true,"href":"https:\/\/advancetapes.com\/fr\/wp-json\/wp\/v2\/product_brand?post=5687"},{"taxonomy":"product_cat","embeddable":true,"href":"https:\/\/advancetapes.com\/fr\/wp-json\/wp\/v2\/product_cat?post=5687"},{"taxonomy":"product_tag","embeddable":true,"href":"https:\/\/advancetapes.com\/fr\/wp-json\/wp\/v2\/product_tag?post=5687"}],"curies":[{"name":"wp","href":"https:\/\/api.w.org\/{rel}","templated":true}]}}