{"id":5680,"date":"2021-01-03T19:30:05","date_gmt":"2021-01-03T19:30:05","guid":{"rendered":"https:\/\/advancetapes.com\/products\/at209-ruban-advance-gaffa-pvc-translucide-pour-assemblage-de-tapis-de-danse\/"},"modified":"2021-04-12T22:22:05","modified_gmt":"2021-04-12T22:22:05","slug":"at209-ruban-advance-gaffa-pvc-translucide-pour-assemblage-de-tapis-de-danse","status":"publish","type":"product","link":"https:\/\/advancetapes.com\/fr\/products\/at209-ruban-advance-gaffa-pvc-translucide-pour-assemblage-de-tapis-de-danse\/","title":{"rendered":"AT209 Ruban Advance Gaffa\u00ae PVC Translucide pour Assemblage de Tapis de Danse"},"content":{"rendered":"<div  class='tabcontainer av-kjftr0sh-5cbeaf8b0626cf654d5dd98b301fff40 top_tab  avia-builder-el-0  avia-builder-el-no-sibling '>\n<section class='av_tab_section av_tab_section av-13julx-ac46bd8b78943e49386574ceefb657e2'  itemscope=\"itemscope\" itemtype=\"https:\/\/schema.org\/CreativeWork\" ><div id='tab-id-1-tab' class='tab active_tab' role='tab' aria-selected=\"true\" tabindex=\"0\" data-fake-id='#tab-id-1' aria-controls='tab-id-1-content'  itemprop=\"headline\" >Fonctionnalit\u00e9s<\/div><div id='tab-id-1-content' class='tab_content active_tab_content' role='tabpanel' aria-labelledby='tab-id-1-tab' aria-hidden=\"false\"><div class='tab_inner_content invers-color'  itemprop=\"text\" ><ul>\n<li>Finition mate<\/li>\n<li>D\u00e9roulement et d\u00e9coupage facile<\/li>\n<li>Conformable<\/li>\n<li>R\u00e9sistant \u00e0 l&#8217;eau in situ<\/li>\n<li>Bonne r\u00e9sistance \u00e0 l&#8217;abrasion<\/li>\n<li>Surface inscriptible<\/li>\n<li>Adh\u00e9sif non-corrosif<\/li>\n<\/ul>\n<\/div><\/div><\/section>\n<section class='av_tab_section av_tab_section av-92hhw5-dea9a9b255187edf7999982854f890c7'  itemscope=\"itemscope\" itemtype=\"https:\/\/schema.org\/CreativeWork\" ><div id='tab-id-2-tab' class='tab' role='tab' aria-selected=\"false\" tabindex=\"0\" data-fake-id='#tab-id-2' aria-controls='tab-id-2-content'  itemprop=\"headline\" >Applications<\/div><div id='tab-id-2-content' class='tab_content' role='tabpanel' aria-labelledby='tab-id-2-tab' aria-hidden=\"true\"><div class='tab_inner_content invers-color'  itemprop=\"text\" ><ul>\n<li>Assembler temporairement les l\u00e9s de tapis de danse<\/li>\n<li>Id\u00e9al pour les \u00e9tapes ext\u00e9rieures<\/li>\n<\/ul>\n<\/div><\/div><\/section>\n<section class='av_tab_section av_tab_section av-8532ut-24757e04913b7bb7843bae499e9d6e14'  itemscope=\"itemscope\" itemtype=\"https:\/\/schema.org\/CreativeWork\" ><div id='tab-id-3-tab' class='tab' role='tab' aria-selected=\"false\" tabindex=\"0\" data-fake-id='#tab-id-3' aria-controls='tab-id-3-content'  itemprop=\"headline\" >Technical<\/div><div id='tab-id-3-content' class='tab_content' role='tabpanel' aria-labelledby='tab-id-3-tab' aria-hidden=\"true\"><div class='tab_inner_content invers-color'  itemprop=\"text\" ><div class=\"col-xs-24 col-sm-12\">\n<table cellspacing=\"0\" cellpadding=\"0\">\n<tbody>\n<tr>\n<td><strong>Type de Produit<\/strong><\/td>\n<td>PVC<\/td>\n<\/tr>\n<tr>\n<td><strong>Type d&#8217;Adh\u00e9sif<\/strong><\/td>\n<td>Masse adh\u00e9sive en r\u00e9sine de caoutchouc \u00e0 base de solvant<\/td>\n<\/tr>\n<tr>\n<td><strong>\u00c9paisseur<\/strong><\/td>\n<td>0.15mm<\/td>\n<\/tr>\n<tr>\n<td><strong>R\u00e9sistance \u00e0 la rupture<\/strong><\/td>\n<td>27 N\/cm<\/td>\n<\/tr>\n<tr>\n<td><strong>Allongement<\/strong><\/td>\n<td>135%<\/td>\n<\/tr>\n<tr>\n<td><strong>Adh\u00e9sion sur acier<\/strong><\/td>\n<td>3.6 N\/cm<\/td>\n<\/tr>\n<tr>\n<td><strong>Adh\u00e9sion sur endos<\/strong><\/td>\n<td>2.7 N\/cm<\/td>\n<\/tr>\n<tr>\n<td><strong>Tenue en temp\u00e9rature<\/strong><\/td>\n<td>-0\u00b0C to +70\u00b0C<\/td>\n<\/tr>\n<tr>\n<td><strong>Conformit\u00e9 RoHS<\/strong><\/td>\n<td>Oui<\/td>\n<\/tr>\n<\/tbody>\n<\/table>\n<\/div>\n<\/div><\/div><\/section>\n<section class='av_tab_section av_tab_section av-piqt-c78631c4603ff59fef417d06594d5e20'  itemscope=\"itemscope\" itemtype=\"https:\/\/schema.org\/CreativeWork\" ><div id='tab-id-4-tab' class='tab' role='tab' aria-selected=\"false\" tabindex=\"0\" data-fake-id='#tab-id-4' aria-controls='tab-id-4-content'  itemprop=\"headline\" >Colours<\/div><div id='tab-id-4-content' class='tab_content' role='tabpanel' aria-labelledby='tab-id-4-tab' aria-hidden=\"true\"><div class='tab_inner_content invers-color'  itemprop=\"text\" ><\/div><\/div><\/section>\n<\/div>\n","protected":false},"excerpt":{"rendered":"<p><strong>AT209 est un ruban PVC translucide avec une finition mate pour permettre un raccord \u00abinvisible\u00bb et minimiser le reflet de la lumi\u00e8re<\/strong><\/p>\n<p>&nbsp;<\/p>\n<div class=\"first_para_desc\">\n<p><strong>Clear Dance Floor Tape<\/strong><\/p>\n<\/div>\n<div class=\"rest_of_desc\">\n<p>AT209 is a tough translucent PVC Tape coated with a solvent based rubber-resin adhesive specially designed for stage, dance floor and studios use.<\/p>\n<p>This clear tape can be used on all colours dance floors in temporary and semi-permanent installations. Its matt finish minimises light flare and reflection that make it perfect for joining dance floors with an \u201cinvisible\u201d join.<\/p>\n<p>AT209 is easy to unwind and to tear and also conformable to irregularities of rigid substrates which minimize assembly time.<\/p>\n<p>The tape offers durable and reliable performance in outdoor exposure. AT209 has a good water and abrasion resistance which make it ideal for use on outdoor stages or on sets where moisture may be present.<\/p>\n<\/div>\n","protected":false},"featured_media":7603,"template":"","meta":{"_acf_changed":false},"product_brand":[],"product_cat":[371],"product_tag":[],"class_list":{"0":"post-5680","1":"product","2":"type-product","3":"status-publish","4":"has-post-thumbnail","6":"product_cat-uncategorized-fr","8":"first","9":"instock","10":"shipping-taxable","11":"product-type-simple"},"acf":[],"yoast_head":"<!-- This site is optimized with the Yoast SEO plugin v27.4 - https:\/\/yoast.com\/product\/yoast-seo-wordpress\/ -->\n<title>AT209 Ruban Advance Gaffa\u00ae PVC Translucide pour Assemblage de Tapis de Danse - Advance Tapes<\/title>\n<meta name=\"robots\" content=\"index, follow, max-snippet:-1, max-image-preview:large, max-video-preview:-1\" \/>\n<link rel=\"canonical\" href=\"https:\/\/advancetapes.com\/fr\/products\/at209-ruban-advance-gaffa-pvc-translucide-pour-assemblage-de-tapis-de-danse\/\" \/>\n<meta property=\"og:locale\" content=\"fr_FR\" \/>\n<meta property=\"og:type\" content=\"article\" \/>\n<meta property=\"og:title\" content=\"AT209 Ruban Advance Gaffa\u00ae PVC Translucide pour Assemblage de Tapis de Danse - Advance Tapes\" \/>\n<meta property=\"og:description\" content=\"AT209 est un ruban PVC translucide avec une finition mate pour permettre un raccord \u00abinvisible\u00bb et minimiser le reflet de la lumi\u00e8re  &nbsp;   Clear Dance Floor Tape     AT209 is a tough translucent PVC Tape coated with a solvent based rubber-resin adhesive specially designed for stage, dance floor and studios use.  This clear tape can be used on all colours dance floors in temporary and semi-permanent installations. Its matt finish minimises light flare and reflection that make it perfect for joining dance floors with an \u201cinvisible\u201d join.  AT209 is easy to unwind and to tear and also conformable to irregularities of rigid substrates which minimize assembly time.  The tape offers durable and reliable performance in outdoor exposure. AT209 has a good water and abrasion resistance which make it ideal for use on outdoor stages or on sets where moisture may be present.\" \/>\n<meta property=\"og:url\" content=\"https:\/\/advancetapes.com\/fr\/products\/at209-ruban-advance-gaffa-pvc-translucide-pour-assemblage-de-tapis-de-danse\/\" \/>\n<meta property=\"og:site_name\" content=\"Advance Tapes\" \/>\n<meta property=\"article:modified_time\" content=\"2021-04-12T22:22:05+00:00\" \/>\n<meta property=\"og:image\" content=\"https:\/\/advancetapes.com\/wp-content\/uploads\/2021\/01\/AT209-Advance-Gaffa-PVC-Dance-Floor-Tape-1.png\" \/>\n\t<meta property=\"og:image:width\" content=\"600\" \/>\n\t<meta property=\"og:image:height\" content=\"600\" \/>\n\t<meta property=\"og:image:type\" content=\"image\/png\" \/>\n<meta name=\"twitter:card\" content=\"summary_large_image\" \/>\n<meta name=\"twitter:label1\" content=\"Est. reading time\" \/>\n\t<meta name=\"twitter:data1\" content=\"1 minute\" \/>\n<!-- \/ Yoast SEO plugin. -->","yoast_head_json":{"title":"AT209 Ruban Advance Gaffa\u00ae PVC Translucide pour Assemblage de Tapis de Danse - Advance Tapes","robots":{"index":"index","follow":"follow","max-snippet":"max-snippet:-1","max-image-preview":"max-image-preview:large","max-video-preview":"max-video-preview:-1"},"canonical":"https:\/\/advancetapes.com\/fr\/products\/at209-ruban-advance-gaffa-pvc-translucide-pour-assemblage-de-tapis-de-danse\/","og_locale":"fr_FR","og_type":"article","og_title":"AT209 Ruban Advance Gaffa\u00ae PVC Translucide pour Assemblage de Tapis de Danse - Advance Tapes","og_description":"AT209 est un ruban PVC translucide avec une finition mate pour permettre un raccord \u00abinvisible\u00bb et minimiser le reflet de la lumi\u00e8re  &nbsp;   Clear Dance Floor Tape     AT209 is a tough translucent PVC Tape coated with a solvent based rubber-resin adhesive specially designed for stage, dance floor and studios use.  This clear tape can be used on all colours dance floors in temporary and semi-permanent installations. Its matt finish minimises light flare and reflection that make it perfect for joining dance floors with an \u201cinvisible\u201d join.  AT209 is easy to unwind and to tear and also conformable to irregularities of rigid substrates which minimize assembly time.  The tape offers durable and reliable performance in outdoor exposure. AT209 has a good water and abrasion resistance which make it ideal for use on outdoor stages or on sets where moisture may be present.","og_url":"https:\/\/advancetapes.com\/fr\/products\/at209-ruban-advance-gaffa-pvc-translucide-pour-assemblage-de-tapis-de-danse\/","og_site_name":"Advance Tapes","article_modified_time":"2021-04-12T22:22:05+00:00","og_image":[{"width":600,"height":600,"url":"https:\/\/advancetapes.com\/wp-content\/uploads\/2021\/01\/AT209-Advance-Gaffa-PVC-Dance-Floor-Tape-1.png","type":"image\/png"}],"twitter_card":"summary_large_image","twitter_misc":{"Est. reading time":"1 minute"},"schema":{"@context":"https:\/\/schema.org","@graph":[{"@type":"WebPage","@id":"https:\/\/advancetapes.com\/fr\/products\/at209-ruban-advance-gaffa-pvc-translucide-pour-assemblage-de-tapis-de-danse\/","url":"https:\/\/advancetapes.com\/fr\/products\/at209-ruban-advance-gaffa-pvc-translucide-pour-assemblage-de-tapis-de-danse\/","name":"AT209 Ruban Advance Gaffa\u00ae PVC Translucide pour Assemblage de Tapis de Danse - Advance Tapes","isPartOf":{"@id":"https:\/\/advancetapes.com\/fr\/#website"},"primaryImageOfPage":{"@id":"https:\/\/advancetapes.com\/fr\/products\/at209-ruban-advance-gaffa-pvc-translucide-pour-assemblage-de-tapis-de-danse\/#primaryimage"},"image":{"@id":"https:\/\/advancetapes.com\/fr\/products\/at209-ruban-advance-gaffa-pvc-translucide-pour-assemblage-de-tapis-de-danse\/#primaryimage"},"thumbnailUrl":"https:\/\/advancetapes.com\/wp-content\/uploads\/2021\/01\/AT209-Advance-Gaffa-PVC-Dance-Floor-Tape-1.png","datePublished":"2021-01-03T19:30:05+00:00","dateModified":"2021-04-12T22:22:05+00:00","breadcrumb":{"@id":"https:\/\/advancetapes.com\/fr\/products\/at209-ruban-advance-gaffa-pvc-translucide-pour-assemblage-de-tapis-de-danse\/#breadcrumb"},"inLanguage":"fr-FR","potentialAction":[{"@type":"ReadAction","target":["https:\/\/advancetapes.com\/fr\/products\/at209-ruban-advance-gaffa-pvc-translucide-pour-assemblage-de-tapis-de-danse\/"]}]},{"@type":"ImageObject","inLanguage":"fr-FR","@id":"https:\/\/advancetapes.com\/fr\/products\/at209-ruban-advance-gaffa-pvc-translucide-pour-assemblage-de-tapis-de-danse\/#primaryimage","url":"https:\/\/advancetapes.com\/wp-content\/uploads\/2021\/01\/AT209-Advance-Gaffa-PVC-Dance-Floor-Tape-1.png","contentUrl":"https:\/\/advancetapes.com\/wp-content\/uploads\/2021\/01\/AT209-Advance-Gaffa-PVC-Dance-Floor-Tape-1.png","width":600,"height":600,"caption":"AT209-Advance-Gaffa-PVC-Dance-Floor-"},{"@type":"BreadcrumbList","@id":"https:\/\/advancetapes.com\/fr\/products\/at209-ruban-advance-gaffa-pvc-translucide-pour-assemblage-de-tapis-de-danse\/#breadcrumb","itemListElement":[{"@type":"ListItem","position":1,"name":"Home","item":"https:\/\/advancetapes.com\/fr\/"},{"@type":"ListItem","position":2,"name":"Products","item":"https:\/\/advancetapes.com\/fr\/products\/"},{"@type":"ListItem","position":3,"name":"AT209 Ruban Advance Gaffa\u00ae PVC Translucide pour Assemblage de Tapis de Danse"}]},{"@type":"WebSite","@id":"https:\/\/advancetapes.com\/fr\/#website","url":"https:\/\/advancetapes.com\/fr\/","name":"Advance Tapes","description":"Adding more to adhesive tape","potentialAction":[{"@type":"SearchAction","target":{"@type":"EntryPoint","urlTemplate":"https:\/\/advancetapes.com\/fr\/?s={search_term_string}"},"query-input":{"@type":"PropertyValueSpecification","valueRequired":true,"valueName":"search_term_string"}}],"inLanguage":"fr-FR"}]}},"_links":{"self":[{"href":"https:\/\/advancetapes.com\/fr\/wp-json\/wp\/v2\/product\/5680","targetHints":{"allow":["GET"]}}],"collection":[{"href":"https:\/\/advancetapes.com\/fr\/wp-json\/wp\/v2\/product"}],"about":[{"href":"https:\/\/advancetapes.com\/fr\/wp-json\/wp\/v2\/types\/product"}],"wp:featuredmedia":[{"embeddable":true,"href":"https:\/\/advancetapes.com\/fr\/wp-json\/wp\/v2\/media\/7603"}],"wp:attachment":[{"href":"https:\/\/advancetapes.com\/fr\/wp-json\/wp\/v2\/media?parent=5680"}],"wp:term":[{"taxonomy":"product_brand","embeddable":true,"href":"https:\/\/advancetapes.com\/fr\/wp-json\/wp\/v2\/product_brand?post=5680"},{"taxonomy":"product_cat","embeddable":true,"href":"https:\/\/advancetapes.com\/fr\/wp-json\/wp\/v2\/product_cat?post=5680"},{"taxonomy":"product_tag","embeddable":true,"href":"https:\/\/advancetapes.com\/fr\/wp-json\/wp\/v2\/product_tag?post=5680"}],"curies":[{"name":"wp","href":"https:\/\/api.w.org\/{rel}","templated":true}]}}