{"id":5678,"date":"2021-01-03T19:26:42","date_gmt":"2021-01-03T19:26:42","guid":{"rendered":"https:\/\/advancetapes.com\/products\/at208-ruban-pvc-advance-gaffa-tapis-de-danse\/"},"modified":"2025-04-02T08:55:06","modified_gmt":"2025-04-02T08:55:06","slug":"at208-ruban-pvc-advance-gaffa-tapis-de-danse","status":"publish","type":"product","link":"https:\/\/advancetapes.com\/fr\/products\/at208-ruban-pvc-advance-gaffa-tapis-de-danse\/","title":{"rendered":"AT0208 Ruban PVC Advance Gaffa\u00ae Tapis de Danse"},"content":{"rendered":"<p><span data-mce-type=\"bookmark\" style=\"display: inline-block; width: 0px; overflow: hidden; line-height: 0;\" class=\"mce_SELRES_start\">\ufeff<\/span><div  class='tabcontainer av-kjftr0sh-5cbeaf8b0626cf654d5dd98b301fff40 top_tab  avia-builder-el-0  avia-builder-el-no-sibling '>\n<section class='av_tab_section av_tab_section av-b6pu6o-7f4984830aa5f81ef4c3f92d96ccc71f'  itemscope=\"itemscope\" itemtype=\"https:\/\/schema.org\/CreativeWork\" ><div id='tab-id-1-tab' class='tab active_tab' role='tab' aria-selected=\"true\" tabindex=\"0\" data-fake-id='#tab-id-1' aria-controls='tab-id-1-content'  itemprop=\"headline\" >Fonctionnalit\u00e9s<\/div><div id='tab-id-1-content' class='tab_content active_tab_content' role='tabpanel' aria-labelledby='tab-id-1-tab' aria-hidden=\"false\"><div class='tab_inner_content invers-color'  itemprop=\"text\" ><ul>\n<li>D\u00e9roulement et d\u00e9coupe tr\u00e8s facile<\/li>\n<li>Large gamme de coloris<\/li>\n<li>Conformable<\/li>\n<li>R\u00e9sistant \u00e0 l\u2019eau et aux U.V.<\/li>\n<li>Bonne r\u00e9sistance \u00e0 l&#8217;abrasion<\/li>\n<li>Adh\u00e9sif non-corrosif<\/li>\n<\/ul>\n<\/div><\/div><\/section>\n<section class='av_tab_section av_tab_section av-9lcic0-f496959f6c7ca0f63049148ba10b6bb9'  itemscope=\"itemscope\" itemtype=\"https:\/\/schema.org\/CreativeWork\" ><div id='tab-id-2-tab' class='tab' role='tab' aria-selected=\"false\" tabindex=\"0\" data-fake-id='#tab-id-2' aria-controls='tab-id-2-content'  itemprop=\"headline\" >Applications<\/div><div id='tab-id-2-content' class='tab_content' role='tabpanel' aria-labelledby='tab-id-2-tab' aria-hidden=\"true\"><div class='tab_inner_content invers-color'  itemprop=\"text\" ><ul>\n<li>Assembler temporairement les l\u00e9s de tapis de danse<\/li>\n<li>Id\u00e9al pour les \u00e9tapes ext\u00e9rieures<\/li>\n<\/ul>\n<\/div><\/div><\/section>\n<section class='av_tab_section av_tab_section av-86eg3k-df6e857c37dfb6527ba19b0f3f9d5fae'  itemscope=\"itemscope\" itemtype=\"https:\/\/schema.org\/CreativeWork\" ><div id='tab-id-3-tab' class='tab' role='tab' aria-selected=\"false\" tabindex=\"0\" data-fake-id='#tab-id-3' aria-controls='tab-id-3-content'  itemprop=\"headline\" >Technical<\/div><div id='tab-id-3-content' class='tab_content' role='tabpanel' aria-labelledby='tab-id-3-tab' aria-hidden=\"true\"><div class='tab_inner_content invers-color'  itemprop=\"text\" ><div class=\"col-xs-24 col-sm-12\">\n<table cellspacing=\"0\" cellpadding=\"0\">\n<tbody>\n<tr>\n<td><strong>Type de Produit<\/strong><\/td>\n<td>PVC<\/td>\n<\/tr>\n<tr>\n<td><strong>Type d&#8217;Adh\u00e9sif<\/strong><\/td>\n<td>Masse adh\u00e9sive en r\u00e9sine de caoutchouc \u00e0 base de solvant (r\u00e9ticul\u00e9)<\/td>\n<\/tr>\n<tr>\n<td><strong>\u00c9paisseur<\/strong><\/td>\n<td>0.13mm<\/td>\n<\/tr>\n<tr>\n<td><strong>R\u00e9sistance \u00e0 la rupture<\/strong><\/td>\n<td>25 N\/cm<\/td>\n<\/tr>\n<tr>\n<td><strong>Allongement<\/strong><\/td>\n<td>170%<\/td>\n<\/tr>\n<tr>\n<td><strong>Adh\u00e9sion sur acier<\/strong><\/td>\n<td>2.3 N\/cm<\/td>\n<\/tr>\n<tr>\n<td><strong>Adh\u00e9sion sur endos<\/strong><\/td>\n<td>2.0 N\/cm<\/td>\n<\/tr>\n<tr>\n<td><strong>Tenue en temp\u00e9rature<\/strong><\/td>\n<td>-5\u00b0C to +70\u00b0C<\/td>\n<\/tr>\n<tr>\n<td><strong>Conformit\u00e9 RoHS<\/strong><\/td>\n<td>Oui<\/td>\n<\/tr>\n<tr>\n<td><strong>Specification<\/strong><\/td>\n<td>BS EN 60454 \/ TYPE 2<\/td>\n<\/tr>\n<\/tbody>\n<\/table>\n<\/div>\n<\/div><\/div><\/section>\n<section class='av_tab_section av_tab_section av-piqt-48b82d9099e36577dd2c08fe8a3b94f7'  itemscope=\"itemscope\" itemtype=\"https:\/\/schema.org\/CreativeWork\" ><div id='tab-id-4-tab' class='tab' role='tab' aria-selected=\"false\" tabindex=\"0\" data-fake-id='#tab-id-4' aria-controls='tab-id-4-content'  itemprop=\"headline\" >Colours and Sizes<\/div><div id='tab-id-4-content' class='tab_content' role='tabpanel' aria-labelledby='tab-id-4-tab' aria-hidden=\"true\"><div class='tab_inner_content invers-color'  itemprop=\"text\" ><p><span id=\"uxm_tab_pro_color\" class=\"uxm_tab_pro_color\"><\/span><span id=\"uxm_tab_pro_color_2\" class=\"uxm_tab_pro_color\"><\/span><span id=\"uxm_tab_pro_color_3\" class=\"uxm_tab_pro_color\"><\/span><span id=\"uxm_tab_pro_color_4\" class=\"uxm_tab_pro_color\"><\/span><span id=\"uxm_tab_pro_color_5\" class=\"uxm_tab_pro_color\"><\/span><span id=\"uxm_tab_pro_color_6\" class=\"uxm_tab_pro_color\"><\/span><span id=\"uxm_tab_pro_color_7\" class=\"uxm_tab_pro_color\"><\/span><\/p>\n<table style=\"height: 50px;\" width=\"1356\" cellspacing=\"0\" cellpadding=\"0\">\n<tbody>\n<tr>\n<td><strong>Standard Stock Sizes<\/strong><\/td>\n<td>50mmx33m<\/td>\n<\/tr>\n<tr>\n<\/tr>\n<\/tbody>\n<\/table>\n<\/div><\/div><\/section>\n<\/div><span data-mce-type=\"bookmark\" style=\"display: inline-block; width: 0px; overflow: hidden; line-height: 0;\" class=\"mce_SELRES_end\">\ufeff<\/span><\/p>\n","protected":false},"excerpt":{"rendered":"<p><strong>Disponible dans une Large gamme de coloris<\/strong><\/p>\n<p>&nbsp;<\/p>\n<div class=\"first_para_desc\">\n<p><strong>PVC Dance Floor Tape<\/strong><\/p>\n<\/div>\n<div class=\"rest_of_desc\">\n<p>AT208 is a PVC tape coated with a cross-linked solvent based rubber-resin adhesive specially designed to be used on matt Dance floors. It is easy to unwind and tear and is also conformable to irregularities of rigid substrates which minimises assembly time.<\/p>\n<p>The Dance Floor splicing tape is ideally suited for indoor and outdoor stages with excellent UV, water and abrasion resistance which enable AT208 not to rust, stain or corrode during application.<\/p>\n<p>Plus it offers durable performance even in extreme temperature conditions (from -5\u00b0C to +70\u00b0C). Available in a wide range of colours, AT208 helps to securely join professional dance and ballet floors with minimal visibility.<\/p>\n<\/div>\n","protected":false},"featured_media":7571,"template":"","meta":{"_acf_changed":false},"product_brand":[],"product_cat":[373,345,503,532],"product_tag":[336,330],"class_list":{"0":"post-5678","1":"product","2":"type-product","3":"status-publish","4":"has-post-thumbnail","6":"product_cat-entertainment-fr","7":"product_cat-pvc-adhesive-tape","8":"product_cat-stock-disponsible","9":"product_cat-stockatf-de-fr","10":"product_tag-advance-gaffa-fr","11":"product_tag-entertainment-fr","13":"first","14":"instock","15":"shipping-taxable","16":"product-type-simple"},"acf":[],"yoast_head":"<!-- This site is optimized with the Yoast SEO plugin v27.5 - https:\/\/yoast.com\/product\/yoast-seo-wordpress\/ -->\n<title>AT0208 Ruban PVC Advance Gaffa\u00ae Tapis de Danse - Advance Tapes<\/title>\n<meta name=\"robots\" content=\"index, follow, max-snippet:-1, max-image-preview:large, max-video-preview:-1\" \/>\n<link rel=\"canonical\" href=\"https:\/\/advancetapes.com\/fr\/products\/at208-ruban-pvc-advance-gaffa-tapis-de-danse\/\" \/>\n<meta property=\"og:locale\" content=\"fr_FR\" \/>\n<meta property=\"og:type\" content=\"article\" \/>\n<meta property=\"og:title\" content=\"AT0208 Ruban PVC Advance Gaffa\u00ae Tapis de Danse - Advance Tapes\" \/>\n<meta property=\"og:description\" content=\"Disponible dans une Large gamme de coloris  &nbsp;   PVC Dance Floor Tape     AT208 is a PVC tape coated with a cross-linked solvent based rubber-resin adhesive specially designed to be used on matt Dance floors. It is easy to unwind and tear and is also conformable to irregularities of rigid substrates which minimises assembly time.  The Dance Floor splicing tape is ideally suited for indoor and outdoor stages with excellent UV, water and abrasion resistance which enable AT208 not to rust, stain or corrode during application.  Plus it offers durable performance even in extreme temperature conditions (from -5\u00b0C to +70\u00b0C). Available in a wide range of colours, AT208 helps to securely join professional dance and ballet floors with minimal visibility.\" \/>\n<meta property=\"og:url\" content=\"https:\/\/advancetapes.com\/fr\/products\/at208-ruban-pvc-advance-gaffa-tapis-de-danse\/\" \/>\n<meta property=\"og:site_name\" content=\"Advance Tapes\" \/>\n<meta property=\"article:modified_time\" content=\"2025-04-02T08:55:06+00:00\" \/>\n<meta property=\"og:image\" content=\"https:\/\/advancetapes.com\/wp-content\/uploads\/2021\/01\/AT208-black.png\" \/>\n\t<meta property=\"og:image:width\" content=\"600\" \/>\n\t<meta property=\"og:image:height\" content=\"600\" \/>\n\t<meta property=\"og:image:type\" content=\"image\/png\" \/>\n<meta name=\"twitter:card\" content=\"summary_large_image\" \/>\n<meta name=\"twitter:label1\" content=\"Est. reading time\" \/>\n\t<meta name=\"twitter:data1\" content=\"1 minute\" \/>\n<!-- \/ Yoast SEO plugin. -->","yoast_head_json":{"title":"AT0208 Ruban PVC Advance Gaffa\u00ae Tapis de Danse - Advance Tapes","robots":{"index":"index","follow":"follow","max-snippet":"max-snippet:-1","max-image-preview":"max-image-preview:large","max-video-preview":"max-video-preview:-1"},"canonical":"https:\/\/advancetapes.com\/fr\/products\/at208-ruban-pvc-advance-gaffa-tapis-de-danse\/","og_locale":"fr_FR","og_type":"article","og_title":"AT0208 Ruban PVC Advance Gaffa\u00ae Tapis de Danse - Advance Tapes","og_description":"Disponible dans une Large gamme de coloris  &nbsp;   PVC Dance Floor Tape     AT208 is a PVC tape coated with a cross-linked solvent based rubber-resin adhesive specially designed to be used on matt Dance floors. It is easy to unwind and tear and is also conformable to irregularities of rigid substrates which minimises assembly time.  The Dance Floor splicing tape is ideally suited for indoor and outdoor stages with excellent UV, water and abrasion resistance which enable AT208 not to rust, stain or corrode during application.  Plus it offers durable performance even in extreme temperature conditions (from -5\u00b0C to +70\u00b0C). Available in a wide range of colours, AT208 helps to securely join professional dance and ballet floors with minimal visibility.","og_url":"https:\/\/advancetapes.com\/fr\/products\/at208-ruban-pvc-advance-gaffa-tapis-de-danse\/","og_site_name":"Advance Tapes","article_modified_time":"2025-04-02T08:55:06+00:00","og_image":[{"width":600,"height":600,"url":"https:\/\/advancetapes.com\/wp-content\/uploads\/2021\/01\/AT208-black.png","type":"image\/png"}],"twitter_card":"summary_large_image","twitter_misc":{"Est. reading time":"1 minute"},"schema":{"@context":"https:\/\/schema.org","@graph":[{"@type":"WebPage","@id":"https:\/\/advancetapes.com\/fr\/products\/at208-ruban-pvc-advance-gaffa-tapis-de-danse\/","url":"https:\/\/advancetapes.com\/fr\/products\/at208-ruban-pvc-advance-gaffa-tapis-de-danse\/","name":"AT0208 Ruban PVC Advance Gaffa\u00ae Tapis de Danse - Advance Tapes","isPartOf":{"@id":"https:\/\/advancetapes.com\/fr\/#website"},"primaryImageOfPage":{"@id":"https:\/\/advancetapes.com\/fr\/products\/at208-ruban-pvc-advance-gaffa-tapis-de-danse\/#primaryimage"},"image":{"@id":"https:\/\/advancetapes.com\/fr\/products\/at208-ruban-pvc-advance-gaffa-tapis-de-danse\/#primaryimage"},"thumbnailUrl":"https:\/\/advancetapes.com\/wp-content\/uploads\/2021\/01\/AT208-black.png","datePublished":"2021-01-03T19:26:42+00:00","dateModified":"2025-04-02T08:55:06+00:00","breadcrumb":{"@id":"https:\/\/advancetapes.com\/fr\/products\/at208-ruban-pvc-advance-gaffa-tapis-de-danse\/#breadcrumb"},"inLanguage":"fr-FR","potentialAction":[{"@type":"ReadAction","target":["https:\/\/advancetapes.com\/fr\/products\/at208-ruban-pvc-advance-gaffa-tapis-de-danse\/"]}]},{"@type":"ImageObject","inLanguage":"fr-FR","@id":"https:\/\/advancetapes.com\/fr\/products\/at208-ruban-pvc-advance-gaffa-tapis-de-danse\/#primaryimage","url":"https:\/\/advancetapes.com\/wp-content\/uploads\/2021\/01\/AT208-black.png","contentUrl":"https:\/\/advancetapes.com\/wp-content\/uploads\/2021\/01\/AT208-black.png","width":600,"height":600,"caption":"Black_Advance_Gaffa_PVC_Dancefloor_tape"},{"@type":"BreadcrumbList","@id":"https:\/\/advancetapes.com\/fr\/products\/at208-ruban-pvc-advance-gaffa-tapis-de-danse\/#breadcrumb","itemListElement":[{"@type":"ListItem","position":1,"name":"Home","item":"https:\/\/advancetapes.com\/fr\/"},{"@type":"ListItem","position":2,"name":"Products","item":"https:\/\/advancetapes.com\/fr\/products\/"},{"@type":"ListItem","position":3,"name":"AT0208 Ruban PVC Advance Gaffa\u00ae Tapis de Danse"}]},{"@type":"WebSite","@id":"https:\/\/advancetapes.com\/fr\/#website","url":"https:\/\/advancetapes.com\/fr\/","name":"Advance Tapes","description":"Adding more to adhesive tape","potentialAction":[{"@type":"SearchAction","target":{"@type":"EntryPoint","urlTemplate":"https:\/\/advancetapes.com\/fr\/?s={search_term_string}"},"query-input":{"@type":"PropertyValueSpecification","valueRequired":true,"valueName":"search_term_string"}}],"inLanguage":"fr-FR"}]}},"_links":{"self":[{"href":"https:\/\/advancetapes.com\/fr\/wp-json\/wp\/v2\/product\/5678","targetHints":{"allow":["GET"]}}],"collection":[{"href":"https:\/\/advancetapes.com\/fr\/wp-json\/wp\/v2\/product"}],"about":[{"href":"https:\/\/advancetapes.com\/fr\/wp-json\/wp\/v2\/types\/product"}],"wp:featuredmedia":[{"embeddable":true,"href":"https:\/\/advancetapes.com\/fr\/wp-json\/wp\/v2\/media\/7571"}],"wp:attachment":[{"href":"https:\/\/advancetapes.com\/fr\/wp-json\/wp\/v2\/media?parent=5678"}],"wp:term":[{"taxonomy":"product_brand","embeddable":true,"href":"https:\/\/advancetapes.com\/fr\/wp-json\/wp\/v2\/product_brand?post=5678"},{"taxonomy":"product_cat","embeddable":true,"href":"https:\/\/advancetapes.com\/fr\/wp-json\/wp\/v2\/product_cat?post=5678"},{"taxonomy":"product_tag","embeddable":true,"href":"https:\/\/advancetapes.com\/fr\/wp-json\/wp\/v2\/product_tag?post=5678"}],"curies":[{"name":"wp","href":"https:\/\/api.w.org\/{rel}","templated":true}]}}