{"id":5669,"date":"2021-01-03T19:05:44","date_gmt":"2021-01-03T19:05:44","guid":{"rendered":"https:\/\/advancetapes.com\/products\/at68-ruban-pvc-strie-applications-protection-decoupe-nette-et-facile\/"},"modified":"2021-04-12T22:15:02","modified_gmt":"2021-04-12T22:15:02","slug":"at68-ruban-pvc-strie-applications-protection-decoupe-nette-et-facile","status":"publish","type":"product","link":"https:\/\/advancetapes.com\/fr\/products\/at68-ruban-pvc-strie-applications-protection-decoupe-nette-et-facile\/","title":{"rendered":"AT68 Ruban PVC Stri\u00e9 Applications Protection \/ D\u00e9coupe nette et facile"},"content":{"rendered":"<div  class='tabcontainer av-kjftr0sh-5cbeaf8b0626cf654d5dd98b301fff40 top_tab  avia-builder-el-0  avia-builder-el-no-sibling '>\n<section class='av_tab_section av_tab_section av-b6ymj2-e03d5fa9462c2b07a73cb4e8c8fa4374'  itemscope=\"itemscope\" itemtype=\"https:\/\/schema.org\/CreativeWork\" ><div id='tab-id-1-tab' class='tab active_tab' role='tab' aria-selected=\"true\" tabindex=\"0\" data-fake-id='#tab-id-1' aria-controls='tab-id-1-content'  itemprop=\"headline\" >Fonctionnalit\u00e9s<\/div><div id='tab-id-1-content' class='tab_content active_tab_content' role='tabpanel' aria-labelledby='tab-id-1-tab' aria-hidden=\"false\"><div class='tab_inner_content invers-color'  itemprop=\"text\" ><ul>\n<li>Ligne droite facile \u00e0 d\u00e9couper<\/li>\n<li>Faible pouvoir adh\u00e9sif imm\u00e9diat (tack)<\/li>\n<li>D\u00e9collement sans transfert jusqu&#8217;\u00e0 quatre semaines apr\u00e8s son application<\/li>\n<li>R\u00e9sistant \u00e0 l\u2019eau et aux U.V.<\/li>\n<li>Bonne r\u00e9sistance \u00e0 l\u2019abrasion<\/li>\n<li>Bonne r\u00e9sistance aux basses temp\u00e9ratures<\/li>\n<li>Conformable<\/li>\n<\/ul>\n<\/div><\/div><\/section>\n<section class='av_tab_section av_tab_section av-9wbba6-4509eae7613b4c59e9e18f1f247af134'  itemscope=\"itemscope\" itemtype=\"https:\/\/schema.org\/CreativeWork\" ><div id='tab-id-2-tab' class='tab' role='tab' aria-selected=\"false\" tabindex=\"0\" data-fake-id='#tab-id-2' aria-controls='tab-id-2-content'  itemprop=\"headline\" >Applications<\/div><div id='tab-id-2-content' class='tab_content' role='tabpanel' aria-labelledby='tab-id-2-tab' aria-hidden=\"true\"><div class='tab_inner_content invers-color'  itemprop=\"text\" ><ul>\n<li>Masquage et protection pendant la d\u00e9coration et la r\u00e9novation<\/li>\n<\/ul>\n<\/div><\/div><\/section>\n<section class='av_tab_section av_tab_section av-7ie8z2-9b7dbc2f2cc0de7edcde8d00399e78bf'  itemscope=\"itemscope\" itemtype=\"https:\/\/schema.org\/CreativeWork\" ><div id='tab-id-3-tab' class='tab' role='tab' aria-selected=\"false\" tabindex=\"0\" data-fake-id='#tab-id-3' aria-controls='tab-id-3-content'  itemprop=\"headline\" >Technical<\/div><div id='tab-id-3-content' class='tab_content' role='tabpanel' aria-labelledby='tab-id-3-tab' aria-hidden=\"true\"><div class='tab_inner_content invers-color'  itemprop=\"text\" ><div class=\"col-xs-24 col-sm-12\">\n<table cellspacing=\"0\" cellpadding=\"0\">\n<tbody>\n<tr>\n<td><strong>Type de Produit<\/strong><\/td>\n<td>PVC<\/td>\n<\/tr>\n<tr>\n<td><strong>Type d&#8217;Adh\u00e9sif<\/strong><\/td>\n<td>Masse adh\u00e9sive en r\u00e9sine de caoutchouc \u00e0 base de solvant (r\u00e9ticul\u00e9)<\/td>\n<\/tr>\n<tr>\n<td><strong>\u00c9paisseur<\/strong><\/td>\n<td>0.15mm<\/td>\n<\/tr>\n<tr>\n<td><strong>R\u00e9sistance \u00e0 la rupture<\/strong><\/td>\n<td>21 N\/cm<\/td>\n<\/tr>\n<tr>\n<td><strong>Allongement<\/strong><\/td>\n<td>100%<\/td>\n<\/tr>\n<tr>\n<td><strong>Adh\u00e9sion sur acier<\/strong><\/td>\n<td>1.7 N\/cm<\/td>\n<\/tr>\n<tr>\n<td><strong>Adh\u00e9sion sur endos<\/strong><\/td>\n<td>1.6 N\/cm<\/td>\n<\/tr>\n<tr>\n<td><strong>Tenue en temp\u00e9rature<\/strong><\/td>\n<td>-5\u00b0C to +60\u00b0C<\/td>\n<\/tr>\n<tr>\n<td><strong>Conformit\u00e9 RoHS<\/strong><\/td>\n<td>Oui<\/td>\n<\/tr>\n<\/tbody>\n<\/table>\n<\/div>\n<\/div><\/div><\/section>\n<section class='av_tab_section av_tab_section av-piqt-c78631c4603ff59fef417d06594d5e20'  itemscope=\"itemscope\" itemtype=\"https:\/\/schema.org\/CreativeWork\" ><div id='tab-id-4-tab' class='tab' role='tab' aria-selected=\"false\" tabindex=\"0\" data-fake-id='#tab-id-4' aria-controls='tab-id-4-content'  itemprop=\"headline\" >Colours<\/div><div id='tab-id-4-content' class='tab_content' role='tabpanel' aria-labelledby='tab-id-4-tab' aria-hidden=\"true\"><div class='tab_inner_content invers-color'  itemprop=\"text\" ><\/div><\/div><\/section>\n<\/div>\n","protected":false},"excerpt":{"rendered":"<p><strong>AT68 est un ruban PVC stri\u00e9 pour une d\u00e9coupe nette et facile<\/strong><\/p>\n<p>&nbsp;<\/p>\n<div class=\"first_para_desc\">\n<p>AT68 is a PVC film, ribbed for straight tear and coated with a low tack, cross-linked solvent based rubber-resin adhesive designed for the many different requirements of professionals and industries such as the construction, asbestos removal, electrical, entertainments, industrial and nuclear. The tape is ideally suited to outdoor exposure with excellent UV, water and abrasion resistance which enable the tape not to rust, stain or corrode during application. AT68 offers extra protection to smooth and difficult surfaces, even in extreme temperature conditions (from -5\u00b0C to +60\u00b0C). The ribbed finish makes the tape really easy to tear in a clean straight line. Plus, AT68 is clean peel* from a variety of surfaces surfaces and can be repositioned without leaving adhesive residue for up to four weeks after application. *If clean peel is critical we recommend that you test the tape on the surface it is to be applied to for suitability.<\/p>\n<\/div>\n","protected":false},"featured_media":4437,"template":"","meta":{"_acf_changed":false},"product_brand":[],"product_cat":[531,372,345],"product_tag":[332,329,330,331,334],"class_list":{"0":"post-5669","1":"product","2":"type-product","3":"status-publish","4":"has-post-thumbnail","6":"product_cat-asbestos-fr","7":"product_cat-building-fr","8":"product_cat-pvc-adhesive-tape","9":"product_tag-asbestos-fr","10":"product_tag-building-fr","11":"product_tag-entertainment-fr","12":"product_tag-industrial-consumables-fr","13":"product_tag-nuclear-fr","15":"first","16":"instock","17":"shipping-taxable","18":"product-type-simple"},"acf":[],"yoast_head":"<!-- This site is optimized with the Yoast SEO plugin v27.4 - https:\/\/yoast.com\/product\/yoast-seo-wordpress\/ -->\n<title>AT68 Ruban PVC Stri\u00e9 Applications Protection \/ D\u00e9coupe nette et facile - Advance Tapes<\/title>\n<meta name=\"robots\" content=\"index, follow, max-snippet:-1, max-image-preview:large, max-video-preview:-1\" \/>\n<link rel=\"canonical\" href=\"https:\/\/advancetapes.com\/fr\/products\/at68-ruban-pvc-strie-applications-protection-decoupe-nette-et-facile\/\" \/>\n<meta property=\"og:locale\" content=\"fr_FR\" \/>\n<meta property=\"og:type\" content=\"article\" \/>\n<meta property=\"og:title\" content=\"AT68 Ruban PVC Stri\u00e9 Applications Protection \/ D\u00e9coupe nette et facile - Advance Tapes\" \/>\n<meta property=\"og:description\" content=\"AT68 est un ruban PVC stri\u00e9 pour une d\u00e9coupe nette et facile  &nbsp;   AT68 is a PVC film, ribbed for straight tear and coated with a low tack, cross-linked solvent based rubber-resin adhesive designed for the many different requirements of professionals and industries such as the construction, asbestos removal, electrical, entertainments, industrial and nuclear. The tape is ideally suited to outdoor exposure with excellent UV, water and abrasion resistance which enable the tape not to rust, stain or corrode during application. AT68 offers extra protection to smooth and difficult surfaces, even in extreme temperature conditions (from -5\u00b0C to +60\u00b0C). The ribbed finish makes the tape really easy to tear in a clean straight line. Plus, AT68 is clean peel* from a variety of surfaces surfaces and can be repositioned without leaving adhesive residue for up to four weeks after application. *If clean peel is critical we recommend that you test the tape on the surface it is to be applied to for suitability.\" \/>\n<meta property=\"og:url\" content=\"https:\/\/advancetapes.com\/fr\/products\/at68-ruban-pvc-strie-applications-protection-decoupe-nette-et-facile\/\" \/>\n<meta property=\"og:site_name\" content=\"Advance Tapes\" \/>\n<meta property=\"article:modified_time\" content=\"2021-04-12T22:15:02+00:00\" \/>\n<meta property=\"og:image\" content=\"https:\/\/advancetapes.com\/wp-content\/uploads\/2021\/01\/Advance-Tapes_AT0068_Yellow.jpg\" \/>\n\t<meta property=\"og:image:width\" content=\"600\" \/>\n\t<meta property=\"og:image:height\" content=\"600\" \/>\n\t<meta property=\"og:image:type\" content=\"image\/jpeg\" \/>\n<meta name=\"twitter:card\" content=\"summary_large_image\" \/>\n<meta name=\"twitter:label1\" content=\"Est. reading time\" \/>\n\t<meta name=\"twitter:data1\" content=\"1 minute\" \/>\n<!-- \/ Yoast SEO plugin. -->","yoast_head_json":{"title":"AT68 Ruban PVC Stri\u00e9 Applications Protection \/ D\u00e9coupe nette et facile - Advance Tapes","robots":{"index":"index","follow":"follow","max-snippet":"max-snippet:-1","max-image-preview":"max-image-preview:large","max-video-preview":"max-video-preview:-1"},"canonical":"https:\/\/advancetapes.com\/fr\/products\/at68-ruban-pvc-strie-applications-protection-decoupe-nette-et-facile\/","og_locale":"fr_FR","og_type":"article","og_title":"AT68 Ruban PVC Stri\u00e9 Applications Protection \/ D\u00e9coupe nette et facile - Advance Tapes","og_description":"AT68 est un ruban PVC stri\u00e9 pour une d\u00e9coupe nette et facile  &nbsp;   AT68 is a PVC film, ribbed for straight tear and coated with a low tack, cross-linked solvent based rubber-resin adhesive designed for the many different requirements of professionals and industries such as the construction, asbestos removal, electrical, entertainments, industrial and nuclear. The tape is ideally suited to outdoor exposure with excellent UV, water and abrasion resistance which enable the tape not to rust, stain or corrode during application. AT68 offers extra protection to smooth and difficult surfaces, even in extreme temperature conditions (from -5\u00b0C to +60\u00b0C). The ribbed finish makes the tape really easy to tear in a clean straight line. Plus, AT68 is clean peel* from a variety of surfaces surfaces and can be repositioned without leaving adhesive residue for up to four weeks after application. *If clean peel is critical we recommend that you test the tape on the surface it is to be applied to for suitability.","og_url":"https:\/\/advancetapes.com\/fr\/products\/at68-ruban-pvc-strie-applications-protection-decoupe-nette-et-facile\/","og_site_name":"Advance Tapes","article_modified_time":"2021-04-12T22:15:02+00:00","og_image":[{"width":600,"height":600,"url":"https:\/\/advancetapes.com\/wp-content\/uploads\/2021\/01\/Advance-Tapes_AT0068_Yellow.jpg","type":"image\/jpeg"}],"twitter_card":"summary_large_image","twitter_misc":{"Est. reading time":"1 minute"},"schema":{"@context":"https:\/\/schema.org","@graph":[{"@type":"WebPage","@id":"https:\/\/advancetapes.com\/fr\/products\/at68-ruban-pvc-strie-applications-protection-decoupe-nette-et-facile\/","url":"https:\/\/advancetapes.com\/fr\/products\/at68-ruban-pvc-strie-applications-protection-decoupe-nette-et-facile\/","name":"AT68 Ruban PVC Stri\u00e9 Applications Protection \/ D\u00e9coupe nette et facile - Advance Tapes","isPartOf":{"@id":"https:\/\/advancetapes.com\/fr\/#website"},"primaryImageOfPage":{"@id":"https:\/\/advancetapes.com\/fr\/products\/at68-ruban-pvc-strie-applications-protection-decoupe-nette-et-facile\/#primaryimage"},"image":{"@id":"https:\/\/advancetapes.com\/fr\/products\/at68-ruban-pvc-strie-applications-protection-decoupe-nette-et-facile\/#primaryimage"},"thumbnailUrl":"https:\/\/advancetapes.com\/wp-content\/uploads\/2021\/01\/Advance-Tapes_AT0068_Yellow.jpg","datePublished":"2021-01-03T19:05:44+00:00","dateModified":"2021-04-12T22:15:02+00:00","breadcrumb":{"@id":"https:\/\/advancetapes.com\/fr\/products\/at68-ruban-pvc-strie-applications-protection-decoupe-nette-et-facile\/#breadcrumb"},"inLanguage":"fr-FR","potentialAction":[{"@type":"ReadAction","target":["https:\/\/advancetapes.com\/fr\/products\/at68-ruban-pvc-strie-applications-protection-decoupe-nette-et-facile\/"]}]},{"@type":"ImageObject","inLanguage":"fr-FR","@id":"https:\/\/advancetapes.com\/fr\/products\/at68-ruban-pvc-strie-applications-protection-decoupe-nette-et-facile\/#primaryimage","url":"https:\/\/advancetapes.com\/wp-content\/uploads\/2021\/01\/Advance-Tapes_AT0068_Yellow.jpg","contentUrl":"https:\/\/advancetapes.com\/wp-content\/uploads\/2021\/01\/Advance-Tapes_AT0068_Yellow.jpg","width":600,"height":600},{"@type":"BreadcrumbList","@id":"https:\/\/advancetapes.com\/fr\/products\/at68-ruban-pvc-strie-applications-protection-decoupe-nette-et-facile\/#breadcrumb","itemListElement":[{"@type":"ListItem","position":1,"name":"Home","item":"https:\/\/advancetapes.com\/fr\/"},{"@type":"ListItem","position":2,"name":"Products","item":"https:\/\/advancetapes.com\/fr\/products\/"},{"@type":"ListItem","position":3,"name":"AT68 Ruban PVC Stri\u00e9 Applications Protection \/ D\u00e9coupe nette et facile"}]},{"@type":"WebSite","@id":"https:\/\/advancetapes.com\/fr\/#website","url":"https:\/\/advancetapes.com\/fr\/","name":"Advance Tapes","description":"Adding more to adhesive tape","potentialAction":[{"@type":"SearchAction","target":{"@type":"EntryPoint","urlTemplate":"https:\/\/advancetapes.com\/fr\/?s={search_term_string}"},"query-input":{"@type":"PropertyValueSpecification","valueRequired":true,"valueName":"search_term_string"}}],"inLanguage":"fr-FR"}]}},"_links":{"self":[{"href":"https:\/\/advancetapes.com\/fr\/wp-json\/wp\/v2\/product\/5669","targetHints":{"allow":["GET"]}}],"collection":[{"href":"https:\/\/advancetapes.com\/fr\/wp-json\/wp\/v2\/product"}],"about":[{"href":"https:\/\/advancetapes.com\/fr\/wp-json\/wp\/v2\/types\/product"}],"wp:featuredmedia":[{"embeddable":true,"href":"https:\/\/advancetapes.com\/fr\/wp-json\/wp\/v2\/media\/4437"}],"wp:attachment":[{"href":"https:\/\/advancetapes.com\/fr\/wp-json\/wp\/v2\/media?parent=5669"}],"wp:term":[{"taxonomy":"product_brand","embeddable":true,"href":"https:\/\/advancetapes.com\/fr\/wp-json\/wp\/v2\/product_brand?post=5669"},{"taxonomy":"product_cat","embeddable":true,"href":"https:\/\/advancetapes.com\/fr\/wp-json\/wp\/v2\/product_cat?post=5669"},{"taxonomy":"product_tag","embeddable":true,"href":"https:\/\/advancetapes.com\/fr\/wp-json\/wp\/v2\/product_tag?post=5669"}],"curies":[{"name":"wp","href":"https:\/\/api.w.org\/{rel}","templated":true}]}}