{"id":5667,"date":"2021-01-03T19:01:44","date_gmt":"2021-01-03T19:01:44","guid":{"rendered":"https:\/\/advancetapes.com\/products\/at66-ruban-pvc-protection\/"},"modified":"2025-09-25T10:30:26","modified_gmt":"2025-09-25T10:30:26","slug":"at66-ruban-pvc-protection","status":"publish","type":"product","link":"https:\/\/advancetapes.com\/fr\/products\/at66-ruban-pvc-protection\/","title":{"rendered":"AT0066 Ruban PVC &#8211; Protection"},"content":{"rendered":"<div  class='tabcontainer av-kjftr0sh-5cbeaf8b0626cf654d5dd98b301fff40 top_tab  avia-builder-el-0  avia-builder-el-no-sibling '>\n<section class='av_tab_section av_tab_section av-b2ub0n-f1beaa148564cb32297ad17bb3e70d1a'  itemscope=\"itemscope\" itemtype=\"https:\/\/schema.org\/CreativeWork\" ><div id='tab-id-1-tab' class='tab active_tab' role='tab' aria-selected=\"true\" tabindex=\"0\" data-fake-id='#tab-id-1' aria-controls='tab-id-1-content'  itemprop=\"headline\" >Fonctionnalit\u00e9s<\/div><div id='tab-id-1-content' class='tab_content active_tab_content' role='tabpanel' aria-labelledby='tab-id-1-tab' aria-hidden=\"false\"><div class='tab_inner_content invers-color'  itemprop=\"text\" ><ul>\n<li>Facile \u00e0 d\u00e9rouler<\/li>\n<li>Facile \u00e0 d\u00e9couper<\/li>\n<li>Faible pouvoir adh\u00e9sif imm\u00e9diat (Tack)<\/li>\n<li>Allongement faible<\/li>\n<li>Conformable<\/li>\n<li>D\u00e9collement sans transfert jusqu&#8217;\u00e0 quatre semaines apr\u00e8s son application<\/li>\n<li>R\u00e9sistant \u00e0 l\u2019eau et aux U.V.<\/li>\n<li>Bonne r\u00e9sistance \u00e0 l\u2019abrasion<\/li>\n<\/ul>\n<\/div><\/div><\/section>\n<section class='av_tab_section av_tab_section av-8pmqx3-67b74e46a54513cd2c5c0d93be6b13b8'  itemscope=\"itemscope\" itemtype=\"https:\/\/schema.org\/CreativeWork\" ><div id='tab-id-2-tab' class='tab' role='tab' aria-selected=\"false\" tabindex=\"0\" data-fake-id='#tab-id-2' aria-controls='tab-id-2-content'  itemprop=\"headline\" >Applications<\/div><div id='tab-id-2-content' class='tab_content' role='tabpanel' aria-labelledby='tab-id-2-tab' aria-hidden=\"true\"><div class='tab_inner_content invers-color'  itemprop=\"text\" ><ul>\n<li>Masquage et protection pendant la d\u00e9coration et la r\u00e9novation<\/li>\n<li>Protection des surfaces pendant le processus de fabrication dans l&#8217;industrie automobile<\/li>\n<li>Protection des profil\u00e9s en aluminium extrud\u00e9 &#8211; cadres de fen\u00eatre commerciaux<\/li>\n<\/ul>\n<\/div><\/div><\/section>\n<section class='av_tab_section av_tab_section av-7vspsn-078e22c113c519cbe838f91eeca84d82'  itemscope=\"itemscope\" itemtype=\"https:\/\/schema.org\/CreativeWork\" ><div id='tab-id-3-tab' class='tab' role='tab' aria-selected=\"false\" tabindex=\"0\" data-fake-id='#tab-id-3' aria-controls='tab-id-3-content'  itemprop=\"headline\" >Technical<\/div><div id='tab-id-3-content' class='tab_content' role='tabpanel' aria-labelledby='tab-id-3-tab' aria-hidden=\"true\"><div class='tab_inner_content invers-color'  itemprop=\"text\" ><table cellspacing=\"0\" cellpadding=\"0\">\n<tbody>\n<tr>\n<td><strong>Type de Produit<\/strong><\/td>\n<td>PVC<\/td>\n<\/tr>\n<tr>\n<td><strong>Type d&#8217;Adh\u00e9sif<\/strong><\/td>\n<td>Masse adh\u00e9sive en r\u00e9sine de caoutchouc \u00e0 base de solvant (r\u00e9ticul\u00e9)<\/td>\n<\/tr>\n<tr>\n<td><strong>\u00c9paisseur<\/strong><\/td>\n<td>0.13mm<\/td>\n<\/tr>\n<tr>\n<td><strong>R\u00e9sistance \u00e0 la rupture<\/strong><\/td>\n<td>26 N\/cm<\/td>\n<\/tr>\n<tr>\n<td><strong>Allongement<\/strong><\/td>\n<td>140%<\/td>\n<\/tr>\n<tr>\n<td><strong>Adh\u00e9sion sur acier<\/strong><\/td>\n<td>1.7 N\/cm<\/td>\n<\/tr>\n<tr>\n<td><strong>Tenue en temp\u00e9rature<\/strong><\/td>\n<td>-5\u00b0C to +60\u00b0C<\/td>\n<\/tr>\n<tr>\n<td><strong>Conformit\u00e9 RoHS<\/strong><\/td>\n<td>Oui<\/td>\n<\/tr>\n<\/tbody>\n<\/table>\n<\/div><\/div><\/section>\n<section class='av_tab_section av_tab_section av-piqt-c78631c4603ff59fef417d06594d5e20'  itemscope=\"itemscope\" itemtype=\"https:\/\/schema.org\/CreativeWork\" ><div id='tab-id-4-tab' class='tab' role='tab' aria-selected=\"false\" tabindex=\"0\" data-fake-id='#tab-id-4' aria-controls='tab-id-4-content'  itemprop=\"headline\" >Colours<\/div><div id='tab-id-4-content' class='tab_content' role='tabpanel' aria-labelledby='tab-id-4-tab' aria-hidden=\"true\"><div class='tab_inner_content invers-color'  itemprop=\"text\" ><\/div><\/div><\/section>\n<\/div>\n","protected":false},"excerpt":{"rendered":"<p><strong>Ruban PVC de protection conformable id\u00e9al pour une application manuelle ou par machine<\/strong><\/p>\n<p>&nbsp;<\/p>\n<div class=\"first_para_desc\">\n<p>AT66 is a PVC film coated with a low tack, cross-linked solvent based rubber-resin adhesive specially designed to provide extra surface protection in indoor and outdoor applications, such as construction, military, utilities, electronics, industrial and entertainments industries. Suitable for external applications, this protection tape offers high resistance against abrasion, water, adverse weather and UV. AT66 can withstand the elements, so it adheres very well over a wide temperature range from -5\u00b0C to +60\u00b0C. An extremely easy to apply PVC tape with a good tear and unwind characteristics for both hand and machine application. AT66 conforms well to smooth and uneven surfaces. Plus, AT66 is clean peel* from a variety of surfaces surfaces and can be repositioned without leaving adhesive residue for up to four weeks after application. *If clean peel is critical we recommend that you test the tape on the surface it is to be applied to for suitability For more versatile applications, the tape is available in yellow, black, white, orange and green.<\/p>\n<\/div>\n","protected":false},"featured_media":4431,"template":"","meta":{"_acf_changed":false},"product_brand":[],"product_cat":[372,345],"product_tag":[329,330,331],"class_list":{"0":"post-5667","1":"product","2":"type-product","3":"status-publish","4":"has-post-thumbnail","6":"product_cat-building-fr","7":"product_cat-pvc-adhesive-tape","8":"product_tag-building-fr","9":"product_tag-entertainment-fr","10":"product_tag-industrial-consumables-fr","12":"first","13":"instock","14":"shipping-taxable","15":"product-type-simple"},"acf":[],"yoast_head":"<!-- This site is optimized with the Yoast SEO plugin v27.3 - https:\/\/yoast.com\/product\/yoast-seo-wordpress\/ -->\n<title>AT0066 Ruban PVC - Protection - Advance Tapes<\/title>\n<meta name=\"robots\" content=\"index, follow, max-snippet:-1, max-image-preview:large, max-video-preview:-1\" \/>\n<link rel=\"canonical\" href=\"https:\/\/advancetapes.com\/fr\/products\/at66-ruban-pvc-protection\/\" \/>\n<meta property=\"og:locale\" content=\"fr_FR\" \/>\n<meta property=\"og:type\" content=\"article\" \/>\n<meta property=\"og:title\" content=\"AT0066 Ruban PVC - Protection - Advance Tapes\" \/>\n<meta property=\"og:description\" content=\"Ruban PVC de protection conformable id\u00e9al pour une application manuelle ou par machine  &nbsp;   AT66 is a PVC film coated with a low tack, cross-linked solvent based rubber-resin adhesive specially designed to provide extra surface protection in indoor and outdoor applications, such as construction, military, utilities, electronics, industrial and entertainments industries. Suitable for external applications, this protection tape offers high resistance against abrasion, water, adverse weather and UV. AT66 can withstand the elements, so it adheres very well over a wide temperature range from -5\u00b0C to +60\u00b0C. An extremely easy to apply PVC tape with a good tear and unwind characteristics for both hand and machine application. AT66 conforms well to smooth and uneven surfaces. Plus, AT66 is clean peel* from a variety of surfaces surfaces and can be repositioned without leaving adhesive residue for up to four weeks after application. *If clean peel is critical we recommend that you test the tape on the surface it is to be applied to for suitability For more versatile applications, the tape is available in yellow, black, white, orange and green.\" \/>\n<meta property=\"og:url\" content=\"https:\/\/advancetapes.com\/fr\/products\/at66-ruban-pvc-protection\/\" \/>\n<meta property=\"og:site_name\" content=\"Advance Tapes\" \/>\n<meta property=\"article:modified_time\" content=\"2025-09-25T10:30:26+00:00\" \/>\n<meta property=\"og:image\" content=\"https:\/\/advancetapes.com\/wp-content\/uploads\/2021\/01\/Advance-Tapes_AT0066_Yellow.jpg\" \/>\n\t<meta property=\"og:image:width\" content=\"600\" \/>\n\t<meta property=\"og:image:height\" content=\"600\" \/>\n\t<meta property=\"og:image:type\" content=\"image\/jpeg\" \/>\n<meta name=\"twitter:card\" content=\"summary_large_image\" \/>\n<meta name=\"twitter:label1\" content=\"Est. reading time\" \/>\n\t<meta name=\"twitter:data1\" content=\"1 minute\" \/>\n<!-- \/ Yoast SEO plugin. -->","yoast_head_json":{"title":"AT0066 Ruban PVC - Protection - Advance Tapes","robots":{"index":"index","follow":"follow","max-snippet":"max-snippet:-1","max-image-preview":"max-image-preview:large","max-video-preview":"max-video-preview:-1"},"canonical":"https:\/\/advancetapes.com\/fr\/products\/at66-ruban-pvc-protection\/","og_locale":"fr_FR","og_type":"article","og_title":"AT0066 Ruban PVC - Protection - Advance Tapes","og_description":"Ruban PVC de protection conformable id\u00e9al pour une application manuelle ou par machine  &nbsp;   AT66 is a PVC film coated with a low tack, cross-linked solvent based rubber-resin adhesive specially designed to provide extra surface protection in indoor and outdoor applications, such as construction, military, utilities, electronics, industrial and entertainments industries. Suitable for external applications, this protection tape offers high resistance against abrasion, water, adverse weather and UV. AT66 can withstand the elements, so it adheres very well over a wide temperature range from -5\u00b0C to +60\u00b0C. An extremely easy to apply PVC tape with a good tear and unwind characteristics for both hand and machine application. AT66 conforms well to smooth and uneven surfaces. Plus, AT66 is clean peel* from a variety of surfaces surfaces and can be repositioned without leaving adhesive residue for up to four weeks after application. *If clean peel is critical we recommend that you test the tape on the surface it is to be applied to for suitability For more versatile applications, the tape is available in yellow, black, white, orange and green.","og_url":"https:\/\/advancetapes.com\/fr\/products\/at66-ruban-pvc-protection\/","og_site_name":"Advance Tapes","article_modified_time":"2025-09-25T10:30:26+00:00","og_image":[{"width":600,"height":600,"url":"https:\/\/advancetapes.com\/wp-content\/uploads\/2021\/01\/Advance-Tapes_AT0066_Yellow.jpg","type":"image\/jpeg"}],"twitter_card":"summary_large_image","twitter_misc":{"Est. reading time":"1 minute"},"schema":{"@context":"https:\/\/schema.org","@graph":[{"@type":"WebPage","@id":"https:\/\/advancetapes.com\/fr\/products\/at66-ruban-pvc-protection\/","url":"https:\/\/advancetapes.com\/fr\/products\/at66-ruban-pvc-protection\/","name":"AT0066 Ruban PVC - Protection - Advance Tapes","isPartOf":{"@id":"https:\/\/advancetapes.com\/fr\/#website"},"primaryImageOfPage":{"@id":"https:\/\/advancetapes.com\/fr\/products\/at66-ruban-pvc-protection\/#primaryimage"},"image":{"@id":"https:\/\/advancetapes.com\/fr\/products\/at66-ruban-pvc-protection\/#primaryimage"},"thumbnailUrl":"https:\/\/advancetapes.com\/wp-content\/uploads\/2021\/01\/Advance-Tapes_AT0066_Yellow.jpg","datePublished":"2021-01-03T19:01:44+00:00","dateModified":"2025-09-25T10:30:26+00:00","breadcrumb":{"@id":"https:\/\/advancetapes.com\/fr\/products\/at66-ruban-pvc-protection\/#breadcrumb"},"inLanguage":"fr-FR","potentialAction":[{"@type":"ReadAction","target":["https:\/\/advancetapes.com\/fr\/products\/at66-ruban-pvc-protection\/"]}]},{"@type":"ImageObject","inLanguage":"fr-FR","@id":"https:\/\/advancetapes.com\/fr\/products\/at66-ruban-pvc-protection\/#primaryimage","url":"https:\/\/advancetapes.com\/wp-content\/uploads\/2021\/01\/Advance-Tapes_AT0066_Yellow.jpg","contentUrl":"https:\/\/advancetapes.com\/wp-content\/uploads\/2021\/01\/Advance-Tapes_AT0066_Yellow.jpg","width":600,"height":600,"caption":"Long Term PVC Protection Tape"},{"@type":"BreadcrumbList","@id":"https:\/\/advancetapes.com\/fr\/products\/at66-ruban-pvc-protection\/#breadcrumb","itemListElement":[{"@type":"ListItem","position":1,"name":"Home","item":"https:\/\/advancetapes.com\/fr\/"},{"@type":"ListItem","position":2,"name":"Products","item":"https:\/\/advancetapes.com\/fr\/products\/"},{"@type":"ListItem","position":3,"name":"AT0066 Ruban PVC &#8211; Protection"}]},{"@type":"WebSite","@id":"https:\/\/advancetapes.com\/fr\/#website","url":"https:\/\/advancetapes.com\/fr\/","name":"Advance Tapes","description":"Adding more to adhesive tape","potentialAction":[{"@type":"SearchAction","target":{"@type":"EntryPoint","urlTemplate":"https:\/\/advancetapes.com\/fr\/?s={search_term_string}"},"query-input":{"@type":"PropertyValueSpecification","valueRequired":true,"valueName":"search_term_string"}}],"inLanguage":"fr-FR"}]}},"_links":{"self":[{"href":"https:\/\/advancetapes.com\/fr\/wp-json\/wp\/v2\/product\/5667","targetHints":{"allow":["GET"]}}],"collection":[{"href":"https:\/\/advancetapes.com\/fr\/wp-json\/wp\/v2\/product"}],"about":[{"href":"https:\/\/advancetapes.com\/fr\/wp-json\/wp\/v2\/types\/product"}],"wp:featuredmedia":[{"embeddable":true,"href":"https:\/\/advancetapes.com\/fr\/wp-json\/wp\/v2\/media\/4431"}],"wp:attachment":[{"href":"https:\/\/advancetapes.com\/fr\/wp-json\/wp\/v2\/media?parent=5667"}],"wp:term":[{"taxonomy":"product_brand","embeddable":true,"href":"https:\/\/advancetapes.com\/fr\/wp-json\/wp\/v2\/product_brand?post=5667"},{"taxonomy":"product_cat","embeddable":true,"href":"https:\/\/advancetapes.com\/fr\/wp-json\/wp\/v2\/product_cat?post=5667"},{"taxonomy":"product_tag","embeddable":true,"href":"https:\/\/advancetapes.com\/fr\/wp-json\/wp\/v2\/product_tag?post=5667"}],"curies":[{"name":"wp","href":"https:\/\/api.w.org\/{rel}","templated":true}]}}