{"id":5661,"date":"2021-01-03T18:53:05","date_gmt":"2021-01-03T18:53:05","guid":{"rendered":"https:\/\/advancetapes.com\/products\/at44-ruban-pvc-protection-de-surfaces-sans-transfert\/"},"modified":"2025-04-02T08:45:16","modified_gmt":"2025-04-02T08:45:16","slug":"at44-ruban-pvc-protection-de-surfaces-sans-transfert","status":"publish","type":"product","link":"https:\/\/advancetapes.com\/fr\/products\/at44-ruban-pvc-protection-de-surfaces-sans-transfert\/","title":{"rendered":"AT0044 Ruban PVC &#8211; Protection de Surfaces Sans Transfert"},"content":{"rendered":"<p><span data-mce-type=\"bookmark\" style=\"display: inline-block; width: 0px; overflow: hidden; line-height: 0;\" class=\"mce_SELRES_start\">\ufeff<\/span><div  class='tabcontainer av-kjftr0sh-5cbeaf8b0626cf654d5dd98b301fff40 top_tab  avia-builder-el-0  avia-builder-el-no-sibling '>\n<section class='av_tab_section av_tab_section av-13rs2m-1d51facd28953f95e51b16e594db9ae8'  itemscope=\"itemscope\" itemtype=\"https:\/\/schema.org\/CreativeWork\" ><div id='tab-id-1-tab' class='tab active_tab' role='tab' aria-selected=\"true\" tabindex=\"0\" data-fake-id='#tab-id-1' aria-controls='tab-id-1-content'  itemprop=\"headline\" >Fonctionnalit\u00e9s<\/div><div id='tab-id-1-content' class='tab_content active_tab_content' role='tabpanel' aria-labelledby='tab-id-1-tab' aria-hidden=\"false\"><div class='tab_inner_content invers-color'  itemprop=\"text\" ><ul>\n<li>Facile \u00e0 d\u00e9rouler<\/li>\n<li>Faible pouvoir adh\u00e9sif imm\u00e9diat (tack)<\/li>\n<li>D\u00e9collement sans transfert sur la plupart des surfaces<\/li>\n<li>Retardateur de flamme<\/li>\n<li>Conformable<\/li>\n<li>R\u00e9sistant \u00e0 l\u2019eau et aux U.V.<\/li>\n<li>Bonne r\u00e9sistance \u00e0 l\u2019abrasion<\/li>\n<li>Adh\u00e9sif non-corrosif<\/li>\n<\/ul>\n<\/div><\/div><\/section>\n<section class='av_tab_section av_tab_section av-94y0la-5b2af05a056c22d01d36cdc1133f82df'  itemscope=\"itemscope\" itemtype=\"https:\/\/schema.org\/CreativeWork\" ><div id='tab-id-2-tab' class='tab' role='tab' aria-selected=\"false\" tabindex=\"0\" data-fake-id='#tab-id-2' aria-controls='tab-id-2-content'  itemprop=\"headline\" >Applications<\/div><div id='tab-id-2-content' class='tab_content' role='tabpanel' aria-labelledby='tab-id-2-tab' aria-hidden=\"true\"><div class='tab_inner_content invers-color'  itemprop=\"text\" ><ul>\n<li>Protection et masquage pendant la construction ou la r\u00e9novation des navires<\/li>\n<li>Protection ext\u00e9rieure et masquage, en particulier lorsque le risque d&#8217;incendie est un probl\u00e8me<\/li>\n<li>Protection d&#8217;extrusions en aluminium<\/li>\n<\/ul>\n<\/div><\/div><\/section>\n<section class='av_tab_section av_tab_section av-87cb7i-a62edc7227565c4fd06046f8bbfaacd9'  itemscope=\"itemscope\" itemtype=\"https:\/\/schema.org\/CreativeWork\" ><div id='tab-id-3-tab' class='tab' role='tab' aria-selected=\"false\" tabindex=\"0\" data-fake-id='#tab-id-3' aria-controls='tab-id-3-content'  itemprop=\"headline\" >Technical<\/div><div id='tab-id-3-content' class='tab_content' role='tabpanel' aria-labelledby='tab-id-3-tab' aria-hidden=\"true\"><div class='tab_inner_content invers-color'  itemprop=\"text\" ><table cellspacing=\"0\" cellpadding=\"0\">\n<tbody>\n<tr>\n<td><strong>Type de Produit<\/strong><\/td>\n<td>PVC<\/td>\n<\/tr>\n<tr>\n<td><strong>Type d&#8217;Adh\u00e9sif<\/strong><\/td>\n<td>Masse adh\u00e9sive en r\u00e9sine de caoutchouc \u00e0 base de solvant<\/td>\n<\/tr>\n<tr>\n<td><strong>\u00c9paisseur<\/strong><\/td>\n<td>0.13mm<\/td>\n<\/tr>\n<tr>\n<td><strong>R\u00e9sistance \u00e0 la rupture<\/strong><\/td>\n<td>23 N\/cm<\/td>\n<\/tr>\n<tr>\n<td><strong>Allongement<\/strong><\/td>\n<td>150%<\/td>\n<\/tr>\n<tr>\n<td><strong>Adh\u00e9sion sur acier<\/strong><\/td>\n<td>0.3 N\/cm<\/td>\n<\/tr>\n<tr>\n<td><strong>Tenue en temp\u00e9rature<\/strong><\/td>\n<td>0\u00b0C to +60\u00b0C<\/td>\n<\/tr>\n<tr>\n<td><strong>Conformit\u00e9 RoHS<\/strong><\/td>\n<td>Oui<\/td>\n<\/tr>\n<\/tbody>\n<\/table>\n<\/div><\/div><\/section>\n<section class='av_tab_section av_tab_section av-piqt-48b82d9099e36577dd2c08fe8a3b94f7'  itemscope=\"itemscope\" itemtype=\"https:\/\/schema.org\/CreativeWork\" ><div id='tab-id-4-tab' class='tab' role='tab' aria-selected=\"false\" tabindex=\"0\" data-fake-id='#tab-id-4' aria-controls='tab-id-4-content'  itemprop=\"headline\" >Colours and Sizes<\/div><div id='tab-id-4-content' class='tab_content' role='tabpanel' aria-labelledby='tab-id-4-tab' aria-hidden=\"true\"><div class='tab_inner_content invers-color'  itemprop=\"text\" ><p><span id=\"uxm_tab_pro_color\" class=\"uxm_tab_pro_color\"><\/span><span id=\"uxm_tab_pro_color_2\" class=\"uxm_tab_pro_color\"><\/span><span id=\"uxm_tab_pro_color_3\" class=\"uxm_tab_pro_color\"><\/span><span id=\"uxm_tab_pro_color_4\" class=\"uxm_tab_pro_color\"><\/span><span id=\"uxm_tab_pro_color_5\" class=\"uxm_tab_pro_color\"><\/span><span id=\"uxm_tab_pro_color_6\" class=\"uxm_tab_pro_color\"><\/span><span id=\"uxm_tab_pro_color_7\" class=\"uxm_tab_pro_color\"><\/span><\/p>\n<table style=\"height: 50px;\" width=\"1356\" cellspacing=\"0\" cellpadding=\"0\">\n<tbody>\n<tr>\n<td><strong>Standard Stock Sizes<\/strong><\/td>\n<td>50mmx33m<\/td>\n<td>1370mmx33m<\/td>\n<\/tr>\n<tr>\n<\/tr>\n<\/tbody>\n<\/table>\n<\/div><\/div><\/section>\n<\/div><span data-mce-type=\"bookmark\" style=\"display: inline-block; width: 0px; overflow: hidden; line-height: 0;\" class=\"mce_SELRES_end\">\ufeff<\/span><\/p>\n","protected":false},"excerpt":{"rendered":"<div class=\"first_para_desc\">\n<p>L\u2019AT44 est un film PVC mince, enduit d\u2019une masse adh\u00e9sive en r\u00e9sine de caoutchouc \u00e0 base de solvant, avec une faible adh\u00e9rence imm\u00e9diate et r\u00e9sistant aux U.V. Con\u00e7u pour les applications soumises \u00e0 de hautes temp\u00e9ratures dans les secteurs de l\u2019a\u00e9rospatiale, de l\u2019automobile, de la marine, du spectacle, de la construction, de l\u2019ing\u00e9nierie et de la maintenance<\/p>\n<\/div>\n<div class=\"rest_of_desc\"><\/div>\n","protected":false},"featured_media":4417,"template":"","meta":{"_acf_changed":false},"product_brand":[],"product_cat":[345,503,532],"product_tag":[329,330,331],"class_list":{"0":"post-5661","1":"product","2":"type-product","3":"status-publish","4":"has-post-thumbnail","6":"product_cat-pvc-adhesive-tape","7":"product_cat-stock-disponsible","8":"product_cat-stockatf-de-fr","9":"product_tag-building-fr","10":"product_tag-entertainment-fr","11":"product_tag-industrial-consumables-fr","13":"first","14":"outofstock","15":"shipping-taxable","16":"product-type-simple"},"acf":[],"yoast_head":"<!-- This site is optimized with the Yoast SEO plugin v27.3 - https:\/\/yoast.com\/product\/yoast-seo-wordpress\/ -->\n<title>AT0044 Ruban PVC - Protection de Surfaces Sans Transfert - Advance Tapes<\/title>\n<meta name=\"robots\" content=\"index, follow, max-snippet:-1, max-image-preview:large, max-video-preview:-1\" \/>\n<link rel=\"canonical\" href=\"https:\/\/advancetapes.com\/fr\/products\/at44-ruban-pvc-protection-de-surfaces-sans-transfert\/\" \/>\n<meta property=\"og:locale\" content=\"fr_FR\" \/>\n<meta property=\"og:type\" content=\"article\" \/>\n<meta property=\"og:title\" content=\"AT0044 Ruban PVC - Protection de Surfaces Sans Transfert - Advance Tapes\" \/>\n<meta property=\"og:description\" content=\"L\u2019AT44 est un film PVC mince, enduit d\u2019une masse adh\u00e9sive en r\u00e9sine de caoutchouc \u00e0 base de solvant, avec une faible adh\u00e9rence imm\u00e9diate et r\u00e9sistant aux U.V. Con\u00e7u pour les applications soumises \u00e0 de hautes temp\u00e9ratures dans les secteurs de l\u2019a\u00e9rospatiale, de l\u2019automobile, de la marine, du spectacle, de la construction, de l\u2019ing\u00e9nierie et de la maintenance\" \/>\n<meta property=\"og:url\" content=\"https:\/\/advancetapes.com\/fr\/products\/at44-ruban-pvc-protection-de-surfaces-sans-transfert\/\" \/>\n<meta property=\"og:site_name\" content=\"Advance Tapes\" \/>\n<meta property=\"article:modified_time\" content=\"2025-04-02T08:45:16+00:00\" \/>\n<meta property=\"og:image\" content=\"https:\/\/advancetapes.com\/wp-content\/uploads\/2021\/01\/Advance-Tapes_AT0044_Black.jpg\" \/>\n\t<meta property=\"og:image:width\" content=\"600\" \/>\n\t<meta property=\"og:image:height\" content=\"600\" \/>\n\t<meta property=\"og:image:type\" content=\"image\/jpeg\" \/>\n<meta name=\"twitter:card\" content=\"summary_large_image\" \/>\n<meta name=\"twitter:label1\" content=\"Est. reading time\" \/>\n\t<meta name=\"twitter:data1\" content=\"1 minute\" \/>\n<!-- \/ Yoast SEO plugin. -->","yoast_head_json":{"title":"AT0044 Ruban PVC - Protection de Surfaces Sans Transfert - Advance Tapes","robots":{"index":"index","follow":"follow","max-snippet":"max-snippet:-1","max-image-preview":"max-image-preview:large","max-video-preview":"max-video-preview:-1"},"canonical":"https:\/\/advancetapes.com\/fr\/products\/at44-ruban-pvc-protection-de-surfaces-sans-transfert\/","og_locale":"fr_FR","og_type":"article","og_title":"AT0044 Ruban PVC - Protection de Surfaces Sans Transfert - Advance Tapes","og_description":"L\u2019AT44 est un film PVC mince, enduit d\u2019une masse adh\u00e9sive en r\u00e9sine de caoutchouc \u00e0 base de solvant, avec une faible adh\u00e9rence imm\u00e9diate et r\u00e9sistant aux U.V. Con\u00e7u pour les applications soumises \u00e0 de hautes temp\u00e9ratures dans les secteurs de l\u2019a\u00e9rospatiale, de l\u2019automobile, de la marine, du spectacle, de la construction, de l\u2019ing\u00e9nierie et de la maintenance","og_url":"https:\/\/advancetapes.com\/fr\/products\/at44-ruban-pvc-protection-de-surfaces-sans-transfert\/","og_site_name":"Advance Tapes","article_modified_time":"2025-04-02T08:45:16+00:00","og_image":[{"width":600,"height":600,"url":"https:\/\/advancetapes.com\/wp-content\/uploads\/2021\/01\/Advance-Tapes_AT0044_Black.jpg","type":"image\/jpeg"}],"twitter_card":"summary_large_image","twitter_misc":{"Est. reading time":"1 minute"},"schema":{"@context":"https:\/\/schema.org","@graph":[{"@type":"WebPage","@id":"https:\/\/advancetapes.com\/fr\/products\/at44-ruban-pvc-protection-de-surfaces-sans-transfert\/","url":"https:\/\/advancetapes.com\/fr\/products\/at44-ruban-pvc-protection-de-surfaces-sans-transfert\/","name":"AT0044 Ruban PVC - Protection de Surfaces Sans Transfert - Advance Tapes","isPartOf":{"@id":"https:\/\/advancetapes.com\/fr\/#website"},"primaryImageOfPage":{"@id":"https:\/\/advancetapes.com\/fr\/products\/at44-ruban-pvc-protection-de-surfaces-sans-transfert\/#primaryimage"},"image":{"@id":"https:\/\/advancetapes.com\/fr\/products\/at44-ruban-pvc-protection-de-surfaces-sans-transfert\/#primaryimage"},"thumbnailUrl":"https:\/\/advancetapes.com\/wp-content\/uploads\/2021\/01\/Advance-Tapes_AT0044_Black.jpg","datePublished":"2021-01-03T18:53:05+00:00","dateModified":"2025-04-02T08:45:16+00:00","breadcrumb":{"@id":"https:\/\/advancetapes.com\/fr\/products\/at44-ruban-pvc-protection-de-surfaces-sans-transfert\/#breadcrumb"},"inLanguage":"fr-FR","potentialAction":[{"@type":"ReadAction","target":["https:\/\/advancetapes.com\/fr\/products\/at44-ruban-pvc-protection-de-surfaces-sans-transfert\/"]}]},{"@type":"ImageObject","inLanguage":"fr-FR","@id":"https:\/\/advancetapes.com\/fr\/products\/at44-ruban-pvc-protection-de-surfaces-sans-transfert\/#primaryimage","url":"https:\/\/advancetapes.com\/wp-content\/uploads\/2021\/01\/Advance-Tapes_AT0044_Black.jpg","contentUrl":"https:\/\/advancetapes.com\/wp-content\/uploads\/2021\/01\/Advance-Tapes_AT0044_Black.jpg","width":600,"height":600},{"@type":"BreadcrumbList","@id":"https:\/\/advancetapes.com\/fr\/products\/at44-ruban-pvc-protection-de-surfaces-sans-transfert\/#breadcrumb","itemListElement":[{"@type":"ListItem","position":1,"name":"Home","item":"https:\/\/advancetapes.com\/fr\/"},{"@type":"ListItem","position":2,"name":"Products","item":"https:\/\/advancetapes.com\/fr\/products\/"},{"@type":"ListItem","position":3,"name":"AT0044 Ruban PVC &#8211; Protection de Surfaces Sans Transfert"}]},{"@type":"WebSite","@id":"https:\/\/advancetapes.com\/fr\/#website","url":"https:\/\/advancetapes.com\/fr\/","name":"Advance Tapes","description":"Adding more to adhesive tape","potentialAction":[{"@type":"SearchAction","target":{"@type":"EntryPoint","urlTemplate":"https:\/\/advancetapes.com\/fr\/?s={search_term_string}"},"query-input":{"@type":"PropertyValueSpecification","valueRequired":true,"valueName":"search_term_string"}}],"inLanguage":"fr-FR"}]}},"_links":{"self":[{"href":"https:\/\/advancetapes.com\/fr\/wp-json\/wp\/v2\/product\/5661","targetHints":{"allow":["GET"]}}],"collection":[{"href":"https:\/\/advancetapes.com\/fr\/wp-json\/wp\/v2\/product"}],"about":[{"href":"https:\/\/advancetapes.com\/fr\/wp-json\/wp\/v2\/types\/product"}],"wp:featuredmedia":[{"embeddable":true,"href":"https:\/\/advancetapes.com\/fr\/wp-json\/wp\/v2\/media\/4417"}],"wp:attachment":[{"href":"https:\/\/advancetapes.com\/fr\/wp-json\/wp\/v2\/media?parent=5661"}],"wp:term":[{"taxonomy":"product_brand","embeddable":true,"href":"https:\/\/advancetapes.com\/fr\/wp-json\/wp\/v2\/product_brand?post=5661"},{"taxonomy":"product_cat","embeddable":true,"href":"https:\/\/advancetapes.com\/fr\/wp-json\/wp\/v2\/product_cat?post=5661"},{"taxonomy":"product_tag","embeddable":true,"href":"https:\/\/advancetapes.com\/fr\/wp-json\/wp\/v2\/product_tag?post=5661"}],"curies":[{"name":"wp","href":"https:\/\/api.w.org\/{rel}","templated":true}]}}