{"id":5658,"date":"2021-01-03T18:49:41","date_gmt":"2021-01-03T18:49:41","guid":{"rendered":"https:\/\/advancetapes.com\/products\/at42-ruban-pvc-orange-application-pare-vapeur\/"},"modified":"2025-04-02T08:43:31","modified_gmt":"2025-04-02T08:43:31","slug":"at42-ruban-pvc-orange-application-pare-vapeur","status":"publish","type":"product","link":"https:\/\/advancetapes.com\/fr\/products\/at42-ruban-pvc-orange-application-pare-vapeur\/","title":{"rendered":"AT0042 Ruban PVC Orange Application Pare-Vapeur"},"content":{"rendered":"<p><span data-mce-type=\"bookmark\" style=\"display: inline-block; width: 0px; overflow: hidden; line-height: 0;\" class=\"mce_SELRES_start\">\ufeff<\/span><div  class='tabcontainer av-kjftr0sh-5cbeaf8b0626cf654d5dd98b301fff40 top_tab  avia-builder-el-0  avia-builder-el-no-sibling '>\n<section class='av_tab_section av_tab_section av-a84rmh-43edbe4fe5d09f7928098be479f2e9ef'  itemscope=\"itemscope\" itemtype=\"https:\/\/schema.org\/CreativeWork\" ><div id='tab-id-1-tab' class='tab active_tab' role='tab' aria-selected=\"true\" tabindex=\"0\" data-fake-id='#tab-id-1' aria-controls='tab-id-1-content'  itemprop=\"headline\" >Fonctionnalit\u00e9s<\/div><div id='tab-id-1-content' class='tab_content active_tab_content' role='tabpanel' aria-labelledby='tab-id-1-tab' aria-hidden=\"false\"><div class='tab_inner_content invers-color'  itemprop=\"text\" ><ul>\n<li>Pouvoir adh\u00e9sif imm\u00e9diat (tack)<\/li>\n<li>D\u00e9roulement facile<\/li>\n<li>Flexible<\/li>\n<li>Bonne r\u00e9sistance \u00e0 l\u2019abrasion<\/li>\n<\/ul>\n<\/div><\/div><\/section>\n<section class='av_tab_section av_tab_section av-z93l5-bf2d3f38838bcde009478cc900d17adc'  itemscope=\"itemscope\" itemtype=\"https:\/\/schema.org\/CreativeWork\" ><div id='tab-id-2-tab' class='tab' role='tab' aria-selected=\"false\" tabindex=\"0\" data-fake-id='#tab-id-2' aria-controls='tab-id-2-content'  itemprop=\"headline\" >Applications<\/div><div id='tab-id-2-content' class='tab_content' role='tabpanel' aria-labelledby='tab-id-2-tab' aria-hidden=\"true\"><div class='tab_inner_content invers-color'  itemprop=\"text\" ><ul>\n<li>Assemblage et scellage de feuilles d&#8217;isolation en face et non rev\u00eatues<\/li>\n<li>Assemblage de feuilles de poly\u00e9thyl\u00e8ne<\/li>\n<li>Protection, masquage et assemblage de feuilles sur des surfaces d\u00e9licates pendant la r\u00e9novation<\/li>\n<li>Prot\u00e9ger les surfaces des adh\u00e9sifs pour carreaux de sol, des rev\u00eatements en pl\u00e2tre et en ciment lors des travaux de r\u00e9novation<\/li>\n<\/ul>\n<\/div><\/div><\/section>\n<section class='av_tab_section av_tab_section av-7l3cbt-ac1aa85f90745ba8300141b0a490ce25'  itemscope=\"itemscope\" itemtype=\"https:\/\/schema.org\/CreativeWork\" ><div id='tab-id-3-tab' class='tab' role='tab' aria-selected=\"false\" tabindex=\"0\" data-fake-id='#tab-id-3' aria-controls='tab-id-3-content'  itemprop=\"headline\" >Technical<\/div><div id='tab-id-3-content' class='tab_content' role='tabpanel' aria-labelledby='tab-id-3-tab' aria-hidden=\"true\"><div class='tab_inner_content invers-color'  itemprop=\"text\" ><div class=\"col-xs-24 col-sm-12\">\n<table cellspacing=\"0\" cellpadding=\"0\">\n<tbody>\n<tr>\n<td><strong>Type de Produit<\/strong><\/td>\n<td>PVC<\/td>\n<\/tr>\n<tr>\n<td><strong>Type d&#8217;Adh\u00e9sif<\/strong><\/td>\n<td>Masse adh\u00e9sive en r\u00e9sine de caoutchouc \u00e0 base de solvant (r\u00e9ticul\u00e9)<\/td>\n<\/tr>\n<tr>\n<td><strong>\u00c9paisseur<\/strong><\/td>\n<td>0.11mm<\/td>\n<\/tr>\n<tr>\n<td><strong>R\u00e9sistance \u00e0 la rupture<\/strong><\/td>\n<td>19 N\/cm<\/td>\n<\/tr>\n<tr>\n<td><strong>Allongement<\/strong><\/td>\n<td>170%<\/td>\n<\/tr>\n<tr>\n<td><strong>Adh\u00e9sion sur acier<\/strong><\/td>\n<td>1.6 N\/cm<\/td>\n<\/tr>\n<tr>\n<td><strong>Adh\u00e9sion sur endos<\/strong><\/td>\n<td>1.0 N\/cm<\/td>\n<\/tr>\n<tr>\n<td><strong>Tenue en temp\u00e9rature<\/strong><\/td>\n<td>-5\u00b0C to +50\u00b0C<\/td>\n<\/tr>\n<tr>\n<td><strong>Conformit\u00e9 RoHS<\/strong><\/td>\n<td>Oui<\/td>\n<\/tr>\n<\/tbody>\n<\/table>\n<\/div>\n<\/div><\/div><\/section>\n<section class='av_tab_section av_tab_section av-piqt-48b82d9099e36577dd2c08fe8a3b94f7'  itemscope=\"itemscope\" itemtype=\"https:\/\/schema.org\/CreativeWork\" ><div id='tab-id-4-tab' class='tab' role='tab' aria-selected=\"false\" tabindex=\"0\" data-fake-id='#tab-id-4' aria-controls='tab-id-4-content'  itemprop=\"headline\" >Colours and Sizes<\/div><div id='tab-id-4-content' class='tab_content' role='tabpanel' aria-labelledby='tab-id-4-tab' aria-hidden=\"true\"><div class='tab_inner_content invers-color'  itemprop=\"text\" ><p><span id=\"uxm_tab_pro_color\" class=\"uxm_tab_pro_color\"><\/span><span id=\"uxm_tab_pro_color_2\" class=\"uxm_tab_pro_color\"><\/span><span id=\"uxm_tab_pro_color_3\" class=\"uxm_tab_pro_color\"><\/span><span id=\"uxm_tab_pro_color_4\" class=\"uxm_tab_pro_color\"><\/span><span id=\"uxm_tab_pro_color_5\" class=\"uxm_tab_pro_color\"><\/span><span id=\"uxm_tab_pro_color_6\" class=\"uxm_tab_pro_color\"><\/span><span id=\"uxm_tab_pro_color_7\" class=\"uxm_tab_pro_color\"><\/span><\/p>\n<table style=\"height: 50px;\" width=\"1356\" cellspacing=\"0\" cellpadding=\"0\">\n<tbody>\n<tr>\n<td><strong>Standard Stock Sizes<\/strong><\/td>\n<td>50mmx33m<\/td>\n<td>75mmx33m<\/td>\n<\/tr>\n<tr>\n<\/tr>\n<\/tbody>\n<\/table>\n<\/div><\/div><\/section>\n<\/div><span data-mce-type=\"bookmark\" style=\"display: inline-block; width: 0px; overflow: hidden; line-height: 0;\" class=\"mce_SELRES_end\">\ufeff<\/span><\/p>\n","protected":false},"excerpt":{"rendered":"<p>AT42 est un film PVC enduit d&#8217;un adh\u00e9sif caoutchouc-r\u00e9sine transparent \u00e0 base de solvant r\u00e9ticul\u00e9 sp\u00e9cialement con\u00e7u pour les applications int\u00e9rieures et ext\u00e9rieures.<\/p>\n<p>Ce ruban en PVC offre des performances, une durabilit\u00e9 et une r\u00e9sistance \u00e9lev\u00e9es aux temp\u00e9ratures extr\u00eames (de -5\u00b0C \u00e0 +50\u00b0C), ce qui signifie que contrairement \u00e0 la plupart des rubans, il adh\u00e8re et se conforme parfaitement \u00e0 des temp\u00e9ratures basses ou \u00e9lev\u00e9es sur une grande vari\u00e9t\u00e9 de surfaces. Imperm\u00e9able, le ruban pare-vapeur garantit une \u00e9tanch\u00e9it\u00e9 efficace. Solide, r\u00e9sistant \u00e0 l&#8217;abrasion et facile \u00e0 appliquer,\u00a0 AT42 offre les qualit\u00e9s recherch\u00e9es par les professionnels. Adapt\u00e9 aux applications dans les b\u00e2timents commerciaux et r\u00e9sidentiels, il est id\u00e9al pour joindre, sceller, isoler et entretenir.<\/p>\n","protected":false},"featured_media":4411,"template":"","meta":{"_acf_changed":false},"product_brand":[],"product_cat":[372,345,503],"product_tag":[328,332,329,333,331,334],"class_list":{"0":"post-5658","1":"product","2":"type-product","3":"status-publish","4":"has-post-thumbnail","6":"product_cat-building-fr","7":"product_cat-pvc-adhesive-tape","8":"product_cat-stock-disponsible","9":"product_tag-agriculture-fr","10":"product_tag-asbestos-fr","11":"product_tag-building-fr","12":"product_tag-hevac-fr","13":"product_tag-industrial-consumables-fr","14":"product_tag-nuclear-fr","16":"first","17":"instock","18":"shipping-taxable","19":"product-type-simple"},"acf":[],"yoast_head":"<!-- This site is optimized with the Yoast SEO plugin v27.3 - https:\/\/yoast.com\/product\/yoast-seo-wordpress\/ -->\n<title>AT0042 Ruban PVC Orange Application Pare-Vapeur - Advance Tapes<\/title>\n<meta name=\"robots\" content=\"index, follow, max-snippet:-1, max-image-preview:large, max-video-preview:-1\" \/>\n<link rel=\"canonical\" href=\"https:\/\/advancetapes.com\/fr\/products\/at42-ruban-pvc-orange-application-pare-vapeur\/\" \/>\n<meta property=\"og:locale\" content=\"fr_FR\" \/>\n<meta property=\"og:type\" content=\"article\" \/>\n<meta property=\"og:title\" content=\"AT0042 Ruban PVC Orange Application Pare-Vapeur - Advance Tapes\" \/>\n<meta property=\"og:description\" content=\"AT42 est un film PVC enduit d&#039;un adh\u00e9sif caoutchouc-r\u00e9sine transparent \u00e0 base de solvant r\u00e9ticul\u00e9 sp\u00e9cialement con\u00e7u pour les applications int\u00e9rieures et ext\u00e9rieures.  Ce ruban en PVC offre des performances, une durabilit\u00e9 et une r\u00e9sistance \u00e9lev\u00e9es aux temp\u00e9ratures extr\u00eames (de -5\u00b0C \u00e0 +50\u00b0C), ce qui signifie que contrairement \u00e0 la plupart des rubans, il adh\u00e8re et se conforme parfaitement \u00e0 des temp\u00e9ratures basses ou \u00e9lev\u00e9es sur une grande vari\u00e9t\u00e9 de surfaces. Imperm\u00e9able, le ruban pare-vapeur garantit une \u00e9tanch\u00e9it\u00e9 efficace. Solide, r\u00e9sistant \u00e0 l&#039;abrasion et facile \u00e0 appliquer,\u00a0 AT42 offre les qualit\u00e9s recherch\u00e9es par les professionnels. Adapt\u00e9 aux applications dans les b\u00e2timents commerciaux et r\u00e9sidentiels, il est id\u00e9al pour joindre, sceller, isoler et entretenir.\" \/>\n<meta property=\"og:url\" content=\"https:\/\/advancetapes.com\/fr\/products\/at42-ruban-pvc-orange-application-pare-vapeur\/\" \/>\n<meta property=\"og:site_name\" content=\"Advance Tapes\" \/>\n<meta property=\"article:modified_time\" content=\"2025-04-02T08:43:31+00:00\" \/>\n<meta property=\"og:image\" content=\"https:\/\/advancetapes.com\/wp-content\/uploads\/2021\/01\/Advance-Tapes_AT0042_Orange.jpg\" \/>\n\t<meta property=\"og:image:width\" content=\"600\" \/>\n\t<meta property=\"og:image:height\" content=\"600\" \/>\n\t<meta property=\"og:image:type\" content=\"image\/jpeg\" \/>\n<meta name=\"twitter:card\" content=\"summary_large_image\" \/>\n<meta name=\"twitter:label1\" content=\"Est. reading time\" \/>\n\t<meta name=\"twitter:data1\" content=\"1 minute\" \/>\n<!-- \/ Yoast SEO plugin. -->","yoast_head_json":{"title":"AT0042 Ruban PVC Orange Application Pare-Vapeur - Advance Tapes","robots":{"index":"index","follow":"follow","max-snippet":"max-snippet:-1","max-image-preview":"max-image-preview:large","max-video-preview":"max-video-preview:-1"},"canonical":"https:\/\/advancetapes.com\/fr\/products\/at42-ruban-pvc-orange-application-pare-vapeur\/","og_locale":"fr_FR","og_type":"article","og_title":"AT0042 Ruban PVC Orange Application Pare-Vapeur - Advance Tapes","og_description":"AT42 est un film PVC enduit d'un adh\u00e9sif caoutchouc-r\u00e9sine transparent \u00e0 base de solvant r\u00e9ticul\u00e9 sp\u00e9cialement con\u00e7u pour les applications int\u00e9rieures et ext\u00e9rieures.  Ce ruban en PVC offre des performances, une durabilit\u00e9 et une r\u00e9sistance \u00e9lev\u00e9es aux temp\u00e9ratures extr\u00eames (de -5\u00b0C \u00e0 +50\u00b0C), ce qui signifie que contrairement \u00e0 la plupart des rubans, il adh\u00e8re et se conforme parfaitement \u00e0 des temp\u00e9ratures basses ou \u00e9lev\u00e9es sur une grande vari\u00e9t\u00e9 de surfaces. Imperm\u00e9able, le ruban pare-vapeur garantit une \u00e9tanch\u00e9it\u00e9 efficace. Solide, r\u00e9sistant \u00e0 l'abrasion et facile \u00e0 appliquer,\u00a0 AT42 offre les qualit\u00e9s recherch\u00e9es par les professionnels. Adapt\u00e9 aux applications dans les b\u00e2timents commerciaux et r\u00e9sidentiels, il est id\u00e9al pour joindre, sceller, isoler et entretenir.","og_url":"https:\/\/advancetapes.com\/fr\/products\/at42-ruban-pvc-orange-application-pare-vapeur\/","og_site_name":"Advance Tapes","article_modified_time":"2025-04-02T08:43:31+00:00","og_image":[{"width":600,"height":600,"url":"https:\/\/advancetapes.com\/wp-content\/uploads\/2021\/01\/Advance-Tapes_AT0042_Orange.jpg","type":"image\/jpeg"}],"twitter_card":"summary_large_image","twitter_misc":{"Est. reading time":"1 minute"},"schema":{"@context":"https:\/\/schema.org","@graph":[{"@type":"WebPage","@id":"https:\/\/advancetapes.com\/fr\/products\/at42-ruban-pvc-orange-application-pare-vapeur\/","url":"https:\/\/advancetapes.com\/fr\/products\/at42-ruban-pvc-orange-application-pare-vapeur\/","name":"AT0042 Ruban PVC Orange Application Pare-Vapeur - Advance Tapes","isPartOf":{"@id":"https:\/\/advancetapes.com\/fr\/#website"},"primaryImageOfPage":{"@id":"https:\/\/advancetapes.com\/fr\/products\/at42-ruban-pvc-orange-application-pare-vapeur\/#primaryimage"},"image":{"@id":"https:\/\/advancetapes.com\/fr\/products\/at42-ruban-pvc-orange-application-pare-vapeur\/#primaryimage"},"thumbnailUrl":"https:\/\/advancetapes.com\/wp-content\/uploads\/2021\/01\/Advance-Tapes_AT0042_Orange.jpg","datePublished":"2021-01-03T18:49:41+00:00","dateModified":"2025-04-02T08:43:31+00:00","breadcrumb":{"@id":"https:\/\/advancetapes.com\/fr\/products\/at42-ruban-pvc-orange-application-pare-vapeur\/#breadcrumb"},"inLanguage":"fr-FR","potentialAction":[{"@type":"ReadAction","target":["https:\/\/advancetapes.com\/fr\/products\/at42-ruban-pvc-orange-application-pare-vapeur\/"]}]},{"@type":"ImageObject","inLanguage":"fr-FR","@id":"https:\/\/advancetapes.com\/fr\/products\/at42-ruban-pvc-orange-application-pare-vapeur\/#primaryimage","url":"https:\/\/advancetapes.com\/wp-content\/uploads\/2021\/01\/Advance-Tapes_AT0042_Orange.jpg","contentUrl":"https:\/\/advancetapes.com\/wp-content\/uploads\/2021\/01\/Advance-Tapes_AT0042_Orange.jpg","width":600,"height":600,"caption":"General Purpose PVC Building Protection Tape"},{"@type":"BreadcrumbList","@id":"https:\/\/advancetapes.com\/fr\/products\/at42-ruban-pvc-orange-application-pare-vapeur\/#breadcrumb","itemListElement":[{"@type":"ListItem","position":1,"name":"Home","item":"https:\/\/advancetapes.com\/fr\/"},{"@type":"ListItem","position":2,"name":"Products","item":"https:\/\/advancetapes.com\/fr\/products\/"},{"@type":"ListItem","position":3,"name":"AT0042 Ruban PVC Orange Application Pare-Vapeur"}]},{"@type":"WebSite","@id":"https:\/\/advancetapes.com\/fr\/#website","url":"https:\/\/advancetapes.com\/fr\/","name":"Advance Tapes","description":"Adding more to adhesive tape","potentialAction":[{"@type":"SearchAction","target":{"@type":"EntryPoint","urlTemplate":"https:\/\/advancetapes.com\/fr\/?s={search_term_string}"},"query-input":{"@type":"PropertyValueSpecification","valueRequired":true,"valueName":"search_term_string"}}],"inLanguage":"fr-FR"}]}},"_links":{"self":[{"href":"https:\/\/advancetapes.com\/fr\/wp-json\/wp\/v2\/product\/5658","targetHints":{"allow":["GET"]}}],"collection":[{"href":"https:\/\/advancetapes.com\/fr\/wp-json\/wp\/v2\/product"}],"about":[{"href":"https:\/\/advancetapes.com\/fr\/wp-json\/wp\/v2\/types\/product"}],"wp:featuredmedia":[{"embeddable":true,"href":"https:\/\/advancetapes.com\/fr\/wp-json\/wp\/v2\/media\/4411"}],"wp:attachment":[{"href":"https:\/\/advancetapes.com\/fr\/wp-json\/wp\/v2\/media?parent=5658"}],"wp:term":[{"taxonomy":"product_brand","embeddable":true,"href":"https:\/\/advancetapes.com\/fr\/wp-json\/wp\/v2\/product_brand?post=5658"},{"taxonomy":"product_cat","embeddable":true,"href":"https:\/\/advancetapes.com\/fr\/wp-json\/wp\/v2\/product_cat?post=5658"},{"taxonomy":"product_tag","embeddable":true,"href":"https:\/\/advancetapes.com\/fr\/wp-json\/wp\/v2\/product_tag?post=5658"}],"curies":[{"name":"wp","href":"https:\/\/api.w.org\/{rel}","templated":true}]}}