{"id":5653,"date":"2021-01-03T18:34:21","date_gmt":"2021-01-03T18:34:21","guid":{"rendered":"https:\/\/advancetapes.com\/products\/at10-ruban-pvc-epais-protection-de-canalisations\/"},"modified":"2025-09-25T10:26:00","modified_gmt":"2025-09-25T10:26:00","slug":"at10-ruban-pvc-epais-protection-de-canalisations","status":"publish","type":"product","link":"https:\/\/advancetapes.com\/fr\/products\/at10-ruban-pvc-epais-protection-de-canalisations\/","title":{"rendered":"AT0010 Ruban PVC Epais Protection de Canalisations"},"content":{"rendered":"<div  class='tabcontainer av-kjftr0sh-5cbeaf8b0626cf654d5dd98b301fff40 top_tab  avia-builder-el-0  avia-builder-el-no-sibling '>\n<section class='av_tab_section av_tab_section av-a7kmaw-998e2e74437552972692b8cfca2d0961'  itemscope=\"itemscope\" itemtype=\"https:\/\/schema.org\/CreativeWork\" ><div id='tab-id-1-tab' class='tab active_tab' role='tab' aria-selected=\"true\" tabindex=\"0\" data-fake-id='#tab-id-1' aria-controls='tab-id-1-content'  itemprop=\"headline\" >Fonctionnalit\u00e9s<\/div><div id='tab-id-1-content' class='tab_content active_tab_content' role='tabpanel' aria-labelledby='tab-id-1-tab' aria-hidden=\"false\"><div class='tab_inner_content invers-color'  itemprop=\"text\" ><ul>\n<li>Retardateur de flamme<\/li>\n<li>Auto-extinguible<\/li>\n<li>Conformable<\/li>\n<li>R\u00e9sistant \u00e0 l\u2019eau et aux U.V.<\/li>\n<li>R\u00e9sistance \u00e9lev\u00e9e \u00e0 l&#8217;abrasion<\/li>\n<li>Adh\u00e9sif non-corrosif<\/li>\n<\/ul>\n<\/div><\/div><\/section>\n<section class='av_tab_section av_tab_section av-9w3lh4-6ea18cdf201391d7e8e553e84f599f69'  itemscope=\"itemscope\" itemtype=\"https:\/\/schema.org\/CreativeWork\" ><div id='tab-id-2-tab' class='tab' role='tab' aria-selected=\"false\" tabindex=\"0\" data-fake-id='#tab-id-2' aria-controls='tab-id-2-content'  itemprop=\"headline\" >Applications<\/div><div id='tab-id-2-content' class='tab_content' role='tabpanel' aria-labelledby='tab-id-2-tab' aria-hidden=\"true\"><div class='tab_inner_content invers-color'  itemprop=\"text\" ><ul>\n<li>Protection contre la corrosion et l&#8217;abrasion pour les tuyauteries au-dessus ou sous terre<\/li>\n<\/ul>\n<\/div><\/div><\/section>\n<section class='av_tab_section av_tab_section av-6z95ug-c0c72bcbe6878ab95f10858fb64dc0ce'  itemscope=\"itemscope\" itemtype=\"https:\/\/schema.org\/CreativeWork\" ><div id='tab-id-3-tab' class='tab' role='tab' aria-selected=\"false\" tabindex=\"0\" data-fake-id='#tab-id-3' aria-controls='tab-id-3-content'  itemprop=\"headline\" >Technical<\/div><div id='tab-id-3-content' class='tab_content' role='tabpanel' aria-labelledby='tab-id-3-tab' aria-hidden=\"true\"><div class='tab_inner_content invers-color'  itemprop=\"text\" ><div class=\"col-xs-24 col-sm-12\">\n<table cellspacing=\"0\" cellpadding=\"0\">\n<tbody>\n<tr>\n<td><strong>Type de Produit<\/strong><\/td>\n<td>PVC<\/td>\n<\/tr>\n<tr>\n<td><strong>Type d&#8217;Adh\u00e9sif<\/strong><\/td>\n<td>Masse adh\u00e9sive en r\u00e9sine de caoutchouc \u00e0 base de solvant (r\u00e9ticul\u00e9)<\/td>\n<\/tr>\n<tr>\n<td><strong>\u00c9paisseur<\/strong><\/td>\n<td>0.25mm<\/td>\n<\/tr>\n<tr>\n<td><strong>R\u00e9sistance \u00e0 la rupture<\/strong><\/td>\n<td>44 N\/cm<\/td>\n<\/tr>\n<tr>\n<td><strong>Allongement<\/strong><\/td>\n<td>220%<\/td>\n<\/tr>\n<tr>\n<td><strong>Adh\u00e9sion sur acier<\/strong><\/td>\n<td>3.3 N\/cm<\/td>\n<\/tr>\n<tr>\n<td><strong>Adh\u00e9sion sur endos<\/strong><\/td>\n<td>3.0 N\/cm<\/td>\n<\/tr>\n<tr>\n<td><strong>Tenue en temp\u00e9rature<\/strong><\/td>\n<td>-5\u00b0C to +80\u00b0C<\/td>\n<\/tr>\n<tr>\n<td><strong>Breakdown Voltage<\/strong><\/td>\n<td>10 kV<\/td>\n<\/tr>\n<tr>\n<td><strong>Conformit\u00e9 RoHS<\/strong><\/td>\n<td>Oui<\/td>\n<\/tr>\n<tr>\n<td><strong>Specification<\/strong><\/td>\n<td>BS EN 60454 TYPE 2<\/td>\n<\/tr>\n<\/tbody>\n<\/table>\n<\/div>\n<\/div><\/div><\/section>\n<section class='av_tab_section av_tab_section av-piqt-c78631c4603ff59fef417d06594d5e20'  itemscope=\"itemscope\" itemtype=\"https:\/\/schema.org\/CreativeWork\" ><div id='tab-id-4-tab' class='tab' role='tab' aria-selected=\"false\" tabindex=\"0\" data-fake-id='#tab-id-4' aria-controls='tab-id-4-content'  itemprop=\"headline\" >Colours<\/div><div id='tab-id-4-content' class='tab_content' role='tabpanel' aria-labelledby='tab-id-4-tab' aria-hidden=\"true\"><div class='tab_inner_content invers-color'  itemprop=\"text\" ><\/div><\/div><\/section>\n<\/div>\n","protected":false},"excerpt":{"rendered":"<p><strong>En conformit\u00e9 avec la norme BS EN 60454-3-1\/Type 2<\/strong><\/p>\n<p>&nbsp;<\/p>\n<div class=\"first_para_desc\">\n<p>L\u2019AT10 est un film PVC r\u00e9sistant, enduit d\u2019une masse adh\u00e9sive en r\u00e9sine de caoutchouc \u00e0 base de solvant (r\u00e9ticul\u00e9) anticorrosive.<\/p>\n<\/div>\n","protected":false},"featured_media":4391,"template":"","meta":{"_acf_changed":false},"product_brand":[],"product_cat":[531,345],"product_tag":[332,329,330,333,331],"class_list":{"0":"post-5653","1":"product","2":"type-product","3":"status-publish","4":"has-post-thumbnail","6":"product_cat-asbestos-fr","7":"product_cat-pvc-adhesive-tape","8":"product_tag-asbestos-fr","9":"product_tag-building-fr","10":"product_tag-entertainment-fr","11":"product_tag-hevac-fr","12":"product_tag-industrial-consumables-fr","14":"first","15":"instock","16":"shipping-taxable","17":"product-type-simple"},"acf":[],"yoast_head":"<!-- This site is optimized with the Yoast SEO plugin v27.3 - https:\/\/yoast.com\/product\/yoast-seo-wordpress\/ -->\n<title>AT0010 Ruban PVC Epais Protection de Canalisations - Advance Tapes<\/title>\n<meta name=\"robots\" content=\"index, follow, max-snippet:-1, max-image-preview:large, max-video-preview:-1\" \/>\n<link rel=\"canonical\" href=\"https:\/\/advancetapes.com\/fr\/products\/at10-ruban-pvc-epais-protection-de-canalisations\/\" \/>\n<meta property=\"og:locale\" content=\"fr_FR\" \/>\n<meta property=\"og:type\" content=\"article\" \/>\n<meta property=\"og:title\" content=\"AT0010 Ruban PVC Epais Protection de Canalisations - Advance Tapes\" \/>\n<meta property=\"og:description\" content=\"En conformit\u00e9 avec la norme BS EN 60454-3-1\/Type 2  &nbsp;   L\u2019AT10 est un film PVC r\u00e9sistant, enduit d\u2019une masse adh\u00e9sive en r\u00e9sine de caoutchouc \u00e0 base de solvant (r\u00e9ticul\u00e9) anticorrosive.\" \/>\n<meta property=\"og:url\" content=\"https:\/\/advancetapes.com\/fr\/products\/at10-ruban-pvc-epais-protection-de-canalisations\/\" \/>\n<meta property=\"og:site_name\" content=\"Advance Tapes\" \/>\n<meta property=\"article:modified_time\" content=\"2025-09-25T10:26:00+00:00\" \/>\n<meta property=\"og:image\" content=\"https:\/\/advancetapes.com\/wp-content\/uploads\/2021\/01\/Advance-Tapes_AT0010_Black.jpg\" \/>\n\t<meta property=\"og:image:width\" content=\"600\" \/>\n\t<meta property=\"og:image:height\" content=\"600\" \/>\n\t<meta property=\"og:image:type\" content=\"image\/jpeg\" \/>\n<meta name=\"twitter:card\" content=\"summary_large_image\" \/>\n<meta name=\"twitter:label1\" content=\"Est. reading time\" \/>\n\t<meta name=\"twitter:data1\" content=\"1 minute\" \/>\n<!-- \/ Yoast SEO plugin. -->","yoast_head_json":{"title":"AT0010 Ruban PVC Epais Protection de Canalisations - Advance Tapes","robots":{"index":"index","follow":"follow","max-snippet":"max-snippet:-1","max-image-preview":"max-image-preview:large","max-video-preview":"max-video-preview:-1"},"canonical":"https:\/\/advancetapes.com\/fr\/products\/at10-ruban-pvc-epais-protection-de-canalisations\/","og_locale":"fr_FR","og_type":"article","og_title":"AT0010 Ruban PVC Epais Protection de Canalisations - Advance Tapes","og_description":"En conformit\u00e9 avec la norme BS EN 60454-3-1\/Type 2  &nbsp;   L\u2019AT10 est un film PVC r\u00e9sistant, enduit d\u2019une masse adh\u00e9sive en r\u00e9sine de caoutchouc \u00e0 base de solvant (r\u00e9ticul\u00e9) anticorrosive.","og_url":"https:\/\/advancetapes.com\/fr\/products\/at10-ruban-pvc-epais-protection-de-canalisations\/","og_site_name":"Advance Tapes","article_modified_time":"2025-09-25T10:26:00+00:00","og_image":[{"width":600,"height":600,"url":"https:\/\/advancetapes.com\/wp-content\/uploads\/2021\/01\/Advance-Tapes_AT0010_Black.jpg","type":"image\/jpeg"}],"twitter_card":"summary_large_image","twitter_misc":{"Est. reading time":"1 minute"},"schema":{"@context":"https:\/\/schema.org","@graph":[{"@type":"WebPage","@id":"https:\/\/advancetapes.com\/fr\/products\/at10-ruban-pvc-epais-protection-de-canalisations\/","url":"https:\/\/advancetapes.com\/fr\/products\/at10-ruban-pvc-epais-protection-de-canalisations\/","name":"AT0010 Ruban PVC Epais Protection de Canalisations - Advance Tapes","isPartOf":{"@id":"https:\/\/advancetapes.com\/fr\/#website"},"primaryImageOfPage":{"@id":"https:\/\/advancetapes.com\/fr\/products\/at10-ruban-pvc-epais-protection-de-canalisations\/#primaryimage"},"image":{"@id":"https:\/\/advancetapes.com\/fr\/products\/at10-ruban-pvc-epais-protection-de-canalisations\/#primaryimage"},"thumbnailUrl":"https:\/\/advancetapes.com\/wp-content\/uploads\/2021\/01\/Advance-Tapes_AT0010_Black.jpg","datePublished":"2021-01-03T18:34:21+00:00","dateModified":"2025-09-25T10:26:00+00:00","breadcrumb":{"@id":"https:\/\/advancetapes.com\/fr\/products\/at10-ruban-pvc-epais-protection-de-canalisations\/#breadcrumb"},"inLanguage":"fr-FR","potentialAction":[{"@type":"ReadAction","target":["https:\/\/advancetapes.com\/fr\/products\/at10-ruban-pvc-epais-protection-de-canalisations\/"]}]},{"@type":"ImageObject","inLanguage":"fr-FR","@id":"https:\/\/advancetapes.com\/fr\/products\/at10-ruban-pvc-epais-protection-de-canalisations\/#primaryimage","url":"https:\/\/advancetapes.com\/wp-content\/uploads\/2021\/01\/Advance-Tapes_AT0010_Black.jpg","contentUrl":"https:\/\/advancetapes.com\/wp-content\/uploads\/2021\/01\/Advance-Tapes_AT0010_Black.jpg","width":600,"height":600},{"@type":"BreadcrumbList","@id":"https:\/\/advancetapes.com\/fr\/products\/at10-ruban-pvc-epais-protection-de-canalisations\/#breadcrumb","itemListElement":[{"@type":"ListItem","position":1,"name":"Home","item":"https:\/\/advancetapes.com\/fr\/"},{"@type":"ListItem","position":2,"name":"Products","item":"https:\/\/advancetapes.com\/fr\/products\/"},{"@type":"ListItem","position":3,"name":"AT0010 Ruban PVC Epais Protection de Canalisations"}]},{"@type":"WebSite","@id":"https:\/\/advancetapes.com\/fr\/#website","url":"https:\/\/advancetapes.com\/fr\/","name":"Advance Tapes","description":"Adding more to adhesive tape","potentialAction":[{"@type":"SearchAction","target":{"@type":"EntryPoint","urlTemplate":"https:\/\/advancetapes.com\/fr\/?s={search_term_string}"},"query-input":{"@type":"PropertyValueSpecification","valueRequired":true,"valueName":"search_term_string"}}],"inLanguage":"fr-FR"}]}},"_links":{"self":[{"href":"https:\/\/advancetapes.com\/fr\/wp-json\/wp\/v2\/product\/5653","targetHints":{"allow":["GET"]}}],"collection":[{"href":"https:\/\/advancetapes.com\/fr\/wp-json\/wp\/v2\/product"}],"about":[{"href":"https:\/\/advancetapes.com\/fr\/wp-json\/wp\/v2\/types\/product"}],"wp:featuredmedia":[{"embeddable":true,"href":"https:\/\/advancetapes.com\/fr\/wp-json\/wp\/v2\/media\/4391"}],"wp:attachment":[{"href":"https:\/\/advancetapes.com\/fr\/wp-json\/wp\/v2\/media?parent=5653"}],"wp:term":[{"taxonomy":"product_brand","embeddable":true,"href":"https:\/\/advancetapes.com\/fr\/wp-json\/wp\/v2\/product_brand?post=5653"},{"taxonomy":"product_cat","embeddable":true,"href":"https:\/\/advancetapes.com\/fr\/wp-json\/wp\/v2\/product_cat?post=5653"},{"taxonomy":"product_tag","embeddable":true,"href":"https:\/\/advancetapes.com\/fr\/wp-json\/wp\/v2\/product_tag?post=5653"}],"curies":[{"name":"wp","href":"https:\/\/api.w.org\/{rel}","templated":true}]}}