{"id":5649,"date":"2021-01-03T18:26:59","date_gmt":"2021-01-03T18:26:59","guid":{"rendered":"https:\/\/advancetapes.com\/products\/at8h-ruban-pvc-bicolore-signalisation-danger\/"},"modified":"2021-04-12T21:46:43","modified_gmt":"2021-04-12T21:46:43","slug":"at8h-ruban-pvc-bicolore-signalisation-danger","status":"publish","type":"product","link":"https:\/\/advancetapes.com\/fr\/products\/at8h-ruban-pvc-bicolore-signalisation-danger\/","title":{"rendered":"AT8H Ruban PVC Bicolore Signalisation Danger"},"content":{"rendered":"<div  class='tabcontainer av-kjftr0sh-5cbeaf8b0626cf654d5dd98b301fff40 top_tab  avia-builder-el-0  avia-builder-el-no-sibling '>\n<section class='av_tab_section av_tab_section av-bdpgrw-23d18bff4b41d5640c02bb79257586a3'  itemscope=\"itemscope\" itemtype=\"https:\/\/schema.org\/CreativeWork\" ><div id='tab-id-1-tab' class='tab active_tab' role='tab' aria-selected=\"true\" tabindex=\"0\" data-fake-id='#tab-id-1' aria-controls='tab-id-1-content'  itemprop=\"headline\" >Fonctionnalit\u00e9s<\/div><div id='tab-id-1-content' class='tab_content active_tab_content' role='tabpanel' aria-labelledby='tab-id-1-tab' aria-hidden=\"false\"><div class='tab_inner_content invers-color'  itemprop=\"text\" ><ul>\n<li>Haut pouvoir adh\u00e9sif<\/li>\n<li>Faible allongement<\/li>\n<li>R\u00e9sistant \u00e0 l\u2019eau et aux U.V.<\/li>\n<li>Bonne r\u00e9sistance \u00e0 l\u2019abrasion<\/li>\n<li>Possibilit\u00e9 de marcher sur le ruban imm\u00e9diatement apr\u00e8s application<\/li>\n<li>Utilisable pour applications \u00e0 l\u2019ext\u00e9rieur ou \u00e0 l\u2019int\u00e9rieur<\/li>\n<li>Adh\u00e9sif non-corrosif<\/li>\n<\/ul>\n<\/div><\/div><\/section>\n<section class='av_tab_section av_tab_section av-8zmm4s-e94cba755bf2f198905d9522c755f70a'  itemscope=\"itemscope\" itemtype=\"https:\/\/schema.org\/CreativeWork\" ><div id='tab-id-2-tab' class='tab' role='tab' aria-selected=\"false\" tabindex=\"0\" data-fake-id='#tab-id-2' aria-controls='tab-id-2-content'  itemprop=\"headline\" >Applications<\/div><div id='tab-id-2-content' class='tab_content' role='tabpanel' aria-labelledby='tab-id-2-tab' aria-hidden=\"true\"><div class='tab_inner_content invers-color'  itemprop=\"text\" ><ul>\n<li>(English) Social distancing floor marking<\/li>\n<li>JAUNE \/ NOIR: substances radioactives, restrictions de largeur et de hauteur, \u00e9quipement mobile et obstructions.<\/li>\n<li>ROUGE \/ BLANC \u00c9quipement de lutte contre l&#8217;incendie, Zones non fumeurs, Substances inflammables<\/li>\n<li>VERT \/ BLANC \u00c9quipement de s\u00e9curit\u00e9, Premiers secours, Voies d&#8217;\u00e9vacuation d&#8217;urgence, Zones de s\u00e9curit\u00e9<\/li>\n<\/ul>\n<\/div><\/div><\/section>\n<section class='av_tab_section av_tab_section av-7vwkng-d9f96ab484b5a82196f0a5eba9880c8b'  itemscope=\"itemscope\" itemtype=\"https:\/\/schema.org\/CreativeWork\" ><div id='tab-id-3-tab' class='tab' role='tab' aria-selected=\"false\" tabindex=\"0\" data-fake-id='#tab-id-3' aria-controls='tab-id-3-content'  itemprop=\"headline\" >Technical<\/div><div id='tab-id-3-content' class='tab_content' role='tabpanel' aria-labelledby='tab-id-3-tab' aria-hidden=\"true\"><div class='tab_inner_content invers-color'  itemprop=\"text\" ><div class=\"col-xs-24 col-sm-12\">\n<table cellspacing=\"0\" cellpadding=\"0\">\n<tbody>\n<tr>\n<td><strong>Type de Produit<\/strong><\/td>\n<td>PVC<\/td>\n<\/tr>\n<tr>\n<td><strong>Type d&#8217;Adh\u00e9sif<\/strong><\/td>\n<td>Masse adh\u00e9sive en r\u00e9sine de caoutchouc \u00e0 base de solvant (r\u00e9ticul\u00e9)<\/td>\n<\/tr>\n<tr>\n<td><strong>\u00c9paisseur<\/strong><\/td>\n<td>0.14 mm<\/td>\n<\/tr>\n<tr>\n<td><strong>R\u00e9sistance \u00e0 la rupture<\/strong><\/td>\n<td>26 N\/cm<\/td>\n<\/tr>\n<tr>\n<td><strong>Allongement<\/strong><\/td>\n<td>150 %<\/td>\n<\/tr>\n<tr>\n<td><strong>Adh\u00e9sion sur acier<\/strong><\/td>\n<td>3.5 N\/cm<\/td>\n<\/tr>\n<tr>\n<td><strong>Adh\u00e9sion sur endos<\/strong><\/td>\n<td>2.5 N\/cm<\/td>\n<\/tr>\n<tr>\n<td><strong>Tenue en temp\u00e9rature<\/strong><\/td>\n<td>0\u00b0C \u00e0 +60\u00b0C<\/td>\n<\/tr>\n<tr>\n<td><strong>Conformit\u00e9 RoHS<\/strong><\/td>\n<td>Oui<\/td>\n<\/tr>\n<\/tbody>\n<\/table>\n<\/div>\n<\/div><\/div><\/section>\n<section class='av_tab_section av_tab_section av-piqt-c78631c4603ff59fef417d06594d5e20'  itemscope=\"itemscope\" itemtype=\"https:\/\/schema.org\/CreativeWork\" ><div id='tab-id-4-tab' class='tab' role='tab' aria-selected=\"false\" tabindex=\"0\" data-fake-id='#tab-id-4' aria-controls='tab-id-4-content'  itemprop=\"headline\" >Colours<\/div><div id='tab-id-4-content' class='tab_content' role='tabpanel' aria-labelledby='tab-id-4-tab' aria-hidden=\"true\"><div class='tab_inner_content invers-color'  itemprop=\"text\" ><\/div><\/div><\/section>\n<\/div>\n","protected":false},"excerpt":{"rendered":"<p><strong>Ruban PVC \u00e0 faible allongement &#8211; AT8H ne se d\u00e9collera pas une fois appliqu\u00e9<\/strong><\/p>\n<p>&nbsp;<\/p>\n<div class=\"first_para_desc\">\n<p>Our Hazard Warning Tape is ideal for marking hazardous areas or social distancing. The AT8 Hazard Tape is a PVC film coated with an aggressive, cross linked solvent based rubber resin adhesive, which means it has a high level of adhesion and good abrasion resistance.<\/p>\n<\/div>\n<div class=\"rest_of_desc\">\n<p>Our tape adheres for a very long term to rough surfaces. It has been specially designed for marking out potentially hazardous areas for safety purposes, such as steps, stairwells, floors, walkways, walls and other areas that need some warning identification.<\/p>\n<p>This adhesive tape is perfect for high traffic area, the low stretch offered means that it won\u2019t shrink back or lift once applied. It can be walked on immediately after application without any drying time needed.<\/p>\n<p>Our high tack hazard warning tape is available in 3 colourways, to suit most conditions.<\/p>\n<p>We offer red \/ white, yellow \/ black or green \/ white all in diagonal stripes. The high contrast colours serve as a clear visual demarcation and guidance within buildings.<\/p>\n<p>Black\/Yellow is used as a warning indicator \u2013 Radioactive materials, width or height restrictions, moving equipment, obstructions, general danger<\/p>\n<p>Red\/White is used for prohibition or Danger indicator such as No smoking, Fire fighting equipment, Flammable substances<\/p>\n<p>Green\/White is generally used for Safety and Escape indicator \u2013 Escape routes, Emergency exit, First Aid point, safe areas<\/p>\n<p>&nbsp;<\/p>\n<\/div>\n","protected":false},"featured_media":4383,"template":"","meta":{"_acf_changed":false},"product_brand":[],"product_cat":[530,531,372,373,345],"product_tag":[328,332,329,330,331,334],"class_list":{"0":"post-5649","1":"product","2":"type-product","3":"status-publish","4":"has-post-thumbnail","6":"product_cat-agriculture-fr","7":"product_cat-asbestos-fr","8":"product_cat-building-fr","9":"product_cat-entertainment-fr","10":"product_cat-pvc-adhesive-tape","11":"product_tag-agriculture-fr","12":"product_tag-asbestos-fr","13":"product_tag-building-fr","14":"product_tag-entertainment-fr","15":"product_tag-industrial-consumables-fr","16":"product_tag-nuclear-fr","18":"first","19":"instock","20":"shipping-taxable","21":"product-type-simple"},"acf":[],"yoast_head":"<!-- This site is optimized with the Yoast SEO plugin v27.4 - https:\/\/yoast.com\/product\/yoast-seo-wordpress\/ -->\n<title>AT8H Ruban PVC Bicolore Signalisation Danger - Advance Tapes<\/title>\n<meta name=\"robots\" content=\"index, follow, max-snippet:-1, max-image-preview:large, max-video-preview:-1\" \/>\n<link rel=\"canonical\" href=\"https:\/\/advancetapes.com\/fr\/products\/at8h-ruban-pvc-bicolore-signalisation-danger\/\" \/>\n<meta property=\"og:locale\" content=\"fr_FR\" \/>\n<meta property=\"og:type\" content=\"article\" \/>\n<meta property=\"og:title\" content=\"AT8H Ruban PVC Bicolore Signalisation Danger - Advance Tapes\" \/>\n<meta property=\"og:description\" content=\"Ruban PVC \u00e0 faible allongement - AT8H ne se d\u00e9collera pas une fois appliqu\u00e9  &nbsp;   Our Hazard Warning Tape is ideal for marking hazardous areas or social distancing. The AT8 Hazard Tape is a PVC film coated with an aggressive, cross linked solvent based rubber resin adhesive, which means it has a high level of adhesion and good abrasion resistance.     Our tape adheres for a very long term to rough surfaces. It has been specially designed for marking out potentially hazardous areas for safety purposes, such as steps, stairwells, floors, walkways, walls and other areas that need some warning identification.  This adhesive tape is perfect for high traffic area, the low stretch offered means that it won\u2019t shrink back or lift once applied. It can be walked on immediately after application without any drying time needed.  Our high tack hazard warning tape is available in 3 colourways, to suit most conditions.  We offer red \/ white, yellow \/ black or green \/ white all in diagonal stripes. The high contrast colours serve as a clear visual demarcation and guidance within buildings.  Black\/Yellow is used as a warning indicator \u2013 Radioactive materials, width or height restrictions, moving equipment, obstructions, general danger  Red\/White is used for prohibition or Danger indicator such as No smoking, Fire fighting equipment, Flammable substances  Green\/White is generally used for Safety and Escape indicator \u2013 Escape routes, Emergency exit, First Aid point, safe areas  &nbsp;\" \/>\n<meta property=\"og:url\" content=\"https:\/\/advancetapes.com\/fr\/products\/at8h-ruban-pvc-bicolore-signalisation-danger\/\" \/>\n<meta property=\"og:site_name\" content=\"Advance Tapes\" \/>\n<meta property=\"article:modified_time\" content=\"2021-04-12T21:46:43+00:00\" \/>\n<meta property=\"og:image\" content=\"https:\/\/advancetapes.com\/wp-content\/uploads\/2021\/01\/Advance-Tapes_AT0008H_YellowBlack.jpg\" \/>\n\t<meta property=\"og:image:width\" content=\"600\" \/>\n\t<meta property=\"og:image:height\" content=\"600\" \/>\n\t<meta property=\"og:image:type\" content=\"image\/jpeg\" \/>\n<meta name=\"twitter:card\" content=\"summary_large_image\" \/>\n<meta name=\"twitter:label1\" content=\"Est. reading time\" \/>\n\t<meta name=\"twitter:data1\" content=\"1 minute\" \/>\n<!-- \/ Yoast SEO plugin. -->","yoast_head_json":{"title":"AT8H Ruban PVC Bicolore Signalisation Danger - Advance Tapes","robots":{"index":"index","follow":"follow","max-snippet":"max-snippet:-1","max-image-preview":"max-image-preview:large","max-video-preview":"max-video-preview:-1"},"canonical":"https:\/\/advancetapes.com\/fr\/products\/at8h-ruban-pvc-bicolore-signalisation-danger\/","og_locale":"fr_FR","og_type":"article","og_title":"AT8H Ruban PVC Bicolore Signalisation Danger - Advance Tapes","og_description":"Ruban PVC \u00e0 faible allongement - AT8H ne se d\u00e9collera pas une fois appliqu\u00e9  &nbsp;   Our Hazard Warning Tape is ideal for marking hazardous areas or social distancing. The AT8 Hazard Tape is a PVC film coated with an aggressive, cross linked solvent based rubber resin adhesive, which means it has a high level of adhesion and good abrasion resistance.     Our tape adheres for a very long term to rough surfaces. It has been specially designed for marking out potentially hazardous areas for safety purposes, such as steps, stairwells, floors, walkways, walls and other areas that need some warning identification.  This adhesive tape is perfect for high traffic area, the low stretch offered means that it won\u2019t shrink back or lift once applied. It can be walked on immediately after application without any drying time needed.  Our high tack hazard warning tape is available in 3 colourways, to suit most conditions.  We offer red \/ white, yellow \/ black or green \/ white all in diagonal stripes. The high contrast colours serve as a clear visual demarcation and guidance within buildings.  Black\/Yellow is used as a warning indicator \u2013 Radioactive materials, width or height restrictions, moving equipment, obstructions, general danger  Red\/White is used for prohibition or Danger indicator such as No smoking, Fire fighting equipment, Flammable substances  Green\/White is generally used for Safety and Escape indicator \u2013 Escape routes, Emergency exit, First Aid point, safe areas  &nbsp;","og_url":"https:\/\/advancetapes.com\/fr\/products\/at8h-ruban-pvc-bicolore-signalisation-danger\/","og_site_name":"Advance Tapes","article_modified_time":"2021-04-12T21:46:43+00:00","og_image":[{"width":600,"height":600,"url":"https:\/\/advancetapes.com\/wp-content\/uploads\/2021\/01\/Advance-Tapes_AT0008H_YellowBlack.jpg","type":"image\/jpeg"}],"twitter_card":"summary_large_image","twitter_misc":{"Est. reading time":"1 minute"},"schema":{"@context":"https:\/\/schema.org","@graph":[{"@type":"WebPage","@id":"https:\/\/advancetapes.com\/fr\/products\/at8h-ruban-pvc-bicolore-signalisation-danger\/","url":"https:\/\/advancetapes.com\/fr\/products\/at8h-ruban-pvc-bicolore-signalisation-danger\/","name":"AT8H Ruban PVC Bicolore Signalisation Danger - Advance Tapes","isPartOf":{"@id":"https:\/\/advancetapes.com\/fr\/#website"},"primaryImageOfPage":{"@id":"https:\/\/advancetapes.com\/fr\/products\/at8h-ruban-pvc-bicolore-signalisation-danger\/#primaryimage"},"image":{"@id":"https:\/\/advancetapes.com\/fr\/products\/at8h-ruban-pvc-bicolore-signalisation-danger\/#primaryimage"},"thumbnailUrl":"https:\/\/advancetapes.com\/wp-content\/uploads\/2021\/01\/Advance-Tapes_AT0008H_YellowBlack.jpg","datePublished":"2021-01-03T18:26:59+00:00","dateModified":"2021-04-12T21:46:43+00:00","breadcrumb":{"@id":"https:\/\/advancetapes.com\/fr\/products\/at8h-ruban-pvc-bicolore-signalisation-danger\/#breadcrumb"},"inLanguage":"fr-FR","potentialAction":[{"@type":"ReadAction","target":["https:\/\/advancetapes.com\/fr\/products\/at8h-ruban-pvc-bicolore-signalisation-danger\/"]}]},{"@type":"ImageObject","inLanguage":"fr-FR","@id":"https:\/\/advancetapes.com\/fr\/products\/at8h-ruban-pvc-bicolore-signalisation-danger\/#primaryimage","url":"https:\/\/advancetapes.com\/wp-content\/uploads\/2021\/01\/Advance-Tapes_AT0008H_YellowBlack.jpg","contentUrl":"https:\/\/advancetapes.com\/wp-content\/uploads\/2021\/01\/Advance-Tapes_AT0008H_YellowBlack.jpg","width":600,"height":600},{"@type":"BreadcrumbList","@id":"https:\/\/advancetapes.com\/fr\/products\/at8h-ruban-pvc-bicolore-signalisation-danger\/#breadcrumb","itemListElement":[{"@type":"ListItem","position":1,"name":"Home","item":"https:\/\/advancetapes.com\/fr\/"},{"@type":"ListItem","position":2,"name":"Products","item":"https:\/\/advancetapes.com\/fr\/products\/"},{"@type":"ListItem","position":3,"name":"AT8H Ruban PVC Bicolore Signalisation Danger"}]},{"@type":"WebSite","@id":"https:\/\/advancetapes.com\/fr\/#website","url":"https:\/\/advancetapes.com\/fr\/","name":"Advance Tapes","description":"Adding more to adhesive tape","potentialAction":[{"@type":"SearchAction","target":{"@type":"EntryPoint","urlTemplate":"https:\/\/advancetapes.com\/fr\/?s={search_term_string}"},"query-input":{"@type":"PropertyValueSpecification","valueRequired":true,"valueName":"search_term_string"}}],"inLanguage":"fr-FR"}]}},"_links":{"self":[{"href":"https:\/\/advancetapes.com\/fr\/wp-json\/wp\/v2\/product\/5649","targetHints":{"allow":["GET"]}}],"collection":[{"href":"https:\/\/advancetapes.com\/fr\/wp-json\/wp\/v2\/product"}],"about":[{"href":"https:\/\/advancetapes.com\/fr\/wp-json\/wp\/v2\/types\/product"}],"wp:featuredmedia":[{"embeddable":true,"href":"https:\/\/advancetapes.com\/fr\/wp-json\/wp\/v2\/media\/4383"}],"wp:attachment":[{"href":"https:\/\/advancetapes.com\/fr\/wp-json\/wp\/v2\/media?parent=5649"}],"wp:term":[{"taxonomy":"product_brand","embeddable":true,"href":"https:\/\/advancetapes.com\/fr\/wp-json\/wp\/v2\/product_brand?post=5649"},{"taxonomy":"product_cat","embeddable":true,"href":"https:\/\/advancetapes.com\/fr\/wp-json\/wp\/v2\/product_cat?post=5649"},{"taxonomy":"product_tag","embeddable":true,"href":"https:\/\/advancetapes.com\/fr\/wp-json\/wp\/v2\/product_tag?post=5649"}],"curies":[{"name":"wp","href":"https:\/\/api.w.org\/{rel}","templated":true}]}}