{"id":5647,"date":"2021-01-03T18:21:47","date_gmt":"2021-01-03T18:21:47","guid":{"rendered":"https:\/\/advancetapes.com\/products\/at8-ruban-pvc-marquage-de-sol\/"},"modified":"2025-04-02T08:42:18","modified_gmt":"2025-04-02T08:42:18","slug":"at8-ruban-pvc-marquage-de-sol","status":"publish","type":"product","link":"https:\/\/advancetapes.com\/fr\/products\/at8-ruban-pvc-marquage-de-sol\/","title":{"rendered":"AT0008 Ruban PVC &#8211; Marquage De Sol"},"content":{"rendered":"<p><span data-mce-type=\"bookmark\" style=\"display: inline-block; width: 0px; overflow: hidden; line-height: 0;\" class=\"mce_SELRES_start\">\ufeff<\/span><div  class='tabcontainer av-kjftr0sh-5cbeaf8b0626cf654d5dd98b301fff40 top_tab  avia-builder-el-0  avia-builder-el-no-sibling '>\n<section class='av_tab_section av_tab_section av-biu0ae-235cd8dbfbcaac14537e1d6f24a2b24e'  itemscope=\"itemscope\" itemtype=\"https:\/\/schema.org\/CreativeWork\" ><div id='tab-id-1-tab' class='tab active_tab' role='tab' aria-selected=\"true\" tabindex=\"0\" data-fake-id='#tab-id-1' aria-controls='tab-id-1-content'  itemprop=\"headline\" >Fonctionnalit\u00e9s<\/div><div id='tab-id-1-content' class='tab_content active_tab_content' role='tabpanel' aria-labelledby='tab-id-1-tab' aria-hidden=\"false\"><div class='tab_inner_content invers-color'  itemprop=\"text\" ><ul>\n<li>Faible allongement &#8211; ne se d\u00e9collera pas une fois appliqu\u00e9<\/li>\n<li>Conformabilit\u00e9 excellente<\/li>\n<li>R\u00e9sistant \u00e0 l\u2019eau et aux U.V.<\/li>\n<li>Bonne r\u00e9sistance \u00e0 l\u2019abrasion<\/li>\n<li>Possibilit\u00e9 de marcher sur le ruban imm\u00e9diatement apr\u00e8s application<\/li>\n<li>Utilisable pour applications \u00e0 l\u2019ext\u00e9rieur ou \u00e0 l\u2019int\u00e9rieur<\/li>\n<li>Adh\u00e9sif non-corrosif<\/li>\n<\/ul>\n<\/div><\/div><\/section>\n<section class='av_tab_section av_tab_section av-9c2cye-7d060ceb684bbe9b5ed5155348129689'  itemscope=\"itemscope\" itemtype=\"https:\/\/schema.org\/CreativeWork\" ><div id='tab-id-2-tab' class='tab' role='tab' aria-selected=\"false\" tabindex=\"0\" data-fake-id='#tab-id-2' aria-controls='tab-id-2-content'  itemprop=\"headline\" >Applications<\/div><div id='tab-id-2-content' class='tab_content' role='tabpanel' aria-labelledby='tab-id-2-tab' aria-hidden=\"true\"><div class='tab_inner_content invers-color'  itemprop=\"text\" ><ul>\n<li>D\u00e9limitation des passerelles dans les usines et les entrep\u00f4ts<\/li>\n<li>(English) Social distancing floor marking<\/li>\n<li>Marquage directionnel des \u00e9tages dans les h\u00f4pitaux, les \u00e9coles et autres b\u00e2timents publics<\/li>\n<li>Marquage des salles de sport et des tribunaux<\/li>\n<li>Film de masquage de ligne fine<\/li>\n<\/ul>\n<\/div><\/div><\/section>\n<section class='av_tab_section av_tab_section av-7txmmu-b693e3ebe1f4782d1c3df0960aae6995'  itemscope=\"itemscope\" itemtype=\"https:\/\/schema.org\/CreativeWork\" ><div id='tab-id-3-tab' class='tab' role='tab' aria-selected=\"false\" tabindex=\"0\" data-fake-id='#tab-id-3' aria-controls='tab-id-3-content'  itemprop=\"headline\" >Technical<\/div><div id='tab-id-3-content' class='tab_content' role='tabpanel' aria-labelledby='tab-id-3-tab' aria-hidden=\"true\"><div class='tab_inner_content invers-color'  itemprop=\"text\" ><div class=\"col-xs-24 col-sm-12\">\n<table cellspacing=\"0\" cellpadding=\"0\">\n<tbody>\n<tr>\n<td><strong>Type de Produit<\/strong><\/td>\n<td>PVC<\/td>\n<\/tr>\n<tr>\n<td><strong>Type d&#8217;Adh\u00e9sif<\/strong><\/td>\n<td>Masse adh\u00e9sive en r\u00e9sine de caoutchouc \u00e0 base de solvant (r\u00e9ticul\u00e9)<\/td>\n<\/tr>\n<tr>\n<td><strong>\u00c9paisseur<\/strong><\/td>\n<td>0.14 mm<\/td>\n<\/tr>\n<tr>\n<td><strong>R\u00e9sistance \u00e0 la rupture<\/strong><\/td>\n<td>26 N\/cm<\/td>\n<\/tr>\n<tr>\n<td><strong>Allongement<\/strong><\/td>\n<td>150 %<\/td>\n<\/tr>\n<tr>\n<td><strong>Adh\u00e9sion sur acier<\/strong><\/td>\n<td>3.5 N\/cm<\/td>\n<\/tr>\n<tr>\n<td><strong>Adh\u00e9sion sur endos<\/strong><\/td>\n<td>2.5 N\/cm<\/td>\n<\/tr>\n<tr>\n<td><strong>Tenue en temp\u00e9rature<\/strong><\/td>\n<td>0\u00b0C to +60\u00b0C<\/td>\n<\/tr>\n<tr>\n<td><strong>Conformit\u00e9 RoHS<\/strong><\/td>\n<td>Oui<\/td>\n<\/tr>\n<\/tbody>\n<\/table>\n<\/div>\n<\/div><\/div><\/section>\n<section class='av_tab_section av_tab_section av-piqt-48b82d9099e36577dd2c08fe8a3b94f7'  itemscope=\"itemscope\" itemtype=\"https:\/\/schema.org\/CreativeWork\" ><div id='tab-id-4-tab' class='tab' role='tab' aria-selected=\"false\" tabindex=\"0\" data-fake-id='#tab-id-4' aria-controls='tab-id-4-content'  itemprop=\"headline\" >Colours and Sizes<\/div><div id='tab-id-4-content' class='tab_content' role='tabpanel' aria-labelledby='tab-id-4-tab' aria-hidden=\"true\"><div class='tab_inner_content invers-color'  itemprop=\"text\" ><p><span id=\"uxm_tab_pro_color\" class=\"uxm_tab_pro_color\"><\/span><span id=\"uxm_tab_pro_color_2\" class=\"uxm_tab_pro_color\"><\/span><span id=\"uxm_tab_pro_color_3\" class=\"uxm_tab_pro_color\"><\/span><span id=\"uxm_tab_pro_color_4\" class=\"uxm_tab_pro_color\"><\/span><span id=\"uxm_tab_pro_color_5\" class=\"uxm_tab_pro_color\"><\/span><span id=\"uxm_tab_pro_color_6\" class=\"uxm_tab_pro_color\"><\/span><span id=\"uxm_tab_pro_color_7\" class=\"uxm_tab_pro_color\"><\/span><\/p>\n<table style=\"height: 50px;\" width=\"1356\" cellspacing=\"0\" cellpadding=\"0\">\n<tbody>\n<tr>\n<td><strong>Standard Stock Sizes<\/strong><\/td>\n<td>50mmx33m<\/td>\n<\/tr>\n<tr>\n<\/tr>\n<\/tbody>\n<\/table>\n<\/div><\/div><\/section>\n<\/div><span data-mce-type=\"bookmark\" style=\"display: inline-block; width: 0px; overflow: hidden; line-height: 0;\" class=\"mce_SELRES_end\">\ufeff<\/span><\/p>\n","protected":false},"excerpt":{"rendered":"<p><strong>Ruban PVC \u00e0 faible allongement &#8211; ne se d\u00e9collera pas une fois appliqu\u00e9<\/strong><\/p>\n<p>&nbsp;<\/p>\n<div class=\"first_para_desc\">\n<p>L\u2019AT8 est un film PVC plastifi\u00e9 r\u00e9sistant, enduit d\u2019une masse adh\u00e9sive puissante en r\u00e9sine de caoutchouc \u00e0 base de solvant (r\u00e9ticul\u00e9), avec une haute adh\u00e9rence et aussi une haute adh\u00e9rence imm\u00e9diate, sensible \u00e0 la pression.<\/p>\n<\/div>\n","protected":false},"featured_media":4371,"template":"","meta":{"_acf_changed":false},"product_brand":[],"product_cat":[530,531,372,373,345,503,532],"product_tag":[328,332,329,330,331,334],"class_list":{"0":"post-5647","1":"product","2":"type-product","3":"status-publish","4":"has-post-thumbnail","6":"product_cat-agriculture-fr","7":"product_cat-asbestos-fr","8":"product_cat-building-fr","9":"product_cat-entertainment-fr","10":"product_cat-pvc-adhesive-tape","11":"product_cat-stock-disponsible","12":"product_cat-stockatf-de-fr","13":"product_tag-agriculture-fr","14":"product_tag-asbestos-fr","15":"product_tag-building-fr","16":"product_tag-entertainment-fr","17":"product_tag-industrial-consumables-fr","18":"product_tag-nuclear-fr","20":"first","21":"instock","22":"shipping-taxable","23":"product-type-simple"},"acf":[],"yoast_head":"<!-- This site is optimized with the Yoast SEO plugin v27.3 - https:\/\/yoast.com\/product\/yoast-seo-wordpress\/ -->\n<title>AT0008 Ruban PVC - Marquage De Sol - Advance Tapes<\/title>\n<meta name=\"robots\" content=\"index, follow, max-snippet:-1, max-image-preview:large, max-video-preview:-1\" \/>\n<link rel=\"canonical\" href=\"https:\/\/advancetapes.com\/fr\/products\/at8-ruban-pvc-marquage-de-sol\/\" \/>\n<meta property=\"og:locale\" content=\"fr_FR\" \/>\n<meta property=\"og:type\" content=\"article\" \/>\n<meta property=\"og:title\" content=\"AT0008 Ruban PVC - Marquage De Sol - Advance Tapes\" \/>\n<meta property=\"og:description\" content=\"Ruban PVC \u00e0 faible allongement - ne se d\u00e9collera pas une fois appliqu\u00e9  &nbsp;   L\u2019AT8 est un film PVC plastifi\u00e9 r\u00e9sistant, enduit d\u2019une masse adh\u00e9sive puissante en r\u00e9sine de caoutchouc \u00e0 base de solvant (r\u00e9ticul\u00e9), avec une haute adh\u00e9rence et aussi une haute adh\u00e9rence imm\u00e9diate, sensible \u00e0 la pression.\" \/>\n<meta property=\"og:url\" content=\"https:\/\/advancetapes.com\/fr\/products\/at8-ruban-pvc-marquage-de-sol\/\" \/>\n<meta property=\"og:site_name\" content=\"Advance Tapes\" \/>\n<meta property=\"article:modified_time\" content=\"2025-04-02T08:42:18+00:00\" \/>\n<meta property=\"og:image\" content=\"https:\/\/advancetapes.com\/wp-content\/uploads\/2021\/01\/Advance-Tapes_AT0008_Yellow.jpg\" \/>\n\t<meta property=\"og:image:width\" content=\"600\" \/>\n\t<meta property=\"og:image:height\" content=\"600\" \/>\n\t<meta property=\"og:image:type\" content=\"image\/jpeg\" \/>\n<meta name=\"twitter:card\" content=\"summary_large_image\" \/>\n<meta name=\"twitter:label1\" content=\"Est. reading time\" \/>\n\t<meta name=\"twitter:data1\" content=\"1 minute\" \/>\n<!-- \/ Yoast SEO plugin. -->","yoast_head_json":{"title":"AT0008 Ruban PVC - Marquage De Sol - Advance Tapes","robots":{"index":"index","follow":"follow","max-snippet":"max-snippet:-1","max-image-preview":"max-image-preview:large","max-video-preview":"max-video-preview:-1"},"canonical":"https:\/\/advancetapes.com\/fr\/products\/at8-ruban-pvc-marquage-de-sol\/","og_locale":"fr_FR","og_type":"article","og_title":"AT0008 Ruban PVC - Marquage De Sol - Advance Tapes","og_description":"Ruban PVC \u00e0 faible allongement - ne se d\u00e9collera pas une fois appliqu\u00e9  &nbsp;   L\u2019AT8 est un film PVC plastifi\u00e9 r\u00e9sistant, enduit d\u2019une masse adh\u00e9sive puissante en r\u00e9sine de caoutchouc \u00e0 base de solvant (r\u00e9ticul\u00e9), avec une haute adh\u00e9rence et aussi une haute adh\u00e9rence imm\u00e9diate, sensible \u00e0 la pression.","og_url":"https:\/\/advancetapes.com\/fr\/products\/at8-ruban-pvc-marquage-de-sol\/","og_site_name":"Advance Tapes","article_modified_time":"2025-04-02T08:42:18+00:00","og_image":[{"width":600,"height":600,"url":"https:\/\/advancetapes.com\/wp-content\/uploads\/2021\/01\/Advance-Tapes_AT0008_Yellow.jpg","type":"image\/jpeg"}],"twitter_card":"summary_large_image","twitter_misc":{"Est. reading time":"1 minute"},"schema":{"@context":"https:\/\/schema.org","@graph":[{"@type":"WebPage","@id":"https:\/\/advancetapes.com\/fr\/products\/at8-ruban-pvc-marquage-de-sol\/","url":"https:\/\/advancetapes.com\/fr\/products\/at8-ruban-pvc-marquage-de-sol\/","name":"AT0008 Ruban PVC - Marquage De Sol - Advance Tapes","isPartOf":{"@id":"https:\/\/advancetapes.com\/fr\/#website"},"primaryImageOfPage":{"@id":"https:\/\/advancetapes.com\/fr\/products\/at8-ruban-pvc-marquage-de-sol\/#primaryimage"},"image":{"@id":"https:\/\/advancetapes.com\/fr\/products\/at8-ruban-pvc-marquage-de-sol\/#primaryimage"},"thumbnailUrl":"https:\/\/advancetapes.com\/wp-content\/uploads\/2021\/01\/Advance-Tapes_AT0008_Yellow.jpg","datePublished":"2021-01-03T18:21:47+00:00","dateModified":"2025-04-02T08:42:18+00:00","breadcrumb":{"@id":"https:\/\/advancetapes.com\/fr\/products\/at8-ruban-pvc-marquage-de-sol\/#breadcrumb"},"inLanguage":"fr-FR","potentialAction":[{"@type":"ReadAction","target":["https:\/\/advancetapes.com\/fr\/products\/at8-ruban-pvc-marquage-de-sol\/"]}]},{"@type":"ImageObject","inLanguage":"fr-FR","@id":"https:\/\/advancetapes.com\/fr\/products\/at8-ruban-pvc-marquage-de-sol\/#primaryimage","url":"https:\/\/advancetapes.com\/wp-content\/uploads\/2021\/01\/Advance-Tapes_AT0008_Yellow.jpg","contentUrl":"https:\/\/advancetapes.com\/wp-content\/uploads\/2021\/01\/Advance-Tapes_AT0008_Yellow.jpg","width":600,"height":600,"caption":"Social Distancing Floor Marking Tape"},{"@type":"BreadcrumbList","@id":"https:\/\/advancetapes.com\/fr\/products\/at8-ruban-pvc-marquage-de-sol\/#breadcrumb","itemListElement":[{"@type":"ListItem","position":1,"name":"Home","item":"https:\/\/advancetapes.com\/fr\/"},{"@type":"ListItem","position":2,"name":"Products","item":"https:\/\/advancetapes.com\/fr\/products\/"},{"@type":"ListItem","position":3,"name":"AT0008 Ruban PVC &#8211; Marquage De Sol"}]},{"@type":"WebSite","@id":"https:\/\/advancetapes.com\/fr\/#website","url":"https:\/\/advancetapes.com\/fr\/","name":"Advance Tapes","description":"Adding more to adhesive tape","potentialAction":[{"@type":"SearchAction","target":{"@type":"EntryPoint","urlTemplate":"https:\/\/advancetapes.com\/fr\/?s={search_term_string}"},"query-input":{"@type":"PropertyValueSpecification","valueRequired":true,"valueName":"search_term_string"}}],"inLanguage":"fr-FR"}]}},"_links":{"self":[{"href":"https:\/\/advancetapes.com\/fr\/wp-json\/wp\/v2\/product\/5647","targetHints":{"allow":["GET"]}}],"collection":[{"href":"https:\/\/advancetapes.com\/fr\/wp-json\/wp\/v2\/product"}],"about":[{"href":"https:\/\/advancetapes.com\/fr\/wp-json\/wp\/v2\/types\/product"}],"wp:featuredmedia":[{"embeddable":true,"href":"https:\/\/advancetapes.com\/fr\/wp-json\/wp\/v2\/media\/4371"}],"wp:attachment":[{"href":"https:\/\/advancetapes.com\/fr\/wp-json\/wp\/v2\/media?parent=5647"}],"wp:term":[{"taxonomy":"product_brand","embeddable":true,"href":"https:\/\/advancetapes.com\/fr\/wp-json\/wp\/v2\/product_brand?post=5647"},{"taxonomy":"product_cat","embeddable":true,"href":"https:\/\/advancetapes.com\/fr\/wp-json\/wp\/v2\/product_cat?post=5647"},{"taxonomy":"product_tag","embeddable":true,"href":"https:\/\/advancetapes.com\/fr\/wp-json\/wp\/v2\/product_tag?post=5647"}],"curies":[{"name":"wp","href":"https:\/\/api.w.org\/{rel}","templated":true}]}}