{"id":5645,"date":"2021-01-03T18:16:32","date_gmt":"2021-01-03T18:16:32","guid":{"rendered":"https:\/\/advancetapes.com\/products\/at7-ruban-pvc-isolation-electrique\/"},"modified":"2025-04-02T08:40:45","modified_gmt":"2025-04-02T08:40:45","slug":"at7-ruban-pvc-isolation-electrique","status":"publish","type":"product","link":"https:\/\/advancetapes.com\/fr\/products\/at7-ruban-pvc-isolation-electrique\/","title":{"rendered":"AT0007 Ruban PVC Isolation \u00c9lectrique"},"content":{"rendered":"<p><div  class='tabcontainer av-kjftr0sh-5cbeaf8b0626cf654d5dd98b301fff40 top_tab  avia-builder-el-0  avia-builder-el-no-sibling '>\n<section class='av_tab_section av_tab_section av-a88u71-4f6791365471a02e4116d1498f54e16d'  itemscope=\"itemscope\" itemtype=\"https:\/\/schema.org\/CreativeWork\" ><div id='tab-id-1-tab' class='tab active_tab' role='tab' aria-selected=\"true\" tabindex=\"0\" data-fake-id='#tab-id-1' aria-controls='tab-id-1-content'  itemprop=\"headline\" >Fonctionnalit\u00e9s<\/div><div id='tab-id-1-content' class='tab_content active_tab_content' role='tabpanel' aria-labelledby='tab-id-1-tab' aria-hidden=\"false\"><div class='tab_inner_content invers-color'  itemprop=\"text\" ><ul>\n<li>Retardateur de flamme<\/li>\n<li>Auto-extinguible<\/li>\n<li>Facile \u00e0 d\u00e9couper et \u00e0 d\u00e9rouler<\/li>\n<li>Flexible<\/li>\n<li>Imperm\u00e9able<\/li>\n<li>R\u00e9sistant aux U.V.<\/li>\n<li>Bonne r\u00e9sistance \u00e0 l\u2019abrasion<\/li>\n<li>Adh\u00e9sif non-corrosif<\/li>\n<\/ul>\n<\/div><\/div><\/section>\n<section class='av_tab_section av_tab_section av-997wod-45c18f9ee20942ef75cea3acdafcced1'  itemscope=\"itemscope\" itemtype=\"https:\/\/schema.org\/CreativeWork\" ><div id='tab-id-2-tab' class='tab' role='tab' aria-selected=\"false\" tabindex=\"0\" data-fake-id='#tab-id-2' aria-controls='tab-id-2-content'  itemprop=\"headline\" >Applications<\/div><div id='tab-id-2-content' class='tab_content' role='tabpanel' aria-labelledby='tab-id-2-tab' aria-hidden=\"true\"><div class='tab_inner_content invers-color'  itemprop=\"text\" ><ul>\n<li>Codage couleur et isolation du c\u00e2blage \u00e9lectrique<\/li>\n<li>Composants de codage couleur, stock interm\u00e9diaire et produits finis pendant la fabrication<\/li>\n<li>Harnais de c\u00e2ble, isolation, protection contre l&#8217;abrasion pour les entreprises OEM dans le march\u00e9 des appareils m\u00e9nagers<\/li>\n<li>Masquage pendant l&#8217;\u00e9lectrod\u00e9position chimique<\/li>\n<li>Masquage et protection des hublots d&#8217;avions pendant la fabrication<\/li>\n<li>Masquage du train d&#8217;atterrissage d&#8217;un avion lors du cadmium<\/li>\n<\/ul>\n<\/div><\/div><\/section>\n<section class='av_tab_section av_tab_section av-7jkwf1-0e03814cb55ecab5dd56099e2eb4d7e4'  itemscope=\"itemscope\" itemtype=\"https:\/\/schema.org\/CreativeWork\" ><div id='tab-id-3-tab' class='tab' role='tab' aria-selected=\"false\" tabindex=\"0\" data-fake-id='#tab-id-3' aria-controls='tab-id-3-content'  itemprop=\"headline\" >Technical<\/div><div id='tab-id-3-content' class='tab_content' role='tabpanel' aria-labelledby='tab-id-3-tab' aria-hidden=\"true\"><div class='tab_inner_content invers-color'  itemprop=\"text\" ><div class=\"col-xs-24 col-sm-12\">\n<table cellspacing=\"0\" cellpadding=\"0\">\n<tbody>\n<tr>\n<td><strong>Type de Produit<\/strong><\/td>\n<td>PVC<\/td>\n<\/tr>\n<tr>\n<td><strong>Type d&#8217;Adh\u00e9sif<\/strong><\/td>\n<td>Masse adh\u00e9sive en r\u00e9sine de caoutchouc \u00e0 base de solvant (r\u00e9ticul\u00e9)<\/td>\n<\/tr>\n<tr>\n<td><strong>\u00c9paisseur<\/strong><\/td>\n<td>0.13 mm<\/td>\n<\/tr>\n<tr>\n<td><strong>R\u00e9sistance \u00e0 la rupture<\/strong><\/td>\n<td>26 N\/cm<\/td>\n<\/tr>\n<tr>\n<td><strong>Allongement<\/strong><\/td>\n<td>180 %<\/td>\n<\/tr>\n<tr>\n<td><strong>Adh\u00e9sion sur acier<\/strong><\/td>\n<td>2.4 N\/cm<\/td>\n<\/tr>\n<tr>\n<td><strong>Adh\u00e9sion sur endos<\/strong><\/td>\n<td>2.1 N\/cm<\/td>\n<\/tr>\n<tr>\n<td><strong>Tenue en temp\u00e9rature<\/strong><\/td>\n<td>-5\u00b0C \u00e0 +70\u00b0C<\/td>\n<\/tr>\n<tr>\n<td><strong>Breakdown Voltage<\/strong><\/td>\n<td>8.0 kV<\/td>\n<\/tr>\n<tr>\n<td><strong>Conformit\u00e9 RoHS<\/strong><\/td>\n<td>Oui<\/td>\n<\/tr>\n<tr>\n<td><strong>Specification<\/strong><\/td>\n<td>BS EN 60454 Type 2<\/td>\n<\/tr>\n<\/tbody>\n<\/table>\n<\/div>\n<\/div><\/div><\/section>\n<section class='av_tab_section av_tab_section av-piqt-48b82d9099e36577dd2c08fe8a3b94f7'  itemscope=\"itemscope\" itemtype=\"https:\/\/schema.org\/CreativeWork\" ><div id='tab-id-4-tab' class='tab' role='tab' aria-selected=\"false\" tabindex=\"0\" data-fake-id='#tab-id-4' aria-controls='tab-id-4-content'  itemprop=\"headline\" >Colours and Sizes<\/div><div id='tab-id-4-content' class='tab_content' role='tabpanel' aria-labelledby='tab-id-4-tab' aria-hidden=\"true\"><div class='tab_inner_content invers-color'  itemprop=\"text\" ><p><span id=\"uxm_tab_pro_color\" class=\"uxm_tab_pro_color\"><\/span><span id=\"uxm_tab_pro_color_2\" class=\"uxm_tab_pro_color\"><\/span><span id=\"uxm_tab_pro_color_3\" class=\"uxm_tab_pro_color\"><\/span><span id=\"uxm_tab_pro_color_4\" class=\"uxm_tab_pro_color\"><\/span><span id=\"uxm_tab_pro_color_5\" class=\"uxm_tab_pro_color\"><\/span><span id=\"uxm_tab_pro_color_6\" class=\"uxm_tab_pro_color\"><\/span><span id=\"uxm_tab_pro_color_7\" class=\"uxm_tab_pro_color\"><\/span><\/p>\n<table style=\"height: 50px;\" width=\"1356\" cellspacing=\"0\" cellpadding=\"0\">\n<tbody>\n<tr>\n<td><strong>Standard Stock Sizes<\/strong><\/td>\n<td>15mmx10m<\/td>\n<td>19mmx20m<\/td>\n<td>50mmx20m<\/td>\n<td>15mmx33m<\/td>\n<td>19mmx33m<\/td>\n<td>25mmx33m<\/td>\n<td>30mmx33m<\/td>\n<td>38mmx33m<\/td>\n<td>50mmx33m<\/td>\n<\/tr>\n<tr>\n<\/tr>\n<\/tbody>\n<\/table>\n<\/div><\/div><\/section>\n<\/div><span data-mce-type=\"bookmark\" style=\"display: inline-block; width: 0px; overflow: hidden; line-height: 0;\" class=\"mce_SELRES_end\">\ufeff<\/span><\/p>\n","protected":false},"excerpt":{"rendered":"<p><strong>En conformit\u00e9 avec la norme BS EN 60454 -3-1\/Type 2<\/strong><\/p>\n<p>&nbsp;<\/p>\n<div class=\"first_para_desc\">\n<p>L\u2019AT7 est un ruban d\u2019isolation PVC \u00e9lectrique sans plomb enduit d\u2019une masse adh\u00e9sive en r\u00e9sine de caoutchouc \u00e0 base de solvant (r\u00e9ticul\u00e9) et sensible \u00e0 la pression adapt\u00e9 aux travaux g\u00e9n\u00e9raux d\u2019isolation \u00e9lectrique.<\/p>\n<\/div>\n<div class=\"rest_of_desc\">\n<p>Conforme \u00e0 la sp\u00e9cification BS EN 60454 Type 2, l\u2019AT7 est retardateur de flamme et autoextinguible, offrant des performances tr\u00e8s s\u00fbres pour tous types d\u2019applications m\u00e9caniques et \u00e9lectriques.<br \/>\nIl se d\u00e9roule et d\u00e9coupe facilement aidant \u00e0 r\u00e9duire le risque de trouble musculosquelettique. Ce ruban PVC est souple et r\u00e9sistant, il adh\u00e8re rapidement sur toutes les surfaces irregulieres. Utilis\u00e9 pour l\u2019isolation des c\u00e2bles, le harnais et le codage par couleur. Id\u00e9al pour une utilisation en int\u00e9rieur et en ext\u00e9rieur .<\/p>\n<p>AT7 est disponible dans une large gamme de couleurs, de largeurs et de longueurs.<\/p>\n<\/div>\n","protected":false},"featured_media":4363,"template":"","meta":{"_acf_changed":false},"product_brand":[],"product_cat":[530,372,373,345,503,532],"product_tag":[328,329,330,333,331,334],"class_list":{"0":"post-5645","1":"product","2":"type-product","3":"status-publish","4":"has-post-thumbnail","6":"product_cat-agriculture-fr","7":"product_cat-building-fr","8":"product_cat-entertainment-fr","9":"product_cat-pvc-adhesive-tape","10":"product_cat-stock-disponsible","11":"product_cat-stockatf-de-fr","12":"product_tag-agriculture-fr","13":"product_tag-building-fr","14":"product_tag-entertainment-fr","15":"product_tag-hevac-fr","16":"product_tag-industrial-consumables-fr","17":"product_tag-nuclear-fr","19":"first","20":"instock","21":"shipping-taxable","22":"product-type-simple"},"acf":[],"yoast_head":"<!-- This site is optimized with the Yoast SEO plugin v27.4 - https:\/\/yoast.com\/product\/yoast-seo-wordpress\/ -->\n<title>AT0007 Ruban PVC Isolation \u00c9lectrique - Advance Tapes<\/title>\n<meta name=\"robots\" content=\"index, follow, max-snippet:-1, max-image-preview:large, max-video-preview:-1\" \/>\n<link rel=\"canonical\" href=\"https:\/\/advancetapes.com\/fr\/products\/at7-ruban-pvc-isolation-electrique\/\" \/>\n<meta property=\"og:locale\" content=\"fr_FR\" \/>\n<meta property=\"og:type\" content=\"article\" \/>\n<meta property=\"og:title\" content=\"AT0007 Ruban PVC Isolation \u00c9lectrique - Advance Tapes\" \/>\n<meta property=\"og:description\" content=\"En conformit\u00e9 avec la norme BS EN 60454 -3-1\/Type 2  &nbsp;   L\u2019AT7 est un ruban d\u2019isolation PVC \u00e9lectrique sans plomb enduit d\u2019une masse adh\u00e9sive en r\u00e9sine de caoutchouc \u00e0 base de solvant (r\u00e9ticul\u00e9) et sensible \u00e0 la pression adapt\u00e9 aux travaux g\u00e9n\u00e9raux d\u2019isolation \u00e9lectrique.     Conforme \u00e0 la sp\u00e9cification BS EN 60454 Type 2, l\u2019AT7 est retardateur de flamme et autoextinguible, offrant des performances tr\u00e8s s\u00fbres pour tous types d\u2019applications m\u00e9caniques et \u00e9lectriques. Il se d\u00e9roule et d\u00e9coupe facilement aidant \u00e0 r\u00e9duire le risque de trouble musculosquelettique. Ce ruban PVC est souple et r\u00e9sistant, il adh\u00e8re rapidement sur toutes les surfaces irregulieres. Utilis\u00e9 pour l\u2019isolation des c\u00e2bles, le harnais et le codage par couleur. Id\u00e9al pour une utilisation en int\u00e9rieur et en ext\u00e9rieur .  AT7 est disponible dans une large gamme de couleurs, de largeurs et de longueurs.\" \/>\n<meta property=\"og:url\" content=\"https:\/\/advancetapes.com\/fr\/products\/at7-ruban-pvc-isolation-electrique\/\" \/>\n<meta property=\"og:site_name\" content=\"Advance Tapes\" \/>\n<meta property=\"article:modified_time\" content=\"2025-04-02T08:40:45+00:00\" \/>\n<meta property=\"og:image\" content=\"https:\/\/advancetapes.com\/wp-content\/uploads\/2021\/01\/Advance-Tapes_AT0007_Group.jpg\" \/>\n\t<meta property=\"og:image:width\" content=\"600\" \/>\n\t<meta property=\"og:image:height\" content=\"600\" \/>\n\t<meta property=\"og:image:type\" content=\"image\/jpeg\" \/>\n<meta name=\"twitter:card\" content=\"summary_large_image\" \/>\n<meta name=\"twitter:label1\" content=\"Est. reading time\" \/>\n\t<meta name=\"twitter:data1\" content=\"1 minute\" \/>\n<!-- \/ Yoast SEO plugin. -->","yoast_head_json":{"title":"AT0007 Ruban PVC Isolation \u00c9lectrique - Advance Tapes","robots":{"index":"index","follow":"follow","max-snippet":"max-snippet:-1","max-image-preview":"max-image-preview:large","max-video-preview":"max-video-preview:-1"},"canonical":"https:\/\/advancetapes.com\/fr\/products\/at7-ruban-pvc-isolation-electrique\/","og_locale":"fr_FR","og_type":"article","og_title":"AT0007 Ruban PVC Isolation \u00c9lectrique - Advance Tapes","og_description":"En conformit\u00e9 avec la norme BS EN 60454 -3-1\/Type 2  &nbsp;   L\u2019AT7 est un ruban d\u2019isolation PVC \u00e9lectrique sans plomb enduit d\u2019une masse adh\u00e9sive en r\u00e9sine de caoutchouc \u00e0 base de solvant (r\u00e9ticul\u00e9) et sensible \u00e0 la pression adapt\u00e9 aux travaux g\u00e9n\u00e9raux d\u2019isolation \u00e9lectrique.     Conforme \u00e0 la sp\u00e9cification BS EN 60454 Type 2, l\u2019AT7 est retardateur de flamme et autoextinguible, offrant des performances tr\u00e8s s\u00fbres pour tous types d\u2019applications m\u00e9caniques et \u00e9lectriques. Il se d\u00e9roule et d\u00e9coupe facilement aidant \u00e0 r\u00e9duire le risque de trouble musculosquelettique. Ce ruban PVC est souple et r\u00e9sistant, il adh\u00e8re rapidement sur toutes les surfaces irregulieres. Utilis\u00e9 pour l\u2019isolation des c\u00e2bles, le harnais et le codage par couleur. Id\u00e9al pour une utilisation en int\u00e9rieur et en ext\u00e9rieur .  AT7 est disponible dans une large gamme de couleurs, de largeurs et de longueurs.","og_url":"https:\/\/advancetapes.com\/fr\/products\/at7-ruban-pvc-isolation-electrique\/","og_site_name":"Advance Tapes","article_modified_time":"2025-04-02T08:40:45+00:00","og_image":[{"width":600,"height":600,"url":"https:\/\/advancetapes.com\/wp-content\/uploads\/2021\/01\/Advance-Tapes_AT0007_Group.jpg","type":"image\/jpeg"}],"twitter_card":"summary_large_image","twitter_misc":{"Est. reading time":"1 minute"},"schema":{"@context":"https:\/\/schema.org","@graph":[{"@type":"WebPage","@id":"https:\/\/advancetapes.com\/fr\/products\/at7-ruban-pvc-isolation-electrique\/","url":"https:\/\/advancetapes.com\/fr\/products\/at7-ruban-pvc-isolation-electrique\/","name":"AT0007 Ruban PVC Isolation \u00c9lectrique - Advance Tapes","isPartOf":{"@id":"https:\/\/advancetapes.com\/fr\/#website"},"primaryImageOfPage":{"@id":"https:\/\/advancetapes.com\/fr\/products\/at7-ruban-pvc-isolation-electrique\/#primaryimage"},"image":{"@id":"https:\/\/advancetapes.com\/fr\/products\/at7-ruban-pvc-isolation-electrique\/#primaryimage"},"thumbnailUrl":"https:\/\/advancetapes.com\/wp-content\/uploads\/2021\/01\/Advance-Tapes_AT0007_Group.jpg","datePublished":"2021-01-03T18:16:32+00:00","dateModified":"2025-04-02T08:40:45+00:00","breadcrumb":{"@id":"https:\/\/advancetapes.com\/fr\/products\/at7-ruban-pvc-isolation-electrique\/#breadcrumb"},"inLanguage":"fr-FR","potentialAction":[{"@type":"ReadAction","target":["https:\/\/advancetapes.com\/fr\/products\/at7-ruban-pvc-isolation-electrique\/"]}]},{"@type":"ImageObject","inLanguage":"fr-FR","@id":"https:\/\/advancetapes.com\/fr\/products\/at7-ruban-pvc-isolation-electrique\/#primaryimage","url":"https:\/\/advancetapes.com\/wp-content\/uploads\/2021\/01\/Advance-Tapes_AT0007_Group.jpg","contentUrl":"https:\/\/advancetapes.com\/wp-content\/uploads\/2021\/01\/Advance-Tapes_AT0007_Group.jpg","width":600,"height":600,"caption":"PVC Electrical insulation tape"},{"@type":"BreadcrumbList","@id":"https:\/\/advancetapes.com\/fr\/products\/at7-ruban-pvc-isolation-electrique\/#breadcrumb","itemListElement":[{"@type":"ListItem","position":1,"name":"Home","item":"https:\/\/advancetapes.com\/fr\/"},{"@type":"ListItem","position":2,"name":"Products","item":"https:\/\/advancetapes.com\/fr\/products\/"},{"@type":"ListItem","position":3,"name":"AT0007 Ruban PVC Isolation \u00c9lectrique"}]},{"@type":"WebSite","@id":"https:\/\/advancetapes.com\/fr\/#website","url":"https:\/\/advancetapes.com\/fr\/","name":"Advance Tapes","description":"Adding more to adhesive tape","potentialAction":[{"@type":"SearchAction","target":{"@type":"EntryPoint","urlTemplate":"https:\/\/advancetapes.com\/fr\/?s={search_term_string}"},"query-input":{"@type":"PropertyValueSpecification","valueRequired":true,"valueName":"search_term_string"}}],"inLanguage":"fr-FR"}]}},"_links":{"self":[{"href":"https:\/\/advancetapes.com\/fr\/wp-json\/wp\/v2\/product\/5645","targetHints":{"allow":["GET"]}}],"collection":[{"href":"https:\/\/advancetapes.com\/fr\/wp-json\/wp\/v2\/product"}],"about":[{"href":"https:\/\/advancetapes.com\/fr\/wp-json\/wp\/v2\/types\/product"}],"wp:featuredmedia":[{"embeddable":true,"href":"https:\/\/advancetapes.com\/fr\/wp-json\/wp\/v2\/media\/4363"}],"wp:attachment":[{"href":"https:\/\/advancetapes.com\/fr\/wp-json\/wp\/v2\/media?parent=5645"}],"wp:term":[{"taxonomy":"product_brand","embeddable":true,"href":"https:\/\/advancetapes.com\/fr\/wp-json\/wp\/v2\/product_brand?post=5645"},{"taxonomy":"product_cat","embeddable":true,"href":"https:\/\/advancetapes.com\/fr\/wp-json\/wp\/v2\/product_cat?post=5645"},{"taxonomy":"product_tag","embeddable":true,"href":"https:\/\/advancetapes.com\/fr\/wp-json\/wp\/v2\/product_tag?post=5645"}],"curies":[{"name":"wp","href":"https:\/\/api.w.org\/{rel}","templated":true}]}}