{"id":5637,"date":"2021-01-03T17:58:54","date_gmt":"2021-01-03T17:58:54","guid":{"rendered":"https:\/\/advancetapes.com\/products\/at6160-ruban-polyethylene-tack-eleve\/"},"modified":"2021-01-27T16:24:13","modified_gmt":"2021-01-27T16:24:13","slug":"at6160-ruban-polyethylene-tack-eleve","status":"publish","type":"product","link":"https:\/\/advancetapes.com\/fr\/products\/at6160-ruban-polyethylene-tack-eleve\/","title":{"rendered":"AT6160 Ruban Poly\u00e9thyl\u00e8ne Tack Elev\u00e9"},"content":{"rendered":"<div  class='tabcontainer av-kjftr0sh-5cbeaf8b0626cf654d5dd98b301fff40 top_tab  avia-builder-el-0  avia-builder-el-no-sibling '>\n<section class='av_tab_section av_tab_section av-b516gv-1251e4917c18fd14615b2604e483f4a3'  itemscope=\"itemscope\" itemtype=\"https:\/\/schema.org\/CreativeWork\" ><div id='tab-id-1-tab' class='tab active_tab' role='tab' aria-selected=\"true\" tabindex=\"0\" data-fake-id='#tab-id-1' aria-controls='tab-id-1-content'  itemprop=\"headline\" >Fonctionnalit\u00e9s<\/div><div id='tab-id-1-content' class='tab_content active_tab_content' role='tabpanel' aria-labelledby='tab-id-1-tab' aria-hidden=\"false\"><div class='tab_inner_content invers-color'  itemprop=\"text\" ><ul>\n<li>Haute adh\u00e9sion aux substrats \u00e0 faible \u00e9nergie de surface comme le poly\u00e9thyl\u00e8ne<\/li>\n<li>Facile \u00e0 d\u00e9couper<\/li>\n<li>Pouvoir adh\u00e9sif imm\u00e9diat \u00e9lev\u00e9 (Tack)<\/li>\n<li>Souple \u00e0 basse temp\u00e9rature<\/li>\n<li>Bonne r\u00e9sistance \u00e0 l\u2019abrasion<\/li>\n<li>R\u00e9sistant \u00e0 l\u2019eau et aux intemp\u00e9ries<\/li>\n<li>Adh\u00e9sif non corrosive<\/li>\n<\/ul>\n<\/div><\/div><\/section>\n<section class='av_tab_section av_tab_section av-8ta4sv-2bd4d9d658ba60c4558afe3a0f314fed'  itemscope=\"itemscope\" itemtype=\"https:\/\/schema.org\/CreativeWork\" ><div id='tab-id-2-tab' class='tab' role='tab' aria-selected=\"false\" tabindex=\"0\" data-fake-id='#tab-id-2' aria-controls='tab-id-2-content'  itemprop=\"headline\" >Applications<\/div><div id='tab-id-2-content' class='tab_content' role='tabpanel' aria-labelledby='tab-id-2-tab' aria-hidden=\"true\"><div class='tab_inner_content invers-color'  itemprop=\"text\" ><ul>\n<li>Lacunes d&#8217;\u00e9tanch\u00e9it\u00e9<\/li>\n<li>Jointure et \u00e9tanch\u00e9it\u00e9 de film PE r\u00e9tractable utilis\u00e9 pour l&#8217;emballage et la protection des ouvrages de construction, bateaux, machines industrielles et produits militaires<\/li>\n<\/ul>\n<\/div><\/div><\/section>\n<section class='av_tab_section av_tab_section av-6tgm3j-a48b0908981238ecfa1c1e5c460e8346'  itemscope=\"itemscope\" itemtype=\"https:\/\/schema.org\/CreativeWork\" ><div id='tab-id-3-tab' class='tab' role='tab' aria-selected=\"false\" tabindex=\"0\" data-fake-id='#tab-id-3' aria-controls='tab-id-3-content'  itemprop=\"headline\" >Technical<\/div><div id='tab-id-3-content' class='tab_content' role='tabpanel' aria-labelledby='tab-id-3-tab' aria-hidden=\"true\"><div class='tab_inner_content invers-color'  itemprop=\"text\" ><div class=\"col-xs-24 col-sm-12\">\n<table cellspacing=\"0\" cellpadding=\"0\">\n<tbody>\n<tr>\n<td><strong>Type de Produit<\/strong><\/td>\n<td>Poly\u00e9thyl\u00e8ne<\/td>\n<\/tr>\n<tr>\n<td><strong>Type d&#8217;Adh\u00e9sif<\/strong><\/td>\n<td>Masse adh\u00e9sive en r\u00e9sine de caoutchouc \u00e0 base de solvant<\/td>\n<\/tr>\n<tr>\n<td><strong>\u00c9paisseur<\/strong><\/td>\n<td>0.20 mm<\/td>\n<\/tr>\n<tr>\n<td><strong>R\u00e9sistance \u00e0 la rupture<\/strong><\/td>\n<td>27 N\/cm<\/td>\n<\/tr>\n<tr>\n<td><strong>Allongement<\/strong><\/td>\n<td>400 %<\/td>\n<\/tr>\n<tr>\n<td><strong>Adh\u00e9sion sur acier<\/strong><\/td>\n<td>3.5 N\/cm<\/td>\n<\/tr>\n<tr>\n<td><strong>Adh\u00e9sion sur endos<\/strong><\/td>\n<td>3.0 N\/cm<\/td>\n<\/tr>\n<tr>\n<td><strong>Tenue en temp\u00e9rature<\/strong><\/td>\n<td>-5\u00b0C to +50\u00b0C<\/td>\n<\/tr>\n<tr>\n<td><strong>Conformit\u00e9 RoHS<\/strong><\/td>\n<td>Oui<\/td>\n<\/tr>\n<\/tbody>\n<\/table>\n<\/div>\n<\/div><\/div><\/section>\n<section class='av_tab_section av_tab_section av-piqt-c78631c4603ff59fef417d06594d5e20'  itemscope=\"itemscope\" itemtype=\"https:\/\/schema.org\/CreativeWork\" ><div id='tab-id-4-tab' class='tab' role='tab' aria-selected=\"false\" tabindex=\"0\" data-fake-id='#tab-id-4' aria-controls='tab-id-4-content'  itemprop=\"headline\" >Colours<\/div><div id='tab-id-4-content' class='tab_content' role='tabpanel' aria-labelledby='tab-id-4-tab' aria-hidden=\"true\"><div class='tab_inner_content invers-color'  itemprop=\"text\" ><p><span id=\"uxm_tab_pro_color\" class=\"uxm_tab_pro_color\"><\/span><span id=\"uxm_tab_pro_color_2\" class=\"uxm_tab_pro_color\"><\/span><span id=\"uxm_tab_pro_color_3\" class=\"uxm_tab_pro_color\"><\/span><span id=\"uxm_tab_pro_color_4\" class=\"uxm_tab_pro_color\"><\/span><span id=\"uxm_tab_pro_color_5\" class=\"uxm_tab_pro_color\"><\/span><span id=\"uxm_tab_pro_color_6\" class=\"uxm_tab_pro_color\"><\/span><span id=\"uxm_tab_pro_color_7\" class=\"uxm_tab_pro_color\"><\/span><\/p>\n<\/div><\/div><\/section>\n<\/div>\n","protected":false},"excerpt":{"rendered":"<div class=\"first_para_desc\">\n<p>AT6160 is a thick polythene film, coated with a clear, solvent based rubber-resin adhesive.<\/p>\n<\/div>\n<div class=\"rest_of_desc\">\n<p>This tape has been specifically designed for use with shrink wrap film in the shipbuilding, ship refurbishment and general construction industries.<\/p>\n<p>AT6160 has excellent resistance to both water and weathering. This combined with its good abrasion resistance makes the tape ideal to be used where damp or moisture is present.<br \/>\nThe tape is high tack, conformable and easy tear to enable efficiency and precision in the application.<\/p>\n<\/div>\n","protected":false},"featured_media":3026,"template":"","meta":{"_acf_changed":false},"product_brand":[],"product_cat":[344],"product_tag":[329,331],"class_list":{"0":"post-5637","1":"product","2":"type-product","3":"status-publish","4":"has-post-thumbnail","6":"product_cat-polythene","7":"product_tag-building-fr","8":"product_tag-industrial-consumables-fr","10":"first","11":"instock","12":"shipping-taxable","13":"product-type-simple"},"acf":[],"yoast_head":"<!-- This site is optimized with the Yoast SEO plugin v27.3 - https:\/\/yoast.com\/product\/yoast-seo-wordpress\/ -->\n<title>AT6160 Ruban Poly\u00e9thyl\u00e8ne Tack Elev\u00e9 - Advance Tapes<\/title>\n<meta name=\"robots\" content=\"index, follow, max-snippet:-1, max-image-preview:large, max-video-preview:-1\" \/>\n<link rel=\"canonical\" href=\"https:\/\/advancetapes.com\/fr\/products\/at6160-ruban-polyethylene-tack-eleve\/\" \/>\n<meta property=\"og:locale\" content=\"fr_FR\" \/>\n<meta property=\"og:type\" content=\"article\" \/>\n<meta property=\"og:title\" content=\"AT6160 Ruban Poly\u00e9thyl\u00e8ne Tack Elev\u00e9 - Advance Tapes\" \/>\n<meta property=\"og:description\" content=\"AT6160 is a thick polythene film, coated with a clear, solvent based rubber-resin adhesive.     This tape has been specifically designed for use with shrink wrap film in the shipbuilding, ship refurbishment and general construction industries.  AT6160 has excellent resistance to both water and weathering. This combined with its good abrasion resistance makes the tape ideal to be used where damp or moisture is present. The tape is high tack, conformable and easy tear to enable efficiency and precision in the application.\" \/>\n<meta property=\"og:url\" content=\"https:\/\/advancetapes.com\/fr\/products\/at6160-ruban-polyethylene-tack-eleve\/\" \/>\n<meta property=\"og:site_name\" content=\"Advance Tapes\" \/>\n<meta property=\"article:modified_time\" content=\"2021-01-27T16:24:13+00:00\" \/>\n<meta property=\"og:image\" content=\"https:\/\/advancetapes.com\/wp-content\/uploads\/2021\/01\/Advance-Tapes_AT6160_White.jpg\" \/>\n\t<meta property=\"og:image:width\" content=\"600\" \/>\n\t<meta property=\"og:image:height\" content=\"600\" \/>\n\t<meta property=\"og:image:type\" content=\"image\/jpeg\" \/>\n<meta name=\"twitter:card\" content=\"summary_large_image\" \/>\n<meta name=\"twitter:label1\" content=\"Est. reading time\" \/>\n\t<meta name=\"twitter:data1\" content=\"1 minute\" \/>\n<!-- \/ Yoast SEO plugin. -->","yoast_head_json":{"title":"AT6160 Ruban Poly\u00e9thyl\u00e8ne Tack Elev\u00e9 - Advance Tapes","robots":{"index":"index","follow":"follow","max-snippet":"max-snippet:-1","max-image-preview":"max-image-preview:large","max-video-preview":"max-video-preview:-1"},"canonical":"https:\/\/advancetapes.com\/fr\/products\/at6160-ruban-polyethylene-tack-eleve\/","og_locale":"fr_FR","og_type":"article","og_title":"AT6160 Ruban Poly\u00e9thyl\u00e8ne Tack Elev\u00e9 - Advance Tapes","og_description":"AT6160 is a thick polythene film, coated with a clear, solvent based rubber-resin adhesive.     This tape has been specifically designed for use with shrink wrap film in the shipbuilding, ship refurbishment and general construction industries.  AT6160 has excellent resistance to both water and weathering. This combined with its good abrasion resistance makes the tape ideal to be used where damp or moisture is present. The tape is high tack, conformable and easy tear to enable efficiency and precision in the application.","og_url":"https:\/\/advancetapes.com\/fr\/products\/at6160-ruban-polyethylene-tack-eleve\/","og_site_name":"Advance Tapes","article_modified_time":"2021-01-27T16:24:13+00:00","og_image":[{"width":600,"height":600,"url":"https:\/\/advancetapes.com\/wp-content\/uploads\/2021\/01\/Advance-Tapes_AT6160_White.jpg","type":"image\/jpeg"}],"twitter_card":"summary_large_image","twitter_misc":{"Est. reading time":"1 minute"},"schema":{"@context":"https:\/\/schema.org","@graph":[{"@type":"WebPage","@id":"https:\/\/advancetapes.com\/fr\/products\/at6160-ruban-polyethylene-tack-eleve\/","url":"https:\/\/advancetapes.com\/fr\/products\/at6160-ruban-polyethylene-tack-eleve\/","name":"AT6160 Ruban Poly\u00e9thyl\u00e8ne Tack Elev\u00e9 - Advance Tapes","isPartOf":{"@id":"https:\/\/advancetapes.com\/fr\/#website"},"primaryImageOfPage":{"@id":"https:\/\/advancetapes.com\/fr\/products\/at6160-ruban-polyethylene-tack-eleve\/#primaryimage"},"image":{"@id":"https:\/\/advancetapes.com\/fr\/products\/at6160-ruban-polyethylene-tack-eleve\/#primaryimage"},"thumbnailUrl":"https:\/\/advancetapes.com\/wp-content\/uploads\/2021\/01\/Advance-Tapes_AT6160_White.jpg","datePublished":"2021-01-03T17:58:54+00:00","dateModified":"2021-01-27T16:24:13+00:00","breadcrumb":{"@id":"https:\/\/advancetapes.com\/fr\/products\/at6160-ruban-polyethylene-tack-eleve\/#breadcrumb"},"inLanguage":"fr-FR","potentialAction":[{"@type":"ReadAction","target":["https:\/\/advancetapes.com\/fr\/products\/at6160-ruban-polyethylene-tack-eleve\/"]}]},{"@type":"ImageObject","inLanguage":"fr-FR","@id":"https:\/\/advancetapes.com\/fr\/products\/at6160-ruban-polyethylene-tack-eleve\/#primaryimage","url":"https:\/\/advancetapes.com\/wp-content\/uploads\/2021\/01\/Advance-Tapes_AT6160_White.jpg","contentUrl":"https:\/\/advancetapes.com\/wp-content\/uploads\/2021\/01\/Advance-Tapes_AT6160_White.jpg","width":600,"height":600,"caption":"Shrink Wrap Polythene High Tack Performance Tape"},{"@type":"BreadcrumbList","@id":"https:\/\/advancetapes.com\/fr\/products\/at6160-ruban-polyethylene-tack-eleve\/#breadcrumb","itemListElement":[{"@type":"ListItem","position":1,"name":"Home","item":"https:\/\/advancetapes.com\/fr\/"},{"@type":"ListItem","position":2,"name":"Products","item":"https:\/\/advancetapes.com\/fr\/products\/"},{"@type":"ListItem","position":3,"name":"AT6160 Ruban Poly\u00e9thyl\u00e8ne Tack Elev\u00e9"}]},{"@type":"WebSite","@id":"https:\/\/advancetapes.com\/fr\/#website","url":"https:\/\/advancetapes.com\/fr\/","name":"Advance Tapes","description":"Adding more to adhesive tape","potentialAction":[{"@type":"SearchAction","target":{"@type":"EntryPoint","urlTemplate":"https:\/\/advancetapes.com\/fr\/?s={search_term_string}"},"query-input":{"@type":"PropertyValueSpecification","valueRequired":true,"valueName":"search_term_string"}}],"inLanguage":"fr-FR"}]}},"_links":{"self":[{"href":"https:\/\/advancetapes.com\/fr\/wp-json\/wp\/v2\/product\/5637","targetHints":{"allow":["GET"]}}],"collection":[{"href":"https:\/\/advancetapes.com\/fr\/wp-json\/wp\/v2\/product"}],"about":[{"href":"https:\/\/advancetapes.com\/fr\/wp-json\/wp\/v2\/types\/product"}],"wp:featuredmedia":[{"embeddable":true,"href":"https:\/\/advancetapes.com\/fr\/wp-json\/wp\/v2\/media\/3026"}],"wp:attachment":[{"href":"https:\/\/advancetapes.com\/fr\/wp-json\/wp\/v2\/media?parent=5637"}],"wp:term":[{"taxonomy":"product_brand","embeddable":true,"href":"https:\/\/advancetapes.com\/fr\/wp-json\/wp\/v2\/product_brand?post=5637"},{"taxonomy":"product_cat","embeddable":true,"href":"https:\/\/advancetapes.com\/fr\/wp-json\/wp\/v2\/product_cat?post=5637"},{"taxonomy":"product_tag","embeddable":true,"href":"https:\/\/advancetapes.com\/fr\/wp-json\/wp\/v2\/product_tag?post=5637"}],"curies":[{"name":"wp","href":"https:\/\/api.w.org\/{rel}","templated":true}]}}