{"id":5635,"date":"2021-01-03T17:56:04","date_gmt":"2021-01-03T17:56:04","guid":{"rendered":"https:\/\/advancetapes.com\/products\/at6150-ruban-polyethylene-pare-vapeur-conformable\/"},"modified":"2025-07-24T11:32:00","modified_gmt":"2025-07-24T11:32:00","slug":"ruban-polyethylene-pare-vapeur","status":"publish","type":"product","link":"https:\/\/advancetapes.com\/fr\/products\/ruban-polyethylene-pare-vapeur\/","title":{"rendered":"AT6150 Ruban Poly\u00e9thyl\u00e8ne Pare-vapeur"},"content":{"rendered":"<div  class='tabcontainer av-kjftr0sh-5cbeaf8b0626cf654d5dd98b301fff40 top_tab  avia-builder-el-0  avia-builder-el-no-sibling '>\n<section class='av_tab_section av_tab_section av-ah5he3-9fcd975aff8ec8d1bbf7fc475ec61364'  itemscope=\"itemscope\" itemtype=\"https:\/\/schema.org\/CreativeWork\" ><div id='tab-id-1-tab' class='tab active_tab' role='tab' aria-selected=\"true\" tabindex=\"0\" data-fake-id='#tab-id-1' aria-controls='tab-id-1-content'  itemprop=\"headline\" >Fonctionnalit\u00e9s<\/div><div id='tab-id-1-content' class='tab_content active_tab_content' role='tabpanel' aria-labelledby='tab-id-1-tab' aria-hidden=\"false\"><div class='tab_inner_content invers-color'  itemprop=\"text\" ><ul>\n<li>D\u00e9roulement facile<\/li>\n<li>Souple \u00e0 basse temp\u00e9rature<\/li>\n<li>D\u00e9coupe facile<\/li>\n<li>R\u00e9sistant \u00e0 l\u2019eau<\/li>\n<li>Bonne r\u00e9sistance \u00e0 l\u2019abrasion<\/li>\n<li>Adh\u00e9sif non corrosif<\/li>\n<li>Conformable<\/li>\n<li>Bon tack<\/li>\n<\/ul>\n<\/div><\/div><\/section>\n<section class='av_tab_section av_tab_section av-95p8h7-7aff38509bd66aad2aa770f651a06469'  itemscope=\"itemscope\" itemtype=\"https:\/\/schema.org\/CreativeWork\" ><div id='tab-id-2-tab' class='tab' role='tab' aria-selected=\"false\" tabindex=\"0\" data-fake-id='#tab-id-2' aria-controls='tab-id-2-content'  itemprop=\"headline\" >Applications<\/div><div id='tab-id-2-content' class='tab_content' role='tabpanel' aria-labelledby='tab-id-2-tab' aria-hidden=\"true\"><div class='tab_inner_content invers-color'  itemprop=\"text\" ><ul>\n<li>Assemblage des panneaux d\u2019isolation<\/li>\n<li>Assemblage et scellage des applications sur des sites de construction<\/li>\n<\/ul>\n<\/div><\/div><\/section>\n<section class='av_tab_section av_tab_section av-6v9zhn-540a0b308e745c94f615d67da747f6dd'  itemscope=\"itemscope\" itemtype=\"https:\/\/schema.org\/CreativeWork\" ><div id='tab-id-3-tab' class='tab' role='tab' aria-selected=\"false\" tabindex=\"0\" data-fake-id='#tab-id-3' aria-controls='tab-id-3-content'  itemprop=\"headline\" >Propri\u00e9t\u00e9s techniques<\/div><div id='tab-id-3-content' class='tab_content' role='tabpanel' aria-labelledby='tab-id-3-tab' aria-hidden=\"true\"><div class='tab_inner_content invers-color'  itemprop=\"text\" ><table cellspacing=\"0\" cellpadding=\"0\">\n<tbody>\n<tr>\n<td><strong>Type de Produit<\/strong><\/td>\n<td>Poly\u00e9thyl\u00e8ne<\/td>\n<\/tr>\n<tr>\n<td><strong>Type d&#8217;Adh\u00e9sif<\/strong><\/td>\n<td>Masse adh\u00e9sive en r\u00e9sine de caoutchouc \u00e0 base de solvant<\/td>\n<\/tr>\n<tr>\n<td><strong>\u00c9paisseur<\/strong><\/td>\n<td>0.11 mm<\/td>\n<\/tr>\n<tr>\n<td><strong>R\u00e9sistance \u00e0 la rupture<\/strong><\/td>\n<td>15 N\/cm<\/td>\n<\/tr>\n<tr>\n<td><strong>Allongement<\/strong><\/td>\n<td>200%<\/td>\n<\/tr>\n<tr>\n<td><strong>Adh\u00e9sion sur acier<\/strong><\/td>\n<td>2.5 N\/cm<\/td>\n<\/tr>\n<tr>\n<td><strong>Adh\u00e9sion sur endos<\/strong><\/td>\n<td>1.5 N\/cm<\/td>\n<\/tr>\n<tr>\n<td><strong>Tenue en temp\u00e9rature<\/strong><\/td>\n<td>-5\u00b0C to +50\u00b0C<\/td>\n<\/tr>\n<tr>\n<td><strong>RoHS Compliant<\/strong><\/td>\n<td>Oui<\/td>\n<\/tr>\n<\/tbody>\n<\/table>\n<\/div><\/div><\/section>\n<section class='av_tab_section av_tab_section av-piqt-c78631c4603ff59fef417d06594d5e20'  itemscope=\"itemscope\" itemtype=\"https:\/\/schema.org\/CreativeWork\" ><div id='tab-id-4-tab' class='tab' role='tab' aria-selected=\"false\" tabindex=\"0\" data-fake-id='#tab-id-4' aria-controls='tab-id-4-content'  itemprop=\"headline\" >Colours<\/div><div id='tab-id-4-content' class='tab_content' role='tabpanel' aria-labelledby='tab-id-4-tab' aria-hidden=\"true\"><div class='tab_inner_content invers-color'  itemprop=\"text\" ><p><span id=\"uxm_tab_pro_color\" class=\"uxm_tab_pro_color\"><\/span><span id=\"uxm_tab_pro_color_2\" class=\"uxm_tab_pro_color\"><\/span><span id=\"uxm_tab_pro_color_3\" class=\"uxm_tab_pro_color\"><\/span><span id=\"uxm_tab_pro_color_4\" class=\"uxm_tab_pro_color\"><\/span><span id=\"uxm_tab_pro_color_5\" class=\"uxm_tab_pro_color\"><\/span><span id=\"uxm_tab_pro_color_6\" class=\"uxm_tab_pro_color\"><\/span><span id=\"uxm_tab_pro_color_7\" class=\"uxm_tab_pro_color\"><\/span><\/p>\n<\/div><\/div><\/section>\n<\/div>\n","protected":false},"excerpt":{"rendered":"<h3>Choix \u00c9cologiquement Responsable<\/h3>\n<p>L&#8217;AT6150 est un film poly\u00e9thyl\u00e8ne \u00e9cologique, enduit d&#8217;un adh\u00e9sif transparent \u00e0 base de caoutchouc et de r\u00e9sine solvant.<\/p>\n<p>Le ruban est facile \u00e0 d\u00e9rouler et \u00e0 d\u00e9chirer, m\u00eame par temps froid.<\/p>\n<p>L&#8217;AT6150 offre une bonne r\u00e9sistance \u00e0 l&#8217;abrasion et \u00e0 l&#8217;eau et peut \u00eatre utilis\u00e9 pour des applications telles que l&#8217;assemblage de panneaux isolants et les travaux g\u00e9n\u00e9raux d&#8217;assemblage et d&#8217;\u00e9tanch\u00e9it\u00e9 sur les chantiers de construction.<\/p>\n","protected":false},"featured_media":3024,"template":"","meta":{"_acf_changed":false},"product_brand":[],"product_cat":[530,531,344,503,532],"product_tag":[328,332,329,331],"class_list":{"0":"post-5635","1":"product","2":"type-product","3":"status-publish","4":"has-post-thumbnail","6":"product_cat-agriculture-fr","7":"product_cat-asbestos-fr","8":"product_cat-polythene","9":"product_cat-stock-disponsible","10":"product_cat-stockatf-de-fr","11":"product_tag-agriculture-fr","12":"product_tag-asbestos-fr","13":"product_tag-building-fr","14":"product_tag-industrial-consumables-fr","16":"first","17":"instock","18":"shipping-taxable","19":"product-type-simple"},"acf":[],"yoast_head":"<!-- This site is optimized with the Yoast SEO plugin v27.4 - https:\/\/yoast.com\/product\/yoast-seo-wordpress\/ -->\n<title>AT6150 Ruban Poly\u00e9thyl\u00e8ne Pare-vapeur - Advance Tapes<\/title>\n<meta name=\"description\" content=\"L&#039;AT6150 est un ruban poly\u00e9thyl\u00e8ne enduit d&#039;une masse adh\u00e9sive transparente puissante en r\u00e9sine de caoutchouc \u00e0 base de solvant sensible \u00e0 la pression.\" \/>\n<meta name=\"robots\" content=\"index, follow, max-snippet:-1, max-image-preview:large, max-video-preview:-1\" \/>\n<link rel=\"canonical\" href=\"https:\/\/advancetapes.com\/fr\/products\/ruban-polyethylene-pare-vapeur\/\" \/>\n<meta property=\"og:locale\" content=\"fr_FR\" \/>\n<meta property=\"og:type\" content=\"article\" \/>\n<meta property=\"og:title\" content=\"AT6150 Ruban Poly\u00e9thyl\u00e8ne Pare-vapeur - Advance Tapes\" \/>\n<meta property=\"og:description\" content=\"L&#039;AT6150 est un ruban poly\u00e9thyl\u00e8ne enduit d&#039;une masse adh\u00e9sive transparente puissante en r\u00e9sine de caoutchouc \u00e0 base de solvant sensible \u00e0 la pression.\" \/>\n<meta property=\"og:url\" content=\"https:\/\/advancetapes.com\/fr\/products\/ruban-polyethylene-pare-vapeur\/\" \/>\n<meta property=\"og:site_name\" content=\"Advance Tapes\" \/>\n<meta property=\"article:modified_time\" content=\"2025-07-24T11:32:00+00:00\" \/>\n<meta property=\"og:image\" content=\"https:\/\/advancetapes.com\/wp-content\/uploads\/2021\/01\/Advance-Tapes_AT6150_Orange.jpg\" \/>\n\t<meta property=\"og:image:width\" content=\"600\" \/>\n\t<meta property=\"og:image:height\" content=\"600\" \/>\n\t<meta property=\"og:image:type\" content=\"image\/jpeg\" \/>\n<meta name=\"twitter:card\" content=\"summary_large_image\" \/>\n<meta name=\"twitter:label1\" content=\"Est. reading time\" \/>\n\t<meta name=\"twitter:data1\" content=\"1 minute\" \/>\n<!-- \/ Yoast SEO plugin. -->","yoast_head_json":{"title":"AT6150 Ruban Poly\u00e9thyl\u00e8ne Pare-vapeur - Advance Tapes","description":"L'AT6150 est un ruban poly\u00e9thyl\u00e8ne enduit d'une masse adh\u00e9sive transparente puissante en r\u00e9sine de caoutchouc \u00e0 base de solvant sensible \u00e0 la pression.","robots":{"index":"index","follow":"follow","max-snippet":"max-snippet:-1","max-image-preview":"max-image-preview:large","max-video-preview":"max-video-preview:-1"},"canonical":"https:\/\/advancetapes.com\/fr\/products\/ruban-polyethylene-pare-vapeur\/","og_locale":"fr_FR","og_type":"article","og_title":"AT6150 Ruban Poly\u00e9thyl\u00e8ne Pare-vapeur - Advance Tapes","og_description":"L'AT6150 est un ruban poly\u00e9thyl\u00e8ne enduit d'une masse adh\u00e9sive transparente puissante en r\u00e9sine de caoutchouc \u00e0 base de solvant sensible \u00e0 la pression.","og_url":"https:\/\/advancetapes.com\/fr\/products\/ruban-polyethylene-pare-vapeur\/","og_site_name":"Advance Tapes","article_modified_time":"2025-07-24T11:32:00+00:00","og_image":[{"width":600,"height":600,"url":"https:\/\/advancetapes.com\/wp-content\/uploads\/2021\/01\/Advance-Tapes_AT6150_Orange.jpg","type":"image\/jpeg"}],"twitter_card":"summary_large_image","twitter_misc":{"Est. reading time":"1 minute"},"schema":{"@context":"https:\/\/schema.org","@graph":[{"@type":"WebPage","@id":"https:\/\/advancetapes.com\/fr\/products\/ruban-polyethylene-pare-vapeur\/","url":"https:\/\/advancetapes.com\/fr\/products\/ruban-polyethylene-pare-vapeur\/","name":"AT6150 Ruban Poly\u00e9thyl\u00e8ne Pare-vapeur - Advance Tapes","isPartOf":{"@id":"https:\/\/advancetapes.com\/fr\/#website"},"primaryImageOfPage":{"@id":"https:\/\/advancetapes.com\/fr\/products\/ruban-polyethylene-pare-vapeur\/#primaryimage"},"image":{"@id":"https:\/\/advancetapes.com\/fr\/products\/ruban-polyethylene-pare-vapeur\/#primaryimage"},"thumbnailUrl":"https:\/\/advancetapes.com\/wp-content\/uploads\/2021\/01\/Advance-Tapes_AT6150_Orange.jpg","datePublished":"2021-01-03T17:56:04+00:00","dateModified":"2025-07-24T11:32:00+00:00","description":"L'AT6150 est un ruban poly\u00e9thyl\u00e8ne enduit d'une masse adh\u00e9sive transparente puissante en r\u00e9sine de caoutchouc \u00e0 base de solvant sensible \u00e0 la pression.","breadcrumb":{"@id":"https:\/\/advancetapes.com\/fr\/products\/ruban-polyethylene-pare-vapeur\/#breadcrumb"},"inLanguage":"fr-FR","potentialAction":[{"@type":"ReadAction","target":["https:\/\/advancetapes.com\/fr\/products\/ruban-polyethylene-pare-vapeur\/"]}]},{"@type":"ImageObject","inLanguage":"fr-FR","@id":"https:\/\/advancetapes.com\/fr\/products\/ruban-polyethylene-pare-vapeur\/#primaryimage","url":"https:\/\/advancetapes.com\/wp-content\/uploads\/2021\/01\/Advance-Tapes_AT6150_Orange.jpg","contentUrl":"https:\/\/advancetapes.com\/wp-content\/uploads\/2021\/01\/Advance-Tapes_AT6150_Orange.jpg","width":600,"height":600,"caption":"Polythene Vapour Barrier Tape"},{"@type":"BreadcrumbList","@id":"https:\/\/advancetapes.com\/fr\/products\/ruban-polyethylene-pare-vapeur\/#breadcrumb","itemListElement":[{"@type":"ListItem","position":1,"name":"Home","item":"https:\/\/advancetapes.com\/fr\/"},{"@type":"ListItem","position":2,"name":"Products","item":"https:\/\/advancetapes.com\/fr\/products\/"},{"@type":"ListItem","position":3,"name":"AT6150 Ruban Poly\u00e9thyl\u00e8ne Pare-vapeur"}]},{"@type":"WebSite","@id":"https:\/\/advancetapes.com\/fr\/#website","url":"https:\/\/advancetapes.com\/fr\/","name":"Advance Tapes","description":"Adding more to adhesive tape","potentialAction":[{"@type":"SearchAction","target":{"@type":"EntryPoint","urlTemplate":"https:\/\/advancetapes.com\/fr\/?s={search_term_string}"},"query-input":{"@type":"PropertyValueSpecification","valueRequired":true,"valueName":"search_term_string"}}],"inLanguage":"fr-FR"}]}},"_links":{"self":[{"href":"https:\/\/advancetapes.com\/fr\/wp-json\/wp\/v2\/product\/5635","targetHints":{"allow":["GET"]}}],"collection":[{"href":"https:\/\/advancetapes.com\/fr\/wp-json\/wp\/v2\/product"}],"about":[{"href":"https:\/\/advancetapes.com\/fr\/wp-json\/wp\/v2\/types\/product"}],"wp:featuredmedia":[{"embeddable":true,"href":"https:\/\/advancetapes.com\/fr\/wp-json\/wp\/v2\/media\/3024"}],"wp:attachment":[{"href":"https:\/\/advancetapes.com\/fr\/wp-json\/wp\/v2\/media?parent=5635"}],"wp:term":[{"taxonomy":"product_brand","embeddable":true,"href":"https:\/\/advancetapes.com\/fr\/wp-json\/wp\/v2\/product_brand?post=5635"},{"taxonomy":"product_cat","embeddable":true,"href":"https:\/\/advancetapes.com\/fr\/wp-json\/wp\/v2\/product_cat?post=5635"},{"taxonomy":"product_tag","embeddable":true,"href":"https:\/\/advancetapes.com\/fr\/wp-json\/wp\/v2\/product_tag?post=5635"}],"curies":[{"name":"wp","href":"https:\/\/api.w.org\/{rel}","templated":true}]}}