{"id":5633,"date":"2021-01-03T17:51:03","date_gmt":"2021-01-03T17:51:03","guid":{"rendered":"https:\/\/advancetapes.com\/products\/at6103-ruban-polyethylene-transparent\/"},"modified":"2025-09-25T11:06:13","modified_gmt":"2025-09-25T11:06:13","slug":"at6103-ruban-polyethylene-transparent","status":"publish","type":"product","link":"https:\/\/advancetapes.com\/fr\/products\/at6103-ruban-polyethylene-transparent\/","title":{"rendered":"AT6103 Ruban Poly\u00e9thyl\u00e8ne Transparent"},"content":{"rendered":"<div  class='tabcontainer av-kjftr0sh-5cbeaf8b0626cf654d5dd98b301fff40 top_tab  avia-builder-el-0  avia-builder-el-no-sibling '>\n<section class='av_tab_section av_tab_section av-5wqmom-eacd89ba9d7f6f5ca37fe4513941b785'  itemscope=\"itemscope\" itemtype=\"https:\/\/schema.org\/CreativeWork\" ><div id='tab-id-1-tab' class='tab active_tab' role='tab' aria-selected=\"true\" tabindex=\"0\" data-fake-id='#tab-id-1' aria-controls='tab-id-1-content'  itemprop=\"headline\" >Fonctionnalit\u00e9s<\/div><div id='tab-id-1-content' class='tab_content active_tab_content' role='tabpanel' aria-labelledby='tab-id-1-tab' aria-hidden=\"false\"><div class='tab_inner_content invers-color'  itemprop=\"text\" ><ul>\n<li>Finition Mate<\/li>\n<li>Excellente transparence une fois appliqu\u00e9<\/li>\n<li>D\u00e9collement sans r\u00e9sidu<\/li>\n<li>Conformable et Flexible<\/li>\n<li>R\u00e9sistant aux solvants les plus courants<\/li>\n<li>R\u00e9sistant \u00e0 l\u2019eau et aux U.V.<\/li>\n<li>Recyclable<\/li>\n<\/ul>\n<\/div><\/div><\/section>\n<section class='av_tab_section av_tab_section av-42wqbq-f885e31b369ab2a470f21a76921ae1f1'  itemscope=\"itemscope\" itemtype=\"https:\/\/schema.org\/CreativeWork\" ><div id='tab-id-2-tab' class='tab' role='tab' aria-selected=\"false\" tabindex=\"0\" data-fake-id='#tab-id-2' aria-controls='tab-id-2-content'  itemprop=\"headline\" >Applications<\/div><div id='tab-id-2-content' class='tab_content' role='tabpanel' aria-labelledby='tab-id-2-tab' aria-hidden=\"true\"><div class='tab_inner_content invers-color'  itemprop=\"text\" ><ul>\n<li>Protection de surface en pierre naturelle<\/li>\n<li>Protection de surface enduite de poudre<\/li>\n<li>Protection de surface en aluminium<\/li>\n<li>Protection de surface en aluminium anodis\u00e9<\/li>\n<li>Protection des surfaces d\u00e9licates pendant la construction et la r\u00e9novation<\/li>\n<li>Emballage de pi\u00e8ces m\u00e9talliques<\/li>\n<li>Assembler temporairement les l\u00e9s de tapis de danse<\/li>\n<\/ul>\n<\/div><\/div><\/section>\n<section class='av_tab_section av_tab_section av-2jm7di-ae4aa39328e8ec6948014064a084a738'  itemscope=\"itemscope\" itemtype=\"https:\/\/schema.org\/CreativeWork\" ><div id='tab-id-3-tab' class='tab' role='tab' aria-selected=\"false\" tabindex=\"0\" data-fake-id='#tab-id-3' aria-controls='tab-id-3-content'  itemprop=\"headline\" >Technical<\/div><div id='tab-id-3-content' class='tab_content' role='tabpanel' aria-labelledby='tab-id-3-tab' aria-hidden=\"true\"><div class='tab_inner_content invers-color'  itemprop=\"text\" ><table cellspacing=\"0\" cellpadding=\"0\">\n<tbody>\n<tr>\n<td><strong>Type de Produit<\/strong><\/td>\n<td>Poly\u00e9thyl\u00e8ne<\/td>\n<\/tr>\n<tr>\n<td><strong>Type d&#8217;Adh\u00e9sif<\/strong><\/td>\n<td>Masse adh\u00e9sive \u00e0 \u00e9mulsion acrylique<\/td>\n<\/tr>\n<tr>\n<td><strong>\u00c9paisseur<\/strong><\/td>\n<td>0.11 mm<\/td>\n<\/tr>\n<tr>\n<td><strong>R\u00e9sistance \u00e0 la rupture<\/strong><\/td>\n<td>25 N\/cm<\/td>\n<\/tr>\n<tr>\n<td><strong>Allongement<\/strong><\/td>\n<td>300 %<\/td>\n<\/tr>\n<tr>\n<td><strong>Adh\u00e9sion sur acier<\/strong><\/td>\n<td>1.3 N\/cm<\/td>\n<\/tr>\n<tr>\n<td><strong>Tenue en temp\u00e9rature<\/strong><\/td>\n<td>-40\u00b0C to +60\u00b0C<\/td>\n<\/tr>\n<tr>\n<td><strong>Conformit\u00e9 RoHS<\/strong><\/td>\n<td>Oui<\/td>\n<\/tr>\n<\/tbody>\n<\/table>\n<\/div><\/div><\/section>\n<section class='av_tab_section av_tab_section av-piqt-c78631c4603ff59fef417d06594d5e20'  itemscope=\"itemscope\" itemtype=\"https:\/\/schema.org\/CreativeWork\" ><div id='tab-id-4-tab' class='tab' role='tab' aria-selected=\"false\" tabindex=\"0\" data-fake-id='#tab-id-4' aria-controls='tab-id-4-content'  itemprop=\"headline\" >Colours<\/div><div id='tab-id-4-content' class='tab_content' role='tabpanel' aria-labelledby='tab-id-4-tab' aria-hidden=\"true\"><div class='tab_inner_content invers-color'  itemprop=\"text\" ><\/div><\/div><\/section>\n<\/div>\n","protected":false},"excerpt":{"rendered":"<p><strong>Choix \u00e9cologiquement responsable<\/strong><\/p>\n<div class=\"first_para_desc\">\n<p>AT6103* is an easy tear, clean peel, UV resistant, clear polythene tape with a dispersion acrylic adhesive that has been introduced into our range of specialist polythene tapes for professional trades. The clear tape is conformable giving a good degree of clarity for applications where it is necessary to see the surface underneath and where good light transmission is required. The low tack adhesive is also non corrosive and therefore will not stain or corrode the surface it is applied to.\u00a0<em>* We would always recommend that users should satisfy themselves that the product is suitable for a particular application prior to use. Natural stone surfaces will vary greatly and extra care should be taken for this application.<\/em><\/p>\n<\/div>\n<div class=\"rest_of_desc\"><\/div>\n","protected":false},"featured_media":3020,"template":"","meta":{"_acf_changed":false},"product_brand":[],"product_cat":[530,373,344],"product_tag":[328,329,330,333,331,334],"class_list":{"0":"post-5633","1":"product","2":"type-product","3":"status-publish","4":"has-post-thumbnail","6":"product_cat-agriculture-fr","7":"product_cat-entertainment-fr","8":"product_cat-polythene","9":"product_tag-agriculture-fr","10":"product_tag-building-fr","11":"product_tag-entertainment-fr","12":"product_tag-hevac-fr","13":"product_tag-industrial-consumables-fr","14":"product_tag-nuclear-fr","16":"first","17":"instock","18":"shipping-taxable","19":"product-type-simple"},"acf":[],"yoast_head":"<!-- This site is optimized with the Yoast SEO plugin v27.3 - https:\/\/yoast.com\/product\/yoast-seo-wordpress\/ -->\n<title>AT6103 Ruban Poly\u00e9thyl\u00e8ne Transparent - Advance Tapes<\/title>\n<meta name=\"robots\" content=\"index, follow, max-snippet:-1, max-image-preview:large, max-video-preview:-1\" \/>\n<link rel=\"canonical\" href=\"https:\/\/advancetapes.com\/fr\/products\/at6103-ruban-polyethylene-transparent\/\" \/>\n<meta property=\"og:locale\" content=\"fr_FR\" \/>\n<meta property=\"og:type\" content=\"article\" \/>\n<meta property=\"og:title\" content=\"AT6103 Ruban Poly\u00e9thyl\u00e8ne Transparent - Advance Tapes\" \/>\n<meta property=\"og:description\" content=\"Choix \u00e9cologiquement responsable   AT6103* is an easy tear, clean peel, UV resistant, clear polythene tape with a dispersion acrylic adhesive that has been introduced into our range of specialist polythene tapes for professional trades. The clear tape is conformable giving a good degree of clarity for applications where it is necessary to see the surface underneath and where good light transmission is required. The low tack adhesive is also non corrosive and therefore will not stain or corrode the surface it is applied to.\u00a0* We would always recommend that users should satisfy themselves that the product is suitable for a particular application prior to use. Natural stone surfaces will vary greatly and extra care should be taken for this application.\" \/>\n<meta property=\"og:url\" content=\"https:\/\/advancetapes.com\/fr\/products\/at6103-ruban-polyethylene-transparent\/\" \/>\n<meta property=\"og:site_name\" content=\"Advance Tapes\" \/>\n<meta property=\"article:modified_time\" content=\"2025-09-25T11:06:13+00:00\" \/>\n<meta property=\"og:image\" content=\"https:\/\/advancetapes.com\/wp-content\/uploads\/2021\/01\/Advance-Tapes_AT6103_Clear.jpg\" \/>\n\t<meta property=\"og:image:width\" content=\"600\" \/>\n\t<meta property=\"og:image:height\" content=\"600\" \/>\n\t<meta property=\"og:image:type\" content=\"image\/jpeg\" \/>\n<meta name=\"twitter:card\" content=\"summary_large_image\" \/>\n<meta name=\"twitter:label1\" content=\"Est. reading time\" \/>\n\t<meta name=\"twitter:data1\" content=\"1 minute\" \/>\n<!-- \/ Yoast SEO plugin. -->","yoast_head_json":{"title":"AT6103 Ruban Poly\u00e9thyl\u00e8ne Transparent - Advance Tapes","robots":{"index":"index","follow":"follow","max-snippet":"max-snippet:-1","max-image-preview":"max-image-preview:large","max-video-preview":"max-video-preview:-1"},"canonical":"https:\/\/advancetapes.com\/fr\/products\/at6103-ruban-polyethylene-transparent\/","og_locale":"fr_FR","og_type":"article","og_title":"AT6103 Ruban Poly\u00e9thyl\u00e8ne Transparent - Advance Tapes","og_description":"Choix \u00e9cologiquement responsable   AT6103* is an easy tear, clean peel, UV resistant, clear polythene tape with a dispersion acrylic adhesive that has been introduced into our range of specialist polythene tapes for professional trades. The clear tape is conformable giving a good degree of clarity for applications where it is necessary to see the surface underneath and where good light transmission is required. The low tack adhesive is also non corrosive and therefore will not stain or corrode the surface it is applied to.\u00a0* We would always recommend that users should satisfy themselves that the product is suitable for a particular application prior to use. Natural stone surfaces will vary greatly and extra care should be taken for this application.","og_url":"https:\/\/advancetapes.com\/fr\/products\/at6103-ruban-polyethylene-transparent\/","og_site_name":"Advance Tapes","article_modified_time":"2025-09-25T11:06:13+00:00","og_image":[{"width":600,"height":600,"url":"https:\/\/advancetapes.com\/wp-content\/uploads\/2021\/01\/Advance-Tapes_AT6103_Clear.jpg","type":"image\/jpeg"}],"twitter_card":"summary_large_image","twitter_misc":{"Est. reading time":"1 minute"},"schema":{"@context":"https:\/\/schema.org","@graph":[{"@type":"WebPage","@id":"https:\/\/advancetapes.com\/fr\/products\/at6103-ruban-polyethylene-transparent\/","url":"https:\/\/advancetapes.com\/fr\/products\/at6103-ruban-polyethylene-transparent\/","name":"AT6103 Ruban Poly\u00e9thyl\u00e8ne Transparent - Advance Tapes","isPartOf":{"@id":"https:\/\/advancetapes.com\/fr\/#website"},"primaryImageOfPage":{"@id":"https:\/\/advancetapes.com\/fr\/products\/at6103-ruban-polyethylene-transparent\/#primaryimage"},"image":{"@id":"https:\/\/advancetapes.com\/fr\/products\/at6103-ruban-polyethylene-transparent\/#primaryimage"},"thumbnailUrl":"https:\/\/advancetapes.com\/wp-content\/uploads\/2021\/01\/Advance-Tapes_AT6103_Clear.jpg","datePublished":"2021-01-03T17:51:03+00:00","dateModified":"2025-09-25T11:06:13+00:00","breadcrumb":{"@id":"https:\/\/advancetapes.com\/fr\/products\/at6103-ruban-polyethylene-transparent\/#breadcrumb"},"inLanguage":"fr-FR","potentialAction":[{"@type":"ReadAction","target":["https:\/\/advancetapes.com\/fr\/products\/at6103-ruban-polyethylene-transparent\/"]}]},{"@type":"ImageObject","inLanguage":"fr-FR","@id":"https:\/\/advancetapes.com\/fr\/products\/at6103-ruban-polyethylene-transparent\/#primaryimage","url":"https:\/\/advancetapes.com\/wp-content\/uploads\/2021\/01\/Advance-Tapes_AT6103_Clear.jpg","contentUrl":"https:\/\/advancetapes.com\/wp-content\/uploads\/2021\/01\/Advance-Tapes_AT6103_Clear.jpg","width":600,"height":600},{"@type":"BreadcrumbList","@id":"https:\/\/advancetapes.com\/fr\/products\/at6103-ruban-polyethylene-transparent\/#breadcrumb","itemListElement":[{"@type":"ListItem","position":1,"name":"Home","item":"https:\/\/advancetapes.com\/fr\/"},{"@type":"ListItem","position":2,"name":"Products","item":"https:\/\/advancetapes.com\/fr\/products\/"},{"@type":"ListItem","position":3,"name":"AT6103 Ruban Poly\u00e9thyl\u00e8ne Transparent"}]},{"@type":"WebSite","@id":"https:\/\/advancetapes.com\/fr\/#website","url":"https:\/\/advancetapes.com\/fr\/","name":"Advance Tapes","description":"Adding more to adhesive tape","potentialAction":[{"@type":"SearchAction","target":{"@type":"EntryPoint","urlTemplate":"https:\/\/advancetapes.com\/fr\/?s={search_term_string}"},"query-input":{"@type":"PropertyValueSpecification","valueRequired":true,"valueName":"search_term_string"}}],"inLanguage":"fr-FR"}]}},"_links":{"self":[{"href":"https:\/\/advancetapes.com\/fr\/wp-json\/wp\/v2\/product\/5633","targetHints":{"allow":["GET"]}}],"collection":[{"href":"https:\/\/advancetapes.com\/fr\/wp-json\/wp\/v2\/product"}],"about":[{"href":"https:\/\/advancetapes.com\/fr\/wp-json\/wp\/v2\/types\/product"}],"wp:featuredmedia":[{"embeddable":true,"href":"https:\/\/advancetapes.com\/fr\/wp-json\/wp\/v2\/media\/3020"}],"wp:attachment":[{"href":"https:\/\/advancetapes.com\/fr\/wp-json\/wp\/v2\/media?parent=5633"}],"wp:term":[{"taxonomy":"product_brand","embeddable":true,"href":"https:\/\/advancetapes.com\/fr\/wp-json\/wp\/v2\/product_brand?post=5633"},{"taxonomy":"product_cat","embeddable":true,"href":"https:\/\/advancetapes.com\/fr\/wp-json\/wp\/v2\/product_cat?post=5633"},{"taxonomy":"product_tag","embeddable":true,"href":"https:\/\/advancetapes.com\/fr\/wp-json\/wp\/v2\/product_tag?post=5633"}],"curies":[{"name":"wp","href":"https:\/\/api.w.org\/{rel}","templated":true}]}}