{"id":5631,"date":"2021-01-03T17:46:25","date_gmt":"2021-01-03T17:46:25","guid":{"rendered":"https:\/\/advancetapes.com\/products\/ruban-polyethylene-protection-at6102\/"},"modified":"2025-04-02T09:07:57","modified_gmt":"2025-04-02T09:07:57","slug":"ruban-polyethylene-protection-at6102","status":"publish","type":"product","link":"https:\/\/advancetapes.com\/fr\/products\/ruban-polyethylene-protection-at6102\/","title":{"rendered":"AT6102 Ruban Poly\u00e9thyl\u00e8ne Protection"},"content":{"rendered":"<p><span data-mce-type=\"bookmark\" style=\"display: inline-block; width: 0px; overflow: hidden; line-height: 0;\" class=\"mce_SELRES_start\">\ufeff<\/span><div  class='tabcontainer av-kjftr0sh-5cbeaf8b0626cf654d5dd98b301fff40 top_tab  avia-builder-el-0  avia-builder-el-no-sibling '>\n<section class='av_tab_section av_tab_section av-5ev73i-03e9f3ef3035d88253370b0d4e4ee118'  itemscope=\"itemscope\" itemtype=\"https:\/\/schema.org\/CreativeWork\" ><div id='tab-id-1-tab' class='tab active_tab' role='tab' aria-selected=\"true\" tabindex=\"0\" data-fake-id='#tab-id-1' aria-controls='tab-id-1-content'  itemprop=\"headline\" >Fonctionnalit\u00e9s<\/div><div id='tab-id-1-content' class='tab_content active_tab_content' role='tabpanel' aria-labelledby='tab-id-1-tab' aria-hidden=\"false\"><div class='tab_inner_content invers-color'  itemprop=\"text\" ><ul>\n<li>Pouvoir adh\u00e9sif imm\u00e9diat \u00e9lev\u00e9 (Tack)<\/li>\n<li>Technologie StraightEdge TM pour une d\u00e9coupe facile<\/li>\n<li>D\u00e9collement sans transfert de la plupart des surfaces<\/li>\n<li>Bonne r\u00e9sistance aux basses temp\u00e9ratures<\/li>\n<li>R\u00e9sistant au gel<\/li>\n<li>R\u00e9sistant \u00e0 l\u2019eau et aux U.V.<\/li>\n<li>Disponible jusqu&#8217;\u00e0 100 m\u00e8tres de long<\/li>\n<li>Choix \u00e9cologiquement responsable<\/li>\n<\/ul>\n<\/div><\/div><\/section>\n<section class='av_tab_section av_tab_section av-45q40e-e26fd570a544c1d295d92b7eed5a1274'  itemscope=\"itemscope\" itemtype=\"https:\/\/schema.org\/CreativeWork\" ><div id='tab-id-2-tab' class='tab' role='tab' aria-selected=\"false\" tabindex=\"0\" data-fake-id='#tab-id-2' aria-controls='tab-id-2-content'  itemprop=\"headline\" >Applications<\/div><div id='tab-id-2-content' class='tab_content' role='tabpanel' aria-labelledby='tab-id-2-tab' aria-hidden=\"true\"><div class='tab_inner_content invers-color'  itemprop=\"text\" ><ul>\n<li>Protection, masquage et assemblage de feuilles sur des surfaces d\u00e9licates pendant la r\u00e9novation<\/li>\n<li>Protection des produits finis en production ou en transit<\/li>\n<li>Protection du yacht en transit<\/li>\n<li>Masquage pendant l&#8217;\u00e9criture des signes et la peinture des autobus<\/li>\n<\/ul>\n<\/div><\/div><\/section>\n<section class='av_tab_section av_tab_section av-28694e-a2a1d7db1679cc175d24e67bab731f02'  itemscope=\"itemscope\" itemtype=\"https:\/\/schema.org\/CreativeWork\" ><div id='tab-id-3-tab' class='tab' role='tab' aria-selected=\"false\" tabindex=\"0\" data-fake-id='#tab-id-3' aria-controls='tab-id-3-content'  itemprop=\"headline\" >Technical<\/div><div id='tab-id-3-content' class='tab_content' role='tabpanel' aria-labelledby='tab-id-3-tab' aria-hidden=\"true\"><div class='tab_inner_content invers-color'  itemprop=\"text\" ><table cellspacing=\"0\" cellpadding=\"0\">\n<tbody>\n<tr>\n<td><strong>Type de Produit<\/strong><\/td>\n<td>Poly\u00e9thyl\u00e8ne<\/td>\n<\/tr>\n<tr>\n<td><strong>Type d&#8217;Adh\u00e9sif<\/strong><\/td>\n<td>Masse adh\u00e9sive \u00e0 \u00e9mulsion acrylique<\/td>\n<\/tr>\n<tr>\n<td><strong>\u00c9paisseur<\/strong><\/td>\n<td>0.11 mm<\/td>\n<\/tr>\n<tr>\n<td><strong>R\u00e9sistance \u00e0 la rupture<\/strong><\/td>\n<td>15 N\/cm<\/td>\n<\/tr>\n<tr>\n<td><strong>Allongement<\/strong><\/td>\n<td>200%<\/td>\n<\/tr>\n<tr>\n<td><strong>Adh\u00e9sion sur acier<\/strong><\/td>\n<td>1.3 N\/cm<\/td>\n<\/tr>\n<tr>\n<td><strong>Tenue en temp\u00e9rature<\/strong><\/td>\n<td>-40\u00b0C \u00e0 +60\u00b0C<\/td>\n<\/tr>\n<tr>\n<td><strong>Conformit\u00e9 RoHS<\/strong><\/td>\n<td>Oui<\/td>\n<\/tr>\n<\/tbody>\n<\/table>\n<\/div><\/div><\/section>\n<section class='av_tab_section av_tab_section av-piqt-48b82d9099e36577dd2c08fe8a3b94f7'  itemscope=\"itemscope\" itemtype=\"https:\/\/schema.org\/CreativeWork\" ><div id='tab-id-4-tab' class='tab' role='tab' aria-selected=\"false\" tabindex=\"0\" data-fake-id='#tab-id-4' aria-controls='tab-id-4-content'  itemprop=\"headline\" >Colours and Sizes<\/div><div id='tab-id-4-content' class='tab_content' role='tabpanel' aria-labelledby='tab-id-4-tab' aria-hidden=\"true\"><div class='tab_inner_content invers-color'  itemprop=\"text\" ><p><span id=\"uxm_tab_pro_color\" class=\"uxm_tab_pro_color\"><\/span><span id=\"uxm_tab_pro_color_2\" class=\"uxm_tab_pro_color\"><\/span><span id=\"uxm_tab_pro_color_3\" class=\"uxm_tab_pro_color\"><\/span><span id=\"uxm_tab_pro_color_4\" class=\"uxm_tab_pro_color\"><\/span><span id=\"uxm_tab_pro_color_5\" class=\"uxm_tab_pro_color\"><\/span><span id=\"uxm_tab_pro_color_6\" class=\"uxm_tab_pro_color\"><\/span><span id=\"uxm_tab_pro_color_7\" class=\"uxm_tab_pro_color\"><\/span><\/p>\n<table style=\"height: 50px;\" width=\"1356\" cellspacing=\"0\" cellpadding=\"0\">\n<tbody>\n<tr>\n<td><strong>Standard Stock Sizes<\/strong><\/td>\n<td>50mmx33m<\/td>\n<\/tr>\n<tr>\n<\/tr>\n<\/tbody>\n<\/table>\n<\/div><\/div><\/section>\n<\/div><span data-mce-type=\"bookmark\" style=\"display: inline-block; width: 0px; overflow: hidden; line-height: 0;\" class=\"mce_SELRES_end\">\ufeff<\/span><\/p>\n","protected":false},"excerpt":{"rendered":"<p><strong>Choix \u00e9cologiquement responsable<br \/>\nJusqu&#8217;\u00e0 100 m\u00e8tres de long<\/strong><\/p>\n<div class=\"first_para_desc\"><\/div>\n<div class=\"rest_of_desc\">\n<p>Notre ruban de protection en poly\u00e9thyl\u00e8ne ou ruban pour peintres (AT6102) est un film en poly\u00e9thyl\u00e8ne respectueux de l&#8217;environnement enduit d&#8217;un adh\u00e9sif acrylique \u00e0 dispersion pelable. Les propri\u00e9t\u00e9s du ruban le rendent id\u00e9al pour une utilisation l\u00e0 o\u00f9 une protection temporaire est n\u00e9cessaire. Parfait pour les peintres et les d\u00e9corateurs en raison de sa faible adh\u00e9rence, il ne laissera aucun r\u00e9sidu.<\/p>\n<p>Ce ruban de protection offre des performances, une durabilit\u00e9 et une r\u00e9sistance \u00e9lev\u00e9es aux temp\u00e9ratures extr\u00eames (de -40\u00b0C \u00e0 +60\u00b0C), ce qui le rend parfait pour des applications int\u00e9rieures et ext\u00e9rieures. Il est facile de le d\u00e9rouler m\u00eame par temps froid. Il est m\u00eame r\u00e9sistant au gel pour une utilisation en hiver.<\/p>\n<p>AT6102 adh\u00e8re brillamment \u00e0 de nombreuses surfaces, y compris le m\u00e9tal, le verre, le poly\u00e9thyl\u00e8ne et le uPVC et il ne tachera pas ou ne corrodera pas la surface sur laquelle il est appliqu\u00e9.<\/p>\n<p>Les rubans adh\u00e9sifs peuvent \u00eatre difficiles \u00e0 d\u00e9chirer \u00e0 la main et les bords ne sont pas toujours droits. AT6102 utilise une technologie unique StraightEdgeTM qui permet de d\u00e9chirer facilement \u00e0 la main et<br \/>\nne n\u00e9cessite pas de bord dentel\u00e9.<\/p>\n<p><iframe loading=\"lazy\" src=\"https:\/\/www.youtube.com\/embed\/WAYudXqVqE0?autoplay=1&amp;rel=0&amp;loop=1&amp;playlist=WAYudXqVqE0\" width=\"560\" height=\"315\" frameborder=\"0\" allowfullscreen=\"allowfullscreen\" data-mce-fragment=\"1\"><\/iframe><\/p>\n<p><strong>Important Note:<\/strong><br \/>\nTape performance is impaired if used on anodised surfaces which are not completely sealed. As a result, we recommend that you test the aluminium or stainless steel surface for suitability. We would advise you to check each new batch\/delivery of metal for suitability.<br \/>\nIn many applications involving anodised aluminium or stainless steel an alternative product may be AT6103 Clear Polythene Tape or AT44 low tack protection tape. If in any doubt, please contact Advance Tapes<\/p>\n<\/div>\n","protected":false},"featured_media":10295,"template":"","meta":{"_acf_changed":false},"product_brand":[],"product_cat":[530,372,373,344,503,532],"product_tag":[328,329,333,331],"class_list":{"0":"post-5631","1":"product","2":"type-product","3":"status-publish","4":"has-post-thumbnail","6":"product_cat-agriculture-fr","7":"product_cat-building-fr","8":"product_cat-entertainment-fr","9":"product_cat-polythene","10":"product_cat-stock-disponsible","11":"product_cat-stockatf-de-fr","12":"product_tag-agriculture-fr","13":"product_tag-building-fr","14":"product_tag-hevac-fr","15":"product_tag-industrial-consumables-fr","17":"first","18":"instock","19":"shipping-taxable","20":"product-type-simple"},"acf":[],"yoast_head":"<!-- This site is optimized with the Yoast SEO plugin v27.4 - https:\/\/yoast.com\/product\/yoast-seo-wordpress\/ -->\n<title>AT6102 Ruban Poly\u00e9thyl\u00e8ne Protection - Advance Tapes<\/title>\n<meta name=\"robots\" content=\"index, follow, max-snippet:-1, max-image-preview:large, max-video-preview:-1\" \/>\n<link rel=\"canonical\" href=\"https:\/\/advancetapes.com\/fr\/products\/ruban-polyethylene-protection-at6102\/\" \/>\n<meta property=\"og:locale\" content=\"fr_FR\" \/>\n<meta property=\"og:type\" content=\"article\" \/>\n<meta property=\"og:title\" content=\"AT6102 Ruban Poly\u00e9thyl\u00e8ne Protection - Advance Tapes\" \/>\n<meta property=\"og:description\" content=\"Choix \u00e9cologiquement responsable Jusqu&#039;\u00e0 100 m\u00e8tres de long    Notre ruban de protection en poly\u00e9thyl\u00e8ne ou ruban pour peintres (AT6102) est un film en poly\u00e9thyl\u00e8ne respectueux de l&#039;environnement enduit d&#039;un adh\u00e9sif acrylique \u00e0 dispersion pelable. Les propri\u00e9t\u00e9s du ruban le rendent id\u00e9al pour une utilisation l\u00e0 o\u00f9 une protection temporaire est n\u00e9cessaire. Parfait pour les peintres et les d\u00e9corateurs en raison de sa faible adh\u00e9rence, il ne laissera aucun r\u00e9sidu.  Ce ruban de protection offre des performances, une durabilit\u00e9 et une r\u00e9sistance \u00e9lev\u00e9es aux temp\u00e9ratures extr\u00eames (de -40\u00b0C \u00e0 +60\u00b0C), ce qui le rend parfait pour des applications int\u00e9rieures et ext\u00e9rieures. Il est facile de le d\u00e9rouler m\u00eame par temps froid. Il est m\u00eame r\u00e9sistant au gel pour une utilisation en hiver.  AT6102 adh\u00e8re brillamment \u00e0 de nombreuses surfaces, y compris le m\u00e9tal, le verre, le poly\u00e9thyl\u00e8ne et le uPVC et il ne tachera pas ou ne corrodera pas la surface sur laquelle il est appliqu\u00e9.  Les rubans adh\u00e9sifs peuvent \u00eatre difficiles \u00e0 d\u00e9chirer \u00e0 la main et les bords ne sont pas toujours droits. AT6102 utilise une technologie unique StraightEdgeTM qui permet de d\u00e9chirer facilement \u00e0 la main et ne n\u00e9cessite pas de bord dentel\u00e9.    Important Note: Tape performance is impaired if used on anodised surfaces which are not completely sealed. As a result, we recommend that you test the aluminium or stainless steel surface for suitability. We would advise you to check each new batch\/delivery of metal for suitability. In many applications involving anodised aluminium or stainless steel an alternative product may be AT6103 Clear Polythene Tape or AT44 low tack protection tape. If in any doubt, please contact Advance Tapes\" \/>\n<meta property=\"og:url\" content=\"https:\/\/advancetapes.com\/fr\/products\/ruban-polyethylene-protection-at6102\/\" \/>\n<meta property=\"og:site_name\" content=\"Advance Tapes\" \/>\n<meta property=\"article:modified_time\" content=\"2025-04-02T09:07:57+00:00\" \/>\n<meta property=\"og:image\" content=\"https:\/\/advancetapes.com\/wp-content\/uploads\/2021\/01\/AT6102-White-2-scaled.jpg\" \/>\n\t<meta property=\"og:image:width\" content=\"2560\" \/>\n\t<meta property=\"og:image:height\" content=\"2560\" \/>\n\t<meta property=\"og:image:type\" content=\"image\/jpeg\" \/>\n<meta name=\"twitter:card\" content=\"summary_large_image\" \/>\n<meta name=\"twitter:label1\" content=\"Est. reading time\" \/>\n\t<meta name=\"twitter:data1\" content=\"1 minute\" \/>\n<!-- \/ Yoast SEO plugin. -->","yoast_head_json":{"title":"AT6102 Ruban Poly\u00e9thyl\u00e8ne Protection - Advance Tapes","robots":{"index":"index","follow":"follow","max-snippet":"max-snippet:-1","max-image-preview":"max-image-preview:large","max-video-preview":"max-video-preview:-1"},"canonical":"https:\/\/advancetapes.com\/fr\/products\/ruban-polyethylene-protection-at6102\/","og_locale":"fr_FR","og_type":"article","og_title":"AT6102 Ruban Poly\u00e9thyl\u00e8ne Protection - Advance Tapes","og_description":"Choix \u00e9cologiquement responsable Jusqu'\u00e0 100 m\u00e8tres de long    Notre ruban de protection en poly\u00e9thyl\u00e8ne ou ruban pour peintres (AT6102) est un film en poly\u00e9thyl\u00e8ne respectueux de l'environnement enduit d'un adh\u00e9sif acrylique \u00e0 dispersion pelable. Les propri\u00e9t\u00e9s du ruban le rendent id\u00e9al pour une utilisation l\u00e0 o\u00f9 une protection temporaire est n\u00e9cessaire. Parfait pour les peintres et les d\u00e9corateurs en raison de sa faible adh\u00e9rence, il ne laissera aucun r\u00e9sidu.  Ce ruban de protection offre des performances, une durabilit\u00e9 et une r\u00e9sistance \u00e9lev\u00e9es aux temp\u00e9ratures extr\u00eames (de -40\u00b0C \u00e0 +60\u00b0C), ce qui le rend parfait pour des applications int\u00e9rieures et ext\u00e9rieures. Il est facile de le d\u00e9rouler m\u00eame par temps froid. Il est m\u00eame r\u00e9sistant au gel pour une utilisation en hiver.  AT6102 adh\u00e8re brillamment \u00e0 de nombreuses surfaces, y compris le m\u00e9tal, le verre, le poly\u00e9thyl\u00e8ne et le uPVC et il ne tachera pas ou ne corrodera pas la surface sur laquelle il est appliqu\u00e9.  Les rubans adh\u00e9sifs peuvent \u00eatre difficiles \u00e0 d\u00e9chirer \u00e0 la main et les bords ne sont pas toujours droits. AT6102 utilise une technologie unique StraightEdgeTM qui permet de d\u00e9chirer facilement \u00e0 la main et ne n\u00e9cessite pas de bord dentel\u00e9.    Important Note: Tape performance is impaired if used on anodised surfaces which are not completely sealed. As a result, we recommend that you test the aluminium or stainless steel surface for suitability. We would advise you to check each new batch\/delivery of metal for suitability. In many applications involving anodised aluminium or stainless steel an alternative product may be AT6103 Clear Polythene Tape or AT44 low tack protection tape. If in any doubt, please contact Advance Tapes","og_url":"https:\/\/advancetapes.com\/fr\/products\/ruban-polyethylene-protection-at6102\/","og_site_name":"Advance Tapes","article_modified_time":"2025-04-02T09:07:57+00:00","og_image":[{"width":2560,"height":2560,"url":"https:\/\/advancetapes.com\/wp-content\/uploads\/2021\/01\/AT6102-White-2-scaled.jpg","type":"image\/jpeg"}],"twitter_card":"summary_large_image","twitter_misc":{"Est. reading time":"1 minute"},"schema":{"@context":"https:\/\/schema.org","@graph":[{"@type":"WebPage","@id":"https:\/\/advancetapes.com\/fr\/products\/ruban-polyethylene-protection-at6102\/","url":"https:\/\/advancetapes.com\/fr\/products\/ruban-polyethylene-protection-at6102\/","name":"AT6102 Ruban Poly\u00e9thyl\u00e8ne Protection - Advance Tapes","isPartOf":{"@id":"https:\/\/advancetapes.com\/fr\/#website"},"primaryImageOfPage":{"@id":"https:\/\/advancetapes.com\/fr\/products\/ruban-polyethylene-protection-at6102\/#primaryimage"},"image":{"@id":"https:\/\/advancetapes.com\/fr\/products\/ruban-polyethylene-protection-at6102\/#primaryimage"},"thumbnailUrl":"https:\/\/advancetapes.com\/wp-content\/uploads\/2021\/01\/AT6102-White-2-scaled.jpg","datePublished":"2021-01-03T17:46:25+00:00","dateModified":"2025-04-02T09:07:57+00:00","breadcrumb":{"@id":"https:\/\/advancetapes.com\/fr\/products\/ruban-polyethylene-protection-at6102\/#breadcrumb"},"inLanguage":"fr-FR","potentialAction":[{"@type":"ReadAction","target":["https:\/\/advancetapes.com\/fr\/products\/ruban-polyethylene-protection-at6102\/"]}]},{"@type":"ImageObject","inLanguage":"fr-FR","@id":"https:\/\/advancetapes.com\/fr\/products\/ruban-polyethylene-protection-at6102\/#primaryimage","url":"https:\/\/advancetapes.com\/wp-content\/uploads\/2021\/01\/AT6102-White-2-scaled.jpg","contentUrl":"https:\/\/advancetapes.com\/wp-content\/uploads\/2021\/01\/AT6102-White-2-scaled.jpg","width":2560,"height":2560},{"@type":"BreadcrumbList","@id":"https:\/\/advancetapes.com\/fr\/products\/ruban-polyethylene-protection-at6102\/#breadcrumb","itemListElement":[{"@type":"ListItem","position":1,"name":"Home","item":"https:\/\/advancetapes.com\/fr\/"},{"@type":"ListItem","position":2,"name":"Products","item":"https:\/\/advancetapes.com\/fr\/products\/"},{"@type":"ListItem","position":3,"name":"AT6102 Ruban Poly\u00e9thyl\u00e8ne Protection"}]},{"@type":"WebSite","@id":"https:\/\/advancetapes.com\/fr\/#website","url":"https:\/\/advancetapes.com\/fr\/","name":"Advance Tapes","description":"Adding more to adhesive tape","potentialAction":[{"@type":"SearchAction","target":{"@type":"EntryPoint","urlTemplate":"https:\/\/advancetapes.com\/fr\/?s={search_term_string}"},"query-input":{"@type":"PropertyValueSpecification","valueRequired":true,"valueName":"search_term_string"}}],"inLanguage":"fr-FR"}]}},"_links":{"self":[{"href":"https:\/\/advancetapes.com\/fr\/wp-json\/wp\/v2\/product\/5631","targetHints":{"allow":["GET"]}}],"collection":[{"href":"https:\/\/advancetapes.com\/fr\/wp-json\/wp\/v2\/product"}],"about":[{"href":"https:\/\/advancetapes.com\/fr\/wp-json\/wp\/v2\/types\/product"}],"wp:featuredmedia":[{"embeddable":true,"href":"https:\/\/advancetapes.com\/fr\/wp-json\/wp\/v2\/media\/10295"}],"wp:attachment":[{"href":"https:\/\/advancetapes.com\/fr\/wp-json\/wp\/v2\/media?parent=5631"}],"wp:term":[{"taxonomy":"product_brand","embeddable":true,"href":"https:\/\/advancetapes.com\/fr\/wp-json\/wp\/v2\/product_brand?post=5631"},{"taxonomy":"product_cat","embeddable":true,"href":"https:\/\/advancetapes.com\/fr\/wp-json\/wp\/v2\/product_cat?post=5631"},{"taxonomy":"product_tag","embeddable":true,"href":"https:\/\/advancetapes.com\/fr\/wp-json\/wp\/v2\/product_tag?post=5631"}],"curies":[{"name":"wp","href":"https:\/\/api.w.org\/{rel}","templated":true}]}}