{"id":5534,"date":"2021-01-03T17:21:35","date_gmt":"2021-01-03T17:21:35","guid":{"rendered":"https:\/\/advancetapes.com\/products\/at79-ruban-polyethylene-haute-performance-auto-amalgamant\/"},"modified":"2021-04-12T21:18:07","modified_gmt":"2021-04-12T21:18:07","slug":"at79-ruban-polyethylene-haute-performance-auto-amalgamant","status":"publish","type":"product","link":"https:\/\/advancetapes.com\/fr\/products\/at79-ruban-polyethylene-haute-performance-auto-amalgamant\/","title":{"rendered":"AT79 Ruban Poly\u00e9thyl\u00e8ne Haute Performance Auto-Amalgamant"},"content":{"rendered":"<div  class='tabcontainer av-kjftr0sh-5cbeaf8b0626cf654d5dd98b301fff40 top_tab  avia-builder-el-0  avia-builder-el-no-sibling '>\n<section class='av_tab_section av_tab_section av-bkjir1-8ddf50497c1e151b7ae679e0e8c90a49'  itemscope=\"itemscope\" itemtype=\"https:\/\/schema.org\/CreativeWork\" ><div id='tab-id-1-tab' class='tab active_tab' role='tab' aria-selected=\"true\" tabindex=\"0\" data-fake-id='#tab-id-1' aria-controls='tab-id-1-content'  itemprop=\"headline\" >Fonctionnalit\u00e9s<\/div><div id='tab-id-1-content' class='tab_content active_tab_content' role='tabpanel' aria-labelledby='tab-id-1-tab' aria-hidden=\"false\"><div class='tab_inner_content invers-color'  itemprop=\"text\" ><ul>\n<li>Robuste<\/li>\n<li>Elastique<\/li>\n<li>Haute r\u00e9sistance di\u00e9lectrique<\/li>\n<li>R\u00e9sistant \u00e0 l&#8217;eau<\/li>\n<li>R\u00e9sistant \u00e0 l\u2019ozone<\/li>\n<li>R\u00e9sistant \u00e0 une large gamme chimique incluant les alcalins, les fluides hydrauliques et les huiles v\u00e9g\u00e9tales<\/li>\n<\/ul>\n<\/div><\/div><\/section>\n<section class='av_tab_section av_tab_section av-9qatzh-7c40b2b74ab0068d27ab2e8678468355'  itemscope=\"itemscope\" itemtype=\"https:\/\/schema.org\/CreativeWork\" ><div id='tab-id-2-tab' class='tab' role='tab' aria-selected=\"false\" tabindex=\"0\" data-fake-id='#tab-id-2' aria-controls='tab-id-2-content'  itemprop=\"headline\" >Applications<\/div><div id='tab-id-2-content' class='tab_content' role='tabpanel' aria-labelledby='tab-id-2-tab' aria-hidden=\"true\"><div class='tab_inner_content invers-color'  itemprop=\"text\" ><ul>\n<li>R\u00e9paration temporaire et d&#8217;urgence des joints de plomberie<\/li>\n<li>Isolation et \u00e9tanch\u00e9it\u00e9 des connexions \u00e9lectriques<\/li>\n<li>Protection contre les frottements sur les bateaux<\/li>\n<\/ul>\n<\/div><\/div><\/section>\n<section class='av_tab_section av_tab_section av-7iw1bh-6ad83e6718564a65b81dee7514cb1972'  itemscope=\"itemscope\" itemtype=\"https:\/\/schema.org\/CreativeWork\" ><div id='tab-id-3-tab' class='tab' role='tab' aria-selected=\"false\" tabindex=\"0\" data-fake-id='#tab-id-3' aria-controls='tab-id-3-content'  itemprop=\"headline\" >Technical<\/div><div id='tab-id-3-content' class='tab_content' role='tabpanel' aria-labelledby='tab-id-3-tab' aria-hidden=\"true\"><div class='tab_inner_content invers-color'  itemprop=\"text\" ><table cellspacing=\"0\" cellpadding=\"0\">\n<tbody>\n<tr>\n<td><strong>Type de Produit<\/strong><\/td>\n<td>Polyethyl\u00e8ne<\/td>\n<\/tr>\n<tr>\n<td><strong>\u00c9paisseur<\/strong><\/td>\n<td>0.75mm<\/td>\n<\/tr>\n<tr>\n<td><strong>R\u00e9sistance \u00e0 la rupture<\/strong><\/td>\n<td>12 N\/cm<\/td>\n<\/tr>\n<tr>\n<td><strong>Allongement<\/strong><\/td>\n<td>600%<\/td>\n<\/tr>\n<tr>\n<td><strong>Tenue en temp\u00e9rature<\/strong><\/td>\n<td>-35\u00b0C to +130\u00b0C<\/td>\n<\/tr>\n<tr>\n<td><strong>Breakdown Voltage<\/strong><\/td>\n<td>34 kV\/mm<\/td>\n<\/tr>\n<tr>\n<td><strong>Conformit\u00e9 RoHS<\/strong><\/td>\n<td>Oui<\/td>\n<\/tr>\n<\/tbody>\n<\/table>\n<\/div><\/div><\/section>\n<section class='av_tab_section av_tab_section av-piqt-c78631c4603ff59fef417d06594d5e20'  itemscope=\"itemscope\" itemtype=\"https:\/\/schema.org\/CreativeWork\" ><div id='tab-id-4-tab' class='tab' role='tab' aria-selected=\"false\" tabindex=\"0\" data-fake-id='#tab-id-4' aria-controls='tab-id-4-content'  itemprop=\"headline\" >Colours<\/div><div id='tab-id-4-content' class='tab_content' role='tabpanel' aria-labelledby='tab-id-4-tab' aria-hidden=\"true\"><div class='tab_inner_content invers-color'  itemprop=\"text\" ><\/div><\/div><\/section>\n<\/div>\n","protected":false},"excerpt":{"rendered":"<p>Robuste et \u00e9lastique, l\u2019AT79 est un ruban poly\u00e9thyl\u00e8ne non adh\u00e9sif, auto-amalgamant avec un intercalaire facilement d\u00e9tachable.<\/p>\n","protected":false},"featured_media":2988,"template":"","meta":{"_acf_changed":false},"product_brand":[],"product_cat":[344,342],"product_tag":[331],"class_list":{"0":"post-5534","1":"product","2":"type-product","3":"status-publish","4":"has-post-thumbnail","6":"product_cat-polythene","7":"product_cat-self-amalgamating-rubber-tape","8":"product_tag-industrial-consumables-fr","10":"first","11":"instock","12":"shipping-taxable","13":"product-type-simple"},"acf":[],"yoast_head":"<!-- This site is optimized with the Yoast SEO plugin v27.3 - https:\/\/yoast.com\/product\/yoast-seo-wordpress\/ -->\n<title>AT79 Ruban Poly\u00e9thyl\u00e8ne Haute Performance Auto-Amalgamant - Advance Tapes<\/title>\n<meta name=\"robots\" content=\"index, follow, max-snippet:-1, max-image-preview:large, max-video-preview:-1\" \/>\n<link rel=\"canonical\" href=\"https:\/\/advancetapes.com\/fr\/products\/at79-ruban-polyethylene-haute-performance-auto-amalgamant\/\" \/>\n<meta property=\"og:locale\" content=\"fr_FR\" \/>\n<meta property=\"og:type\" content=\"article\" \/>\n<meta property=\"og:title\" content=\"AT79 Ruban Poly\u00e9thyl\u00e8ne Haute Performance Auto-Amalgamant - Advance Tapes\" \/>\n<meta property=\"og:description\" content=\"Robuste et \u00e9lastique, l\u2019AT79 est un ruban poly\u00e9thyl\u00e8ne non adh\u00e9sif, auto-amalgamant avec un intercalaire facilement d\u00e9tachable.\" \/>\n<meta property=\"og:url\" content=\"https:\/\/advancetapes.com\/fr\/products\/at79-ruban-polyethylene-haute-performance-auto-amalgamant\/\" \/>\n<meta property=\"og:site_name\" content=\"Advance Tapes\" \/>\n<meta property=\"article:modified_time\" content=\"2021-04-12T21:18:07+00:00\" \/>\n<meta property=\"og:image\" content=\"https:\/\/advancetapes.com\/wp-content\/uploads\/2021\/01\/Advance-Tapes_AT0079_Black.jpg\" \/>\n\t<meta property=\"og:image:width\" content=\"600\" \/>\n\t<meta property=\"og:image:height\" content=\"600\" \/>\n\t<meta property=\"og:image:type\" content=\"image\/jpeg\" \/>\n<meta name=\"twitter:card\" content=\"summary_large_image\" \/>\n<meta name=\"twitter:label1\" content=\"Est. reading time\" \/>\n\t<meta name=\"twitter:data1\" content=\"1 minute\" \/>\n<!-- \/ Yoast SEO plugin. -->","yoast_head_json":{"title":"AT79 Ruban Poly\u00e9thyl\u00e8ne Haute Performance Auto-Amalgamant - Advance Tapes","robots":{"index":"index","follow":"follow","max-snippet":"max-snippet:-1","max-image-preview":"max-image-preview:large","max-video-preview":"max-video-preview:-1"},"canonical":"https:\/\/advancetapes.com\/fr\/products\/at79-ruban-polyethylene-haute-performance-auto-amalgamant\/","og_locale":"fr_FR","og_type":"article","og_title":"AT79 Ruban Poly\u00e9thyl\u00e8ne Haute Performance Auto-Amalgamant - Advance Tapes","og_description":"Robuste et \u00e9lastique, l\u2019AT79 est un ruban poly\u00e9thyl\u00e8ne non adh\u00e9sif, auto-amalgamant avec un intercalaire facilement d\u00e9tachable.","og_url":"https:\/\/advancetapes.com\/fr\/products\/at79-ruban-polyethylene-haute-performance-auto-amalgamant\/","og_site_name":"Advance Tapes","article_modified_time":"2021-04-12T21:18:07+00:00","og_image":[{"width":600,"height":600,"url":"https:\/\/advancetapes.com\/wp-content\/uploads\/2021\/01\/Advance-Tapes_AT0079_Black.jpg","type":"image\/jpeg"}],"twitter_card":"summary_large_image","twitter_misc":{"Est. reading time":"1 minute"},"schema":{"@context":"https:\/\/schema.org","@graph":[{"@type":"WebPage","@id":"https:\/\/advancetapes.com\/fr\/products\/at79-ruban-polyethylene-haute-performance-auto-amalgamant\/","url":"https:\/\/advancetapes.com\/fr\/products\/at79-ruban-polyethylene-haute-performance-auto-amalgamant\/","name":"AT79 Ruban Poly\u00e9thyl\u00e8ne Haute Performance Auto-Amalgamant - Advance Tapes","isPartOf":{"@id":"https:\/\/advancetapes.com\/fr\/#website"},"primaryImageOfPage":{"@id":"https:\/\/advancetapes.com\/fr\/products\/at79-ruban-polyethylene-haute-performance-auto-amalgamant\/#primaryimage"},"image":{"@id":"https:\/\/advancetapes.com\/fr\/products\/at79-ruban-polyethylene-haute-performance-auto-amalgamant\/#primaryimage"},"thumbnailUrl":"https:\/\/advancetapes.com\/wp-content\/uploads\/2021\/01\/Advance-Tapes_AT0079_Black.jpg","datePublished":"2021-01-03T17:21:35+00:00","dateModified":"2021-04-12T21:18:07+00:00","breadcrumb":{"@id":"https:\/\/advancetapes.com\/fr\/products\/at79-ruban-polyethylene-haute-performance-auto-amalgamant\/#breadcrumb"},"inLanguage":"fr-FR","potentialAction":[{"@type":"ReadAction","target":["https:\/\/advancetapes.com\/fr\/products\/at79-ruban-polyethylene-haute-performance-auto-amalgamant\/"]}]},{"@type":"ImageObject","inLanguage":"fr-FR","@id":"https:\/\/advancetapes.com\/fr\/products\/at79-ruban-polyethylene-haute-performance-auto-amalgamant\/#primaryimage","url":"https:\/\/advancetapes.com\/wp-content\/uploads\/2021\/01\/Advance-Tapes_AT0079_Black.jpg","contentUrl":"https:\/\/advancetapes.com\/wp-content\/uploads\/2021\/01\/Advance-Tapes_AT0079_Black.jpg","width":600,"height":600},{"@type":"BreadcrumbList","@id":"https:\/\/advancetapes.com\/fr\/products\/at79-ruban-polyethylene-haute-performance-auto-amalgamant\/#breadcrumb","itemListElement":[{"@type":"ListItem","position":1,"name":"Home","item":"https:\/\/advancetapes.com\/fr\/"},{"@type":"ListItem","position":2,"name":"Products","item":"https:\/\/advancetapes.com\/fr\/products\/"},{"@type":"ListItem","position":3,"name":"AT79 Ruban Poly\u00e9thyl\u00e8ne Haute Performance Auto-Amalgamant"}]},{"@type":"WebSite","@id":"https:\/\/advancetapes.com\/fr\/#website","url":"https:\/\/advancetapes.com\/fr\/","name":"Advance Tapes","description":"Adding more to adhesive tape","potentialAction":[{"@type":"SearchAction","target":{"@type":"EntryPoint","urlTemplate":"https:\/\/advancetapes.com\/fr\/?s={search_term_string}"},"query-input":{"@type":"PropertyValueSpecification","valueRequired":true,"valueName":"search_term_string"}}],"inLanguage":"fr-FR"}]}},"_links":{"self":[{"href":"https:\/\/advancetapes.com\/fr\/wp-json\/wp\/v2\/product\/5534","targetHints":{"allow":["GET"]}}],"collection":[{"href":"https:\/\/advancetapes.com\/fr\/wp-json\/wp\/v2\/product"}],"about":[{"href":"https:\/\/advancetapes.com\/fr\/wp-json\/wp\/v2\/types\/product"}],"wp:featuredmedia":[{"embeddable":true,"href":"https:\/\/advancetapes.com\/fr\/wp-json\/wp\/v2\/media\/2988"}],"wp:attachment":[{"href":"https:\/\/advancetapes.com\/fr\/wp-json\/wp\/v2\/media?parent=5534"}],"wp:term":[{"taxonomy":"product_brand","embeddable":true,"href":"https:\/\/advancetapes.com\/fr\/wp-json\/wp\/v2\/product_brand?post=5534"},{"taxonomy":"product_cat","embeddable":true,"href":"https:\/\/advancetapes.com\/fr\/wp-json\/wp\/v2\/product_cat?post=5534"},{"taxonomy":"product_tag","embeddable":true,"href":"https:\/\/advancetapes.com\/fr\/wp-json\/wp\/v2\/product_tag?post=5534"}],"curies":[{"name":"wp","href":"https:\/\/api.w.org\/{rel}","templated":true}]}}