{"id":5532,"date":"2021-01-03T17:18:08","date_gmt":"2021-01-03T17:18:08","guid":{"rendered":"https:\/\/advancetapes.com\/products\/at30-ruban-polyethylene\/"},"modified":"2025-09-25T10:29:34","modified_gmt":"2025-09-25T10:29:34","slug":"at30-ruban-polyethylene","status":"publish","type":"product","link":"https:\/\/advancetapes.com\/fr\/products\/at30-ruban-polyethylene\/","title":{"rendered":"AT0030 Ruban Poly\u00e9thyl\u00e8ne"},"content":{"rendered":"<div  class='tabcontainer av-kjftr0sh-5cbeaf8b0626cf654d5dd98b301fff40 top_tab  avia-builder-el-0  avia-builder-el-no-sibling '>\n<section class='av_tab_section av_tab_section av-aekoba-1634b9637ef589c3782e5ad3ca3b5581'  itemscope=\"itemscope\" itemtype=\"https:\/\/schema.org\/CreativeWork\" ><div id='tab-id-1-tab' class='tab active_tab' role='tab' aria-selected=\"true\" tabindex=\"0\" data-fake-id='#tab-id-1' aria-controls='tab-id-1-content'  itemprop=\"headline\" >Fonctionnalit\u00e9s<\/div><div id='tab-id-1-content' class='tab_content active_tab_content' role='tabpanel' aria-labelledby='tab-id-1-tab' aria-hidden=\"false\"><div class='tab_inner_content invers-color'  itemprop=\"text\" ><ul>\n<li>Facile \u00e0 d\u00e9rouler<\/li>\n<li>Conformable<\/li>\n<li>Bonne tenue \u00e0 basse temp\u00e9rature<\/li>\n<li>Imperm\u00e9able<\/li>\n<li>Bonne r\u00e9sistance \u00e0 l\u2019abrasion<\/li>\n<li>Adh\u00e9sif non-corrosif<\/li>\n<\/ul>\n<\/div><\/div><\/section>\n<section class='av_tab_section av_tab_section av-91gmme-dbcd178964ce112ada36bd029a6c9236'  itemscope=\"itemscope\" itemtype=\"https:\/\/schema.org\/CreativeWork\" ><div id='tab-id-2-tab' class='tab' role='tab' aria-selected=\"false\" tabindex=\"0\" data-fake-id='#tab-id-2' aria-controls='tab-id-2-content'  itemprop=\"headline\" >Applications<\/div><div id='tab-id-2-content' class='tab_content' role='tabpanel' aria-labelledby='tab-id-2-tab' aria-hidden=\"true\"><div class='tab_inner_content invers-color'  itemprop=\"text\" ><ul>\n<li>Joint de membrane r\u00e9sistant \u00e0 l&#8217;humidit\u00e9<\/li>\n<li>Assemblage et \u00e9tanch\u00e9it\u00e9 des b\u00e2ches en poly\u00e9thyl\u00e8ne<\/li>\n<li>Cerclage de tubes en aluminium<\/li>\n<li>Assembler temporairement les l\u00e9s de tapis de danse<\/li>\n<li>\u00c9pissage manuel de films dans l&#8217;industrie des plastiques<\/li>\n<li>Films d&#8217;emballage de palettes renforc\u00e9s<\/li>\n<\/ul>\n<\/div><\/div><\/section>\n<section class='av_tab_section av_tab_section av-plg2u-b487dfcbc5144cc37cfefad4dbde46bd'  itemscope=\"itemscope\" itemtype=\"https:\/\/schema.org\/CreativeWork\" ><div id='tab-id-3-tab' class='tab' role='tab' aria-selected=\"false\" tabindex=\"0\" data-fake-id='#tab-id-3' aria-controls='tab-id-3-content'  itemprop=\"headline\" >Technical<\/div><div id='tab-id-3-content' class='tab_content' role='tabpanel' aria-labelledby='tab-id-3-tab' aria-hidden=\"true\"><div class='tab_inner_content invers-color'  itemprop=\"text\" ><div class=\"col-xs-24 col-sm-12\">\n<table cellspacing=\"0\" cellpadding=\"0\">\n<tbody>\n<tr>\n<td><strong>Type de Produit<\/strong><\/td>\n<td>Poly\u00e9thyl\u00e8ne<\/td>\n<\/tr>\n<tr>\n<td><strong>Type d&#8217;Adh\u00e9sif<\/strong><\/td>\n<td>Masse adh\u00e9sive en r\u00e9sine de caoutchouc \u00e0 base de solvant<\/td>\n<\/tr>\n<tr>\n<td><strong>\u00c9paisseur<\/strong><\/td>\n<td>0.15mm<\/td>\n<\/tr>\n<tr>\n<td><strong>R\u00e9sistance \u00e0 la rupture<\/strong><\/td>\n<td>16 N\/cm<\/td>\n<\/tr>\n<tr>\n<td><strong>Allongement<\/strong><\/td>\n<td>300%<\/td>\n<\/tr>\n<tr>\n<td><strong>Adh\u00e9sion sur acier<\/strong><\/td>\n<td>3.5 N\/cm<\/td>\n<\/tr>\n<tr>\n<td><strong>Adh\u00e9sion sur endos<\/strong><\/td>\n<td>2.2 N\/cm<\/td>\n<\/tr>\n<tr>\n<td><strong>Tenue en temp\u00e9rature<\/strong><\/td>\n<td>-40\u00b0C to +90\u00b0C<\/td>\n<\/tr>\n<tr>\n<td><strong>Conformit\u00e9 RoHS<\/strong><\/td>\n<td>Oui<\/td>\n<\/tr>\n<tr>\n<td><strong>Specification<\/strong><\/td>\n<td>DEF STAN 75-1<\/td>\n<\/tr>\n<\/tbody>\n<\/table>\n<\/div>\n<\/div><\/div><\/section>\n<section class='av_tab_section av_tab_section av-piqt-c78631c4603ff59fef417d06594d5e20'  itemscope=\"itemscope\" itemtype=\"https:\/\/schema.org\/CreativeWork\" ><div id='tab-id-4-tab' class='tab' role='tab' aria-selected=\"false\" tabindex=\"0\" data-fake-id='#tab-id-4' aria-controls='tab-id-4-content'  itemprop=\"headline\" >Colours<\/div><div id='tab-id-4-content' class='tab_content' role='tabpanel' aria-labelledby='tab-id-4-tab' aria-hidden=\"true\"><div class='tab_inner_content invers-color'  itemprop=\"text\" ><\/div><\/div><\/section>\n<\/div>\n","protected":false},"excerpt":{"rendered":"<p><strong>En conformit\u00e9 avec la norme DEF STAN 81-145\/3<\/strong><\/p>\n<p>&nbsp;<\/p>\n<div class=\"first_para_desc\">\n<p>AT30 is a polythene film coated with a clear, solvent based rubber-resin adhesive designed to withstand extreme high and low temperatures of between -40\u02daC to +90\u02daC. This tape offers very good resistance to water and abrasion which makes it ideal for year round external applications as well as internal uses. Conformable, AT30 can be applied easily to smooth or uneven surfaces. The polythene tape is great to use for joining, sealing and strapping applications. The tape can also be used for manual splicing of films within the plastics industry including core starting and end tabbing, or to reinforce pallet wrapping films. The tape conforms the Military Defence Standard, DEF STAN 81-145\/1 (formerly DEF STAN 75-1).<\/p>\n<\/div>\n","protected":false},"featured_media":2984,"template":"","meta":{"_acf_changed":false},"product_brand":[],"product_cat":[530,372,373,344],"product_tag":[328,329,330,331,334],"class_list":{"0":"post-5532","1":"product","2":"type-product","3":"status-publish","4":"has-post-thumbnail","6":"product_cat-agriculture-fr","7":"product_cat-building-fr","8":"product_cat-entertainment-fr","9":"product_cat-polythene","10":"product_tag-agriculture-fr","11":"product_tag-building-fr","12":"product_tag-entertainment-fr","13":"product_tag-industrial-consumables-fr","14":"product_tag-nuclear-fr","16":"first","17":"instock","18":"shipping-taxable","19":"product-type-simple"},"acf":[],"yoast_head":"<!-- This site is optimized with the Yoast SEO plugin v27.4 - https:\/\/yoast.com\/product\/yoast-seo-wordpress\/ -->\n<title>AT0030 Ruban Poly\u00e9thyl\u00e8ne - Advance Tapes<\/title>\n<meta name=\"robots\" content=\"index, follow, max-snippet:-1, max-image-preview:large, max-video-preview:-1\" \/>\n<link rel=\"canonical\" href=\"https:\/\/advancetapes.com\/fr\/products\/at30-ruban-polyethylene\/\" \/>\n<meta property=\"og:locale\" content=\"fr_FR\" \/>\n<meta property=\"og:type\" content=\"article\" \/>\n<meta property=\"og:title\" content=\"AT0030 Ruban Poly\u00e9thyl\u00e8ne - Advance Tapes\" \/>\n<meta property=\"og:description\" content=\"En conformit\u00e9 avec la norme DEF STAN 81-145\/3  &nbsp;   AT30 is a polythene film coated with a clear, solvent based rubber-resin adhesive designed to withstand extreme high and low temperatures of between -40\u02daC to +90\u02daC. This tape offers very good resistance to water and abrasion which makes it ideal for year round external applications as well as internal uses. Conformable, AT30 can be applied easily to smooth or uneven surfaces. The polythene tape is great to use for joining, sealing and strapping applications. The tape can also be used for manual splicing of films within the plastics industry including core starting and end tabbing, or to reinforce pallet wrapping films. The tape conforms the Military Defence Standard, DEF STAN 81-145\/1 (formerly DEF STAN 75-1).\" \/>\n<meta property=\"og:url\" content=\"https:\/\/advancetapes.com\/fr\/products\/at30-ruban-polyethylene\/\" \/>\n<meta property=\"og:site_name\" content=\"Advance Tapes\" \/>\n<meta property=\"article:modified_time\" content=\"2025-09-25T10:29:34+00:00\" \/>\n<meta property=\"og:image\" content=\"https:\/\/advancetapes.com\/wp-content\/uploads\/2021\/01\/Advance-Tapes_AT0030_Black.jpg\" \/>\n\t<meta property=\"og:image:width\" content=\"600\" \/>\n\t<meta property=\"og:image:height\" content=\"600\" \/>\n\t<meta property=\"og:image:type\" content=\"image\/jpeg\" \/>\n<meta name=\"twitter:card\" content=\"summary_large_image\" \/>\n<meta name=\"twitter:label1\" content=\"Est. reading time\" \/>\n\t<meta name=\"twitter:data1\" content=\"1 minute\" \/>\n<!-- \/ Yoast SEO plugin. -->","yoast_head_json":{"title":"AT0030 Ruban Poly\u00e9thyl\u00e8ne - Advance Tapes","robots":{"index":"index","follow":"follow","max-snippet":"max-snippet:-1","max-image-preview":"max-image-preview:large","max-video-preview":"max-video-preview:-1"},"canonical":"https:\/\/advancetapes.com\/fr\/products\/at30-ruban-polyethylene\/","og_locale":"fr_FR","og_type":"article","og_title":"AT0030 Ruban Poly\u00e9thyl\u00e8ne - Advance Tapes","og_description":"En conformit\u00e9 avec la norme DEF STAN 81-145\/3  &nbsp;   AT30 is a polythene film coated with a clear, solvent based rubber-resin adhesive designed to withstand extreme high and low temperatures of between -40\u02daC to +90\u02daC. This tape offers very good resistance to water and abrasion which makes it ideal for year round external applications as well as internal uses. Conformable, AT30 can be applied easily to smooth or uneven surfaces. The polythene tape is great to use for joining, sealing and strapping applications. The tape can also be used for manual splicing of films within the plastics industry including core starting and end tabbing, or to reinforce pallet wrapping films. The tape conforms the Military Defence Standard, DEF STAN 81-145\/1 (formerly DEF STAN 75-1).","og_url":"https:\/\/advancetapes.com\/fr\/products\/at30-ruban-polyethylene\/","og_site_name":"Advance Tapes","article_modified_time":"2025-09-25T10:29:34+00:00","og_image":[{"width":600,"height":600,"url":"https:\/\/advancetapes.com\/wp-content\/uploads\/2021\/01\/Advance-Tapes_AT0030_Black.jpg","type":"image\/jpeg"}],"twitter_card":"summary_large_image","twitter_misc":{"Est. reading time":"1 minute"},"schema":{"@context":"https:\/\/schema.org","@graph":[{"@type":"WebPage","@id":"https:\/\/advancetapes.com\/fr\/products\/at30-ruban-polyethylene\/","url":"https:\/\/advancetapes.com\/fr\/products\/at30-ruban-polyethylene\/","name":"AT0030 Ruban Poly\u00e9thyl\u00e8ne - Advance Tapes","isPartOf":{"@id":"https:\/\/advancetapes.com\/fr\/#website"},"primaryImageOfPage":{"@id":"https:\/\/advancetapes.com\/fr\/products\/at30-ruban-polyethylene\/#primaryimage"},"image":{"@id":"https:\/\/advancetapes.com\/fr\/products\/at30-ruban-polyethylene\/#primaryimage"},"thumbnailUrl":"https:\/\/advancetapes.com\/wp-content\/uploads\/2021\/01\/Advance-Tapes_AT0030_Black.jpg","datePublished":"2021-01-03T17:18:08+00:00","dateModified":"2025-09-25T10:29:34+00:00","breadcrumb":{"@id":"https:\/\/advancetapes.com\/fr\/products\/at30-ruban-polyethylene\/#breadcrumb"},"inLanguage":"fr-FR","potentialAction":[{"@type":"ReadAction","target":["https:\/\/advancetapes.com\/fr\/products\/at30-ruban-polyethylene\/"]}]},{"@type":"ImageObject","inLanguage":"fr-FR","@id":"https:\/\/advancetapes.com\/fr\/products\/at30-ruban-polyethylene\/#primaryimage","url":"https:\/\/advancetapes.com\/wp-content\/uploads\/2021\/01\/Advance-Tapes_AT0030_Black.jpg","contentUrl":"https:\/\/advancetapes.com\/wp-content\/uploads\/2021\/01\/Advance-Tapes_AT0030_Black.jpg","width":600,"height":600},{"@type":"BreadcrumbList","@id":"https:\/\/advancetapes.com\/fr\/products\/at30-ruban-polyethylene\/#breadcrumb","itemListElement":[{"@type":"ListItem","position":1,"name":"Home","item":"https:\/\/advancetapes.com\/fr\/"},{"@type":"ListItem","position":2,"name":"Products","item":"https:\/\/advancetapes.com\/fr\/products\/"},{"@type":"ListItem","position":3,"name":"AT0030 Ruban Poly\u00e9thyl\u00e8ne"}]},{"@type":"WebSite","@id":"https:\/\/advancetapes.com\/fr\/#website","url":"https:\/\/advancetapes.com\/fr\/","name":"Advance Tapes","description":"Adding more to adhesive tape","potentialAction":[{"@type":"SearchAction","target":{"@type":"EntryPoint","urlTemplate":"https:\/\/advancetapes.com\/fr\/?s={search_term_string}"},"query-input":{"@type":"PropertyValueSpecification","valueRequired":true,"valueName":"search_term_string"}}],"inLanguage":"fr-FR"}]}},"_links":{"self":[{"href":"https:\/\/advancetapes.com\/fr\/wp-json\/wp\/v2\/product\/5532","targetHints":{"allow":["GET"]}}],"collection":[{"href":"https:\/\/advancetapes.com\/fr\/wp-json\/wp\/v2\/product"}],"about":[{"href":"https:\/\/advancetapes.com\/fr\/wp-json\/wp\/v2\/types\/product"}],"wp:featuredmedia":[{"embeddable":true,"href":"https:\/\/advancetapes.com\/fr\/wp-json\/wp\/v2\/media\/2984"}],"wp:attachment":[{"href":"https:\/\/advancetapes.com\/fr\/wp-json\/wp\/v2\/media?parent=5532"}],"wp:term":[{"taxonomy":"product_brand","embeddable":true,"href":"https:\/\/advancetapes.com\/fr\/wp-json\/wp\/v2\/product_brand?post=5532"},{"taxonomy":"product_cat","embeddable":true,"href":"https:\/\/advancetapes.com\/fr\/wp-json\/wp\/v2\/product_cat?post=5532"},{"taxonomy":"product_tag","embeddable":true,"href":"https:\/\/advancetapes.com\/fr\/wp-json\/wp\/v2\/product_tag?post=5532"}],"curies":[{"name":"wp","href":"https:\/\/api.w.org\/{rel}","templated":true}]}}