{"id":5526,"date":"2021-01-03T00:52:30","date_gmt":"2021-01-03T00:52:30","guid":{"rendered":"https:\/\/advancetapes.com\/products\/at414-ruban-polypropylene-chaine-et-trame-emballage\/"},"modified":"2022-04-01T09:43:30","modified_gmt":"2022-04-01T09:43:30","slug":"at414-ruban-polypropylene-chaine-et-trame-emballage","status":"publish","type":"product","link":"https:\/\/advancetapes.com\/fr\/products\/at414-ruban-polypropylene-chaine-et-trame-emballage\/","title":{"rendered":"AT414 Ruban Polypropyl\u00e8ne Cha\u00eene et Trame &#8211; Emballage"},"content":{"rendered":"<div  class='tabcontainer av-kjftr0sh-5cbeaf8b0626cf654d5dd98b301fff40 top_tab  avia-builder-el-0  avia-builder-el-no-sibling '>\n<section class='av_tab_section av_tab_section av-a9qmvi-b6eebe503102b1a8b2353a6e7144f2c0'  itemscope=\"itemscope\" itemtype=\"https:\/\/schema.org\/CreativeWork\" ><div id='tab-id-1-tab' class='tab active_tab' role='tab' aria-selected=\"true\" tabindex=\"0\" data-fake-id='#tab-id-1' aria-controls='tab-id-1-content'  itemprop=\"headline\" >Fonctionnalit\u00e9s<\/div><div id='tab-id-1-content' class='tab_content active_tab_content' role='tabpanel' aria-labelledby='tab-id-1-tab' aria-hidden=\"false\"><div class='tab_inner_content invers-color'  itemprop=\"text\" ><ul>\n<li>Robuste<\/li>\n<li>Pouvoir adh\u00e9sif imm\u00e9diat \u00e9lev\u00e9<\/li>\n<li>Facile \u00e0 d\u00e9rouler<\/li>\n<li>Conformable aux formes irr\u00e9guli\u00e8res<\/li>\n<li>Pas de s\u00e9paration lat\u00e9rale<\/li>\n<li>Bonne r\u00e9sistance \u00e0 l&#8217;abrasion<\/li>\n<\/ul>\n<\/div><\/div><\/section>\n<section class='av_tab_section av_tab_section av-8zn1i6-234ef2cb18d5e5b65b6ac8664a4c5fec'  itemscope=\"itemscope\" itemtype=\"https:\/\/schema.org\/CreativeWork\" ><div id='tab-id-2-tab' class='tab' role='tab' aria-selected=\"false\" tabindex=\"0\" data-fake-id='#tab-id-2' aria-controls='tab-id-2-content'  itemprop=\"headline\" >Applications<\/div><div id='tab-id-2-content' class='tab_content' role='tabpanel' aria-labelledby='tab-id-2-tab' aria-hidden=\"true\"><div class='tab_inner_content invers-color'  itemprop=\"text\" ><ul>\n<li>\u00c9tanch\u00e9it\u00e9 de cartons et de paquets<\/li>\n<li>Bobinage tensionnel de bobines de fil, de papier et d&#8217;acier<\/li>\n<\/ul>\n<\/div><\/div><\/section>\n<section class='av_tab_section av_tab_section av-83yzu6-57772459f4bcd9053de9fa9baa58754d'  itemscope=\"itemscope\" itemtype=\"https:\/\/schema.org\/CreativeWork\" ><div id='tab-id-3-tab' class='tab' role='tab' aria-selected=\"false\" tabindex=\"0\" data-fake-id='#tab-id-3' aria-controls='tab-id-3-content'  itemprop=\"headline\" >Technical<\/div><div id='tab-id-3-content' class='tab_content' role='tabpanel' aria-labelledby='tab-id-3-tab' aria-hidden=\"true\"><div class='tab_inner_content invers-color'  itemprop=\"text\" ><table cellspacing=\"0\" cellpadding=\"0\">\n<tbody>\n<tr>\n<td><strong>Type de Produit<\/strong><\/td>\n<td>Polypropyl\u00e8ne<\/td>\n<\/tr>\n<tr>\n<td><strong>Type d&#8217;Adh\u00e9sif<\/strong><\/td>\n<td>Hot Melt (caoutchouc synth\u00e9tique)<\/td>\n<\/tr>\n<tr>\n<td><strong>\u00c9paisseur<\/strong><\/td>\n<td>0.13 mm<\/td>\n<\/tr>\n<tr>\n<td><strong>R\u00e9sistance \u00e0 la rupture<\/strong><\/td>\n<td>280 N\/cm<\/td>\n<\/tr>\n<tr>\n<td><strong>Allongement<\/strong><\/td>\n<td>10%<\/td>\n<\/tr>\n<tr>\n<td><strong>Adh\u00e9sion sur acier<\/strong><\/td>\n<td>5.0 N\/cm<\/td>\n<\/tr>\n<tr>\n<td><strong>Tenue en temp\u00e9rature<\/strong><\/td>\n<td>0\u00b0C to +80\u00b0C<\/td>\n<\/tr>\n<tr>\n<td><strong>Conformit\u00e9 RoHS<\/strong><\/td>\n<td>Oui<\/td>\n<\/tr>\n<\/tbody>\n<\/table>\n<\/div><\/div><\/section>\n<section class='av_tab_section av_tab_section av-piqt-c78631c4603ff59fef417d06594d5e20'  itemscope=\"itemscope\" itemtype=\"https:\/\/schema.org\/CreativeWork\" ><div id='tab-id-4-tab' class='tab' role='tab' aria-selected=\"false\" tabindex=\"0\" data-fake-id='#tab-id-4' aria-controls='tab-id-4-content'  itemprop=\"headline\" >Colours<\/div><div id='tab-id-4-content' class='tab_content' role='tabpanel' aria-labelledby='tab-id-4-tab' aria-hidden=\"true\"><div class='tab_inner_content invers-color'  itemprop=\"text\" ><\/div><\/div><\/section>\n<\/div>\n","protected":false},"excerpt":{"rendered":"<p>Ruban polypropyl\u00e8ne arm\u00e9 cha\u00eene et trame, adh\u00e9sif Hot Melt caoutchouc synth\u00e9tique transparent. Ce ruban de filament tiss\u00e9 crois\u00e9 est parfait pour renforcer les conteneurs, regrouper les articles et pour attacher les envois d&#8217;exportation. Extr\u00eamement r\u00e9sistant, AT414 adh\u00e8re \u00e9troitement et a une r\u00e9sistance \u00e9lev\u00e9e \u00e0 la d\u00e9chirure, mais il est facile \u00e0 d\u00e9rouler et s&#8217;adapte bien aux surfaces lisses et in\u00e9gales. Gr\u00e2ce \u00e0 sa r\u00e9sistance \u00e0 l&#8217;eau et \u00e0 l&#8217;abrasion, ce ruban peut r\u00e9sister \u00e0 des conditions ambiantes d\u00e9favorables.<\/p>\n","protected":false},"featured_media":2968,"template":"","meta":{"_acf_changed":false},"product_brand":[],"product_cat":[343],"product_tag":[329,331],"class_list":{"0":"post-5526","1":"product","2":"type-product","3":"status-publish","4":"has-post-thumbnail","6":"product_cat-packaging-and-strapping-tape","7":"product_tag-building-fr","8":"product_tag-industrial-consumables-fr","10":"first","11":"instock","12":"shipping-taxable","13":"product-type-simple"},"acf":[],"yoast_head":"<!-- This site is optimized with the Yoast SEO plugin v27.3 - https:\/\/yoast.com\/product\/yoast-seo-wordpress\/ -->\n<title>AT414 Ruban Polypropyl\u00e8ne Cha\u00eene et Trame - Emballage - Advance Tapes<\/title>\n<meta name=\"robots\" content=\"index, follow, max-snippet:-1, max-image-preview:large, max-video-preview:-1\" \/>\n<link rel=\"canonical\" href=\"https:\/\/advancetapes.com\/fr\/products\/at414-ruban-polypropylene-chaine-et-trame-emballage\/\" \/>\n<meta property=\"og:locale\" content=\"fr_FR\" \/>\n<meta property=\"og:type\" content=\"article\" \/>\n<meta property=\"og:title\" content=\"AT414 Ruban Polypropyl\u00e8ne Cha\u00eene et Trame - Emballage - Advance Tapes\" \/>\n<meta property=\"og:description\" content=\"Ruban polypropyl\u00e8ne arm\u00e9 cha\u00eene et trame, adh\u00e9sif Hot Melt caoutchouc synth\u00e9tique transparent. Ce ruban de filament tiss\u00e9 crois\u00e9 est parfait pour renforcer les conteneurs, regrouper les articles et pour attacher les envois d&#039;exportation. Extr\u00eamement r\u00e9sistant, AT414 adh\u00e8re \u00e9troitement et a une r\u00e9sistance \u00e9lev\u00e9e \u00e0 la d\u00e9chirure, mais il est facile \u00e0 d\u00e9rouler et s&#039;adapte bien aux surfaces lisses et in\u00e9gales. Gr\u00e2ce \u00e0 sa r\u00e9sistance \u00e0 l&#039;eau et \u00e0 l&#039;abrasion, ce ruban peut r\u00e9sister \u00e0 des conditions ambiantes d\u00e9favorables.\" \/>\n<meta property=\"og:url\" content=\"https:\/\/advancetapes.com\/fr\/products\/at414-ruban-polypropylene-chaine-et-trame-emballage\/\" \/>\n<meta property=\"og:site_name\" content=\"Advance Tapes\" \/>\n<meta property=\"article:modified_time\" content=\"2022-04-01T09:43:30+00:00\" \/>\n<meta property=\"og:image\" content=\"https:\/\/advancetapes.com\/wp-content\/uploads\/2021\/01\/Advance-Tapes_AT0414_White.jpg\" \/>\n\t<meta property=\"og:image:width\" content=\"600\" \/>\n\t<meta property=\"og:image:height\" content=\"600\" \/>\n\t<meta property=\"og:image:type\" content=\"image\/jpeg\" \/>\n<meta name=\"twitter:card\" content=\"summary_large_image\" \/>\n<meta name=\"twitter:label1\" content=\"Est. reading time\" \/>\n\t<meta name=\"twitter:data1\" content=\"1 minute\" \/>\n<!-- \/ Yoast SEO plugin. -->","yoast_head_json":{"title":"AT414 Ruban Polypropyl\u00e8ne Cha\u00eene et Trame - Emballage - Advance Tapes","robots":{"index":"index","follow":"follow","max-snippet":"max-snippet:-1","max-image-preview":"max-image-preview:large","max-video-preview":"max-video-preview:-1"},"canonical":"https:\/\/advancetapes.com\/fr\/products\/at414-ruban-polypropylene-chaine-et-trame-emballage\/","og_locale":"fr_FR","og_type":"article","og_title":"AT414 Ruban Polypropyl\u00e8ne Cha\u00eene et Trame - Emballage - Advance Tapes","og_description":"Ruban polypropyl\u00e8ne arm\u00e9 cha\u00eene et trame, adh\u00e9sif Hot Melt caoutchouc synth\u00e9tique transparent. Ce ruban de filament tiss\u00e9 crois\u00e9 est parfait pour renforcer les conteneurs, regrouper les articles et pour attacher les envois d'exportation. Extr\u00eamement r\u00e9sistant, AT414 adh\u00e8re \u00e9troitement et a une r\u00e9sistance \u00e9lev\u00e9e \u00e0 la d\u00e9chirure, mais il est facile \u00e0 d\u00e9rouler et s'adapte bien aux surfaces lisses et in\u00e9gales. Gr\u00e2ce \u00e0 sa r\u00e9sistance \u00e0 l'eau et \u00e0 l'abrasion, ce ruban peut r\u00e9sister \u00e0 des conditions ambiantes d\u00e9favorables.","og_url":"https:\/\/advancetapes.com\/fr\/products\/at414-ruban-polypropylene-chaine-et-trame-emballage\/","og_site_name":"Advance Tapes","article_modified_time":"2022-04-01T09:43:30+00:00","og_image":[{"width":600,"height":600,"url":"https:\/\/advancetapes.com\/wp-content\/uploads\/2021\/01\/Advance-Tapes_AT0414_White.jpg","type":"image\/jpeg"}],"twitter_card":"summary_large_image","twitter_misc":{"Est. reading time":"1 minute"},"schema":{"@context":"https:\/\/schema.org","@graph":[{"@type":"WebPage","@id":"https:\/\/advancetapes.com\/fr\/products\/at414-ruban-polypropylene-chaine-et-trame-emballage\/","url":"https:\/\/advancetapes.com\/fr\/products\/at414-ruban-polypropylene-chaine-et-trame-emballage\/","name":"AT414 Ruban Polypropyl\u00e8ne Cha\u00eene et Trame - Emballage - Advance Tapes","isPartOf":{"@id":"https:\/\/advancetapes.com\/fr\/#website"},"primaryImageOfPage":{"@id":"https:\/\/advancetapes.com\/fr\/products\/at414-ruban-polypropylene-chaine-et-trame-emballage\/#primaryimage"},"image":{"@id":"https:\/\/advancetapes.com\/fr\/products\/at414-ruban-polypropylene-chaine-et-trame-emballage\/#primaryimage"},"thumbnailUrl":"https:\/\/advancetapes.com\/wp-content\/uploads\/2021\/01\/Advance-Tapes_AT0414_White.jpg","datePublished":"2021-01-03T00:52:30+00:00","dateModified":"2022-04-01T09:43:30+00:00","breadcrumb":{"@id":"https:\/\/advancetapes.com\/fr\/products\/at414-ruban-polypropylene-chaine-et-trame-emballage\/#breadcrumb"},"inLanguage":"fr-FR","potentialAction":[{"@type":"ReadAction","target":["https:\/\/advancetapes.com\/fr\/products\/at414-ruban-polypropylene-chaine-et-trame-emballage\/"]}]},{"@type":"ImageObject","inLanguage":"fr-FR","@id":"https:\/\/advancetapes.com\/fr\/products\/at414-ruban-polypropylene-chaine-et-trame-emballage\/#primaryimage","url":"https:\/\/advancetapes.com\/wp-content\/uploads\/2021\/01\/Advance-Tapes_AT0414_White.jpg","contentUrl":"https:\/\/advancetapes.com\/wp-content\/uploads\/2021\/01\/Advance-Tapes_AT0414_White.jpg","width":600,"height":600},{"@type":"BreadcrumbList","@id":"https:\/\/advancetapes.com\/fr\/products\/at414-ruban-polypropylene-chaine-et-trame-emballage\/#breadcrumb","itemListElement":[{"@type":"ListItem","position":1,"name":"Home","item":"https:\/\/advancetapes.com\/fr\/"},{"@type":"ListItem","position":2,"name":"Products","item":"https:\/\/advancetapes.com\/fr\/products\/"},{"@type":"ListItem","position":3,"name":"AT414 Ruban Polypropyl\u00e8ne Cha\u00eene et Trame &#8211; Emballage"}]},{"@type":"WebSite","@id":"https:\/\/advancetapes.com\/fr\/#website","url":"https:\/\/advancetapes.com\/fr\/","name":"Advance Tapes","description":"Adding more to adhesive tape","potentialAction":[{"@type":"SearchAction","target":{"@type":"EntryPoint","urlTemplate":"https:\/\/advancetapes.com\/fr\/?s={search_term_string}"},"query-input":{"@type":"PropertyValueSpecification","valueRequired":true,"valueName":"search_term_string"}}],"inLanguage":"fr-FR"}]}},"_links":{"self":[{"href":"https:\/\/advancetapes.com\/fr\/wp-json\/wp\/v2\/product\/5526","targetHints":{"allow":["GET"]}}],"collection":[{"href":"https:\/\/advancetapes.com\/fr\/wp-json\/wp\/v2\/product"}],"about":[{"href":"https:\/\/advancetapes.com\/fr\/wp-json\/wp\/v2\/types\/product"}],"wp:featuredmedia":[{"embeddable":true,"href":"https:\/\/advancetapes.com\/fr\/wp-json\/wp\/v2\/media\/2968"}],"wp:attachment":[{"href":"https:\/\/advancetapes.com\/fr\/wp-json\/wp\/v2\/media?parent=5526"}],"wp:term":[{"taxonomy":"product_brand","embeddable":true,"href":"https:\/\/advancetapes.com\/fr\/wp-json\/wp\/v2\/product_brand?post=5526"},{"taxonomy":"product_cat","embeddable":true,"href":"https:\/\/advancetapes.com\/fr\/wp-json\/wp\/v2\/product_cat?post=5526"},{"taxonomy":"product_tag","embeddable":true,"href":"https:\/\/advancetapes.com\/fr\/wp-json\/wp\/v2\/product_tag?post=5526"}],"curies":[{"name":"wp","href":"https:\/\/api.w.org\/{rel}","templated":true}]}}