{"id":5523,"date":"2021-01-03T00:49:16","date_gmt":"2021-01-03T00:49:16","guid":{"rendered":"https:\/\/advancetapes.com\/products\/at412-mono-filament-reinforced-strapping-tape\/"},"modified":"2025-04-02T08:56:47","modified_gmt":"2025-04-02T08:56:47","slug":"at412-mono-filament-reinforced-strapping-tape","status":"publish","type":"product","link":"https:\/\/advancetapes.com\/fr\/products\/at412-mono-filament-reinforced-strapping-tape\/","title":{"rendered":"AT0412 Mono Filament Reinforced Strapping Tape"},"content":{"rendered":"<p><div  class='tabcontainer av-kjftr0sh-5cbeaf8b0626cf654d5dd98b301fff40 top_tab  avia-builder-el-0  avia-builder-el-no-sibling '>\n<section class='av_tab_section av_tab_section av-aw0gm2-844f09d012f5d981fc0b46fb17e607d1'  itemscope=\"itemscope\" itemtype=\"https:\/\/schema.org\/CreativeWork\" ><div id='tab-id-1-tab' class='tab active_tab' role='tab' aria-selected=\"true\" tabindex=\"0\" data-fake-id='#tab-id-1' aria-controls='tab-id-1-content'  itemprop=\"headline\" >Fonctionnalit\u00e9s<\/div><div id='tab-id-1-content' class='tab_content active_tab_content' role='tabpanel' aria-labelledby='tab-id-1-tab' aria-hidden=\"false\"><div class='tab_inner_content invers-color'  itemprop=\"text\" ><ul>\n<li>Pouvoir adh\u00e9sif imm\u00e9diat \u00e9lev\u00e9 (Tack)<\/li>\n<li>Excellente r\u00e9sistance \u00e0 la traction<\/li>\n<li>Haute r\u00e9sistance \u00e0 l&#8217;entaille, \u00e0 l&#8217;abrasion et \u00e0 l&#8217;humidit\u00e9<\/li>\n<li>Bonne conformabilit\u00e9 \u00e0 une vari\u00e9t\u00e9 de surfaces de carton ondul\u00e9es et solides<\/li>\n<\/ul>\n<\/div><\/div><\/section>\n<section class='av_tab_section av_tab_section av-9c1xgq-4c462f7fe44b4faa57925b5f292f7139'  itemscope=\"itemscope\" itemtype=\"https:\/\/schema.org\/CreativeWork\" ><div id='tab-id-2-tab' class='tab' role='tab' aria-selected=\"false\" tabindex=\"0\" data-fake-id='#tab-id-2' aria-controls='tab-id-2-content'  itemprop=\"headline\" >Applications<\/div><div id='tab-id-2-content' class='tab_content' role='tabpanel' aria-labelledby='tab-id-2-tab' aria-hidden=\"true\"><div class='tab_inner_content invers-color'  itemprop=\"text\" ><ul>\n<li>\u00c9tanch\u00e9it\u00e9 de cartons et de paquets<\/li>\n<li>Bobinage tensionnel de bobines de fil, de papier et d&#8217;acier<\/li>\n<\/ul>\n<\/div><\/div><\/section>\n<section class='av_tab_section av_tab_section av-84nn6i-07e6fb017013e62b9bbde69adc0aaa8c'  itemscope=\"itemscope\" itemtype=\"https:\/\/schema.org\/CreativeWork\" ><div id='tab-id-3-tab' class='tab' role='tab' aria-selected=\"false\" tabindex=\"0\" data-fake-id='#tab-id-3' aria-controls='tab-id-3-content'  itemprop=\"headline\" >Technical<\/div><div id='tab-id-3-content' class='tab_content' role='tabpanel' aria-labelledby='tab-id-3-tab' aria-hidden=\"true\"><div class='tab_inner_content invers-color'  itemprop=\"text\" ><table cellspacing=\"0\" cellpadding=\"0\">\n<tbody>\n<tr>\n<td><strong>Type de Produit<\/strong><\/td>\n<td>Polypropyl\u00e8ne<\/td>\n<\/tr>\n<tr>\n<td><strong>Type d&#8217;Adh\u00e9sif<\/strong><\/td>\n<td>Masse adh\u00e9sive en r\u00e9sine de caoutchouc synth\u00e9tique sans solvant<\/td>\n<\/tr>\n<tr>\n<td><strong>\u00c9paisseur<\/strong><\/td>\n<td>0.105 mm<\/td>\n<\/tr>\n<tr>\n<td><strong>R\u00e9sistance \u00e0 la rupture<\/strong><\/td>\n<td>165 N\/cm<\/td>\n<\/tr>\n<tr>\n<td><strong>Allongement<\/strong><\/td>\n<td>5%<\/td>\n<\/tr>\n<tr>\n<td><strong>Adh\u00e9sion sur acier<\/strong><\/td>\n<td>5.0 N\/cm<\/td>\n<\/tr>\n<tr>\n<td><strong>Tenue en temp\u00e9rature<\/strong><\/td>\n<td>0\u00b0C \u00e0 +80\u00b0C<\/td>\n<\/tr>\n<tr>\n<td><strong>Conformit\u00e9 RoHS<\/strong><\/td>\n<td>Oui<\/td>\n<\/tr>\n<\/tbody>\n<\/table>\n<\/div><\/div><\/section>\n<section class='av_tab_section av_tab_section av-piqt-48b82d9099e36577dd2c08fe8a3b94f7'  itemscope=\"itemscope\" itemtype=\"https:\/\/schema.org\/CreativeWork\" ><div id='tab-id-4-tab' class='tab' role='tab' aria-selected=\"false\" tabindex=\"0\" data-fake-id='#tab-id-4' aria-controls='tab-id-4-content'  itemprop=\"headline\" >Colours and Sizes<\/div><div id='tab-id-4-content' class='tab_content' role='tabpanel' aria-labelledby='tab-id-4-tab' aria-hidden=\"true\"><div class='tab_inner_content invers-color'  itemprop=\"text\" ><p><span id=\"uxm_tab_pro_color\" class=\"uxm_tab_pro_color\"><\/span><span id=\"uxm_tab_pro_color_2\" class=\"uxm_tab_pro_color\"><\/span><span id=\"uxm_tab_pro_color_3\" class=\"uxm_tab_pro_color\"><\/span><span id=\"uxm_tab_pro_color_4\" class=\"uxm_tab_pro_color\"><\/span><span id=\"uxm_tab_pro_color_5\" class=\"uxm_tab_pro_color\"><\/span><span id=\"uxm_tab_pro_color_6\" class=\"uxm_tab_pro_color\"><\/span><span id=\"uxm_tab_pro_color_7\" class=\"uxm_tab_pro_color\"><\/span><\/p>\n<table style=\"height: 50px;\" width=\"1356\" cellspacing=\"0\" cellpadding=\"0\">\n<tbody>\n<tr>\n<td><strong>Standard Stock Sizes<\/strong><\/td>\n<td>25mmx50m<\/td>\n<\/tr>\n<tr>\n<\/tr>\n<\/tbody>\n<\/table>\n<\/div><\/div><\/section>\n<\/div><span data-mce-type=\"bookmark\" style=\"display: inline-block; width: 0px; overflow: hidden; line-height: 0;\" class=\"mce_SELRES_end\">\ufeff<\/span><\/p>\n","protected":false},"excerpt":{"rendered":"<p>Ruban polypropyl\u00e8ne arm\u00e9 fil \u00e0 fil, enduit d\u2019une masse adh\u00e9sive en r\u00e9sine de caoutchouc synth\u00e9tique sans solvant transparent.<br \/>\nCe ruban arm\u00e9 est id\u00e9al pour la fermeture de caisses carton destin\u00e9es \u00e0 l\u2019export, le maintien de charges sur palettes, la s\u00e9curisation des composants pendant le transport, le cerclage des gaines de V.R.D., la fixation m\u00e9canique de coquilles isolantes et pour l\u2019assemblage, le fardelage et le bottelage de pi\u00e8ces.<\/p>\n","protected":false},"featured_media":2966,"template":"","meta":{"_acf_changed":false},"product_brand":[],"product_cat":[343,503,532],"product_tag":[329,333,331],"class_list":{"0":"post-5523","1":"product","2":"type-product","3":"status-publish","4":"has-post-thumbnail","6":"product_cat-packaging-and-strapping-tape","7":"product_cat-stock-disponsible","8":"product_cat-stockatf-de-fr","9":"product_tag-building-fr","10":"product_tag-hevac-fr","11":"product_tag-industrial-consumables-fr","13":"first","14":"instock","15":"shipping-taxable","16":"product-type-simple"},"acf":[],"yoast_head":"<!-- This site is optimized with the Yoast SEO plugin v27.6 - https:\/\/yoast.com\/product\/yoast-seo-wordpress\/ -->\n<title>AT0412 Mono Filament Reinforced Strapping Tape - Advance Tapes<\/title>\n<meta name=\"robots\" content=\"index, follow, max-snippet:-1, max-image-preview:large, max-video-preview:-1\" \/>\n<link rel=\"canonical\" href=\"https:\/\/advancetapes.com\/fr\/products\/at412-mono-filament-reinforced-strapping-tape\/\" \/>\n<meta property=\"og:locale\" content=\"fr_FR\" \/>\n<meta property=\"og:type\" content=\"article\" \/>\n<meta property=\"og:title\" content=\"AT0412 Mono Filament Reinforced Strapping Tape - Advance Tapes\" \/>\n<meta property=\"og:description\" content=\"Ruban polypropyl\u00e8ne arm\u00e9 fil \u00e0 fil, enduit d\u2019une masse adh\u00e9sive en r\u00e9sine de caoutchouc synth\u00e9tique sans solvant transparent. Ce ruban arm\u00e9 est id\u00e9al pour la fermeture de caisses carton destin\u00e9es \u00e0 l\u2019export, le maintien de charges sur palettes, la s\u00e9curisation des composants pendant le transport, le cerclage des gaines de V.R.D., la fixation m\u00e9canique de coquilles isolantes et pour l\u2019assemblage, le fardelage et le bottelage de pi\u00e8ces.\" \/>\n<meta property=\"og:url\" content=\"https:\/\/advancetapes.com\/fr\/products\/at412-mono-filament-reinforced-strapping-tape\/\" \/>\n<meta property=\"og:site_name\" content=\"Advance Tapes\" \/>\n<meta property=\"article:modified_time\" content=\"2025-04-02T08:56:47+00:00\" \/>\n<meta property=\"og:image\" content=\"https:\/\/advancetapes.com\/wp-content\/uploads\/2021\/01\/Advance-Tapes_AT0412_White.jpg\" \/>\n\t<meta property=\"og:image:width\" content=\"600\" \/>\n\t<meta property=\"og:image:height\" content=\"600\" \/>\n\t<meta property=\"og:image:type\" content=\"image\/jpeg\" \/>\n<meta name=\"twitter:card\" content=\"summary_large_image\" \/>\n<meta name=\"twitter:label1\" content=\"Est. reading time\" \/>\n\t<meta name=\"twitter:data1\" content=\"1 minute\" \/>\n<!-- \/ Yoast SEO plugin. -->","yoast_head_json":{"title":"AT0412 Mono Filament Reinforced Strapping Tape - Advance Tapes","robots":{"index":"index","follow":"follow","max-snippet":"max-snippet:-1","max-image-preview":"max-image-preview:large","max-video-preview":"max-video-preview:-1"},"canonical":"https:\/\/advancetapes.com\/fr\/products\/at412-mono-filament-reinforced-strapping-tape\/","og_locale":"fr_FR","og_type":"article","og_title":"AT0412 Mono Filament Reinforced Strapping Tape - Advance Tapes","og_description":"Ruban polypropyl\u00e8ne arm\u00e9 fil \u00e0 fil, enduit d\u2019une masse adh\u00e9sive en r\u00e9sine de caoutchouc synth\u00e9tique sans solvant transparent. Ce ruban arm\u00e9 est id\u00e9al pour la fermeture de caisses carton destin\u00e9es \u00e0 l\u2019export, le maintien de charges sur palettes, la s\u00e9curisation des composants pendant le transport, le cerclage des gaines de V.R.D., la fixation m\u00e9canique de coquilles isolantes et pour l\u2019assemblage, le fardelage et le bottelage de pi\u00e8ces.","og_url":"https:\/\/advancetapes.com\/fr\/products\/at412-mono-filament-reinforced-strapping-tape\/","og_site_name":"Advance Tapes","article_modified_time":"2025-04-02T08:56:47+00:00","og_image":[{"width":600,"height":600,"url":"https:\/\/advancetapes.com\/wp-content\/uploads\/2021\/01\/Advance-Tapes_AT0412_White.jpg","type":"image\/jpeg"}],"twitter_card":"summary_large_image","twitter_misc":{"Est. reading time":"1 minute"},"schema":{"@context":"https:\/\/schema.org","@graph":[{"@type":"WebPage","@id":"https:\/\/advancetapes.com\/fr\/products\/at412-mono-filament-reinforced-strapping-tape\/","url":"https:\/\/advancetapes.com\/fr\/products\/at412-mono-filament-reinforced-strapping-tape\/","name":"AT0412 Mono Filament Reinforced Strapping Tape - Advance Tapes","isPartOf":{"@id":"https:\/\/advancetapes.com\/fr\/#website"},"primaryImageOfPage":{"@id":"https:\/\/advancetapes.com\/fr\/products\/at412-mono-filament-reinforced-strapping-tape\/#primaryimage"},"image":{"@id":"https:\/\/advancetapes.com\/fr\/products\/at412-mono-filament-reinforced-strapping-tape\/#primaryimage"},"thumbnailUrl":"https:\/\/advancetapes.com\/wp-content\/uploads\/2021\/01\/Advance-Tapes_AT0412_White.jpg","datePublished":"2021-01-03T00:49:16+00:00","dateModified":"2025-04-02T08:56:47+00:00","breadcrumb":{"@id":"https:\/\/advancetapes.com\/fr\/products\/at412-mono-filament-reinforced-strapping-tape\/#breadcrumb"},"inLanguage":"fr-FR","potentialAction":[{"@type":"ReadAction","target":["https:\/\/advancetapes.com\/fr\/products\/at412-mono-filament-reinforced-strapping-tape\/"]}]},{"@type":"ImageObject","inLanguage":"fr-FR","@id":"https:\/\/advancetapes.com\/fr\/products\/at412-mono-filament-reinforced-strapping-tape\/#primaryimage","url":"https:\/\/advancetapes.com\/wp-content\/uploads\/2021\/01\/Advance-Tapes_AT0412_White.jpg","contentUrl":"https:\/\/advancetapes.com\/wp-content\/uploads\/2021\/01\/Advance-Tapes_AT0412_White.jpg","width":600,"height":600},{"@type":"BreadcrumbList","@id":"https:\/\/advancetapes.com\/fr\/products\/at412-mono-filament-reinforced-strapping-tape\/#breadcrumb","itemListElement":[{"@type":"ListItem","position":1,"name":"Home","item":"https:\/\/advancetapes.com\/fr\/"},{"@type":"ListItem","position":2,"name":"Products","item":"https:\/\/advancetapes.com\/fr\/products\/"},{"@type":"ListItem","position":3,"name":"AT0412 Mono Filament Reinforced Strapping Tape"}]},{"@type":"WebSite","@id":"https:\/\/advancetapes.com\/fr\/#website","url":"https:\/\/advancetapes.com\/fr\/","name":"Advance Tapes","description":"Adding more to adhesive tape","potentialAction":[{"@type":"SearchAction","target":{"@type":"EntryPoint","urlTemplate":"https:\/\/advancetapes.com\/fr\/?s={search_term_string}"},"query-input":{"@type":"PropertyValueSpecification","valueRequired":true,"valueName":"search_term_string"}}],"inLanguage":"fr-FR"}]}},"_links":{"self":[{"href":"https:\/\/advancetapes.com\/fr\/wp-json\/wp\/v2\/product\/5523","targetHints":{"allow":["GET"]}}],"collection":[{"href":"https:\/\/advancetapes.com\/fr\/wp-json\/wp\/v2\/product"}],"about":[{"href":"https:\/\/advancetapes.com\/fr\/wp-json\/wp\/v2\/types\/product"}],"wp:featuredmedia":[{"embeddable":true,"href":"https:\/\/advancetapes.com\/fr\/wp-json\/wp\/v2\/media\/2966"}],"wp:attachment":[{"href":"https:\/\/advancetapes.com\/fr\/wp-json\/wp\/v2\/media?parent=5523"}],"wp:term":[{"taxonomy":"product_brand","embeddable":true,"href":"https:\/\/advancetapes.com\/fr\/wp-json\/wp\/v2\/product_brand?post=5523"},{"taxonomy":"product_cat","embeddable":true,"href":"https:\/\/advancetapes.com\/fr\/wp-json\/wp\/v2\/product_cat?post=5523"},{"taxonomy":"product_tag","embeddable":true,"href":"https:\/\/advancetapes.com\/fr\/wp-json\/wp\/v2\/product_tag?post=5523"}],"curies":[{"name":"wp","href":"https:\/\/api.w.org\/{rel}","templated":true}]}}