{"id":5520,"date":"2021-01-03T00:45:57","date_gmt":"2021-01-03T00:45:57","guid":{"rendered":"https:\/\/advancetapes.com\/products\/at87-ruban-polyisobuthylene-application-auto-amalgamant\/"},"modified":"2021-04-12T21:07:36","modified_gmt":"2021-04-12T21:07:36","slug":"at87-ruban-polyisobuthylene-application-auto-amalgamant","status":"publish","type":"product","link":"https:\/\/advancetapes.com\/fr\/products\/at87-ruban-polyisobuthylene-application-auto-amalgamant\/","title":{"rendered":"AT87 Ruban Polyisobuthyl\u00e8ne Application Auto Amalgamant"},"content":{"rendered":"<div  class='tabcontainer av-kjftr0sh-5cbeaf8b0626cf654d5dd98b301fff40 top_tab  avia-builder-el-0  avia-builder-el-no-sibling '>\n<section class='av_tab_section av_tab_section av-114fvm-0f02bbbb67e6beebabb3b09d9e194d5d'  itemscope=\"itemscope\" itemtype=\"https:\/\/schema.org\/CreativeWork\" ><div id='tab-id-1-tab' class='tab active_tab' role='tab' aria-selected=\"true\" tabindex=\"0\" data-fake-id='#tab-id-1' aria-controls='tab-id-1-content'  itemprop=\"headline\" >Fonctionnalit\u00e9s<\/div><div id='tab-id-1-content' class='tab_content active_tab_content' role='tabpanel' aria-labelledby='tab-id-1-tab' aria-hidden=\"false\"><div class='tab_inner_content invers-color'  itemprop=\"text\" ><ul>\n<li>D\u00e9roulement facile<\/li>\n<li>Tr\u00e8s conformable<\/li>\n<li>Bonne r\u00e9sistance aux temp\u00e9ratures basses et \u00e9lev\u00e9es<\/li>\n<li>R\u00e9sistant \u00e0 l&#8217;eau in situ et aux U.V.<\/li>\n<li>(English) Resistant to Ozone<\/li>\n<li>(English) Resistant to chemicals; including alkalis, hydraulic fluids and vegetable oils<\/li>\n<\/ul>\n<\/div><\/div><\/section>\n<section class='av_tab_section av_tab_section av-vvi6i-2bd793ea26f9f89aa59184c75c8dcb70'  itemscope=\"itemscope\" itemtype=\"https:\/\/schema.org\/CreativeWork\" ><div id='tab-id-2-tab' class='tab' role='tab' aria-selected=\"false\" tabindex=\"0\" data-fake-id='#tab-id-2' aria-controls='tab-id-2-content'  itemprop=\"headline\" >Applications<\/div><div id='tab-id-2-content' class='tab_content' role='tabpanel' aria-labelledby='tab-id-2-tab' aria-hidden=\"true\"><div class='tab_inner_content invers-color'  itemprop=\"text\" ><ul>\n<li>Isolation et \u00e9tanch\u00e9it\u00e9 des connexions \u00e9lectriques<\/li>\n<li>Scellage d&#8217;antennes paraboliques<\/li>\n<li>R\u00e9paration temporaire et d&#8217;urgence des joints de plomberie<\/li>\n<li>Protection contre les frottements sur les bateaux<\/li>\n<\/ul>\n<\/div><\/div><\/section>\n<section class='av_tab_section av_tab_section av-qjb76-03a204bb5464e5d6aff3d8f8d34a6c46'  itemscope=\"itemscope\" itemtype=\"https:\/\/schema.org\/CreativeWork\" ><div id='tab-id-3-tab' class='tab' role='tab' aria-selected=\"false\" tabindex=\"0\" data-fake-id='#tab-id-3' aria-controls='tab-id-3-content'  itemprop=\"headline\" >Technical<\/div><div id='tab-id-3-content' class='tab_content' role='tabpanel' aria-labelledby='tab-id-3-tab' aria-hidden=\"true\"><div class='tab_inner_content invers-color'  itemprop=\"text\" ><table cellspacing=\"0\" cellpadding=\"0\">\n<tbody>\n<tr>\n<td><strong>Type de Produit<\/strong><\/td>\n<td>Polyisobutylene<\/td>\n<\/tr>\n<tr>\n<td><strong>\u00c9paisseur<\/strong><\/td>\n<td>0.5mm<\/td>\n<\/tr>\n<tr>\n<td><strong>R\u00e9sistance \u00e0 la rupture<\/strong><\/td>\n<td>20 N\/cm<\/td>\n<\/tr>\n<tr>\n<td><strong>Allongement<\/strong><\/td>\n<td>600%<\/td>\n<\/tr>\n<tr>\n<td><strong>Tenue en temp\u00e9rature<\/strong><\/td>\n<td>-30\u00b0C to +100\u00b0C<\/td>\n<\/tr>\n<tr>\n<td><strong>Breakdown Voltage<\/strong><\/td>\n<td>17 kV\/mm<\/td>\n<\/tr>\n<tr>\n<td><strong>Conformit\u00e9 RoHS<\/strong><\/td>\n<td>Oui<\/td>\n<\/tr>\n<\/tbody>\n<\/table>\n<\/div><\/div><\/section>\n<section class='av_tab_section av_tab_section av-piqt-c78631c4603ff59fef417d06594d5e20'  itemscope=\"itemscope\" itemtype=\"https:\/\/schema.org\/CreativeWork\" ><div id='tab-id-4-tab' class='tab' role='tab' aria-selected=\"false\" tabindex=\"0\" data-fake-id='#tab-id-4' aria-controls='tab-id-4-content'  itemprop=\"headline\" >Colours<\/div><div id='tab-id-4-content' class='tab_content' role='tabpanel' aria-labelledby='tab-id-4-tab' aria-hidden=\"true\"><div class='tab_inner_content invers-color'  itemprop=\"text\" ><\/div><\/div><\/section>\n<\/div>\n","protected":false},"excerpt":{"rendered":"<p>AT87 is a black, non-adhesive, polyisobutylene (PIB) based tape with strong elastic qualities backed by a thin film that can be stripped off cleanly and easily. A self amalgamating tape that acts as an excellent watertight seal. Ideal for marine use, protecting fittings against salt corrosion and rope chafing. Also suitable for insulating and waterproofing of electrical connections, sealing satellite dish cabling, temporary and emergency repair of plumbing joints and water pipes. AT87 is is ideally suited to adverse weather conditions and temperature extremes for very long periods. With excellent UV, water and ozone resistance, the tape will not rust, stain or corrode during application. Plus, it is resistant to a wide range of chemicals including, alkalis, hydraulic fluids and vegetable oils. AT87 offers a sustainable and reliable performance even in extreme temperature conditions (from -30\u00b0C to +100\u00b0C) and can be easily applied to smooth and difficult surfaces.<\/p>\n","protected":false},"featured_media":2964,"template":"","meta":{"_acf_changed":false},"product_brand":[],"product_cat":[342],"product_tag":[329,330,333,331],"class_list":{"0":"post-5520","1":"product","2":"type-product","3":"status-publish","4":"has-post-thumbnail","6":"product_cat-self-amalgamating-rubber-tape","7":"product_tag-building-fr","8":"product_tag-entertainment-fr","9":"product_tag-hevac-fr","10":"product_tag-industrial-consumables-fr","12":"first","13":"instock","14":"shipping-taxable","15":"product-type-simple"},"acf":[],"yoast_head":"<!-- This site is optimized with the Yoast SEO plugin v27.4 - https:\/\/yoast.com\/product\/yoast-seo-wordpress\/ -->\n<title>AT87 Ruban Polyisobuthyl\u00e8ne Application Auto Amalgamant - Advance Tapes<\/title>\n<meta name=\"robots\" content=\"index, follow, max-snippet:-1, max-image-preview:large, max-video-preview:-1\" \/>\n<link rel=\"canonical\" href=\"https:\/\/advancetapes.com\/fr\/products\/at87-ruban-polyisobuthylene-application-auto-amalgamant\/\" \/>\n<meta property=\"og:locale\" content=\"fr_FR\" \/>\n<meta property=\"og:type\" content=\"article\" \/>\n<meta property=\"og:title\" content=\"AT87 Ruban Polyisobuthyl\u00e8ne Application Auto Amalgamant - Advance Tapes\" \/>\n<meta property=\"og:description\" content=\"AT87 is a black, non-adhesive, polyisobutylene (PIB) based tape with strong elastic qualities backed by a thin film that can be stripped off cleanly and easily. A self amalgamating tape that acts as an excellent watertight seal. Ideal for marine use, protecting fittings against salt corrosion and rope chafing. Also suitable for insulating and waterproofing of electrical connections, sealing satellite dish cabling, temporary and emergency repair of plumbing joints and water pipes. AT87 is is ideally suited to adverse weather conditions and temperature extremes for very long periods. With excellent UV, water and ozone resistance, the tape will not rust, stain or corrode during application. Plus, it is resistant to a wide range of chemicals including, alkalis, hydraulic fluids and vegetable oils. AT87 offers a sustainable and reliable performance even in extreme temperature conditions (from -30\u00b0C to +100\u00b0C) and can be easily applied to smooth and difficult surfaces.\" \/>\n<meta property=\"og:url\" content=\"https:\/\/advancetapes.com\/fr\/products\/at87-ruban-polyisobuthylene-application-auto-amalgamant\/\" \/>\n<meta property=\"og:site_name\" content=\"Advance Tapes\" \/>\n<meta property=\"article:modified_time\" content=\"2021-04-12T21:07:36+00:00\" \/>\n<meta property=\"og:image\" content=\"https:\/\/advancetapes.com\/wp-content\/uploads\/2021\/01\/Advance-Tapes_AT0087_Black.jpg\" \/>\n\t<meta property=\"og:image:width\" content=\"600\" \/>\n\t<meta property=\"og:image:height\" content=\"600\" \/>\n\t<meta property=\"og:image:type\" content=\"image\/jpeg\" \/>\n<meta name=\"twitter:card\" content=\"summary_large_image\" \/>\n<meta name=\"twitter:label1\" content=\"Est. reading time\" \/>\n\t<meta name=\"twitter:data1\" content=\"1 minute\" \/>\n<!-- \/ Yoast SEO plugin. -->","yoast_head_json":{"title":"AT87 Ruban Polyisobuthyl\u00e8ne Application Auto Amalgamant - Advance Tapes","robots":{"index":"index","follow":"follow","max-snippet":"max-snippet:-1","max-image-preview":"max-image-preview:large","max-video-preview":"max-video-preview:-1"},"canonical":"https:\/\/advancetapes.com\/fr\/products\/at87-ruban-polyisobuthylene-application-auto-amalgamant\/","og_locale":"fr_FR","og_type":"article","og_title":"AT87 Ruban Polyisobuthyl\u00e8ne Application Auto Amalgamant - Advance Tapes","og_description":"AT87 is a black, non-adhesive, polyisobutylene (PIB) based tape with strong elastic qualities backed by a thin film that can be stripped off cleanly and easily. A self amalgamating tape that acts as an excellent watertight seal. Ideal for marine use, protecting fittings against salt corrosion and rope chafing. Also suitable for insulating and waterproofing of electrical connections, sealing satellite dish cabling, temporary and emergency repair of plumbing joints and water pipes. AT87 is is ideally suited to adverse weather conditions and temperature extremes for very long periods. With excellent UV, water and ozone resistance, the tape will not rust, stain or corrode during application. Plus, it is resistant to a wide range of chemicals including, alkalis, hydraulic fluids and vegetable oils. AT87 offers a sustainable and reliable performance even in extreme temperature conditions (from -30\u00b0C to +100\u00b0C) and can be easily applied to smooth and difficult surfaces.","og_url":"https:\/\/advancetapes.com\/fr\/products\/at87-ruban-polyisobuthylene-application-auto-amalgamant\/","og_site_name":"Advance Tapes","article_modified_time":"2021-04-12T21:07:36+00:00","og_image":[{"width":600,"height":600,"url":"https:\/\/advancetapes.com\/wp-content\/uploads\/2021\/01\/Advance-Tapes_AT0087_Black.jpg","type":"image\/jpeg"}],"twitter_card":"summary_large_image","twitter_misc":{"Est. reading time":"1 minute"},"schema":{"@context":"https:\/\/schema.org","@graph":[{"@type":"WebPage","@id":"https:\/\/advancetapes.com\/fr\/products\/at87-ruban-polyisobuthylene-application-auto-amalgamant\/","url":"https:\/\/advancetapes.com\/fr\/products\/at87-ruban-polyisobuthylene-application-auto-amalgamant\/","name":"AT87 Ruban Polyisobuthyl\u00e8ne Application Auto Amalgamant - Advance Tapes","isPartOf":{"@id":"https:\/\/advancetapes.com\/fr\/#website"},"primaryImageOfPage":{"@id":"https:\/\/advancetapes.com\/fr\/products\/at87-ruban-polyisobuthylene-application-auto-amalgamant\/#primaryimage"},"image":{"@id":"https:\/\/advancetapes.com\/fr\/products\/at87-ruban-polyisobuthylene-application-auto-amalgamant\/#primaryimage"},"thumbnailUrl":"https:\/\/advancetapes.com\/wp-content\/uploads\/2021\/01\/Advance-Tapes_AT0087_Black.jpg","datePublished":"2021-01-03T00:45:57+00:00","dateModified":"2021-04-12T21:07:36+00:00","breadcrumb":{"@id":"https:\/\/advancetapes.com\/fr\/products\/at87-ruban-polyisobuthylene-application-auto-amalgamant\/#breadcrumb"},"inLanguage":"fr-FR","potentialAction":[{"@type":"ReadAction","target":["https:\/\/advancetapes.com\/fr\/products\/at87-ruban-polyisobuthylene-application-auto-amalgamant\/"]}]},{"@type":"ImageObject","inLanguage":"fr-FR","@id":"https:\/\/advancetapes.com\/fr\/products\/at87-ruban-polyisobuthylene-application-auto-amalgamant\/#primaryimage","url":"https:\/\/advancetapes.com\/wp-content\/uploads\/2021\/01\/Advance-Tapes_AT0087_Black.jpg","contentUrl":"https:\/\/advancetapes.com\/wp-content\/uploads\/2021\/01\/Advance-Tapes_AT0087_Black.jpg","width":600,"height":600},{"@type":"BreadcrumbList","@id":"https:\/\/advancetapes.com\/fr\/products\/at87-ruban-polyisobuthylene-application-auto-amalgamant\/#breadcrumb","itemListElement":[{"@type":"ListItem","position":1,"name":"Home","item":"https:\/\/advancetapes.com\/fr\/"},{"@type":"ListItem","position":2,"name":"Products","item":"https:\/\/advancetapes.com\/fr\/products\/"},{"@type":"ListItem","position":3,"name":"AT87 Ruban Polyisobuthyl\u00e8ne Application Auto Amalgamant"}]},{"@type":"WebSite","@id":"https:\/\/advancetapes.com\/fr\/#website","url":"https:\/\/advancetapes.com\/fr\/","name":"Advance Tapes","description":"Adding more to adhesive tape","potentialAction":[{"@type":"SearchAction","target":{"@type":"EntryPoint","urlTemplate":"https:\/\/advancetapes.com\/fr\/?s={search_term_string}"},"query-input":{"@type":"PropertyValueSpecification","valueRequired":true,"valueName":"search_term_string"}}],"inLanguage":"fr-FR"}]}},"_links":{"self":[{"href":"https:\/\/advancetapes.com\/fr\/wp-json\/wp\/v2\/product\/5520","targetHints":{"allow":["GET"]}}],"collection":[{"href":"https:\/\/advancetapes.com\/fr\/wp-json\/wp\/v2\/product"}],"about":[{"href":"https:\/\/advancetapes.com\/fr\/wp-json\/wp\/v2\/types\/product"}],"wp:featuredmedia":[{"embeddable":true,"href":"https:\/\/advancetapes.com\/fr\/wp-json\/wp\/v2\/media\/2964"}],"wp:attachment":[{"href":"https:\/\/advancetapes.com\/fr\/wp-json\/wp\/v2\/media?parent=5520"}],"wp:term":[{"taxonomy":"product_brand","embeddable":true,"href":"https:\/\/advancetapes.com\/fr\/wp-json\/wp\/v2\/product_brand?post=5520"},{"taxonomy":"product_cat","embeddable":true,"href":"https:\/\/advancetapes.com\/fr\/wp-json\/wp\/v2\/product_cat?post=5520"},{"taxonomy":"product_tag","embeddable":true,"href":"https:\/\/advancetapes.com\/fr\/wp-json\/wp\/v2\/product_tag?post=5520"}],"curies":[{"name":"wp","href":"https:\/\/api.w.org\/{rel}","templated":true}]}}