{"id":5516,"date":"2021-01-03T00:38:27","date_gmt":"2021-01-03T00:38:27","guid":{"rendered":"https:\/\/advancetapes.com\/products\/at6301-ruban-papier-masquage-80c\/"},"modified":"2025-09-25T11:05:19","modified_gmt":"2025-09-25T11:05:19","slug":"at6301-ruban-papier-masquage-80c","status":"publish","type":"product","link":"https:\/\/advancetapes.com\/fr\/products\/at6301-ruban-papier-masquage-80c\/","title":{"rendered":"AT6301 Ruban Papier Masquage 80\u00b0C"},"content":{"rendered":"<div  class='tabcontainer av-kjftr0sh-5cbeaf8b0626cf654d5dd98b301fff40 top_tab  avia-builder-el-0  avia-builder-el-no-sibling '>\n<section class='av_tab_section av_tab_section av-13iuze-504682c4408d3c741c775155ee3c98c9'  itemscope=\"itemscope\" itemtype=\"https:\/\/schema.org\/CreativeWork\" ><div id='tab-id-1-tab' class='tab active_tab' role='tab' aria-selected=\"true\" tabindex=\"0\" data-fake-id='#tab-id-1' aria-controls='tab-id-1-content'  itemprop=\"headline\" >Fonctionnalit\u00e9s<\/div><div id='tab-id-1-content' class='tab_content active_tab_content' role='tabpanel' aria-labelledby='tab-id-1-tab' aria-hidden=\"false\"><div class='tab_inner_content invers-color'  itemprop=\"text\" ><ul>\n<li>Bonne r\u00e9sistance aux temp\u00e9ratures \u00e9lev\u00e9es<\/li>\n<li>D\u00e9roulement et d\u00e9coupage facile<\/li>\n<li>Repositionnable<\/li>\n<li>Faible pouvoir adh\u00e9sif imm\u00e9diat (Tack)<\/li>\n<li>Conformable aux formes irr\u00e9guli\u00e8res<\/li>\n<li>Sans transfert de colle jusqu&#8217;\u00e0 12 heures<\/li>\n<\/ul>\n<\/div><\/div><\/section>\n<section class='av_tab_section av_tab_section av-ujphu-53b203dd2d2af53c34b7ddadf7861da7'  itemscope=\"itemscope\" itemtype=\"https:\/\/schema.org\/CreativeWork\" ><div id='tab-id-2-tab' class='tab' role='tab' aria-selected=\"false\" tabindex=\"0\" data-fake-id='#tab-id-2' aria-controls='tab-id-2-content'  itemprop=\"headline\" >Applications<\/div><div id='tab-id-2-content' class='tab_content' role='tabpanel' aria-labelledby='tab-id-2-tab' aria-hidden=\"true\"><div class='tab_inner_content invers-color'  itemprop=\"text\" ><ul>\n<li>Masquage pendant la d\u00e9coration, le forage ou la pulv\u00e9risation<\/li>\n<li>Regroupement temporaire<\/li>\n<\/ul>\n<\/div><\/div><\/section>\n<section class='av_tab_section av_tab_section av-2v13e-afccda8d230849b0241d8c3acc09b7f3'  itemscope=\"itemscope\" itemtype=\"https:\/\/schema.org\/CreativeWork\" ><div id='tab-id-3-tab' class='tab' role='tab' aria-selected=\"false\" tabindex=\"0\" data-fake-id='#tab-id-3' aria-controls='tab-id-3-content'  itemprop=\"headline\" >Technical<\/div><div id='tab-id-3-content' class='tab_content' role='tabpanel' aria-labelledby='tab-id-3-tab' aria-hidden=\"true\"><div class='tab_inner_content invers-color'  itemprop=\"text\" ><table cellspacing=\"0\" cellpadding=\"0\">\n<tbody>\n<tr>\n<td><strong>Type de Produit<\/strong><\/td>\n<td>Papier de Masquage<\/td>\n<\/tr>\n<tr>\n<td><strong>Type d&#8217;Adh\u00e9sif<\/strong><\/td>\n<td>Masse adh\u00e9sive acrylique \u00e0 base de<\/td>\n<\/tr>\n<tr>\n<td><strong>\u00c9paisseur<\/strong><\/td>\n<td>0.12mm<\/td>\n<\/tr>\n<tr>\n<td><strong>R\u00e9sistance \u00e0 la rupture<\/strong><\/td>\n<td>30 N\/cm<\/td>\n<\/tr>\n<tr>\n<td><strong>Allongement<\/strong><\/td>\n<td>9%<\/td>\n<\/tr>\n<tr>\n<td><strong>Adh\u00e9sion sur acier<\/strong><\/td>\n<td>2.6 N\/cm<\/td>\n<\/tr>\n<tr>\n<td><strong>Tenue en temp\u00e9rature<\/strong><\/td>\n<td>0\u00b0C to +80\u00b0C<\/td>\n<\/tr>\n<tr>\n<td><strong>Conformit\u00e9 RoHS<\/strong><\/td>\n<td>Oui<\/td>\n<\/tr>\n<\/tbody>\n<\/table>\n<\/div><\/div><\/section>\n<section class='av_tab_section av_tab_section av-piqt-c78631c4603ff59fef417d06594d5e20'  itemscope=\"itemscope\" itemtype=\"https:\/\/schema.org\/CreativeWork\" ><div id='tab-id-4-tab' class='tab' role='tab' aria-selected=\"false\" tabindex=\"0\" data-fake-id='#tab-id-4' aria-controls='tab-id-4-content'  itemprop=\"headline\" >Colours<\/div><div id='tab-id-4-content' class='tab_content' role='tabpanel' aria-labelledby='tab-id-4-tab' aria-hidden=\"true\"><div class='tab_inner_content invers-color'  itemprop=\"text\" ><\/div><\/div><\/section>\n<\/div>\n","protected":false},"excerpt":{"rendered":"<p><strong>Sans transfert de colle sur la plupart des surfaces jusqu&#8217;\u00e0 12 heures<\/strong><\/p>\n<p>&nbsp;<\/p>\n<div class=\"first_para_desc\">\n<p>AT6301 is a lightly creped paper\u00a0<a href=\"https:\/\/www.advancetapes.com\/products\/at6301\/\">masking tape<\/a>\u00a0coated with a solvent based rubber resin adhesive.<\/p>\n<\/div>\n<div class=\"rest_of_desc\">\n<p>The properties of the tape make it ideal to use where temporary application is needed. AT6301 can be easily removed and repositioned and will clean peel from most surfaces up to twelve hours after application*.<\/p>\n<p>AT6301\u00a0offers high\u00a0performance when exposed to hot climates (up to +80\u00b0C).<\/p>\n<p><em>* We would always recommend that users should satisfy themselves that the product is suitable for a particular application prior to use.<\/em><\/p>\n<\/div>\n","protected":false},"featured_media":2946,"template":"","meta":{"_acf_changed":false},"product_brand":[],"product_cat":[530,373,340],"product_tag":[328,329,330,331,334],"class_list":{"0":"post-5516","1":"product","2":"type-product","3":"status-publish","4":"has-post-thumbnail","6":"product_cat-agriculture-fr","7":"product_cat-entertainment-fr","8":"product_cat-paper-masking-tape","9":"product_tag-agriculture-fr","10":"product_tag-building-fr","11":"product_tag-entertainment-fr","12":"product_tag-industrial-consumables-fr","13":"product_tag-nuclear-fr","15":"first","16":"instock","17":"shipping-taxable","18":"product-type-simple"},"acf":[],"yoast_head":"<!-- This site is optimized with the Yoast SEO plugin v27.4 - https:\/\/yoast.com\/product\/yoast-seo-wordpress\/ -->\n<title>AT6301 Ruban Papier Masquage 80\u00b0C - Advance Tapes<\/title>\n<meta name=\"robots\" content=\"index, follow, max-snippet:-1, max-image-preview:large, max-video-preview:-1\" \/>\n<link rel=\"canonical\" href=\"https:\/\/advancetapes.com\/fr\/products\/at6301-ruban-papier-masquage-80c\/\" \/>\n<meta property=\"og:locale\" content=\"fr_FR\" \/>\n<meta property=\"og:type\" content=\"article\" \/>\n<meta property=\"og:title\" content=\"AT6301 Ruban Papier Masquage 80\u00b0C - Advance Tapes\" \/>\n<meta property=\"og:description\" content=\"Sans transfert de colle sur la plupart des surfaces jusqu&#039;\u00e0 12 heures  &nbsp;   AT6301 is a lightly creped paper\u00a0masking tape\u00a0coated with a solvent based rubber resin adhesive.     The properties of the tape make it ideal to use where temporary application is needed. AT6301 can be easily removed and repositioned and will clean peel from most surfaces up to twelve hours after application*.  AT6301\u00a0offers high\u00a0performance when exposed to hot climates (up to +80\u00b0C).  * We would always recommend that users should satisfy themselves that the product is suitable for a particular application prior to use.\" \/>\n<meta property=\"og:url\" content=\"https:\/\/advancetapes.com\/fr\/products\/at6301-ruban-papier-masquage-80c\/\" \/>\n<meta property=\"og:site_name\" content=\"Advance Tapes\" \/>\n<meta property=\"article:modified_time\" content=\"2025-09-25T11:05:19+00:00\" \/>\n<meta property=\"og:image\" content=\"https:\/\/advancetapes.com\/wp-content\/uploads\/2021\/01\/Advance-Tapes_AT6301_White.jpg\" \/>\n\t<meta property=\"og:image:width\" content=\"600\" \/>\n\t<meta property=\"og:image:height\" content=\"600\" \/>\n\t<meta property=\"og:image:type\" content=\"image\/jpeg\" \/>\n<meta name=\"twitter:card\" content=\"summary_large_image\" \/>\n<meta name=\"twitter:label1\" content=\"Est. reading time\" \/>\n\t<meta name=\"twitter:data1\" content=\"1 minute\" \/>\n<!-- \/ Yoast SEO plugin. -->","yoast_head_json":{"title":"AT6301 Ruban Papier Masquage 80\u00b0C - Advance Tapes","robots":{"index":"index","follow":"follow","max-snippet":"max-snippet:-1","max-image-preview":"max-image-preview:large","max-video-preview":"max-video-preview:-1"},"canonical":"https:\/\/advancetapes.com\/fr\/products\/at6301-ruban-papier-masquage-80c\/","og_locale":"fr_FR","og_type":"article","og_title":"AT6301 Ruban Papier Masquage 80\u00b0C - Advance Tapes","og_description":"Sans transfert de colle sur la plupart des surfaces jusqu'\u00e0 12 heures  &nbsp;   AT6301 is a lightly creped paper\u00a0masking tape\u00a0coated with a solvent based rubber resin adhesive.     The properties of the tape make it ideal to use where temporary application is needed. AT6301 can be easily removed and repositioned and will clean peel from most surfaces up to twelve hours after application*.  AT6301\u00a0offers high\u00a0performance when exposed to hot climates (up to +80\u00b0C).  * We would always recommend that users should satisfy themselves that the product is suitable for a particular application prior to use.","og_url":"https:\/\/advancetapes.com\/fr\/products\/at6301-ruban-papier-masquage-80c\/","og_site_name":"Advance Tapes","article_modified_time":"2025-09-25T11:05:19+00:00","og_image":[{"width":600,"height":600,"url":"https:\/\/advancetapes.com\/wp-content\/uploads\/2021\/01\/Advance-Tapes_AT6301_White.jpg","type":"image\/jpeg"}],"twitter_card":"summary_large_image","twitter_misc":{"Est. reading time":"1 minute"},"schema":{"@context":"https:\/\/schema.org","@graph":[{"@type":"WebPage","@id":"https:\/\/advancetapes.com\/fr\/products\/at6301-ruban-papier-masquage-80c\/","url":"https:\/\/advancetapes.com\/fr\/products\/at6301-ruban-papier-masquage-80c\/","name":"AT6301 Ruban Papier Masquage 80\u00b0C - Advance Tapes","isPartOf":{"@id":"https:\/\/advancetapes.com\/fr\/#website"},"primaryImageOfPage":{"@id":"https:\/\/advancetapes.com\/fr\/products\/at6301-ruban-papier-masquage-80c\/#primaryimage"},"image":{"@id":"https:\/\/advancetapes.com\/fr\/products\/at6301-ruban-papier-masquage-80c\/#primaryimage"},"thumbnailUrl":"https:\/\/advancetapes.com\/wp-content\/uploads\/2021\/01\/Advance-Tapes_AT6301_White.jpg","datePublished":"2021-01-03T00:38:27+00:00","dateModified":"2025-09-25T11:05:19+00:00","breadcrumb":{"@id":"https:\/\/advancetapes.com\/fr\/products\/at6301-ruban-papier-masquage-80c\/#breadcrumb"},"inLanguage":"fr-FR","potentialAction":[{"@type":"ReadAction","target":["https:\/\/advancetapes.com\/fr\/products\/at6301-ruban-papier-masquage-80c\/"]}]},{"@type":"ImageObject","inLanguage":"fr-FR","@id":"https:\/\/advancetapes.com\/fr\/products\/at6301-ruban-papier-masquage-80c\/#primaryimage","url":"https:\/\/advancetapes.com\/wp-content\/uploads\/2021\/01\/Advance-Tapes_AT6301_White.jpg","contentUrl":"https:\/\/advancetapes.com\/wp-content\/uploads\/2021\/01\/Advance-Tapes_AT6301_White.jpg","width":600,"height":600},{"@type":"BreadcrumbList","@id":"https:\/\/advancetapes.com\/fr\/products\/at6301-ruban-papier-masquage-80c\/#breadcrumb","itemListElement":[{"@type":"ListItem","position":1,"name":"Home","item":"https:\/\/advancetapes.com\/fr\/"},{"@type":"ListItem","position":2,"name":"Products","item":"https:\/\/advancetapes.com\/fr\/products\/"},{"@type":"ListItem","position":3,"name":"AT6301 Ruban Papier Masquage 80\u00b0C"}]},{"@type":"WebSite","@id":"https:\/\/advancetapes.com\/fr\/#website","url":"https:\/\/advancetapes.com\/fr\/","name":"Advance Tapes","description":"Adding more to adhesive tape","potentialAction":[{"@type":"SearchAction","target":{"@type":"EntryPoint","urlTemplate":"https:\/\/advancetapes.com\/fr\/?s={search_term_string}"},"query-input":{"@type":"PropertyValueSpecification","valueRequired":true,"valueName":"search_term_string"}}],"inLanguage":"fr-FR"}]}},"_links":{"self":[{"href":"https:\/\/advancetapes.com\/fr\/wp-json\/wp\/v2\/product\/5516","targetHints":{"allow":["GET"]}}],"collection":[{"href":"https:\/\/advancetapes.com\/fr\/wp-json\/wp\/v2\/product"}],"about":[{"href":"https:\/\/advancetapes.com\/fr\/wp-json\/wp\/v2\/types\/product"}],"wp:featuredmedia":[{"embeddable":true,"href":"https:\/\/advancetapes.com\/fr\/wp-json\/wp\/v2\/media\/2946"}],"wp:attachment":[{"href":"https:\/\/advancetapes.com\/fr\/wp-json\/wp\/v2\/media?parent=5516"}],"wp:term":[{"taxonomy":"product_brand","embeddable":true,"href":"https:\/\/advancetapes.com\/fr\/wp-json\/wp\/v2\/product_brand?post=5516"},{"taxonomy":"product_cat","embeddable":true,"href":"https:\/\/advancetapes.com\/fr\/wp-json\/wp\/v2\/product_cat?post=5516"},{"taxonomy":"product_tag","embeddable":true,"href":"https:\/\/advancetapes.com\/fr\/wp-json\/wp\/v2\/product_tag?post=5516"}],"curies":[{"name":"wp","href":"https:\/\/api.w.org\/{rel}","templated":true}]}}