{"id":5514,"date":"2021-01-03T00:34:44","date_gmt":"2021-01-03T00:34:44","guid":{"rendered":"https:\/\/advancetapes.com\/products\/at6300-ruban-papier-masquage-60c\/"},"modified":"2025-04-02T09:10:28","modified_gmt":"2025-04-02T09:10:28","slug":"at6300-ruban-papier-masquage-60c","status":"publish","type":"product","link":"https:\/\/advancetapes.com\/fr\/products\/at6300-ruban-papier-masquage-60c\/","title":{"rendered":"AT6300 Ruban Papier Masquage 60\u00b0C"},"content":{"rendered":"<p><span data-mce-type=\"bookmark\" style=\"display: inline-block; width: 0px; overflow: hidden; line-height: 0;\" class=\"mce_SELRES_start\">\ufeff<\/span><div  class='tabcontainer av-kjftr0sh-5cbeaf8b0626cf654d5dd98b301fff40 top_tab  avia-builder-el-0  avia-builder-el-no-sibling '>\n<section class='av_tab_section av_tab_section av-14ce91-780e367630cb4adb32ffc0acb2fbf8af'  itemscope=\"itemscope\" itemtype=\"https:\/\/schema.org\/CreativeWork\" ><div id='tab-id-1-tab' class='tab active_tab' role='tab' aria-selected=\"true\" tabindex=\"0\" data-fake-id='#tab-id-1' aria-controls='tab-id-1-content'  itemprop=\"headline\" >Fonctionnalit\u00e9s<\/div><div id='tab-id-1-content' class='tab_content active_tab_content' role='tabpanel' aria-labelledby='tab-id-1-tab' aria-hidden=\"false\"><div class='tab_inner_content invers-color'  itemprop=\"text\" ><ul>\n<li>Facile \u00e0 d\u00e9rouler et d\u00e9couper<\/li>\n<li>Conformable aux formes irr\u00e9guli\u00e8res<\/li>\n<li>Faible pouvoir adh\u00e9sif imm\u00e9diat (Tack)<\/li>\n<li>Repositionnable<\/li>\n<li>Sans transfert de colle jusqu&#8217;\u00e0 3 heures<\/li>\n<\/ul>\n<\/div><\/div><\/section>\n<section class='av_tab_section av_tab_section av-cmgl-9468de6bcf5cbebaab66b4b3d4072453'  itemscope=\"itemscope\" itemtype=\"https:\/\/schema.org\/CreativeWork\" ><div id='tab-id-2-tab' class='tab' role='tab' aria-selected=\"false\" tabindex=\"0\" data-fake-id='#tab-id-2' aria-controls='tab-id-2-content'  itemprop=\"headline\" >Applications<\/div><div id='tab-id-2-content' class='tab_content' role='tabpanel' aria-labelledby='tab-id-2-tab' aria-hidden=\"true\"><div class='tab_inner_content invers-color'  itemprop=\"text\" ><ul>\n<li>Masquage pendant la d\u00e9coration, le forage ou la pulv\u00e9risation<\/li>\n<li>Regroupement temporaire<\/li>\n<\/ul>\n<\/div><\/div><\/section>\n<section class='av_tab_section av_tab_section av-p7d3x-42f86582c03fa6e7d8ec161028302920'  itemscope=\"itemscope\" itemtype=\"https:\/\/schema.org\/CreativeWork\" ><div id='tab-id-3-tab' class='tab' role='tab' aria-selected=\"false\" tabindex=\"0\" data-fake-id='#tab-id-3' aria-controls='tab-id-3-content'  itemprop=\"headline\" >Technical<\/div><div id='tab-id-3-content' class='tab_content' role='tabpanel' aria-labelledby='tab-id-3-tab' aria-hidden=\"true\"><div class='tab_inner_content invers-color'  itemprop=\"text\" ><table cellspacing=\"0\" cellpadding=\"0\">\n<tbody>\n<tr>\n<td><strong>Type de Produit<\/strong><\/td>\n<td>Papier de Masquage<\/td>\n<\/tr>\n<tr>\n<td><strong>Type d&#8217;Adh\u00e9sif<\/strong><\/td>\n<td>Masse adh\u00e9sive acrylique \u00e0 base de<\/td>\n<\/tr>\n<tr>\n<td><strong>\u00c9paisseur<\/strong><\/td>\n<td>0.11mm<\/td>\n<\/tr>\n<tr>\n<td><strong>R\u00e9sistance \u00e0 la rupture<\/strong><\/td>\n<td>30 N\/cm<\/td>\n<\/tr>\n<tr>\n<td><strong>Allongement<\/strong><\/td>\n<td>9%<\/td>\n<\/tr>\n<tr>\n<td><strong>Adh\u00e9sion sur acier<\/strong><\/td>\n<td>3.8 N\/cm<\/td>\n<\/tr>\n<tr>\n<td><strong>Tenue en temp\u00e9rature<\/strong><\/td>\n<td>0\u00b0C to +60\u00b0C<\/td>\n<\/tr>\n<tr>\n<td><strong>Conformit\u00e9 RoHS<\/strong><\/td>\n<td>Oui<\/td>\n<\/tr>\n<\/tbody>\n<\/table>\n<\/div><\/div><\/section>\n<section class='av_tab_section av_tab_section av-piqt-48b82d9099e36577dd2c08fe8a3b94f7'  itemscope=\"itemscope\" itemtype=\"https:\/\/schema.org\/CreativeWork\" ><div id='tab-id-4-tab' class='tab' role='tab' aria-selected=\"false\" tabindex=\"0\" data-fake-id='#tab-id-4' aria-controls='tab-id-4-content'  itemprop=\"headline\" >Colours and Sizes<\/div><div id='tab-id-4-content' class='tab_content' role='tabpanel' aria-labelledby='tab-id-4-tab' aria-hidden=\"true\"><div class='tab_inner_content invers-color'  itemprop=\"text\" ><p><span id=\"uxm_tab_pro_color\" class=\"uxm_tab_pro_color\"><\/span><span id=\"uxm_tab_pro_color_2\" class=\"uxm_tab_pro_color\"><\/span><span id=\"uxm_tab_pro_color_3\" class=\"uxm_tab_pro_color\"><\/span><span id=\"uxm_tab_pro_color_4\" class=\"uxm_tab_pro_color\"><\/span><span id=\"uxm_tab_pro_color_5\" class=\"uxm_tab_pro_color\"><\/span><span id=\"uxm_tab_pro_color_6\" class=\"uxm_tab_pro_color\"><\/span><span id=\"uxm_tab_pro_color_7\" class=\"uxm_tab_pro_color\"><\/span><\/p>\n<table style=\"height: 50px;\" width=\"1356\" cellspacing=\"0\" cellpadding=\"0\">\n<tbody>\n<tr>\n<td><strong>Standard Stock Sizes<\/strong><\/td>\n<td>50mmx50m<\/td>\n<\/tr>\n<tr>\n<\/tr>\n<\/tbody>\n<\/table>\n<\/div><\/div><\/section>\n<\/div><span data-mce-type=\"bookmark\" style=\"display: inline-block; width: 0px; overflow: hidden; line-height: 0;\" class=\"mce_SELRES_end\">\ufeff<\/span><\/p>\n","protected":false},"excerpt":{"rendered":"<p><strong>Sans transfert de colle sur la plupart des surfaces jusqu&#8217;\u00e0 3 heures<\/strong><\/p>\n<p>&nbsp;<\/p>\n<div class=\"first_para_desc\"><\/div>\n<div class=\"rest_of_desc\">\n<p>AT6300 est un papier l\u00e9g\u00e8rement cr\u00eap\u00e9 enduit d&#8217;un adh\u00e9sif en r\u00e9sine de caoutchouc \u00e0 base de solvant, parfait pour masquer pendant la d\u00e9coration, le per\u00e7age ou la pulv\u00e9risation et parfois appel\u00e9 ruban de peintre.<\/p>\n<p>Les propri\u00e9t\u00e9s du ruban le rendent id\u00e9al \u00e0 utiliser l\u00e0 o\u00f9 une application temporaire est n\u00e9cessaire. AT6300 peut \u00eatre facilement retir\u00e9 et repositionn\u00e9 et s&#8217;enl\u00e8vera facilement de la plupart des surfaces jusqu&#8217;\u00e0 trois heures apr\u00e8s l&#8217;application.<br \/>\nFlexible et conformable, c&#8217;est un excellent choix pour coller sur des surfaces irr\u00e9guli\u00e8res.<\/p>\n<p>* <em>Nous recommandons toujours aux utilisateurs de s&#8217;assurer que le produit convient \u00e0 une application particuli\u00e8re avant de l&#8217;utiliser<\/em>.<\/p>\n<\/div>\n","protected":false},"featured_media":2938,"template":"","meta":{"_acf_changed":false},"product_brand":[],"product_cat":[372,373,340,503],"product_tag":[328,329,330,331,334],"class_list":{"0":"post-5514","1":"product","2":"type-product","3":"status-publish","4":"has-post-thumbnail","6":"product_cat-building-fr","7":"product_cat-entertainment-fr","8":"product_cat-paper-masking-tape","9":"product_cat-stock-disponsible","10":"product_tag-agriculture-fr","11":"product_tag-building-fr","12":"product_tag-entertainment-fr","13":"product_tag-industrial-consumables-fr","14":"product_tag-nuclear-fr","16":"first","17":"instock","18":"shipping-taxable","19":"product-type-simple"},"acf":[],"yoast_head":"<!-- This site is optimized with the Yoast SEO plugin v27.4 - https:\/\/yoast.com\/product\/yoast-seo-wordpress\/ -->\n<title>AT6300 Ruban Papier Masquage 60\u00b0C - Advance Tapes<\/title>\n<meta name=\"robots\" content=\"index, follow, max-snippet:-1, max-image-preview:large, max-video-preview:-1\" \/>\n<link rel=\"canonical\" href=\"https:\/\/advancetapes.com\/fr\/products\/at6300-ruban-papier-masquage-60c\/\" \/>\n<meta property=\"og:locale\" content=\"fr_FR\" \/>\n<meta property=\"og:type\" content=\"article\" \/>\n<meta property=\"og:title\" content=\"AT6300 Ruban Papier Masquage 60\u00b0C - Advance Tapes\" \/>\n<meta property=\"og:description\" content=\"Sans transfert de colle sur la plupart des surfaces jusqu&#039;\u00e0 3 heures  &nbsp;    AT6300 est un papier l\u00e9g\u00e8rement cr\u00eap\u00e9 enduit d&#039;un adh\u00e9sif en r\u00e9sine de caoutchouc \u00e0 base de solvant, parfait pour masquer pendant la d\u00e9coration, le per\u00e7age ou la pulv\u00e9risation et parfois appel\u00e9 ruban de peintre.  Les propri\u00e9t\u00e9s du ruban le rendent id\u00e9al \u00e0 utiliser l\u00e0 o\u00f9 une application temporaire est n\u00e9cessaire. AT6300 peut \u00eatre facilement retir\u00e9 et repositionn\u00e9 et s&#039;enl\u00e8vera facilement de la plupart des surfaces jusqu&#039;\u00e0 trois heures apr\u00e8s l&#039;application. Flexible et conformable, c&#039;est un excellent choix pour coller sur des surfaces irr\u00e9guli\u00e8res.  * Nous recommandons toujours aux utilisateurs de s&#039;assurer que le produit convient \u00e0 une application particuli\u00e8re avant de l&#039;utiliser.\" \/>\n<meta property=\"og:url\" content=\"https:\/\/advancetapes.com\/fr\/products\/at6300-ruban-papier-masquage-60c\/\" \/>\n<meta property=\"og:site_name\" content=\"Advance Tapes\" \/>\n<meta property=\"article:modified_time\" content=\"2025-04-02T09:10:28+00:00\" \/>\n<meta property=\"og:image\" content=\"https:\/\/advancetapes.com\/wp-content\/uploads\/2021\/01\/Advance-Tapes_AT6300_White.jpg\" \/>\n\t<meta property=\"og:image:width\" content=\"600\" \/>\n\t<meta property=\"og:image:height\" content=\"600\" \/>\n\t<meta property=\"og:image:type\" content=\"image\/jpeg\" \/>\n<meta name=\"twitter:card\" content=\"summary_large_image\" \/>\n<meta name=\"twitter:label1\" content=\"Est. reading time\" \/>\n\t<meta name=\"twitter:data1\" content=\"1 minute\" \/>\n<!-- \/ Yoast SEO plugin. -->","yoast_head_json":{"title":"AT6300 Ruban Papier Masquage 60\u00b0C - Advance Tapes","robots":{"index":"index","follow":"follow","max-snippet":"max-snippet:-1","max-image-preview":"max-image-preview:large","max-video-preview":"max-video-preview:-1"},"canonical":"https:\/\/advancetapes.com\/fr\/products\/at6300-ruban-papier-masquage-60c\/","og_locale":"fr_FR","og_type":"article","og_title":"AT6300 Ruban Papier Masquage 60\u00b0C - Advance Tapes","og_description":"Sans transfert de colle sur la plupart des surfaces jusqu'\u00e0 3 heures  &nbsp;    AT6300 est un papier l\u00e9g\u00e8rement cr\u00eap\u00e9 enduit d'un adh\u00e9sif en r\u00e9sine de caoutchouc \u00e0 base de solvant, parfait pour masquer pendant la d\u00e9coration, le per\u00e7age ou la pulv\u00e9risation et parfois appel\u00e9 ruban de peintre.  Les propri\u00e9t\u00e9s du ruban le rendent id\u00e9al \u00e0 utiliser l\u00e0 o\u00f9 une application temporaire est n\u00e9cessaire. AT6300 peut \u00eatre facilement retir\u00e9 et repositionn\u00e9 et s'enl\u00e8vera facilement de la plupart des surfaces jusqu'\u00e0 trois heures apr\u00e8s l'application. Flexible et conformable, c'est un excellent choix pour coller sur des surfaces irr\u00e9guli\u00e8res.  * Nous recommandons toujours aux utilisateurs de s'assurer que le produit convient \u00e0 une application particuli\u00e8re avant de l'utiliser.","og_url":"https:\/\/advancetapes.com\/fr\/products\/at6300-ruban-papier-masquage-60c\/","og_site_name":"Advance Tapes","article_modified_time":"2025-04-02T09:10:28+00:00","og_image":[{"width":600,"height":600,"url":"https:\/\/advancetapes.com\/wp-content\/uploads\/2021\/01\/Advance-Tapes_AT6300_White.jpg","type":"image\/jpeg"}],"twitter_card":"summary_large_image","twitter_misc":{"Est. reading time":"1 minute"},"schema":{"@context":"https:\/\/schema.org","@graph":[{"@type":"WebPage","@id":"https:\/\/advancetapes.com\/fr\/products\/at6300-ruban-papier-masquage-60c\/","url":"https:\/\/advancetapes.com\/fr\/products\/at6300-ruban-papier-masquage-60c\/","name":"AT6300 Ruban Papier Masquage 60\u00b0C - Advance Tapes","isPartOf":{"@id":"https:\/\/advancetapes.com\/fr\/#website"},"primaryImageOfPage":{"@id":"https:\/\/advancetapes.com\/fr\/products\/at6300-ruban-papier-masquage-60c\/#primaryimage"},"image":{"@id":"https:\/\/advancetapes.com\/fr\/products\/at6300-ruban-papier-masquage-60c\/#primaryimage"},"thumbnailUrl":"https:\/\/advancetapes.com\/wp-content\/uploads\/2021\/01\/Advance-Tapes_AT6300_White.jpg","datePublished":"2021-01-03T00:34:44+00:00","dateModified":"2025-04-02T09:10:28+00:00","breadcrumb":{"@id":"https:\/\/advancetapes.com\/fr\/products\/at6300-ruban-papier-masquage-60c\/#breadcrumb"},"inLanguage":"fr-FR","potentialAction":[{"@type":"ReadAction","target":["https:\/\/advancetapes.com\/fr\/products\/at6300-ruban-papier-masquage-60c\/"]}]},{"@type":"ImageObject","inLanguage":"fr-FR","@id":"https:\/\/advancetapes.com\/fr\/products\/at6300-ruban-papier-masquage-60c\/#primaryimage","url":"https:\/\/advancetapes.com\/wp-content\/uploads\/2021\/01\/Advance-Tapes_AT6300_White.jpg","contentUrl":"https:\/\/advancetapes.com\/wp-content\/uploads\/2021\/01\/Advance-Tapes_AT6300_White.jpg","width":600,"height":600},{"@type":"BreadcrumbList","@id":"https:\/\/advancetapes.com\/fr\/products\/at6300-ruban-papier-masquage-60c\/#breadcrumb","itemListElement":[{"@type":"ListItem","position":1,"name":"Home","item":"https:\/\/advancetapes.com\/fr\/"},{"@type":"ListItem","position":2,"name":"Products","item":"https:\/\/advancetapes.com\/fr\/products\/"},{"@type":"ListItem","position":3,"name":"AT6300 Ruban Papier Masquage 60\u00b0C"}]},{"@type":"WebSite","@id":"https:\/\/advancetapes.com\/fr\/#website","url":"https:\/\/advancetapes.com\/fr\/","name":"Advance Tapes","description":"Adding more to adhesive tape","potentialAction":[{"@type":"SearchAction","target":{"@type":"EntryPoint","urlTemplate":"https:\/\/advancetapes.com\/fr\/?s={search_term_string}"},"query-input":{"@type":"PropertyValueSpecification","valueRequired":true,"valueName":"search_term_string"}}],"inLanguage":"fr-FR"}]}},"_links":{"self":[{"href":"https:\/\/advancetapes.com\/fr\/wp-json\/wp\/v2\/product\/5514","targetHints":{"allow":["GET"]}}],"collection":[{"href":"https:\/\/advancetapes.com\/fr\/wp-json\/wp\/v2\/product"}],"about":[{"href":"https:\/\/advancetapes.com\/fr\/wp-json\/wp\/v2\/types\/product"}],"wp:featuredmedia":[{"embeddable":true,"href":"https:\/\/advancetapes.com\/fr\/wp-json\/wp\/v2\/media\/2938"}],"wp:attachment":[{"href":"https:\/\/advancetapes.com\/fr\/wp-json\/wp\/v2\/media?parent=5514"}],"wp:term":[{"taxonomy":"product_brand","embeddable":true,"href":"https:\/\/advancetapes.com\/fr\/wp-json\/wp\/v2\/product_brand?post=5514"},{"taxonomy":"product_cat","embeddable":true,"href":"https:\/\/advancetapes.com\/fr\/wp-json\/wp\/v2\/product_cat?post=5514"},{"taxonomy":"product_tag","embeddable":true,"href":"https:\/\/advancetapes.com\/fr\/wp-json\/wp\/v2\/product_tag?post=5514"}],"curies":[{"name":"wp","href":"https:\/\/api.w.org\/{rel}","templated":true}]}}