{"id":5512,"date":"2021-01-03T00:29:48","date_gmt":"2021-01-03T00:29:48","guid":{"rendered":"https:\/\/advancetapes.com\/products\/at544-35-micron-tin-clad-copper-foil-masking-tape\/"},"modified":"2021-04-12T20:59:58","modified_gmt":"2021-04-12T20:59:58","slug":"at544-35-micron-tin-clad-copper-foil-masking-tape","status":"publish","type":"product","link":"https:\/\/advancetapes.com\/fr\/products\/at544-35-micron-tin-clad-copper-foil-masking-tape\/","title":{"rendered":"AT544 35 Micron Tin Clad Copper Foil Masking Tape"},"content":{"rendered":"<div  class='tabcontainer av-kjftr0sh-5cbeaf8b0626cf654d5dd98b301fff40 top_tab  avia-builder-el-0  avia-builder-el-no-sibling '>\n<section class='av_tab_section av_tab_section av-12zlax-7a46fc94ca7ecc7b02ba0ff74acf79e9'  itemscope=\"itemscope\" itemtype=\"https:\/\/schema.org\/CreativeWork\" ><div id='tab-id-1-tab' class='tab active_tab' role='tab' aria-selected=\"true\" tabindex=\"0\" data-fake-id='#tab-id-1' aria-controls='tab-id-1-content'  itemprop=\"headline\" >Fonctionnalit\u00e9s<\/div><div id='tab-id-1-content' class='tab_content active_tab_content' role='tabpanel' aria-labelledby='tab-id-1-tab' aria-hidden=\"false\"><div class='tab_inner_content invers-color'  itemprop=\"text\" ><ul>\n<li>Conductive acrylic adhesive<\/li>\n<li>Removable Polyester Masking Strip<\/li>\n<li>High and Low Temperature Resistant<\/li>\n<li>Resistant to ozone, oils, chemicals and water<\/li>\n<li>Easy unwind<\/li>\n<\/ul>\n<\/div><\/div><\/section>\n<section class='av_tab_section av_tab_section av-w7t2h-f6f2bcd7cea4be4999c049de7dccd02c'  itemscope=\"itemscope\" itemtype=\"https:\/\/schema.org\/CreativeWork\" ><div id='tab-id-2-tab' class='tab' role='tab' aria-selected=\"false\" tabindex=\"0\" data-fake-id='#tab-id-2' aria-controls='tab-id-2-content'  itemprop=\"headline\" >Applications<\/div><div id='tab-id-2-content' class='tab_content' role='tabpanel' aria-labelledby='tab-id-2-tab' aria-hidden=\"true\"><div class='tab_inner_content invers-color'  itemprop=\"text\" ><ul>\n<li>Un ruban de masquage de bande tr\u00e8s sp\u00e9cifique \u00e0 base d&#8217;une feuille de cuivre plaqu\u00e9e d&#8217;\u00e9tain de 35 microns rev\u00eatue d&#8217;un adh\u00e9sif acrylique \u00e9lectroconducteur et d&#8217;un ruban de masquage amovible en polyester. Appliqu\u00e9 sur les sections de portes int\u00e9rieures des armoires \u00e9lectroniques avant le rev\u00eatement en poudre ou la peinture par pulv\u00e9risation. Le ruban de masquage est ensuite retir\u00e9 pour exposer une couche d&#8217;\u00e9tain propre et pouvant \u00eatre contact\u00e9e \u00e9lectriquement. Cette couche d&#8217;\u00e9tain peut alors former un blindage EMI complet par contact avec un joint de porte en caoutchouc mousse appropri\u00e9.<\/li>\n<\/ul>\n<\/div><\/div><\/section>\n<section class='av_tab_section av_tab_section av-r04w9-0b1672316cfebb41d887f0e84dd21ce4'  itemscope=\"itemscope\" itemtype=\"https:\/\/schema.org\/CreativeWork\" ><div id='tab-id-3-tab' class='tab' role='tab' aria-selected=\"false\" tabindex=\"0\" data-fake-id='#tab-id-3' aria-controls='tab-id-3-content'  itemprop=\"headline\" >Technical<\/div><div id='tab-id-3-content' class='tab_content' role='tabpanel' aria-labelledby='tab-id-3-tab' aria-hidden=\"true\"><div class='tab_inner_content invers-color'  itemprop=\"text\" ><div class=\"col-xs-24 col-sm-12\">\n<table cellspacing=\"0\" cellpadding=\"0\">\n<tbody>\n<tr>\n<td><strong>Type de Produit<\/strong><\/td>\n<td>Aluminium<\/td>\n<\/tr>\n<tr>\n<td><strong>Type d&#8217;Adh\u00e9sif<\/strong><\/td>\n<td>Masse adh\u00e9sive acrylique conductrice \u00e0 base de solvant<\/td>\n<\/tr>\n<tr>\n<td><strong>\u00c9paisseur<\/strong><\/td>\n<td>0.035 mm<\/td>\n<\/tr>\n<tr>\n<td><strong>R\u00e9sistance \u00e0 la rupture<\/strong><\/td>\n<td>40 N\/cm<\/td>\n<\/tr>\n<tr>\n<td><strong>Allongement<\/strong><\/td>\n<td>5%<\/td>\n<\/tr>\n<tr>\n<td><strong>Adh\u00e9sion sur acier<\/strong><\/td>\n<td>5.0 N\/cm<\/td>\n<\/tr>\n<tr>\n<td><strong>Tenue en temp\u00e9rature<\/strong><\/td>\n<td>-20\u00b0C to +155\u00b0C<\/td>\n<\/tr>\n<tr>\n<td><strong>Specification<\/strong><\/td>\n<td>Sp\u00e9cifications militaires MIL-T-47012; BS EN 60454; Partie 2 m\u00e9thode d&#8217;essai pertinente; ASTM D &#8211; 1000 M\u00e9thode d&#8217;essai pertinente; Tests internes conformes aux exigences ignifuges des normse UL 510<\/td>\n<\/tr>\n<tr>\n<td><strong>Conformit\u00e9 RoHS<\/strong><\/td>\n<td>Oui<\/td>\n<\/tr>\n<\/tbody>\n<\/table>\n<\/div>\n<\/div><\/div><\/section>\n<section class='av_tab_section av_tab_section av-piqt-c78631c4603ff59fef417d06594d5e20'  itemscope=\"itemscope\" itemtype=\"https:\/\/schema.org\/CreativeWork\" ><div id='tab-id-4-tab' class='tab' role='tab' aria-selected=\"false\" tabindex=\"0\" data-fake-id='#tab-id-4' aria-controls='tab-id-4-content'  itemprop=\"headline\" >Colours<\/div><div id='tab-id-4-content' class='tab_content' role='tabpanel' aria-labelledby='tab-id-4-tab' aria-hidden=\"true\"><div class='tab_inner_content invers-color'  itemprop=\"text\" ><\/div><\/div><\/section>\n<\/div>\n","protected":false},"excerpt":{"rendered":"<div class=\"col-xs-24 col-sm-12 product-page__images\">\n<div class=\"sp-wrap sp-non-touch\">\n<div class=\"sp-thumbs sp-tb-active\"><\/div>\n<\/div>\n<\/div>\n<div class=\"col-xs-24 col-sm-12\">\n<p>&nbsp;<\/p>\n<p><strong>Conforms to military specification MIL-T-47012, BS EN 60454 &#8211; Part 2, ASTM D &#8211; 1000 and to the flame retardant requirements of UL 51<\/strong><\/p>\n<p>&nbsp;<\/p>\n<div class=\"first_para_desc\">\n<p>AT544 is a very specific strip masking tape based on a 35 micron tin clad copper foil coated with an electrically conductive solvent based acrylic adhesive and a removable polyester masking tape.<\/p>\n<\/div>\n<div class=\"rest_of_desc\">\n<p>Applied onto the inner door sections of electronic cabinets prior to powder coating or spray painting. The masking tape is then removed to expose a clean and electrically contactable tin layer. This tin layer can then form a complete EMI shield through contact with a suitable foam rubber door seal. It also\u00a0offers extra resistance against ozone, oils, chemicals and water,\u00a0even in extreme temperature conditions (from -20\u00b0C to +155\u00b0C).<\/p>\n<p>The tape construction is tested in-house and conforms to the flame retardant requirement part only of UL510 .<\/p>\n<\/div>\n<\/div>\n","protected":false},"featured_media":2934,"template":"","meta":{"_acf_changed":false},"product_brand":[],"product_cat":[339],"product_tag":[331],"class_list":{"0":"post-5512","1":"product","2":"type-product","3":"status-publish","4":"has-post-thumbnail","6":"product_cat-multi-purpose-adhesive-foil-tapes","7":"product_tag-industrial-consumables-fr","9":"first","10":"instock","11":"shipping-taxable","12":"product-type-simple"},"acf":[],"yoast_head":"<!-- This site is optimized with the Yoast SEO plugin v27.6 - https:\/\/yoast.com\/product\/yoast-seo-wordpress\/ -->\n<title>AT544 35 Micron Tin Clad Copper Foil Masking Tape - Advance Tapes<\/title>\n<meta name=\"robots\" content=\"index, follow, max-snippet:-1, max-image-preview:large, max-video-preview:-1\" \/>\n<link rel=\"canonical\" href=\"https:\/\/advancetapes.com\/fr\/products\/at544-35-micron-tin-clad-copper-foil-masking-tape\/\" \/>\n<meta property=\"og:locale\" content=\"fr_FR\" \/>\n<meta property=\"og:type\" content=\"article\" \/>\n<meta property=\"og:title\" content=\"AT544 35 Micron Tin Clad Copper Foil Masking Tape - Advance Tapes\" \/>\n<meta property=\"og:description\" content=\"&nbsp;  Conforms to military specification MIL-T-47012, BS EN 60454 - Part 2, ASTM D - 1000 and to the flame retardant requirements of UL 51  &nbsp;   AT544 is a very specific strip masking tape based on a 35 micron tin clad copper foil coated with an electrically conductive solvent based acrylic adhesive and a removable polyester masking tape.     Applied onto the inner door sections of electronic cabinets prior to powder coating or spray painting. The masking tape is then removed to expose a clean and electrically contactable tin layer. This tin layer can then form a complete EMI shield through contact with a suitable foam rubber door seal. It also\u00a0offers extra resistance against ozone, oils, chemicals and water,\u00a0even in extreme temperature conditions (from -20\u00b0C to +155\u00b0C).  The tape construction is tested in-house and conforms to the flame retardant requirement part only of UL510 .\" \/>\n<meta property=\"og:url\" content=\"https:\/\/advancetapes.com\/fr\/products\/at544-35-micron-tin-clad-copper-foil-masking-tape\/\" \/>\n<meta property=\"og:site_name\" content=\"Advance Tapes\" \/>\n<meta property=\"article:modified_time\" content=\"2021-04-12T20:59:58+00:00\" \/>\n<meta property=\"og:image\" content=\"https:\/\/advancetapes.com\/wp-content\/uploads\/2021\/01\/Advance-Tapes_AT0544_Blue.jpg\" \/>\n\t<meta property=\"og:image:width\" content=\"600\" \/>\n\t<meta property=\"og:image:height\" content=\"600\" \/>\n\t<meta property=\"og:image:type\" content=\"image\/jpeg\" \/>\n<meta name=\"twitter:card\" content=\"summary_large_image\" \/>\n<meta name=\"twitter:label1\" content=\"Est. reading time\" \/>\n\t<meta name=\"twitter:data1\" content=\"2 minutes\" \/>\n<!-- \/ Yoast SEO plugin. -->","yoast_head_json":{"title":"AT544 35 Micron Tin Clad Copper Foil Masking Tape - Advance Tapes","robots":{"index":"index","follow":"follow","max-snippet":"max-snippet:-1","max-image-preview":"max-image-preview:large","max-video-preview":"max-video-preview:-1"},"canonical":"https:\/\/advancetapes.com\/fr\/products\/at544-35-micron-tin-clad-copper-foil-masking-tape\/","og_locale":"fr_FR","og_type":"article","og_title":"AT544 35 Micron Tin Clad Copper Foil Masking Tape - Advance Tapes","og_description":"&nbsp;  Conforms to military specification MIL-T-47012, BS EN 60454 - Part 2, ASTM D - 1000 and to the flame retardant requirements of UL 51  &nbsp;   AT544 is a very specific strip masking tape based on a 35 micron tin clad copper foil coated with an electrically conductive solvent based acrylic adhesive and a removable polyester masking tape.     Applied onto the inner door sections of electronic cabinets prior to powder coating or spray painting. The masking tape is then removed to expose a clean and electrically contactable tin layer. This tin layer can then form a complete EMI shield through contact with a suitable foam rubber door seal. It also\u00a0offers extra resistance against ozone, oils, chemicals and water,\u00a0even in extreme temperature conditions (from -20\u00b0C to +155\u00b0C).  The tape construction is tested in-house and conforms to the flame retardant requirement part only of UL510 .","og_url":"https:\/\/advancetapes.com\/fr\/products\/at544-35-micron-tin-clad-copper-foil-masking-tape\/","og_site_name":"Advance Tapes","article_modified_time":"2021-04-12T20:59:58+00:00","og_image":[{"width":600,"height":600,"url":"https:\/\/advancetapes.com\/wp-content\/uploads\/2021\/01\/Advance-Tapes_AT0544_Blue.jpg","type":"image\/jpeg"}],"twitter_card":"summary_large_image","twitter_misc":{"Est. reading time":"2 minutes"},"schema":{"@context":"https:\/\/schema.org","@graph":[{"@type":"WebPage","@id":"https:\/\/advancetapes.com\/fr\/products\/at544-35-micron-tin-clad-copper-foil-masking-tape\/","url":"https:\/\/advancetapes.com\/fr\/products\/at544-35-micron-tin-clad-copper-foil-masking-tape\/","name":"AT544 35 Micron Tin Clad Copper Foil Masking Tape - Advance Tapes","isPartOf":{"@id":"https:\/\/advancetapes.com\/fr\/#website"},"primaryImageOfPage":{"@id":"https:\/\/advancetapes.com\/fr\/products\/at544-35-micron-tin-clad-copper-foil-masking-tape\/#primaryimage"},"image":{"@id":"https:\/\/advancetapes.com\/fr\/products\/at544-35-micron-tin-clad-copper-foil-masking-tape\/#primaryimage"},"thumbnailUrl":"https:\/\/advancetapes.com\/wp-content\/uploads\/2021\/01\/Advance-Tapes_AT0544_Blue.jpg","datePublished":"2021-01-03T00:29:48+00:00","dateModified":"2021-04-12T20:59:58+00:00","breadcrumb":{"@id":"https:\/\/advancetapes.com\/fr\/products\/at544-35-micron-tin-clad-copper-foil-masking-tape\/#breadcrumb"},"inLanguage":"fr-FR","potentialAction":[{"@type":"ReadAction","target":["https:\/\/advancetapes.com\/fr\/products\/at544-35-micron-tin-clad-copper-foil-masking-tape\/"]}]},{"@type":"ImageObject","inLanguage":"fr-FR","@id":"https:\/\/advancetapes.com\/fr\/products\/at544-35-micron-tin-clad-copper-foil-masking-tape\/#primaryimage","url":"https:\/\/advancetapes.com\/wp-content\/uploads\/2021\/01\/Advance-Tapes_AT0544_Blue.jpg","contentUrl":"https:\/\/advancetapes.com\/wp-content\/uploads\/2021\/01\/Advance-Tapes_AT0544_Blue.jpg","width":600,"height":600},{"@type":"BreadcrumbList","@id":"https:\/\/advancetapes.com\/fr\/products\/at544-35-micron-tin-clad-copper-foil-masking-tape\/#breadcrumb","itemListElement":[{"@type":"ListItem","position":1,"name":"Home","item":"https:\/\/advancetapes.com\/fr\/"},{"@type":"ListItem","position":2,"name":"Products","item":"https:\/\/advancetapes.com\/fr\/products\/"},{"@type":"ListItem","position":3,"name":"AT544 35 Micron Tin Clad Copper Foil Masking Tape"}]},{"@type":"WebSite","@id":"https:\/\/advancetapes.com\/fr\/#website","url":"https:\/\/advancetapes.com\/fr\/","name":"Advance Tapes","description":"Adding more to adhesive tape","potentialAction":[{"@type":"SearchAction","target":{"@type":"EntryPoint","urlTemplate":"https:\/\/advancetapes.com\/fr\/?s={search_term_string}"},"query-input":{"@type":"PropertyValueSpecification","valueRequired":true,"valueName":"search_term_string"}}],"inLanguage":"fr-FR"}]}},"_links":{"self":[{"href":"https:\/\/advancetapes.com\/fr\/wp-json\/wp\/v2\/product\/5512","targetHints":{"allow":["GET"]}}],"collection":[{"href":"https:\/\/advancetapes.com\/fr\/wp-json\/wp\/v2\/product"}],"about":[{"href":"https:\/\/advancetapes.com\/fr\/wp-json\/wp\/v2\/types\/product"}],"wp:featuredmedia":[{"embeddable":true,"href":"https:\/\/advancetapes.com\/fr\/wp-json\/wp\/v2\/media\/2934"}],"wp:attachment":[{"href":"https:\/\/advancetapes.com\/fr\/wp-json\/wp\/v2\/media?parent=5512"}],"wp:term":[{"taxonomy":"product_brand","embeddable":true,"href":"https:\/\/advancetapes.com\/fr\/wp-json\/wp\/v2\/product_brand?post=5512"},{"taxonomy":"product_cat","embeddable":true,"href":"https:\/\/advancetapes.com\/fr\/wp-json\/wp\/v2\/product_cat?post=5512"},{"taxonomy":"product_tag","embeddable":true,"href":"https:\/\/advancetapes.com\/fr\/wp-json\/wp\/v2\/product_tag?post=5512"}],"curies":[{"name":"wp","href":"https:\/\/api.w.org\/{rel}","templated":true}]}}