{"id":5510,"date":"2021-01-03T00:26:29","date_gmt":"2021-01-03T00:26:29","guid":{"rendered":"https:\/\/advancetapes.com\/products\/at541-ruban-masquage-feuille-daluminium-40-microns\/"},"modified":"2021-04-12T20:58:20","modified_gmt":"2021-04-12T20:58:20","slug":"at541-ruban-masquage-feuille-daluminium-40-microns","status":"publish","type":"product","link":"https:\/\/advancetapes.com\/fr\/products\/at541-ruban-masquage-feuille-daluminium-40-microns\/","title":{"rendered":"AT541 Ruban Masquage Feuille D&#8217;aluminium 40 Microns"},"content":{"rendered":"<div  class='tabcontainer av-kjftr0sh-5cbeaf8b0626cf654d5dd98b301fff40 top_tab  avia-builder-el-0  avia-builder-el-no-sibling '>\n<section class='av_tab_section av_tab_section av-14ny51-a07cef528037dc1e2befd269db7d5408'  itemscope=\"itemscope\" itemtype=\"https:\/\/schema.org\/CreativeWork\" ><div id='tab-id-1-tab' class='tab active_tab' role='tab' aria-selected=\"true\" tabindex=\"0\" data-fake-id='#tab-id-1' aria-controls='tab-id-1-content'  itemprop=\"headline\" >Fonctionnalit\u00e9s<\/div><div id='tab-id-1-content' class='tab_content active_tab_content' role='tabpanel' aria-labelledby='tab-id-1-tab' aria-hidden=\"false\"><div class='tab_inner_content invers-color'  itemprop=\"text\" ><ul>\n<li>Bande de masquage polyester d\u00e9tachable<\/li>\n<li>D\u00e9roulement facile<\/li>\n<li>Adh\u00e9sif acrylique conducteur<\/li>\n<li>Bonne r\u00e9sistance aux produits chimiques, chaleur, acides et alcalins<\/li>\n<li>Bonne r\u00e9sistance aux hautes et basses temp\u00e9ratures<\/li>\n<\/ul>\n<\/div><\/div><\/section>\n<section class='av_tab_section av_tab_section av-3ed2l-099a54a93766d5805a02a9e6c0fea07e'  itemscope=\"itemscope\" itemtype=\"https:\/\/schema.org\/CreativeWork\" ><div id='tab-id-2-tab' class='tab' role='tab' aria-selected=\"false\" tabindex=\"0\" data-fake-id='#tab-id-2' aria-controls='tab-id-2-content'  itemprop=\"headline\" >Applications<\/div><div id='tab-id-2-content' class='tab_content' role='tabpanel' aria-labelledby='tab-id-2-tab' aria-hidden=\"true\"><div class='tab_inner_content invers-color'  itemprop=\"text\" ><ul>\n<li>Appliqu\u00e9 avant le rev\u00eatement en poudre, le ruban de masquage en polyester r\u00e9siste \u00e0 des temp\u00e9ratures de cuisson allant jusqu&#8217;\u00e0 + 200 \u00b0 C. Apr\u00e8s le traitement, le ruban de masquage est retir\u00e9 de l&#8217;aluminium sans laisser de r\u00e9sidu d&#8217;adh\u00e9sif, fournissant un chemin conducteur \u00e0 travers le panneau.<\/li>\n<\/ul>\n<\/div><\/div><\/section>\n<section class='av_tab_section av_tab_section av-tq6zh-70777fcf081540d3f72fadf967dfb7a3'  itemscope=\"itemscope\" itemtype=\"https:\/\/schema.org\/CreativeWork\" ><div id='tab-id-3-tab' class='tab' role='tab' aria-selected=\"false\" tabindex=\"0\" data-fake-id='#tab-id-3' aria-controls='tab-id-3-content'  itemprop=\"headline\" >Technical<\/div><div id='tab-id-3-content' class='tab_content' role='tabpanel' aria-labelledby='tab-id-3-tab' aria-hidden=\"true\"><div class='tab_inner_content invers-color'  itemprop=\"text\" ><div class=\"col-xs-24 col-sm-12\">\n<table cellspacing=\"0\" cellpadding=\"0\">\n<tbody>\n<tr>\n<td><strong>Type de Produit<\/strong><\/td>\n<td>Aluminium<\/td>\n<\/tr>\n<tr>\n<td><strong>Type d&#8217;Adh\u00e9sif<\/strong><\/td>\n<td>Masse adh\u00e9sive acrylique conductrice \u00e0 base de solvant thermodurcissable<\/td>\n<\/tr>\n<tr>\n<td><strong>\u00c9paisseur<\/strong><\/td>\n<td>0.040 mm<\/td>\n<\/tr>\n<tr>\n<td><strong>R\u00e9sistance \u00e0 la rupture<\/strong><\/td>\n<td>25 N\/cm<\/td>\n<\/tr>\n<tr>\n<td><strong>Allongement<\/strong><\/td>\n<td>8%<\/td>\n<\/tr>\n<tr>\n<td><strong>Adh\u00e9sion sur acier<\/strong><\/td>\n<td>4.5 N\/cm<\/td>\n<\/tr>\n<tr>\n<td><strong>Tenue en temp\u00e9rature<\/strong><\/td>\n<td>-20\u00b0C to +155\u00b0C<\/td>\n<\/tr>\n<tr>\n<td><strong>Conformit\u00e9 RoHS<\/strong><\/td>\n<td>Oui<\/td>\n<\/tr>\n<tr>\n<td><strong>Specification<\/strong><\/td>\n<td>Sp\u00e9cifications militaires MIL-T-47012; BS EN 60454 &#8211; Partie 2 m\u00e9thode d&#8217;essai pertinente ASTM D &#8211; 1000; M\u00e9thode d&#8217;essai pertinente; Tests internes conformes aux exigences ignifuges des normes UL 510<\/td>\n<\/tr>\n<\/tbody>\n<\/table>\n<\/div>\n<\/div><\/div><\/section>\n<section class='av_tab_section av_tab_section av-piqt-c78631c4603ff59fef417d06594d5e20'  itemscope=\"itemscope\" itemtype=\"https:\/\/schema.org\/CreativeWork\" ><div id='tab-id-4-tab' class='tab' role='tab' aria-selected=\"false\" tabindex=\"0\" data-fake-id='#tab-id-4' aria-controls='tab-id-4-content'  itemprop=\"headline\" >Colours<\/div><div id='tab-id-4-content' class='tab_content' role='tabpanel' aria-labelledby='tab-id-4-tab' aria-hidden=\"true\"><div class='tab_inner_content invers-color'  itemprop=\"text\" ><\/div><\/div><\/section>\n<\/div>\n","protected":false},"excerpt":{"rendered":"<p><strong>En conformit\u00e9 avec les sp\u00e9cifications BS EN 60454 \u2013 m\u00e9thodes d\u2019essai Partie 2, ASTM D-1000 et retardateur de flamme en exigence d\u2019une partie seulement du UL510.<\/strong><\/p>\n<p>&nbsp;<\/p>\n<div class=\"first_para_desc\">\n<p>L\u2019AT541 est un ruban adh\u00e9sif Aluminium 40 microns enduit avec un adh\u00e9sif acrylique thermodurcissable conducteur \u00e0 base de solvant, constitu\u00e9 d\u2019une bande de masquage et couvert d\u2019un autocollant polyester d\u00e9tachable.<\/p>\n<\/div>\n","protected":false},"featured_media":2932,"template":"","meta":{"_acf_changed":false},"product_brand":[],"product_cat":[339],"product_tag":[331],"class_list":{"0":"post-5510","1":"product","2":"type-product","3":"status-publish","4":"has-post-thumbnail","6":"product_cat-multi-purpose-adhesive-foil-tapes","7":"product_tag-industrial-consumables-fr","9":"first","10":"instock","11":"shipping-taxable","12":"product-type-simple"},"acf":[],"yoast_head":"<!-- This site is optimized with the Yoast SEO plugin v27.3 - https:\/\/yoast.com\/product\/yoast-seo-wordpress\/ -->\n<title>AT541 Ruban Masquage Feuille D&#039;aluminium 40 Microns - Advance Tapes<\/title>\n<meta name=\"robots\" content=\"index, follow, max-snippet:-1, max-image-preview:large, max-video-preview:-1\" \/>\n<link rel=\"canonical\" href=\"https:\/\/advancetapes.com\/fr\/products\/at541-ruban-masquage-feuille-daluminium-40-microns\/\" \/>\n<meta property=\"og:locale\" content=\"fr_FR\" \/>\n<meta property=\"og:type\" content=\"article\" \/>\n<meta property=\"og:title\" content=\"AT541 Ruban Masquage Feuille D&#039;aluminium 40 Microns - Advance Tapes\" \/>\n<meta property=\"og:description\" content=\"En conformit\u00e9 avec les sp\u00e9cifications BS EN 60454 \u2013 m\u00e9thodes d\u2019essai Partie 2, ASTM D-1000 et retardateur de flamme en exigence d\u2019une partie seulement du UL510.  &nbsp;   L\u2019AT541 est un ruban adh\u00e9sif Aluminium 40 microns enduit avec un adh\u00e9sif acrylique thermodurcissable conducteur \u00e0 base de solvant, constitu\u00e9 d\u2019une bande de masquage et couvert d\u2019un autocollant polyester d\u00e9tachable.\" \/>\n<meta property=\"og:url\" content=\"https:\/\/advancetapes.com\/fr\/products\/at541-ruban-masquage-feuille-daluminium-40-microns\/\" \/>\n<meta property=\"og:site_name\" content=\"Advance Tapes\" \/>\n<meta property=\"article:modified_time\" content=\"2021-04-12T20:58:20+00:00\" \/>\n<meta property=\"og:image\" content=\"https:\/\/advancetapes.com\/wp-content\/uploads\/2021\/01\/Advance-Tapes_AT0541_Blue.jpg\" \/>\n\t<meta property=\"og:image:width\" content=\"600\" \/>\n\t<meta property=\"og:image:height\" content=\"600\" \/>\n\t<meta property=\"og:image:type\" content=\"image\/jpeg\" \/>\n<meta name=\"twitter:card\" content=\"summary_large_image\" \/>\n<meta name=\"twitter:label1\" content=\"Est. reading time\" \/>\n\t<meta name=\"twitter:data1\" content=\"1 minute\" \/>\n<!-- \/ Yoast SEO plugin. -->","yoast_head_json":{"title":"AT541 Ruban Masquage Feuille D'aluminium 40 Microns - Advance Tapes","robots":{"index":"index","follow":"follow","max-snippet":"max-snippet:-1","max-image-preview":"max-image-preview:large","max-video-preview":"max-video-preview:-1"},"canonical":"https:\/\/advancetapes.com\/fr\/products\/at541-ruban-masquage-feuille-daluminium-40-microns\/","og_locale":"fr_FR","og_type":"article","og_title":"AT541 Ruban Masquage Feuille D'aluminium 40 Microns - Advance Tapes","og_description":"En conformit\u00e9 avec les sp\u00e9cifications BS EN 60454 \u2013 m\u00e9thodes d\u2019essai Partie 2, ASTM D-1000 et retardateur de flamme en exigence d\u2019une partie seulement du UL510.  &nbsp;   L\u2019AT541 est un ruban adh\u00e9sif Aluminium 40 microns enduit avec un adh\u00e9sif acrylique thermodurcissable conducteur \u00e0 base de solvant, constitu\u00e9 d\u2019une bande de masquage et couvert d\u2019un autocollant polyester d\u00e9tachable.","og_url":"https:\/\/advancetapes.com\/fr\/products\/at541-ruban-masquage-feuille-daluminium-40-microns\/","og_site_name":"Advance Tapes","article_modified_time":"2021-04-12T20:58:20+00:00","og_image":[{"width":600,"height":600,"url":"https:\/\/advancetapes.com\/wp-content\/uploads\/2021\/01\/Advance-Tapes_AT0541_Blue.jpg","type":"image\/jpeg"}],"twitter_card":"summary_large_image","twitter_misc":{"Est. reading time":"1 minute"},"schema":{"@context":"https:\/\/schema.org","@graph":[{"@type":"WebPage","@id":"https:\/\/advancetapes.com\/fr\/products\/at541-ruban-masquage-feuille-daluminium-40-microns\/","url":"https:\/\/advancetapes.com\/fr\/products\/at541-ruban-masquage-feuille-daluminium-40-microns\/","name":"AT541 Ruban Masquage Feuille D'aluminium 40 Microns - Advance Tapes","isPartOf":{"@id":"https:\/\/advancetapes.com\/fr\/#website"},"primaryImageOfPage":{"@id":"https:\/\/advancetapes.com\/fr\/products\/at541-ruban-masquage-feuille-daluminium-40-microns\/#primaryimage"},"image":{"@id":"https:\/\/advancetapes.com\/fr\/products\/at541-ruban-masquage-feuille-daluminium-40-microns\/#primaryimage"},"thumbnailUrl":"https:\/\/advancetapes.com\/wp-content\/uploads\/2021\/01\/Advance-Tapes_AT0541_Blue.jpg","datePublished":"2021-01-03T00:26:29+00:00","dateModified":"2021-04-12T20:58:20+00:00","breadcrumb":{"@id":"https:\/\/advancetapes.com\/fr\/products\/at541-ruban-masquage-feuille-daluminium-40-microns\/#breadcrumb"},"inLanguage":"fr-FR","potentialAction":[{"@type":"ReadAction","target":["https:\/\/advancetapes.com\/fr\/products\/at541-ruban-masquage-feuille-daluminium-40-microns\/"]}]},{"@type":"ImageObject","inLanguage":"fr-FR","@id":"https:\/\/advancetapes.com\/fr\/products\/at541-ruban-masquage-feuille-daluminium-40-microns\/#primaryimage","url":"https:\/\/advancetapes.com\/wp-content\/uploads\/2021\/01\/Advance-Tapes_AT0541_Blue.jpg","contentUrl":"https:\/\/advancetapes.com\/wp-content\/uploads\/2021\/01\/Advance-Tapes_AT0541_Blue.jpg","width":600,"height":600},{"@type":"BreadcrumbList","@id":"https:\/\/advancetapes.com\/fr\/products\/at541-ruban-masquage-feuille-daluminium-40-microns\/#breadcrumb","itemListElement":[{"@type":"ListItem","position":1,"name":"Home","item":"https:\/\/advancetapes.com\/fr\/"},{"@type":"ListItem","position":2,"name":"Products","item":"https:\/\/advancetapes.com\/fr\/products\/"},{"@type":"ListItem","position":3,"name":"AT541 Ruban Masquage Feuille D&#8217;aluminium 40 Microns"}]},{"@type":"WebSite","@id":"https:\/\/advancetapes.com\/fr\/#website","url":"https:\/\/advancetapes.com\/fr\/","name":"Advance Tapes","description":"Adding more to adhesive tape","potentialAction":[{"@type":"SearchAction","target":{"@type":"EntryPoint","urlTemplate":"https:\/\/advancetapes.com\/fr\/?s={search_term_string}"},"query-input":{"@type":"PropertyValueSpecification","valueRequired":true,"valueName":"search_term_string"}}],"inLanguage":"fr-FR"}]}},"_links":{"self":[{"href":"https:\/\/advancetapes.com\/fr\/wp-json\/wp\/v2\/product\/5510","targetHints":{"allow":["GET"]}}],"collection":[{"href":"https:\/\/advancetapes.com\/fr\/wp-json\/wp\/v2\/product"}],"about":[{"href":"https:\/\/advancetapes.com\/fr\/wp-json\/wp\/v2\/types\/product"}],"wp:featuredmedia":[{"embeddable":true,"href":"https:\/\/advancetapes.com\/fr\/wp-json\/wp\/v2\/media\/2932"}],"wp:attachment":[{"href":"https:\/\/advancetapes.com\/fr\/wp-json\/wp\/v2\/media?parent=5510"}],"wp:term":[{"taxonomy":"product_brand","embeddable":true,"href":"https:\/\/advancetapes.com\/fr\/wp-json\/wp\/v2\/product_brand?post=5510"},{"taxonomy":"product_cat","embeddable":true,"href":"https:\/\/advancetapes.com\/fr\/wp-json\/wp\/v2\/product_cat?post=5510"},{"taxonomy":"product_tag","embeddable":true,"href":"https:\/\/advancetapes.com\/fr\/wp-json\/wp\/v2\/product_tag?post=5510"}],"curies":[{"name":"wp","href":"https:\/\/api.w.org\/{rel}","templated":true}]}}