{"id":5500,"date":"2021-01-03T00:07:11","date_gmt":"2021-01-03T00:07:11","guid":{"rendered":"https:\/\/advancetapes.com\/products\/at521-ruban-feuille-daluminium-40-microns-protection\/"},"modified":"2021-04-12T20:50:17","modified_gmt":"2021-04-12T20:50:17","slug":"at521-ruban-feuille-daluminium-40-microns-protection","status":"publish","type":"product","link":"https:\/\/advancetapes.com\/fr\/products\/at521-ruban-feuille-daluminium-40-microns-protection\/","title":{"rendered":"AT521 Ruban Feuille D&#8217;Aluminium 40 Microns &#8211; Protection"},"content":{"rendered":"<div  class='tabcontainer av-kjftr0sh-5cbeaf8b0626cf654d5dd98b301fff40 top_tab  avia-builder-el-0  avia-builder-el-no-sibling '>\n<section class='av_tab_section av_tab_section av-12sk76-74ce9783441fe09bfd4c9027ada5bf21'  itemscope=\"itemscope\" itemtype=\"https:\/\/schema.org\/CreativeWork\" ><div id='tab-id-1-tab' class='tab active_tab' role='tab' aria-selected=\"true\" tabindex=\"0\" data-fake-id='#tab-id-1' aria-controls='tab-id-1-content'  itemprop=\"headline\" >Fonctionnalit\u00e9s<\/div><div id='tab-id-1-content' class='tab_content active_tab_content' role='tabpanel' aria-labelledby='tab-id-1-tab' aria-hidden=\"false\"><div class='tab_inner_content invers-color'  itemprop=\"text\" ><ul>\n<li>Adh\u00e9sif acrylique conducteur<\/li>\n<li>Bonne efficacit\u00e9 de blindage et conductivit\u00e9 des z-axes<\/li>\n<li>Bonne r\u00e9sistance aux hautes et basses temp\u00e9ratures<\/li>\n<li>Bonne r\u00e9sistance aux produits chimiques, chaleur, acide et alcalin<\/li>\n<li>D\u00e9roulement facile<\/li>\n<\/ul>\n<\/div><\/div><\/section>\n<section class='av_tab_section av_tab_section av-w7gpe-eebd728fa296ab2c14615aab0c3b72d8'  itemscope=\"itemscope\" itemtype=\"https:\/\/schema.org\/CreativeWork\" ><div id='tab-id-2-tab' class='tab' role='tab' aria-selected=\"false\" tabindex=\"0\" data-fake-id='#tab-id-2' aria-controls='tab-id-2-content'  itemprop=\"headline\" >Applications<\/div><div id='tab-id-2-content' class='tab_content' role='tabpanel' aria-labelledby='tab-id-2-tab' aria-hidden=\"true\"><div class='tab_inner_content invers-color'  itemprop=\"text\" ><ul>\n<li>Utilis\u00e9 pour EMI \/ RFI et blindage statique<\/li>\n<\/ul>\n<\/div><\/div><\/section>\n<section class='av_tab_section av_tab_section av-qkidm-093cf212e5318e2e0a945d6d6b5c2732'  itemscope=\"itemscope\" itemtype=\"https:\/\/schema.org\/CreativeWork\" ><div id='tab-id-3-tab' class='tab' role='tab' aria-selected=\"false\" tabindex=\"0\" data-fake-id='#tab-id-3' aria-controls='tab-id-3-content'  itemprop=\"headline\" >Technical<\/div><div id='tab-id-3-content' class='tab_content' role='tabpanel' aria-labelledby='tab-id-3-tab' aria-hidden=\"true\"><div class='tab_inner_content invers-color'  itemprop=\"text\" ><div class=\"col-xs-24 col-sm-12\">\n<table cellspacing=\"0\" cellpadding=\"0\">\n<tbody>\n<tr>\n<td><strong>Type de Produit<\/strong><\/td>\n<td>Aluminium<\/td>\n<\/tr>\n<tr>\n<td><strong>Type d&#8217;Adh\u00e9sif<\/strong><\/td>\n<td>Masse adh\u00e9sive acrylique conductrice \u00e0 base de solvant<\/td>\n<\/tr>\n<tr>\n<td><strong>\u00c9paisseur<\/strong><\/td>\n<td>0.040 mm<\/td>\n<\/tr>\n<tr>\n<td><strong>R\u00e9sistance \u00e0 la rupture<\/strong><\/td>\n<td>25 N\/cm<\/td>\n<\/tr>\n<tr>\n<td><strong>Allongement<\/strong><\/td>\n<td>8%<\/td>\n<\/tr>\n<tr>\n<td><strong>Adh\u00e9sion sur acier<\/strong><\/td>\n<td>4.5 N\/cm<\/td>\n<\/tr>\n<tr>\n<td><strong>Tenue en temp\u00e9rature<\/strong><\/td>\n<td>-20\u00b0C to +155\u00b0C<\/td>\n<\/tr>\n<tr>\n<td><strong>Conformit\u00e9 RoHS<\/strong><\/td>\n<td>Oui<\/td>\n<\/tr>\n<tr>\n<td><strong>Specification<\/strong><\/td>\n<td>Test\u00e9 conform\u00e9ment \u00e0 la norme ASTM D-1000 derni\u00e8re version, BS EN 60454 \u2013 m\u00e9thodes d\u2019essai Partie 2 (anciennement VDE 0340, BS 3924).<\/td>\n<\/tr>\n<\/tbody>\n<\/table>\n<\/div>\n<\/div><\/div><\/section>\n<section class='av_tab_section av_tab_section av-piqt-c78631c4603ff59fef417d06594d5e20'  itemscope=\"itemscope\" itemtype=\"https:\/\/schema.org\/CreativeWork\" ><div id='tab-id-4-tab' class='tab' role='tab' aria-selected=\"false\" tabindex=\"0\" data-fake-id='#tab-id-4' aria-controls='tab-id-4-content'  itemprop=\"headline\" >Colours<\/div><div id='tab-id-4-content' class='tab_content' role='tabpanel' aria-labelledby='tab-id-4-tab' aria-hidden=\"true\"><div class='tab_inner_content invers-color'  itemprop=\"text\" ><\/div><\/div><\/section>\n<\/div>\n","protected":false},"excerpt":{"rendered":"<div class=\"col-xs-24 col-sm-12 product-page__images\">\n<div class=\"sp-wrap sp-non-touch\">\n<div class=\"sp-thumbs sp-tb-active\"><\/div>\n<\/div>\n<\/div>\n<div class=\"col-xs-24 col-sm-12\">\n<p>&nbsp;<\/p>\n<p><strong>Test\u00e9 conform\u00e9ment \u00e0 la norme ASTM D-1000 derni\u00e8re version, BS EN 60454 \u2013 m\u00e9thodes d\u2019essai Partie 2. Test\u00e9 et r\u00e9pond aux sp\u00e9cifications militaires MIL-T &#8211; 47012.<br \/>\nConstruction test\u00e9e en interne et conforme \u00e0 la sp\u00e9cification retardatrice de flamme exigence d\u2019une partie seulement du UL510.<\/strong><\/p>\n<p>&nbsp;<\/p>\n<div class=\"first_para_desc\">\n<p>L\u2019AT521 est un ruban aluminium 40 microns enduit d\u2019un adh\u00e9sif acrylique conducteur \u00e0 base de solvant \u00e9quip\u00e9 d\u2019un film de silicone d\u00e9tachable.<\/p>\n<\/div>\n<\/div>\n","protected":false},"featured_media":2910,"template":"","meta":{"_acf_changed":false},"product_brand":[],"product_cat":[339],"product_tag":[331],"class_list":{"0":"post-5500","1":"product","2":"type-product","3":"status-publish","4":"has-post-thumbnail","6":"product_cat-multi-purpose-adhesive-foil-tapes","7":"product_tag-industrial-consumables-fr","9":"first","10":"instock","11":"shipping-taxable","12":"product-type-simple"},"acf":[],"yoast_head":"<!-- This site is optimized with the Yoast SEO plugin v27.4 - https:\/\/yoast.com\/product\/yoast-seo-wordpress\/ -->\n<title>AT521 Ruban Feuille D&#039;Aluminium 40 Microns - Protection - Advance Tapes<\/title>\n<meta name=\"robots\" content=\"index, follow, max-snippet:-1, max-image-preview:large, max-video-preview:-1\" \/>\n<link rel=\"canonical\" href=\"https:\/\/advancetapes.com\/fr\/products\/at521-ruban-feuille-daluminium-40-microns-protection\/\" \/>\n<meta property=\"og:locale\" content=\"fr_FR\" \/>\n<meta property=\"og:type\" content=\"article\" \/>\n<meta property=\"og:title\" content=\"AT521 Ruban Feuille D&#039;Aluminium 40 Microns - Protection - Advance Tapes\" \/>\n<meta property=\"og:description\" content=\"&nbsp;  Test\u00e9 conform\u00e9ment \u00e0 la norme ASTM D-1000 derni\u00e8re version, BS EN 60454 \u2013 m\u00e9thodes d\u2019essai Partie 2. Test\u00e9 et r\u00e9pond aux sp\u00e9cifications militaires MIL-T - 47012. Construction test\u00e9e en interne et conforme \u00e0 la sp\u00e9cification retardatrice de flamme exigence d\u2019une partie seulement du UL510.  &nbsp;   L\u2019AT521 est un ruban aluminium 40 microns enduit d\u2019un adh\u00e9sif acrylique conducteur \u00e0 base de solvant \u00e9quip\u00e9 d\u2019un film de silicone d\u00e9tachable.\" \/>\n<meta property=\"og:url\" content=\"https:\/\/advancetapes.com\/fr\/products\/at521-ruban-feuille-daluminium-40-microns-protection\/\" \/>\n<meta property=\"og:site_name\" content=\"Advance Tapes\" \/>\n<meta property=\"article:modified_time\" content=\"2021-04-12T20:50:17+00:00\" \/>\n<meta property=\"og:image\" content=\"https:\/\/advancetapes.com\/wp-content\/uploads\/2021\/01\/Advance-Tapes_AT0521_Silver.jpg\" \/>\n\t<meta property=\"og:image:width\" content=\"600\" \/>\n\t<meta property=\"og:image:height\" content=\"600\" \/>\n\t<meta property=\"og:image:type\" content=\"image\/jpeg\" \/>\n<meta name=\"twitter:card\" content=\"summary_large_image\" \/>\n<meta name=\"twitter:label1\" content=\"Est. reading time\" \/>\n\t<meta name=\"twitter:data1\" content=\"1 minute\" \/>\n<!-- \/ Yoast SEO plugin. -->","yoast_head_json":{"title":"AT521 Ruban Feuille D'Aluminium 40 Microns - Protection - Advance Tapes","robots":{"index":"index","follow":"follow","max-snippet":"max-snippet:-1","max-image-preview":"max-image-preview:large","max-video-preview":"max-video-preview:-1"},"canonical":"https:\/\/advancetapes.com\/fr\/products\/at521-ruban-feuille-daluminium-40-microns-protection\/","og_locale":"fr_FR","og_type":"article","og_title":"AT521 Ruban Feuille D'Aluminium 40 Microns - Protection - Advance Tapes","og_description":"&nbsp;  Test\u00e9 conform\u00e9ment \u00e0 la norme ASTM D-1000 derni\u00e8re version, BS EN 60454 \u2013 m\u00e9thodes d\u2019essai Partie 2. Test\u00e9 et r\u00e9pond aux sp\u00e9cifications militaires MIL-T - 47012. Construction test\u00e9e en interne et conforme \u00e0 la sp\u00e9cification retardatrice de flamme exigence d\u2019une partie seulement du UL510.  &nbsp;   L\u2019AT521 est un ruban aluminium 40 microns enduit d\u2019un adh\u00e9sif acrylique conducteur \u00e0 base de solvant \u00e9quip\u00e9 d\u2019un film de silicone d\u00e9tachable.","og_url":"https:\/\/advancetapes.com\/fr\/products\/at521-ruban-feuille-daluminium-40-microns-protection\/","og_site_name":"Advance Tapes","article_modified_time":"2021-04-12T20:50:17+00:00","og_image":[{"width":600,"height":600,"url":"https:\/\/advancetapes.com\/wp-content\/uploads\/2021\/01\/Advance-Tapes_AT0521_Silver.jpg","type":"image\/jpeg"}],"twitter_card":"summary_large_image","twitter_misc":{"Est. reading time":"1 minute"},"schema":{"@context":"https:\/\/schema.org","@graph":[{"@type":"WebPage","@id":"https:\/\/advancetapes.com\/fr\/products\/at521-ruban-feuille-daluminium-40-microns-protection\/","url":"https:\/\/advancetapes.com\/fr\/products\/at521-ruban-feuille-daluminium-40-microns-protection\/","name":"AT521 Ruban Feuille D'Aluminium 40 Microns - Protection - Advance Tapes","isPartOf":{"@id":"https:\/\/advancetapes.com\/fr\/#website"},"primaryImageOfPage":{"@id":"https:\/\/advancetapes.com\/fr\/products\/at521-ruban-feuille-daluminium-40-microns-protection\/#primaryimage"},"image":{"@id":"https:\/\/advancetapes.com\/fr\/products\/at521-ruban-feuille-daluminium-40-microns-protection\/#primaryimage"},"thumbnailUrl":"https:\/\/advancetapes.com\/wp-content\/uploads\/2021\/01\/Advance-Tapes_AT0521_Silver.jpg","datePublished":"2021-01-03T00:07:11+00:00","dateModified":"2021-04-12T20:50:17+00:00","breadcrumb":{"@id":"https:\/\/advancetapes.com\/fr\/products\/at521-ruban-feuille-daluminium-40-microns-protection\/#breadcrumb"},"inLanguage":"fr-FR","potentialAction":[{"@type":"ReadAction","target":["https:\/\/advancetapes.com\/fr\/products\/at521-ruban-feuille-daluminium-40-microns-protection\/"]}]},{"@type":"ImageObject","inLanguage":"fr-FR","@id":"https:\/\/advancetapes.com\/fr\/products\/at521-ruban-feuille-daluminium-40-microns-protection\/#primaryimage","url":"https:\/\/advancetapes.com\/wp-content\/uploads\/2021\/01\/Advance-Tapes_AT0521_Silver.jpg","contentUrl":"https:\/\/advancetapes.com\/wp-content\/uploads\/2021\/01\/Advance-Tapes_AT0521_Silver.jpg","width":600,"height":600},{"@type":"BreadcrumbList","@id":"https:\/\/advancetapes.com\/fr\/products\/at521-ruban-feuille-daluminium-40-microns-protection\/#breadcrumb","itemListElement":[{"@type":"ListItem","position":1,"name":"Home","item":"https:\/\/advancetapes.com\/fr\/"},{"@type":"ListItem","position":2,"name":"Products","item":"https:\/\/advancetapes.com\/fr\/products\/"},{"@type":"ListItem","position":3,"name":"AT521 Ruban Feuille D&#8217;Aluminium 40 Microns &#8211; Protection"}]},{"@type":"WebSite","@id":"https:\/\/advancetapes.com\/fr\/#website","url":"https:\/\/advancetapes.com\/fr\/","name":"Advance Tapes","description":"Adding more to adhesive tape","potentialAction":[{"@type":"SearchAction","target":{"@type":"EntryPoint","urlTemplate":"https:\/\/advancetapes.com\/fr\/?s={search_term_string}"},"query-input":{"@type":"PropertyValueSpecification","valueRequired":true,"valueName":"search_term_string"}}],"inLanguage":"fr-FR"}]}},"_links":{"self":[{"href":"https:\/\/advancetapes.com\/fr\/wp-json\/wp\/v2\/product\/5500","targetHints":{"allow":["GET"]}}],"collection":[{"href":"https:\/\/advancetapes.com\/fr\/wp-json\/wp\/v2\/product"}],"about":[{"href":"https:\/\/advancetapes.com\/fr\/wp-json\/wp\/v2\/types\/product"}],"wp:featuredmedia":[{"embeddable":true,"href":"https:\/\/advancetapes.com\/fr\/wp-json\/wp\/v2\/media\/2910"}],"wp:attachment":[{"href":"https:\/\/advancetapes.com\/fr\/wp-json\/wp\/v2\/media?parent=5500"}],"wp:term":[{"taxonomy":"product_brand","embeddable":true,"href":"https:\/\/advancetapes.com\/fr\/wp-json\/wp\/v2\/product_brand?post=5500"},{"taxonomy":"product_cat","embeddable":true,"href":"https:\/\/advancetapes.com\/fr\/wp-json\/wp\/v2\/product_cat?post=5500"},{"taxonomy":"product_tag","embeddable":true,"href":"https:\/\/advancetapes.com\/fr\/wp-json\/wp\/v2\/product_tag?post=5500"}],"curies":[{"name":"wp","href":"https:\/\/api.w.org\/{rel}","templated":true}]}}