{"id":5498,"date":"2021-01-03T00:02:57","date_gmt":"2021-01-03T00:02:57","guid":{"rendered":"https:\/\/advancetapes.com\/products\/ruban-aluminium-50-microns-at506\/"},"modified":"2025-04-02T09:00:54","modified_gmt":"2025-04-02T09:00:54","slug":"ruban-aluminium-50-microns-at506","status":"publish","type":"product","link":"https:\/\/advancetapes.com\/fr\/products\/ruban-aluminium-50-microns-at506\/","title":{"rendered":"AT0506 Ruban Aluminium 50 Microns"},"content":{"rendered":"<p><span data-mce-type=\"bookmark\" style=\"display: inline-block; width: 0px; overflow: hidden; line-height: 0;\" class=\"mce_SELRES_start\">\ufeff<\/span><div  class='tabcontainer av-kjftr0sh-5cbeaf8b0626cf654d5dd98b301fff40 top_tab  avia-builder-el-0  avia-builder-el-no-sibling '>\n<section class='av_tab_section av_tab_section av-11hpgu-4be52d5cd35b1935bec53286f39f067a'  itemscope=\"itemscope\" itemtype=\"https:\/\/schema.org\/CreativeWork\" ><div id='tab-id-1-tab' class='tab active_tab' role='tab' aria-selected=\"true\" tabindex=\"0\" data-fake-id='#tab-id-1' aria-controls='tab-id-1-content'  itemprop=\"headline\" >Fonctionnalit\u00e9s<\/div><div id='tab-id-1-content' class='tab_content active_tab_content' role='tabpanel' aria-labelledby='tab-id-1-tab' aria-hidden=\"false\"><div class='tab_inner_content invers-color'  itemprop=\"text\" ><ul>\n<li>Retardateur de flamme<\/li>\n<li>Bonne r\u00e9sistance \u00e0 haute et basse temp\u00e9rature<\/li>\n<li>Facile \u00e0 d\u00e9rouler et d\u00e9couper<\/li>\n<li>Imperm\u00e9able<\/li>\n<\/ul>\n<\/div><\/div><\/section>\n<section class='av_tab_section av_tab_section av-we4o6-b400c676fd4f160d5d6879d6e2c8f7df'  itemscope=\"itemscope\" itemtype=\"https:\/\/schema.org\/CreativeWork\" ><div id='tab-id-2-tab' class='tab' role='tab' aria-selected=\"false\" tabindex=\"0\" data-fake-id='#tab-id-2' aria-controls='tab-id-2-content'  itemprop=\"headline\" >Applications<\/div><div id='tab-id-2-content' class='tab_content' role='tabpanel' aria-labelledby='tab-id-2-tab' aria-hidden=\"true\"><div class='tab_inner_content invers-color'  itemprop=\"text\" ><ul>\n<li>Sceller des conduits en m\u00e9tal ou en plastique dans les centrales nucl\u00e9aires<\/li>\n<li>Scellement des unit\u00e9s vitr\u00e9es dans l&#8217;industrie du double vitrage<\/li>\n<li>R\u00e9flexion thermique et d\u00e9pistage dans l&#8217;industrie \u00e9lectronique<\/li>\n<li>Assemblage de feuille d&#8217;aluminium, de fibre de verre ou de laine de roche<\/li>\n<li>Sceller l&#8217;isolation des chambres froides<\/li>\n<li>R\u00e9flecteurs de chaleur utilis\u00e9s sur le collecteur d&#8217;\u00e9chappement dans le sport automobile<\/li>\n<\/ul>\n<\/div><\/div><\/section>\n<section class='av_tab_section av_tab_section av-qw0q6-139f2bd5b20ccad3111e52628c733372'  itemscope=\"itemscope\" itemtype=\"https:\/\/schema.org\/CreativeWork\" ><div id='tab-id-3-tab' class='tab' role='tab' aria-selected=\"false\" tabindex=\"0\" data-fake-id='#tab-id-3' aria-controls='tab-id-3-content'  itemprop=\"headline\" >Technical<\/div><div id='tab-id-3-content' class='tab_content' role='tabpanel' aria-labelledby='tab-id-3-tab' aria-hidden=\"true\"><div class='tab_inner_content invers-color'  itemprop=\"text\" ><div class=\"col-xs-24 col-sm-12\">\n<table cellspacing=\"0\" cellpadding=\"0\">\n<tbody>\n<tr>\n<td><strong>Type de Produit<\/strong><\/td>\n<td>Aluminium<\/td>\n<\/tr>\n<tr>\n<td><strong>Type d&#8217;Adh\u00e9sif<\/strong><\/td>\n<td>Masse adh\u00e9sive \u00e0 \u00e9mulsion acrylique<\/td>\n<\/tr>\n<tr>\n<td><strong>\u00c9paisseur<\/strong><\/td>\n<td>0.09 mm<\/td>\n<\/tr>\n<tr>\n<td><strong>R\u00e9sistance \u00e0 la rupture<\/strong><\/td>\n<td>35 N\/cm<\/td>\n<\/tr>\n<tr>\n<td><strong>Allongement<\/strong><\/td>\n<td>11%<\/td>\n<\/tr>\n<tr>\n<td><strong>Adh\u00e9sion sur acier<\/strong><\/td>\n<td>4.0 N\/cm<\/td>\n<\/tr>\n<tr>\n<td><strong>Tenue en temp\u00e9rature<\/strong><\/td>\n<td>-40\u00b0C \u00e0 +110\u00b0C<\/td>\n<\/tr>\n<tr>\n<td><strong>Conformit\u00e9 RoHS<\/strong><\/td>\n<td>Oui<\/td>\n<\/tr>\n<tr>\n<td><strong>Specification<\/strong><\/td>\n<td>BS476 Partie 6 et partie 7; Approuv\u00e9 par EDF PMUC; Classement au feu M1<\/td>\n<\/tr>\n<\/tbody>\n<\/table>\n<\/div>\n<\/div><\/div><\/section>\n<section class='av_tab_section av_tab_section av-piqt-48b82d9099e36577dd2c08fe8a3b94f7'  itemscope=\"itemscope\" itemtype=\"https:\/\/schema.org\/CreativeWork\" ><div id='tab-id-4-tab' class='tab' role='tab' aria-selected=\"false\" tabindex=\"0\" data-fake-id='#tab-id-4' aria-controls='tab-id-4-content'  itemprop=\"headline\" >Colours and Sizes<\/div><div id='tab-id-4-content' class='tab_content' role='tabpanel' aria-labelledby='tab-id-4-tab' aria-hidden=\"true\"><div class='tab_inner_content invers-color'  itemprop=\"text\" ><p><span id=\"uxm_tab_pro_color\" class=\"uxm_tab_pro_color\"><\/span><span id=\"uxm_tab_pro_color_2\" class=\"uxm_tab_pro_color\"><\/span><span id=\"uxm_tab_pro_color_3\" class=\"uxm_tab_pro_color\"><\/span><span id=\"uxm_tab_pro_color_4\" class=\"uxm_tab_pro_color\"><\/span><span id=\"uxm_tab_pro_color_5\" class=\"uxm_tab_pro_color\"><\/span><span id=\"uxm_tab_pro_color_6\" class=\"uxm_tab_pro_color\"><\/span><span id=\"uxm_tab_pro_color_7\" class=\"uxm_tab_pro_color\"><\/span><\/p>\n<table style=\"height: 50px;\" width=\"1356\" cellspacing=\"0\" cellpadding=\"0\">\n<tbody>\n<tr>\n<td><strong>Standard Stock Sizes<\/strong><\/td>\n<td>50mmx50m<\/td>\n<td>75mmx50m<\/td>\n<\/tr>\n<tr>\n<\/tr>\n<\/tbody>\n<\/table>\n<\/div><\/div><\/section>\n<\/div><span data-mce-type=\"bookmark\" style=\"display: inline-block; width: 0px; overflow: hidden; line-height: 0;\" class=\"mce_SELRES_end\">\ufeff<\/span><\/p>\n","protected":false},"excerpt":{"rendered":"<div class=\"first_para_desc\">AT506 est un ruban en feuille d&#8217;aluminium de 50 microns, recouvert d&#8217;un c\u00f4t\u00e9 d&#8217;un adh\u00e9sif acrylique sensible \u00e0 la pression en dispersion. Le ruban est recouvert d&#8217;un papier antiadh\u00e9sif enduit de poly\u00e9thyl\u00e8ne solide.<\/div>\n<div class=\"rest_of_desc\">\n<p>Ce ruban est ignifuge, ce qui donne une performance tr\u00e8s s\u00fbre l\u00e0 o\u00f9 le risque d&#8217;incendie est un probl\u00e8me. Il r\u00e9pond \u00e0 diverses sp\u00e9cifications, notamment BS476 Part 6 &amp; Part 7 Cat\u00e9gorie 1 et Classe de feu M1. L&#8217;AT506 r\u00e9pond \u00e0 la norme industrielle EDF PMUC qui le rend id\u00e9al pour l&#8217;\u00e9tanch\u00e9it\u00e9 des gaines m\u00e9talliques ou plastiques des centrales nucl\u00e9aires.<\/p>\n<p>L&#8217;AT506 offre des performances, une durabilit\u00e9 et une r\u00e9sistance \u00e9lev\u00e9es aux temp\u00e9ratures extr\u00eames (de -40\u02daC \u00e0 +110\u02daC).<\/p>\n<p>\u00c9galement id\u00e9al pour sceller les conduits m\u00e9talliques ou plastiques dans les centrales nucl\u00e9aires.<\/p>\n<\/div>\n","protected":false},"featured_media":2908,"template":"","meta":{"_acf_changed":false},"product_brand":[],"product_cat":[372,373,339,503,532],"product_tag":[329,330,333,331,334],"class_list":{"0":"post-5498","1":"product","2":"type-product","3":"status-publish","4":"has-post-thumbnail","6":"product_cat-building-fr","7":"product_cat-entertainment-fr","8":"product_cat-multi-purpose-adhesive-foil-tapes","9":"product_cat-stock-disponsible","10":"product_cat-stockatf-de-fr","11":"product_tag-building-fr","12":"product_tag-entertainment-fr","13":"product_tag-hevac-fr","14":"product_tag-industrial-consumables-fr","15":"product_tag-nuclear-fr","17":"first","18":"instock","19":"shipping-taxable","20":"product-type-simple"},"acf":[],"yoast_head":"<!-- This site is optimized with the Yoast SEO plugin v27.4 - https:\/\/yoast.com\/product\/yoast-seo-wordpress\/ -->\n<title>AT0506 Ruban Aluminium 50 Microns - Advance Tapes<\/title>\n<meta name=\"robots\" content=\"index, follow, max-snippet:-1, max-image-preview:large, max-video-preview:-1\" \/>\n<link rel=\"canonical\" href=\"https:\/\/advancetapes.com\/fr\/products\/ruban-aluminium-50-microns-at506\/\" \/>\n<meta property=\"og:locale\" content=\"fr_FR\" \/>\n<meta property=\"og:type\" content=\"article\" \/>\n<meta property=\"og:title\" content=\"AT0506 Ruban Aluminium 50 Microns - Advance Tapes\" \/>\n<meta property=\"og:description\" content=\"AT506 est un ruban en feuille d&#039;aluminium de 50 microns, recouvert d&#039;un c\u00f4t\u00e9 d&#039;un adh\u00e9sif acrylique sensible \u00e0 la pression en dispersion. Le ruban est recouvert d&#039;un papier antiadh\u00e9sif enduit de poly\u00e9thyl\u00e8ne solide.   Ce ruban est ignifuge, ce qui donne une performance tr\u00e8s s\u00fbre l\u00e0 o\u00f9 le risque d&#039;incendie est un probl\u00e8me. Il r\u00e9pond \u00e0 diverses sp\u00e9cifications, notamment BS476 Part 6 &amp; Part 7 Cat\u00e9gorie 1 et Classe de feu M1. L&#039;AT506 r\u00e9pond \u00e0 la norme industrielle EDF PMUC qui le rend id\u00e9al pour l&#039;\u00e9tanch\u00e9it\u00e9 des gaines m\u00e9talliques ou plastiques des centrales nucl\u00e9aires.  L&#039;AT506 offre des performances, une durabilit\u00e9 et une r\u00e9sistance \u00e9lev\u00e9es aux temp\u00e9ratures extr\u00eames (de -40\u02daC \u00e0 +110\u02daC).  \u00c9galement id\u00e9al pour sceller les conduits m\u00e9talliques ou plastiques dans les centrales nucl\u00e9aires.\" \/>\n<meta property=\"og:url\" content=\"https:\/\/advancetapes.com\/fr\/products\/ruban-aluminium-50-microns-at506\/\" \/>\n<meta property=\"og:site_name\" content=\"Advance Tapes\" \/>\n<meta property=\"article:modified_time\" content=\"2025-04-02T09:00:54+00:00\" \/>\n<meta property=\"og:image\" content=\"https:\/\/advancetapes.com\/wp-content\/uploads\/2021\/01\/Advance-Tapes_AT0506_Silver.jpg\" \/>\n\t<meta property=\"og:image:width\" content=\"600\" \/>\n\t<meta property=\"og:image:height\" content=\"600\" \/>\n\t<meta property=\"og:image:type\" content=\"image\/jpeg\" \/>\n<meta name=\"twitter:card\" content=\"summary_large_image\" \/>\n<meta name=\"twitter:label1\" content=\"Est. reading time\" \/>\n\t<meta name=\"twitter:data1\" content=\"1 minute\" \/>\n<!-- \/ Yoast SEO plugin. -->","yoast_head_json":{"title":"AT0506 Ruban Aluminium 50 Microns - Advance Tapes","robots":{"index":"index","follow":"follow","max-snippet":"max-snippet:-1","max-image-preview":"max-image-preview:large","max-video-preview":"max-video-preview:-1"},"canonical":"https:\/\/advancetapes.com\/fr\/products\/ruban-aluminium-50-microns-at506\/","og_locale":"fr_FR","og_type":"article","og_title":"AT0506 Ruban Aluminium 50 Microns - Advance Tapes","og_description":"AT506 est un ruban en feuille d'aluminium de 50 microns, recouvert d'un c\u00f4t\u00e9 d'un adh\u00e9sif acrylique sensible \u00e0 la pression en dispersion. Le ruban est recouvert d'un papier antiadh\u00e9sif enduit de poly\u00e9thyl\u00e8ne solide.   Ce ruban est ignifuge, ce qui donne une performance tr\u00e8s s\u00fbre l\u00e0 o\u00f9 le risque d'incendie est un probl\u00e8me. Il r\u00e9pond \u00e0 diverses sp\u00e9cifications, notamment BS476 Part 6 &amp; Part 7 Cat\u00e9gorie 1 et Classe de feu M1. L'AT506 r\u00e9pond \u00e0 la norme industrielle EDF PMUC qui le rend id\u00e9al pour l'\u00e9tanch\u00e9it\u00e9 des gaines m\u00e9talliques ou plastiques des centrales nucl\u00e9aires.  L'AT506 offre des performances, une durabilit\u00e9 et une r\u00e9sistance \u00e9lev\u00e9es aux temp\u00e9ratures extr\u00eames (de -40\u02daC \u00e0 +110\u02daC).  \u00c9galement id\u00e9al pour sceller les conduits m\u00e9talliques ou plastiques dans les centrales nucl\u00e9aires.","og_url":"https:\/\/advancetapes.com\/fr\/products\/ruban-aluminium-50-microns-at506\/","og_site_name":"Advance Tapes","article_modified_time":"2025-04-02T09:00:54+00:00","og_image":[{"width":600,"height":600,"url":"https:\/\/advancetapes.com\/wp-content\/uploads\/2021\/01\/Advance-Tapes_AT0506_Silver.jpg","type":"image\/jpeg"}],"twitter_card":"summary_large_image","twitter_misc":{"Est. reading time":"1 minute"},"schema":{"@context":"https:\/\/schema.org","@graph":[{"@type":"WebPage","@id":"https:\/\/advancetapes.com\/fr\/products\/ruban-aluminium-50-microns-at506\/","url":"https:\/\/advancetapes.com\/fr\/products\/ruban-aluminium-50-microns-at506\/","name":"AT0506 Ruban Aluminium 50 Microns - Advance Tapes","isPartOf":{"@id":"https:\/\/advancetapes.com\/fr\/#website"},"primaryImageOfPage":{"@id":"https:\/\/advancetapes.com\/fr\/products\/ruban-aluminium-50-microns-at506\/#primaryimage"},"image":{"@id":"https:\/\/advancetapes.com\/fr\/products\/ruban-aluminium-50-microns-at506\/#primaryimage"},"thumbnailUrl":"https:\/\/advancetapes.com\/wp-content\/uploads\/2021\/01\/Advance-Tapes_AT0506_Silver.jpg","datePublished":"2021-01-03T00:02:57+00:00","dateModified":"2025-04-02T09:00:54+00:00","breadcrumb":{"@id":"https:\/\/advancetapes.com\/fr\/products\/ruban-aluminium-50-microns-at506\/#breadcrumb"},"inLanguage":"fr-FR","potentialAction":[{"@type":"ReadAction","target":["https:\/\/advancetapes.com\/fr\/products\/ruban-aluminium-50-microns-at506\/"]}]},{"@type":"ImageObject","inLanguage":"fr-FR","@id":"https:\/\/advancetapes.com\/fr\/products\/ruban-aluminium-50-microns-at506\/#primaryimage","url":"https:\/\/advancetapes.com\/wp-content\/uploads\/2021\/01\/Advance-Tapes_AT0506_Silver.jpg","contentUrl":"https:\/\/advancetapes.com\/wp-content\/uploads\/2021\/01\/Advance-Tapes_AT0506_Silver.jpg","width":600,"height":600},{"@type":"BreadcrumbList","@id":"https:\/\/advancetapes.com\/fr\/products\/ruban-aluminium-50-microns-at506\/#breadcrumb","itemListElement":[{"@type":"ListItem","position":1,"name":"Home","item":"https:\/\/advancetapes.com\/fr\/"},{"@type":"ListItem","position":2,"name":"Products","item":"https:\/\/advancetapes.com\/fr\/products\/"},{"@type":"ListItem","position":3,"name":"AT0506 Ruban Aluminium 50 Microns"}]},{"@type":"WebSite","@id":"https:\/\/advancetapes.com\/fr\/#website","url":"https:\/\/advancetapes.com\/fr\/","name":"Advance Tapes","description":"Adding more to adhesive tape","potentialAction":[{"@type":"SearchAction","target":{"@type":"EntryPoint","urlTemplate":"https:\/\/advancetapes.com\/fr\/?s={search_term_string}"},"query-input":{"@type":"PropertyValueSpecification","valueRequired":true,"valueName":"search_term_string"}}],"inLanguage":"fr-FR"}]}},"_links":{"self":[{"href":"https:\/\/advancetapes.com\/fr\/wp-json\/wp\/v2\/product\/5498","targetHints":{"allow":["GET"]}}],"collection":[{"href":"https:\/\/advancetapes.com\/fr\/wp-json\/wp\/v2\/product"}],"about":[{"href":"https:\/\/advancetapes.com\/fr\/wp-json\/wp\/v2\/types\/product"}],"wp:featuredmedia":[{"embeddable":true,"href":"https:\/\/advancetapes.com\/fr\/wp-json\/wp\/v2\/media\/2908"}],"wp:attachment":[{"href":"https:\/\/advancetapes.com\/fr\/wp-json\/wp\/v2\/media?parent=5498"}],"wp:term":[{"taxonomy":"product_brand","embeddable":true,"href":"https:\/\/advancetapes.com\/fr\/wp-json\/wp\/v2\/product_brand?post=5498"},{"taxonomy":"product_cat","embeddable":true,"href":"https:\/\/advancetapes.com\/fr\/wp-json\/wp\/v2\/product_cat?post=5498"},{"taxonomy":"product_tag","embeddable":true,"href":"https:\/\/advancetapes.com\/fr\/wp-json\/wp\/v2\/product_tag?post=5498"}],"curies":[{"name":"wp","href":"https:\/\/api.w.org\/{rel}","templated":true}]}}