{"id":5496,"date":"2021-01-02T23:58:37","date_gmt":"2021-01-02T23:58:37","guid":{"rendered":"https:\/\/advancetapes.com\/products\/at502-ruban-aluminium-30-microns\/"},"modified":"2025-09-25T11:04:07","modified_gmt":"2025-09-25T11:04:07","slug":"at502-ruban-aluminium-30-microns","status":"publish","type":"product","link":"https:\/\/advancetapes.com\/fr\/products\/at502-ruban-aluminium-30-microns\/","title":{"rendered":"AT0502 Ruban Aluminium 30 Microns"},"content":{"rendered":"<div  class='tabcontainer av-kjftr0sh-5cbeaf8b0626cf654d5dd98b301fff40 top_tab  avia-builder-el-0  avia-builder-el-no-sibling '>\n<section class='av_tab_section av_tab_section av-13mw0i-02f4ee0e409c48a3c1a7853469485591'  itemscope=\"itemscope\" itemtype=\"https:\/\/schema.org\/CreativeWork\" ><div id='tab-id-1-tab' class='tab active_tab' role='tab' aria-selected=\"true\" tabindex=\"0\" data-fake-id='#tab-id-1' aria-controls='tab-id-1-content'  itemprop=\"headline\" >Fonctionnalit\u00e9s<\/div><div id='tab-id-1-content' class='tab_content active_tab_content' role='tabpanel' aria-labelledby='tab-id-1-tab' aria-hidden=\"false\"><div class='tab_inner_content invers-color'  itemprop=\"text\" ><ul>\n<li>Retardateur de flamme<\/li>\n<li>Auto-extinguible<\/li>\n<li>Bonne r\u00e9sistance \u00e0 haute et basse temp\u00e9rature<\/li>\n<li>Facile \u00e0 d\u00e9rouler et d\u00e9couper<\/li>\n<li>Imperm\u00e9able<\/li>\n<li>R\u00e9sistant \u00e0 la vapeur<\/li>\n<\/ul>\n<\/div><\/div><\/section>\n<section class='av_tab_section av_tab_section av-vdaa2-50efb65c5dbccb7a19d69309addbb0a1'  itemscope=\"itemscope\" itemtype=\"https:\/\/schema.org\/CreativeWork\" ><div id='tab-id-2-tab' class='tab' role='tab' aria-selected=\"false\" tabindex=\"0\" data-fake-id='#tab-id-2' aria-controls='tab-id-2-content'  itemprop=\"headline\" >Applications<\/div><div id='tab-id-2-content' class='tab_content' role='tabpanel' aria-labelledby='tab-id-2-tab' aria-hidden=\"true\"><div class='tab_inner_content invers-color'  itemprop=\"text\" ><ul>\n<li>Scellement des unit\u00e9s vitr\u00e9es dans l&#8217;industrie du double vitrage<\/li>\n<li>Sceller l&#8217;isolation des chambres froides<\/li>\n<li>R\u00e9flexion thermique et d\u00e9pistage dans l&#8217;industrie \u00e9lectronique<\/li>\n<li>Assemblage de feuille d&#8217;aluminium, de fibre de verre ou de laine de roche<\/li>\n<li>Scellement de conduits en m\u00e9tal ou en plastique<\/li>\n<\/ul>\n<\/div><\/div><\/section>\n<section class='av_tab_section av_tab_section av-ra24i-838a9a0f3a7858ecd5a92b61a4999aff'  itemscope=\"itemscope\" itemtype=\"https:\/\/schema.org\/CreativeWork\" ><div id='tab-id-3-tab' class='tab' role='tab' aria-selected=\"false\" tabindex=\"0\" data-fake-id='#tab-id-3' aria-controls='tab-id-3-content'  itemprop=\"headline\" >Technical<\/div><div id='tab-id-3-content' class='tab_content' role='tabpanel' aria-labelledby='tab-id-3-tab' aria-hidden=\"true\"><div class='tab_inner_content invers-color'  itemprop=\"text\" ><div class=\"col-xs-24 col-sm-12\">\n<table cellspacing=\"0\" cellpadding=\"0\">\n<tbody>\n<tr>\n<td><strong>Type de Produit<\/strong><\/td>\n<td>Aluminium<\/td>\n<\/tr>\n<tr>\n<td><strong>Type d&#8217;Adh\u00e9sif<\/strong><\/td>\n<td>Masse adh\u00e9sive \u00e0 \u00e9mulsion acrylique<\/td>\n<\/tr>\n<tr>\n<td><strong>\u00c9paisseur<\/strong><\/td>\n<td>0.07 mm<\/td>\n<\/tr>\n<tr>\n<td><strong>R\u00e9sistance \u00e0 la rupture<\/strong><\/td>\n<td>12 N\/cm<\/td>\n<\/tr>\n<tr>\n<td><strong>Allongement<\/strong><\/td>\n<td>5%<\/td>\n<\/tr>\n<tr>\n<td><strong>Adh\u00e9sion sur acier<\/strong><\/td>\n<td>3.6 N\/cm<\/td>\n<\/tr>\n<tr>\n<td><strong>Tenue en temp\u00e9rature<\/strong><\/td>\n<td>-40\u00b0C \u00e0 +110\u00b0C<\/td>\n<\/tr>\n<tr>\n<td><strong>Conformit\u00e9 RoHS<\/strong><\/td>\n<td>Oui<\/td>\n<\/tr>\n<tr>\n<td><strong>Specification<\/strong><\/td>\n<td>BS476 Partie 6 et partie 7; Classement au feu M1<\/td>\n<\/tr>\n<\/tbody>\n<\/table>\n<\/div>\n<\/div><\/div><\/section>\n<section class='av_tab_section av_tab_section av-piqt-c78631c4603ff59fef417d06594d5e20'  itemscope=\"itemscope\" itemtype=\"https:\/\/schema.org\/CreativeWork\" ><div id='tab-id-4-tab' class='tab' role='tab' aria-selected=\"false\" tabindex=\"0\" data-fake-id='#tab-id-4' aria-controls='tab-id-4-content'  itemprop=\"headline\" >Colours<\/div><div id='tab-id-4-content' class='tab_content' role='tabpanel' aria-labelledby='tab-id-4-tab' aria-hidden=\"true\"><div class='tab_inner_content invers-color'  itemprop=\"text\" ><\/div><\/div><\/section>\n<\/div>\n","protected":false},"excerpt":{"rendered":"<p><strong>En conformit\u00e9 avec les normes BS476 Article 6 et Article 7 cat\u00e9gorie 1.<br \/>\nClassement au feu M1.<\/strong><\/p>\n<p>&nbsp;<\/p>\n<div class=\"first_para_desc\">\n<p>L\u2019AT502 est un ruban aluminium 30 microns, enduit d\u2019une masse adh\u00e9sive \u00e0 \u00e9mulsion acrylique et sensible \u00e0 la pression. Le ruban est recouvert avec un protecteur de polyth\u00e8ne r\u00e9sistant.<\/p>\n<\/div>\n<div class=\"rest_of_desc\">\n<p>Ce ruban est \u00e0 la fois retardateur de flamme et auto-extinguible, offrant une performance tr\u00e8s s\u00fbre lorsque le risque d\u2019incendie est probl\u00e9matique. Certifi\u00e9 selon les normes BS476, parties 6 et 7, cat\u00e9gorie 1, classe de r\u00e9sistance au feu M1 et classe 0<br \/>\nL\u2019AT502 est r\u00e9sistant temp\u00e9ratures extr\u00eames (de -40\u00b0C \u00e0 +110\u00b0C), ce qui signifie que contrairement \u00e0 la plupart des rubans aluminium, il garantit une adh\u00e9sion solide et s\u00fbre aux surfaces requises.<\/p>\n<p>Id\u00e9al pour les r\u00e9parations rapides des tuyaux et des goutti\u00e8res, le scellement des unit\u00e9s vitr\u00e9es dans l\u2019industrie du double vitrage, l\u2019assemblage de fibres de verre ou de laine de roche. Sa finition miroir donnera un excellent r\u00e9sultat.<\/p>\n<\/div>\n","protected":false},"featured_media":2904,"template":"","meta":{"_acf_changed":false},"product_brand":[],"product_cat":[372,373,339],"product_tag":[329,330,333,331,334],"class_list":{"0":"post-5496","1":"product","2":"type-product","3":"status-publish","4":"has-post-thumbnail","6":"product_cat-building-fr","7":"product_cat-entertainment-fr","8":"product_cat-multi-purpose-adhesive-foil-tapes","9":"product_tag-building-fr","10":"product_tag-entertainment-fr","11":"product_tag-hevac-fr","12":"product_tag-industrial-consumables-fr","13":"product_tag-nuclear-fr","15":"first","16":"instock","17":"shipping-taxable","18":"product-type-simple"},"acf":[],"yoast_head":"<!-- This site is optimized with the Yoast SEO plugin v27.4 - https:\/\/yoast.com\/product\/yoast-seo-wordpress\/ -->\n<title>AT0502 Ruban Aluminium 30 Microns - Advance Tapes<\/title>\n<meta name=\"robots\" content=\"index, follow, max-snippet:-1, max-image-preview:large, max-video-preview:-1\" \/>\n<link rel=\"canonical\" href=\"https:\/\/advancetapes.com\/fr\/products\/at502-ruban-aluminium-30-microns\/\" \/>\n<meta property=\"og:locale\" content=\"fr_FR\" \/>\n<meta property=\"og:type\" content=\"article\" \/>\n<meta property=\"og:title\" content=\"AT0502 Ruban Aluminium 30 Microns - Advance Tapes\" \/>\n<meta property=\"og:description\" content=\"En conformit\u00e9 avec les normes BS476 Article 6 et Article 7 cat\u00e9gorie 1. Classement au feu M1.  &nbsp;   L\u2019AT502 est un ruban aluminium 30 microns, enduit d\u2019une masse adh\u00e9sive \u00e0 \u00e9mulsion acrylique et sensible \u00e0 la pression. Le ruban est recouvert avec un protecteur de polyth\u00e8ne r\u00e9sistant.     Ce ruban est \u00e0 la fois retardateur de flamme et auto-extinguible, offrant une performance tr\u00e8s s\u00fbre lorsque le risque d\u2019incendie est probl\u00e9matique. Certifi\u00e9 selon les normes BS476, parties 6 et 7, cat\u00e9gorie 1, classe de r\u00e9sistance au feu M1 et classe 0 L\u2019AT502 est r\u00e9sistant temp\u00e9ratures extr\u00eames (de -40\u00b0C \u00e0 +110\u00b0C), ce qui signifie que contrairement \u00e0 la plupart des rubans aluminium, il garantit une adh\u00e9sion solide et s\u00fbre aux surfaces requises.  Id\u00e9al pour les r\u00e9parations rapides des tuyaux et des goutti\u00e8res, le scellement des unit\u00e9s vitr\u00e9es dans l\u2019industrie du double vitrage, l\u2019assemblage de fibres de verre ou de laine de roche. Sa finition miroir donnera un excellent r\u00e9sultat.\" \/>\n<meta property=\"og:url\" content=\"https:\/\/advancetapes.com\/fr\/products\/at502-ruban-aluminium-30-microns\/\" \/>\n<meta property=\"og:site_name\" content=\"Advance Tapes\" \/>\n<meta property=\"article:modified_time\" content=\"2025-09-25T11:04:07+00:00\" \/>\n<meta property=\"og:image\" content=\"https:\/\/advancetapes.com\/wp-content\/uploads\/2021\/01\/Advance-Tapes_AT0502_Silver.jpg\" \/>\n\t<meta property=\"og:image:width\" content=\"600\" \/>\n\t<meta property=\"og:image:height\" content=\"600\" \/>\n\t<meta property=\"og:image:type\" content=\"image\/jpeg\" \/>\n<meta name=\"twitter:card\" content=\"summary_large_image\" \/>\n<meta name=\"twitter:label1\" content=\"Est. reading time\" \/>\n\t<meta name=\"twitter:data1\" content=\"1 minute\" \/>\n<!-- \/ Yoast SEO plugin. -->","yoast_head_json":{"title":"AT0502 Ruban Aluminium 30 Microns - Advance Tapes","robots":{"index":"index","follow":"follow","max-snippet":"max-snippet:-1","max-image-preview":"max-image-preview:large","max-video-preview":"max-video-preview:-1"},"canonical":"https:\/\/advancetapes.com\/fr\/products\/at502-ruban-aluminium-30-microns\/","og_locale":"fr_FR","og_type":"article","og_title":"AT0502 Ruban Aluminium 30 Microns - Advance Tapes","og_description":"En conformit\u00e9 avec les normes BS476 Article 6 et Article 7 cat\u00e9gorie 1. Classement au feu M1.  &nbsp;   L\u2019AT502 est un ruban aluminium 30 microns, enduit d\u2019une masse adh\u00e9sive \u00e0 \u00e9mulsion acrylique et sensible \u00e0 la pression. Le ruban est recouvert avec un protecteur de polyth\u00e8ne r\u00e9sistant.     Ce ruban est \u00e0 la fois retardateur de flamme et auto-extinguible, offrant une performance tr\u00e8s s\u00fbre lorsque le risque d\u2019incendie est probl\u00e9matique. Certifi\u00e9 selon les normes BS476, parties 6 et 7, cat\u00e9gorie 1, classe de r\u00e9sistance au feu M1 et classe 0 L\u2019AT502 est r\u00e9sistant temp\u00e9ratures extr\u00eames (de -40\u00b0C \u00e0 +110\u00b0C), ce qui signifie que contrairement \u00e0 la plupart des rubans aluminium, il garantit une adh\u00e9sion solide et s\u00fbre aux surfaces requises.  Id\u00e9al pour les r\u00e9parations rapides des tuyaux et des goutti\u00e8res, le scellement des unit\u00e9s vitr\u00e9es dans l\u2019industrie du double vitrage, l\u2019assemblage de fibres de verre ou de laine de roche. Sa finition miroir donnera un excellent r\u00e9sultat.","og_url":"https:\/\/advancetapes.com\/fr\/products\/at502-ruban-aluminium-30-microns\/","og_site_name":"Advance Tapes","article_modified_time":"2025-09-25T11:04:07+00:00","og_image":[{"width":600,"height":600,"url":"https:\/\/advancetapes.com\/wp-content\/uploads\/2021\/01\/Advance-Tapes_AT0502_Silver.jpg","type":"image\/jpeg"}],"twitter_card":"summary_large_image","twitter_misc":{"Est. reading time":"1 minute"},"schema":{"@context":"https:\/\/schema.org","@graph":[{"@type":"WebPage","@id":"https:\/\/advancetapes.com\/fr\/products\/at502-ruban-aluminium-30-microns\/","url":"https:\/\/advancetapes.com\/fr\/products\/at502-ruban-aluminium-30-microns\/","name":"AT0502 Ruban Aluminium 30 Microns - Advance Tapes","isPartOf":{"@id":"https:\/\/advancetapes.com\/fr\/#website"},"primaryImageOfPage":{"@id":"https:\/\/advancetapes.com\/fr\/products\/at502-ruban-aluminium-30-microns\/#primaryimage"},"image":{"@id":"https:\/\/advancetapes.com\/fr\/products\/at502-ruban-aluminium-30-microns\/#primaryimage"},"thumbnailUrl":"https:\/\/advancetapes.com\/wp-content\/uploads\/2021\/01\/Advance-Tapes_AT0502_Silver.jpg","datePublished":"2021-01-02T23:58:37+00:00","dateModified":"2025-09-25T11:04:07+00:00","breadcrumb":{"@id":"https:\/\/advancetapes.com\/fr\/products\/at502-ruban-aluminium-30-microns\/#breadcrumb"},"inLanguage":"fr-FR","potentialAction":[{"@type":"ReadAction","target":["https:\/\/advancetapes.com\/fr\/products\/at502-ruban-aluminium-30-microns\/"]}]},{"@type":"ImageObject","inLanguage":"fr-FR","@id":"https:\/\/advancetapes.com\/fr\/products\/at502-ruban-aluminium-30-microns\/#primaryimage","url":"https:\/\/advancetapes.com\/wp-content\/uploads\/2021\/01\/Advance-Tapes_AT0502_Silver.jpg","contentUrl":"https:\/\/advancetapes.com\/wp-content\/uploads\/2021\/01\/Advance-Tapes_AT0502_Silver.jpg","width":600,"height":600,"caption":"30 Micron Aluminium Foil Tape"},{"@type":"BreadcrumbList","@id":"https:\/\/advancetapes.com\/fr\/products\/at502-ruban-aluminium-30-microns\/#breadcrumb","itemListElement":[{"@type":"ListItem","position":1,"name":"Home","item":"https:\/\/advancetapes.com\/fr\/"},{"@type":"ListItem","position":2,"name":"Products","item":"https:\/\/advancetapes.com\/fr\/products\/"},{"@type":"ListItem","position":3,"name":"AT0502 Ruban Aluminium 30 Microns"}]},{"@type":"WebSite","@id":"https:\/\/advancetapes.com\/fr\/#website","url":"https:\/\/advancetapes.com\/fr\/","name":"Advance Tapes","description":"Adding more to adhesive tape","potentialAction":[{"@type":"SearchAction","target":{"@type":"EntryPoint","urlTemplate":"https:\/\/advancetapes.com\/fr\/?s={search_term_string}"},"query-input":{"@type":"PropertyValueSpecification","valueRequired":true,"valueName":"search_term_string"}}],"inLanguage":"fr-FR"}]}},"_links":{"self":[{"href":"https:\/\/advancetapes.com\/fr\/wp-json\/wp\/v2\/product\/5496","targetHints":{"allow":["GET"]}}],"collection":[{"href":"https:\/\/advancetapes.com\/fr\/wp-json\/wp\/v2\/product"}],"about":[{"href":"https:\/\/advancetapes.com\/fr\/wp-json\/wp\/v2\/types\/product"}],"wp:featuredmedia":[{"embeddable":true,"href":"https:\/\/advancetapes.com\/fr\/wp-json\/wp\/v2\/media\/2904"}],"wp:attachment":[{"href":"https:\/\/advancetapes.com\/fr\/wp-json\/wp\/v2\/media?parent=5496"}],"wp:term":[{"taxonomy":"product_brand","embeddable":true,"href":"https:\/\/advancetapes.com\/fr\/wp-json\/wp\/v2\/product_brand?post=5496"},{"taxonomy":"product_cat","embeddable":true,"href":"https:\/\/advancetapes.com\/fr\/wp-json\/wp\/v2\/product_cat?post=5496"},{"taxonomy":"product_tag","embeddable":true,"href":"https:\/\/advancetapes.com\/fr\/wp-json\/wp\/v2\/product_tag?post=5496"}],"curies":[{"name":"wp","href":"https:\/\/api.w.org\/{rel}","templated":true}]}}