{"id":5494,"date":"2021-01-02T23:51:31","date_gmt":"2021-01-02T23:51:31","guid":{"rendered":"https:\/\/advancetapes.com\/products\/at501-ruban-aluminium-renforce\/"},"modified":"2025-04-02T08:59:47","modified_gmt":"2025-04-02T08:59:47","slug":"at501-ruban-aluminium-renforce","status":"publish","type":"product","link":"https:\/\/advancetapes.com\/fr\/products\/at501-ruban-aluminium-renforce\/","title":{"rendered":"AT0501 Ruban Aluminium Renforc\u00e9"},"content":{"rendered":"<p><span data-mce-type=\"bookmark\" style=\"display: inline-block; width: 0px; overflow: hidden; line-height: 0;\" class=\"mce_SELRES_start\">\ufeff<\/span><div  class='tabcontainer av-kjftr0sh-5cbeaf8b0626cf654d5dd98b301fff40 top_tab  avia-builder-el-0  avia-builder-el-no-sibling '>\n<section class='av_tab_section av_tab_section av-14a926-3a77ccb85809c2edc22f91540578a3ad'  itemscope=\"itemscope\" itemtype=\"https:\/\/schema.org\/CreativeWork\" ><div id='tab-id-1-tab' class='tab active_tab' role='tab' aria-selected=\"true\" tabindex=\"0\" data-fake-id='#tab-id-1' aria-controls='tab-id-1-content'  itemprop=\"headline\" >Fonctionnalit\u00e9s<\/div><div id='tab-id-1-content' class='tab_content active_tab_content' role='tabpanel' aria-labelledby='tab-id-1-tab' aria-hidden=\"false\"><div class='tab_inner_content invers-color'  itemprop=\"text\" ><ul>\n<li>\u00a0Ignifuge<\/li>\n<li>R\u00e9sistance aux hautes et basses temp\u00e9ratures<\/li>\n<li>D\u00e9roulement et d\u00e9coupe facile<\/li>\n<li>\u00c9tanche<\/li>\n<li>Trame renforc\u00e9e<\/li>\n<\/ul>\n<\/div><\/div><\/section>\n<section class='av_tab_section av_tab_section av-vgqi6-0b0fac4c2d1b8ff15094629f5bc21a10'  itemscope=\"itemscope\" itemtype=\"https:\/\/schema.org\/CreativeWork\" ><div id='tab-id-2-tab' class='tab' role='tab' aria-selected=\"false\" tabindex=\"0\" data-fake-id='#tab-id-2' aria-controls='tab-id-2-content'  itemprop=\"headline\" >Applications<\/div><div id='tab-id-2-content' class='tab_content' role='tabpanel' aria-labelledby='tab-id-2-tab' aria-hidden=\"true\"><div class='tab_inner_content invers-color'  itemprop=\"text\" ><ul>\n<li>Assemblage de panneaux isolants et de sections de tuyaux rev\u00eatus d&#8217;une feuille d&#8217;aluminium<\/li>\n<li>Assemblage de l&#8217;isolant fibreux entre la peau interne et le fuselage des a\u00e9ronefs<\/li>\n<li>Joints d&#8217;\u00e9tanch\u00e9it\u00e9 dans les conduits m\u00e9talliques<\/li>\n<\/ul>\n<\/div><\/div><\/section>\n<section class='av_tab_section av_tab_section av-p0jpi-faeaa5d6c1b890b7b1efd3922af0f708'  itemscope=\"itemscope\" itemtype=\"https:\/\/schema.org\/CreativeWork\" ><div id='tab-id-3-tab' class='tab' role='tab' aria-selected=\"false\" tabindex=\"0\" data-fake-id='#tab-id-3' aria-controls='tab-id-3-content'  itemprop=\"headline\" >Technical<\/div><div id='tab-id-3-content' class='tab_content' role='tabpanel' aria-labelledby='tab-id-3-tab' aria-hidden=\"true\"><div class='tab_inner_content invers-color'  itemprop=\"text\" ><div class=\"col-xs-24 col-sm-12\">\n<table cellspacing=\"0\" cellpadding=\"0\">\n<tbody>\n<tr>\n<td><strong>Type de Produit<\/strong><\/td>\n<td>Aluminium<\/td>\n<\/tr>\n<tr>\n<td><strong>Type d&#8217;Adh\u00e9sif<\/strong><\/td>\n<td>Masse adh\u00e9sive \u00e0 \u00e9mulsion acrylique<\/td>\n<\/tr>\n<tr>\n<td><strong>\u00c9paisseur<\/strong><\/td>\n<td>0.14 mm<\/td>\n<\/tr>\n<tr>\n<td><strong>R\u00e9sistance \u00e0 la rupture<\/strong><\/td>\n<td>45 N\/cm<\/td>\n<\/tr>\n<tr>\n<td><strong>Allongement<\/strong><\/td>\n<td>5%<\/td>\n<\/tr>\n<tr>\n<td><strong>Adh\u00e9sion sur acier<\/strong><\/td>\n<td>6 N\/cm<\/td>\n<\/tr>\n<tr>\n<td><strong>Tenue en temp\u00e9rature<\/strong><\/td>\n<td>-40\u00b0C \u00e0 +120\u00b0C<\/td>\n<\/tr>\n<tr>\n<td><strong>Specification<\/strong><\/td>\n<td>La norme BS476 Classe 0 peut \u00eatre atteint avec ce produit lorsqu\u2019il est utilis\u00e9 en<br \/>\nconjonction avec d\u2019autres produits appropri\u00e9s.<\/td>\n<\/tr>\n<tr>\n<td><strong>Conformit\u00e9 RoHS<\/strong><\/td>\n<td>Oui<\/td>\n<\/tr>\n<\/tbody>\n<\/table>\n<\/div>\n<\/div><\/div><\/section>\n<section class='av_tab_section av_tab_section av-piqt-48b82d9099e36577dd2c08fe8a3b94f7'  itemscope=\"itemscope\" itemtype=\"https:\/\/schema.org\/CreativeWork\" ><div id='tab-id-4-tab' class='tab' role='tab' aria-selected=\"false\" tabindex=\"0\" data-fake-id='#tab-id-4' aria-controls='tab-id-4-content'  itemprop=\"headline\" >Colours and Sizes<\/div><div id='tab-id-4-content' class='tab_content' role='tabpanel' aria-labelledby='tab-id-4-tab' aria-hidden=\"true\"><div class='tab_inner_content invers-color'  itemprop=\"text\" ><p><span id=\"uxm_tab_pro_color\" class=\"uxm_tab_pro_color\"><\/span><span id=\"uxm_tab_pro_color_2\" class=\"uxm_tab_pro_color\"><\/span><span id=\"uxm_tab_pro_color_3\" class=\"uxm_tab_pro_color\"><\/span><span id=\"uxm_tab_pro_color_4\" class=\"uxm_tab_pro_color\"><\/span><span id=\"uxm_tab_pro_color_5\" class=\"uxm_tab_pro_color\"><\/span><span id=\"uxm_tab_pro_color_6\" class=\"uxm_tab_pro_color\"><\/span><span id=\"uxm_tab_pro_color_7\" class=\"uxm_tab_pro_color\"><\/span><\/p>\n<table style=\"height: 50px;\" width=\"1356\" cellspacing=\"0\" cellpadding=\"0\">\n<tbody>\n<tr>\n<td><strong>Standard Stock Sizes<\/strong><\/td>\n<td>75mmx50m<\/td>\n<\/tr>\n<tr>\n<\/tr>\n<\/tbody>\n<\/table>\n<\/div><\/div><\/section>\n<\/div><span data-mce-type=\"bookmark\" style=\"display: inline-block; width: 0px; overflow: hidden; line-height: 0;\" class=\"mce_SELRES_end\">\ufeff<\/span><\/p>\n","protected":false},"excerpt":{"rendered":"<p><strong>En conformit\u00e9 avec les normes BS476 Article 7 cat\u00e9gorie 1.<br \/>\nClassement au feu M1.<\/strong><\/p>\n<p>&nbsp;<\/p>\n<div class=\"first_para_desc\">\n<p>L\u2019AT501 est un ruban aluminium 120\u03bc trame renforc\u00e9e et papier kraft lamin\u00e9 enduit c\u00f4t\u00e9 kraft avec une masse adh\u00e9sive \u00e0 \u00e9mulsion acrylique et sensible \u00e0 la pression. Le ruban est prot\u00e9g\u00e9 avec un solide papier enduit poly\u00e9thyl\u00e8ne.<\/p>\n<\/div>\n","protected":false},"featured_media":8204,"template":"","meta":{"_acf_changed":false},"product_brand":[],"product_cat":[339,503,532],"product_tag":[329,333,331],"class_list":{"0":"post-5494","1":"product","2":"type-product","3":"status-publish","4":"has-post-thumbnail","6":"product_cat-multi-purpose-adhesive-foil-tapes","7":"product_cat-stock-disponsible","8":"product_cat-stockatf-de-fr","9":"product_tag-building-fr","10":"product_tag-hevac-fr","11":"product_tag-industrial-consumables-fr","13":"first","14":"instock","15":"shipping-taxable","16":"product-type-simple"},"acf":[],"yoast_head":"<!-- This site is optimized with the Yoast SEO plugin v27.4 - https:\/\/yoast.com\/product\/yoast-seo-wordpress\/ -->\n<title>AT0501 Ruban Aluminium Renforc\u00e9 - Advance Tapes<\/title>\n<meta name=\"robots\" content=\"index, follow, max-snippet:-1, max-image-preview:large, max-video-preview:-1\" \/>\n<link rel=\"canonical\" href=\"https:\/\/advancetapes.com\/fr\/products\/at501-ruban-aluminium-renforce\/\" \/>\n<meta property=\"og:locale\" content=\"fr_FR\" \/>\n<meta property=\"og:type\" content=\"article\" \/>\n<meta property=\"og:title\" content=\"AT0501 Ruban Aluminium Renforc\u00e9 - Advance Tapes\" \/>\n<meta property=\"og:description\" content=\"En conformit\u00e9 avec les normes BS476 Article 7 cat\u00e9gorie 1. Classement au feu M1.  &nbsp;   L\u2019AT501 est un ruban aluminium 120\u03bc trame renforc\u00e9e et papier kraft lamin\u00e9 enduit c\u00f4t\u00e9 kraft avec une masse adh\u00e9sive \u00e0 \u00e9mulsion acrylique et sensible \u00e0 la pression. Le ruban est prot\u00e9g\u00e9 avec un solide papier enduit poly\u00e9thyl\u00e8ne.\" \/>\n<meta property=\"og:url\" content=\"https:\/\/advancetapes.com\/fr\/products\/at501-ruban-aluminium-renforce\/\" \/>\n<meta property=\"og:site_name\" content=\"Advance Tapes\" \/>\n<meta property=\"article:modified_time\" content=\"2025-04-02T08:59:47+00:00\" \/>\n<meta property=\"og:image\" content=\"https:\/\/advancetapes.com\/wp-content\/uploads\/2021\/01\/AT501-new-version-1030x1003.png\" \/>\n\t<meta property=\"og:image:width\" content=\"1030\" \/>\n\t<meta property=\"og:image:height\" content=\"1003\" \/>\n\t<meta property=\"og:image:type\" content=\"image\/png\" \/>\n<meta name=\"twitter:card\" content=\"summary_large_image\" \/>\n<meta name=\"twitter:label1\" content=\"Est. reading time\" \/>\n\t<meta name=\"twitter:data1\" content=\"1 minute\" \/>\n<!-- \/ Yoast SEO plugin. -->","yoast_head_json":{"title":"AT0501 Ruban Aluminium Renforc\u00e9 - Advance Tapes","robots":{"index":"index","follow":"follow","max-snippet":"max-snippet:-1","max-image-preview":"max-image-preview:large","max-video-preview":"max-video-preview:-1"},"canonical":"https:\/\/advancetapes.com\/fr\/products\/at501-ruban-aluminium-renforce\/","og_locale":"fr_FR","og_type":"article","og_title":"AT0501 Ruban Aluminium Renforc\u00e9 - Advance Tapes","og_description":"En conformit\u00e9 avec les normes BS476 Article 7 cat\u00e9gorie 1. Classement au feu M1.  &nbsp;   L\u2019AT501 est un ruban aluminium 120\u03bc trame renforc\u00e9e et papier kraft lamin\u00e9 enduit c\u00f4t\u00e9 kraft avec une masse adh\u00e9sive \u00e0 \u00e9mulsion acrylique et sensible \u00e0 la pression. Le ruban est prot\u00e9g\u00e9 avec un solide papier enduit poly\u00e9thyl\u00e8ne.","og_url":"https:\/\/advancetapes.com\/fr\/products\/at501-ruban-aluminium-renforce\/","og_site_name":"Advance Tapes","article_modified_time":"2025-04-02T08:59:47+00:00","og_image":[{"width":1030,"height":1003,"url":"https:\/\/advancetapes.com\/wp-content\/uploads\/2021\/01\/AT501-new-version-1030x1003.png","type":"image\/png"}],"twitter_card":"summary_large_image","twitter_misc":{"Est. reading time":"1 minute"},"schema":{"@context":"https:\/\/schema.org","@graph":[{"@type":"WebPage","@id":"https:\/\/advancetapes.com\/fr\/products\/at501-ruban-aluminium-renforce\/","url":"https:\/\/advancetapes.com\/fr\/products\/at501-ruban-aluminium-renforce\/","name":"AT0501 Ruban Aluminium Renforc\u00e9 - Advance Tapes","isPartOf":{"@id":"https:\/\/advancetapes.com\/fr\/#website"},"primaryImageOfPage":{"@id":"https:\/\/advancetapes.com\/fr\/products\/at501-ruban-aluminium-renforce\/#primaryimage"},"image":{"@id":"https:\/\/advancetapes.com\/fr\/products\/at501-ruban-aluminium-renforce\/#primaryimage"},"thumbnailUrl":"https:\/\/advancetapes.com\/wp-content\/uploads\/2021\/01\/AT501-new-version.png","datePublished":"2021-01-02T23:51:31+00:00","dateModified":"2025-04-02T08:59:47+00:00","breadcrumb":{"@id":"https:\/\/advancetapes.com\/fr\/products\/at501-ruban-aluminium-renforce\/#breadcrumb"},"inLanguage":"fr-FR","potentialAction":[{"@type":"ReadAction","target":["https:\/\/advancetapes.com\/fr\/products\/at501-ruban-aluminium-renforce\/"]}]},{"@type":"ImageObject","inLanguage":"fr-FR","@id":"https:\/\/advancetapes.com\/fr\/products\/at501-ruban-aluminium-renforce\/#primaryimage","url":"https:\/\/advancetapes.com\/wp-content\/uploads\/2021\/01\/AT501-new-version.png","contentUrl":"https:\/\/advancetapes.com\/wp-content\/uploads\/2021\/01\/AT501-new-version.png","width":2588,"height":2520},{"@type":"BreadcrumbList","@id":"https:\/\/advancetapes.com\/fr\/products\/at501-ruban-aluminium-renforce\/#breadcrumb","itemListElement":[{"@type":"ListItem","position":1,"name":"Home","item":"https:\/\/advancetapes.com\/fr\/"},{"@type":"ListItem","position":2,"name":"Products","item":"https:\/\/advancetapes.com\/fr\/products\/"},{"@type":"ListItem","position":3,"name":"AT0501 Ruban Aluminium Renforc\u00e9"}]},{"@type":"WebSite","@id":"https:\/\/advancetapes.com\/fr\/#website","url":"https:\/\/advancetapes.com\/fr\/","name":"Advance Tapes","description":"Adding more to adhesive tape","potentialAction":[{"@type":"SearchAction","target":{"@type":"EntryPoint","urlTemplate":"https:\/\/advancetapes.com\/fr\/?s={search_term_string}"},"query-input":{"@type":"PropertyValueSpecification","valueRequired":true,"valueName":"search_term_string"}}],"inLanguage":"fr-FR"}]}},"_links":{"self":[{"href":"https:\/\/advancetapes.com\/fr\/wp-json\/wp\/v2\/product\/5494","targetHints":{"allow":["GET"]}}],"collection":[{"href":"https:\/\/advancetapes.com\/fr\/wp-json\/wp\/v2\/product"}],"about":[{"href":"https:\/\/advancetapes.com\/fr\/wp-json\/wp\/v2\/types\/product"}],"wp:featuredmedia":[{"embeddable":true,"href":"https:\/\/advancetapes.com\/fr\/wp-json\/wp\/v2\/media\/8204"}],"wp:attachment":[{"href":"https:\/\/advancetapes.com\/fr\/wp-json\/wp\/v2\/media?parent=5494"}],"wp:term":[{"taxonomy":"product_brand","embeddable":true,"href":"https:\/\/advancetapes.com\/fr\/wp-json\/wp\/v2\/product_brand?post=5494"},{"taxonomy":"product_cat","embeddable":true,"href":"https:\/\/advancetapes.com\/fr\/wp-json\/wp\/v2\/product_cat?post=5494"},{"taxonomy":"product_tag","embeddable":true,"href":"https:\/\/advancetapes.com\/fr\/wp-json\/wp\/v2\/product_tag?post=5494"}],"curies":[{"name":"wp","href":"https:\/\/api.w.org\/{rel}","templated":true}]}}