{"id":5492,"date":"2021-01-02T23:46:37","date_gmt":"2021-01-02T23:46:37","guid":{"rendered":"https:\/\/advancetapes.com\/products\/at500-ruban-aluminium-40-microns\/"},"modified":"2025-04-02T08:58:37","modified_gmt":"2025-04-02T08:58:37","slug":"at500-ruban-aluminium-40-microns","status":"publish","type":"product","link":"https:\/\/advancetapes.com\/fr\/products\/at500-ruban-aluminium-40-microns\/","title":{"rendered":"AT0500 Ruban Aluminium 40 Microns"},"content":{"rendered":"<p><span data-mce-type=\"bookmark\" style=\"display: inline-block; width: 0px; overflow: hidden; line-height: 0;\" class=\"mce_SELRES_start\">\ufeff<\/span><div  class='tabcontainer av-kjftr0sh-5cbeaf8b0626cf654d5dd98b301fff40 top_tab  avia-builder-el-0  avia-builder-el-no-sibling '>\n<section class='av_tab_section av_tab_section av-10wcxu-d4a664e13fde6dad99562dd2ac20be43'  itemscope=\"itemscope\" itemtype=\"https:\/\/schema.org\/CreativeWork\" ><div id='tab-id-1-tab' class='tab active_tab' role='tab' aria-selected=\"true\" tabindex=\"0\" data-fake-id='#tab-id-1' aria-controls='tab-id-1-content'  itemprop=\"headline\" >Fonctionnalit\u00e9s<\/div><div id='tab-id-1-content' class='tab_content active_tab_content' role='tabpanel' aria-labelledby='tab-id-1-tab' aria-hidden=\"false\"><div class='tab_inner_content invers-color'  itemprop=\"text\" ><ul>\n<li>Retardateur de flamme<\/li>\n<li>Auto-extinguible<\/li>\n<li>Bonne r\u00e9sistance \u00e0 haute et basse temp\u00e9rature<\/li>\n<li>Imperm\u00e9able<\/li>\n<li>Facile \u00e0 d\u00e9rouler et d\u00e9couper<\/li>\n<\/ul>\n<\/div><\/div><\/section>\n<section class='av_tab_section av_tab_section av-zpbk2-9b03f447205326a0257ee05d59d606ee'  itemscope=\"itemscope\" itemtype=\"https:\/\/schema.org\/CreativeWork\" ><div id='tab-id-2-tab' class='tab' role='tab' aria-selected=\"false\" tabindex=\"0\" data-fake-id='#tab-id-2' aria-controls='tab-id-2-content'  itemprop=\"headline\" >Applications<\/div><div id='tab-id-2-content' class='tab_content' role='tabpanel' aria-labelledby='tab-id-2-tab' aria-hidden=\"true\"><div class='tab_inner_content invers-color'  itemprop=\"text\" ><ul>\n<li>Scellement des unit\u00e9s vitr\u00e9es dans l&#8217;industrie du double vitrage<\/li>\n<li>R\u00e9flexion thermique et d\u00e9pistage dans l&#8217;industrie \u00e9lectronique<\/li>\n<li>Assemblage de feuille d&#8217;aluminium, de fibre de verre ou de laine de roche<\/li>\n<li>Scellement de conduits en m\u00e9tal ou en plastique<\/li>\n<li>Sceller l&#8217;isolation des chambres froides<\/li>\n<li>Fixation de l&#8217;insonorisation \u00e0 la t\u00f4le d&#8217;aluminium<\/li>\n<li>Masquage des composants en plastique pendant la fabrication<\/li>\n<\/ul>\n<\/div><\/div><\/section>\n<section class='av_tab_section av_tab_section av-qnnsi-82bd37f9c93f7f92a7520d932f88df0a'  itemscope=\"itemscope\" itemtype=\"https:\/\/schema.org\/CreativeWork\" ><div id='tab-id-3-tab' class='tab' role='tab' aria-selected=\"false\" tabindex=\"0\" data-fake-id='#tab-id-3' aria-controls='tab-id-3-content'  itemprop=\"headline\" >Technical<\/div><div id='tab-id-3-content' class='tab_content' role='tabpanel' aria-labelledby='tab-id-3-tab' aria-hidden=\"true\"><div class='tab_inner_content invers-color'  itemprop=\"text\" ><div class=\"col-xs-24 col-sm-12\">\n<table cellspacing=\"0\" cellpadding=\"0\">\n<tbody>\n<tr>\n<td><strong>Type de Produit<\/strong><\/td>\n<td>Aluminium<\/td>\n<\/tr>\n<tr>\n<td><strong>Type d&#8217;Adh\u00e9sif<\/strong><\/td>\n<td>Masse adh\u00e9sive \u00e0 \u00e9mulsion acrylique<\/td>\n<\/tr>\n<tr>\n<td><strong>\u00c9paisseur<\/strong><\/td>\n<td>0.08 mm<\/td>\n<\/tr>\n<tr>\n<td><strong>R\u00e9sistance \u00e0 la rupture<\/strong><\/td>\n<td>22 N\/cm<\/td>\n<\/tr>\n<tr>\n<td><strong>Allongement<\/strong><\/td>\n<td>5%<\/td>\n<\/tr>\n<tr>\n<td><strong>Adh\u00e9sion sur acier<\/strong><\/td>\n<td>3.8 N\/cm<\/td>\n<\/tr>\n<tr>\n<td><strong>Tenue en temp\u00e9rature<\/strong><\/td>\n<td>-40\u00b0C \u00e0 +110\u00b0C<\/td>\n<\/tr>\n<tr>\n<td><strong>Conformit\u00e9 RoHS<\/strong><\/td>\n<td>Oui<\/td>\n<\/tr>\n<tr>\n<td><strong>Specification<\/strong><\/td>\n<td>BS476 Partie 6 et partie 7; Classement au feu M1<\/td>\n<\/tr>\n<\/tbody>\n<\/table>\n<\/div>\n<\/div><\/div><\/section>\n<section class='av_tab_section av_tab_section av-piqt-48b82d9099e36577dd2c08fe8a3b94f7'  itemscope=\"itemscope\" itemtype=\"https:\/\/schema.org\/CreativeWork\" ><div id='tab-id-4-tab' class='tab' role='tab' aria-selected=\"false\" tabindex=\"0\" data-fake-id='#tab-id-4' aria-controls='tab-id-4-content'  itemprop=\"headline\" >Colours and Sizes<\/div><div id='tab-id-4-content' class='tab_content' role='tabpanel' aria-labelledby='tab-id-4-tab' aria-hidden=\"true\"><div class='tab_inner_content invers-color'  itemprop=\"text\" ><p><span id=\"uxm_tab_pro_color\" class=\"uxm_tab_pro_color\"><\/span><span id=\"uxm_tab_pro_color_2\" class=\"uxm_tab_pro_color\"><\/span><span id=\"uxm_tab_pro_color_3\" class=\"uxm_tab_pro_color\"><\/span><span id=\"uxm_tab_pro_color_4\" class=\"uxm_tab_pro_color\"><\/span><span id=\"uxm_tab_pro_color_5\" class=\"uxm_tab_pro_color\"><\/span><span id=\"uxm_tab_pro_color_6\" class=\"uxm_tab_pro_color\"><\/span><span id=\"uxm_tab_pro_color_7\" class=\"uxm_tab_pro_color\"><\/span><\/p>\n<table style=\"height: 50px;\" width=\"1356\" cellspacing=\"0\" cellpadding=\"0\">\n<tbody>\n<tr>\n<td><strong>Standard Stock Sizes<\/strong><\/td>\n<td>50mmx50m<\/td>\n<td>63mmx50m<\/td>\n<td>75mmx50m<\/td>\n<td>100mmx50m<\/td>\n<\/tr>\n<tr>\n<\/tr>\n<\/tbody>\n<\/table>\n<\/div><\/div><\/section>\n<\/div><span data-mce-type=\"bookmark\" style=\"display: inline-block; width: 0px; overflow: hidden; line-height: 0;\" class=\"mce_SELRES_end\">\ufeff<\/span><\/p>\n","protected":false},"excerpt":{"rendered":"<div class=\"col-xs-24 col-sm-12 product-page__images\">\n<div class=\"sp-wrap sp-non-touch\">\n<div class=\"sp-thumbs sp-tb-active\"><\/div>\n<\/div>\n<\/div>\n<div class=\"col-xs-24 col-sm-12\">\n<p>&nbsp;<\/p>\n<p><strong>En conformit\u00e9 avec les normes BS476 Article 6 et Article 7 cat\u00e9gorie 1.<br \/>\nClassement au feu M1.<\/strong><\/p>\n<p>&nbsp;<\/p>\n<div class=\"first_para_desc\">\n<p>L\u2019AT500 est un ruban aluminium 40 microns, enduit d\u2019une masse adh\u00e9sive \u00e0 \u00e9mulsion acrylique et sensible \u00e0 la pression. Le ruban est renforc\u00e9 avec un protecteur de polyth\u00e8ne fort.<\/p>\n<\/div>\n<div class=\"rest_of_desc\">\n<p>Il est \u00e0 la fois retardateur de flamme et auto-extinguible, offrant une performance tr\u00e8s s\u00fbre lorsque le risque d\u2019incendie est probl\u00e9matique. Certifi\u00e9 selon les normes BS476, parties 6 et 7, cat\u00e9gorie 1, classe de r\u00e9sistance au feu M1 et classe 0<\/p>\n<p>Ce ruban aluminium se d\u00e9roule et d\u00e9coupe facilement pour une application rapide m\u00eame sur des surfaces l\u00e9g\u00e8rement condens\u00e9es.<br \/>\nL\u2019AT500 r\u00e9siste \u00e0 des temp\u00e9ratures tr\u00e8s \u00e9lev\u00e9es et tr\u00e8s basses (de -40\u00b0C jusqu\u2019\u00e0 110\u00b0C), ce qui le rend id\u00e9al pour une utilisation sur les conduits de chemin\u00e9e, les conduits de chauffage et les syst\u00e8mes d\u2019\u00e9chappement. \u00c9galement utilis\u00e9 pour l\u2019assemblage de panneaux isolants rev\u00eatus de feuille d\u2019aluminium et de conduits m\u00e9talliques.<\/p>\n<\/div>\n<\/div>\n","protected":false},"featured_media":2896,"template":"","meta":{"_acf_changed":false},"product_brand":[],"product_cat":[372,373,339,503,532],"product_tag":[329,330,333,331],"class_list":{"0":"post-5492","1":"product","2":"type-product","3":"status-publish","4":"has-post-thumbnail","6":"product_cat-building-fr","7":"product_cat-entertainment-fr","8":"product_cat-multi-purpose-adhesive-foil-tapes","9":"product_cat-stock-disponsible","10":"product_cat-stockatf-de-fr","11":"product_tag-building-fr","12":"product_tag-entertainment-fr","13":"product_tag-hevac-fr","14":"product_tag-industrial-consumables-fr","16":"first","17":"instock","18":"shipping-taxable","19":"product-type-simple"},"acf":[],"yoast_head":"<!-- This site is optimized with the Yoast SEO plugin v27.4 - https:\/\/yoast.com\/product\/yoast-seo-wordpress\/ -->\n<title>AT0500 Ruban Aluminium 40 Microns - Advance Tapes<\/title>\n<meta name=\"robots\" content=\"index, follow, max-snippet:-1, max-image-preview:large, max-video-preview:-1\" \/>\n<link rel=\"canonical\" href=\"https:\/\/advancetapes.com\/fr\/products\/at500-ruban-aluminium-40-microns\/\" \/>\n<meta property=\"og:locale\" content=\"fr_FR\" \/>\n<meta property=\"og:type\" content=\"article\" \/>\n<meta property=\"og:title\" content=\"AT0500 Ruban Aluminium 40 Microns - Advance Tapes\" \/>\n<meta property=\"og:description\" content=\"&nbsp;  En conformit\u00e9 avec les normes BS476 Article 6 et Article 7 cat\u00e9gorie 1. Classement au feu M1.  &nbsp;   L\u2019AT500 est un ruban aluminium 40 microns, enduit d\u2019une masse adh\u00e9sive \u00e0 \u00e9mulsion acrylique et sensible \u00e0 la pression. Le ruban est renforc\u00e9 avec un protecteur de polyth\u00e8ne fort.     Il est \u00e0 la fois retardateur de flamme et auto-extinguible, offrant une performance tr\u00e8s s\u00fbre lorsque le risque d\u2019incendie est probl\u00e9matique. Certifi\u00e9 selon les normes BS476, parties 6 et 7, cat\u00e9gorie 1, classe de r\u00e9sistance au feu M1 et classe 0  Ce ruban aluminium se d\u00e9roule et d\u00e9coupe facilement pour une application rapide m\u00eame sur des surfaces l\u00e9g\u00e8rement condens\u00e9es. L\u2019AT500 r\u00e9siste \u00e0 des temp\u00e9ratures tr\u00e8s \u00e9lev\u00e9es et tr\u00e8s basses (de -40\u00b0C jusqu\u2019\u00e0 110\u00b0C), ce qui le rend id\u00e9al pour une utilisation sur les conduits de chemin\u00e9e, les conduits de chauffage et les syst\u00e8mes d\u2019\u00e9chappement. \u00c9galement utilis\u00e9 pour l\u2019assemblage de panneaux isolants rev\u00eatus de feuille d\u2019aluminium et de conduits m\u00e9talliques.\" \/>\n<meta property=\"og:url\" content=\"https:\/\/advancetapes.com\/fr\/products\/at500-ruban-aluminium-40-microns\/\" \/>\n<meta property=\"og:site_name\" content=\"Advance Tapes\" \/>\n<meta property=\"article:modified_time\" content=\"2025-04-02T08:58:37+00:00\" \/>\n<meta property=\"og:image\" content=\"https:\/\/advancetapes.com\/wp-content\/uploads\/2021\/01\/Advance-Tapes_AT0500_Silver.jpg\" \/>\n\t<meta property=\"og:image:width\" content=\"600\" \/>\n\t<meta property=\"og:image:height\" content=\"600\" \/>\n\t<meta property=\"og:image:type\" content=\"image\/jpeg\" \/>\n<meta name=\"twitter:card\" content=\"summary_large_image\" \/>\n<meta name=\"twitter:label1\" content=\"Est. reading time\" \/>\n\t<meta name=\"twitter:data1\" content=\"1 minute\" \/>\n<!-- \/ Yoast SEO plugin. -->","yoast_head_json":{"title":"AT0500 Ruban Aluminium 40 Microns - Advance Tapes","robots":{"index":"index","follow":"follow","max-snippet":"max-snippet:-1","max-image-preview":"max-image-preview:large","max-video-preview":"max-video-preview:-1"},"canonical":"https:\/\/advancetapes.com\/fr\/products\/at500-ruban-aluminium-40-microns\/","og_locale":"fr_FR","og_type":"article","og_title":"AT0500 Ruban Aluminium 40 Microns - Advance Tapes","og_description":"&nbsp;  En conformit\u00e9 avec les normes BS476 Article 6 et Article 7 cat\u00e9gorie 1. Classement au feu M1.  &nbsp;   L\u2019AT500 est un ruban aluminium 40 microns, enduit d\u2019une masse adh\u00e9sive \u00e0 \u00e9mulsion acrylique et sensible \u00e0 la pression. Le ruban est renforc\u00e9 avec un protecteur de polyth\u00e8ne fort.     Il est \u00e0 la fois retardateur de flamme et auto-extinguible, offrant une performance tr\u00e8s s\u00fbre lorsque le risque d\u2019incendie est probl\u00e9matique. Certifi\u00e9 selon les normes BS476, parties 6 et 7, cat\u00e9gorie 1, classe de r\u00e9sistance au feu M1 et classe 0  Ce ruban aluminium se d\u00e9roule et d\u00e9coupe facilement pour une application rapide m\u00eame sur des surfaces l\u00e9g\u00e8rement condens\u00e9es. L\u2019AT500 r\u00e9siste \u00e0 des temp\u00e9ratures tr\u00e8s \u00e9lev\u00e9es et tr\u00e8s basses (de -40\u00b0C jusqu\u2019\u00e0 110\u00b0C), ce qui le rend id\u00e9al pour une utilisation sur les conduits de chemin\u00e9e, les conduits de chauffage et les syst\u00e8mes d\u2019\u00e9chappement. \u00c9galement utilis\u00e9 pour l\u2019assemblage de panneaux isolants rev\u00eatus de feuille d\u2019aluminium et de conduits m\u00e9talliques.","og_url":"https:\/\/advancetapes.com\/fr\/products\/at500-ruban-aluminium-40-microns\/","og_site_name":"Advance Tapes","article_modified_time":"2025-04-02T08:58:37+00:00","og_image":[{"width":600,"height":600,"url":"https:\/\/advancetapes.com\/wp-content\/uploads\/2021\/01\/Advance-Tapes_AT0500_Silver.jpg","type":"image\/jpeg"}],"twitter_card":"summary_large_image","twitter_misc":{"Est. reading time":"1 minute"},"schema":{"@context":"https:\/\/schema.org","@graph":[{"@type":"WebPage","@id":"https:\/\/advancetapes.com\/fr\/products\/at500-ruban-aluminium-40-microns\/","url":"https:\/\/advancetapes.com\/fr\/products\/at500-ruban-aluminium-40-microns\/","name":"AT0500 Ruban Aluminium 40 Microns - Advance Tapes","isPartOf":{"@id":"https:\/\/advancetapes.com\/fr\/#website"},"primaryImageOfPage":{"@id":"https:\/\/advancetapes.com\/fr\/products\/at500-ruban-aluminium-40-microns\/#primaryimage"},"image":{"@id":"https:\/\/advancetapes.com\/fr\/products\/at500-ruban-aluminium-40-microns\/#primaryimage"},"thumbnailUrl":"https:\/\/advancetapes.com\/wp-content\/uploads\/2021\/01\/Advance-Tapes_AT0500_Silver.jpg","datePublished":"2021-01-02T23:46:37+00:00","dateModified":"2025-04-02T08:58:37+00:00","breadcrumb":{"@id":"https:\/\/advancetapes.com\/fr\/products\/at500-ruban-aluminium-40-microns\/#breadcrumb"},"inLanguage":"fr-FR","potentialAction":[{"@type":"ReadAction","target":["https:\/\/advancetapes.com\/fr\/products\/at500-ruban-aluminium-40-microns\/"]}]},{"@type":"ImageObject","inLanguage":"fr-FR","@id":"https:\/\/advancetapes.com\/fr\/products\/at500-ruban-aluminium-40-microns\/#primaryimage","url":"https:\/\/advancetapes.com\/wp-content\/uploads\/2021\/01\/Advance-Tapes_AT0500_Silver.jpg","contentUrl":"https:\/\/advancetapes.com\/wp-content\/uploads\/2021\/01\/Advance-Tapes_AT0500_Silver.jpg","width":600,"height":600,"caption":"40 Micron Aluminium Foil Tape"},{"@type":"BreadcrumbList","@id":"https:\/\/advancetapes.com\/fr\/products\/at500-ruban-aluminium-40-microns\/#breadcrumb","itemListElement":[{"@type":"ListItem","position":1,"name":"Home","item":"https:\/\/advancetapes.com\/fr\/"},{"@type":"ListItem","position":2,"name":"Products","item":"https:\/\/advancetapes.com\/fr\/products\/"},{"@type":"ListItem","position":3,"name":"AT0500 Ruban Aluminium 40 Microns"}]},{"@type":"WebSite","@id":"https:\/\/advancetapes.com\/fr\/#website","url":"https:\/\/advancetapes.com\/fr\/","name":"Advance Tapes","description":"Adding more to adhesive tape","potentialAction":[{"@type":"SearchAction","target":{"@type":"EntryPoint","urlTemplate":"https:\/\/advancetapes.com\/fr\/?s={search_term_string}"},"query-input":{"@type":"PropertyValueSpecification","valueRequired":true,"valueName":"search_term_string"}}],"inLanguage":"fr-FR"}]}},"_links":{"self":[{"href":"https:\/\/advancetapes.com\/fr\/wp-json\/wp\/v2\/product\/5492","targetHints":{"allow":["GET"]}}],"collection":[{"href":"https:\/\/advancetapes.com\/fr\/wp-json\/wp\/v2\/product"}],"about":[{"href":"https:\/\/advancetapes.com\/fr\/wp-json\/wp\/v2\/types\/product"}],"wp:featuredmedia":[{"embeddable":true,"href":"https:\/\/advancetapes.com\/fr\/wp-json\/wp\/v2\/media\/2896"}],"wp:attachment":[{"href":"https:\/\/advancetapes.com\/fr\/wp-json\/wp\/v2\/media?parent=5492"}],"wp:term":[{"taxonomy":"product_brand","embeddable":true,"href":"https:\/\/advancetapes.com\/fr\/wp-json\/wp\/v2\/product_brand?post=5492"},{"taxonomy":"product_cat","embeddable":true,"href":"https:\/\/advancetapes.com\/fr\/wp-json\/wp\/v2\/product_cat?post=5492"},{"taxonomy":"product_tag","embeddable":true,"href":"https:\/\/advancetapes.com\/fr\/wp-json\/wp\/v2\/product_tag?post=5492"}],"curies":[{"name":"wp","href":"https:\/\/api.w.org\/{rel}","templated":true}]}}