{"id":5490,"date":"2021-01-02T23:42:38","date_gmt":"2021-01-02T23:42:38","guid":{"rendered":"https:\/\/advancetapes.com\/products\/at205-advance-gaffa-ruban-aluminium-noir-mat\/"},"modified":"2024-11-26T11:39:05","modified_gmt":"2024-11-26T11:39:05","slug":"at205-advance-gaffa-ruban-aluminium-noir-mat","status":"publish","type":"product","link":"https:\/\/advancetapes.com\/fr\/products\/at205-advance-gaffa-ruban-aluminium-noir-mat\/","title":{"rendered":"AT0205 Advance Gaffa\u00ae Ruban Aluminium Noir Mat"},"content":{"rendered":"<div  class='tabcontainer av-kjftr0sh-5cbeaf8b0626cf654d5dd98b301fff40 top_tab  avia-builder-el-0  avia-builder-el-no-sibling '>\n<section class='av_tab_section av_tab_section av-157g9q-58493e1dbd9bde69d3de890691838e34'  itemscope=\"itemscope\" itemtype=\"https:\/\/schema.org\/CreativeWork\" ><div id='tab-id-1-tab' class='tab active_tab' role='tab' aria-selected=\"true\" tabindex=\"0\" data-fake-id='#tab-id-1' aria-controls='tab-id-1-content'  itemprop=\"headline\" >Fonctionnalit\u00e9s<\/div><div id='tab-id-1-content' class='tab_content active_tab_content' role='tabpanel' aria-labelledby='tab-id-1-tab' aria-hidden=\"false\"><div class='tab_inner_content invers-color'  itemprop=\"text\" ><ul>\n<li>Finition mate pour une surface anti-reflet<\/li>\n<li>Retardateur de flamme<\/li>\n<li>Auto-extinguible<\/li>\n<li>Excellente plage de temp\u00e9rature<\/li>\n<li>R\u00e9sistant \u00e0 l\u2019eau et aux U.V.<\/li>\n<li>Conformable<\/li>\n<\/ul>\n<\/div><\/div><\/section>\n<section class='av_tab_section av_tab_section av-wwfly-a18a78755f52fa81480daa8237a0ee94'  itemscope=\"itemscope\" itemtype=\"https:\/\/schema.org\/CreativeWork\" ><div id='tab-id-2-tab' class='tab' role='tab' aria-selected=\"false\" tabindex=\"0\" data-fake-id='#tab-id-2' aria-controls='tab-id-2-content'  itemprop=\"headline\" >Applications<\/div><div id='tab-id-2-content' class='tab_content' role='tabpanel' aria-labelledby='tab-id-2-tab' aria-hidden=\"true\"><div class='tab_inner_content invers-color'  itemprop=\"text\" ><ul>\n<li>Pour le colmatage des infiltrations de calog\u00e8nes lumi\u00e8re sur les \u00e9quipements comme les projecteurs, les spots, les coupe-flux et autres appareils similaires<\/li>\n<\/ul>\n<\/div><\/div><\/section>\n<section class='av_tab_section av_tab_section av-q31i6-d88d3688e3c4efbc1b8441d0fb3dd102'  itemscope=\"itemscope\" itemtype=\"https:\/\/schema.org\/CreativeWork\" ><div id='tab-id-3-tab' class='tab' role='tab' aria-selected=\"false\" tabindex=\"0\" data-fake-id='#tab-id-3' aria-controls='tab-id-3-content'  itemprop=\"headline\" >Technical<\/div><div id='tab-id-3-content' class='tab_content' role='tabpanel' aria-labelledby='tab-id-3-tab' aria-hidden=\"true\"><div class='tab_inner_content invers-color'  itemprop=\"text\" ><div class=\"col-xs-24 col-sm-12\">\n<table cellspacing=\"0\" cellpadding=\"0\">\n<tbody>\n<tr>\n<td><strong>Type de Produit<\/strong><\/td>\n<td>Aluminium<\/td>\n<\/tr>\n<tr>\n<td><strong>Type d&#8217;Adh\u00e9sif<\/strong><\/td>\n<td>Masse adh\u00e9sive \u00e0 \u00e9mulsion acrylique<\/td>\n<\/tr>\n<tr>\n<td><strong>\u00c9paisseur<\/strong><\/td>\n<td>0.09 mm<\/td>\n<\/tr>\n<tr>\n<td><strong>R\u00e9sistance \u00e0 la rupture<\/strong><\/td>\n<td>35 N\/cm<\/td>\n<\/tr>\n<tr>\n<td><strong>Allongement<\/strong><\/td>\n<td>11%<\/td>\n<\/tr>\n<tr>\n<td><strong>Adh\u00e9sion sur acier<\/strong><\/td>\n<td>4.0 N\/cm<\/td>\n<\/tr>\n<tr>\n<td><strong>Adh\u00e9sion sur endos<\/strong><\/td>\n<td>4.0 N\/cm<\/td>\n<\/tr>\n<tr>\n<td><strong>Tenue en temp\u00e9rature<\/strong><\/td>\n<td>-20\u00b0C \u00e0 +150\u00b0C<\/td>\n<\/tr>\n<tr>\n<td><strong>Conformit\u00e9 RoHS<\/strong><\/td>\n<td>Oui<\/td>\n<\/tr>\n<\/tbody>\n<\/table>\n<\/div>\n<\/div><\/div><\/section>\n<section class='av_tab_section av_tab_section av-piqt-c78631c4603ff59fef417d06594d5e20'  itemscope=\"itemscope\" itemtype=\"https:\/\/schema.org\/CreativeWork\" ><div id='tab-id-4-tab' class='tab' role='tab' aria-selected=\"false\" tabindex=\"0\" data-fake-id='#tab-id-4' aria-controls='tab-id-4-content'  itemprop=\"headline\" >Colours<\/div><div id='tab-id-4-content' class='tab_content' role='tabpanel' aria-labelledby='tab-id-4-tab' aria-hidden=\"true\"><div class='tab_inner_content invers-color'  itemprop=\"text\" ><\/div><\/div><\/section>\n<\/div>\n","protected":false},"excerpt":{"rendered":"<p><strong>Un ruban aluminium noir avec une finition mate pour une surface anti-reflet<\/strong><\/p>\n<p>&nbsp;<\/p>\n<div class=\"first_para_desc\">\n<p><strong>Aluminium Foil Tape<\/strong><\/p>\n<\/div>\n<div class=\"rest_of_desc\">\n<p>AT205 is a pressure sensitive matt black lacquered aluminium foil tape with a high temperature dispersion acrylic adhesive.<\/p>\n<p>The tape offers excellent flame retardant properties when in position and has an excellent temperature range that makes it ideal for use on heat generating equipment and is also water resistant, enabling the tape to be used where damp or moisture is present.<\/p>\n<p>Its matt black finish and non reflective surface minimises light glare during application. Ideal for blocking light leakages from floor cans, projectors, barn doors and other light sources.<\/p>\n<\/div>\n","protected":false},"featured_media":2890,"template":"","meta":{"_acf_changed":false},"product_brand":[],"product_cat":[373,339,503,532],"product_tag":[336,329,330,331],"class_list":{"0":"post-5490","1":"product","2":"type-product","3":"status-publish","4":"has-post-thumbnail","6":"product_cat-entertainment-fr","7":"product_cat-multi-purpose-adhesive-foil-tapes","8":"product_cat-stock-disponsible","9":"product_cat-stockatf-de-fr","10":"product_tag-advance-gaffa-fr","11":"product_tag-building-fr","12":"product_tag-entertainment-fr","13":"product_tag-industrial-consumables-fr","15":"first","16":"instock","17":"shipping-taxable","18":"product-type-simple"},"acf":[],"yoast_head":"<!-- This site is optimized with the Yoast SEO plugin v27.4 - https:\/\/yoast.com\/product\/yoast-seo-wordpress\/ -->\n<title>AT0205 Advance Gaffa\u00ae Ruban Aluminium Noir Mat - Advance Tapes<\/title>\n<meta name=\"robots\" content=\"index, follow, max-snippet:-1, max-image-preview:large, max-video-preview:-1\" \/>\n<link rel=\"canonical\" href=\"https:\/\/advancetapes.com\/fr\/products\/at205-advance-gaffa-ruban-aluminium-noir-mat\/\" \/>\n<meta property=\"og:locale\" content=\"fr_FR\" \/>\n<meta property=\"og:type\" content=\"article\" \/>\n<meta property=\"og:title\" content=\"AT0205 Advance Gaffa\u00ae Ruban Aluminium Noir Mat - Advance Tapes\" \/>\n<meta property=\"og:description\" content=\"Un ruban aluminium noir avec une finition mate pour une surface anti-reflet  &nbsp;   Aluminium Foil Tape     AT205 is a pressure sensitive matt black lacquered aluminium foil tape with a high temperature dispersion acrylic adhesive.  The tape offers excellent flame retardant properties when in position and has an excellent temperature range that makes it ideal for use on heat generating equipment and is also water resistant, enabling the tape to be used where damp or moisture is present.  Its matt black finish and non reflective surface minimises light glare during application. Ideal for blocking light leakages from floor cans, projectors, barn doors and other light sources.\" \/>\n<meta property=\"og:url\" content=\"https:\/\/advancetapes.com\/fr\/products\/at205-advance-gaffa-ruban-aluminium-noir-mat\/\" \/>\n<meta property=\"og:site_name\" content=\"Advance Tapes\" \/>\n<meta property=\"article:modified_time\" content=\"2024-11-26T11:39:05+00:00\" \/>\n<meta property=\"og:image\" content=\"https:\/\/advancetapes.com\/wp-content\/uploads\/2021\/01\/AT0205-100.jpg\" \/>\n\t<meta property=\"og:image:width\" content=\"750\" \/>\n\t<meta property=\"og:image:height\" content=\"750\" \/>\n\t<meta property=\"og:image:type\" content=\"image\/jpeg\" \/>\n<meta name=\"twitter:card\" content=\"summary_large_image\" \/>\n<meta name=\"twitter:label1\" content=\"Est. reading time\" \/>\n\t<meta name=\"twitter:data1\" content=\"1 minute\" \/>\n<!-- \/ Yoast SEO plugin. -->","yoast_head_json":{"title":"AT0205 Advance Gaffa\u00ae Ruban Aluminium Noir Mat - Advance Tapes","robots":{"index":"index","follow":"follow","max-snippet":"max-snippet:-1","max-image-preview":"max-image-preview:large","max-video-preview":"max-video-preview:-1"},"canonical":"https:\/\/advancetapes.com\/fr\/products\/at205-advance-gaffa-ruban-aluminium-noir-mat\/","og_locale":"fr_FR","og_type":"article","og_title":"AT0205 Advance Gaffa\u00ae Ruban Aluminium Noir Mat - Advance Tapes","og_description":"Un ruban aluminium noir avec une finition mate pour une surface anti-reflet  &nbsp;   Aluminium Foil Tape     AT205 is a pressure sensitive matt black lacquered aluminium foil tape with a high temperature dispersion acrylic adhesive.  The tape offers excellent flame retardant properties when in position and has an excellent temperature range that makes it ideal for use on heat generating equipment and is also water resistant, enabling the tape to be used where damp or moisture is present.  Its matt black finish and non reflective surface minimises light glare during application. Ideal for blocking light leakages from floor cans, projectors, barn doors and other light sources.","og_url":"https:\/\/advancetapes.com\/fr\/products\/at205-advance-gaffa-ruban-aluminium-noir-mat\/","og_site_name":"Advance Tapes","article_modified_time":"2024-11-26T11:39:05+00:00","og_image":[{"width":750,"height":750,"url":"https:\/\/advancetapes.com\/wp-content\/uploads\/2021\/01\/AT0205-100.jpg","type":"image\/jpeg"}],"twitter_card":"summary_large_image","twitter_misc":{"Est. reading time":"1 minute"},"schema":{"@context":"https:\/\/schema.org","@graph":[{"@type":"WebPage","@id":"https:\/\/advancetapes.com\/fr\/products\/at205-advance-gaffa-ruban-aluminium-noir-mat\/","url":"https:\/\/advancetapes.com\/fr\/products\/at205-advance-gaffa-ruban-aluminium-noir-mat\/","name":"AT0205 Advance Gaffa\u00ae Ruban Aluminium Noir Mat - Advance Tapes","isPartOf":{"@id":"https:\/\/advancetapes.com\/fr\/#website"},"primaryImageOfPage":{"@id":"https:\/\/advancetapes.com\/fr\/products\/at205-advance-gaffa-ruban-aluminium-noir-mat\/#primaryimage"},"image":{"@id":"https:\/\/advancetapes.com\/fr\/products\/at205-advance-gaffa-ruban-aluminium-noir-mat\/#primaryimage"},"thumbnailUrl":"https:\/\/advancetapes.com\/wp-content\/uploads\/2021\/01\/AT0205-100.jpg","datePublished":"2021-01-02T23:42:38+00:00","dateModified":"2024-11-26T11:39:05+00:00","breadcrumb":{"@id":"https:\/\/advancetapes.com\/fr\/products\/at205-advance-gaffa-ruban-aluminium-noir-mat\/#breadcrumb"},"inLanguage":"fr-FR","potentialAction":[{"@type":"ReadAction","target":["https:\/\/advancetapes.com\/fr\/products\/at205-advance-gaffa-ruban-aluminium-noir-mat\/"]}]},{"@type":"ImageObject","inLanguage":"fr-FR","@id":"https:\/\/advancetapes.com\/fr\/products\/at205-advance-gaffa-ruban-aluminium-noir-mat\/#primaryimage","url":"https:\/\/advancetapes.com\/wp-content\/uploads\/2021\/01\/AT0205-100.jpg","contentUrl":"https:\/\/advancetapes.com\/wp-content\/uploads\/2021\/01\/AT0205-100.jpg","width":750,"height":750},{"@type":"BreadcrumbList","@id":"https:\/\/advancetapes.com\/fr\/products\/at205-advance-gaffa-ruban-aluminium-noir-mat\/#breadcrumb","itemListElement":[{"@type":"ListItem","position":1,"name":"Home","item":"https:\/\/advancetapes.com\/fr\/"},{"@type":"ListItem","position":2,"name":"Products","item":"https:\/\/advancetapes.com\/fr\/products\/"},{"@type":"ListItem","position":3,"name":"AT0205 Advance Gaffa\u00ae Ruban Aluminium Noir Mat"}]},{"@type":"WebSite","@id":"https:\/\/advancetapes.com\/fr\/#website","url":"https:\/\/advancetapes.com\/fr\/","name":"Advance Tapes","description":"Adding more to adhesive tape","potentialAction":[{"@type":"SearchAction","target":{"@type":"EntryPoint","urlTemplate":"https:\/\/advancetapes.com\/fr\/?s={search_term_string}"},"query-input":{"@type":"PropertyValueSpecification","valueRequired":true,"valueName":"search_term_string"}}],"inLanguage":"fr-FR"}]}},"_links":{"self":[{"href":"https:\/\/advancetapes.com\/fr\/wp-json\/wp\/v2\/product\/5490","targetHints":{"allow":["GET"]}}],"collection":[{"href":"https:\/\/advancetapes.com\/fr\/wp-json\/wp\/v2\/product"}],"about":[{"href":"https:\/\/advancetapes.com\/fr\/wp-json\/wp\/v2\/types\/product"}],"wp:featuredmedia":[{"embeddable":true,"href":"https:\/\/advancetapes.com\/fr\/wp-json\/wp\/v2\/media\/2890"}],"wp:attachment":[{"href":"https:\/\/advancetapes.com\/fr\/wp-json\/wp\/v2\/media?parent=5490"}],"wp:term":[{"taxonomy":"product_brand","embeddable":true,"href":"https:\/\/advancetapes.com\/fr\/wp-json\/wp\/v2\/product_brand?post=5490"},{"taxonomy":"product_cat","embeddable":true,"href":"https:\/\/advancetapes.com\/fr\/wp-json\/wp\/v2\/product_cat?post=5490"},{"taxonomy":"product_tag","embeddable":true,"href":"https:\/\/advancetapes.com\/fr\/wp-json\/wp\/v2\/product_tag?post=5490"}],"curies":[{"name":"wp","href":"https:\/\/api.w.org\/{rel}","templated":true}]}}