{"id":5455,"date":"2021-01-02T22:59:55","date_gmt":"2021-01-02T22:59:55","guid":{"rendered":"https:\/\/advancetapes.com\/products\/ruban-toile-nucleaire-at712\/"},"modified":"2025-04-02T09:04:08","modified_gmt":"2025-04-02T09:04:08","slug":"ruban-toile-nucleaire-at712","status":"publish","type":"product","link":"https:\/\/advancetapes.com\/fr\/products\/ruban-toile-nucleaire-at712\/","title":{"rendered":"AT0712 Ruban Toile Adh\u00e9sive Nucl\u00e9aire"},"content":{"rendered":"<p><span data-mce-type=\"bookmark\" style=\"display: inline-block; width: 0px; overflow: hidden; line-height: 0;\" class=\"mce_SELRES_start\"><span data-mce-type=\"bookmark\" style=\"display: inline-block; width: 0px; overflow: hidden; line-height: 0;\" class=\"mce_SELRES_start\">\ufeff<\/span><span data-mce-type=\"bookmark\" style=\"display: inline-block; width: 0px; overflow: hidden; line-height: 0;\" class=\"mce_SELRES_start\">\ufeff<\/span><span data-mce-type=\"bookmark\" style=\"display: inline-block; width: 0px; overflow: hidden; line-height: 0;\" class=\"mce_SELRES_start\">\ufeff<\/span><span data-mce-type=\"bookmark\" style=\"display: inline-block; width: 0px; overflow: hidden; line-height: 0;\" class=\"mce_SELRES_start\">\ufeff<\/span>\ufeff<\/span><div  class='tabcontainer av-kjftr0sh-5cbeaf8b0626cf654d5dd98b301fff40 top_tab  avia-builder-el-0  avia-builder-el-no-sibling '>\n<section class='av_tab_section av_tab_section av-121m8y-bb82f21e5a2f5b90bd3cdff11b4c14e8'  itemscope=\"itemscope\" itemtype=\"https:\/\/schema.org\/CreativeWork\" ><div id='tab-id-1-tab' class='tab active_tab' role='tab' aria-selected=\"true\" tabindex=\"0\" data-fake-id='#tab-id-1' aria-controls='tab-id-1-content'  itemprop=\"headline\" >Fonctionnalit\u00e9s<\/div><div id='tab-id-1-content' class='tab_content active_tab_content' role='tabpanel' aria-labelledby='tab-id-1-tab' aria-hidden=\"false\"><div class='tab_inner_content invers-color'  itemprop=\"text\" ><ul>\n<li>Faible teneur en halog\u00e8ne<\/li>\n<li>D\u00e9coupe tr\u00e8s facile<\/li>\n<li>Tr\u00e8s bonne r\u00e9sistance \u00e0 l&#8217;eau<\/li>\n<li>Bonne r\u00e9sistance \u00e0 l\u2019abrasion<\/li>\n<li>Surface inscriptible<\/li>\n<li>Emball\u00e9 individuellement sous vide et fabriqu\u00e9 sur un mandrin plastique afin de garantir un faible contenu en halog\u00e8ne<\/li>\n<\/ul>\n<\/div><\/div><\/section>\n<section class='av_tab_section av_tab_section av-uelsa-a4d90417de620f06635b9eb357be95c4'  itemscope=\"itemscope\" itemtype=\"https:\/\/schema.org\/CreativeWork\" ><div id='tab-id-2-tab' class='tab' role='tab' aria-selected=\"false\" tabindex=\"0\" data-fake-id='#tab-id-2' aria-controls='tab-id-2-content'  itemprop=\"headline\" >Applications<\/div><div id='tab-id-2-content' class='tab_content' role='tabpanel' aria-labelledby='tab-id-2-tab' aria-hidden=\"true\"><div class='tab_inner_content invers-color'  itemprop=\"text\" ><ul>\n<li>Rejoindre une feuille<\/li>\n<li>Sachets d&#8217;\u00e9tanch\u00e9it\u00e9 et feuilles<\/li>\n<li>Protection des tuyauteries en acier inoxydable<\/li>\n<li>Soutenir les rideaux temporaires<\/li>\n<li>\u00c9tanch\u00e9it\u00e9 des salopettes de protection<\/li>\n<\/ul>\n<\/div><\/div><\/section>\n<section class='av_tab_section av_tab_section av-q9x5u-178cc0ad06118d386efc9086d1cc393d'  itemscope=\"itemscope\" itemtype=\"https:\/\/schema.org\/CreativeWork\" ><div id='tab-id-3-tab' class='tab' role='tab' aria-selected=\"false\" tabindex=\"0\" data-fake-id='#tab-id-3' aria-controls='tab-id-3-content'  itemprop=\"headline\" >Technical<\/div><div id='tab-id-3-content' class='tab_content' role='tabpanel' aria-labelledby='tab-id-3-tab' aria-hidden=\"true\"><div class='tab_inner_content invers-color'  itemprop=\"text\" ><div class=\"col-xs-24 col-sm-12\">\n<p><strong>Conformit\u00e9 RoHS<\/strong>Oui<\/p>\n<table cellspacing=\"0\" cellpadding=\"0\">\n<tbody>\n<tr>\n<td><strong>Type de Produit<\/strong><\/td>\n<td>Toile<\/td>\n<\/tr>\n<tr>\n<td><strong>Type d&#8217;Adh\u00e9sif<\/strong><\/td>\n<td>Masse adh\u00e9sive en r\u00e9sine de caoutchouc sans solvant<\/td>\n<\/tr>\n<tr>\n<td><strong>\u00c9paisseur<\/strong><\/td>\n<td>0.27 mm<\/td>\n<\/tr>\n<tr>\n<td><strong>R\u00e9sistance \u00e0 la rupture<\/strong><\/td>\n<td>41 N\/cm<\/td>\n<\/tr>\n<tr>\n<td><strong>Allongement<\/strong><\/td>\n<td>18%<\/td>\n<\/tr>\n<tr>\n<td><strong>Adh\u00e9sion sur acier<\/strong><\/td>\n<td>6.0 N\/cm<\/td>\n<\/tr>\n<tr>\n<td><strong>Adh\u00e9sion sur endos<\/strong><\/td>\n<td>3.5 N\/cm<\/td>\n<\/tr>\n<tr>\n<td><strong>Tenue en temp\u00e9rature<\/strong><\/td>\n<td>-35\u00b0C to +70\u00b0C<\/td>\n<\/tr>\n<tr>\n<td><strong>Specification<\/strong><\/td>\n<td>EDF (France) Total halog\u00e8ne: 1000PPM MAX; Total souffre: 1000PMM MAX<\/td>\n<\/tr>\n<\/tbody>\n<\/table>\n<\/div>\n<\/div><\/div><\/section>\n<section class='av_tab_section av_tab_section av-piqt-48b82d9099e36577dd2c08fe8a3b94f7'  itemscope=\"itemscope\" itemtype=\"https:\/\/schema.org\/CreativeWork\" ><div id='tab-id-4-tab' class='tab' role='tab' aria-selected=\"false\" tabindex=\"0\" data-fake-id='#tab-id-4' aria-controls='tab-id-4-content'  itemprop=\"headline\" >Colours and Sizes<\/div><div id='tab-id-4-content' class='tab_content' role='tabpanel' aria-labelledby='tab-id-4-tab' aria-hidden=\"true\"><div class='tab_inner_content invers-color'  itemprop=\"text\" ><p><span id=\"uxm_tab_pro_color\" class=\"uxm_tab_pro_color\"><\/span><span id=\"uxm_tab_pro_color_2\" class=\"uxm_tab_pro_color\"><\/span><span id=\"uxm_tab_pro_color_3\" class=\"uxm_tab_pro_color\"><\/span><span id=\"uxm_tab_pro_color_4\" class=\"uxm_tab_pro_color\"><\/span><span id=\"uxm_tab_pro_color_5\" class=\"uxm_tab_pro_color\"><\/span><span id=\"uxm_tab_pro_color_6\" class=\"uxm_tab_pro_color\"><\/span><span id=\"uxm_tab_pro_color_7\" class=\"uxm_tab_pro_color\"><\/span><\/p>\n<table style=\"height: 50px;\" width=\"1356\" cellspacing=\"0\" cellpadding=\"0\">\n<tbody>\n<tr>\n<td><strong>Standard Stock Sizes<\/strong><\/td>\n<td>50mmx50m<\/td>\n<td>75mmx50m<\/td>\n<td>100mmx50m<\/td>\n<\/tr>\n<tr>\n<\/tr>\n<\/tbody>\n<\/table>\n<\/div><\/div><\/section>\n<\/div><span data-mce-type=\"bookmark\" style=\"display: inline-block; width: 0px; overflow: hidden; line-height: 0;\" class=\"mce_SELRES_end\">\ufeff<\/span><\/p>\n","protected":false},"excerpt":{"rendered":"<p><strong>Le ruban adh\u00e9sif nucl\u00e9aire, AT712, a \u00e9t\u00e9 sp\u00e9cialement con\u00e7u pour \u00eatre utilis\u00e9 dans les centrales nucl\u00e9aires et la construction naval.<\/strong><\/p>\n<p><strong>Sp\u00e9cifications\u00a0: Avec sa faible teneur en Halog\u00e8nes et Soufre, moins de 1000PPM, l\u2019AT712 correspond aux exigences PMUC et est class\u00e9 M1.<\/strong><\/p>\n<p>&nbsp;<\/p>\n<p>C\u2019est un ruban toil\u00e9 en poly\u00e9thyl\u00e8ne extrud\u00e9, couleur blanc, enduit d&#8217;un adh\u00e9sif en r\u00e9sine de caoutchouc sans solvant sensible \u00e0 la pression et ne laisse pas de trace de r\u00e9sidu.<\/p>\n<p>Compte tenu de sa faible teneur en halog\u00e8ne, il offre une protection maximale contre la contamination par les fibres et autres r\u00e9sidus.<\/p>\n<p>Avec une r\u00e9action minimale aux surfaces en acier sp\u00e9cialis\u00e9es, l&#8217;AT712 est id\u00e9al pour la protection des tuyauteries en acier inoxydable.<\/p>\n","protected":false},"featured_media":13406,"template":"","meta":{"_acf_changed":false},"product_brand":[],"product_cat":[531,503,532,327],"product_tag":[332,329,333,331,334],"class_list":{"0":"post-5455","1":"product","2":"type-product","3":"status-publish","4":"has-post-thumbnail","6":"product_cat-asbestos-fr","7":"product_cat-stock-disponsible","8":"product_cat-stockatf-de-fr","9":"product_cat-toile","10":"product_tag-asbestos-fr","11":"product_tag-building-fr","12":"product_tag-hevac-fr","13":"product_tag-industrial-consumables-fr","14":"product_tag-nuclear-fr","16":"first","17":"instock","18":"shipping-taxable","19":"product-type-simple"},"acf":[],"yoast_head":"<!-- This site is optimized with the Yoast SEO plugin v27.4 - https:\/\/yoast.com\/product\/yoast-seo-wordpress\/ -->\n<title>AT0712 Ruban Toile Adh\u00e9sive Nucl\u00e9aire - Advance Tapes<\/title>\n<meta name=\"robots\" content=\"index, follow, max-snippet:-1, max-image-preview:large, max-video-preview:-1\" \/>\n<link rel=\"canonical\" href=\"https:\/\/advancetapes.com\/fr\/products\/ruban-toile-nucleaire-at712\/\" \/>\n<meta property=\"og:locale\" content=\"fr_FR\" \/>\n<meta property=\"og:type\" content=\"article\" \/>\n<meta property=\"og:title\" content=\"AT0712 Ruban Toile Adh\u00e9sive Nucl\u00e9aire - Advance Tapes\" \/>\n<meta property=\"og:description\" content=\"Le ruban adh\u00e9sif nucl\u00e9aire, AT712, a \u00e9t\u00e9 sp\u00e9cialement con\u00e7u pour \u00eatre utilis\u00e9 dans les centrales nucl\u00e9aires et la construction naval.  Sp\u00e9cifications\u00a0: Avec sa faible teneur en Halog\u00e8nes et Soufre, moins de 1000PPM, l\u2019AT712 correspond aux exigences PMUC et est class\u00e9 M1.  &nbsp;  C\u2019est un ruban toil\u00e9 en poly\u00e9thyl\u00e8ne extrud\u00e9, couleur blanc, enduit d&#039;un adh\u00e9sif en r\u00e9sine de caoutchouc sans solvant sensible \u00e0 la pression et ne laisse pas de trace de r\u00e9sidu.  Compte tenu de sa faible teneur en halog\u00e8ne, il offre une protection maximale contre la contamination par les fibres et autres r\u00e9sidus.  Avec une r\u00e9action minimale aux surfaces en acier sp\u00e9cialis\u00e9es, l&#039;AT712 est id\u00e9al pour la protection des tuyauteries en acier inoxydable.\" \/>\n<meta property=\"og:url\" content=\"https:\/\/advancetapes.com\/fr\/products\/ruban-toile-nucleaire-at712\/\" \/>\n<meta property=\"og:site_name\" content=\"Advance Tapes\" \/>\n<meta property=\"article:modified_time\" content=\"2025-04-02T09:04:08+00:00\" \/>\n<meta property=\"og:image\" content=\"https:\/\/advancetapes.com\/wp-content\/uploads\/2021\/01\/AT712-White-scaled.png\" \/>\n\t<meta property=\"og:image:width\" content=\"2560\" \/>\n\t<meta property=\"og:image:height\" content=\"2560\" \/>\n\t<meta property=\"og:image:type\" content=\"image\/png\" \/>\n<meta name=\"twitter:card\" content=\"summary_large_image\" \/>\n<meta name=\"twitter:label1\" content=\"Est. reading time\" \/>\n\t<meta name=\"twitter:data1\" content=\"1 minute\" \/>\n<!-- \/ Yoast SEO plugin. -->","yoast_head_json":{"title":"AT0712 Ruban Toile Adh\u00e9sive Nucl\u00e9aire - Advance Tapes","robots":{"index":"index","follow":"follow","max-snippet":"max-snippet:-1","max-image-preview":"max-image-preview:large","max-video-preview":"max-video-preview:-1"},"canonical":"https:\/\/advancetapes.com\/fr\/products\/ruban-toile-nucleaire-at712\/","og_locale":"fr_FR","og_type":"article","og_title":"AT0712 Ruban Toile Adh\u00e9sive Nucl\u00e9aire - Advance Tapes","og_description":"Le ruban adh\u00e9sif nucl\u00e9aire, AT712, a \u00e9t\u00e9 sp\u00e9cialement con\u00e7u pour \u00eatre utilis\u00e9 dans les centrales nucl\u00e9aires et la construction naval.  Sp\u00e9cifications\u00a0: Avec sa faible teneur en Halog\u00e8nes et Soufre, moins de 1000PPM, l\u2019AT712 correspond aux exigences PMUC et est class\u00e9 M1.  &nbsp;  C\u2019est un ruban toil\u00e9 en poly\u00e9thyl\u00e8ne extrud\u00e9, couleur blanc, enduit d'un adh\u00e9sif en r\u00e9sine de caoutchouc sans solvant sensible \u00e0 la pression et ne laisse pas de trace de r\u00e9sidu.  Compte tenu de sa faible teneur en halog\u00e8ne, il offre une protection maximale contre la contamination par les fibres et autres r\u00e9sidus.  Avec une r\u00e9action minimale aux surfaces en acier sp\u00e9cialis\u00e9es, l'AT712 est id\u00e9al pour la protection des tuyauteries en acier inoxydable.","og_url":"https:\/\/advancetapes.com\/fr\/products\/ruban-toile-nucleaire-at712\/","og_site_name":"Advance Tapes","article_modified_time":"2025-04-02T09:04:08+00:00","og_image":[{"width":2560,"height":2560,"url":"https:\/\/advancetapes.com\/wp-content\/uploads\/2021\/01\/AT712-White-scaled.png","type":"image\/png"}],"twitter_card":"summary_large_image","twitter_misc":{"Est. reading time":"1 minute"},"schema":{"@context":"https:\/\/schema.org","@graph":[{"@type":"WebPage","@id":"https:\/\/advancetapes.com\/fr\/products\/ruban-toile-nucleaire-at712\/","url":"https:\/\/advancetapes.com\/fr\/products\/ruban-toile-nucleaire-at712\/","name":"AT0712 Ruban Toile Adh\u00e9sive Nucl\u00e9aire - Advance Tapes","isPartOf":{"@id":"https:\/\/advancetapes.com\/fr\/#website"},"primaryImageOfPage":{"@id":"https:\/\/advancetapes.com\/fr\/products\/ruban-toile-nucleaire-at712\/#primaryimage"},"image":{"@id":"https:\/\/advancetapes.com\/fr\/products\/ruban-toile-nucleaire-at712\/#primaryimage"},"thumbnailUrl":"https:\/\/advancetapes.com\/wp-content\/uploads\/2021\/01\/AT712-White-scaled.png","datePublished":"2021-01-02T22:59:55+00:00","dateModified":"2025-04-02T09:04:08+00:00","breadcrumb":{"@id":"https:\/\/advancetapes.com\/fr\/products\/ruban-toile-nucleaire-at712\/#breadcrumb"},"inLanguage":"fr-FR","potentialAction":[{"@type":"ReadAction","target":["https:\/\/advancetapes.com\/fr\/products\/ruban-toile-nucleaire-at712\/"]}]},{"@type":"ImageObject","inLanguage":"fr-FR","@id":"https:\/\/advancetapes.com\/fr\/products\/ruban-toile-nucleaire-at712\/#primaryimage","url":"https:\/\/advancetapes.com\/wp-content\/uploads\/2021\/01\/AT712-White-scaled.png","contentUrl":"https:\/\/advancetapes.com\/wp-content\/uploads\/2021\/01\/AT712-White-scaled.png","width":2560,"height":2560},{"@type":"BreadcrumbList","@id":"https:\/\/advancetapes.com\/fr\/products\/ruban-toile-nucleaire-at712\/#breadcrumb","itemListElement":[{"@type":"ListItem","position":1,"name":"Home","item":"https:\/\/advancetapes.com\/fr\/"},{"@type":"ListItem","position":2,"name":"Products","item":"https:\/\/advancetapes.com\/fr\/products\/"},{"@type":"ListItem","position":3,"name":"AT0712 Ruban Toile Adh\u00e9sive Nucl\u00e9aire"}]},{"@type":"WebSite","@id":"https:\/\/advancetapes.com\/fr\/#website","url":"https:\/\/advancetapes.com\/fr\/","name":"Advance Tapes","description":"Adding more to adhesive tape","potentialAction":[{"@type":"SearchAction","target":{"@type":"EntryPoint","urlTemplate":"https:\/\/advancetapes.com\/fr\/?s={search_term_string}"},"query-input":{"@type":"PropertyValueSpecification","valueRequired":true,"valueName":"search_term_string"}}],"inLanguage":"fr-FR"}]}},"_links":{"self":[{"href":"https:\/\/advancetapes.com\/fr\/wp-json\/wp\/v2\/product\/5455","targetHints":{"allow":["GET"]}}],"collection":[{"href":"https:\/\/advancetapes.com\/fr\/wp-json\/wp\/v2\/product"}],"about":[{"href":"https:\/\/advancetapes.com\/fr\/wp-json\/wp\/v2\/types\/product"}],"wp:featuredmedia":[{"embeddable":true,"href":"https:\/\/advancetapes.com\/fr\/wp-json\/wp\/v2\/media\/13406"}],"wp:attachment":[{"href":"https:\/\/advancetapes.com\/fr\/wp-json\/wp\/v2\/media?parent=5455"}],"wp:term":[{"taxonomy":"product_brand","embeddable":true,"href":"https:\/\/advancetapes.com\/fr\/wp-json\/wp\/v2\/product_brand?post=5455"},{"taxonomy":"product_cat","embeddable":true,"href":"https:\/\/advancetapes.com\/fr\/wp-json\/wp\/v2\/product_cat?post=5455"},{"taxonomy":"product_tag","embeddable":true,"href":"https:\/\/advancetapes.com\/fr\/wp-json\/wp\/v2\/product_tag?post=5455"}],"curies":[{"name":"wp","href":"https:\/\/api.w.org\/{rel}","templated":true}]}}