{"id":5450,"date":"2021-01-02T22:55:29","date_gmt":"2021-01-02T22:55:29","guid":{"rendered":"https:\/\/advancetapes.com\/products\/at6200-ruban-toile-batiment\/"},"modified":"2025-04-02T09:09:39","modified_gmt":"2025-04-02T09:09:39","slug":"at6200-ruban-toile-batiment","status":"publish","type":"product","link":"https:\/\/advancetapes.com\/fr\/products\/at6200-ruban-toile-batiment\/","title":{"rendered":"AT6200 Ruban Toile &#8211; B\u00e2timent"},"content":{"rendered":"<p><span data-mce-type=\"bookmark\" style=\"display: inline-block; width: 0px; overflow: hidden; line-height: 0;\" class=\"mce_SELRES_start\">\ufeff<\/span><div  class='tabcontainer av-kjftr0sh-5cbeaf8b0626cf654d5dd98b301fff40 top_tab  avia-builder-el-0  avia-builder-el-no-sibling '>\n<section class='av_tab_section av_tab_section av-11jqq6-75d269760f0f3ded361df2a67eb3b7c5'  itemscope=\"itemscope\" itemtype=\"https:\/\/schema.org\/CreativeWork\" ><div id='tab-id-1-tab' class='tab active_tab' role='tab' aria-selected=\"true\" tabindex=\"0\" data-fake-id='#tab-id-1' aria-controls='tab-id-1-content'  itemprop=\"headline\" >Fonctionnalit\u00e9s<\/div><div id='tab-id-1-content' class='tab_content active_tab_content' role='tabpanel' aria-labelledby='tab-id-1-tab' aria-hidden=\"false\"><div class='tab_inner_content invers-color'  itemprop=\"text\" ><ul>\n<li>Extr\u00eamement visible sur chantier<\/li>\n<li>RobusteStrong<\/li>\n<li>D\u00e9roulement et d\u00e9coupe facile<\/li>\n<li>Bonne r\u00e9sistance \u00e0 l\u2019abrasion<\/li>\n<li>Bonne r\u00e9sistance \u00e0 l&#8217;eau<\/li>\n<li>Finition brillante<\/li>\n<\/ul>\n<\/div><\/div><\/section>\n<section class='av_tab_section av_tab_section av-zgg2u-e7ef58994623863efc4f744f01cdd31c'  itemscope=\"itemscope\" itemtype=\"https:\/\/schema.org\/CreativeWork\" ><div id='tab-id-2-tab' class='tab' role='tab' aria-selected=\"false\" tabindex=\"0\" data-fake-id='#tab-id-2' aria-controls='tab-id-2-content'  itemprop=\"headline\" >Applications<\/div><div id='tab-id-2-content' class='tab_content' role='tabpanel' aria-labelledby='tab-id-2-tab' aria-hidden=\"true\"><div class='tab_inner_content invers-color'  itemprop=\"text\" ><ul>\n<li>Assemblage de feuilles de poly\u00e9thyl\u00e8ne<\/li>\n<li>R\u00e9paration et scellage de sacs, emballage de palettes et feuilles sur le site<\/li>\n<\/ul>\n<\/div><\/div><\/section>\n<section class='av_tab_section av_tab_section av-oxdh2-ab2256e5a8fd2e6a0e1e1b79ef0da809'  itemscope=\"itemscope\" itemtype=\"https:\/\/schema.org\/CreativeWork\" ><div id='tab-id-3-tab' class='tab' role='tab' aria-selected=\"false\" tabindex=\"0\" data-fake-id='#tab-id-3' aria-controls='tab-id-3-content'  itemprop=\"headline\" >Technical<\/div><div id='tab-id-3-content' class='tab_content' role='tabpanel' aria-labelledby='tab-id-3-tab' aria-hidden=\"true\"><div class='tab_inner_content invers-color'  itemprop=\"text\" ><div class=\"col-xs-24 col-sm-12\">\n<table cellspacing=\"0\" cellpadding=\"0\">\n<tbody>\n<tr>\n<td><strong>Type de Produit<\/strong><\/td>\n<td>Toile<\/td>\n<\/tr>\n<tr>\n<td><strong>Type d&#8217;Adh\u00e9sif<\/strong><\/td>\n<td>Masse adh\u00e9sive en r\u00e9sine de caoutchouc sans solvant<\/td>\n<\/tr>\n<tr>\n<td><strong>\u00c9paisseur<\/strong><\/td>\n<td>0.22 mm<\/td>\n<\/tr>\n<tr>\n<td><strong>R\u00e9sistance \u00e0 la rupture<\/strong><\/td>\n<td>35 N\/cm<\/td>\n<\/tr>\n<tr>\n<td><strong>Allongement<\/strong><\/td>\n<td>20%<\/td>\n<\/tr>\n<tr>\n<td><strong>Adh\u00e9sion sur acier<\/strong><\/td>\n<td>3.7 N\/cm<\/td>\n<\/tr>\n<tr>\n<td><strong>Adh\u00e9sion sur endos<\/strong><\/td>\n<td>2.3 N\/cm<\/td>\n<\/tr>\n<tr>\n<td><strong>Tenue en temp\u00e9rature<\/strong><\/td>\n<td>-50\u00b0C to +65\u00b0C<\/td>\n<\/tr>\n<tr>\n<td><strong>Conformit\u00e9 RoHS<\/strong><\/td>\n<td>Ja<\/td>\n<\/tr>\n<\/tbody>\n<\/table>\n<\/div>\n<\/div><\/div><\/section>\n<section class='av_tab_section av_tab_section av-piqt-48b82d9099e36577dd2c08fe8a3b94f7'  itemscope=\"itemscope\" itemtype=\"https:\/\/schema.org\/CreativeWork\" ><div id='tab-id-4-tab' class='tab' role='tab' aria-selected=\"false\" tabindex=\"0\" data-fake-id='#tab-id-4' aria-controls='tab-id-4-content'  itemprop=\"headline\" >Colours and Sizes<\/div><div id='tab-id-4-content' class='tab_content' role='tabpanel' aria-labelledby='tab-id-4-tab' aria-hidden=\"true\"><div class='tab_inner_content invers-color'  itemprop=\"text\" ><p><span id=\"uxm_tab_pro_color\" class=\"uxm_tab_pro_color\"><\/span><span id=\"uxm_tab_pro_color_2\" class=\"uxm_tab_pro_color\"><\/span><span id=\"uxm_tab_pro_color_3\" class=\"uxm_tab_pro_color\"><\/span><span id=\"uxm_tab_pro_color_4\" class=\"uxm_tab_pro_color\"><\/span><span id=\"uxm_tab_pro_color_5\" class=\"uxm_tab_pro_color\"><\/span><span id=\"uxm_tab_pro_color_6\" class=\"uxm_tab_pro_color\"><\/span><span id=\"uxm_tab_pro_color_7\" class=\"uxm_tab_pro_color\"><\/span><\/p>\n<table style=\"height: 50px;\" width=\"1356\" cellspacing=\"0\" cellpadding=\"0\">\n<tbody>\n<tr>\n<td><strong>Standard Stock Sizes<\/strong><\/td>\n<td>50mmx25m<\/td>\n<\/tr>\n<tr>\n<\/tr>\n<\/tbody>\n<\/table>\n<\/div><\/div><\/section>\n<\/div><span data-mce-type=\"bookmark\" style=\"display: inline-block; width: 0px; overflow: hidden; line-height: 0;\" class=\"mce_SELRES_end\">\ufeff<\/span><\/p>\n","protected":false},"excerpt":{"rendered":"<p><strong>Extr\u00eamement visible sur chantier<\/strong><\/p>\n<p>&nbsp;<\/p>\n<div class=\"first_para_desc\"><\/div>\n<div class=\"rest_of_desc\">\n<p>AT6200 est un ruban brillant lamin\u00e9 en polytoile orange r\u00e9sistant enduit d&#8217;un adh\u00e9sif caoutchouc-r\u00e9sine agressif sensible \u00e0 la pression sp\u00e9cialement con\u00e7u pour l&#8217;industrie du b\u00e2timent et de la construction.<\/p>\n<p>Tr\u00e8s visible, le ruban offre une grande r\u00e9sistance \u00e0 l&#8217;abrasion, \u00e0 l&#8217;eau et aux intemp\u00e9ries. De plus, il peut r\u00e9sister \u00e0 des temp\u00e9ratures extr\u00eames (de -50\u00b0C \u00e0 +65\u00b0C) et convient donc aux applications int\u00e9rieures ou ext\u00e9rieures. Conformable, AT6200 peut \u00eatre appliqu\u00e9 facilement sur des surfaces lisses ou in\u00e9gales.<\/p>\n<\/div>\n","protected":false},"featured_media":2852,"template":"","meta":{"_acf_changed":false},"product_brand":[],"product_cat":[503,327],"product_tag":[328,329,331],"class_list":{"0":"post-5450","1":"product","2":"type-product","3":"status-publish","4":"has-post-thumbnail","6":"product_cat-stock-disponsible","7":"product_cat-toile","8":"product_tag-agriculture-fr","9":"product_tag-building-fr","10":"product_tag-industrial-consumables-fr","12":"first","13":"instock","14":"shipping-taxable","15":"product-type-simple"},"acf":[],"yoast_head":"<!-- This site is optimized with the Yoast SEO plugin v27.3 - https:\/\/yoast.com\/product\/yoast-seo-wordpress\/ -->\n<title>AT6200 Ruban Toile - B\u00e2timent - Advance Tapes<\/title>\n<meta name=\"robots\" content=\"index, follow, max-snippet:-1, max-image-preview:large, max-video-preview:-1\" \/>\n<link rel=\"canonical\" href=\"https:\/\/advancetapes.com\/fr\/products\/at6200-ruban-toile-batiment\/\" \/>\n<meta property=\"og:locale\" content=\"fr_FR\" \/>\n<meta property=\"og:type\" content=\"article\" \/>\n<meta property=\"og:title\" content=\"AT6200 Ruban Toile - B\u00e2timent - Advance Tapes\" \/>\n<meta property=\"og:description\" content=\"Extr\u00eamement visible sur chantier  &nbsp;    AT6200 est un ruban brillant lamin\u00e9 en polytoile orange r\u00e9sistant enduit d&#039;un adh\u00e9sif caoutchouc-r\u00e9sine agressif sensible \u00e0 la pression sp\u00e9cialement con\u00e7u pour l&#039;industrie du b\u00e2timent et de la construction.  Tr\u00e8s visible, le ruban offre une grande r\u00e9sistance \u00e0 l&#039;abrasion, \u00e0 l&#039;eau et aux intemp\u00e9ries. De plus, il peut r\u00e9sister \u00e0 des temp\u00e9ratures extr\u00eames (de -50\u00b0C \u00e0 +65\u00b0C) et convient donc aux applications int\u00e9rieures ou ext\u00e9rieures. Conformable, AT6200 peut \u00eatre appliqu\u00e9 facilement sur des surfaces lisses ou in\u00e9gales.\" \/>\n<meta property=\"og:url\" content=\"https:\/\/advancetapes.com\/fr\/products\/at6200-ruban-toile-batiment\/\" \/>\n<meta property=\"og:site_name\" content=\"Advance Tapes\" \/>\n<meta property=\"article:modified_time\" content=\"2025-04-02T09:09:39+00:00\" \/>\n<meta property=\"og:image\" content=\"https:\/\/advancetapes.com\/wp-content\/uploads\/2021\/01\/Advance-Tapes_AT6200_Orange.jpg\" \/>\n\t<meta property=\"og:image:width\" content=\"600\" \/>\n\t<meta property=\"og:image:height\" content=\"600\" \/>\n\t<meta property=\"og:image:type\" content=\"image\/jpeg\" \/>\n<meta name=\"twitter:card\" content=\"summary_large_image\" \/>\n<meta name=\"twitter:label1\" content=\"Est. reading time\" \/>\n\t<meta name=\"twitter:data1\" content=\"1 minute\" \/>\n<!-- \/ Yoast SEO plugin. -->","yoast_head_json":{"title":"AT6200 Ruban Toile - B\u00e2timent - Advance Tapes","robots":{"index":"index","follow":"follow","max-snippet":"max-snippet:-1","max-image-preview":"max-image-preview:large","max-video-preview":"max-video-preview:-1"},"canonical":"https:\/\/advancetapes.com\/fr\/products\/at6200-ruban-toile-batiment\/","og_locale":"fr_FR","og_type":"article","og_title":"AT6200 Ruban Toile - B\u00e2timent - Advance Tapes","og_description":"Extr\u00eamement visible sur chantier  &nbsp;    AT6200 est un ruban brillant lamin\u00e9 en polytoile orange r\u00e9sistant enduit d'un adh\u00e9sif caoutchouc-r\u00e9sine agressif sensible \u00e0 la pression sp\u00e9cialement con\u00e7u pour l'industrie du b\u00e2timent et de la construction.  Tr\u00e8s visible, le ruban offre une grande r\u00e9sistance \u00e0 l'abrasion, \u00e0 l'eau et aux intemp\u00e9ries. De plus, il peut r\u00e9sister \u00e0 des temp\u00e9ratures extr\u00eames (de -50\u00b0C \u00e0 +65\u00b0C) et convient donc aux applications int\u00e9rieures ou ext\u00e9rieures. Conformable, AT6200 peut \u00eatre appliqu\u00e9 facilement sur des surfaces lisses ou in\u00e9gales.","og_url":"https:\/\/advancetapes.com\/fr\/products\/at6200-ruban-toile-batiment\/","og_site_name":"Advance Tapes","article_modified_time":"2025-04-02T09:09:39+00:00","og_image":[{"width":600,"height":600,"url":"https:\/\/advancetapes.com\/wp-content\/uploads\/2021\/01\/Advance-Tapes_AT6200_Orange.jpg","type":"image\/jpeg"}],"twitter_card":"summary_large_image","twitter_misc":{"Est. reading time":"1 minute"},"schema":{"@context":"https:\/\/schema.org","@graph":[{"@type":"WebPage","@id":"https:\/\/advancetapes.com\/fr\/products\/at6200-ruban-toile-batiment\/","url":"https:\/\/advancetapes.com\/fr\/products\/at6200-ruban-toile-batiment\/","name":"AT6200 Ruban Toile - B\u00e2timent - Advance Tapes","isPartOf":{"@id":"https:\/\/advancetapes.com\/fr\/#website"},"primaryImageOfPage":{"@id":"https:\/\/advancetapes.com\/fr\/products\/at6200-ruban-toile-batiment\/#primaryimage"},"image":{"@id":"https:\/\/advancetapes.com\/fr\/products\/at6200-ruban-toile-batiment\/#primaryimage"},"thumbnailUrl":"https:\/\/advancetapes.com\/wp-content\/uploads\/2021\/01\/Advance-Tapes_AT6200_Orange.jpg","datePublished":"2021-01-02T22:55:29+00:00","dateModified":"2025-04-02T09:09:39+00:00","breadcrumb":{"@id":"https:\/\/advancetapes.com\/fr\/products\/at6200-ruban-toile-batiment\/#breadcrumb"},"inLanguage":"fr-FR","potentialAction":[{"@type":"ReadAction","target":["https:\/\/advancetapes.com\/fr\/products\/at6200-ruban-toile-batiment\/"]}]},{"@type":"ImageObject","inLanguage":"fr-FR","@id":"https:\/\/advancetapes.com\/fr\/products\/at6200-ruban-toile-batiment\/#primaryimage","url":"https:\/\/advancetapes.com\/wp-content\/uploads\/2021\/01\/Advance-Tapes_AT6200_Orange.jpg","contentUrl":"https:\/\/advancetapes.com\/wp-content\/uploads\/2021\/01\/Advance-Tapes_AT6200_Orange.jpg","width":600,"height":600,"caption":"Strong Orange Building Duct Tape"},{"@type":"BreadcrumbList","@id":"https:\/\/advancetapes.com\/fr\/products\/at6200-ruban-toile-batiment\/#breadcrumb","itemListElement":[{"@type":"ListItem","position":1,"name":"Home","item":"https:\/\/advancetapes.com\/fr\/"},{"@type":"ListItem","position":2,"name":"Products","item":"https:\/\/advancetapes.com\/fr\/products\/"},{"@type":"ListItem","position":3,"name":"AT6200 Ruban Toile &#8211; B\u00e2timent"}]},{"@type":"WebSite","@id":"https:\/\/advancetapes.com\/fr\/#website","url":"https:\/\/advancetapes.com\/fr\/","name":"Advance Tapes","description":"Adding more to adhesive tape","potentialAction":[{"@type":"SearchAction","target":{"@type":"EntryPoint","urlTemplate":"https:\/\/advancetapes.com\/fr\/?s={search_term_string}"},"query-input":{"@type":"PropertyValueSpecification","valueRequired":true,"valueName":"search_term_string"}}],"inLanguage":"fr-FR"}]}},"_links":{"self":[{"href":"https:\/\/advancetapes.com\/fr\/wp-json\/wp\/v2\/product\/5450","targetHints":{"allow":["GET"]}}],"collection":[{"href":"https:\/\/advancetapes.com\/fr\/wp-json\/wp\/v2\/product"}],"about":[{"href":"https:\/\/advancetapes.com\/fr\/wp-json\/wp\/v2\/types\/product"}],"wp:featuredmedia":[{"embeddable":true,"href":"https:\/\/advancetapes.com\/fr\/wp-json\/wp\/v2\/media\/2852"}],"wp:attachment":[{"href":"https:\/\/advancetapes.com\/fr\/wp-json\/wp\/v2\/media?parent=5450"}],"wp:term":[{"taxonomy":"product_brand","embeddable":true,"href":"https:\/\/advancetapes.com\/fr\/wp-json\/wp\/v2\/product_brand?post=5450"},{"taxonomy":"product_cat","embeddable":true,"href":"https:\/\/advancetapes.com\/fr\/wp-json\/wp\/v2\/product_cat?post=5450"},{"taxonomy":"product_tag","embeddable":true,"href":"https:\/\/advancetapes.com\/fr\/wp-json\/wp\/v2\/product_tag?post=5450"}],"curies":[{"name":"wp","href":"https:\/\/api.w.org\/{rel}","templated":true}]}}