{"id":5443,"date":"2021-01-02T22:46:43","date_gmt":"2021-01-02T22:46:43","guid":{"rendered":"https:\/\/advancetapes.com\/products\/at4003-ruban-tissu-de-verre-classe-h-180c\/"},"modified":"2021-04-12T20:22:33","modified_gmt":"2021-04-12T20:22:33","slug":"at4003-ruban-tissu-de-verre-classe-h-180c","status":"publish","type":"product","link":"https:\/\/advancetapes.com\/fr\/products\/at4003-ruban-tissu-de-verre-classe-h-180c\/","title":{"rendered":"AT4003 Ruban Tissu de Verre &#8211; Classe H 180\u00b0C"},"content":{"rendered":"<div  class='tabcontainer av-kjftr0sh-5cbeaf8b0626cf654d5dd98b301fff40 top_tab  avia-builder-el-0  avia-builder-el-no-sibling '>\n<section class='av_tab_section av_tab_section av-14s8e2-38848f5f4fd3456f681cbf70017c9629'  itemscope=\"itemscope\" itemtype=\"https:\/\/schema.org\/CreativeWork\" ><div id='tab-id-1-tab' class='tab active_tab' role='tab' aria-selected=\"true\" tabindex=\"0\" data-fake-id='#tab-id-1' aria-controls='tab-id-1-content'  itemprop=\"headline\" >Fonctionnalit\u00e9s<\/div><div id='tab-id-1-content' class='tab_content active_tab_content' role='tabpanel' aria-labelledby='tab-id-1-tab' aria-hidden=\"false\"><div class='tab_inner_content invers-color'  itemprop=\"text\" ><ul>\n<li>Adh\u00e9sif en silicone<\/li>\n<li>R\u00e9sistance aux temp\u00e9ratures extr\u00eamement \u00e9lev\u00e9es<\/li>\n<li>Retardateur de flamme conform\u00e9ment \u00e0 UL510<\/li>\n<li>Excellente r\u00e9sistance aux acides et aux huiles<\/li>\n<\/ul>\n<\/div><\/div><\/section>\n<section class='av_tab_section av_tab_section av-zpj8a-245897d17c0ad01a97bd607c5b56b860'  itemscope=\"itemscope\" itemtype=\"https:\/\/schema.org\/CreativeWork\" ><div id='tab-id-2-tab' class='tab' role='tab' aria-selected=\"false\" tabindex=\"0\" data-fake-id='#tab-id-2' aria-controls='tab-id-2-content'  itemprop=\"headline\" >Applications<\/div><div id='tab-id-2-content' class='tab_content' role='tabpanel' aria-labelledby='tab-id-2-tab' aria-hidden=\"true\"><div class='tab_inner_content invers-color'  itemprop=\"text\" ><ul>\n<li>Isolation \u00e9lectrique des bobines<\/li>\n<li>Isolation des conducteurs carr\u00e9s dans les moteurs de traction et les g\u00e9n\u00e9rateurs<\/li>\n<li>Feuillard de tension des bobines et des enroulements d&#8217;induit<\/li>\n<li>B\u00e2timent de terminaison pour prot\u00e9ger la couche externe de l&#8217;enroulement<\/li>\n<\/ul>\n<\/div><\/div><\/section>\n<section class='av_tab_section av_tab_section av-sg8le-eaca6aae9adf8ed2622fc3d65881ba08'  itemscope=\"itemscope\" itemtype=\"https:\/\/schema.org\/CreativeWork\" ><div id='tab-id-3-tab' class='tab' role='tab' aria-selected=\"false\" tabindex=\"0\" data-fake-id='#tab-id-3' aria-controls='tab-id-3-content'  itemprop=\"headline\" >Technical<\/div><div id='tab-id-3-content' class='tab_content' role='tabpanel' aria-labelledby='tab-id-3-tab' aria-hidden=\"true\"><div class='tab_inner_content invers-color'  itemprop=\"text\" ><div class=\"col-xs-24 col-sm-12\">\n<table cellspacing=\"0\" cellpadding=\"0\">\n<tbody>\n<tr>\n<td><strong>Type de Produit<\/strong><\/td>\n<td>Toile<\/td>\n<\/tr>\n<tr>\n<td><strong>Type d&#8217;Adh\u00e9sif<\/strong><\/td>\n<td>Masse adh\u00e9sive silicone<\/td>\n<\/tr>\n<tr>\n<td><strong>\u00c9paisseur<\/strong><\/td>\n<td>0.18 mm<\/td>\n<\/tr>\n<tr>\n<td><strong>R\u00e9sistance \u00e0 la rupture<\/strong><\/td>\n<td>280 N\/cm<\/td>\n<\/tr>\n<tr>\n<td><strong>Allongement<\/strong><\/td>\n<td>5%<\/td>\n<\/tr>\n<tr>\n<td><strong>Adh\u00e9sion sur acier<\/strong><\/td>\n<td>2.8 N\/cm<\/td>\n<\/tr>\n<tr>\n<td><strong>Tenue en temp\u00e9rature<\/strong><\/td>\n<td>0\u00b0C to +180\u00b0C<\/td>\n<\/tr>\n<tr>\n<td><strong>Breakdown Voltage<\/strong><\/td>\n<td>2.5 kV<\/td>\n<\/tr>\n<tr>\n<td><strong>Conformit\u00e9 RoHS<\/strong><\/td>\n<td>Oui<\/td>\n<\/tr>\n<tr>\n<td><strong>Specification<\/strong><\/td>\n<td>Reconnu par UL; BS EN 60454-3-8 Type 3<\/td>\n<\/tr>\n<\/tbody>\n<\/table>\n<\/div>\n<\/div><\/div><\/section>\n<section class='av_tab_section av_tab_section av-piqt-c78631c4603ff59fef417d06594d5e20'  itemscope=\"itemscope\" itemtype=\"https:\/\/schema.org\/CreativeWork\" ><div id='tab-id-4-tab' class='tab' role='tab' aria-selected=\"false\" tabindex=\"0\" data-fake-id='#tab-id-4' aria-controls='tab-id-4-content'  itemprop=\"headline\" >Colours<\/div><div id='tab-id-4-content' class='tab_content' role='tabpanel' aria-labelledby='tab-id-4-tab' aria-hidden=\"true\"><div class='tab_inner_content invers-color'  itemprop=\"text\" ><\/div><\/div><\/section>\n<\/div>\n","protected":false},"excerpt":{"rendered":"<div class=\"col-xs-24 col-sm-12 product-page__images\">\n<div class=\"sp-wrap sp-non-touch\">\n<div class=\"sp-thumbs sp-tb-active\"><\/div>\n<\/div>\n<\/div>\n<div class=\"col-xs-24 col-sm-12\">\n<p>&nbsp;<\/p>\n<p><strong>L&#8217;AT4003 est reconnu par l&#8217;organisme d&#8217;accr\u00e9ditation UL (Underwritters Laboratories) et conforme \u00e0 la norme EN 60454-3-8 Type 3<\/strong><\/p>\n<p>&nbsp;<\/p>\n<div class=\"first_para_desc\">\n<p>AT4003 is a flame retardant single-sided woven glass, cloth tape with a silicone adhesive used in electrical insulation of coils, insulation of square conductors in traction motors and generators and tensional strapping of coils and armature windings. Suitable for electrical insulation application, this tape offers extra performance\u00a0against acids, oils and extremely high temperature (up to +180\u00b0C). AT4003 has high mechanical strength making it a very strong tape to support a weight. The tape meets the flame retardency requirements of UL510 and is recognised by UL. AT4003 also conforms to EN 60454-3-8 Type 3.<\/p>\n<\/div>\n<\/div>\n","protected":false},"featured_media":2836,"template":"","meta":{"_acf_changed":false},"product_brand":[],"product_cat":[327],"product_tag":[330,331],"class_list":{"0":"post-5443","1":"product","2":"type-product","3":"status-publish","4":"has-post-thumbnail","6":"product_cat-toile","7":"product_tag-entertainment-fr","8":"product_tag-industrial-consumables-fr","10":"first","11":"instock","12":"shipping-taxable","13":"product-type-simple"},"acf":[],"yoast_head":"<!-- This site is optimized with the Yoast SEO plugin v27.3 - https:\/\/yoast.com\/product\/yoast-seo-wordpress\/ -->\n<title>AT4003 Ruban Tissu de Verre - Classe H 180\u00b0C - Advance Tapes<\/title>\n<meta name=\"robots\" content=\"index, follow, max-snippet:-1, max-image-preview:large, max-video-preview:-1\" \/>\n<link rel=\"canonical\" href=\"https:\/\/advancetapes.com\/fr\/products\/at4003-ruban-tissu-de-verre-classe-h-180c\/\" \/>\n<meta property=\"og:locale\" content=\"fr_FR\" \/>\n<meta property=\"og:type\" content=\"article\" \/>\n<meta property=\"og:title\" content=\"AT4003 Ruban Tissu de Verre - Classe H 180\u00b0C - Advance Tapes\" \/>\n<meta property=\"og:description\" content=\"&nbsp;  L&#039;AT4003 est reconnu par l&#039;organisme d&#039;accr\u00e9ditation UL (Underwritters Laboratories) et conforme \u00e0 la norme EN 60454-3-8 Type 3  &nbsp;   AT4003 is a flame retardant single-sided woven glass, cloth tape with a silicone adhesive used in electrical insulation of coils, insulation of square conductors in traction motors and generators and tensional strapping of coils and armature windings. Suitable for electrical insulation application, this tape offers extra performance\u00a0against acids, oils and extremely high temperature (up to +180\u00b0C). AT4003 has high mechanical strength making it a very strong tape to support a weight. The tape meets the flame retardency requirements of UL510 and is recognised by UL. AT4003 also conforms to EN 60454-3-8 Type 3.\" \/>\n<meta property=\"og:url\" content=\"https:\/\/advancetapes.com\/fr\/products\/at4003-ruban-tissu-de-verre-classe-h-180c\/\" \/>\n<meta property=\"og:site_name\" content=\"Advance Tapes\" \/>\n<meta property=\"article:modified_time\" content=\"2021-04-12T20:22:33+00:00\" \/>\n<meta property=\"og:image\" content=\"https:\/\/advancetapes.com\/wp-content\/uploads\/2021\/01\/Advance-Tapes_AT4003_White-1.jpg\" \/>\n\t<meta property=\"og:image:width\" content=\"600\" \/>\n\t<meta property=\"og:image:height\" content=\"600\" \/>\n\t<meta property=\"og:image:type\" content=\"image\/jpeg\" \/>\n<meta name=\"twitter:card\" content=\"summary_large_image\" \/>\n<meta name=\"twitter:label1\" content=\"Est. reading time\" \/>\n\t<meta name=\"twitter:data1\" content=\"1 minute\" \/>\n<!-- \/ Yoast SEO plugin. -->","yoast_head_json":{"title":"AT4003 Ruban Tissu de Verre - Classe H 180\u00b0C - Advance Tapes","robots":{"index":"index","follow":"follow","max-snippet":"max-snippet:-1","max-image-preview":"max-image-preview:large","max-video-preview":"max-video-preview:-1"},"canonical":"https:\/\/advancetapes.com\/fr\/products\/at4003-ruban-tissu-de-verre-classe-h-180c\/","og_locale":"fr_FR","og_type":"article","og_title":"AT4003 Ruban Tissu de Verre - Classe H 180\u00b0C - Advance Tapes","og_description":"&nbsp;  L'AT4003 est reconnu par l'organisme d'accr\u00e9ditation UL (Underwritters Laboratories) et conforme \u00e0 la norme EN 60454-3-8 Type 3  &nbsp;   AT4003 is a flame retardant single-sided woven glass, cloth tape with a silicone adhesive used in electrical insulation of coils, insulation of square conductors in traction motors and generators and tensional strapping of coils and armature windings. Suitable for electrical insulation application, this tape offers extra performance\u00a0against acids, oils and extremely high temperature (up to +180\u00b0C). AT4003 has high mechanical strength making it a very strong tape to support a weight. The tape meets the flame retardency requirements of UL510 and is recognised by UL. AT4003 also conforms to EN 60454-3-8 Type 3.","og_url":"https:\/\/advancetapes.com\/fr\/products\/at4003-ruban-tissu-de-verre-classe-h-180c\/","og_site_name":"Advance Tapes","article_modified_time":"2021-04-12T20:22:33+00:00","og_image":[{"width":600,"height":600,"url":"https:\/\/advancetapes.com\/wp-content\/uploads\/2021\/01\/Advance-Tapes_AT4003_White-1.jpg","type":"image\/jpeg"}],"twitter_card":"summary_large_image","twitter_misc":{"Est. reading time":"1 minute"},"schema":{"@context":"https:\/\/schema.org","@graph":[{"@type":"WebPage","@id":"https:\/\/advancetapes.com\/fr\/products\/at4003-ruban-tissu-de-verre-classe-h-180c\/","url":"https:\/\/advancetapes.com\/fr\/products\/at4003-ruban-tissu-de-verre-classe-h-180c\/","name":"AT4003 Ruban Tissu de Verre - Classe H 180\u00b0C - Advance Tapes","isPartOf":{"@id":"https:\/\/advancetapes.com\/fr\/#website"},"primaryImageOfPage":{"@id":"https:\/\/advancetapes.com\/fr\/products\/at4003-ruban-tissu-de-verre-classe-h-180c\/#primaryimage"},"image":{"@id":"https:\/\/advancetapes.com\/fr\/products\/at4003-ruban-tissu-de-verre-classe-h-180c\/#primaryimage"},"thumbnailUrl":"https:\/\/advancetapes.com\/wp-content\/uploads\/2021\/01\/Advance-Tapes_AT4003_White-1.jpg","datePublished":"2021-01-02T22:46:43+00:00","dateModified":"2021-04-12T20:22:33+00:00","breadcrumb":{"@id":"https:\/\/advancetapes.com\/fr\/products\/at4003-ruban-tissu-de-verre-classe-h-180c\/#breadcrumb"},"inLanguage":"fr-FR","potentialAction":[{"@type":"ReadAction","target":["https:\/\/advancetapes.com\/fr\/products\/at4003-ruban-tissu-de-verre-classe-h-180c\/"]}]},{"@type":"ImageObject","inLanguage":"fr-FR","@id":"https:\/\/advancetapes.com\/fr\/products\/at4003-ruban-tissu-de-verre-classe-h-180c\/#primaryimage","url":"https:\/\/advancetapes.com\/wp-content\/uploads\/2021\/01\/Advance-Tapes_AT4003_White-1.jpg","contentUrl":"https:\/\/advancetapes.com\/wp-content\/uploads\/2021\/01\/Advance-Tapes_AT4003_White-1.jpg","width":600,"height":600},{"@type":"BreadcrumbList","@id":"https:\/\/advancetapes.com\/fr\/products\/at4003-ruban-tissu-de-verre-classe-h-180c\/#breadcrumb","itemListElement":[{"@type":"ListItem","position":1,"name":"Home","item":"https:\/\/advancetapes.com\/fr\/"},{"@type":"ListItem","position":2,"name":"Products","item":"https:\/\/advancetapes.com\/fr\/products\/"},{"@type":"ListItem","position":3,"name":"AT4003 Ruban Tissu de Verre &#8211; Classe H 180\u00b0C"}]},{"@type":"WebSite","@id":"https:\/\/advancetapes.com\/fr\/#website","url":"https:\/\/advancetapes.com\/fr\/","name":"Advance Tapes","description":"Adding more to adhesive tape","potentialAction":[{"@type":"SearchAction","target":{"@type":"EntryPoint","urlTemplate":"https:\/\/advancetapes.com\/fr\/?s={search_term_string}"},"query-input":{"@type":"PropertyValueSpecification","valueRequired":true,"valueName":"search_term_string"}}],"inLanguage":"fr-FR"}]}},"_links":{"self":[{"href":"https:\/\/advancetapes.com\/fr\/wp-json\/wp\/v2\/product\/5443","targetHints":{"allow":["GET"]}}],"collection":[{"href":"https:\/\/advancetapes.com\/fr\/wp-json\/wp\/v2\/product"}],"about":[{"href":"https:\/\/advancetapes.com\/fr\/wp-json\/wp\/v2\/types\/product"}],"wp:featuredmedia":[{"embeddable":true,"href":"https:\/\/advancetapes.com\/fr\/wp-json\/wp\/v2\/media\/2836"}],"wp:attachment":[{"href":"https:\/\/advancetapes.com\/fr\/wp-json\/wp\/v2\/media?parent=5443"}],"wp:term":[{"taxonomy":"product_brand","embeddable":true,"href":"https:\/\/advancetapes.com\/fr\/wp-json\/wp\/v2\/product_brand?post=5443"},{"taxonomy":"product_cat","embeddable":true,"href":"https:\/\/advancetapes.com\/fr\/wp-json\/wp\/v2\/product_cat?post=5443"},{"taxonomy":"product_tag","embeddable":true,"href":"https:\/\/advancetapes.com\/fr\/wp-json\/wp\/v2\/product_tag?post=5443"}],"curies":[{"name":"wp","href":"https:\/\/api.w.org\/{rel}","templated":true}]}}