{"id":5439,"date":"2021-01-02T22:24:02","date_gmt":"2021-01-02T22:24:02","guid":{"rendered":"https:\/\/advancetapes.com\/products\/at4002-ruban-tissu-de-verre-classe-f-155c\/"},"modified":"2021-04-12T20:21:22","modified_gmt":"2021-04-12T20:21:22","slug":"at4002-ruban-tissu-de-verre-classe-f-155c","status":"publish","type":"product","link":"https:\/\/advancetapes.com\/fr\/products\/at4002-ruban-tissu-de-verre-classe-f-155c\/","title":{"rendered":"AT4002 Ruban Tissu de Verre &#8211; Classe F 155\u00b0C"},"content":{"rendered":"<div  class='tabcontainer av-kjftr0sh-5cbeaf8b0626cf654d5dd98b301fff40 top_tab  avia-builder-el-0  avia-builder-el-no-sibling '>\n<section class='av_tab_section av_tab_section av-13z8el-b170588765377f259a172657a554894a'  itemscope=\"itemscope\" itemtype=\"https:\/\/schema.org\/CreativeWork\" ><div id='tab-id-1-tab' class='tab active_tab' role='tab' aria-selected=\"true\" tabindex=\"0\" data-fake-id='#tab-id-1' aria-controls='tab-id-1-content'  itemprop=\"headline\" >Fonctionnalit\u00e9s<\/div><div id='tab-id-1-content' class='tab_content active_tab_content' role='tabpanel' aria-labelledby='tab-id-1-tab' aria-hidden=\"false\"><div class='tab_inner_content invers-color'  itemprop=\"text\" ><ul>\n<li>Adh\u00e9sif acrylique<\/li>\n<li>Bonne r\u00e9sistance \u00e0 la rupture<\/li>\n<\/ul>\n<\/div><\/div><\/section>\n<section class='av_tab_section av_tab_section av-cenx-8f2a6176ab46c044e8156471d0e920f6'  itemscope=\"itemscope\" itemtype=\"https:\/\/schema.org\/CreativeWork\" ><div id='tab-id-2-tab' class='tab' role='tab' aria-selected=\"false\" tabindex=\"0\" data-fake-id='#tab-id-2' aria-controls='tab-id-2-content'  itemprop=\"headline\" >Applications<\/div><div id='tab-id-2-content' class='tab_content' role='tabpanel' aria-labelledby='tab-id-2-tab' aria-hidden=\"true\"><div class='tab_inner_content invers-color'  itemprop=\"text\" ><ul>\n<li>Isolation \u00e9lectrique des bobines<\/li>\n<li>Isolation des conducteurs carr\u00e9s dans les moteurs de traction et les g\u00e9n\u00e9rateurs<\/li>\n<li>Feuillard de tension des bobines et des enroulements d&#8217;induit<\/li>\n<li>B\u00e2timent de terminaison pour prot\u00e9ger la couche externe de l&#8217;enroulement<\/li>\n<\/ul>\n<\/div><\/div><\/section>\n<section class='av_tab_section av_tab_section av-onnx9-94a39188839250ce616caae6ceeb5f37'  itemscope=\"itemscope\" itemtype=\"https:\/\/schema.org\/CreativeWork\" ><div id='tab-id-3-tab' class='tab' role='tab' aria-selected=\"false\" tabindex=\"0\" data-fake-id='#tab-id-3' aria-controls='tab-id-3-content'  itemprop=\"headline\" >Technical<\/div><div id='tab-id-3-content' class='tab_content' role='tabpanel' aria-labelledby='tab-id-3-tab' aria-hidden=\"true\"><div class='tab_inner_content invers-color'  itemprop=\"text\" ><div class=\"col-xs-24 col-sm-12\">\n<table cellspacing=\"0\" cellpadding=\"0\">\n<tbody>\n<tr>\n<td><strong>Type de Produit<\/strong><\/td>\n<td>Toile<\/td>\n<\/tr>\n<tr>\n<td><strong>Type d&#8217;Adh\u00e9sif<\/strong><\/td>\n<td>Masse adh\u00e9sive acrylique de solvant<\/td>\n<\/tr>\n<tr>\n<td><strong>\u00c9paisseur<\/strong><\/td>\n<td>0.18 mm<\/td>\n<\/tr>\n<tr>\n<td><strong>R\u00e9sistance \u00e0 la rupture<\/strong><\/td>\n<td>280 N\/cm<\/td>\n<\/tr>\n<tr>\n<td><strong>Allongement<\/strong><\/td>\n<td>5%<\/td>\n<\/tr>\n<tr>\n<td><strong>Adh\u00e9sion sur acier<\/strong><\/td>\n<td>3.0 N\/cm<\/td>\n<\/tr>\n<tr>\n<td><strong>Tenue en temp\u00e9rature<\/strong><\/td>\n<td>0\u00b0C to +155\u00b0C<\/td>\n<\/tr>\n<tr>\n<td><strong>Breakdown Voltage<\/strong><\/td>\n<td>2.5 kV<\/td>\n<\/tr>\n<tr>\n<td><strong>Conformit\u00e9 RoHS<\/strong><\/td>\n<td>Oui<\/td>\n<\/tr>\n<tr>\n<td><strong>Specification<\/strong><\/td>\n<td>Reconnu par UL; BS EN 60454-3-8 Type 2<\/td>\n<\/tr>\n<\/tbody>\n<\/table>\n<\/div>\n<\/div><\/div><\/section>\n<section class='av_tab_section av_tab_section av-piqt-c78631c4603ff59fef417d06594d5e20'  itemscope=\"itemscope\" itemtype=\"https:\/\/schema.org\/CreativeWork\" ><div id='tab-id-4-tab' class='tab' role='tab' aria-selected=\"false\" tabindex=\"0\" data-fake-id='#tab-id-4' aria-controls='tab-id-4-content'  itemprop=\"headline\" >Colours<\/div><div id='tab-id-4-content' class='tab_content' role='tabpanel' aria-labelledby='tab-id-4-tab' aria-hidden=\"true\"><div class='tab_inner_content invers-color'  itemprop=\"text\" ><\/div><\/div><\/section>\n<\/div>\n","protected":false},"excerpt":{"rendered":"<p><strong>L&#8217;AT4002 est reconnu par l&#8217;organisme d&#8217;accr\u00e9ditation UL (Underwritters Laboratories) et conforme \u00e0 la norme EN 60454-3-8\/Type 2<\/strong><\/p>\n<p>&nbsp;<\/p>\n<div class=\"first_para_desc\">\n<p>AT4002 is a single-sided woven glass cloth with a solvent based acrylic adhesive used in electrical insulation of coils, insulation of square conductors in traction motors and generators and tensional strapping of coils and armature windings. It has a high temperature resistance to 155\u02daC and high mechanical strength making it a very strong tape to support a weight. AT4002 meets the flame retardency requirements of UL510 and conforms to BS EN 60454-3-8 Type 2.<\/p>\n<\/div>\n","protected":false},"featured_media":2830,"template":"","meta":{"_acf_changed":false},"product_brand":[],"product_cat":[327],"product_tag":[331],"class_list":{"0":"post-5439","1":"product","2":"type-product","3":"status-publish","4":"has-post-thumbnail","6":"product_cat-toile","7":"product_tag-industrial-consumables-fr","9":"first","10":"instock","11":"shipping-taxable","12":"product-type-simple"},"acf":[],"yoast_head":"<!-- This site is optimized with the Yoast SEO plugin v27.3 - https:\/\/yoast.com\/product\/yoast-seo-wordpress\/ -->\n<title>AT4002 Ruban Tissu de Verre - Classe F 155\u00b0C - Advance Tapes<\/title>\n<meta name=\"robots\" content=\"index, follow, max-snippet:-1, max-image-preview:large, max-video-preview:-1\" \/>\n<link rel=\"canonical\" href=\"https:\/\/advancetapes.com\/fr\/products\/at4002-ruban-tissu-de-verre-classe-f-155c\/\" \/>\n<meta property=\"og:locale\" content=\"fr_FR\" \/>\n<meta property=\"og:type\" content=\"article\" \/>\n<meta property=\"og:title\" content=\"AT4002 Ruban Tissu de Verre - Classe F 155\u00b0C - Advance Tapes\" \/>\n<meta property=\"og:description\" content=\"L&#039;AT4002 est reconnu par l&#039;organisme d&#039;accr\u00e9ditation UL (Underwritters Laboratories) et conforme \u00e0 la norme EN 60454-3-8\/Type 2  &nbsp;   AT4002 is a single-sided woven glass cloth with a solvent based acrylic adhesive used in electrical insulation of coils, insulation of square conductors in traction motors and generators and tensional strapping of coils and armature windings. It has a high temperature resistance to 155\u02daC and high mechanical strength making it a very strong tape to support a weight. AT4002 meets the flame retardency requirements of UL510 and conforms to BS EN 60454-3-8 Type 2.\" \/>\n<meta property=\"og:url\" content=\"https:\/\/advancetapes.com\/fr\/products\/at4002-ruban-tissu-de-verre-classe-f-155c\/\" \/>\n<meta property=\"og:site_name\" content=\"Advance Tapes\" \/>\n<meta property=\"article:modified_time\" content=\"2021-04-12T20:21:22+00:00\" \/>\n<meta property=\"og:image\" content=\"https:\/\/advancetapes.com\/wp-content\/uploads\/2021\/01\/Advance-Tapes_AT4002_White.jpg\" \/>\n\t<meta property=\"og:image:width\" content=\"600\" \/>\n\t<meta property=\"og:image:height\" content=\"600\" \/>\n\t<meta property=\"og:image:type\" content=\"image\/jpeg\" \/>\n<meta name=\"twitter:card\" content=\"summary_large_image\" \/>\n<meta name=\"twitter:label1\" content=\"Est. reading time\" \/>\n\t<meta name=\"twitter:data1\" content=\"1 minute\" \/>\n<!-- \/ Yoast SEO plugin. -->","yoast_head_json":{"title":"AT4002 Ruban Tissu de Verre - Classe F 155\u00b0C - Advance Tapes","robots":{"index":"index","follow":"follow","max-snippet":"max-snippet:-1","max-image-preview":"max-image-preview:large","max-video-preview":"max-video-preview:-1"},"canonical":"https:\/\/advancetapes.com\/fr\/products\/at4002-ruban-tissu-de-verre-classe-f-155c\/","og_locale":"fr_FR","og_type":"article","og_title":"AT4002 Ruban Tissu de Verre - Classe F 155\u00b0C - Advance Tapes","og_description":"L'AT4002 est reconnu par l'organisme d'accr\u00e9ditation UL (Underwritters Laboratories) et conforme \u00e0 la norme EN 60454-3-8\/Type 2  &nbsp;   AT4002 is a single-sided woven glass cloth with a solvent based acrylic adhesive used in electrical insulation of coils, insulation of square conductors in traction motors and generators and tensional strapping of coils and armature windings. It has a high temperature resistance to 155\u02daC and high mechanical strength making it a very strong tape to support a weight. AT4002 meets the flame retardency requirements of UL510 and conforms to BS EN 60454-3-8 Type 2.","og_url":"https:\/\/advancetapes.com\/fr\/products\/at4002-ruban-tissu-de-verre-classe-f-155c\/","og_site_name":"Advance Tapes","article_modified_time":"2021-04-12T20:21:22+00:00","og_image":[{"width":600,"height":600,"url":"https:\/\/advancetapes.com\/wp-content\/uploads\/2021\/01\/Advance-Tapes_AT4002_White.jpg","type":"image\/jpeg"}],"twitter_card":"summary_large_image","twitter_misc":{"Est. reading time":"1 minute"},"schema":{"@context":"https:\/\/schema.org","@graph":[{"@type":"WebPage","@id":"https:\/\/advancetapes.com\/fr\/products\/at4002-ruban-tissu-de-verre-classe-f-155c\/","url":"https:\/\/advancetapes.com\/fr\/products\/at4002-ruban-tissu-de-verre-classe-f-155c\/","name":"AT4002 Ruban Tissu de Verre - Classe F 155\u00b0C - Advance Tapes","isPartOf":{"@id":"https:\/\/advancetapes.com\/fr\/#website"},"primaryImageOfPage":{"@id":"https:\/\/advancetapes.com\/fr\/products\/at4002-ruban-tissu-de-verre-classe-f-155c\/#primaryimage"},"image":{"@id":"https:\/\/advancetapes.com\/fr\/products\/at4002-ruban-tissu-de-verre-classe-f-155c\/#primaryimage"},"thumbnailUrl":"https:\/\/advancetapes.com\/wp-content\/uploads\/2021\/01\/Advance-Tapes_AT4002_White.jpg","datePublished":"2021-01-02T22:24:02+00:00","dateModified":"2021-04-12T20:21:22+00:00","breadcrumb":{"@id":"https:\/\/advancetapes.com\/fr\/products\/at4002-ruban-tissu-de-verre-classe-f-155c\/#breadcrumb"},"inLanguage":"fr-FR","potentialAction":[{"@type":"ReadAction","target":["https:\/\/advancetapes.com\/fr\/products\/at4002-ruban-tissu-de-verre-classe-f-155c\/"]}]},{"@type":"ImageObject","inLanguage":"fr-FR","@id":"https:\/\/advancetapes.com\/fr\/products\/at4002-ruban-tissu-de-verre-classe-f-155c\/#primaryimage","url":"https:\/\/advancetapes.com\/wp-content\/uploads\/2021\/01\/Advance-Tapes_AT4002_White.jpg","contentUrl":"https:\/\/advancetapes.com\/wp-content\/uploads\/2021\/01\/Advance-Tapes_AT4002_White.jpg","width":600,"height":600},{"@type":"BreadcrumbList","@id":"https:\/\/advancetapes.com\/fr\/products\/at4002-ruban-tissu-de-verre-classe-f-155c\/#breadcrumb","itemListElement":[{"@type":"ListItem","position":1,"name":"Home","item":"https:\/\/advancetapes.com\/fr\/"},{"@type":"ListItem","position":2,"name":"Products","item":"https:\/\/advancetapes.com\/fr\/products\/"},{"@type":"ListItem","position":3,"name":"AT4002 Ruban Tissu de Verre &#8211; Classe F 155\u00b0C"}]},{"@type":"WebSite","@id":"https:\/\/advancetapes.com\/fr\/#website","url":"https:\/\/advancetapes.com\/fr\/","name":"Advance Tapes","description":"Adding more to adhesive tape","potentialAction":[{"@type":"SearchAction","target":{"@type":"EntryPoint","urlTemplate":"https:\/\/advancetapes.com\/fr\/?s={search_term_string}"},"query-input":{"@type":"PropertyValueSpecification","valueRequired":true,"valueName":"search_term_string"}}],"inLanguage":"fr-FR"}]}},"_links":{"self":[{"href":"https:\/\/advancetapes.com\/fr\/wp-json\/wp\/v2\/product\/5439","targetHints":{"allow":["GET"]}}],"collection":[{"href":"https:\/\/advancetapes.com\/fr\/wp-json\/wp\/v2\/product"}],"about":[{"href":"https:\/\/advancetapes.com\/fr\/wp-json\/wp\/v2\/types\/product"}],"wp:featuredmedia":[{"embeddable":true,"href":"https:\/\/advancetapes.com\/fr\/wp-json\/wp\/v2\/media\/2830"}],"wp:attachment":[{"href":"https:\/\/advancetapes.com\/fr\/wp-json\/wp\/v2\/media?parent=5439"}],"wp:term":[{"taxonomy":"product_brand","embeddable":true,"href":"https:\/\/advancetapes.com\/fr\/wp-json\/wp\/v2\/product_brand?post=5439"},{"taxonomy":"product_cat","embeddable":true,"href":"https:\/\/advancetapes.com\/fr\/wp-json\/wp\/v2\/product_cat?post=5439"},{"taxonomy":"product_tag","embeddable":true,"href":"https:\/\/advancetapes.com\/fr\/wp-json\/wp\/v2\/product_tag?post=5439"}],"curies":[{"name":"wp","href":"https:\/\/api.w.org\/{rel}","templated":true}]}}