{"id":5434,"date":"2021-01-02T22:20:26","date_gmt":"2021-01-02T22:20:26","guid":{"rendered":"https:\/\/advancetapes.com\/products\/at4001-ruban-tissu-de-verre-classe-b-130c\/"},"modified":"2021-04-12T20:20:06","modified_gmt":"2021-04-12T20:20:06","slug":"at4001-ruban-tissu-de-verre-classe-b-130c","status":"publish","type":"product","link":"https:\/\/advancetapes.com\/fr\/products\/at4001-ruban-tissu-de-verre-classe-b-130c\/","title":{"rendered":"AT4001 Ruban Tissu de Verre &#8211; Classe B 130\u00b0C"},"content":{"rendered":"<div  class='tabcontainer av-kjftr0sh-5cbeaf8b0626cf654d5dd98b301fff40 top_tab  avia-builder-el-0  avia-builder-el-no-sibling '>\n<section class='av_tab_section av_tab_section av-128xch-0d717dcb1b44d2846ebc299efecd51ef'  itemscope=\"itemscope\" itemtype=\"https:\/\/schema.org\/CreativeWork\" ><div id='tab-id-1-tab' class='tab active_tab' role='tab' aria-selected=\"true\" tabindex=\"0\" data-fake-id='#tab-id-1' aria-controls='tab-id-1-content'  itemprop=\"headline\" >Fonctionnalit\u00e9s<\/div><div id='tab-id-1-content' class='tab_content active_tab_content' role='tabpanel' aria-labelledby='tab-id-1-tab' aria-hidden=\"false\"><div class='tab_inner_content invers-color'  itemprop=\"text\" ><ul>\n<li>Bonne r\u00e9sistance \u00e0 la rupture<\/li>\n<li>R\u00e9sistance aux temp\u00e9ratures \u00e9lev\u00e9es<\/li>\n<li>Adh\u00e9sif thermodurcissable en caoutchouc<\/li>\n<\/ul>\n<\/div><\/div><\/section>\n<section class='av_tab_section av_tab_section av-ujgx5-d0619ae89aee21e439b5759a79a1f825'  itemscope=\"itemscope\" itemtype=\"https:\/\/schema.org\/CreativeWork\" ><div id='tab-id-2-tab' class='tab' role='tab' aria-selected=\"false\" tabindex=\"0\" data-fake-id='#tab-id-2' aria-controls='tab-id-2-content'  itemprop=\"headline\" >Applications<\/div><div id='tab-id-2-content' class='tab_content' role='tabpanel' aria-labelledby='tab-id-2-tab' aria-hidden=\"true\"><div class='tab_inner_content invers-color'  itemprop=\"text\" ><ul>\n<li>Electrical insulation of coils<\/li>\n<li>Insulation of square conductors in traction motors and generators<\/li>\n<li>Tensional strapping of coils and armature windings<\/li>\n<li>Termination building to protect the external layer of winding<\/li>\n<\/ul>\n<\/div><\/div><\/section>\n<section class='av_tab_section av_tab_section av-tpoe1-40fcd8001dd92616fc9251ba3148a20f'  itemscope=\"itemscope\" itemtype=\"https:\/\/schema.org\/CreativeWork\" ><div id='tab-id-3-tab' class='tab' role='tab' aria-selected=\"false\" tabindex=\"0\" data-fake-id='#tab-id-3' aria-controls='tab-id-3-content'  itemprop=\"headline\" >Technical<\/div><div id='tab-id-3-content' class='tab_content' role='tabpanel' aria-labelledby='tab-id-3-tab' aria-hidden=\"true\"><div class='tab_inner_content invers-color'  itemprop=\"text\" ><div class=\"col-xs-24 col-sm-12\">\n<table cellspacing=\"0\" cellpadding=\"0\">\n<tbody>\n<tr>\n<td><strong>Type de Produit<\/strong><\/td>\n<td>Toile<\/td>\n<\/tr>\n<tr>\n<td><strong>Type d&#8217;Adh\u00e9sif<\/strong><\/td>\n<td>Masse adh\u00e9sive en r\u00e9sine de caoutchouc \u00e0 base de solvant thermodurcissable<\/td>\n<\/tr>\n<tr>\n<td><strong>\u00c9paisseur<\/strong><\/td>\n<td>0.18mm<\/td>\n<\/tr>\n<tr>\n<td><strong>R\u00e9sistance \u00e0 la rupture<\/strong><\/td>\n<td>280 N\/cm<\/td>\n<\/tr>\n<tr>\n<td><strong>Allongement<\/strong><\/td>\n<td>5%<\/td>\n<\/tr>\n<tr>\n<td><strong>Adh\u00e9sion sur acier<\/strong><\/td>\n<td>3.0 N\/cm<\/td>\n<\/tr>\n<tr>\n<td><strong>Tenue en temp\u00e9rature<\/strong><\/td>\n<td>0\u00b0C to +130\u00b0C<\/td>\n<\/tr>\n<tr>\n<td><strong>Breakdown Voltage<\/strong><\/td>\n<td>2.5 kV<\/td>\n<\/tr>\n<tr>\n<td><strong>Conformit\u00e9 RoHS<\/strong><\/td>\n<td>Oui<\/td>\n<\/tr>\n<tr>\n<td><strong>Specification<\/strong><\/td>\n<td>Reconnu par UL; BS EN 60454-3-8 Type 1<\/td>\n<\/tr>\n<\/tbody>\n<\/table>\n<\/div>\n<\/div><\/div><\/section>\n<section class='av_tab_section av_tab_section av-piqt-c78631c4603ff59fef417d06594d5e20'  itemscope=\"itemscope\" itemtype=\"https:\/\/schema.org\/CreativeWork\" ><div id='tab-id-4-tab' class='tab' role='tab' aria-selected=\"false\" tabindex=\"0\" data-fake-id='#tab-id-4' aria-controls='tab-id-4-content'  itemprop=\"headline\" >Colours<\/div><div id='tab-id-4-content' class='tab_content' role='tabpanel' aria-labelledby='tab-id-4-tab' aria-hidden=\"true\"><div class='tab_inner_content invers-color'  itemprop=\"text\" ><\/div><\/div><\/section>\n<\/div>\n","protected":false},"excerpt":{"rendered":"<p><strong>AT4001 est reconnu par l&#8217;organisme d&#8217;accr\u00e9ditation UL (Underwritters Laboratories) et conforme \u00e0 la norme EN 60454-3-8\/Type 1<\/strong><\/p>\n<p>&nbsp;<\/p>\n<div class=\"first_para_desc\">\n<p>AT4001 is a single-sided woven glass cloth tape with a rubber thermosetting solvent based rubber \u2013 resin adhesive used in electrical insulation of coils, insulation of square conductors in traction motors and generators and tensional strapping of coils and armature windings. It has a high temperature resistance to 130\u02daC and high mechanical strength making it a very strong tape to support a weight. AT4001 meets the flame retardency requirements of UL510 and conforms to BS EN 60454-3-8 Type 1.<\/p>\n<\/div>\n","protected":false},"featured_media":2828,"template":"","meta":{"_acf_changed":false},"product_brand":[],"product_cat":[327],"product_tag":[331],"class_list":{"0":"post-5434","1":"product","2":"type-product","3":"status-publish","4":"has-post-thumbnail","6":"product_cat-toile","7":"product_tag-industrial-consumables-fr","9":"first","10":"instock","11":"shipping-taxable","12":"product-type-simple"},"acf":[],"yoast_head":"<!-- This site is optimized with the Yoast SEO plugin v27.3 - https:\/\/yoast.com\/product\/yoast-seo-wordpress\/ -->\n<title>AT4001 Ruban Tissu de Verre - Classe B 130\u00b0C - Advance Tapes<\/title>\n<meta name=\"robots\" content=\"index, follow, max-snippet:-1, max-image-preview:large, max-video-preview:-1\" \/>\n<link rel=\"canonical\" href=\"https:\/\/advancetapes.com\/fr\/products\/at4001-ruban-tissu-de-verre-classe-b-130c\/\" \/>\n<meta property=\"og:locale\" content=\"fr_FR\" \/>\n<meta property=\"og:type\" content=\"article\" \/>\n<meta property=\"og:title\" content=\"AT4001 Ruban Tissu de Verre - Classe B 130\u00b0C - Advance Tapes\" \/>\n<meta property=\"og:description\" content=\"AT4001 est reconnu par l&#039;organisme d&#039;accr\u00e9ditation UL (Underwritters Laboratories) et conforme \u00e0 la norme EN 60454-3-8\/Type 1  &nbsp;   AT4001 is a single-sided woven glass cloth tape with a rubber thermosetting solvent based rubber \u2013 resin adhesive used in electrical insulation of coils, insulation of square conductors in traction motors and generators and tensional strapping of coils and armature windings. It has a high temperature resistance to 130\u02daC and high mechanical strength making it a very strong tape to support a weight. AT4001 meets the flame retardency requirements of UL510 and conforms to BS EN 60454-3-8 Type 1.\" \/>\n<meta property=\"og:url\" content=\"https:\/\/advancetapes.com\/fr\/products\/at4001-ruban-tissu-de-verre-classe-b-130c\/\" \/>\n<meta property=\"og:site_name\" content=\"Advance Tapes\" \/>\n<meta property=\"article:modified_time\" content=\"2021-04-12T20:20:06+00:00\" \/>\n<meta property=\"og:image\" content=\"https:\/\/advancetapes.com\/wp-content\/uploads\/2021\/01\/Advance-Tapes_AT4001_White.jpg\" \/>\n\t<meta property=\"og:image:width\" content=\"600\" \/>\n\t<meta property=\"og:image:height\" content=\"600\" \/>\n\t<meta property=\"og:image:type\" content=\"image\/jpeg\" \/>\n<meta name=\"twitter:card\" content=\"summary_large_image\" \/>\n<meta name=\"twitter:label1\" content=\"Est. reading time\" \/>\n\t<meta name=\"twitter:data1\" content=\"1 minute\" \/>\n<!-- \/ Yoast SEO plugin. -->","yoast_head_json":{"title":"AT4001 Ruban Tissu de Verre - Classe B 130\u00b0C - Advance Tapes","robots":{"index":"index","follow":"follow","max-snippet":"max-snippet:-1","max-image-preview":"max-image-preview:large","max-video-preview":"max-video-preview:-1"},"canonical":"https:\/\/advancetapes.com\/fr\/products\/at4001-ruban-tissu-de-verre-classe-b-130c\/","og_locale":"fr_FR","og_type":"article","og_title":"AT4001 Ruban Tissu de Verre - Classe B 130\u00b0C - Advance Tapes","og_description":"AT4001 est reconnu par l'organisme d'accr\u00e9ditation UL (Underwritters Laboratories) et conforme \u00e0 la norme EN 60454-3-8\/Type 1  &nbsp;   AT4001 is a single-sided woven glass cloth tape with a rubber thermosetting solvent based rubber \u2013 resin adhesive used in electrical insulation of coils, insulation of square conductors in traction motors and generators and tensional strapping of coils and armature windings. It has a high temperature resistance to 130\u02daC and high mechanical strength making it a very strong tape to support a weight. AT4001 meets the flame retardency requirements of UL510 and conforms to BS EN 60454-3-8 Type 1.","og_url":"https:\/\/advancetapes.com\/fr\/products\/at4001-ruban-tissu-de-verre-classe-b-130c\/","og_site_name":"Advance Tapes","article_modified_time":"2021-04-12T20:20:06+00:00","og_image":[{"width":600,"height":600,"url":"https:\/\/advancetapes.com\/wp-content\/uploads\/2021\/01\/Advance-Tapes_AT4001_White.jpg","type":"image\/jpeg"}],"twitter_card":"summary_large_image","twitter_misc":{"Est. reading time":"1 minute"},"schema":{"@context":"https:\/\/schema.org","@graph":[{"@type":"WebPage","@id":"https:\/\/advancetapes.com\/fr\/products\/at4001-ruban-tissu-de-verre-classe-b-130c\/","url":"https:\/\/advancetapes.com\/fr\/products\/at4001-ruban-tissu-de-verre-classe-b-130c\/","name":"AT4001 Ruban Tissu de Verre - Classe B 130\u00b0C - Advance Tapes","isPartOf":{"@id":"https:\/\/advancetapes.com\/fr\/#website"},"primaryImageOfPage":{"@id":"https:\/\/advancetapes.com\/fr\/products\/at4001-ruban-tissu-de-verre-classe-b-130c\/#primaryimage"},"image":{"@id":"https:\/\/advancetapes.com\/fr\/products\/at4001-ruban-tissu-de-verre-classe-b-130c\/#primaryimage"},"thumbnailUrl":"https:\/\/advancetapes.com\/wp-content\/uploads\/2021\/01\/Advance-Tapes_AT4001_White.jpg","datePublished":"2021-01-02T22:20:26+00:00","dateModified":"2021-04-12T20:20:06+00:00","breadcrumb":{"@id":"https:\/\/advancetapes.com\/fr\/products\/at4001-ruban-tissu-de-verre-classe-b-130c\/#breadcrumb"},"inLanguage":"fr-FR","potentialAction":[{"@type":"ReadAction","target":["https:\/\/advancetapes.com\/fr\/products\/at4001-ruban-tissu-de-verre-classe-b-130c\/"]}]},{"@type":"ImageObject","inLanguage":"fr-FR","@id":"https:\/\/advancetapes.com\/fr\/products\/at4001-ruban-tissu-de-verre-classe-b-130c\/#primaryimage","url":"https:\/\/advancetapes.com\/wp-content\/uploads\/2021\/01\/Advance-Tapes_AT4001_White.jpg","contentUrl":"https:\/\/advancetapes.com\/wp-content\/uploads\/2021\/01\/Advance-Tapes_AT4001_White.jpg","width":600,"height":600},{"@type":"BreadcrumbList","@id":"https:\/\/advancetapes.com\/fr\/products\/at4001-ruban-tissu-de-verre-classe-b-130c\/#breadcrumb","itemListElement":[{"@type":"ListItem","position":1,"name":"Home","item":"https:\/\/advancetapes.com\/fr\/"},{"@type":"ListItem","position":2,"name":"Products","item":"https:\/\/advancetapes.com\/fr\/products\/"},{"@type":"ListItem","position":3,"name":"AT4001 Ruban Tissu de Verre &#8211; Classe B 130\u00b0C"}]},{"@type":"WebSite","@id":"https:\/\/advancetapes.com\/fr\/#website","url":"https:\/\/advancetapes.com\/fr\/","name":"Advance Tapes","description":"Adding more to adhesive tape","potentialAction":[{"@type":"SearchAction","target":{"@type":"EntryPoint","urlTemplate":"https:\/\/advancetapes.com\/fr\/?s={search_term_string}"},"query-input":{"@type":"PropertyValueSpecification","valueRequired":true,"valueName":"search_term_string"}}],"inLanguage":"fr-FR"}]}},"_links":{"self":[{"href":"https:\/\/advancetapes.com\/fr\/wp-json\/wp\/v2\/product\/5434","targetHints":{"allow":["GET"]}}],"collection":[{"href":"https:\/\/advancetapes.com\/fr\/wp-json\/wp\/v2\/product"}],"about":[{"href":"https:\/\/advancetapes.com\/fr\/wp-json\/wp\/v2\/types\/product"}],"wp:featuredmedia":[{"embeddable":true,"href":"https:\/\/advancetapes.com\/fr\/wp-json\/wp\/v2\/media\/2828"}],"wp:attachment":[{"href":"https:\/\/advancetapes.com\/fr\/wp-json\/wp\/v2\/media?parent=5434"}],"wp:term":[{"taxonomy":"product_brand","embeddable":true,"href":"https:\/\/advancetapes.com\/fr\/wp-json\/wp\/v2\/product_brand?post=5434"},{"taxonomy":"product_cat","embeddable":true,"href":"https:\/\/advancetapes.com\/fr\/wp-json\/wp\/v2\/product_cat?post=5434"},{"taxonomy":"product_tag","embeddable":true,"href":"https:\/\/advancetapes.com\/fr\/wp-json\/wp\/v2\/product_tag?post=5434"}],"curies":[{"name":"wp","href":"https:\/\/api.w.org\/{rel}","templated":true}]}}