{"id":5433,"date":"2021-01-02T22:16:49","date_gmt":"2021-01-02T22:16:49","guid":{"rendered":"https:\/\/advancetapes.com\/products\/at2002-ruban-toile-ignifuge-haute-specification-far-25-853-a\/"},"modified":"2021-04-12T20:18:49","modified_gmt":"2021-04-12T20:18:49","slug":"at2002-ruban-toile-ignifuge-haute-specification-far-25-853-a","status":"publish","type":"product","link":"https:\/\/advancetapes.com\/fr\/products\/at2002-ruban-toile-ignifuge-haute-specification-far-25-853-a\/","title":{"rendered":"AT2002 Ruban Toile Ignifuge Haute sp\u00e9cification &#8211; FAR 25.853 (a)"},"content":{"rendered":"<div  class='tabcontainer av-kjftr0sh-5cbeaf8b0626cf654d5dd98b301fff40 top_tab  avia-builder-el-0  avia-builder-el-no-sibling '>\n<section class='av_tab_section av_tab_section av-136u0t-670a4b9030f64c14cf21eab7d1ee989b'  itemscope=\"itemscope\" itemtype=\"https:\/\/schema.org\/CreativeWork\" ><div id='tab-id-1-tab' class='tab active_tab' role='tab' aria-selected=\"true\" tabindex=\"0\" data-fake-id='#tab-id-1' aria-controls='tab-id-1-content'  itemprop=\"headline\" >Fonctionnalit\u00e9s<\/div><div id='tab-id-1-content' class='tab_content active_tab_content' role='tabpanel' aria-labelledby='tab-id-1-tab' aria-hidden=\"false\"><div class='tab_inner_content invers-color'  itemprop=\"text\" ><ul>\n<li>Retardateur de flamme<\/li>\n<li>Sp\u00e9cification imprim\u00e9e sur le Ruban pour une identification simplifi\u00e9e<\/li>\n<li>D\u00e9collement sans transfert jusqu&#8217;\u00e0 4 jours \u00e0 +50\u00b0C<\/li>\n<li>Excellent pouvoir d&#8217;adh\u00e9sion<\/li>\n<li>Finition imperm\u00e9able<\/li>\n<li>Bonne r\u00e9sistance \u00e0 l\u2019abrasion<\/li>\n<li>Surface inscriptible<\/li>\n<\/ul>\n<\/div><\/div><\/section>\n<section class='av_tab_section av_tab_section av-xaj9x-1a03eaf116616a3fc1832048e4bbbc81'  itemscope=\"itemscope\" itemtype=\"https:\/\/schema.org\/CreativeWork\" ><div id='tab-id-2-tab' class='tab' role='tab' aria-selected=\"false\" tabindex=\"0\" data-fake-id='#tab-id-2' aria-controls='tab-id-2-content'  itemprop=\"headline\" >Applications<\/div><div id='tab-id-2-content' class='tab_content' role='tabpanel' aria-labelledby='tab-id-2-tab' aria-hidden=\"true\"><div class='tab_inner_content invers-color'  itemprop=\"text\" ><ul>\n<li>Protection et assemblage pendant la construction et \/ ou l&#8217;entretien des a\u00e9ronefs, des navires, des sous-marins et des trains<\/li>\n<li>Espaces d&#8217;\u00e9tanch\u00e9it\u00e9 entre les panneaux ignifuges<\/li>\n<li>Assemblage de cloisons en carton dans des cales de chargement, connues sous le nom de \u00abCargo Tape\u00bb<\/li>\n<li>Assemblage de mat\u00e9riaux FR sur des plates-formes p\u00e9troli\u00e8res offshore<\/li>\n<\/ul>\n<\/div><\/div><\/section>\n<section class='av_tab_section av_tab_section av-2siq5-4acdc5546d8620742fd60bab65a321ba'  itemscope=\"itemscope\" itemtype=\"https:\/\/schema.org\/CreativeWork\" ><div id='tab-id-3-tab' class='tab' role='tab' aria-selected=\"false\" tabindex=\"0\" data-fake-id='#tab-id-3' aria-controls='tab-id-3-content'  itemprop=\"headline\" >Technical<\/div><div id='tab-id-3-content' class='tab_content' role='tabpanel' aria-labelledby='tab-id-3-tab' aria-hidden=\"true\"><div class='tab_inner_content invers-color'  itemprop=\"text\" ><div class=\"col-xs-24 col-sm-12\">\n<table cellspacing=\"0\" cellpadding=\"0\">\n<tbody>\n<tr>\n<td><strong>Type de Produit<\/strong><\/td>\n<td>Toile<\/td>\n<\/tr>\n<tr>\n<td><strong>Type d&#8217;Adh\u00e9sif<\/strong><\/td>\n<td>Masse adh\u00e9sive en r\u00e9sine de caoutchouc sans solvant<\/td>\n<\/tr>\n<tr>\n<td><strong>\u00c9paisseur<\/strong><\/td>\n<td>0.23 mm<\/td>\n<\/tr>\n<tr>\n<td><strong>R\u00e9sistance \u00e0 la rupture<\/strong><\/td>\n<td>38 N\/cm<\/td>\n<\/tr>\n<tr>\n<td><strong>Allongement<\/strong><\/td>\n<td>45%<\/td>\n<\/tr>\n<tr>\n<td><strong>Adh\u00e9sion sur acier<\/strong><\/td>\n<td>6.0 N\/cm<\/td>\n<\/tr>\n<tr>\n<td><strong>Adh\u00e9sion sur endos<\/strong><\/td>\n<td>4.5 N\/cm<\/td>\n<\/tr>\n<tr>\n<td><strong>Tenue en temp\u00e9rature<\/strong><\/td>\n<td>-10\u00b0C to +60\u00b0C<\/td>\n<\/tr>\n<tr>\n<td><strong>Conformit\u00e9 RoHS<\/strong><\/td>\n<td>Oui<\/td>\n<\/tr>\n<tr>\n<td><strong>Specification<\/strong><\/td>\n<td>En conformit\u00e9 avec la norme FAR 25.853. Classement M1<\/td>\n<\/tr>\n<\/tbody>\n<\/table>\n<\/div>\n<\/div><\/div><\/section>\n<section class='av_tab_section av_tab_section av-piqt-c78631c4603ff59fef417d06594d5e20'  itemscope=\"itemscope\" itemtype=\"https:\/\/schema.org\/CreativeWork\" ><div id='tab-id-4-tab' class='tab' role='tab' aria-selected=\"false\" tabindex=\"0\" data-fake-id='#tab-id-4' aria-controls='tab-id-4-content'  itemprop=\"headline\" >Colours<\/div><div id='tab-id-4-content' class='tab_content' role='tabpanel' aria-labelledby='tab-id-4-tab' aria-hidden=\"true\"><div class='tab_inner_content invers-color'  itemprop=\"text\" ><\/div><\/div><\/section>\n<\/div>\n","protected":false},"excerpt":{"rendered":"<p><strong>Conforme \u00e0 la sp\u00e9cification de l&#8217;aviation f\u00e9d\u00e9rale FAR 25.853 concernant la non propagation de flamme.<br \/>\nPeut \u00eatre utilis\u00e9 en toute s\u00e9curit\u00e9 dans les avions, les bateaux, les sous-marins, les trains et les automobiles.<br \/>\nClassement M1.<\/strong><\/p>\n<p>&nbsp;<\/p>\n<div class=\"first_para_desc\">\n<p>L\u2019AT2002 est un ruban toile couch\u00e9 poly\u00e9thyl\u00e8ne lamin\u00e9 non propagateur de flamme enduit d\u2019une masse adh\u00e9sive sp\u00e9ciale en r\u00e9sine de caoutchouc sans solvant et sensible \u00e0 la pression.<\/p>\n<\/div>\n","protected":false},"featured_media":6468,"template":"","meta":{"_acf_changed":false},"product_brand":[],"product_cat":[373,327],"product_tag":[331],"class_list":{"0":"post-5433","1":"product","2":"type-product","3":"status-publish","4":"has-post-thumbnail","6":"product_cat-entertainment-fr","7":"product_cat-toile","8":"product_tag-industrial-consumables-fr","10":"first","11":"instock","12":"shipping-taxable","13":"product-type-simple"},"acf":[],"yoast_head":"<!-- This site is optimized with the Yoast SEO plugin v27.3 - https:\/\/yoast.com\/product\/yoast-seo-wordpress\/ -->\n<title>AT2002 Ruban Toile Ignifuge Haute sp\u00e9cification - FAR 25.853 (a) - Advance Tapes<\/title>\n<meta name=\"robots\" content=\"index, follow, max-snippet:-1, max-image-preview:large, max-video-preview:-1\" \/>\n<link rel=\"canonical\" href=\"https:\/\/advancetapes.com\/fr\/products\/at2002-ruban-toile-ignifuge-haute-specification-far-25-853-a\/\" \/>\n<meta property=\"og:locale\" content=\"fr_FR\" \/>\n<meta property=\"og:type\" content=\"article\" \/>\n<meta property=\"og:title\" content=\"AT2002 Ruban Toile Ignifuge Haute sp\u00e9cification - FAR 25.853 (a) - Advance Tapes\" \/>\n<meta property=\"og:description\" content=\"Conforme \u00e0 la sp\u00e9cification de l&#039;aviation f\u00e9d\u00e9rale FAR 25.853 concernant la non propagation de flamme. Peut \u00eatre utilis\u00e9 en toute s\u00e9curit\u00e9 dans les avions, les bateaux, les sous-marins, les trains et les automobiles. Classement M1.  &nbsp;   L\u2019AT2002 est un ruban toile couch\u00e9 poly\u00e9thyl\u00e8ne lamin\u00e9 non propagateur de flamme enduit d\u2019une masse adh\u00e9sive sp\u00e9ciale en r\u00e9sine de caoutchouc sans solvant et sensible \u00e0 la pression.\" \/>\n<meta property=\"og:url\" content=\"https:\/\/advancetapes.com\/fr\/products\/at2002-ruban-toile-ignifuge-haute-specification-far-25-853-a\/\" \/>\n<meta property=\"og:site_name\" content=\"Advance Tapes\" \/>\n<meta property=\"article:modified_time\" content=\"2021-04-12T20:18:49+00:00\" \/>\n<meta property=\"og:image\" content=\"https:\/\/advancetapes.com\/wp-content\/uploads\/2021\/01\/Advance-Tapes_AT2002_White-80x80-1.jpg\" \/>\n\t<meta property=\"og:image:width\" content=\"80\" \/>\n\t<meta property=\"og:image:height\" content=\"80\" \/>\n\t<meta property=\"og:image:type\" content=\"image\/jpeg\" \/>\n<meta name=\"twitter:card\" content=\"summary_large_image\" \/>\n<meta name=\"twitter:label1\" content=\"Est. reading time\" \/>\n\t<meta name=\"twitter:data1\" content=\"1 minute\" \/>\n<!-- \/ Yoast SEO plugin. -->","yoast_head_json":{"title":"AT2002 Ruban Toile Ignifuge Haute sp\u00e9cification - FAR 25.853 (a) - Advance Tapes","robots":{"index":"index","follow":"follow","max-snippet":"max-snippet:-1","max-image-preview":"max-image-preview:large","max-video-preview":"max-video-preview:-1"},"canonical":"https:\/\/advancetapes.com\/fr\/products\/at2002-ruban-toile-ignifuge-haute-specification-far-25-853-a\/","og_locale":"fr_FR","og_type":"article","og_title":"AT2002 Ruban Toile Ignifuge Haute sp\u00e9cification - FAR 25.853 (a) - Advance Tapes","og_description":"Conforme \u00e0 la sp\u00e9cification de l'aviation f\u00e9d\u00e9rale FAR 25.853 concernant la non propagation de flamme. Peut \u00eatre utilis\u00e9 en toute s\u00e9curit\u00e9 dans les avions, les bateaux, les sous-marins, les trains et les automobiles. Classement M1.  &nbsp;   L\u2019AT2002 est un ruban toile couch\u00e9 poly\u00e9thyl\u00e8ne lamin\u00e9 non propagateur de flamme enduit d\u2019une masse adh\u00e9sive sp\u00e9ciale en r\u00e9sine de caoutchouc sans solvant et sensible \u00e0 la pression.","og_url":"https:\/\/advancetapes.com\/fr\/products\/at2002-ruban-toile-ignifuge-haute-specification-far-25-853-a\/","og_site_name":"Advance Tapes","article_modified_time":"2021-04-12T20:18:49+00:00","og_image":[{"width":80,"height":80,"url":"https:\/\/advancetapes.com\/wp-content\/uploads\/2021\/01\/Advance-Tapes_AT2002_White-80x80-1.jpg","type":"image\/jpeg"}],"twitter_card":"summary_large_image","twitter_misc":{"Est. reading time":"1 minute"},"schema":{"@context":"https:\/\/schema.org","@graph":[{"@type":"WebPage","@id":"https:\/\/advancetapes.com\/fr\/products\/at2002-ruban-toile-ignifuge-haute-specification-far-25-853-a\/","url":"https:\/\/advancetapes.com\/fr\/products\/at2002-ruban-toile-ignifuge-haute-specification-far-25-853-a\/","name":"AT2002 Ruban Toile Ignifuge Haute sp\u00e9cification - FAR 25.853 (a) - Advance Tapes","isPartOf":{"@id":"https:\/\/advancetapes.com\/fr\/#website"},"primaryImageOfPage":{"@id":"https:\/\/advancetapes.com\/fr\/products\/at2002-ruban-toile-ignifuge-haute-specification-far-25-853-a\/#primaryimage"},"image":{"@id":"https:\/\/advancetapes.com\/fr\/products\/at2002-ruban-toile-ignifuge-haute-specification-far-25-853-a\/#primaryimage"},"thumbnailUrl":"https:\/\/advancetapes.com\/wp-content\/uploads\/2021\/01\/Advance-Tapes_AT2002_White-80x80-1.jpg","datePublished":"2021-01-02T22:16:49+00:00","dateModified":"2021-04-12T20:18:49+00:00","breadcrumb":{"@id":"https:\/\/advancetapes.com\/fr\/products\/at2002-ruban-toile-ignifuge-haute-specification-far-25-853-a\/#breadcrumb"},"inLanguage":"fr-FR","potentialAction":[{"@type":"ReadAction","target":["https:\/\/advancetapes.com\/fr\/products\/at2002-ruban-toile-ignifuge-haute-specification-far-25-853-a\/"]}]},{"@type":"ImageObject","inLanguage":"fr-FR","@id":"https:\/\/advancetapes.com\/fr\/products\/at2002-ruban-toile-ignifuge-haute-specification-far-25-853-a\/#primaryimage","url":"https:\/\/advancetapes.com\/wp-content\/uploads\/2021\/01\/Advance-Tapes_AT2002_White-80x80-1.jpg","contentUrl":"https:\/\/advancetapes.com\/wp-content\/uploads\/2021\/01\/Advance-Tapes_AT2002_White-80x80-1.jpg","width":80,"height":80},{"@type":"BreadcrumbList","@id":"https:\/\/advancetapes.com\/fr\/products\/at2002-ruban-toile-ignifuge-haute-specification-far-25-853-a\/#breadcrumb","itemListElement":[{"@type":"ListItem","position":1,"name":"Home","item":"https:\/\/advancetapes.com\/fr\/"},{"@type":"ListItem","position":2,"name":"Products","item":"https:\/\/advancetapes.com\/fr\/products\/"},{"@type":"ListItem","position":3,"name":"AT2002 Ruban Toile Ignifuge Haute sp\u00e9cification &#8211; FAR 25.853 (a)"}]},{"@type":"WebSite","@id":"https:\/\/advancetapes.com\/fr\/#website","url":"https:\/\/advancetapes.com\/fr\/","name":"Advance Tapes","description":"Adding more to adhesive tape","potentialAction":[{"@type":"SearchAction","target":{"@type":"EntryPoint","urlTemplate":"https:\/\/advancetapes.com\/fr\/?s={search_term_string}"},"query-input":{"@type":"PropertyValueSpecification","valueRequired":true,"valueName":"search_term_string"}}],"inLanguage":"fr-FR"}]}},"_links":{"self":[{"href":"https:\/\/advancetapes.com\/fr\/wp-json\/wp\/v2\/product\/5433","targetHints":{"allow":["GET"]}}],"collection":[{"href":"https:\/\/advancetapes.com\/fr\/wp-json\/wp\/v2\/product"}],"about":[{"href":"https:\/\/advancetapes.com\/fr\/wp-json\/wp\/v2\/types\/product"}],"wp:featuredmedia":[{"embeddable":true,"href":"https:\/\/advancetapes.com\/fr\/wp-json\/wp\/v2\/media\/6468"}],"wp:attachment":[{"href":"https:\/\/advancetapes.com\/fr\/wp-json\/wp\/v2\/media?parent=5433"}],"wp:term":[{"taxonomy":"product_brand","embeddable":true,"href":"https:\/\/advancetapes.com\/fr\/wp-json\/wp\/v2\/product_brand?post=5433"},{"taxonomy":"product_cat","embeddable":true,"href":"https:\/\/advancetapes.com\/fr\/wp-json\/wp\/v2\/product_cat?post=5433"},{"taxonomy":"product_tag","embeddable":true,"href":"https:\/\/advancetapes.com\/fr\/wp-json\/wp\/v2\/product_tag?post=5433"}],"curies":[{"name":"wp","href":"https:\/\/api.w.org\/{rel}","templated":true}]}}