{"id":5419,"date":"2021-01-02T21:46:41","date_gmt":"2021-01-02T21:46:41","guid":{"rendered":"https:\/\/advancetapes.com\/products\/at220-advance-gaffa-expo-special-salon-expo\/"},"modified":"2021-04-12T20:07:25","modified_gmt":"2021-04-12T20:07:25","slug":"at220-advance-gaffa-expo-special-salon-expo","status":"publish","type":"product","link":"https:\/\/advancetapes.com\/fr\/products\/at220-advance-gaffa-expo-special-salon-expo\/","title":{"rendered":"AT220 Advance Gaffa-Expo\u2122 Sp\u00e9cial Salon Expo"},"content":{"rendered":"<div  class='tabcontainer av-kjftr0sh-5cbeaf8b0626cf654d5dd98b301fff40 top_tab  avia-builder-el-0  avia-builder-el-no-sibling '>\n<section class='av_tab_section av_tab_section av-40deo-8214c7a26bd7ce71ac436071f969db4d'  itemscope=\"itemscope\" itemtype=\"https:\/\/schema.org\/CreativeWork\" ><div id='tab-id-1-tab' class='tab active_tab' role='tab' aria-selected=\"true\" tabindex=\"0\" data-fake-id='#tab-id-1' aria-controls='tab-id-1-content'  itemprop=\"headline\" >Fonctionnalit\u00e9s<\/div><div id='tab-id-1-content' class='tab_content active_tab_content' role='tabpanel' aria-labelledby='tab-id-1-tab' aria-hidden=\"false\"><div class='tab_inner_content invers-color'  itemprop=\"text\" ><ul>\n<li>D\u00e9collement sans r\u00e9sidu de la plupart des surfaces jusqu\u2019\u00e0 7 jours<\/li>\n<li>D\u00e9roulement contr\u00f4l\u00e9 et d\u00e9coupe facile<\/li>\n<li>Bonne r\u00e9sistance \u00e0 l\u2019abrasion<\/li>\n<li>R\u00e9sistant \u00e0 l&#8217;eau in situ<\/li>\n<li>Conformable<\/li>\n<li>Large plage de temp\u00e9rature<\/li>\n<li>Adh\u00e9sif non-corrosif<\/li>\n<\/ul>\n<\/div><\/div><\/section>\n<section class='av_tab_section av_tab_section av-z6yzk-d607310713c35f464650175d6f924af3'  itemscope=\"itemscope\" itemtype=\"https:\/\/schema.org\/CreativeWork\" ><div id='tab-id-2-tab' class='tab' role='tab' aria-selected=\"false\" tabindex=\"0\" data-fake-id='#tab-id-2' aria-controls='tab-id-2-content'  itemprop=\"headline\" >Applications<\/div><div id='tab-id-2-content' class='tab_content' role='tabpanel' aria-labelledby='tab-id-2-tab' aria-hidden=\"true\"><div class='tab_inner_content invers-color'  itemprop=\"text\" ><ul>\n<li>Pour sceller le bord des tapis sur le sol des expositions<\/li>\n<li>Protection de tapis dans la construction de yacht (Babcock Marine)<\/li>\n<\/ul>\n<\/div><\/div><\/section>\n<section class='av_tab_section av_tab_section av-oyuo8-00fee86cbf409283aa6ca937a1ea6825'  itemscope=\"itemscope\" itemtype=\"https:\/\/schema.org\/CreativeWork\" ><div id='tab-id-3-tab' class='tab' role='tab' aria-selected=\"false\" tabindex=\"0\" data-fake-id='#tab-id-3' aria-controls='tab-id-3-content'  itemprop=\"headline\" >Technical<\/div><div id='tab-id-3-content' class='tab_content' role='tabpanel' aria-labelledby='tab-id-3-tab' aria-hidden=\"true\"><div class='tab_inner_content invers-color'  itemprop=\"text\" ><div class=\"col-xs-24 col-sm-12\">\n<table cellspacing=\"0\" cellpadding=\"0\">\n<tbody>\n<tr>\n<td><strong>Type de Produit<\/strong><\/td>\n<td>Toile<\/td>\n<\/tr>\n<tr>\n<td><strong>Type d&#8217;Adh\u00e9sif<\/strong><\/td>\n<td>Masse adh\u00e9sive en r\u00e9sine de caoutchouc sans solvant<\/td>\n<\/tr>\n<tr>\n<td><strong>\u00c9paisseur<\/strong><\/td>\n<td>0.27 mm<\/td>\n<\/tr>\n<tr>\n<td><strong>R\u00e9sistance \u00e0 la rupture<\/strong><\/td>\n<td>50 N\/cm<\/td>\n<\/tr>\n<tr>\n<td><strong>Allongement<\/strong><\/td>\n<td>30%<\/td>\n<\/tr>\n<tr>\n<td><strong>Adh\u00e9sion sur acier<\/strong><\/td>\n<td>3.0 N\/cm<\/td>\n<\/tr>\n<tr>\n<td><strong>Adh\u00e9sion sur endos<\/strong><\/td>\n<td>1.5 N\/cm<\/td>\n<\/tr>\n<tr>\n<td><strong>Tenue en temp\u00e9rature<\/strong><\/td>\n<td>-50\u00b0C \u00e0 +110\u00b0C<\/td>\n<\/tr>\n<tr>\n<td><strong>Conformit\u00e9 RoHS<\/strong><\/td>\n<td>Oui<\/td>\n<\/tr>\n<\/tbody>\n<\/table>\n<\/div>\n<\/div><\/div><\/section>\n<section class='av_tab_section av_tab_section av-piqt-c78631c4603ff59fef417d06594d5e20'  itemscope=\"itemscope\" itemtype=\"https:\/\/schema.org\/CreativeWork\" ><div id='tab-id-4-tab' class='tab' role='tab' aria-selected=\"false\" tabindex=\"0\" data-fake-id='#tab-id-4' aria-controls='tab-id-4-content'  itemprop=\"headline\" >Colours<\/div><div id='tab-id-4-content' class='tab_content' role='tabpanel' aria-labelledby='tab-id-4-tab' aria-hidden=\"true\"><div class='tab_inner_content invers-color'  itemprop=\"text\" ><p><span id=\"uxm_tab_pro_color\" class=\"uxm_tab_pro_color\"><\/span><span id=\"uxm_tab_pro_color_2\" class=\"uxm_tab_pro_color\"><\/span><span id=\"uxm_tab_pro_color_3\" class=\"uxm_tab_pro_color\"><\/span><span id=\"uxm_tab_pro_color_4\" class=\"uxm_tab_pro_color\"><\/span><span id=\"uxm_tab_pro_color_5\" class=\"uxm_tab_pro_color\"><\/span><span id=\"uxm_tab_pro_color_6\" class=\"uxm_tab_pro_color\"><\/span><br \/>\n<span id=\"uxm_tab_pro_color_7\" class=\"uxm_tab_pro_color\"><\/span><\/p>\n<\/div><\/div><\/section>\n<\/div>\n","protected":false},"excerpt":{"rendered":"<p><strong>(English) Exhibition floor tape is strong and can withstand extreme low and high temperature (from -50\u00b0C to +110\u00b0C ) and offers resistance against abrasion and water. Tested on several surfaces across Europe&#8217;s leading exhibition venues, it peels clean* after 7 days from concrete, tiles, painted floors and carpets, making it the ideal choice for this application.<\/strong><\/p>\n<p>&nbsp;<\/p>\n<div class=\"first_para_desc\">\n<p>AT220 is a semi matt conformable polythene extruded cloth tape coated with an aggressive peel clean thermosetting solvent free rubber \u2013 resin adhesive specially designed for the exhibition market. This strong Advance Gaffa\u00ae tape withstand extreme low and high temperature (from -50\u00b0C to +110\u00b0C ) and offers resistance against abrasion and water. The tape is ideal for sealing the edges of carpets on the floors of exhibitions. Tested on several surfaces across Europe\u2019s leading exhibition venues, it peels clean* after 7 days from concrete, tiles, painted floors and carpets, making it the ideal choice for this application.\u00a0<em>* We would always recommend that users should satisfy themselves that the product is suitable for a particular application prior to use.<\/em><\/p>\n<\/div>\n","protected":false},"featured_media":2796,"template":"","meta":{"_acf_changed":false},"product_brand":[],"product_cat":[327],"product_tag":[336,330],"class_list":{"0":"post-5419","1":"product","2":"type-product","3":"status-publish","4":"has-post-thumbnail","6":"product_cat-toile","7":"product_tag-advance-gaffa-fr","8":"product_tag-entertainment-fr","10":"first","11":"instock","12":"shipping-taxable","13":"product-type-simple"},"acf":[],"yoast_head":"<!-- This site is optimized with the Yoast SEO plugin v27.6 - https:\/\/yoast.com\/product\/yoast-seo-wordpress\/ -->\n<title>AT220 Advance Gaffa-Expo\u2122 Sp\u00e9cial Salon Expo - Advance Tapes<\/title>\n<meta name=\"robots\" content=\"index, follow, max-snippet:-1, max-image-preview:large, max-video-preview:-1\" \/>\n<link rel=\"canonical\" href=\"https:\/\/advancetapes.com\/fr\/products\/at220-advance-gaffa-expo-special-salon-expo\/\" \/>\n<meta property=\"og:locale\" content=\"fr_FR\" \/>\n<meta property=\"og:type\" content=\"article\" \/>\n<meta property=\"og:title\" content=\"AT220 Advance Gaffa-Expo\u2122 Sp\u00e9cial Salon Expo - Advance Tapes\" \/>\n<meta property=\"og:description\" content=\"(English) Exhibition floor tape is strong and can withstand extreme low and high temperature (from -50\u00b0C to +110\u00b0C ) and offers resistance against abrasion and water. Tested on several surfaces across Europe&#039;s leading exhibition venues, it peels clean* after 7 days from concrete, tiles, painted floors and carpets, making it the ideal choice for this application.  &nbsp;   AT220 is a semi matt conformable polythene extruded cloth tape coated with an aggressive peel clean thermosetting solvent free rubber \u2013 resin adhesive specially designed for the exhibition market. This strong Advance Gaffa\u00ae tape withstand extreme low and high temperature (from -50\u00b0C to +110\u00b0C ) and offers resistance against abrasion and water. The tape is ideal for sealing the edges of carpets on the floors of exhibitions. Tested on several surfaces across Europe\u2019s leading exhibition venues, it peels clean* after 7 days from concrete, tiles, painted floors and carpets, making it the ideal choice for this application.\u00a0* We would always recommend that users should satisfy themselves that the product is suitable for a particular application prior to use.\" \/>\n<meta property=\"og:url\" content=\"https:\/\/advancetapes.com\/fr\/products\/at220-advance-gaffa-expo-special-salon-expo\/\" \/>\n<meta property=\"og:site_name\" content=\"Advance Tapes\" \/>\n<meta property=\"article:modified_time\" content=\"2021-04-12T20:07:25+00:00\" \/>\n<meta property=\"og:image\" content=\"https:\/\/advancetapes.com\/wp-content\/uploads\/2021\/01\/AT0220v1-100.jpg\" \/>\n\t<meta property=\"og:image:width\" content=\"750\" \/>\n\t<meta property=\"og:image:height\" content=\"750\" \/>\n\t<meta property=\"og:image:type\" content=\"image\/jpeg\" \/>\n<meta name=\"twitter:card\" content=\"summary_large_image\" \/>\n<meta name=\"twitter:label1\" content=\"Est. reading time\" \/>\n\t<meta name=\"twitter:data1\" content=\"1 minute\" \/>\n<!-- \/ Yoast SEO plugin. -->","yoast_head_json":{"title":"AT220 Advance Gaffa-Expo\u2122 Sp\u00e9cial Salon Expo - Advance Tapes","robots":{"index":"index","follow":"follow","max-snippet":"max-snippet:-1","max-image-preview":"max-image-preview:large","max-video-preview":"max-video-preview:-1"},"canonical":"https:\/\/advancetapes.com\/fr\/products\/at220-advance-gaffa-expo-special-salon-expo\/","og_locale":"fr_FR","og_type":"article","og_title":"AT220 Advance Gaffa-Expo\u2122 Sp\u00e9cial Salon Expo - Advance Tapes","og_description":"(English) Exhibition floor tape is strong and can withstand extreme low and high temperature (from -50\u00b0C to +110\u00b0C ) and offers resistance against abrasion and water. Tested on several surfaces across Europe's leading exhibition venues, it peels clean* after 7 days from concrete, tiles, painted floors and carpets, making it the ideal choice for this application.  &nbsp;   AT220 is a semi matt conformable polythene extruded cloth tape coated with an aggressive peel clean thermosetting solvent free rubber \u2013 resin adhesive specially designed for the exhibition market. This strong Advance Gaffa\u00ae tape withstand extreme low and high temperature (from -50\u00b0C to +110\u00b0C ) and offers resistance against abrasion and water. The tape is ideal for sealing the edges of carpets on the floors of exhibitions. Tested on several surfaces across Europe\u2019s leading exhibition venues, it peels clean* after 7 days from concrete, tiles, painted floors and carpets, making it the ideal choice for this application.\u00a0* We would always recommend that users should satisfy themselves that the product is suitable for a particular application prior to use.","og_url":"https:\/\/advancetapes.com\/fr\/products\/at220-advance-gaffa-expo-special-salon-expo\/","og_site_name":"Advance Tapes","article_modified_time":"2021-04-12T20:07:25+00:00","og_image":[{"width":750,"height":750,"url":"https:\/\/advancetapes.com\/wp-content\/uploads\/2021\/01\/AT0220v1-100.jpg","type":"image\/jpeg"}],"twitter_card":"summary_large_image","twitter_misc":{"Est. reading time":"1 minute"},"schema":{"@context":"https:\/\/schema.org","@graph":[{"@type":"WebPage","@id":"https:\/\/advancetapes.com\/fr\/products\/at220-advance-gaffa-expo-special-salon-expo\/","url":"https:\/\/advancetapes.com\/fr\/products\/at220-advance-gaffa-expo-special-salon-expo\/","name":"AT220 Advance Gaffa-Expo\u2122 Sp\u00e9cial Salon Expo - Advance Tapes","isPartOf":{"@id":"https:\/\/advancetapes.com\/fr\/#website"},"primaryImageOfPage":{"@id":"https:\/\/advancetapes.com\/fr\/products\/at220-advance-gaffa-expo-special-salon-expo\/#primaryimage"},"image":{"@id":"https:\/\/advancetapes.com\/fr\/products\/at220-advance-gaffa-expo-special-salon-expo\/#primaryimage"},"thumbnailUrl":"https:\/\/advancetapes.com\/wp-content\/uploads\/2021\/01\/AT0220v1-100.jpg","datePublished":"2021-01-02T21:46:41+00:00","dateModified":"2021-04-12T20:07:25+00:00","breadcrumb":{"@id":"https:\/\/advancetapes.com\/fr\/products\/at220-advance-gaffa-expo-special-salon-expo\/#breadcrumb"},"inLanguage":"fr-FR","potentialAction":[{"@type":"ReadAction","target":["https:\/\/advancetapes.com\/fr\/products\/at220-advance-gaffa-expo-special-salon-expo\/"]}]},{"@type":"ImageObject","inLanguage":"fr-FR","@id":"https:\/\/advancetapes.com\/fr\/products\/at220-advance-gaffa-expo-special-salon-expo\/#primaryimage","url":"https:\/\/advancetapes.com\/wp-content\/uploads\/2021\/01\/AT0220v1-100.jpg","contentUrl":"https:\/\/advancetapes.com\/wp-content\/uploads\/2021\/01\/AT0220v1-100.jpg","width":750,"height":750},{"@type":"BreadcrumbList","@id":"https:\/\/advancetapes.com\/fr\/products\/at220-advance-gaffa-expo-special-salon-expo\/#breadcrumb","itemListElement":[{"@type":"ListItem","position":1,"name":"Home","item":"https:\/\/advancetapes.com\/fr\/"},{"@type":"ListItem","position":2,"name":"Products","item":"https:\/\/advancetapes.com\/fr\/products\/"},{"@type":"ListItem","position":3,"name":"AT220 Advance Gaffa-Expo\u2122 Sp\u00e9cial Salon Expo"}]},{"@type":"WebSite","@id":"https:\/\/advancetapes.com\/fr\/#website","url":"https:\/\/advancetapes.com\/fr\/","name":"Advance Tapes","description":"Adding more to adhesive tape","potentialAction":[{"@type":"SearchAction","target":{"@type":"EntryPoint","urlTemplate":"https:\/\/advancetapes.com\/fr\/?s={search_term_string}"},"query-input":{"@type":"PropertyValueSpecification","valueRequired":true,"valueName":"search_term_string"}}],"inLanguage":"fr-FR"}]}},"_links":{"self":[{"href":"https:\/\/advancetapes.com\/fr\/wp-json\/wp\/v2\/product\/5419","targetHints":{"allow":["GET"]}}],"collection":[{"href":"https:\/\/advancetapes.com\/fr\/wp-json\/wp\/v2\/product"}],"about":[{"href":"https:\/\/advancetapes.com\/fr\/wp-json\/wp\/v2\/types\/product"}],"wp:featuredmedia":[{"embeddable":true,"href":"https:\/\/advancetapes.com\/fr\/wp-json\/wp\/v2\/media\/2796"}],"wp:attachment":[{"href":"https:\/\/advancetapes.com\/fr\/wp-json\/wp\/v2\/media?parent=5419"}],"wp:term":[{"taxonomy":"product_brand","embeddable":true,"href":"https:\/\/advancetapes.com\/fr\/wp-json\/wp\/v2\/product_brand?post=5419"},{"taxonomy":"product_cat","embeddable":true,"href":"https:\/\/advancetapes.com\/fr\/wp-json\/wp\/v2\/product_cat?post=5419"},{"taxonomy":"product_tag","embeddable":true,"href":"https:\/\/advancetapes.com\/fr\/wp-json\/wp\/v2\/product_tag?post=5419"}],"curies":[{"name":"wp","href":"https:\/\/api.w.org\/{rel}","templated":true}]}}