{"id":5417,"date":"2021-01-02T21:40:49","date_gmt":"2021-01-02T21:40:49","guid":{"rendered":"https:\/\/advancetapes.com\/products\/at201-advance-gaffa-ruban-toile-mat-2\/"},"modified":"2025-04-02T08:52:41","modified_gmt":"2025-04-02T08:52:41","slug":"at202-advance-gaffa-ruban-toile-satinee-2","status":"publish","type":"product","link":"https:\/\/advancetapes.com\/fr\/products\/at202-advance-gaffa-ruban-toile-satinee-2\/","title":{"rendered":"AT0202 Advance Gaffa\u00ae Ruban Toile Satin\u00e9"},"content":{"rendered":"<p><span data-mce-type=\"bookmark\" style=\"display: inline-block; width: 0px; overflow: hidden; line-height: 0;\" class=\"mce_SELRES_start\">\ufeff<\/span><div  class='tabcontainer av-kjftr0sh-5cbeaf8b0626cf654d5dd98b301fff40 top_tab  avia-builder-el-0  avia-builder-el-no-sibling '>\n<section class='av_tab_section av_tab_section av-21onc-b05eb284643881a9885a454cdf8735c5'  itemscope=\"itemscope\" itemtype=\"https:\/\/schema.org\/CreativeWork\" ><div id='tab-id-1-tab' class='tab active_tab' role='tab' aria-selected=\"true\" tabindex=\"0\" data-fake-id='#tab-id-1' aria-controls='tab-id-1-content'  itemprop=\"headline\" >Fonctionnalit\u00e9s<\/div><div id='tab-id-1-content' class='tab_content active_tab_content' role='tabpanel' aria-labelledby='tab-id-1-tab' aria-hidden=\"false\"><div class='tab_inner_content invers-color'  itemprop=\"text\" ><ul>\n<li>Finition satin\u00e9e<\/li>\n<li>Facile \u00e0 d\u00e9rouler et \u00e0 d\u00e9couper<\/li>\n<li>Sans transfert de colle sur des c\u00e2bles<\/li>\n<li>Gamme de couleurs importante<\/li>\n<li>Ecriture possible<\/li>\n<li>Large plage de temp\u00e9rature<\/li>\n<li>Imperm\u00e9able in situ<\/li>\n<li>Bonne r\u00e9sistance \u00e0 l\u2019abrasion<\/li>\n<li>Conformable<\/li>\n<li>Adh\u00e9sif non-corrosif<\/li>\n<\/ul>\n<\/div><\/div><\/section>\n<section class='av_tab_section av_tab_section av-fah00-732fcc73fc176d4ab5cb34c737355210'  itemscope=\"itemscope\" itemtype=\"https:\/\/schema.org\/CreativeWork\" ><div id='tab-id-2-tab' class='tab' role='tab' aria-selected=\"false\" tabindex=\"0\" data-fake-id='#tab-id-2' aria-controls='tab-id-2-content'  itemprop=\"headline\" >Applications<\/div><div id='tab-id-2-content' class='tab_content' role='tabpanel' aria-labelledby='tab-id-2-tab' aria-hidden=\"true\"><div class='tab_inner_content invers-color'  itemprop=\"text\" ><ul>\n<li>Fixer des d\u00e9cors et des d\u00e9cors lourds sur une vari\u00e9t\u00e9 de surfaces<\/li>\n<li>Codage couleur et groupage des c\u00e2bles<\/li>\n<\/ul>\n<\/div><\/div><\/section>\n<section class='av_tab_section av_tab_section av-bnas0-bdf3d3704332134b5f707726fe454081'  itemscope=\"itemscope\" itemtype=\"https:\/\/schema.org\/CreativeWork\" ><div id='tab-id-3-tab' class='tab' role='tab' aria-selected=\"false\" tabindex=\"0\" data-fake-id='#tab-id-3' aria-controls='tab-id-3-content'  itemprop=\"headline\" >Technical<\/div><div id='tab-id-3-content' class='tab_content' role='tabpanel' aria-labelledby='tab-id-3-tab' aria-hidden=\"true\"><div class='tab_inner_content invers-color'  itemprop=\"text\" ><div class=\"col-xs-24 col-sm-12\">\n<table cellspacing=\"0\" cellpadding=\"0\">\n<tbody>\n<tr>\n<td><strong>Type de Produit<\/strong><\/td>\n<td>Toile<\/td>\n<\/tr>\n<tr>\n<td><strong>Type d&#8217;Adh\u00e9sif<\/strong><\/td>\n<td>Masse adh\u00e9sive en r\u00e9sine de caoutchouc sans solvant<\/td>\n<\/tr>\n<tr>\n<td><strong>\u00c9paisseur<\/strong><\/td>\n<td>0.33 mm<\/td>\n<\/tr>\n<tr>\n<td><strong>R\u00e9sistance \u00e0 la rupture<\/strong><\/td>\n<td>85 N\/cm<\/td>\n<\/tr>\n<tr>\n<td><strong>Allongement<\/strong><\/td>\n<td>8%<\/td>\n<\/tr>\n<tr>\n<td><strong>Adh\u00e9sion sur acier<\/strong><\/td>\n<td>3.5 N\/cm<\/td>\n<\/tr>\n<tr>\n<td><strong>Adh\u00e9sion sur endos<\/strong><\/td>\n<td>2.2 N\/cm<\/td>\n<\/tr>\n<tr>\n<td><strong>Tenue en temp\u00e9rature<\/strong><\/td>\n<td>-50\u00b0C \u00e0 +80\u00b0C<\/td>\n<\/tr>\n<tr>\n<td><strong>Conformit\u00e9 RoHS<\/strong><\/td>\n<td>Oui<\/td>\n<\/tr>\n<\/tbody>\n<\/table>\n<\/div>\n<\/div><\/div><\/section>\n<section class='av_tab_section av_tab_section av-piqt-48b82d9099e36577dd2c08fe8a3b94f7'  itemscope=\"itemscope\" itemtype=\"https:\/\/schema.org\/CreativeWork\" ><div id='tab-id-4-tab' class='tab' role='tab' aria-selected=\"false\" tabindex=\"0\" data-fake-id='#tab-id-4' aria-controls='tab-id-4-content'  itemprop=\"headline\" >Colours and Sizes<\/div><div id='tab-id-4-content' class='tab_content' role='tabpanel' aria-labelledby='tab-id-4-tab' aria-hidden=\"true\"><div class='tab_inner_content invers-color'  itemprop=\"text\" ><p><span id=\"uxm_tab_pro_color\" class=\"uxm_tab_pro_color\"><\/span><span id=\"uxm_tab_pro_color_2\" class=\"uxm_tab_pro_color\"><\/span><span id=\"uxm_tab_pro_color_3\" class=\"uxm_tab_pro_color\"><\/span><span id=\"uxm_tab_pro_color_4\" class=\"uxm_tab_pro_color\"><\/span><span id=\"uxm_tab_pro_color_5\" class=\"uxm_tab_pro_color\"><\/span><span id=\"uxm_tab_pro_color_6\" class=\"uxm_tab_pro_color\"><\/span><span id=\"uxm_tab_pro_color_7\" class=\"uxm_tab_pro_color\"><\/span><\/p>\n<table style=\"height: 50px;\" width=\"1356\" cellspacing=\"0\" cellpadding=\"0\">\n<tbody>\n<tr>\n<td><strong>Standard Stock Sizes<\/strong><\/td>\n<td>50mmx50m<\/td>\n<\/tr>\n<tr>\n<\/tr>\n<\/tbody>\n<\/table>\n<\/div><\/div><\/section>\n<\/div><span data-mce-type=\"bookmark\" style=\"display: inline-block; width: 0px; overflow: hidden; line-height: 0;\" class=\"mce_SELRES_end\">\ufeff<\/span><\/p>\n","protected":false},"excerpt":{"rendered":"<p><strong>Ruban toile Advance Gaffa\u00ae le plus robuste<\/strong><\/p>\n<p>&nbsp;<\/p>\n<div class=\"first_para_desc\"><\/div>\n<div class=\"rest_of_desc\">\n<p>AT202 est un ruban extrud\u00e9 en polycloth satin\u00e9 avec un adh\u00e9sif caoutchouc-r\u00e9sine blanc sensible \u00e0 la pression sans solvant. Avec un adh\u00e9sif compatible avec les c\u00e2bles, id\u00e9al pour fixer les c\u00e2bles et les fils d&#8217;instruments lorsqu&#8217;un pelage propre* est requis.<\/p>\n<p>Ce ruban Advance Gaffa\u00ae facile \u00e0 manipuler offre une excellente r\u00e9sistance \u00e0 l&#8217;abrasion, \u00e0 l&#8217;eau et aux intemp\u00e9ries. Adapt\u00e9 aux applications internes et externes, l&#8217;AT202 peut r\u00e9sister \u00e0 des temp\u00e9ratures extr\u00eamement basses et \u00e9lev\u00e9es de -50 \u00b0C \u00e0 +80 \u00b0C. L&#8217;AT202 a une finition satin\u00e9e pour une meilleure visibilit\u00e9 dans les zones sombres telles que les studios d&#8217;enregistrement ou les zones arri\u00e8re et hors sc\u00e8ne.<\/p>\n<p>Id\u00e9al pour une grande vari\u00e9t\u00e9 d&#8217;applications, y compris l&#8217;assemblage de sc\u00e8nes. Il a une surface inscriptible et est disponible dans une large gamme de couleurs, ce qui le rend id\u00e9al pour le codage couleur.<\/p>\n<\/div>\n","protected":false},"featured_media":7703,"template":"","meta":{"_acf_changed":false},"product_brand":[],"product_cat":[373,503,532,327],"product_tag":[336,330,331],"class_list":{"0":"post-5417","1":"product","2":"type-product","3":"status-publish","4":"has-post-thumbnail","6":"product_cat-entertainment-fr","7":"product_cat-stock-disponsible","8":"product_cat-stockatf-de-fr","9":"product_cat-toile","10":"product_tag-advance-gaffa-fr","11":"product_tag-entertainment-fr","12":"product_tag-industrial-consumables-fr","14":"first","15":"instock","16":"shipping-taxable","17":"product-type-simple"},"acf":[],"yoast_head":"<!-- This site is optimized with the Yoast SEO plugin v27.3 - https:\/\/yoast.com\/product\/yoast-seo-wordpress\/ -->\n<title>AT0202 Advance Gaffa\u00ae Ruban Toile Satin\u00e9 - Advance Tapes<\/title>\n<meta name=\"robots\" content=\"index, follow, max-snippet:-1, max-image-preview:large, max-video-preview:-1\" \/>\n<link rel=\"canonical\" href=\"https:\/\/advancetapes.com\/fr\/products\/at202-advance-gaffa-ruban-toile-satinee-2\/\" \/>\n<meta property=\"og:locale\" content=\"fr_FR\" \/>\n<meta property=\"og:type\" content=\"article\" \/>\n<meta property=\"og:title\" content=\"AT0202 Advance Gaffa\u00ae Ruban Toile Satin\u00e9 - Advance Tapes\" \/>\n<meta property=\"og:description\" content=\"Ruban toile Advance Gaffa\u00ae le plus robuste  &nbsp;    AT202 est un ruban extrud\u00e9 en polycloth satin\u00e9 avec un adh\u00e9sif caoutchouc-r\u00e9sine blanc sensible \u00e0 la pression sans solvant. Avec un adh\u00e9sif compatible avec les c\u00e2bles, id\u00e9al pour fixer les c\u00e2bles et les fils d&#039;instruments lorsqu&#039;un pelage propre* est requis.  Ce ruban Advance Gaffa\u00ae facile \u00e0 manipuler offre une excellente r\u00e9sistance \u00e0 l&#039;abrasion, \u00e0 l&#039;eau et aux intemp\u00e9ries. Adapt\u00e9 aux applications internes et externes, l&#039;AT202 peut r\u00e9sister \u00e0 des temp\u00e9ratures extr\u00eamement basses et \u00e9lev\u00e9es de -50 \u00b0C \u00e0 +80 \u00b0C. L&#039;AT202 a une finition satin\u00e9e pour une meilleure visibilit\u00e9 dans les zones sombres telles que les studios d&#039;enregistrement ou les zones arri\u00e8re et hors sc\u00e8ne.  Id\u00e9al pour une grande vari\u00e9t\u00e9 d&#039;applications, y compris l&#039;assemblage de sc\u00e8nes. Il a une surface inscriptible et est disponible dans une large gamme de couleurs, ce qui le rend id\u00e9al pour le codage couleur.\" \/>\n<meta property=\"og:url\" content=\"https:\/\/advancetapes.com\/fr\/products\/at202-advance-gaffa-ruban-toile-satinee-2\/\" \/>\n<meta property=\"og:site_name\" content=\"Advance Tapes\" \/>\n<meta property=\"article:modified_time\" content=\"2025-04-02T08:52:41+00:00\" \/>\n<meta property=\"og:image\" content=\"https:\/\/advancetapes.com\/wp-content\/uploads\/2021\/01\/AT202.png\" \/>\n\t<meta property=\"og:image:width\" content=\"500\" \/>\n\t<meta property=\"og:image:height\" content=\"500\" \/>\n\t<meta property=\"og:image:type\" content=\"image\/png\" \/>\n<meta name=\"twitter:card\" content=\"summary_large_image\" \/>\n<meta name=\"twitter:label1\" content=\"Est. reading time\" \/>\n\t<meta name=\"twitter:data1\" content=\"1 minute\" \/>\n<!-- \/ Yoast SEO plugin. -->","yoast_head_json":{"title":"AT0202 Advance Gaffa\u00ae Ruban Toile Satin\u00e9 - Advance Tapes","robots":{"index":"index","follow":"follow","max-snippet":"max-snippet:-1","max-image-preview":"max-image-preview:large","max-video-preview":"max-video-preview:-1"},"canonical":"https:\/\/advancetapes.com\/fr\/products\/at202-advance-gaffa-ruban-toile-satinee-2\/","og_locale":"fr_FR","og_type":"article","og_title":"AT0202 Advance Gaffa\u00ae Ruban Toile Satin\u00e9 - Advance Tapes","og_description":"Ruban toile Advance Gaffa\u00ae le plus robuste  &nbsp;    AT202 est un ruban extrud\u00e9 en polycloth satin\u00e9 avec un adh\u00e9sif caoutchouc-r\u00e9sine blanc sensible \u00e0 la pression sans solvant. Avec un adh\u00e9sif compatible avec les c\u00e2bles, id\u00e9al pour fixer les c\u00e2bles et les fils d'instruments lorsqu'un pelage propre* est requis.  Ce ruban Advance Gaffa\u00ae facile \u00e0 manipuler offre une excellente r\u00e9sistance \u00e0 l'abrasion, \u00e0 l'eau et aux intemp\u00e9ries. Adapt\u00e9 aux applications internes et externes, l'AT202 peut r\u00e9sister \u00e0 des temp\u00e9ratures extr\u00eamement basses et \u00e9lev\u00e9es de -50 \u00b0C \u00e0 +80 \u00b0C. L'AT202 a une finition satin\u00e9e pour une meilleure visibilit\u00e9 dans les zones sombres telles que les studios d'enregistrement ou les zones arri\u00e8re et hors sc\u00e8ne.  Id\u00e9al pour une grande vari\u00e9t\u00e9 d'applications, y compris l'assemblage de sc\u00e8nes. Il a une surface inscriptible et est disponible dans une large gamme de couleurs, ce qui le rend id\u00e9al pour le codage couleur.","og_url":"https:\/\/advancetapes.com\/fr\/products\/at202-advance-gaffa-ruban-toile-satinee-2\/","og_site_name":"Advance Tapes","article_modified_time":"2025-04-02T08:52:41+00:00","og_image":[{"width":500,"height":500,"url":"https:\/\/advancetapes.com\/wp-content\/uploads\/2021\/01\/AT202.png","type":"image\/png"}],"twitter_card":"summary_large_image","twitter_misc":{"Est. reading time":"1 minute"},"schema":{"@context":"https:\/\/schema.org","@graph":[{"@type":"WebPage","@id":"https:\/\/advancetapes.com\/fr\/products\/at202-advance-gaffa-ruban-toile-satinee-2\/","url":"https:\/\/advancetapes.com\/fr\/products\/at202-advance-gaffa-ruban-toile-satinee-2\/","name":"AT0202 Advance Gaffa\u00ae Ruban Toile Satin\u00e9 - Advance Tapes","isPartOf":{"@id":"https:\/\/advancetapes.com\/fr\/#website"},"primaryImageOfPage":{"@id":"https:\/\/advancetapes.com\/fr\/products\/at202-advance-gaffa-ruban-toile-satinee-2\/#primaryimage"},"image":{"@id":"https:\/\/advancetapes.com\/fr\/products\/at202-advance-gaffa-ruban-toile-satinee-2\/#primaryimage"},"thumbnailUrl":"https:\/\/advancetapes.com\/wp-content\/uploads\/2021\/01\/AT202.png","datePublished":"2021-01-02T21:40:49+00:00","dateModified":"2025-04-02T08:52:41+00:00","breadcrumb":{"@id":"https:\/\/advancetapes.com\/fr\/products\/at202-advance-gaffa-ruban-toile-satinee-2\/#breadcrumb"},"inLanguage":"fr-FR","potentialAction":[{"@type":"ReadAction","target":["https:\/\/advancetapes.com\/fr\/products\/at202-advance-gaffa-ruban-toile-satinee-2\/"]}]},{"@type":"ImageObject","inLanguage":"fr-FR","@id":"https:\/\/advancetapes.com\/fr\/products\/at202-advance-gaffa-ruban-toile-satinee-2\/#primaryimage","url":"https:\/\/advancetapes.com\/wp-content\/uploads\/2021\/01\/AT202.png","contentUrl":"https:\/\/advancetapes.com\/wp-content\/uploads\/2021\/01\/AT202.png","width":500,"height":500},{"@type":"BreadcrumbList","@id":"https:\/\/advancetapes.com\/fr\/products\/at202-advance-gaffa-ruban-toile-satinee-2\/#breadcrumb","itemListElement":[{"@type":"ListItem","position":1,"name":"Home","item":"https:\/\/advancetapes.com\/fr\/"},{"@type":"ListItem","position":2,"name":"Products","item":"https:\/\/advancetapes.com\/fr\/products\/"},{"@type":"ListItem","position":3,"name":"AT0202 Advance Gaffa\u00ae Ruban Toile Satin\u00e9"}]},{"@type":"WebSite","@id":"https:\/\/advancetapes.com\/fr\/#website","url":"https:\/\/advancetapes.com\/fr\/","name":"Advance Tapes","description":"Adding more to adhesive tape","potentialAction":[{"@type":"SearchAction","target":{"@type":"EntryPoint","urlTemplate":"https:\/\/advancetapes.com\/fr\/?s={search_term_string}"},"query-input":{"@type":"PropertyValueSpecification","valueRequired":true,"valueName":"search_term_string"}}],"inLanguage":"fr-FR"}]}},"_links":{"self":[{"href":"https:\/\/advancetapes.com\/fr\/wp-json\/wp\/v2\/product\/5417","targetHints":{"allow":["GET"]}}],"collection":[{"href":"https:\/\/advancetapes.com\/fr\/wp-json\/wp\/v2\/product"}],"about":[{"href":"https:\/\/advancetapes.com\/fr\/wp-json\/wp\/v2\/types\/product"}],"wp:featuredmedia":[{"embeddable":true,"href":"https:\/\/advancetapes.com\/fr\/wp-json\/wp\/v2\/media\/7703"}],"wp:attachment":[{"href":"https:\/\/advancetapes.com\/fr\/wp-json\/wp\/v2\/media?parent=5417"}],"wp:term":[{"taxonomy":"product_brand","embeddable":true,"href":"https:\/\/advancetapes.com\/fr\/wp-json\/wp\/v2\/product_brand?post=5417"},{"taxonomy":"product_cat","embeddable":true,"href":"https:\/\/advancetapes.com\/fr\/wp-json\/wp\/v2\/product_cat?post=5417"},{"taxonomy":"product_tag","embeddable":true,"href":"https:\/\/advancetapes.com\/fr\/wp-json\/wp\/v2\/product_tag?post=5417"}],"curies":[{"name":"wp","href":"https:\/\/api.w.org\/{rel}","templated":true}]}}