{"id":5415,"date":"2021-01-02T21:32:50","date_gmt":"2021-01-02T21:32:50","guid":{"rendered":"https:\/\/advancetapes.com\/products\/at201-advance-gaffa-ruban-toile-mat\/"},"modified":"2025-09-25T10:34:45","modified_gmt":"2025-09-25T10:34:45","slug":"at201-advance-gaffa-ruban-toile-mat","status":"publish","type":"product","link":"https:\/\/advancetapes.com\/fr\/products\/at201-advance-gaffa-ruban-toile-mat\/","title":{"rendered":"AT0201 Advance Gaffa\u00ae Ruban Toile Mat"},"content":{"rendered":"<div  class='tabcontainer av-kjftr0sh-5cbeaf8b0626cf654d5dd98b301fff40 top_tab  avia-builder-el-0  avia-builder-el-no-sibling '>\n<section class='av_tab_section av_tab_section av-11clqb-96a7ffd91167e71913fbc246145c6656'  itemscope=\"itemscope\" itemtype=\"https:\/\/schema.org\/CreativeWork\" ><div id='tab-id-1-tab' class='tab active_tab' role='tab' aria-selected=\"true\" tabindex=\"0\" data-fake-id='#tab-id-1' aria-controls='tab-id-1-content'  itemprop=\"headline\" >Fonctionnalit\u00e9s<\/div><div id='tab-id-1-content' class='tab_content active_tab_content' role='tabpanel' aria-labelledby='tab-id-1-tab' aria-hidden=\"false\"><div class='tab_inner_content invers-color'  itemprop=\"text\" ><ul>\n<li>Finition mate<\/li>\n<li>Tr\u00e8s r\u00e9sistant<\/li>\n<li>D\u00e9roulement et d\u00e9coupe facile<\/li>\n<li>Bonne r\u00e9sistance \u00e0 l\u2019abrasion<\/li>\n<li>Imperm\u00e9able in situ<\/li>\n<li>Conformable<\/li>\n<li>Surface inscriptible<\/li>\n<li>Large gamme de coloris<\/li>\n<\/ul>\n<\/div><\/div><\/section>\n<section class='av_tab_section av_tab_section av-xhe5n-9888f3f76319b54d45489c731ccceb82'  itemscope=\"itemscope\" itemtype=\"https:\/\/schema.org\/CreativeWork\" ><div id='tab-id-2-tab' class='tab' role='tab' aria-selected=\"false\" tabindex=\"0\" data-fake-id='#tab-id-2' aria-controls='tab-id-2-content'  itemprop=\"headline\" >Applications<\/div><div id='tab-id-2-content' class='tab_content' role='tabpanel' aria-labelledby='tab-id-2-tab' aria-hidden=\"true\"><div class='tab_inner_content invers-color'  itemprop=\"text\" ><ul>\n<li>Fixer des d\u00e9cors et des d\u00e9cors lourds sur une vari\u00e9t\u00e9 de surfaces<\/li>\n<li>Codage couleur et groupage des c\u00e2bles<\/li>\n<\/ul>\n<\/div><\/div><\/section>\n<section class='av_tab_section av_tab_section av-q6jyr-ea956fdce0bcba6628176ce627ecc836'  itemscope=\"itemscope\" itemtype=\"https:\/\/schema.org\/CreativeWork\" ><div id='tab-id-3-tab' class='tab' role='tab' aria-selected=\"false\" tabindex=\"0\" data-fake-id='#tab-id-3' aria-controls='tab-id-3-content'  itemprop=\"headline\" >Technical<\/div><div id='tab-id-3-content' class='tab_content' role='tabpanel' aria-labelledby='tab-id-3-tab' aria-hidden=\"true\"><div class='tab_inner_content invers-color'  itemprop=\"text\" ><div class=\"col-xs-24 col-sm-12\">\n<table cellspacing=\"0\" cellpadding=\"0\">\n<tbody>\n<tr>\n<td><strong>Type de Produit<\/strong><\/td>\n<td>Toile<\/td>\n<\/tr>\n<tr>\n<td><strong>Type d&#8217;Adh\u00e9sif<\/strong><\/td>\n<td>Masse adh\u00e9sive en r\u00e9sine de caoutchouc sans solvant<\/td>\n<\/tr>\n<tr>\n<td><strong>\u00c9paisseur<\/strong><\/td>\n<td>0.33 mm<\/td>\n<\/tr>\n<tr>\n<td><strong>R\u00e9sistance \u00e0 la rupture<\/strong><\/td>\n<td>85 N\/cm<\/td>\n<\/tr>\n<tr>\n<td><strong>Allongement<\/strong><\/td>\n<td>8%<\/td>\n<\/tr>\n<tr>\n<td><strong>Adh\u00e9sion sur acier<\/strong><\/td>\n<td>3.5 N\/cm<\/td>\n<\/tr>\n<tr>\n<td><strong>Adh\u00e9sion sur endos<\/strong><\/td>\n<td>2.2 N\/cm<\/td>\n<\/tr>\n<tr>\n<td><strong>Tenue en temp\u00e9rature<\/strong><\/td>\n<td>-50\u00b0C \u00e0 +80\u00b0C<\/td>\n<\/tr>\n<tr>\n<td><strong>Conformit\u00e9 RoHS<\/strong><\/td>\n<td>Oui<\/td>\n<\/tr>\n<\/tbody>\n<\/table>\n<\/div>\n<\/div><\/div><\/section>\n<section class='av_tab_section av_tab_section av-piqt-c78631c4603ff59fef417d06594d5e20'  itemscope=\"itemscope\" itemtype=\"https:\/\/schema.org\/CreativeWork\" ><div id='tab-id-4-tab' class='tab' role='tab' aria-selected=\"false\" tabindex=\"0\" data-fake-id='#tab-id-4' aria-controls='tab-id-4-content'  itemprop=\"headline\" >Colours<\/div><div id='tab-id-4-content' class='tab_content' role='tabpanel' aria-labelledby='tab-id-4-tab' aria-hidden=\"true\"><div class='tab_inner_content invers-color'  itemprop=\"text\" ><\/div><\/div><\/section>\n<\/div>\n","protected":false},"excerpt":{"rendered":"<p><strong>Ruban toile Advance Gaffa\u00ae le plus robuste<\/strong><\/p>\n<p>&nbsp;<\/p>\n<div class=\"first_para_desc\">\n<p><strong>Strong Matt Cloth Gaffa Tape<\/strong><\/p>\n<\/div>\n<div class=\"rest_of_desc\">\n<p>AT201 is a matt polythene extruded cloth tape, coated with an aggressive pressure sensitive solvent free rubber \u2013 resin adhesive.<\/p>\n<p>This extra strong Advance Gaffa\u00ae Tape offers high resistance against abrasion, puncture, water and adverse weather conditions.<\/p>\n<p>AT201 also adheres very well over a wide temperature range from (from -50\u00b0C to +80\u00b0C), conforming well to smooth and uneven surfaces. Its matt finish minimises light flare and reflection.\u00a0<strong>Writeable Surface<\/strong>This Gaffa tape has a writable surface and is available in a wide colour range making the tape ideal for colour coding.<\/p>\n<\/div>\n","protected":false},"featured_media":2774,"template":"","meta":{"_acf_changed":false},"product_brand":[],"product_cat":[373,327],"product_tag":[336,330],"class_list":{"0":"post-5415","1":"product","2":"type-product","3":"status-publish","4":"has-post-thumbnail","6":"product_cat-entertainment-fr","7":"product_cat-toile","8":"product_tag-advance-gaffa-fr","9":"product_tag-entertainment-fr","11":"first","12":"instock","13":"shipping-taxable","14":"product-type-simple"},"acf":[],"yoast_head":"<!-- This site is optimized with the Yoast SEO plugin v27.4 - https:\/\/yoast.com\/product\/yoast-seo-wordpress\/ -->\n<title>AT0201 Advance Gaffa\u00ae Ruban Toile Mat - Advance Tapes<\/title>\n<meta name=\"robots\" content=\"index, follow, max-snippet:-1, max-image-preview:large, max-video-preview:-1\" \/>\n<link rel=\"canonical\" href=\"https:\/\/advancetapes.com\/fr\/products\/at201-advance-gaffa-ruban-toile-mat\/\" \/>\n<meta property=\"og:locale\" content=\"fr_FR\" \/>\n<meta property=\"og:type\" content=\"article\" \/>\n<meta property=\"og:title\" content=\"AT0201 Advance Gaffa\u00ae Ruban Toile Mat - Advance Tapes\" \/>\n<meta property=\"og:description\" content=\"Ruban toile Advance Gaffa\u00ae le plus robuste  &nbsp;   Strong Matt Cloth Gaffa Tape     AT201 is a matt polythene extruded cloth tape, coated with an aggressive pressure sensitive solvent free rubber \u2013 resin adhesive.  This extra strong Advance Gaffa\u00ae Tape offers high resistance against abrasion, puncture, water and adverse weather conditions.  AT201 also adheres very well over a wide temperature range from (from -50\u00b0C to +80\u00b0C), conforming well to smooth and uneven surfaces. Its matt finish minimises light flare and reflection.\u00a0Writeable SurfaceThis Gaffa tape has a writable surface and is available in a wide colour range making the tape ideal for colour coding.\" \/>\n<meta property=\"og:url\" content=\"https:\/\/advancetapes.com\/fr\/products\/at201-advance-gaffa-ruban-toile-mat\/\" \/>\n<meta property=\"og:site_name\" content=\"Advance Tapes\" \/>\n<meta property=\"article:modified_time\" content=\"2025-09-25T10:34:45+00:00\" \/>\n<meta property=\"og:image\" content=\"https:\/\/advancetapes.com\/wp-content\/uploads\/2021\/01\/AT0201-100-1.jpg\" \/>\n\t<meta property=\"og:image:width\" content=\"750\" \/>\n\t<meta property=\"og:image:height\" content=\"750\" \/>\n\t<meta property=\"og:image:type\" content=\"image\/jpeg\" \/>\n<meta name=\"twitter:card\" content=\"summary_large_image\" \/>\n<meta name=\"twitter:label1\" content=\"Est. reading time\" \/>\n\t<meta name=\"twitter:data1\" content=\"1 minute\" \/>\n<!-- \/ Yoast SEO plugin. -->","yoast_head_json":{"title":"AT0201 Advance Gaffa\u00ae Ruban Toile Mat - Advance Tapes","robots":{"index":"index","follow":"follow","max-snippet":"max-snippet:-1","max-image-preview":"max-image-preview:large","max-video-preview":"max-video-preview:-1"},"canonical":"https:\/\/advancetapes.com\/fr\/products\/at201-advance-gaffa-ruban-toile-mat\/","og_locale":"fr_FR","og_type":"article","og_title":"AT0201 Advance Gaffa\u00ae Ruban Toile Mat - Advance Tapes","og_description":"Ruban toile Advance Gaffa\u00ae le plus robuste  &nbsp;   Strong Matt Cloth Gaffa Tape     AT201 is a matt polythene extruded cloth tape, coated with an aggressive pressure sensitive solvent free rubber \u2013 resin adhesive.  This extra strong Advance Gaffa\u00ae Tape offers high resistance against abrasion, puncture, water and adverse weather conditions.  AT201 also adheres very well over a wide temperature range from (from -50\u00b0C to +80\u00b0C), conforming well to smooth and uneven surfaces. Its matt finish minimises light flare and reflection.\u00a0Writeable SurfaceThis Gaffa tape has a writable surface and is available in a wide colour range making the tape ideal for colour coding.","og_url":"https:\/\/advancetapes.com\/fr\/products\/at201-advance-gaffa-ruban-toile-mat\/","og_site_name":"Advance Tapes","article_modified_time":"2025-09-25T10:34:45+00:00","og_image":[{"width":750,"height":750,"url":"https:\/\/advancetapes.com\/wp-content\/uploads\/2021\/01\/AT0201-100-1.jpg","type":"image\/jpeg"}],"twitter_card":"summary_large_image","twitter_misc":{"Est. reading time":"1 minute"},"schema":{"@context":"https:\/\/schema.org","@graph":[{"@type":"WebPage","@id":"https:\/\/advancetapes.com\/fr\/products\/at201-advance-gaffa-ruban-toile-mat\/","url":"https:\/\/advancetapes.com\/fr\/products\/at201-advance-gaffa-ruban-toile-mat\/","name":"AT0201 Advance Gaffa\u00ae Ruban Toile Mat - Advance Tapes","isPartOf":{"@id":"https:\/\/advancetapes.com\/fr\/#website"},"primaryImageOfPage":{"@id":"https:\/\/advancetapes.com\/fr\/products\/at201-advance-gaffa-ruban-toile-mat\/#primaryimage"},"image":{"@id":"https:\/\/advancetapes.com\/fr\/products\/at201-advance-gaffa-ruban-toile-mat\/#primaryimage"},"thumbnailUrl":"https:\/\/advancetapes.com\/wp-content\/uploads\/2021\/01\/AT0201-100-1.jpg","datePublished":"2021-01-02T21:32:50+00:00","dateModified":"2025-09-25T10:34:45+00:00","breadcrumb":{"@id":"https:\/\/advancetapes.com\/fr\/products\/at201-advance-gaffa-ruban-toile-mat\/#breadcrumb"},"inLanguage":"fr-FR","potentialAction":[{"@type":"ReadAction","target":["https:\/\/advancetapes.com\/fr\/products\/at201-advance-gaffa-ruban-toile-mat\/"]}]},{"@type":"ImageObject","inLanguage":"fr-FR","@id":"https:\/\/advancetapes.com\/fr\/products\/at201-advance-gaffa-ruban-toile-mat\/#primaryimage","url":"https:\/\/advancetapes.com\/wp-content\/uploads\/2021\/01\/AT0201-100-1.jpg","contentUrl":"https:\/\/advancetapes.com\/wp-content\/uploads\/2021\/01\/AT0201-100-1.jpg","width":750,"height":750},{"@type":"BreadcrumbList","@id":"https:\/\/advancetapes.com\/fr\/products\/at201-advance-gaffa-ruban-toile-mat\/#breadcrumb","itemListElement":[{"@type":"ListItem","position":1,"name":"Home","item":"https:\/\/advancetapes.com\/fr\/"},{"@type":"ListItem","position":2,"name":"Products","item":"https:\/\/advancetapes.com\/fr\/products\/"},{"@type":"ListItem","position":3,"name":"AT0201 Advance Gaffa\u00ae Ruban Toile Mat"}]},{"@type":"WebSite","@id":"https:\/\/advancetapes.com\/fr\/#website","url":"https:\/\/advancetapes.com\/fr\/","name":"Advance Tapes","description":"Adding more to adhesive tape","potentialAction":[{"@type":"SearchAction","target":{"@type":"EntryPoint","urlTemplate":"https:\/\/advancetapes.com\/fr\/?s={search_term_string}"},"query-input":{"@type":"PropertyValueSpecification","valueRequired":true,"valueName":"search_term_string"}}],"inLanguage":"fr-FR"}]}},"_links":{"self":[{"href":"https:\/\/advancetapes.com\/fr\/wp-json\/wp\/v2\/product\/5415","targetHints":{"allow":["GET"]}}],"collection":[{"href":"https:\/\/advancetapes.com\/fr\/wp-json\/wp\/v2\/product"}],"about":[{"href":"https:\/\/advancetapes.com\/fr\/wp-json\/wp\/v2\/types\/product"}],"wp:featuredmedia":[{"embeddable":true,"href":"https:\/\/advancetapes.com\/fr\/wp-json\/wp\/v2\/media\/2774"}],"wp:attachment":[{"href":"https:\/\/advancetapes.com\/fr\/wp-json\/wp\/v2\/media?parent=5415"}],"wp:term":[{"taxonomy":"product_brand","embeddable":true,"href":"https:\/\/advancetapes.com\/fr\/wp-json\/wp\/v2\/product_brand?post=5415"},{"taxonomy":"product_cat","embeddable":true,"href":"https:\/\/advancetapes.com\/fr\/wp-json\/wp\/v2\/product_cat?post=5415"},{"taxonomy":"product_tag","embeddable":true,"href":"https:\/\/advancetapes.com\/fr\/wp-json\/wp\/v2\/product_tag?post=5415"}],"curies":[{"name":"wp","href":"https:\/\/api.w.org\/{rel}","templated":true}]}}