{"id":5413,"date":"2021-01-02T21:28:01","date_gmt":"2021-01-02T21:28:01","guid":{"rendered":"https:\/\/advancetapes.com\/products\/at200-advance-gaffa-ruban-toile-ultra-mat\/"},"modified":"2025-04-02T08:51:56","modified_gmt":"2025-04-02T08:51:56","slug":"at200-advance-gaffa-ruban-toile-ultra-mat","status":"publish","type":"product","link":"https:\/\/advancetapes.com\/fr\/products\/at200-advance-gaffa-ruban-toile-ultra-mat\/","title":{"rendered":"AT0200 Advance Gaffa\u00ae Ruban Toile Ultra Mat"},"content":{"rendered":"<p><span data-mce-type=\"bookmark\" style=\"display: inline-block; width: 0px; overflow: hidden; line-height: 0;\" class=\"mce_SELRES_start\">\ufeff<\/span><div  class='tabcontainer av-kjftr0sh-5cbeaf8b0626cf654d5dd98b301fff40 top_tab  avia-builder-el-0  avia-builder-el-no-sibling '>\n<section class='av_tab_section av_tab_section av-12z4z3-8c7a6dc5121990a10303c1b00d29b364'  itemscope=\"itemscope\" itemtype=\"https:\/\/schema.org\/CreativeWork\" ><div id='tab-id-1-tab' class='tab active_tab' role='tab' aria-selected=\"true\" tabindex=\"0\" data-fake-id='#tab-id-1' aria-controls='tab-id-1-content'  itemprop=\"headline\" >Fonctionnalit\u00e9s<\/div><div id='tab-id-1-content' class='tab_content active_tab_content' role='tabpanel' aria-labelledby='tab-id-1-tab' aria-hidden=\"false\"><div class='tab_inner_content invers-color'  itemprop=\"text\" ><ul>\n<li>Retardateur de flamme in situ<\/li>\n<li>Adh\u00e9sif adapt\u00e9 aux c\u00e2bles<\/li>\n<li>D\u00e9coupe tr\u00e8s facile<\/li>\n<li>Bonne r\u00e9sistance \u00e0 l\u2019abrasion<\/li>\n<li>Imperm\u00e9able in situ<\/li>\n<li>Conformable<\/li>\n<li>Surface inscriptible<\/li>\n<li>Large gamme de coloris<\/li>\n<\/ul>\n<\/div><\/div><\/section>\n<section class='av_tab_section av_tab_section av-xuupr-7ddc92ecf1417d0ae193fce4d5ec72d1'  itemscope=\"itemscope\" itemtype=\"https:\/\/schema.org\/CreativeWork\" ><div id='tab-id-2-tab' class='tab' role='tab' aria-selected=\"false\" tabindex=\"0\" data-fake-id='#tab-id-2' aria-controls='tab-id-2-content'  itemprop=\"headline\" >Applications<\/div><div id='tab-id-2-content' class='tab_content' role='tabpanel' aria-labelledby='tab-id-2-tab' aria-hidden=\"true\"><div class='tab_inner_content invers-color'  itemprop=\"text\" ><ul>\n<li>Fixation et groupement des c\u00e2bles en faisceaux<\/li>\n<li>Codage couleur sur les bureaux d&#8217;\u00e9clairage et de m\u00e9lange<\/li>\n<li>Fixer les luminaires et l&#8217;\u00e9quipement.<\/li>\n<\/ul>\n<\/div><\/div><\/section>\n<section class='av_tab_section av_tab_section av-9ljb-fb81b2f134a3f147d0c628b612dd026d'  itemscope=\"itemscope\" itemtype=\"https:\/\/schema.org\/CreativeWork\" ><div id='tab-id-3-tab' class='tab' role='tab' aria-selected=\"false\" tabindex=\"0\" data-fake-id='#tab-id-3' aria-controls='tab-id-3-content'  itemprop=\"headline\" >Technical<\/div><div id='tab-id-3-content' class='tab_content' role='tabpanel' aria-labelledby='tab-id-3-tab' aria-hidden=\"true\"><div class='tab_inner_content invers-color'  itemprop=\"text\" ><div class=\"col-xs-24 col-sm-12\">\n<table cellspacing=\"0\" cellpadding=\"0\">\n<tbody>\n<tr>\n<td><strong>Type de Produit<\/strong><\/td>\n<td>Toile<\/td>\n<\/tr>\n<tr>\n<td><strong>Type d&#8217;Adh\u00e9sif<\/strong><\/td>\n<td>Masse adh\u00e9sive en r\u00e9sine de caoutchouc sans solvant<\/td>\n<\/tr>\n<tr>\n<td><strong>\u00c9paisseur<\/strong><\/td>\n<td>0.26 mm<\/td>\n<\/tr>\n<tr>\n<td><strong>R\u00e9sistance \u00e0 la rupture<\/strong><\/td>\n<td>40 N\/cm<\/td>\n<\/tr>\n<tr>\n<td><strong>Allongement<\/strong><\/td>\n<td>20%<\/td>\n<\/tr>\n<tr>\n<td><strong>Adh\u00e9sion sur acier<\/strong><\/td>\n<td>4.5 N\/cm<\/td>\n<\/tr>\n<tr>\n<td><strong>Adh\u00e9sion sur endos<\/strong><\/td>\n<td>2.6 N\/cm<\/td>\n<\/tr>\n<tr>\n<td><strong>Tenue en temp\u00e9rature<\/strong><\/td>\n<td>-10\u00b0C \u00e0 +80\u00b0C<\/td>\n<\/tr>\n<tr>\n<td><strong>Conformit\u00e9 RoHS<\/strong><\/td>\n<td>Oui<\/td>\n<\/tr>\n<\/tbody>\n<\/table>\n<\/div>\n<\/div><\/div><\/section>\n<section class='av_tab_section av_tab_section av-piqt-48b82d9099e36577dd2c08fe8a3b94f7'  itemscope=\"itemscope\" itemtype=\"https:\/\/schema.org\/CreativeWork\" ><div id='tab-id-4-tab' class='tab' role='tab' aria-selected=\"false\" tabindex=\"0\" data-fake-id='#tab-id-4' aria-controls='tab-id-4-content'  itemprop=\"headline\" >Colours and Sizes<\/div><div id='tab-id-4-content' class='tab_content' role='tabpanel' aria-labelledby='tab-id-4-tab' aria-hidden=\"true\"><div class='tab_inner_content invers-color'  itemprop=\"text\" ><p><span id=\"uxm_tab_pro_color\" class=\"uxm_tab_pro_color\"><\/span><span id=\"uxm_tab_pro_color_2\" class=\"uxm_tab_pro_color\"><\/span><span id=\"uxm_tab_pro_color_3\" class=\"uxm_tab_pro_color\"><\/span><span id=\"uxm_tab_pro_color_4\" class=\"uxm_tab_pro_color\"><\/span><span id=\"uxm_tab_pro_color_5\" class=\"uxm_tab_pro_color\"><\/span><span id=\"uxm_tab_pro_color_6\" class=\"uxm_tab_pro_color\"><\/span><span id=\"uxm_tab_pro_color_7\" class=\"uxm_tab_pro_color\"><\/span><\/p>\n<table style=\"height: 50px;\" width=\"1356\" cellspacing=\"0\" cellpadding=\"0\">\n<tbody>\n<tr>\n<td><strong>Standard Stock Sizes<\/strong><\/td>\n<td>50mmx50m<\/td>\n<\/tr>\n<tr>\n<\/tr>\n<\/tbody>\n<\/table>\n<\/div><\/div><\/section>\n<\/div><span data-mce-type=\"bookmark\" style=\"display: inline-block; width: 0px; overflow: hidden; line-height: 0;\" class=\"mce_SELRES_end\">\ufeff<\/span><\/p>\n","protected":false},"excerpt":{"rendered":"<p><strong>Le ruban toile leader dans le secteur du spectacle<\/strong><\/p>\n<p>&nbsp;<\/p>\n<div class=\"first_para_desc\">\n<p><strong>Flame Retardant<\/strong><\/p>\n<p>This Advance\u00a0<a href=\"https:\/\/www.advancetapes.com\/advance-gaffa\/\">Gaffa\u00ae<\/a>\u00a0has excellent flame retardant properties when in position which makes it safe to use where risk of fire is an issue such as stages and stadia.<\/p>\n<p>Really easy to apply, AT200 offers extra performance and resistance against water and abrasion.<\/p>\n<p>It adheres well to smooth or uneven surfaces during low and high temperature conditions (from -10\u00b0C to +80\u00b0C).<\/p>\n<p>Its ultra matt finish minimises light flare and reflection.<\/p>\n<p><strong>The Stage &amp; Floor Manager\u2019s friend<\/strong><\/p>\n<p>Known as the Stage and Floor manager\u2019s friend, AT200 guides placements for actors and props. Also ideal for back cloth scenery TV requirements and securing cables in studios or exhibiton halls.<\/p>\n<p>Available in a wide range of colours, this high-performance ultra matt \u201cgaffer\u201d tape can be effectively used as part of a colour-coded system for lighting, mixing desks etc.<\/p>\n<p><em>* We would always recommend that users should satisfy themselves that the product is suitable for a particular application prior to use.<\/em><\/p>\n<\/div>\n","protected":false},"featured_media":2772,"template":"","meta":{"_acf_changed":false},"product_brand":[],"product_cat":[373,503,532,327],"product_tag":[336,329,330,331],"class_list":{"0":"post-5413","1":"product","2":"type-product","3":"status-publish","4":"has-post-thumbnail","6":"product_cat-entertainment-fr","7":"product_cat-stock-disponsible","8":"product_cat-stockatf-de-fr","9":"product_cat-toile","10":"product_tag-advance-gaffa-fr","11":"product_tag-building-fr","12":"product_tag-entertainment-fr","13":"product_tag-industrial-consumables-fr","15":"first","16":"instock","17":"shipping-taxable","18":"product-type-simple"},"acf":[],"yoast_head":"<!-- This site is optimized with the Yoast SEO plugin v27.4 - https:\/\/yoast.com\/product\/yoast-seo-wordpress\/ -->\n<title>AT0200 Advance Gaffa\u00ae Ruban Toile Ultra Mat - Advance Tapes<\/title>\n<meta name=\"robots\" content=\"index, follow, max-snippet:-1, max-image-preview:large, max-video-preview:-1\" \/>\n<link rel=\"canonical\" href=\"https:\/\/advancetapes.com\/fr\/products\/at200-advance-gaffa-ruban-toile-ultra-mat\/\" \/>\n<meta property=\"og:locale\" content=\"fr_FR\" \/>\n<meta property=\"og:type\" content=\"article\" \/>\n<meta property=\"og:title\" content=\"AT0200 Advance Gaffa\u00ae Ruban Toile Ultra Mat - Advance Tapes\" \/>\n<meta property=\"og:description\" content=\"Le ruban toile leader dans le secteur du spectacle  &nbsp;   Flame Retardant  This Advance\u00a0Gaffa\u00ae\u00a0has excellent flame retardant properties when in position which makes it safe to use where risk of fire is an issue such as stages and stadia.  Really easy to apply, AT200 offers extra performance and resistance against water and abrasion.  It adheres well to smooth or uneven surfaces during low and high temperature conditions (from -10\u00b0C to +80\u00b0C).  Its ultra matt finish minimises light flare and reflection.  The Stage &amp; Floor Manager\u2019s friend  Known as the Stage and Floor manager\u2019s friend, AT200 guides placements for actors and props. Also ideal for back cloth scenery TV requirements and securing cables in studios or exhibiton halls.  Available in a wide range of colours, this high-performance ultra matt \u201cgaffer\u201d tape can be effectively used as part of a colour-coded system for lighting, mixing desks etc.  * We would always recommend that users should satisfy themselves that the product is suitable for a particular application prior to use.\" \/>\n<meta property=\"og:url\" content=\"https:\/\/advancetapes.com\/fr\/products\/at200-advance-gaffa-ruban-toile-ultra-mat\/\" \/>\n<meta property=\"og:site_name\" content=\"Advance Tapes\" \/>\n<meta property=\"article:modified_time\" content=\"2025-04-02T08:51:56+00:00\" \/>\n<meta property=\"og:image\" content=\"https:\/\/advancetapes.com\/wp-content\/uploads\/2021\/01\/AT0200Black-100.jpg\" \/>\n\t<meta property=\"og:image:width\" content=\"750\" \/>\n\t<meta property=\"og:image:height\" content=\"750\" \/>\n\t<meta property=\"og:image:type\" content=\"image\/jpeg\" \/>\n<meta name=\"twitter:card\" content=\"summary_large_image\" \/>\n<meta name=\"twitter:label1\" content=\"Est. reading time\" \/>\n\t<meta name=\"twitter:data1\" content=\"1 minute\" \/>\n<!-- \/ Yoast SEO plugin. -->","yoast_head_json":{"title":"AT0200 Advance Gaffa\u00ae Ruban Toile Ultra Mat - Advance Tapes","robots":{"index":"index","follow":"follow","max-snippet":"max-snippet:-1","max-image-preview":"max-image-preview:large","max-video-preview":"max-video-preview:-1"},"canonical":"https:\/\/advancetapes.com\/fr\/products\/at200-advance-gaffa-ruban-toile-ultra-mat\/","og_locale":"fr_FR","og_type":"article","og_title":"AT0200 Advance Gaffa\u00ae Ruban Toile Ultra Mat - Advance Tapes","og_description":"Le ruban toile leader dans le secteur du spectacle  &nbsp;   Flame Retardant  This Advance\u00a0Gaffa\u00ae\u00a0has excellent flame retardant properties when in position which makes it safe to use where risk of fire is an issue such as stages and stadia.  Really easy to apply, AT200 offers extra performance and resistance against water and abrasion.  It adheres well to smooth or uneven surfaces during low and high temperature conditions (from -10\u00b0C to +80\u00b0C).  Its ultra matt finish minimises light flare and reflection.  The Stage &amp; Floor Manager\u2019s friend  Known as the Stage and Floor manager\u2019s friend, AT200 guides placements for actors and props. Also ideal for back cloth scenery TV requirements and securing cables in studios or exhibiton halls.  Available in a wide range of colours, this high-performance ultra matt \u201cgaffer\u201d tape can be effectively used as part of a colour-coded system for lighting, mixing desks etc.  * We would always recommend that users should satisfy themselves that the product is suitable for a particular application prior to use.","og_url":"https:\/\/advancetapes.com\/fr\/products\/at200-advance-gaffa-ruban-toile-ultra-mat\/","og_site_name":"Advance Tapes","article_modified_time":"2025-04-02T08:51:56+00:00","og_image":[{"width":750,"height":750,"url":"https:\/\/advancetapes.com\/wp-content\/uploads\/2021\/01\/AT0200Black-100.jpg","type":"image\/jpeg"}],"twitter_card":"summary_large_image","twitter_misc":{"Est. reading time":"1 minute"},"schema":{"@context":"https:\/\/schema.org","@graph":[{"@type":"WebPage","@id":"https:\/\/advancetapes.com\/fr\/products\/at200-advance-gaffa-ruban-toile-ultra-mat\/","url":"https:\/\/advancetapes.com\/fr\/products\/at200-advance-gaffa-ruban-toile-ultra-mat\/","name":"AT0200 Advance Gaffa\u00ae Ruban Toile Ultra Mat - Advance Tapes","isPartOf":{"@id":"https:\/\/advancetapes.com\/fr\/#website"},"primaryImageOfPage":{"@id":"https:\/\/advancetapes.com\/fr\/products\/at200-advance-gaffa-ruban-toile-ultra-mat\/#primaryimage"},"image":{"@id":"https:\/\/advancetapes.com\/fr\/products\/at200-advance-gaffa-ruban-toile-ultra-mat\/#primaryimage"},"thumbnailUrl":"https:\/\/advancetapes.com\/wp-content\/uploads\/2021\/01\/AT0200Black-100.jpg","datePublished":"2021-01-02T21:28:01+00:00","dateModified":"2025-04-02T08:51:56+00:00","breadcrumb":{"@id":"https:\/\/advancetapes.com\/fr\/products\/at200-advance-gaffa-ruban-toile-ultra-mat\/#breadcrumb"},"inLanguage":"fr-FR","potentialAction":[{"@type":"ReadAction","target":["https:\/\/advancetapes.com\/fr\/products\/at200-advance-gaffa-ruban-toile-ultra-mat\/"]}]},{"@type":"ImageObject","inLanguage":"fr-FR","@id":"https:\/\/advancetapes.com\/fr\/products\/at200-advance-gaffa-ruban-toile-ultra-mat\/#primaryimage","url":"https:\/\/advancetapes.com\/wp-content\/uploads\/2021\/01\/AT0200Black-100.jpg","contentUrl":"https:\/\/advancetapes.com\/wp-content\/uploads\/2021\/01\/AT0200Black-100.jpg","width":750,"height":750},{"@type":"BreadcrumbList","@id":"https:\/\/advancetapes.com\/fr\/products\/at200-advance-gaffa-ruban-toile-ultra-mat\/#breadcrumb","itemListElement":[{"@type":"ListItem","position":1,"name":"Home","item":"https:\/\/advancetapes.com\/fr\/"},{"@type":"ListItem","position":2,"name":"Products","item":"https:\/\/advancetapes.com\/fr\/products\/"},{"@type":"ListItem","position":3,"name":"AT0200 Advance Gaffa\u00ae Ruban Toile Ultra Mat"}]},{"@type":"WebSite","@id":"https:\/\/advancetapes.com\/fr\/#website","url":"https:\/\/advancetapes.com\/fr\/","name":"Advance Tapes","description":"Adding more to adhesive tape","potentialAction":[{"@type":"SearchAction","target":{"@type":"EntryPoint","urlTemplate":"https:\/\/advancetapes.com\/fr\/?s={search_term_string}"},"query-input":{"@type":"PropertyValueSpecification","valueRequired":true,"valueName":"search_term_string"}}],"inLanguage":"fr-FR"}]}},"_links":{"self":[{"href":"https:\/\/advancetapes.com\/fr\/wp-json\/wp\/v2\/product\/5413","targetHints":{"allow":["GET"]}}],"collection":[{"href":"https:\/\/advancetapes.com\/fr\/wp-json\/wp\/v2\/product"}],"about":[{"href":"https:\/\/advancetapes.com\/fr\/wp-json\/wp\/v2\/types\/product"}],"wp:featuredmedia":[{"embeddable":true,"href":"https:\/\/advancetapes.com\/fr\/wp-json\/wp\/v2\/media\/2772"}],"wp:attachment":[{"href":"https:\/\/advancetapes.com\/fr\/wp-json\/wp\/v2\/media?parent=5413"}],"wp:term":[{"taxonomy":"product_brand","embeddable":true,"href":"https:\/\/advancetapes.com\/fr\/wp-json\/wp\/v2\/product_brand?post=5413"},{"taxonomy":"product_cat","embeddable":true,"href":"https:\/\/advancetapes.com\/fr\/wp-json\/wp\/v2\/product_cat?post=5413"},{"taxonomy":"product_tag","embeddable":true,"href":"https:\/\/advancetapes.com\/fr\/wp-json\/wp\/v2\/product_tag?post=5413"}],"curies":[{"name":"wp","href":"https:\/\/api.w.org\/{rel}","templated":true}]}}