{"id":5410,"date":"2021-01-02T21:16:42","date_gmt":"2021-01-02T21:16:42","guid":{"rendered":"https:\/\/advancetapes.com\/products\/at182-ruban-toile-retardateur-de-flamme\/"},"modified":"2021-04-12T16:10:32","modified_gmt":"2021-04-12T16:10:32","slug":"at182-ruban-toile-retardateur-de-flamme","status":"publish","type":"product","link":"https:\/\/advancetapes.com\/fr\/products\/at182-ruban-toile-retardateur-de-flamme\/","title":{"rendered":"AT182 Ruban Toile Retardateur De Flamme"},"content":{"rendered":"<div  class='tabcontainer av-kjftr0sh-5cbeaf8b0626cf654d5dd98b301fff40 top_tab  avia-builder-el-0  avia-builder-el-no-sibling '>\n<section class='av_tab_section av_tab_section av-1xp43-c8dff6e85f7fb1ccb37b36383de23046'  itemscope=\"itemscope\" itemtype=\"https:\/\/schema.org\/CreativeWork\" ><div id='tab-id-1-tab' class='tab active_tab' role='tab' aria-selected=\"true\" tabindex=\"0\" data-fake-id='#tab-id-1' aria-controls='tab-id-1-content'  itemprop=\"headline\" >Fonctionnalit\u00e9s<\/div><div id='tab-id-1-content' class='tab_content active_tab_content' role='tabpanel' aria-labelledby='tab-id-1-tab' aria-hidden=\"false\"><div class='tab_inner_content invers-color'  itemprop=\"text\" ><ul>\n<li>R\u00e9sistant<\/li>\n<li>Retardateur de flamme in situ<\/li>\n<li>D\u00e9coupe tr\u00e8s facile<\/li>\n<li>Sans transfert de colle<\/li>\n<li>Bonne r\u00e9sistance \u00e0 l\u2019abrasion<\/li>\n<li>R\u00e9sistant \u00e0 l&#8217;eau in situ<\/li>\n<li>Surface inscriptible<\/li>\n<li>Conformable<\/li>\n<\/ul>\n<\/div><\/div><\/section>\n<section class='av_tab_section av_tab_section av-dywsj-f8100ec4c6697562fe5b3c64c29c7ee5'  itemscope=\"itemscope\" itemtype=\"https:\/\/schema.org\/CreativeWork\" ><div id='tab-id-2-tab' class='tab' role='tab' aria-selected=\"false\" tabindex=\"0\" data-fake-id='#tab-id-2' aria-controls='tab-id-2-content'  itemprop=\"headline\" >Applications<\/div><div id='tab-id-2-content' class='tab_content' role='tabpanel' aria-labelledby='tab-id-2-tab' aria-hidden=\"true\"><div class='tab_inner_content invers-color'  itemprop=\"text\" ><ul>\n<li>Assemblage et \u00e9tanch\u00e9it\u00e9 des b\u00e2ches en poly\u00e9thyl\u00e8ne<\/li>\n<li>Identification lors des processus d&#8217;assemblage<\/li>\n<li>Fixation et groupement des c\u00e2bles en faisceaux<\/li>\n<\/ul>\n<\/div><\/div><\/section>\n<section class='av_tab_section av_tab_section av-8kpa3-f93e68b87d21ef71851e14b65893d6d1'  itemscope=\"itemscope\" itemtype=\"https:\/\/schema.org\/CreativeWork\" ><div id='tab-id-3-tab' class='tab' role='tab' aria-selected=\"false\" tabindex=\"0\" data-fake-id='#tab-id-3' aria-controls='tab-id-3-content'  itemprop=\"headline\" >Technical<\/div><div id='tab-id-3-content' class='tab_content' role='tabpanel' aria-labelledby='tab-id-3-tab' aria-hidden=\"true\"><div class='tab_inner_content invers-color'  itemprop=\"text\" ><div class=\"col-xs-24 col-sm-12\">\n<table cellspacing=\"0\" cellpadding=\"0\">\n<tbody>\n<tr>\n<td><strong>Type de Produit<\/strong><\/td>\n<td>Toile<\/td>\n<\/tr>\n<tr>\n<td><strong>Type d&#8217;Adh\u00e9sif<\/strong><\/td>\n<td>Masse adh\u00e9sive en r\u00e9sine de caoutchouc sans solvant<\/td>\n<\/tr>\n<tr>\n<td><strong>\u00c9paisseur<\/strong><\/td>\n<td>0.26 mm<\/td>\n<\/tr>\n<tr>\n<td><strong>R\u00e9sistance \u00e0 la rupture<\/strong><\/td>\n<td>40 N\/cm<\/td>\n<\/tr>\n<tr>\n<td><strong>Allongement<\/strong><\/td>\n<td>20%<\/td>\n<\/tr>\n<tr>\n<td><strong>Adh\u00e9sion sur acier<\/strong><\/td>\n<td>4.5 N\/cm<\/td>\n<\/tr>\n<tr>\n<td><strong>Adh\u00e9sion sur endos<\/strong><\/td>\n<td>2.6 N\/cm<\/td>\n<\/tr>\n<tr>\n<td><strong>Tenue en temp\u00e9rature<\/strong><\/td>\n<td>-10\u00b0C to +80\u00b0C<\/td>\n<\/tr>\n<tr>\n<td><strong>Conformit\u00e9 RoHS<\/strong><\/td>\n<td>Oui<\/td>\n<\/tr>\n<\/tbody>\n<\/table>\n<\/div>\n<\/div><\/div><\/section>\n<section class='av_tab_section av_tab_section av-piqt-c78631c4603ff59fef417d06594d5e20'  itemscope=\"itemscope\" itemtype=\"https:\/\/schema.org\/CreativeWork\" ><div id='tab-id-4-tab' class='tab' role='tab' aria-selected=\"false\" tabindex=\"0\" data-fake-id='#tab-id-4' aria-controls='tab-id-4-content'  itemprop=\"headline\" >Colours<\/div><div id='tab-id-4-content' class='tab_content' role='tabpanel' aria-labelledby='tab-id-4-tab' aria-hidden=\"true\"><div class='tab_inner_content invers-color'  itemprop=\"text\" ><\/div><\/div><\/section><\/div>\n","protected":false},"excerpt":{"rendered":"<p>L\u2019AT182 est un ruban toile polyth\u00e8ne extrud\u00e9e, enduit d\u2019une masse adh\u00e9sive puissante en r\u00e9sine de caoutchouc sans solvant sp\u00e9cialement con\u00e7u pour r\u00e9pondre aux exigences des professonnels du b\u00e2timent et de la construction, de l\u2019industrie et de l\u2019a\u00e9rospatiale.<\/p>\n","protected":false},"featured_media":2752,"template":"","meta":{"_acf_changed":false},"product_brand":[],"product_cat":[327],"product_tag":[329],"class_list":{"0":"post-5410","1":"product","2":"type-product","3":"status-publish","4":"has-post-thumbnail","6":"product_cat-toile","7":"product_tag-building-fr","9":"first","10":"instock","11":"shipping-taxable","12":"product-type-simple"},"acf":[],"yoast_head":"<!-- This site is optimized with the Yoast SEO plugin v27.3 - https:\/\/yoast.com\/product\/yoast-seo-wordpress\/ -->\n<title>AT182 Ruban Toile Retardateur De Flamme - Advance Tapes<\/title>\n<meta name=\"robots\" content=\"index, follow, max-snippet:-1, max-image-preview:large, max-video-preview:-1\" \/>\n<link rel=\"canonical\" href=\"https:\/\/advancetapes.com\/fr\/products\/at182-ruban-toile-retardateur-de-flamme\/\" \/>\n<meta property=\"og:locale\" content=\"fr_FR\" \/>\n<meta property=\"og:type\" content=\"article\" \/>\n<meta property=\"og:title\" content=\"AT182 Ruban Toile Retardateur De Flamme - Advance Tapes\" \/>\n<meta property=\"og:description\" content=\"L\u2019AT182 est un ruban toile polyth\u00e8ne extrud\u00e9e, enduit d\u2019une masse adh\u00e9sive puissante en r\u00e9sine de caoutchouc sans solvant sp\u00e9cialement con\u00e7u pour r\u00e9pondre aux exigences des professonnels du b\u00e2timent et de la construction, de l\u2019industrie et de l\u2019a\u00e9rospatiale.\" \/>\n<meta property=\"og:url\" content=\"https:\/\/advancetapes.com\/fr\/products\/at182-ruban-toile-retardateur-de-flamme\/\" \/>\n<meta property=\"og:site_name\" content=\"Advance Tapes\" \/>\n<meta property=\"article:modified_time\" content=\"2021-04-12T16:10:32+00:00\" \/>\n<meta property=\"og:image\" content=\"https:\/\/advancetapes.com\/wp-content\/uploads\/2021\/01\/Advance-Tapes_AT182_White.jpg\" \/>\n\t<meta property=\"og:image:width\" content=\"600\" \/>\n\t<meta property=\"og:image:height\" content=\"600\" \/>\n\t<meta property=\"og:image:type\" content=\"image\/jpeg\" \/>\n<meta name=\"twitter:card\" content=\"summary_large_image\" \/>\n<meta name=\"twitter:label1\" content=\"Est. reading time\" \/>\n\t<meta name=\"twitter:data1\" content=\"1 minute\" \/>\n<!-- \/ Yoast SEO plugin. -->","yoast_head_json":{"title":"AT182 Ruban Toile Retardateur De Flamme - Advance Tapes","robots":{"index":"index","follow":"follow","max-snippet":"max-snippet:-1","max-image-preview":"max-image-preview:large","max-video-preview":"max-video-preview:-1"},"canonical":"https:\/\/advancetapes.com\/fr\/products\/at182-ruban-toile-retardateur-de-flamme\/","og_locale":"fr_FR","og_type":"article","og_title":"AT182 Ruban Toile Retardateur De Flamme - Advance Tapes","og_description":"L\u2019AT182 est un ruban toile polyth\u00e8ne extrud\u00e9e, enduit d\u2019une masse adh\u00e9sive puissante en r\u00e9sine de caoutchouc sans solvant sp\u00e9cialement con\u00e7u pour r\u00e9pondre aux exigences des professonnels du b\u00e2timent et de la construction, de l\u2019industrie et de l\u2019a\u00e9rospatiale.","og_url":"https:\/\/advancetapes.com\/fr\/products\/at182-ruban-toile-retardateur-de-flamme\/","og_site_name":"Advance Tapes","article_modified_time":"2021-04-12T16:10:32+00:00","og_image":[{"width":600,"height":600,"url":"https:\/\/advancetapes.com\/wp-content\/uploads\/2021\/01\/Advance-Tapes_AT182_White.jpg","type":"image\/jpeg"}],"twitter_card":"summary_large_image","twitter_misc":{"Est. reading time":"1 minute"},"schema":{"@context":"https:\/\/schema.org","@graph":[{"@type":"WebPage","@id":"https:\/\/advancetapes.com\/fr\/products\/at182-ruban-toile-retardateur-de-flamme\/","url":"https:\/\/advancetapes.com\/fr\/products\/at182-ruban-toile-retardateur-de-flamme\/","name":"AT182 Ruban Toile Retardateur De Flamme - Advance Tapes","isPartOf":{"@id":"https:\/\/advancetapes.com\/fr\/#website"},"primaryImageOfPage":{"@id":"https:\/\/advancetapes.com\/fr\/products\/at182-ruban-toile-retardateur-de-flamme\/#primaryimage"},"image":{"@id":"https:\/\/advancetapes.com\/fr\/products\/at182-ruban-toile-retardateur-de-flamme\/#primaryimage"},"thumbnailUrl":"https:\/\/advancetapes.com\/wp-content\/uploads\/2021\/01\/Advance-Tapes_AT182_White.jpg","datePublished":"2021-01-02T21:16:42+00:00","dateModified":"2021-04-12T16:10:32+00:00","breadcrumb":{"@id":"https:\/\/advancetapes.com\/fr\/products\/at182-ruban-toile-retardateur-de-flamme\/#breadcrumb"},"inLanguage":"fr-FR","potentialAction":[{"@type":"ReadAction","target":["https:\/\/advancetapes.com\/fr\/products\/at182-ruban-toile-retardateur-de-flamme\/"]}]},{"@type":"ImageObject","inLanguage":"fr-FR","@id":"https:\/\/advancetapes.com\/fr\/products\/at182-ruban-toile-retardateur-de-flamme\/#primaryimage","url":"https:\/\/advancetapes.com\/wp-content\/uploads\/2021\/01\/Advance-Tapes_AT182_White.jpg","contentUrl":"https:\/\/advancetapes.com\/wp-content\/uploads\/2021\/01\/Advance-Tapes_AT182_White.jpg","width":600,"height":600},{"@type":"BreadcrumbList","@id":"https:\/\/advancetapes.com\/fr\/products\/at182-ruban-toile-retardateur-de-flamme\/#breadcrumb","itemListElement":[{"@type":"ListItem","position":1,"name":"Home","item":"https:\/\/advancetapes.com\/fr\/"},{"@type":"ListItem","position":2,"name":"Products","item":"https:\/\/advancetapes.com\/fr\/products\/"},{"@type":"ListItem","position":3,"name":"AT182 Ruban Toile Retardateur De Flamme"}]},{"@type":"WebSite","@id":"https:\/\/advancetapes.com\/fr\/#website","url":"https:\/\/advancetapes.com\/fr\/","name":"Advance Tapes","description":"Adding more to adhesive tape","potentialAction":[{"@type":"SearchAction","target":{"@type":"EntryPoint","urlTemplate":"https:\/\/advancetapes.com\/fr\/?s={search_term_string}"},"query-input":{"@type":"PropertyValueSpecification","valueRequired":true,"valueName":"search_term_string"}}],"inLanguage":"fr-FR"}]}},"_links":{"self":[{"href":"https:\/\/advancetapes.com\/fr\/wp-json\/wp\/v2\/product\/5410","targetHints":{"allow":["GET"]}}],"collection":[{"href":"https:\/\/advancetapes.com\/fr\/wp-json\/wp\/v2\/product"}],"about":[{"href":"https:\/\/advancetapes.com\/fr\/wp-json\/wp\/v2\/types\/product"}],"wp:featuredmedia":[{"embeddable":true,"href":"https:\/\/advancetapes.com\/fr\/wp-json\/wp\/v2\/media\/2752"}],"wp:attachment":[{"href":"https:\/\/advancetapes.com\/fr\/wp-json\/wp\/v2\/media?parent=5410"}],"wp:term":[{"taxonomy":"product_brand","embeddable":true,"href":"https:\/\/advancetapes.com\/fr\/wp-json\/wp\/v2\/product_brand?post=5410"},{"taxonomy":"product_cat","embeddable":true,"href":"https:\/\/advancetapes.com\/fr\/wp-json\/wp\/v2\/product_cat?post=5410"},{"taxonomy":"product_tag","embeddable":true,"href":"https:\/\/advancetapes.com\/fr\/wp-json\/wp\/v2\/product_tag?post=5410"}],"curies":[{"name":"wp","href":"https:\/\/api.w.org\/{rel}","templated":true}]}}