{"id":5408,"date":"2021-01-02T21:12:33","date_gmt":"2021-01-02T21:12:33","guid":{"rendered":"https:\/\/advancetapes.com\/products\/at180-ruban-toile-brillante-impermeable-qualite-superieure\/"},"modified":"2025-09-25T10:34:01","modified_gmt":"2025-09-25T10:34:01","slug":"at180-ruban-toile-brillante-impermeable-qualite-superieure","status":"publish","type":"product","link":"https:\/\/advancetapes.com\/fr\/products\/at180-ruban-toile-brillante-impermeable-qualite-superieure\/","title":{"rendered":"AT0180 Ruban Toile Industriel Etanche  Qualit\u00e9 Sup\u00e9rieure"},"content":{"rendered":"<div  class='tabcontainer av-kjftr0sh-5cbeaf8b0626cf654d5dd98b301fff40 top_tab  avia-builder-el-0  avia-builder-el-no-sibling '>\n<section class='av_tab_section av_tab_section av-11z34k-f4c8d0acf659a744404f76fe609e64b8'  itemscope=\"itemscope\" itemtype=\"https:\/\/schema.org\/CreativeWork\" ><div id='tab-id-1-tab' class='tab active_tab' role='tab' aria-selected=\"true\" tabindex=\"0\" data-fake-id='#tab-id-1' aria-controls='tab-id-1-content'  itemprop=\"headline\" >Fonctionnalit\u00e9s<\/div><div id='tab-id-1-content' class='tab_content active_tab_content' role='tabpanel' aria-labelledby='tab-id-1-tab' aria-hidden=\"false\"><div class='tab_inner_content invers-color'  itemprop=\"text\" ><ul>\n<li>R\u00e9sistant<\/li>\n<li>Pouvoir adh\u00e9sif imm\u00e9diat \u00e9lev\u00e9 (Tack)<\/li>\n<li>Conformable<\/li>\n<li>Sans transfert de colle<\/li>\n<li>Bonne r\u00e9sistance \u00e0 l&#8217;abrasion<\/li>\n<li>Tr\u00e8s bonne r\u00e9sistance \u00e0 l&#8217;eau<\/li>\n<li>Surface inscriptible<\/li>\n<\/ul>\n<\/div><\/div><\/section>\n<section class='av_tab_section av_tab_section av-39auc-7a7380e2b9d81f1788140260360f64ec'  itemscope=\"itemscope\" itemtype=\"https:\/\/schema.org\/CreativeWork\" ><div id='tab-id-2-tab' class='tab' role='tab' aria-selected=\"false\" tabindex=\"0\" data-fake-id='#tab-id-2' aria-controls='tab-id-2-content'  itemprop=\"headline\" >Applications<\/div><div id='tab-id-2-content' class='tab_content' role='tabpanel' aria-labelledby='tab-id-2-tab' aria-hidden=\"true\"><div class='tab_inner_content invers-color'  itemprop=\"text\" ><ul>\n<li>Scellement des caisses de munitions<\/li>\n<li>Masquage pendant le grenaillage<\/li>\n<li>Joint de conduit \u00e0 haute temp\u00e9rature<\/li>\n<li>Masquage pendant la remise \u00e0 neuf du navire<\/li>\n<li>Protection de lame de moulin \u00e0 vent<\/li>\n<li>Protection des remplacements de pi\u00e8ces de corps en titane &#8211; articulations de la hanche, etc.<\/li>\n<\/ul>\n<\/div><\/div><\/section>\n<section class='av_tab_section av_tab_section av-s3gno-ff4debec0ec2c1d00f794be78cc2f197'  itemscope=\"itemscope\" itemtype=\"https:\/\/schema.org\/CreativeWork\" ><div id='tab-id-3-tab' class='tab' role='tab' aria-selected=\"false\" tabindex=\"0\" data-fake-id='#tab-id-3' aria-controls='tab-id-3-content'  itemprop=\"headline\" >Technical<\/div><div id='tab-id-3-content' class='tab_content' role='tabpanel' aria-labelledby='tab-id-3-tab' aria-hidden=\"true\"><div class='tab_inner_content invers-color'  itemprop=\"text\" ><div class=\"col-xs-24 col-sm-12\">\n<table cellspacing=\"0\" cellpadding=\"0\">\n<tbody>\n<tr>\n<td><strong>Type de Produit<\/strong><\/td>\n<td>Toile<\/td>\n<\/tr>\n<tr>\n<td><strong>Type d&#8217;Adh\u00e9sif<\/strong><\/td>\n<td>Masse adh\u00e9sive en r\u00e9sine de caoutchouc sans solvant<\/td>\n<\/tr>\n<tr>\n<td><strong>\u00c9paisseur<\/strong><\/td>\n<td>0.28 mm<\/td>\n<\/tr>\n<tr>\n<td><strong>R\u00e9sistance \u00e0 la rupture<\/strong><\/td>\n<td>65 N\/cm<\/td>\n<\/tr>\n<tr>\n<td><strong>Allongement<\/strong><\/td>\n<td>30%<\/td>\n<\/tr>\n<tr>\n<td><strong>Adh\u00e9sion sur acier<\/strong><\/td>\n<td>4.5 N\/cm<\/td>\n<\/tr>\n<tr>\n<td><strong>Adh\u00e9sion sur endos<\/strong><\/td>\n<td>3.0 N\/cm<\/td>\n<\/tr>\n<tr>\n<td><strong>Tenue en temp\u00e9rature<\/strong><\/td>\n<td>-50\u00b0C to +80\u00b0C<\/td>\n<\/tr>\n<tr>\n<td><strong>Conformit\u00e9 RoHS<\/strong><\/td>\n<td>Oui<\/td>\n<\/tr>\n<tr>\n<td><strong>Specification<\/strong><\/td>\n<td>DEF. STAN. 81-25\/4<\/td>\n<\/tr>\n<\/tbody>\n<\/table>\n<\/div>\n<\/div><\/div><\/section>\n<section class='av_tab_section av_tab_section av-piqt-c78631c4603ff59fef417d06594d5e20'  itemscope=\"itemscope\" itemtype=\"https:\/\/schema.org\/CreativeWork\" ><div id='tab-id-4-tab' class='tab' role='tab' aria-selected=\"false\" tabindex=\"0\" data-fake-id='#tab-id-4' aria-controls='tab-id-4-content'  itemprop=\"headline\" >Colours<\/div><div id='tab-id-4-content' class='tab_content' role='tabpanel' aria-labelledby='tab-id-4-tab' aria-hidden=\"true\"><div class='tab_inner_content invers-color'  itemprop=\"text\" ><\/div><\/div><\/section>\n<\/div>\n","protected":false},"excerpt":{"rendered":"<p><strong>En conformit\u00e9 avec la norme DEF STAN 81-25\/4<\/strong><\/p>\n<p>AT180 est un ruban toile extrud\u00e9 satin\u00e9 en poly\u00e9thyl\u00e8ne r\u00e9sistant recouvert d&#8217;un adh\u00e9sif caoutchouc-r\u00e9sine sensible \u00e0 la pression agressif sans solvant. AT180 est un ruban en tissu tr\u00e8s polyvalent qui fonctionne exceptionnellement bien dans des conditions ext\u00e9rieures en raison de ses propri\u00e9t\u00e9s de r\u00e9sistance \u00e0 l&#8217;eau et \u00e0 l&#8217;abrasion.<\/p>\n<p>Il adh\u00e8re tr\u00e8s bien sur une large plage de temp\u00e9rature de -50\u00b0C \u00e0 +80\u00b0C. Tr\u00e8s conformable, l&#8217;AT180 est id\u00e9al pour l&#8217;\u00e9tanch\u00e9it\u00e9 des conduits \u00e0 haute temp\u00e9rature.<\/p>\n<p>&nbsp;<\/p>\n","protected":false},"featured_media":7660,"template":"","meta":{"_acf_changed":false},"product_brand":[],"product_cat":[530,327],"product_tag":[328,329,330,331,334],"class_list":{"0":"post-5408","1":"product","2":"type-product","3":"status-publish","4":"has-post-thumbnail","6":"product_cat-agriculture-fr","7":"product_cat-toile","8":"product_tag-agriculture-fr","9":"product_tag-building-fr","10":"product_tag-entertainment-fr","11":"product_tag-industrial-consumables-fr","12":"product_tag-nuclear-fr","14":"first","15":"instock","16":"shipping-taxable","17":"product-type-simple"},"acf":[],"yoast_head":"<!-- This site is optimized with the Yoast SEO plugin v27.4 - https:\/\/yoast.com\/product\/yoast-seo-wordpress\/ -->\n<title>AT0180 Ruban Toile Industriel Etanche Qualit\u00e9 Sup\u00e9rieure - Advance Tapes<\/title>\n<meta name=\"description\" content=\"Ruban toile polyth\u00e8ne extrud\u00e9 satin\u00e9\" \/>\n<meta name=\"robots\" content=\"index, follow, max-snippet:-1, max-image-preview:large, max-video-preview:-1\" \/>\n<link rel=\"canonical\" href=\"https:\/\/advancetapes.com\/fr\/products\/at180-ruban-toile-brillante-impermeable-qualite-superieure\/\" \/>\n<meta property=\"og:locale\" content=\"fr_FR\" \/>\n<meta property=\"og:type\" content=\"article\" \/>\n<meta property=\"og:title\" content=\"AT0180 Ruban Toile Industriel Etanche Qualit\u00e9 Sup\u00e9rieure - Advance Tapes\" \/>\n<meta property=\"og:description\" content=\"Ruban toile polyth\u00e8ne extrud\u00e9 satin\u00e9\" \/>\n<meta property=\"og:url\" content=\"https:\/\/advancetapes.com\/fr\/products\/at180-ruban-toile-brillante-impermeable-qualite-superieure\/\" \/>\n<meta property=\"og:site_name\" content=\"Advance Tapes\" \/>\n<meta property=\"article:modified_time\" content=\"2025-09-25T10:34:01+00:00\" \/>\n<meta property=\"og:image\" content=\"https:\/\/advancetapes.com\/wp-content\/uploads\/2021\/01\/AT180.png\" \/>\n\t<meta property=\"og:image:width\" content=\"500\" \/>\n\t<meta property=\"og:image:height\" content=\"500\" \/>\n\t<meta property=\"og:image:type\" content=\"image\/png\" \/>\n<meta name=\"twitter:card\" content=\"summary_large_image\" \/>\n<meta name=\"twitter:label1\" content=\"Est. reading time\" \/>\n\t<meta name=\"twitter:data1\" content=\"1 minute\" \/>\n<!-- \/ Yoast SEO plugin. -->","yoast_head_json":{"title":"AT0180 Ruban Toile Industriel Etanche Qualit\u00e9 Sup\u00e9rieure - Advance Tapes","description":"Ruban toile polyth\u00e8ne extrud\u00e9 satin\u00e9","robots":{"index":"index","follow":"follow","max-snippet":"max-snippet:-1","max-image-preview":"max-image-preview:large","max-video-preview":"max-video-preview:-1"},"canonical":"https:\/\/advancetapes.com\/fr\/products\/at180-ruban-toile-brillante-impermeable-qualite-superieure\/","og_locale":"fr_FR","og_type":"article","og_title":"AT0180 Ruban Toile Industriel Etanche Qualit\u00e9 Sup\u00e9rieure - Advance Tapes","og_description":"Ruban toile polyth\u00e8ne extrud\u00e9 satin\u00e9","og_url":"https:\/\/advancetapes.com\/fr\/products\/at180-ruban-toile-brillante-impermeable-qualite-superieure\/","og_site_name":"Advance Tapes","article_modified_time":"2025-09-25T10:34:01+00:00","og_image":[{"width":500,"height":500,"url":"https:\/\/advancetapes.com\/wp-content\/uploads\/2021\/01\/AT180.png","type":"image\/png"}],"twitter_card":"summary_large_image","twitter_misc":{"Est. reading time":"1 minute"},"schema":{"@context":"https:\/\/schema.org","@graph":[{"@type":"WebPage","@id":"https:\/\/advancetapes.com\/fr\/products\/at180-ruban-toile-brillante-impermeable-qualite-superieure\/","url":"https:\/\/advancetapes.com\/fr\/products\/at180-ruban-toile-brillante-impermeable-qualite-superieure\/","name":"AT0180 Ruban Toile Industriel Etanche Qualit\u00e9 Sup\u00e9rieure - Advance Tapes","isPartOf":{"@id":"https:\/\/advancetapes.com\/fr\/#website"},"primaryImageOfPage":{"@id":"https:\/\/advancetapes.com\/fr\/products\/at180-ruban-toile-brillante-impermeable-qualite-superieure\/#primaryimage"},"image":{"@id":"https:\/\/advancetapes.com\/fr\/products\/at180-ruban-toile-brillante-impermeable-qualite-superieure\/#primaryimage"},"thumbnailUrl":"https:\/\/advancetapes.com\/wp-content\/uploads\/2021\/01\/AT180.png","datePublished":"2021-01-02T21:12:33+00:00","dateModified":"2025-09-25T10:34:01+00:00","description":"Ruban toile polyth\u00e8ne extrud\u00e9 satin\u00e9","breadcrumb":{"@id":"https:\/\/advancetapes.com\/fr\/products\/at180-ruban-toile-brillante-impermeable-qualite-superieure\/#breadcrumb"},"inLanguage":"fr-FR","potentialAction":[{"@type":"ReadAction","target":["https:\/\/advancetapes.com\/fr\/products\/at180-ruban-toile-brillante-impermeable-qualite-superieure\/"]}]},{"@type":"ImageObject","inLanguage":"fr-FR","@id":"https:\/\/advancetapes.com\/fr\/products\/at180-ruban-toile-brillante-impermeable-qualite-superieure\/#primaryimage","url":"https:\/\/advancetapes.com\/wp-content\/uploads\/2021\/01\/AT180.png","contentUrl":"https:\/\/advancetapes.com\/wp-content\/uploads\/2021\/01\/AT180.png","width":500,"height":500,"caption":"Premium Industrial Waterproof Cloth Tape"},{"@type":"BreadcrumbList","@id":"https:\/\/advancetapes.com\/fr\/products\/at180-ruban-toile-brillante-impermeable-qualite-superieure\/#breadcrumb","itemListElement":[{"@type":"ListItem","position":1,"name":"Home","item":"https:\/\/advancetapes.com\/fr\/"},{"@type":"ListItem","position":2,"name":"Products","item":"https:\/\/advancetapes.com\/fr\/products\/"},{"@type":"ListItem","position":3,"name":"AT0180 Ruban Toile Industriel Etanche Qualit\u00e9 Sup\u00e9rieure"}]},{"@type":"WebSite","@id":"https:\/\/advancetapes.com\/fr\/#website","url":"https:\/\/advancetapes.com\/fr\/","name":"Advance Tapes","description":"Adding more to adhesive tape","potentialAction":[{"@type":"SearchAction","target":{"@type":"EntryPoint","urlTemplate":"https:\/\/advancetapes.com\/fr\/?s={search_term_string}"},"query-input":{"@type":"PropertyValueSpecification","valueRequired":true,"valueName":"search_term_string"}}],"inLanguage":"fr-FR"}]}},"_links":{"self":[{"href":"https:\/\/advancetapes.com\/fr\/wp-json\/wp\/v2\/product\/5408","targetHints":{"allow":["GET"]}}],"collection":[{"href":"https:\/\/advancetapes.com\/fr\/wp-json\/wp\/v2\/product"}],"about":[{"href":"https:\/\/advancetapes.com\/fr\/wp-json\/wp\/v2\/types\/product"}],"wp:featuredmedia":[{"embeddable":true,"href":"https:\/\/advancetapes.com\/fr\/wp-json\/wp\/v2\/media\/7660"}],"wp:attachment":[{"href":"https:\/\/advancetapes.com\/fr\/wp-json\/wp\/v2\/media?parent=5408"}],"wp:term":[{"taxonomy":"product_brand","embeddable":true,"href":"https:\/\/advancetapes.com\/fr\/wp-json\/wp\/v2\/product_brand?post=5408"},{"taxonomy":"product_cat","embeddable":true,"href":"https:\/\/advancetapes.com\/fr\/wp-json\/wp\/v2\/product_cat?post=5408"},{"taxonomy":"product_tag","embeddable":true,"href":"https:\/\/advancetapes.com\/fr\/wp-json\/wp\/v2\/product_tag?post=5408"}],"curies":[{"name":"wp","href":"https:\/\/api.w.org\/{rel}","templated":true}]}}