{"id":5407,"date":"2021-01-02T21:05:27","date_gmt":"2021-01-02T21:05:27","guid":{"rendered":"https:\/\/advancetapes.com\/products\/ruban-toile-brillante-impermeable-haute-qualite-at175\/"},"modified":"2025-04-02T08:51:10","modified_gmt":"2025-04-02T08:51:10","slug":"ruban-toile-brillante-impermeable-haute-qualite-at175","status":"publish","type":"product","link":"https:\/\/advancetapes.com\/fr\/products\/ruban-toile-brillante-impermeable-haute-qualite-at175\/","title":{"rendered":"AT0175 Ruban Toile Industriel Etanche Haute Qualit\u00e9"},"content":{"rendered":"<p><span data-mce-type=\"bookmark\" style=\"display: inline-block; width: 0px; overflow: hidden; line-height: 0;\" class=\"mce_SELRES_start\">\ufeff<\/span><div  class='tabcontainer av-kjftr0sh-5cbeaf8b0626cf654d5dd98b301fff40 top_tab  avia-builder-el-0  avia-builder-el-no-sibling '>\n<section class='av_tab_section av_tab_section av-15cj1a-534236d4f817e4a2818b34f2560a9eb7'  itemscope=\"itemscope\" itemtype=\"https:\/\/schema.org\/CreativeWork\" ><div id='tab-id-1-tab' class='tab active_tab' role='tab' aria-selected=\"true\" tabindex=\"0\" data-fake-id='#tab-id-1' aria-controls='tab-id-1-content'  itemprop=\"headline\" >Fonctionnalit\u00e9s<\/div><div id='tab-id-1-content' class='tab_content active_tab_content' role='tabpanel' aria-labelledby='tab-id-1-tab' aria-hidden=\"false\"><div class='tab_inner_content invers-color'  itemprop=\"text\" ><ul>\n<li>Pouvoir adh\u00e9sif imm\u00e9diat \u00e9lev\u00e9 (Tack)<\/li>\n<li>D\u00e9roulement facile et d\u00e9coupe tr\u00e8s facile<\/li>\n<li>Conformable<\/li>\n<li>Bonne r\u00e9sistance \u00e0 l&#8217;abrasion<\/li>\n<li>Tr\u00e8s bonne r\u00e9sistance \u00e0 l&#8217;eau<\/li>\n<li>Surface inscriptible<\/li>\n<li>Large gamme de coloris<\/li>\n<\/ul>\n<\/div><\/div><\/section>\n<section class='av_tab_section av_tab_section av-vja7q-a6645aa2613b8c093d5c42c7cec504e1'  itemscope=\"itemscope\" itemtype=\"https:\/\/schema.org\/CreativeWork\" ><div id='tab-id-2-tab' class='tab' role='tab' aria-selected=\"false\" tabindex=\"0\" data-fake-id='#tab-id-2' aria-controls='tab-id-2-content'  itemprop=\"headline\" >Applications<\/div><div id='tab-id-2-content' class='tab_content' role='tabpanel' aria-labelledby='tab-id-2-tab' aria-hidden=\"true\"><div class='tab_inner_content invers-color'  itemprop=\"text\" ><ul>\n<li>Suppression des ouvertures inutilis\u00e9es dans la fabrication automobile<\/li>\n<li>Sous-couche et assemblage de tapis et bordure de tapis<\/li>\n<li>Scellement de conduits en m\u00e9tal et en plastique<\/li>\n<li>Masquage sur des surfaces en m\u00e9tal et en b\u00e9ton<\/li>\n<li>Fabrication de si\u00e8ges individuels sur des voitures de course<\/li>\n<li>Mousse de calage pour l&#8217;insonorisation dans l&#8217;industrie automobile<\/li>\n<li>Tabbing, maintien et protection sur les lignes de production automobile<\/li>\n<li>Tank Tape &#8216;- Protection de pointe sur les a\u00e9rofoils sur les v\u00e9hicules de sport automobile<\/li>\n<\/ul>\n<\/div><\/div><\/section>\n<section class='av_tab_section av_tab_section av-pma06-b1ebb8753989fb21ef8ef066ac7e8ee5'  itemscope=\"itemscope\" itemtype=\"https:\/\/schema.org\/CreativeWork\" ><div id='tab-id-3-tab' class='tab' role='tab' aria-selected=\"false\" tabindex=\"0\" data-fake-id='#tab-id-3' aria-controls='tab-id-3-content'  itemprop=\"headline\" >Technical<\/div><div id='tab-id-3-content' class='tab_content' role='tabpanel' aria-labelledby='tab-id-3-tab' aria-hidden=\"true\"><div class='tab_inner_content invers-color'  itemprop=\"text\" ><div class=\"col-xs-24 col-sm-12\">\n<table cellspacing=\"0\" cellpadding=\"0\">\n<tbody>\n<tr>\n<td><strong>Type de Produit<\/strong><\/td>\n<td>Toile<\/td>\n<\/tr>\n<tr>\n<td><strong>Type d&#8217;Adh\u00e9sif<\/strong><\/td>\n<td>Masse adh\u00e9sive en r\u00e9sine de caoutchouc sans solvant<\/td>\n<\/tr>\n<tr>\n<td><strong>\u00c9paisseur<\/strong><\/td>\n<td>0.23 mm<\/td>\n<\/tr>\n<tr>\n<td><strong>R\u00e9sistance \u00e0 la rupture<\/strong><\/td>\n<td>32 N\/cm<\/td>\n<\/tr>\n<tr>\n<td><strong>Allongement<\/strong><\/td>\n<td>24%<\/td>\n<\/tr>\n<tr>\n<td><strong>Adh\u00e9sion sur endos<\/strong><\/td>\n<td>5.5 N\/cm<\/td>\n<\/tr>\n<tr>\n<td><strong>Adh\u00e9sion sur acier<\/strong><\/td>\n<td>3.5 N\/cm<\/td>\n<\/tr>\n<tr>\n<td><strong>Tenue en temp\u00e9rature<\/strong><\/td>\n<td>-50\u00b0C to +80\u00b0C<\/td>\n<\/tr>\n<tr>\n<td><strong>Conformit\u00e9 RoHS<\/strong><\/td>\n<td>Oui<\/td>\n<\/tr>\n<\/tbody>\n<\/table>\n<\/div>\n<\/div><\/div><\/section>\n<section class='av_tab_section av_tab_section av-piqt-48b82d9099e36577dd2c08fe8a3b94f7'  itemscope=\"itemscope\" itemtype=\"https:\/\/schema.org\/CreativeWork\" ><div id='tab-id-4-tab' class='tab' role='tab' aria-selected=\"false\" tabindex=\"0\" data-fake-id='#tab-id-4' aria-controls='tab-id-4-content'  itemprop=\"headline\" >Colours and Sizes<\/div><div id='tab-id-4-content' class='tab_content' role='tabpanel' aria-labelledby='tab-id-4-tab' aria-hidden=\"true\"><div class='tab_inner_content invers-color'  itemprop=\"text\" ><p><span id=\"uxm_tab_pro_color\" class=\"uxm_tab_pro_color\"><\/span><span id=\"uxm_tab_pro_color_2\" class=\"uxm_tab_pro_color\"><\/span><span id=\"uxm_tab_pro_color_3\" class=\"uxm_tab_pro_color\"><\/span><span id=\"uxm_tab_pro_color_4\" class=\"uxm_tab_pro_color\"><\/span><span id=\"uxm_tab_pro_color_5\" class=\"uxm_tab_pro_color\"><\/span><span id=\"uxm_tab_pro_color_6\" class=\"uxm_tab_pro_color\"><\/span><span id=\"uxm_tab_pro_color_7\" class=\"uxm_tab_pro_color\"><\/span><\/p>\n<table style=\"height: 50px;\" width=\"1356\" cellspacing=\"0\" cellpadding=\"0\">\n<tbody>\n<tr>\n<td><strong>Standard Stock Sizes<\/strong><\/td>\n<td>50mmx50m<\/td>\n<\/tr>\n<tr>\n<\/tr>\n<\/tbody>\n<\/table>\n<\/div><\/div><\/section>\n<\/div><span data-mce-type=\"bookmark\" style=\"display: inline-block; width: 0px; overflow: hidden; line-height: 0;\" class=\"mce_SELRES_end\">\ufeff<\/span><\/p>\n","protected":false},"excerpt":{"rendered":"<p><strong>L&#8217;AT175 est disponible dans la couleur de votre choix gr\u00e2ce \u00e0 notre service Advance Rapide Couleur (ARC)<\/strong><\/p>\n<p>AT175 es un Ruban toile poly\u00e9thyl\u00e8ne extrud\u00e9 d\u2019aspect satin\u00e9 avec une masse adh\u00e9sive blanche puissante en r\u00e9sine de caoutchouc sans solvant et sensible \u00e0 la pression.<\/p>\n<p>Adapt\u00e9 aux applications ext\u00e9rieures, ce ruban en tissu adh\u00e8re tr\u00e8s bien sur une large plage de temp\u00e9rature de -50\u00b0C \u00e0 +80\u00b0C.Avec une bonne r\u00e9sistance \u00e0 l&#8217;abrasion et une tr\u00e8s bonne r\u00e9sistance \u00e0 l&#8217;eau, il est excellent pour une large gamme d&#8217;applications, notamment : l&#8217;\u00e9tanch\u00e9it\u00e9 des conduits en m\u00e9tal et en plastique ; masquage sur les surfaces m\u00e9talliques et en b\u00e9ton; obturant les ouvertures inutilis\u00e9es dans la fabrication automobile.<\/p>\n<p>\u00c9galement connu sous le nom de \u00ab\u00a0Tank Tape\u00a0\u00bb &#8211; protection de pointe sur les ailerons des v\u00e9hicules de sport automobile, et bien d&#8217;autres.\u00a0AT175 est disponible dans un large choix de couleurs standard et peut \u00eatre personnalis\u00e9 dans une couleur sp\u00e9cifique via notre service Advance Rapid Color (ARC).<\/p>\n<p>Id\u00e9al pour les utilisateurs finaux qui ont besoin de faire correspondre une couleur particuli\u00e8re comme les couleurs d&#8217;entreprise, les expositions, les travaux de r\u00e9novation, les magasins et les h\u00f4tels.<\/p>\n<div class=\"first_para_desc\"><\/div>\n<div class=\"rest_of_desc\">\n<p>&nbsp;<\/p>\n<\/div>\n","protected":false},"featured_media":7647,"template":"","meta":{"_acf_changed":false},"product_brand":[],"product_cat":[530,372,373,503,532,327],"product_tag":[335,328,329,330,333,331,334],"class_list":{"0":"post-5407","1":"product","2":"type-product","3":"status-publish","4":"has-post-thumbnail","6":"product_cat-agriculture-fr","7":"product_cat-building-fr","8":"product_cat-entertainment-fr","9":"product_cat-stock-disponsible","10":"product_cat-stockatf-de-fr","11":"product_cat-toile","12":"product_tag-advance-arc-fr","13":"product_tag-agriculture-fr","14":"product_tag-building-fr","15":"product_tag-entertainment-fr","16":"product_tag-hevac-fr","17":"product_tag-industrial-consumables-fr","18":"product_tag-nuclear-fr","20":"first","21":"instock","22":"shipping-taxable","23":"product-type-simple"},"acf":[],"yoast_head":"<!-- This site is optimized with the Yoast SEO plugin v27.3 - https:\/\/yoast.com\/product\/yoast-seo-wordpress\/ -->\n<title>AT0175 Ruban Toile Industriel Etanche Haute Qualit\u00e9 - Advance Tapes<\/title>\n<meta name=\"description\" content=\"Ruban toile poly\u00e9thyl\u00e8ne extrud\u00e9 d\u2019aspect satin\u00e9 est excellent pour une large gamme d&#039;applications industrielles.\" \/>\n<meta name=\"robots\" content=\"index, follow, max-snippet:-1, max-image-preview:large, max-video-preview:-1\" \/>\n<link rel=\"canonical\" href=\"https:\/\/advancetapes.com\/fr\/products\/ruban-toile-brillante-impermeable-haute-qualite-at175\/\" \/>\n<meta property=\"og:locale\" content=\"fr_FR\" \/>\n<meta property=\"og:type\" content=\"article\" \/>\n<meta property=\"og:title\" content=\"AT0175 Ruban Toile Industriel Etanche Haute Qualit\u00e9 - Advance Tapes\" \/>\n<meta property=\"og:description\" content=\"Ruban toile poly\u00e9thyl\u00e8ne extrud\u00e9 d\u2019aspect satin\u00e9 est excellent pour une large gamme d&#039;applications industrielles.\" \/>\n<meta property=\"og:url\" content=\"https:\/\/advancetapes.com\/fr\/products\/ruban-toile-brillante-impermeable-haute-qualite-at175\/\" \/>\n<meta property=\"og:site_name\" content=\"Advance Tapes\" \/>\n<meta property=\"article:modified_time\" content=\"2025-04-02T08:51:10+00:00\" \/>\n<meta property=\"og:image\" content=\"https:\/\/advancetapes.com\/wp-content\/uploads\/2021\/01\/AT175.png\" \/>\n\t<meta property=\"og:image:width\" content=\"500\" \/>\n\t<meta property=\"og:image:height\" content=\"500\" \/>\n\t<meta property=\"og:image:type\" content=\"image\/png\" \/>\n<meta name=\"twitter:card\" content=\"summary_large_image\" \/>\n<meta name=\"twitter:label1\" content=\"Est. reading time\" \/>\n\t<meta name=\"twitter:data1\" content=\"1 minute\" \/>\n<!-- \/ Yoast SEO plugin. -->","yoast_head_json":{"title":"AT0175 Ruban Toile Industriel Etanche Haute Qualit\u00e9 - Advance Tapes","description":"Ruban toile poly\u00e9thyl\u00e8ne extrud\u00e9 d\u2019aspect satin\u00e9 est excellent pour une large gamme d'applications industrielles.","robots":{"index":"index","follow":"follow","max-snippet":"max-snippet:-1","max-image-preview":"max-image-preview:large","max-video-preview":"max-video-preview:-1"},"canonical":"https:\/\/advancetapes.com\/fr\/products\/ruban-toile-brillante-impermeable-haute-qualite-at175\/","og_locale":"fr_FR","og_type":"article","og_title":"AT0175 Ruban Toile Industriel Etanche Haute Qualit\u00e9 - Advance Tapes","og_description":"Ruban toile poly\u00e9thyl\u00e8ne extrud\u00e9 d\u2019aspect satin\u00e9 est excellent pour une large gamme d'applications industrielles.","og_url":"https:\/\/advancetapes.com\/fr\/products\/ruban-toile-brillante-impermeable-haute-qualite-at175\/","og_site_name":"Advance Tapes","article_modified_time":"2025-04-02T08:51:10+00:00","og_image":[{"width":500,"height":500,"url":"https:\/\/advancetapes.com\/wp-content\/uploads\/2021\/01\/AT175.png","type":"image\/png"}],"twitter_card":"summary_large_image","twitter_misc":{"Est. reading time":"1 minute"},"schema":{"@context":"https:\/\/schema.org","@graph":[{"@type":"WebPage","@id":"https:\/\/advancetapes.com\/fr\/products\/ruban-toile-brillante-impermeable-haute-qualite-at175\/","url":"https:\/\/advancetapes.com\/fr\/products\/ruban-toile-brillante-impermeable-haute-qualite-at175\/","name":"AT0175 Ruban Toile Industriel Etanche Haute Qualit\u00e9 - Advance Tapes","isPartOf":{"@id":"https:\/\/advancetapes.com\/fr\/#website"},"primaryImageOfPage":{"@id":"https:\/\/advancetapes.com\/fr\/products\/ruban-toile-brillante-impermeable-haute-qualite-at175\/#primaryimage"},"image":{"@id":"https:\/\/advancetapes.com\/fr\/products\/ruban-toile-brillante-impermeable-haute-qualite-at175\/#primaryimage"},"thumbnailUrl":"https:\/\/advancetapes.com\/wp-content\/uploads\/2021\/01\/AT175.png","datePublished":"2021-01-02T21:05:27+00:00","dateModified":"2025-04-02T08:51:10+00:00","description":"Ruban toile poly\u00e9thyl\u00e8ne extrud\u00e9 d\u2019aspect satin\u00e9 est excellent pour une large gamme d'applications industrielles.","breadcrumb":{"@id":"https:\/\/advancetapes.com\/fr\/products\/ruban-toile-brillante-impermeable-haute-qualite-at175\/#breadcrumb"},"inLanguage":"fr-FR","potentialAction":[{"@type":"ReadAction","target":["https:\/\/advancetapes.com\/fr\/products\/ruban-toile-brillante-impermeable-haute-qualite-at175\/"]}]},{"@type":"ImageObject","inLanguage":"fr-FR","@id":"https:\/\/advancetapes.com\/fr\/products\/ruban-toile-brillante-impermeable-haute-qualite-at175\/#primaryimage","url":"https:\/\/advancetapes.com\/wp-content\/uploads\/2021\/01\/AT175.png","contentUrl":"https:\/\/advancetapes.com\/wp-content\/uploads\/2021\/01\/AT175.png","width":500,"height":500,"caption":"Industrial Waterproof Duct Tape"},{"@type":"BreadcrumbList","@id":"https:\/\/advancetapes.com\/fr\/products\/ruban-toile-brillante-impermeable-haute-qualite-at175\/#breadcrumb","itemListElement":[{"@type":"ListItem","position":1,"name":"Home","item":"https:\/\/advancetapes.com\/fr\/"},{"@type":"ListItem","position":2,"name":"Products","item":"https:\/\/advancetapes.com\/fr\/products\/"},{"@type":"ListItem","position":3,"name":"AT0175 Ruban Toile Industriel Etanche Haute Qualit\u00e9"}]},{"@type":"WebSite","@id":"https:\/\/advancetapes.com\/fr\/#website","url":"https:\/\/advancetapes.com\/fr\/","name":"Advance Tapes","description":"Adding more to adhesive tape","potentialAction":[{"@type":"SearchAction","target":{"@type":"EntryPoint","urlTemplate":"https:\/\/advancetapes.com\/fr\/?s={search_term_string}"},"query-input":{"@type":"PropertyValueSpecification","valueRequired":true,"valueName":"search_term_string"}}],"inLanguage":"fr-FR"}]}},"_links":{"self":[{"href":"https:\/\/advancetapes.com\/fr\/wp-json\/wp\/v2\/product\/5407","targetHints":{"allow":["GET"]}}],"collection":[{"href":"https:\/\/advancetapes.com\/fr\/wp-json\/wp\/v2\/product"}],"about":[{"href":"https:\/\/advancetapes.com\/fr\/wp-json\/wp\/v2\/types\/product"}],"wp:featuredmedia":[{"embeddable":true,"href":"https:\/\/advancetapes.com\/fr\/wp-json\/wp\/v2\/media\/7647"}],"wp:attachment":[{"href":"https:\/\/advancetapes.com\/fr\/wp-json\/wp\/v2\/media?parent=5407"}],"wp:term":[{"taxonomy":"product_brand","embeddable":true,"href":"https:\/\/advancetapes.com\/fr\/wp-json\/wp\/v2\/product_brand?post=5407"},{"taxonomy":"product_cat","embeddable":true,"href":"https:\/\/advancetapes.com\/fr\/wp-json\/wp\/v2\/product_cat?post=5407"},{"taxonomy":"product_tag","embeddable":true,"href":"https:\/\/advancetapes.com\/fr\/wp-json\/wp\/v2\/product_tag?post=5407"}],"curies":[{"name":"wp","href":"https:\/\/api.w.org\/{rel}","templated":true}]}}