{"id":5402,"date":"2021-01-02T20:59:19","date_gmt":"2021-01-02T20:59:19","guid":{"rendered":"https:\/\/advancetapes.com\/products\/at172-ruban-toile-lamine-haute-qualite\/"},"modified":"2023-05-30T07:30:29","modified_gmt":"2023-05-30T07:30:29","slug":"at172-ruban-toile-lamine-haute-qualite","status":"publish","type":"product","link":"https:\/\/advancetapes.com\/fr\/products\/at172-ruban-toile-lamine-haute-qualite\/","title":{"rendered":"AT172 Ruban Toile Lamin\u00e9 &#8211; Haute Qualit\u00e9"},"content":{"rendered":"<div  class='tabcontainer av-kjftr0sh-5cbeaf8b0626cf654d5dd98b301fff40 top_tab  avia-builder-el-0  avia-builder-el-no-sibling '>\n<section class='av_tab_section av_tab_section av-10f8bd-8c036a1af32ff00a20f0a62027f3c285'  itemscope=\"itemscope\" itemtype=\"https:\/\/schema.org\/CreativeWork\" ><div id='tab-id-1-tab' class='tab active_tab' role='tab' aria-selected=\"true\" tabindex=\"0\" data-fake-id='#tab-id-1' aria-controls='tab-id-1-content'  itemprop=\"headline\" >Fonctionnalit\u00e9s<\/div><div id='tab-id-1-content' class='tab_content active_tab_content' role='tabpanel' aria-labelledby='tab-id-1-tab' aria-hidden=\"false\"><div class='tab_inner_content invers-color'  itemprop=\"text\" ><ul>\n<li>Pouvoir adh\u00e9sif imm\u00e9diat (tack) tr\u00e8s \u00e9lev\u00e9<\/li>\n<li>D\u00e9coupe facile<\/li>\n<li>Conformable aux formes irr\u00e9guli\u00e8res<\/li>\n<li>Bonne r\u00e9sistance \u00e0 l\u2019abrasion<\/li>\n<li>Bonne r\u00e9sistance \u00e0 la perforation<\/li>\n<li>Adh\u00e9sif non-corrosif<\/li>\n<\/ul>\n<\/div><\/div><\/section>\n<section class='av_tab_section av_tab_section av-x7hnd-2ffa85ad89082c561d73bf5c52fa0681'  itemscope=\"itemscope\" itemtype=\"https:\/\/schema.org\/CreativeWork\" ><div id='tab-id-2-tab' class='tab' role='tab' aria-selected=\"false\" tabindex=\"0\" data-fake-id='#tab-id-2' aria-controls='tab-id-2-content'  itemprop=\"headline\" >Applications<\/div><div id='tab-id-2-content' class='tab_content' role='tabpanel' aria-labelledby='tab-id-2-tab' aria-hidden=\"true\"><div class='tab_inner_content invers-color'  itemprop=\"text\" ><ul>\n<li>March\u00e9 HEVAC<\/li>\n<li>Industrie de l&#8217;enl\u00e8vement de l&#8217;amiante<\/li>\n<\/ul>\n<\/div><\/div><\/section>\n<section class='av_tab_section av_tab_section av-oytv5-7199e7147511451a1ca4e2822e427f93'  itemscope=\"itemscope\" itemtype=\"https:\/\/schema.org\/CreativeWork\" ><div id='tab-id-3-tab' class='tab' role='tab' aria-selected=\"false\" tabindex=\"0\" data-fake-id='#tab-id-3' aria-controls='tab-id-3-content'  itemprop=\"headline\" >Technical<\/div><div id='tab-id-3-content' class='tab_content' role='tabpanel' aria-labelledby='tab-id-3-tab' aria-hidden=\"true\"><div class='tab_inner_content invers-color'  itemprop=\"text\" ><div class=\"col-xs-24 col-sm-12\">\n<table cellspacing=\"0\" cellpadding=\"0\">\n<tbody>\n<tr>\n<td><strong>Type de Produit<\/strong><\/td>\n<td>Toile<\/td>\n<\/tr>\n<tr>\n<td><strong>Type d&#8217;Adh\u00e9sif<\/strong><\/td>\n<td>Masse adh\u00e9sive en r\u00e9sine de caoutchouc sans solvant<\/td>\n<\/tr>\n<tr>\n<td><strong>\u00c9paisseur<\/strong><\/td>\n<td>0.30 mm<\/td>\n<\/tr>\n<tr>\n<td><strong>R\u00e9sistance \u00e0 la rupture<\/strong><\/td>\n<td>36 N\/cm<\/td>\n<\/tr>\n<tr>\n<td><strong>Allongement<\/strong><\/td>\n<td>30%<\/td>\n<\/tr>\n<tr>\n<td><strong>Adh\u00e9sion sur acier<\/strong><\/td>\n<td>4.0 N\/cm<\/td>\n<\/tr>\n<tr>\n<td><strong>Adh\u00e9sion sur endos<\/strong><\/td>\n<td>3.0 N\/cm<\/td>\n<\/tr>\n<tr>\n<td><strong>Tenue en temp\u00e9rature<\/strong><\/td>\n<td>-50\u00b0C to +65\u00b0C<\/td>\n<\/tr>\n<tr>\n<td><strong>Conformit\u00e9 RoHS<\/strong><\/td>\n<td>Oui<\/td>\n<\/tr>\n<\/tbody>\n<\/table>\n<\/div>\n<\/div><\/div><\/section>\n<section class='av_tab_section av_tab_section av-piqt-c78631c4603ff59fef417d06594d5e20'  itemscope=\"itemscope\" itemtype=\"https:\/\/schema.org\/CreativeWork\" ><div id='tab-id-4-tab' class='tab' role='tab' aria-selected=\"false\" tabindex=\"0\" data-fake-id='#tab-id-4' aria-controls='tab-id-4-content'  itemprop=\"headline\" >Colours<\/div><div id='tab-id-4-content' class='tab_content' role='tabpanel' aria-labelledby='tab-id-4-tab' aria-hidden=\"true\"><div class='tab_inner_content invers-color'  itemprop=\"text\" ><\/div><\/div><\/section>\n<\/div>\n","protected":false},"excerpt":{"rendered":"<p>AT172 is a high quality gloss polycloth laminate tape coated with an aggressive pressure sensitive solvent free rubber \u2013 resin adhesive suitable for the HEVAC and asbestos removal industry. Suitable for long term outdoor exposure, this very high tack cloth tape offers high resistance against abrasion, punctures, water and adverse weather conditions. It can also withstand low and high temperature (from -50\u00b0C to +65\u00b0C). AT172 is conformable and easy to tear which minimises assembly time.<\/p>\n","protected":false},"featured_media":2730,"template":"","meta":{"_acf_changed":false},"product_brand":[],"product_cat":[372,327],"product_tag":[332,329,330,333,334],"class_list":{"0":"post-5402","1":"product","2":"type-product","3":"status-publish","4":"has-post-thumbnail","6":"product_cat-building-fr","7":"product_cat-toile","8":"product_tag-asbestos-fr","9":"product_tag-building-fr","10":"product_tag-entertainment-fr","11":"product_tag-hevac-fr","12":"product_tag-nuclear-fr","14":"first","15":"instock","16":"shipping-taxable","17":"product-type-simple"},"acf":[],"yoast_head":"<!-- This site is optimized with the Yoast SEO plugin v27.3 - https:\/\/yoast.com\/product\/yoast-seo-wordpress\/ -->\n<title>AT172 Ruban Toile Lamin\u00e9 - Haute Qualit\u00e9 - Advance Tapes<\/title>\n<meta name=\"robots\" content=\"index, follow, max-snippet:-1, max-image-preview:large, max-video-preview:-1\" \/>\n<link rel=\"canonical\" href=\"https:\/\/advancetapes.com\/fr\/products\/at172-ruban-toile-lamine-haute-qualite\/\" \/>\n<meta property=\"og:locale\" content=\"fr_FR\" \/>\n<meta property=\"og:type\" content=\"article\" \/>\n<meta property=\"og:title\" content=\"AT172 Ruban Toile Lamin\u00e9 - Haute Qualit\u00e9 - Advance Tapes\" \/>\n<meta property=\"og:description\" content=\"AT172 is a high quality gloss polycloth laminate tape coated with an aggressive pressure sensitive solvent free rubber \u2013 resin adhesive suitable for the HEVAC and asbestos removal industry. Suitable for long term outdoor exposure, this very high tack cloth tape offers high resistance against abrasion, punctures, water and adverse weather conditions. It can also withstand low and high temperature (from -50\u00b0C to +65\u00b0C). AT172 is conformable and easy to tear which minimises assembly time.\" \/>\n<meta property=\"og:url\" content=\"https:\/\/advancetapes.com\/fr\/products\/at172-ruban-toile-lamine-haute-qualite\/\" \/>\n<meta property=\"og:site_name\" content=\"Advance Tapes\" \/>\n<meta property=\"article:modified_time\" content=\"2023-05-30T07:30:29+00:00\" \/>\n<meta property=\"og:image\" content=\"https:\/\/advancetapes.com\/wp-content\/uploads\/2021\/01\/Advance-Tapes_AT172_Silver.jpg\" \/>\n\t<meta property=\"og:image:width\" content=\"600\" \/>\n\t<meta property=\"og:image:height\" content=\"600\" \/>\n\t<meta property=\"og:image:type\" content=\"image\/jpeg\" \/>\n<meta name=\"twitter:card\" content=\"summary_large_image\" \/>\n<meta name=\"twitter:label1\" content=\"Est. reading time\" \/>\n\t<meta name=\"twitter:data1\" content=\"1 minute\" \/>\n<!-- \/ Yoast SEO plugin. -->","yoast_head_json":{"title":"AT172 Ruban Toile Lamin\u00e9 - Haute Qualit\u00e9 - Advance Tapes","robots":{"index":"index","follow":"follow","max-snippet":"max-snippet:-1","max-image-preview":"max-image-preview:large","max-video-preview":"max-video-preview:-1"},"canonical":"https:\/\/advancetapes.com\/fr\/products\/at172-ruban-toile-lamine-haute-qualite\/","og_locale":"fr_FR","og_type":"article","og_title":"AT172 Ruban Toile Lamin\u00e9 - Haute Qualit\u00e9 - Advance Tapes","og_description":"AT172 is a high quality gloss polycloth laminate tape coated with an aggressive pressure sensitive solvent free rubber \u2013 resin adhesive suitable for the HEVAC and asbestos removal industry. Suitable for long term outdoor exposure, this very high tack cloth tape offers high resistance against abrasion, punctures, water and adverse weather conditions. It can also withstand low and high temperature (from -50\u00b0C to +65\u00b0C). AT172 is conformable and easy to tear which minimises assembly time.","og_url":"https:\/\/advancetapes.com\/fr\/products\/at172-ruban-toile-lamine-haute-qualite\/","og_site_name":"Advance Tapes","article_modified_time":"2023-05-30T07:30:29+00:00","og_image":[{"width":600,"height":600,"url":"https:\/\/advancetapes.com\/wp-content\/uploads\/2021\/01\/Advance-Tapes_AT172_Silver.jpg","type":"image\/jpeg"}],"twitter_card":"summary_large_image","twitter_misc":{"Est. reading time":"1 minute"},"schema":{"@context":"https:\/\/schema.org","@graph":[{"@type":"WebPage","@id":"https:\/\/advancetapes.com\/fr\/products\/at172-ruban-toile-lamine-haute-qualite\/","url":"https:\/\/advancetapes.com\/fr\/products\/at172-ruban-toile-lamine-haute-qualite\/","name":"AT172 Ruban Toile Lamin\u00e9 - Haute Qualit\u00e9 - Advance Tapes","isPartOf":{"@id":"https:\/\/advancetapes.com\/fr\/#website"},"primaryImageOfPage":{"@id":"https:\/\/advancetapes.com\/fr\/products\/at172-ruban-toile-lamine-haute-qualite\/#primaryimage"},"image":{"@id":"https:\/\/advancetapes.com\/fr\/products\/at172-ruban-toile-lamine-haute-qualite\/#primaryimage"},"thumbnailUrl":"https:\/\/advancetapes.com\/wp-content\/uploads\/2021\/01\/Advance-Tapes_AT172_Silver.jpg","datePublished":"2021-01-02T20:59:19+00:00","dateModified":"2023-05-30T07:30:29+00:00","breadcrumb":{"@id":"https:\/\/advancetapes.com\/fr\/products\/at172-ruban-toile-lamine-haute-qualite\/#breadcrumb"},"inLanguage":"fr-FR","potentialAction":[{"@type":"ReadAction","target":["https:\/\/advancetapes.com\/fr\/products\/at172-ruban-toile-lamine-haute-qualite\/"]}]},{"@type":"ImageObject","inLanguage":"fr-FR","@id":"https:\/\/advancetapes.com\/fr\/products\/at172-ruban-toile-lamine-haute-qualite\/#primaryimage","url":"https:\/\/advancetapes.com\/wp-content\/uploads\/2021\/01\/Advance-Tapes_AT172_Silver.jpg","contentUrl":"https:\/\/advancetapes.com\/wp-content\/uploads\/2021\/01\/Advance-Tapes_AT172_Silver.jpg","width":600,"height":600},{"@type":"BreadcrumbList","@id":"https:\/\/advancetapes.com\/fr\/products\/at172-ruban-toile-lamine-haute-qualite\/#breadcrumb","itemListElement":[{"@type":"ListItem","position":1,"name":"Home","item":"https:\/\/advancetapes.com\/fr\/"},{"@type":"ListItem","position":2,"name":"Products","item":"https:\/\/advancetapes.com\/fr\/products\/"},{"@type":"ListItem","position":3,"name":"AT172 Ruban Toile Lamin\u00e9 &#8211; Haute Qualit\u00e9"}]},{"@type":"WebSite","@id":"https:\/\/advancetapes.com\/fr\/#website","url":"https:\/\/advancetapes.com\/fr\/","name":"Advance Tapes","description":"Adding more to adhesive tape","potentialAction":[{"@type":"SearchAction","target":{"@type":"EntryPoint","urlTemplate":"https:\/\/advancetapes.com\/fr\/?s={search_term_string}"},"query-input":{"@type":"PropertyValueSpecification","valueRequired":true,"valueName":"search_term_string"}}],"inLanguage":"fr-FR"}]}},"_links":{"self":[{"href":"https:\/\/advancetapes.com\/fr\/wp-json\/wp\/v2\/product\/5402","targetHints":{"allow":["GET"]}}],"collection":[{"href":"https:\/\/advancetapes.com\/fr\/wp-json\/wp\/v2\/product"}],"about":[{"href":"https:\/\/advancetapes.com\/fr\/wp-json\/wp\/v2\/types\/product"}],"wp:featuredmedia":[{"embeddable":true,"href":"https:\/\/advancetapes.com\/fr\/wp-json\/wp\/v2\/media\/2730"}],"wp:attachment":[{"href":"https:\/\/advancetapes.com\/fr\/wp-json\/wp\/v2\/media?parent=5402"}],"wp:term":[{"taxonomy":"product_brand","embeddable":true,"href":"https:\/\/advancetapes.com\/fr\/wp-json\/wp\/v2\/product_brand?post=5402"},{"taxonomy":"product_cat","embeddable":true,"href":"https:\/\/advancetapes.com\/fr\/wp-json\/wp\/v2\/product_cat?post=5402"},{"taxonomy":"product_tag","embeddable":true,"href":"https:\/\/advancetapes.com\/fr\/wp-json\/wp\/v2\/product_tag?post=5402"}],"curies":[{"name":"wp","href":"https:\/\/api.w.org\/{rel}","templated":true}]}}