{"id":5393,"date":"2021-01-02T20:45:33","date_gmt":"2021-01-02T20:45:33","guid":{"rendered":"https:\/\/advancetapes.com\/products\/at170-ruban-toile-lamine-forte-resistance-mecanique\/"},"modified":"2025-04-02T08:49:32","modified_gmt":"2025-04-02T08:49:32","slug":"at170-ruban-toile-lamine-forte-resistance-mecanique","status":"publish","type":"product","link":"https:\/\/advancetapes.com\/fr\/products\/at170-ruban-toile-lamine-forte-resistance-mecanique\/","title":{"rendered":"AT0170 Ruban Toile Lamin\u00e9 Forte R\u00e9sistance M\u00e9canique"},"content":{"rendered":"<p><span data-mce-type=\"bookmark\" style=\"display: inline-block; width: 0px; overflow: hidden; line-height: 0;\" class=\"mce_SELRES_start\">\ufeff<\/span><div  class='tabcontainer av-kjftr0sh-5cbeaf8b0626cf654d5dd98b301fff40 top_tab  avia-builder-el-0  avia-builder-el-no-sibling '>\n<section class='av_tab_section av_tab_section av-isluw-72d0ca84584b2a882f1b8eaf731af4ff'  itemscope=\"itemscope\" itemtype=\"https:\/\/schema.org\/CreativeWork\" ><div id='tab-id-1-tab' class='tab active_tab' role='tab' aria-selected=\"true\" tabindex=\"0\" data-fake-id='#tab-id-1' aria-controls='tab-id-1-content'  itemprop=\"headline\" >Fonctionnalit\u00e9s<\/div><div id='tab-id-1-content' class='tab_content active_tab_content' role='tabpanel' aria-labelledby='tab-id-1-tab' aria-hidden=\"false\"><div class='tab_inner_content invers-color'  itemprop=\"text\" ><ul>\n<li>R\u00e9sistant<\/li>\n<li>D\u00e9roulement et d\u00e9coupe facile<\/li>\n<li>Pouvoir adh\u00e9sif imm\u00e9diat \u00e9lev\u00e9 (Tack)<\/li>\n<li>Bonne r\u00e9sistance \u00e0 l\u2019abrasion<\/li>\n<li>Finition imperm\u00e9able<\/li>\n<li>Conformable<\/li>\n<li>Adh\u00e9sif non-corrosif<\/li>\n<\/ul>\n<\/div><\/div><\/section>\n<section class='av_tab_section av_tab_section av-fs7uo-b8add54720b6fad0b4ee5f0a3bfb9821'  itemscope=\"itemscope\" itemtype=\"https:\/\/schema.org\/CreativeWork\" ><div id='tab-id-2-tab' class='tab' role='tab' aria-selected=\"false\" tabindex=\"0\" data-fake-id='#tab-id-2' aria-controls='tab-id-2-content'  itemprop=\"headline\" >Applications<\/div><div id='tab-id-2-content' class='tab_content' role='tabpanel' aria-labelledby='tab-id-2-tab' aria-hidden=\"true\"><div class='tab_inner_content invers-color'  itemprop=\"text\" ><ul>\n<li>Applications \u00e0 court terme:<\/li>\n<li>Assemblage et \u00e9tanch\u00e9it\u00e9 des b\u00e2ches en poly\u00e9thyl\u00e8ne<\/li>\n<li>Scellage des sacs<\/li>\n<li>Scellement double vitrage<\/li>\n<\/ul>\n<\/div><\/div><\/section>\n<section class='av_tab_section av_tab_section av-8r3yw-96683255f33a91951757e13c7416f86f'  itemscope=\"itemscope\" itemtype=\"https:\/\/schema.org\/CreativeWork\" ><div id='tab-id-3-tab' class='tab' role='tab' aria-selected=\"false\" tabindex=\"0\" data-fake-id='#tab-id-3' aria-controls='tab-id-3-content'  itemprop=\"headline\" >Technical<\/div><div id='tab-id-3-content' class='tab_content' role='tabpanel' aria-labelledby='tab-id-3-tab' aria-hidden=\"true\"><div class='tab_inner_content invers-color'  itemprop=\"text\" ><div class=\"col-xs-24 col-sm-12\">\n<table cellspacing=\"0\" cellpadding=\"0\">\n<tbody>\n<tr>\n<td><strong>Type de Produit<\/strong><\/td>\n<td>Toile<\/td>\n<\/tr>\n<tr>\n<td><strong>Type d&#8217;Adh\u00e9sif<\/strong><\/td>\n<td>Masse adh\u00e9sive en r\u00e9sine de caoutchouc sans solvant<\/td>\n<\/tr>\n<tr>\n<td><strong>\u00c9paisseur<\/strong><\/td>\n<td>0.20 mm<\/td>\n<\/tr>\n<tr>\n<td><strong>R\u00e9sistance \u00e0 la rupture<\/strong><\/td>\n<td>35 N\/cm<\/td>\n<\/tr>\n<tr>\n<td><strong>Allongement<\/strong><\/td>\n<td>20%<\/td>\n<\/tr>\n<tr>\n<td><strong>Adh\u00e9sion sur acier<\/strong><\/td>\n<td>3.7 N\/cm<\/td>\n<\/tr>\n<tr>\n<td><strong>Adh\u00e9sion sur endos<\/strong><\/td>\n<td>2.3 N\/cm<\/td>\n<\/tr>\n<tr>\n<td><strong>Tenue en temp\u00e9rature<\/strong><\/td>\n<td>-50\u00b0C to +65\u00b0C<\/td>\n<\/tr>\n<tr>\n<td><strong>Conformit\u00e9 RoHS<\/strong><\/td>\n<td>Oui<\/td>\n<\/tr>\n<\/tbody>\n<\/table>\n<\/div>\n<\/div><\/div><\/section>\n<section class='av_tab_section av_tab_section av-piqt-48b82d9099e36577dd2c08fe8a3b94f7'  itemscope=\"itemscope\" itemtype=\"https:\/\/schema.org\/CreativeWork\" ><div id='tab-id-4-tab' class='tab' role='tab' aria-selected=\"false\" tabindex=\"0\" data-fake-id='#tab-id-4' aria-controls='tab-id-4-content'  itemprop=\"headline\" >Colours and Sizes<\/div><div id='tab-id-4-content' class='tab_content' role='tabpanel' aria-labelledby='tab-id-4-tab' aria-hidden=\"true\"><div class='tab_inner_content invers-color'  itemprop=\"text\" ><p><span id=\"uxm_tab_pro_color\" class=\"uxm_tab_pro_color\"><\/span><span id=\"uxm_tab_pro_color_2\" class=\"uxm_tab_pro_color\"><\/span><span id=\"uxm_tab_pro_color_3\" class=\"uxm_tab_pro_color\"><\/span><span id=\"uxm_tab_pro_color_4\" class=\"uxm_tab_pro_color\"><\/span><span id=\"uxm_tab_pro_color_5\" class=\"uxm_tab_pro_color\"><\/span><span id=\"uxm_tab_pro_color_6\" class=\"uxm_tab_pro_color\"><\/span><span id=\"uxm_tab_pro_color_7\" class=\"uxm_tab_pro_color\"><\/span><\/p>\n<table style=\"height: 50px;\" width=\"1356\" cellspacing=\"0\" cellpadding=\"0\">\n<tbody>\n<tr>\n<td><strong>Standard Stock Sizes<\/strong><\/td>\n<td>50mmx50m<\/td>\n<\/tr>\n<tr>\n<\/tr>\n<\/tbody>\n<\/table>\n<\/div><\/div><\/section>\n<\/div><span data-mce-type=\"bookmark\" style=\"display: inline-block; width: 0px; overflow: hidden; line-height: 0;\" class=\"mce_SELRES_end\">\ufeff<\/span><\/p>\n","protected":false},"excerpt":{"rendered":"<p><strong>Ruban toile lamin\u00e9 le plus robuste<\/strong><\/p>\n<p>&nbsp;<\/p>\n<div class=\"first_para_desc\">\n<p>AT170 is a strong cloth duct tape coated with an aggressive pressure sensitive solvent free rubber \u2013 resin adhesive.<\/p>\n<\/div>\n<div class=\"rest_of_desc\">\n<p>This standard duct tape is suitable for short term external applications due to its water and weather resistance. Its non-corrosive adhesive will not rust or stain substrates during application. AT170 adheres very well over a wide temperature range from -50\u00b0C to +65\u00b0C.<\/p>\n<p>Really easy to apply, this duct tape conforms well to smooth and uneven surfaces.<\/p>\n<p>Ideal for short term applications including sealing bags and double glazing units, and joining polythene sheeting.<\/p>\n<\/div>\n","protected":false},"featured_media":8462,"template":"","meta":{"_acf_changed":false},"product_brand":[],"product_cat":[372,373,503,532,327],"product_tag":[329,330,333,331,334],"class_list":{"0":"post-5393","1":"product","2":"type-product","3":"status-publish","4":"has-post-thumbnail","6":"product_cat-building-fr","7":"product_cat-entertainment-fr","8":"product_cat-stock-disponsible","9":"product_cat-stockatf-de-fr","10":"product_cat-toile","11":"product_tag-building-fr","12":"product_tag-entertainment-fr","13":"product_tag-hevac-fr","14":"product_tag-industrial-consumables-fr","15":"product_tag-nuclear-fr","17":"first","18":"instock","19":"shipping-taxable","20":"product-type-simple"},"acf":[],"yoast_head":"<!-- This site is optimized with the Yoast SEO plugin v27.4 - https:\/\/yoast.com\/product\/yoast-seo-wordpress\/ -->\n<title>AT0170 Ruban Toile Lamin\u00e9 Forte R\u00e9sistance M\u00e9canique - Advance Tapes<\/title>\n<meta name=\"robots\" content=\"index, follow, max-snippet:-1, max-image-preview:large, max-video-preview:-1\" \/>\n<link rel=\"canonical\" href=\"https:\/\/advancetapes.com\/fr\/products\/at170-ruban-toile-lamine-forte-resistance-mecanique\/\" \/>\n<meta property=\"og:locale\" content=\"fr_FR\" \/>\n<meta property=\"og:type\" content=\"article\" \/>\n<meta property=\"og:title\" content=\"AT0170 Ruban Toile Lamin\u00e9 Forte R\u00e9sistance M\u00e9canique - Advance Tapes\" \/>\n<meta property=\"og:description\" content=\"Ruban toile lamin\u00e9 le plus robuste  &nbsp;   AT170 is a strong cloth duct tape coated with an aggressive pressure sensitive solvent free rubber \u2013 resin adhesive.     This standard duct tape is suitable for short term external applications due to its water and weather resistance. Its non-corrosive adhesive will not rust or stain substrates during application. AT170 adheres very well over a wide temperature range from -50\u00b0C to +65\u00b0C.  Really easy to apply, this duct tape conforms well to smooth and uneven surfaces.  Ideal for short term applications including sealing bags and double glazing units, and joining polythene sheeting.\" \/>\n<meta property=\"og:url\" content=\"https:\/\/advancetapes.com\/fr\/products\/at170-ruban-toile-lamine-forte-resistance-mecanique\/\" \/>\n<meta property=\"og:site_name\" content=\"Advance Tapes\" \/>\n<meta property=\"article:modified_time\" content=\"2025-04-02T08:49:32+00:00\" \/>\n<meta property=\"og:image\" content=\"https:\/\/advancetapes.com\/wp-content\/uploads\/2021\/01\/AT170-Silver-50mm-1030x687.jpg\" \/>\n\t<meta property=\"og:image:width\" content=\"1030\" \/>\n\t<meta property=\"og:image:height\" content=\"687\" \/>\n\t<meta property=\"og:image:type\" content=\"image\/jpeg\" \/>\n<meta name=\"twitter:card\" content=\"summary_large_image\" \/>\n<meta name=\"twitter:label1\" content=\"Est. reading time\" \/>\n\t<meta name=\"twitter:data1\" content=\"1 minute\" \/>\n<!-- \/ Yoast SEO plugin. -->","yoast_head_json":{"title":"AT0170 Ruban Toile Lamin\u00e9 Forte R\u00e9sistance M\u00e9canique - Advance Tapes","robots":{"index":"index","follow":"follow","max-snippet":"max-snippet:-1","max-image-preview":"max-image-preview:large","max-video-preview":"max-video-preview:-1"},"canonical":"https:\/\/advancetapes.com\/fr\/products\/at170-ruban-toile-lamine-forte-resistance-mecanique\/","og_locale":"fr_FR","og_type":"article","og_title":"AT0170 Ruban Toile Lamin\u00e9 Forte R\u00e9sistance M\u00e9canique - Advance Tapes","og_description":"Ruban toile lamin\u00e9 le plus robuste  &nbsp;   AT170 is a strong cloth duct tape coated with an aggressive pressure sensitive solvent free rubber \u2013 resin adhesive.     This standard duct tape is suitable for short term external applications due to its water and weather resistance. Its non-corrosive adhesive will not rust or stain substrates during application. AT170 adheres very well over a wide temperature range from -50\u00b0C to +65\u00b0C.  Really easy to apply, this duct tape conforms well to smooth and uneven surfaces.  Ideal for short term applications including sealing bags and double glazing units, and joining polythene sheeting.","og_url":"https:\/\/advancetapes.com\/fr\/products\/at170-ruban-toile-lamine-forte-resistance-mecanique\/","og_site_name":"Advance Tapes","article_modified_time":"2025-04-02T08:49:32+00:00","og_image":[{"width":1030,"height":687,"url":"https:\/\/advancetapes.com\/wp-content\/uploads\/2021\/01\/AT170-Silver-50mm-1030x687.jpg","type":"image\/jpeg"}],"twitter_card":"summary_large_image","twitter_misc":{"Est. reading time":"1 minute"},"schema":{"@context":"https:\/\/schema.org","@graph":[{"@type":"WebPage","@id":"https:\/\/advancetapes.com\/fr\/products\/at170-ruban-toile-lamine-forte-resistance-mecanique\/","url":"https:\/\/advancetapes.com\/fr\/products\/at170-ruban-toile-lamine-forte-resistance-mecanique\/","name":"AT0170 Ruban Toile Lamin\u00e9 Forte R\u00e9sistance M\u00e9canique - Advance Tapes","isPartOf":{"@id":"https:\/\/advancetapes.com\/fr\/#website"},"primaryImageOfPage":{"@id":"https:\/\/advancetapes.com\/fr\/products\/at170-ruban-toile-lamine-forte-resistance-mecanique\/#primaryimage"},"image":{"@id":"https:\/\/advancetapes.com\/fr\/products\/at170-ruban-toile-lamine-forte-resistance-mecanique\/#primaryimage"},"thumbnailUrl":"https:\/\/advancetapes.com\/wp-content\/uploads\/2021\/01\/AT170-Silver-50mm-scaled.jpg","datePublished":"2021-01-02T20:45:33+00:00","dateModified":"2025-04-02T08:49:32+00:00","breadcrumb":{"@id":"https:\/\/advancetapes.com\/fr\/products\/at170-ruban-toile-lamine-forte-resistance-mecanique\/#breadcrumb"},"inLanguage":"fr-FR","potentialAction":[{"@type":"ReadAction","target":["https:\/\/advancetapes.com\/fr\/products\/at170-ruban-toile-lamine-forte-resistance-mecanique\/"]}]},{"@type":"ImageObject","inLanguage":"fr-FR","@id":"https:\/\/advancetapes.com\/fr\/products\/at170-ruban-toile-lamine-forte-resistance-mecanique\/#primaryimage","url":"https:\/\/advancetapes.com\/wp-content\/uploads\/2021\/01\/AT170-Silver-50mm-scaled.jpg","contentUrl":"https:\/\/advancetapes.com\/wp-content\/uploads\/2021\/01\/AT170-Silver-50mm-scaled.jpg","width":2560,"height":1707},{"@type":"BreadcrumbList","@id":"https:\/\/advancetapes.com\/fr\/products\/at170-ruban-toile-lamine-forte-resistance-mecanique\/#breadcrumb","itemListElement":[{"@type":"ListItem","position":1,"name":"Home","item":"https:\/\/advancetapes.com\/fr\/"},{"@type":"ListItem","position":2,"name":"Products","item":"https:\/\/advancetapes.com\/fr\/products\/"},{"@type":"ListItem","position":3,"name":"AT0170 Ruban Toile Lamin\u00e9 Forte R\u00e9sistance M\u00e9canique"}]},{"@type":"WebSite","@id":"https:\/\/advancetapes.com\/fr\/#website","url":"https:\/\/advancetapes.com\/fr\/","name":"Advance Tapes","description":"Adding more to adhesive tape","potentialAction":[{"@type":"SearchAction","target":{"@type":"EntryPoint","urlTemplate":"https:\/\/advancetapes.com\/fr\/?s={search_term_string}"},"query-input":{"@type":"PropertyValueSpecification","valueRequired":true,"valueName":"search_term_string"}}],"inLanguage":"fr-FR"}]}},"_links":{"self":[{"href":"https:\/\/advancetapes.com\/fr\/wp-json\/wp\/v2\/product\/5393","targetHints":{"allow":["GET"]}}],"collection":[{"href":"https:\/\/advancetapes.com\/fr\/wp-json\/wp\/v2\/product"}],"about":[{"href":"https:\/\/advancetapes.com\/fr\/wp-json\/wp\/v2\/types\/product"}],"wp:featuredmedia":[{"embeddable":true,"href":"https:\/\/advancetapes.com\/fr\/wp-json\/wp\/v2\/media\/8462"}],"wp:attachment":[{"href":"https:\/\/advancetapes.com\/fr\/wp-json\/wp\/v2\/media?parent=5393"}],"wp:term":[{"taxonomy":"product_brand","embeddable":true,"href":"https:\/\/advancetapes.com\/fr\/wp-json\/wp\/v2\/product_brand?post=5393"},{"taxonomy":"product_cat","embeddable":true,"href":"https:\/\/advancetapes.com\/fr\/wp-json\/wp\/v2\/product_cat?post=5393"},{"taxonomy":"product_tag","embeddable":true,"href":"https:\/\/advancetapes.com\/fr\/wp-json\/wp\/v2\/product_tag?post=5393"}],"curies":[{"name":"wp","href":"https:\/\/api.w.org\/{rel}","templated":true}]}}