{"id":5383,"date":"2021-01-02T20:27:35","date_gmt":"2021-01-02T20:27:35","guid":{"rendered":"https:\/\/advancetapes.com\/products\/at163-ruban-toile-etanche-adhesif-thermodurcissable\/"},"modified":"2025-04-02T08:48:25","modified_gmt":"2025-04-02T08:48:25","slug":"at163-ruban-toile-etanche-adhesif-thermodurcissable","status":"publish","type":"product","link":"https:\/\/advancetapes.com\/fr\/products\/at163-ruban-toile-etanche-adhesif-thermodurcissable\/","title":{"rendered":"AT0163 Ruban Toile \u00c9tanche &#8211; Adh\u00e9sif Thermodurcissable"},"content":{"rendered":"<p><span data-mce-type=\"bookmark\" style=\"display: inline-block; width: 0px; overflow: hidden; line-height: 0;\" class=\"mce_SELRES_start\">\ufeff<\/span><div  class='tabcontainer av-kjftr0sh-5cbeaf8b0626cf654d5dd98b301fff40 top_tab  avia-builder-el-0  avia-builder-el-no-sibling '>\n<section class='av_tab_section av_tab_section av-149rya-b874840d1dd64fab1e551634403ffc5c'  itemscope=\"itemscope\" itemtype=\"https:\/\/schema.org\/CreativeWork\" ><div id='tab-id-1-tab' class='tab active_tab' role='tab' aria-selected=\"true\" tabindex=\"0\" data-fake-id='#tab-id-1' aria-controls='tab-id-1-content'  itemprop=\"headline\" >Fonctionnalit\u00e9s<\/div><div id='tab-id-1-content' class='tab_content active_tab_content' role='tabpanel' aria-labelledby='tab-id-1-tab' aria-hidden=\"false\"><div class='tab_inner_content invers-color'  itemprop=\"text\" ><ul>\n<li>R\u00e9sistant<\/li>\n<li>Pouvoir adh\u00e9sif imm\u00e9diat \u00e9lev\u00e9 (Tack)<\/li>\n<li>Adh\u00e9sif thermodurcissable<\/li>\n<li>D\u00e9collement sans transfert jusqu&#8217;\u00e0 +110\u00b0C<\/li>\n<li>Conformable<\/li>\n<li>R\u00e9sistant \u00e0 l&#8217;eau et \u00e0 l&#8217;eau sal\u00e9e in situ<\/li>\n<li>Tr\u00e8s bonne r\u00e9sistance \u00e0 l&#8217;abrasion<\/li>\n<li>Surface inscriptible<\/li>\n<\/ul>\n<\/div><\/div><\/section>\n<section class='av_tab_section av_tab_section av-ww3wq-25eae93dbd060e4bd4619bd057781017'  itemscope=\"itemscope\" itemtype=\"https:\/\/schema.org\/CreativeWork\" ><div id='tab-id-2-tab' class='tab' role='tab' aria-selected=\"false\" tabindex=\"0\" data-fake-id='#tab-id-2' aria-controls='tab-id-2-content'  itemprop=\"headline\" >Applications<\/div><div id='tab-id-2-content' class='tab_content' role='tabpanel' aria-labelledby='tab-id-2-tab' aria-hidden=\"true\"><div class='tab_inner_content invers-color'  itemprop=\"text\" ><ul>\n<li>\u00c9tanch\u00e9it\u00e9 des joints dans les conduits en m\u00e9tal<\/li>\n<li>\u00c9tanch\u00e9it\u00e9 des mat\u00e9riels d\u2019isolation aux surfaces lisses ou fibreuses<\/li>\n<li>Liage du cordon ombilical pour les plongeurs sous-marins<\/li>\n<li>Protection contre les explosions<\/li>\n<li>Protection de processus de grenaillage<\/li>\n<li>Protection de forage de plate-forme p\u00e9troli\u00e8re offshore<\/li>\n<\/ul>\n<\/div><\/div><\/section>\n<section class='av_tab_section av_tab_section av-rh98y-9b03fb60f2c923d52734a21defd2015e'  itemscope=\"itemscope\" itemtype=\"https:\/\/schema.org\/CreativeWork\" ><div id='tab-id-3-tab' class='tab' role='tab' aria-selected=\"false\" tabindex=\"0\" data-fake-id='#tab-id-3' aria-controls='tab-id-3-content'  itemprop=\"headline\" >Technical<\/div><div id='tab-id-3-content' class='tab_content' role='tabpanel' aria-labelledby='tab-id-3-tab' aria-hidden=\"true\"><div class='tab_inner_content invers-color'  itemprop=\"text\" ><div class=\"col-xs-24 col-sm-12\">\n<table cellspacing=\"0\" cellpadding=\"0\">\n<tbody>\n<tr>\n<td><strong>Type de Produit<\/strong><\/td>\n<td>Toile<\/td>\n<\/tr>\n<tr>\n<td><strong>Type d&#8217;Adh\u00e9sif<\/strong><\/td>\n<td>Masse adh\u00e9sive en r\u00e9sine de caoutchouc sans solvant<\/td>\n<\/tr>\n<tr>\n<td><strong>\u00c9paisseur<\/strong><\/td>\n<td>0.30 mm<\/td>\n<\/tr>\n<tr>\n<td><strong>R\u00e9sistance \u00e0 la rupture<\/strong><\/td>\n<td>70 N\/cm<\/td>\n<\/tr>\n<tr>\n<td><strong>Allongement<\/strong><\/td>\n<td>30%<\/td>\n<\/tr>\n<tr>\n<td><strong>Adh\u00e9sion sur acier<\/strong><\/td>\n<td>7.4 N\/cm<\/td>\n<\/tr>\n<tr>\n<td><strong>Adh\u00e9sion sur endos<\/strong><\/td>\n<td>3.2 N\/cm<\/td>\n<\/tr>\n<tr>\n<td><strong>Tenue en temp\u00e9rature<\/strong><\/td>\n<td>-50\u00b0C to +110\u00b0C<\/td>\n<\/tr>\n<tr>\n<td><strong>Conformit\u00e9 RoHS<\/strong><\/td>\n<td>Oui<\/td>\n<\/tr>\n<\/tbody>\n<\/table>\n<\/div>\n<\/div><\/div><\/section>\n<section class='av_tab_section av_tab_section av-piqt-48b82d9099e36577dd2c08fe8a3b94f7'  itemscope=\"itemscope\" itemtype=\"https:\/\/schema.org\/CreativeWork\" ><div id='tab-id-4-tab' class='tab' role='tab' aria-selected=\"false\" tabindex=\"0\" data-fake-id='#tab-id-4' aria-controls='tab-id-4-content'  itemprop=\"headline\" >Colours and Sizes<\/div><div id='tab-id-4-content' class='tab_content' role='tabpanel' aria-labelledby='tab-id-4-tab' aria-hidden=\"true\"><div class='tab_inner_content invers-color'  itemprop=\"text\" ><p><span id=\"uxm_tab_pro_color\" class=\"uxm_tab_pro_color\"><\/span><span id=\"uxm_tab_pro_color_2\" class=\"uxm_tab_pro_color\"><\/span><span id=\"uxm_tab_pro_color_3\" class=\"uxm_tab_pro_color\"><\/span><span id=\"uxm_tab_pro_color_4\" class=\"uxm_tab_pro_color\"><\/span><span id=\"uxm_tab_pro_color_5\" class=\"uxm_tab_pro_color\"><\/span><span id=\"uxm_tab_pro_color_6\" class=\"uxm_tab_pro_color\"><\/span><span id=\"uxm_tab_pro_color_7\" class=\"uxm_tab_pro_color\"><\/span><\/p>\n<table style=\"height: 50px;\" width=\"1356\" cellspacing=\"0\" cellpadding=\"0\">\n<tbody>\n<tr>\n<td><strong>Standard Stock Sizes<\/strong><\/td>\n<td>50mmx50m<\/td>\n<\/tr>\n<tr>\n<\/tr>\n<\/tbody>\n<\/table>\n<\/div><\/div><\/section>\n<\/div><span data-mce-type=\"bookmark\" style=\"display: inline-block; width: 0px; overflow: hidden; line-height: 0;\" class=\"mce_SELRES_end\">\ufeff<\/span><\/p>\n","protected":false},"excerpt":{"rendered":"<p><strong>R\u00e9sistant \u00e0 l&#8217;eau et \u00e0 l&#8217;eau sal\u00e9e in situ &#8211; id\u00e9al pour \u00eatre utilis\u00e9 dans le cadre d&#8217;applications marines<\/strong><\/p>\n<div class=\"first_para_desc\"><\/div>\n<p>AT163 est un ruban en tissu argent\u00e9 extrud\u00e9 en poly\u00e9thyl\u00e8ne de haute qualit\u00e9 enduit d&#8217;un adh\u00e9sif caoutchouc-r\u00e9sine thermodurcissable et sensible \u00e0 la pression qui se traduit par une excellente r\u00e9sistance \u00e0 la chaleur, une r\u00e9sistance et une adh\u00e9rence \u00e9lev\u00e9e.<\/p>\n<p>Ce ruban adh\u00e9sif a un adh\u00e9sif thermodurcissable qui le rend utile comme indicateur de temp\u00e9rature car le thermodurcissement se produit \u00e0 une temp\u00e9rature sup\u00e9rieure \u00e0 +110\u00b0C. En dessous de cette temp\u00e9rature, il ne reste aucun r\u00e9sidu*.<\/p>\n<p>AT163 a une excellente r\u00e9sistance \u00e0 l&#8217;eau et \u00e0 l&#8217;eau sal\u00e9e. Ceci, combin\u00e9 \u00e0 sa bonne r\u00e9sistance \u00e0 l&#8217;abrasion, fait du ruban un choix id\u00e9al pour les applications marines offshore.<\/p>\n<p>Extr\u00eamement flexible et s&#8217;adaptera aux courbes et aux contours. Utilis\u00e9 pour sceller les joints dans les conduits d&#8217;air rigides utilis\u00e9s dans l&#8217;industrie du chauffage et de la ventilation et pour joindre et sceller des longueurs de conduits flexibles et pour joindre des mat\u00e9riaux d&#8217;isolation en polystyr\u00e8ne lisse, des feuilles de poly\u00e9thyl\u00e8ne, des joints et des \u0153illets de renforcement. Protection contre l&#8217;abrasion dans les b\u00e2timents gonflables en poly\u00e9thyl\u00e8ne.<\/p>\n<p><em>* Nous recommandons toujours aux utilisateurs de s&#8217;assurer que le produit convient \u00e0 une application particuli\u00e8re avant de l&#8217;utiliser.<\/em><\/p>\n<p>&nbsp;<\/p>\n","protected":false},"featured_media":2698,"template":"","meta":{"_acf_changed":false},"product_brand":[],"product_cat":[530,503,532,327],"product_tag":[328,329,330,331,334],"class_list":{"0":"post-5383","1":"product","2":"type-product","3":"status-publish","4":"has-post-thumbnail","6":"product_cat-agriculture-fr","7":"product_cat-stock-disponsible","8":"product_cat-stockatf-de-fr","9":"product_cat-toile","10":"product_tag-agriculture-fr","11":"product_tag-building-fr","12":"product_tag-entertainment-fr","13":"product_tag-industrial-consumables-fr","14":"product_tag-nuclear-fr","16":"first","17":"instock","18":"shipping-taxable","19":"product-type-simple"},"acf":[],"yoast_head":"<!-- This site is optimized with the Yoast SEO plugin v27.3 - https:\/\/yoast.com\/product\/yoast-seo-wordpress\/ -->\n<title>AT0163 Ruban Toile \u00c9tanche - Adh\u00e9sif Thermodurcissable - Advance Tapes<\/title>\n<meta name=\"robots\" content=\"index, follow, max-snippet:-1, max-image-preview:large, max-video-preview:-1\" \/>\n<link rel=\"canonical\" href=\"https:\/\/advancetapes.com\/fr\/products\/at163-ruban-toile-etanche-adhesif-thermodurcissable\/\" \/>\n<meta property=\"og:locale\" content=\"fr_FR\" \/>\n<meta property=\"og:type\" content=\"article\" \/>\n<meta property=\"og:title\" content=\"AT0163 Ruban Toile \u00c9tanche - Adh\u00e9sif Thermodurcissable - Advance Tapes\" \/>\n<meta property=\"og:description\" content=\"R\u00e9sistant \u00e0 l&#039;eau et \u00e0 l&#039;eau sal\u00e9e in situ - id\u00e9al pour \u00eatre utilis\u00e9 dans le cadre d&#039;applications marines  AT163 est un ruban en tissu argent\u00e9 extrud\u00e9 en poly\u00e9thyl\u00e8ne de haute qualit\u00e9 enduit d&#039;un adh\u00e9sif caoutchouc-r\u00e9sine thermodurcissable et sensible \u00e0 la pression qui se traduit par une excellente r\u00e9sistance \u00e0 la chaleur, une r\u00e9sistance et une adh\u00e9rence \u00e9lev\u00e9e.  Ce ruban adh\u00e9sif a un adh\u00e9sif thermodurcissable qui le rend utile comme indicateur de temp\u00e9rature car le thermodurcissement se produit \u00e0 une temp\u00e9rature sup\u00e9rieure \u00e0 +110\u00b0C. En dessous de cette temp\u00e9rature, il ne reste aucun r\u00e9sidu*.  AT163 a une excellente r\u00e9sistance \u00e0 l&#039;eau et \u00e0 l&#039;eau sal\u00e9e. Ceci, combin\u00e9 \u00e0 sa bonne r\u00e9sistance \u00e0 l&#039;abrasion, fait du ruban un choix id\u00e9al pour les applications marines offshore.  Extr\u00eamement flexible et s&#039;adaptera aux courbes et aux contours. Utilis\u00e9 pour sceller les joints dans les conduits d&#039;air rigides utilis\u00e9s dans l&#039;industrie du chauffage et de la ventilation et pour joindre et sceller des longueurs de conduits flexibles et pour joindre des mat\u00e9riaux d&#039;isolation en polystyr\u00e8ne lisse, des feuilles de poly\u00e9thyl\u00e8ne, des joints et des \u0153illets de renforcement. Protection contre l&#039;abrasion dans les b\u00e2timents gonflables en poly\u00e9thyl\u00e8ne.  * Nous recommandons toujours aux utilisateurs de s&#039;assurer que le produit convient \u00e0 une application particuli\u00e8re avant de l&#039;utiliser.  &nbsp;\" \/>\n<meta property=\"og:url\" content=\"https:\/\/advancetapes.com\/fr\/products\/at163-ruban-toile-etanche-adhesif-thermodurcissable\/\" \/>\n<meta property=\"og:site_name\" content=\"Advance Tapes\" \/>\n<meta property=\"article:modified_time\" content=\"2025-04-02T08:48:25+00:00\" \/>\n<meta property=\"og:image\" content=\"https:\/\/advancetapes.com\/wp-content\/uploads\/2021\/01\/Advance-Tapes_AT163_Silver.jpg\" \/>\n\t<meta property=\"og:image:width\" content=\"600\" \/>\n\t<meta property=\"og:image:height\" content=\"600\" \/>\n\t<meta property=\"og:image:type\" content=\"image\/jpeg\" \/>\n<meta name=\"twitter:card\" content=\"summary_large_image\" \/>\n<meta name=\"twitter:label1\" content=\"Est. reading time\" \/>\n\t<meta name=\"twitter:data1\" content=\"1 minute\" \/>\n<!-- \/ Yoast SEO plugin. -->","yoast_head_json":{"title":"AT0163 Ruban Toile \u00c9tanche - Adh\u00e9sif Thermodurcissable - Advance Tapes","robots":{"index":"index","follow":"follow","max-snippet":"max-snippet:-1","max-image-preview":"max-image-preview:large","max-video-preview":"max-video-preview:-1"},"canonical":"https:\/\/advancetapes.com\/fr\/products\/at163-ruban-toile-etanche-adhesif-thermodurcissable\/","og_locale":"fr_FR","og_type":"article","og_title":"AT0163 Ruban Toile \u00c9tanche - Adh\u00e9sif Thermodurcissable - Advance Tapes","og_description":"R\u00e9sistant \u00e0 l'eau et \u00e0 l'eau sal\u00e9e in situ - id\u00e9al pour \u00eatre utilis\u00e9 dans le cadre d'applications marines  AT163 est un ruban en tissu argent\u00e9 extrud\u00e9 en poly\u00e9thyl\u00e8ne de haute qualit\u00e9 enduit d'un adh\u00e9sif caoutchouc-r\u00e9sine thermodurcissable et sensible \u00e0 la pression qui se traduit par une excellente r\u00e9sistance \u00e0 la chaleur, une r\u00e9sistance et une adh\u00e9rence \u00e9lev\u00e9e.  Ce ruban adh\u00e9sif a un adh\u00e9sif thermodurcissable qui le rend utile comme indicateur de temp\u00e9rature car le thermodurcissement se produit \u00e0 une temp\u00e9rature sup\u00e9rieure \u00e0 +110\u00b0C. En dessous de cette temp\u00e9rature, il ne reste aucun r\u00e9sidu*.  AT163 a une excellente r\u00e9sistance \u00e0 l'eau et \u00e0 l'eau sal\u00e9e. Ceci, combin\u00e9 \u00e0 sa bonne r\u00e9sistance \u00e0 l'abrasion, fait du ruban un choix id\u00e9al pour les applications marines offshore.  Extr\u00eamement flexible et s'adaptera aux courbes et aux contours. Utilis\u00e9 pour sceller les joints dans les conduits d'air rigides utilis\u00e9s dans l'industrie du chauffage et de la ventilation et pour joindre et sceller des longueurs de conduits flexibles et pour joindre des mat\u00e9riaux d'isolation en polystyr\u00e8ne lisse, des feuilles de poly\u00e9thyl\u00e8ne, des joints et des \u0153illets de renforcement. Protection contre l'abrasion dans les b\u00e2timents gonflables en poly\u00e9thyl\u00e8ne.  * Nous recommandons toujours aux utilisateurs de s'assurer que le produit convient \u00e0 une application particuli\u00e8re avant de l'utiliser.  &nbsp;","og_url":"https:\/\/advancetapes.com\/fr\/products\/at163-ruban-toile-etanche-adhesif-thermodurcissable\/","og_site_name":"Advance Tapes","article_modified_time":"2025-04-02T08:48:25+00:00","og_image":[{"width":600,"height":600,"url":"https:\/\/advancetapes.com\/wp-content\/uploads\/2021\/01\/Advance-Tapes_AT163_Silver.jpg","type":"image\/jpeg"}],"twitter_card":"summary_large_image","twitter_misc":{"Est. reading time":"1 minute"},"schema":{"@context":"https:\/\/schema.org","@graph":[{"@type":"WebPage","@id":"https:\/\/advancetapes.com\/fr\/products\/at163-ruban-toile-etanche-adhesif-thermodurcissable\/","url":"https:\/\/advancetapes.com\/fr\/products\/at163-ruban-toile-etanche-adhesif-thermodurcissable\/","name":"AT0163 Ruban Toile \u00c9tanche - Adh\u00e9sif Thermodurcissable - Advance Tapes","isPartOf":{"@id":"https:\/\/advancetapes.com\/fr\/#website"},"primaryImageOfPage":{"@id":"https:\/\/advancetapes.com\/fr\/products\/at163-ruban-toile-etanche-adhesif-thermodurcissable\/#primaryimage"},"image":{"@id":"https:\/\/advancetapes.com\/fr\/products\/at163-ruban-toile-etanche-adhesif-thermodurcissable\/#primaryimage"},"thumbnailUrl":"https:\/\/advancetapes.com\/wp-content\/uploads\/2021\/01\/Advance-Tapes_AT163_Silver.jpg","datePublished":"2021-01-02T20:27:35+00:00","dateModified":"2025-04-02T08:48:25+00:00","breadcrumb":{"@id":"https:\/\/advancetapes.com\/fr\/products\/at163-ruban-toile-etanche-adhesif-thermodurcissable\/#breadcrumb"},"inLanguage":"fr-FR","potentialAction":[{"@type":"ReadAction","target":["https:\/\/advancetapes.com\/fr\/products\/at163-ruban-toile-etanche-adhesif-thermodurcissable\/"]}]},{"@type":"ImageObject","inLanguage":"fr-FR","@id":"https:\/\/advancetapes.com\/fr\/products\/at163-ruban-toile-etanche-adhesif-thermodurcissable\/#primaryimage","url":"https:\/\/advancetapes.com\/wp-content\/uploads\/2021\/01\/Advance-Tapes_AT163_Silver.jpg","contentUrl":"https:\/\/advancetapes.com\/wp-content\/uploads\/2021\/01\/Advance-Tapes_AT163_Silver.jpg","width":600,"height":600,"caption":"All Weather Duct Tape"},{"@type":"BreadcrumbList","@id":"https:\/\/advancetapes.com\/fr\/products\/at163-ruban-toile-etanche-adhesif-thermodurcissable\/#breadcrumb","itemListElement":[{"@type":"ListItem","position":1,"name":"Home","item":"https:\/\/advancetapes.com\/fr\/"},{"@type":"ListItem","position":2,"name":"Products","item":"https:\/\/advancetapes.com\/fr\/products\/"},{"@type":"ListItem","position":3,"name":"AT0163 Ruban Toile \u00c9tanche &#8211; Adh\u00e9sif Thermodurcissable"}]},{"@type":"WebSite","@id":"https:\/\/advancetapes.com\/fr\/#website","url":"https:\/\/advancetapes.com\/fr\/","name":"Advance Tapes","description":"Adding more to adhesive tape","potentialAction":[{"@type":"SearchAction","target":{"@type":"EntryPoint","urlTemplate":"https:\/\/advancetapes.com\/fr\/?s={search_term_string}"},"query-input":{"@type":"PropertyValueSpecification","valueRequired":true,"valueName":"search_term_string"}}],"inLanguage":"fr-FR"}]}},"_links":{"self":[{"href":"https:\/\/advancetapes.com\/fr\/wp-json\/wp\/v2\/product\/5383","targetHints":{"allow":["GET"]}}],"collection":[{"href":"https:\/\/advancetapes.com\/fr\/wp-json\/wp\/v2\/product"}],"about":[{"href":"https:\/\/advancetapes.com\/fr\/wp-json\/wp\/v2\/types\/product"}],"wp:featuredmedia":[{"embeddable":true,"href":"https:\/\/advancetapes.com\/fr\/wp-json\/wp\/v2\/media\/2698"}],"wp:attachment":[{"href":"https:\/\/advancetapes.com\/fr\/wp-json\/wp\/v2\/media?parent=5383"}],"wp:term":[{"taxonomy":"product_brand","embeddable":true,"href":"https:\/\/advancetapes.com\/fr\/wp-json\/wp\/v2\/product_brand?post=5383"},{"taxonomy":"product_cat","embeddable":true,"href":"https:\/\/advancetapes.com\/fr\/wp-json\/wp\/v2\/product_cat?post=5383"},{"taxonomy":"product_tag","embeddable":true,"href":"https:\/\/advancetapes.com\/fr\/wp-json\/wp\/v2\/product_tag?post=5383"}],"curies":[{"name":"wp","href":"https:\/\/api.w.org\/{rel}","templated":true}]}}